{"id":4808,"date":"2022-02-20T16:17:53","date_gmt":"2022-02-20T16:17:53","guid":{"rendered":"https:\/\/medicinasinc.com\/se\/?post_type=product&#038;p=4808"},"modified":"2022-07-04T00:06:14","modified_gmt":"2022-07-04T00:06:14","slug":"buy-1p-lsd-100mcg-blotters","status":"publish","type":"product","link":"https:\/\/medicinasinc.com\/se\/product\/buy-1p-lsd-100mcg-blotters\/","title":{"rendered":"K\u00f6p 1P-LSD 100mcg Blotters"},"content":{"rendered":"<p>K\u00f6p 1P-LSD 100mcg Blotters till rabatterat pris online.<\/p>\n<p>L.S.D. \u00e4r en \u00f6verv\u00e4gande Indica-stam som har f\u00e5tt sitt namn efter ett extremt hallucinogent l\u00e4kemedel p\u00e5 grund av stammens extremt hallucinogena och cerebrala h\u00f6ga. P\u00e5frestningen b\u00f6rjar med en energisk k\u00e4nsla av gl\u00e4dje som har potentialen att grumla sinnet och l\u00e4mna n\u00e5gra kunder helt f\u00f6rvirrade och &#8221;intellektuellt fast.&#8221; Trots stark cerebral stimulering rapporterar vissa klienter att de k\u00e4nner sig mer innovativa eller sociala efter att ha anv\u00e4nt L.S.D.<\/p>\n<p>K\u00f6p 1P-LSD 100mcg Blotters online till ett rabatterat pris.<\/p>\n<p>Denna niv\u00e5 av mental stimulering \u00e4r extremt ovanlig f\u00f6r en Indica. Som man kan f\u00f6rv\u00e4nta sig av en Indica-h\u00e4rledd substans, L.S.D. har ocks\u00e5 typiska Indica-h\u00e4rledda kroppseffekter. Klienter m\u00e4rker ofta den revolutionerande kroppens desensibiliserande effekten en till tv\u00e5 timmar efter intag, n\u00e4r huvuddelen av den cerebrala effekten har f\u00f6rsvunnit. De skadliga effekterna kan inkludera bomullsmun, torra \u00f6gon, d\u00e5sighet, huvudv\u00e4rk och mild misstro.<\/p>\n<p>F\u00f6r majoriteten kan denna stam anv\u00e4ndas n\u00e4r som helst p\u00e5 dygnet f\u00f6r att lindra mild till sv\u00e5r p\u00e5g\u00e5ende pulserande sm\u00e4rta. LSD ordineras ofta f\u00f6r att hj\u00e4lpa till att hantera tryck, oro eller el\u00e4nde. Dessutom anv\u00e4nder patienter stammen f\u00f6r att behandla s\u00f6mnl\u00f6shet, och ett f\u00e5tal anv\u00e4nder den f\u00f6r att bek\u00e4mpa huvudv\u00e4rk.<\/p>\n<p>L.S.D. \u00e4r en korsning mellan en Mazar och ett extremt gammalt skunksortiment, Skunk #1, skapat av Barney&#8217;s Farm. \u00c4ven om denna stam inte rekommenderas f\u00f6r nya producenter, \u00e4r den extremt l\u00e4tt att odla p\u00e5 grund av dess motst\u00e5ndskraft mot m\u00e5nga infektioner och f\u00f6rm\u00e5ga att odlas b\u00e5de utomhus och inomhus. Med en blomningstid p\u00e5 mellan 65 och 78 dagar har L.S.D. kan producera upp till 650 gram per kvadratmeter. Ibland \u00f6verstiger den 60 centimeter l\u00e5ng, slutar stammen vanligtvis i april p\u00e5 s\u00f6dra ekvatorn och oktober p\u00e5 den norra. Denna stam har en THC-halt p\u00e5 upp till 24 %.<\/p>\n","protected":false},"excerpt":{"rendered":"<p>Var kan jag k\u00f6pa 1P-LSD blotters? De b\u00e4sta forskningskemikalierna p\u00e5 marknaden &#8211; Snabb leverans! K\u00f6p 1P-LSD Blotters via Bitcoin, bank\u00f6verf\u00f6ring och andra metoder.<\/p>\n","protected":false},"featured_media":4821,"comment_status":"open","ping_status":"closed","template":"","meta":[],"product_brand":[],"product_cat":[703],"product_tag":[],"class_list":{"0":"post-4808","1":"product","2":"type-product","3":"status-publish","4":"has-post-thumbnail","6":"product_cat-kop-psykedeliska-droger","8":"first","9":"instock","10":"shipping-taxable","11":"purchasable","12":"product-type-variable","13":"has-default-attributes"},"yoast_head":"<!-- This site is optimized with the Yoast SEO plugin v27.3 - https:\/\/yoast.com\/product\/yoast-seo-wordpress\/ -->\n<title>K\u00f6p 1P-LSD Billiga 100mcg Blotters - Best Global Meds<\/title>\n<meta name=\"description\" content=\"Best\u00e4lla 1P-LSD Blotters? De b\u00e4sta forskningskemikalierna - snabb leverans! K\u00f6p 1P-LSD Blotters med Bitcoin, bank\u00f6verf\u00f6ring och mer.\" \/>\n<meta name=\"robots\" content=\"index, follow, max-snippet:-1, max-image-preview:large, max-video-preview:-1\" \/>\n<link rel=\"canonical\" href=\"https:\/\/medicinasinc.com\/se\/product\/buy-1p-lsd-100mcg-blotters\/\" \/>\n<meta property=\"og:locale\" content=\"sv_SE\" \/>\n<meta property=\"og:type\" content=\"article\" \/>\n<meta property=\"og:title\" content=\"K\u00f6p 1P-LSD Billiga 100mcg Blotters - Best Global Meds\" \/>\n<meta property=\"og:description\" content=\"Best\u00e4lla 1P-LSD Blotters? De b\u00e4sta forskningskemikalierna - snabb leverans! K\u00f6p 1P-LSD Blotters med Bitcoin, bank\u00f6verf\u00f6ring och mer.\" \/>\n<meta property=\"og:url\" content=\"https:\/\/medicinasinc.com\/se\/product\/buy-1p-lsd-100mcg-blotters\/\" \/>\n<meta property=\"og:site_name\" content=\"Medicinas Inc\" \/>\n<meta property=\"article:modified_time\" content=\"2022-07-04T00:06:14+00:00\" \/>\n<meta property=\"og:image\" content=\"https:\/\/medicinasinc.com\/se\/wp-content\/uploads\/sites\/16\/2022\/02\/Buy-1P-LSD-100mcg-Blotters-cheap-online.jpg\" \/>\n\t<meta property=\"og:image:width\" content=\"600\" \/>\n\t<meta property=\"og:image:height\" content=\"600\" \/>\n\t<meta property=\"og:image:type\" content=\"image\/jpeg\" \/>\n<meta name=\"twitter:card\" content=\"summary_large_image\" \/>\n<meta name=\"twitter:label1\" content=\"Ber\u00e4knad l\u00e4stid\" \/>\n\t<meta name=\"twitter:data1\" content=\"2 minuter\" \/>\n<script type=\"application\/ld+json\" class=\"yoast-schema-graph\">{\"@context\":\"https:\\\/\\\/schema.org\",\"@graph\":[{\"@type\":\"WebPage\",\"@id\":\"https:\\\/\\\/medicinasinc.com\\\/se\\\/product\\\/buy-1p-lsd-100mcg-blotters\\\/\",\"url\":\"https:\\\/\\\/medicinasinc.com\\\/se\\\/product\\\/buy-1p-lsd-100mcg-blotters\\\/\",\"name\":\"K\u00f6p 1P-LSD Billiga 100mcg Blotters - Best Global Meds\",\"isPartOf\":{\"@id\":\"https:\\\/\\\/medicinasinc.com\\\/se\\\/#website\"},\"primaryImageOfPage\":{\"@id\":\"https:\\\/\\\/medicinasinc.com\\\/se\\\/product\\\/buy-1p-lsd-100mcg-blotters\\\/#primaryimage\"},\"image\":{\"@id\":\"https:\\\/\\\/medicinasinc.com\\\/se\\\/product\\\/buy-1p-lsd-100mcg-blotters\\\/#primaryimage\"},\"thumbnailUrl\":\"https:\\\/\\\/medicinasinc.com\\\/se\\\/wp-content\\\/uploads\\\/sites\\\/16\\\/2022\\\/02\\\/Buy-1P-LSD-100mcg-Blotters-cheap-online.jpg\",\"datePublished\":\"2022-02-20T16:17:53+00:00\",\"dateModified\":\"2022-07-04T00:06:14+00:00\",\"description\":\"Best\u00e4lla 1P-LSD Blotters? De b\u00e4sta forskningskemikalierna - snabb leverans! K\u00f6p 1P-LSD Blotters med Bitcoin, bank\u00f6verf\u00f6ring och mer.\",\"breadcrumb\":{\"@id\":\"https:\\\/\\\/medicinasinc.com\\\/se\\\/product\\\/buy-1p-lsd-100mcg-blotters\\\/#breadcrumb\"},\"inLanguage\":\"sv-SE\",\"potentialAction\":[{\"@type\":\"ReadAction\",\"target\":[\"https:\\\/\\\/medicinasinc.com\\\/se\\\/product\\\/buy-1p-lsd-100mcg-blotters\\\/\"]}]},{\"@type\":\"ImageObject\",\"inLanguage\":\"sv-SE\",\"@id\":\"https:\\\/\\\/medicinasinc.com\\\/se\\\/product\\\/buy-1p-lsd-100mcg-blotters\\\/#primaryimage\",\"url\":\"https:\\\/\\\/medicinasinc.com\\\/se\\\/wp-content\\\/uploads\\\/sites\\\/16\\\/2022\\\/02\\\/Buy-1P-LSD-100mcg-Blotters-cheap-online.jpg\",\"contentUrl\":\"https:\\\/\\\/medicinasinc.com\\\/se\\\/wp-content\\\/uploads\\\/sites\\\/16\\\/2022\\\/02\\\/Buy-1P-LSD-100mcg-Blotters-cheap-online.jpg\",\"width\":600,\"height\":600},{\"@type\":\"BreadcrumbList\",\"@id\":\"https:\\\/\\\/medicinasinc.com\\\/se\\\/product\\\/buy-1p-lsd-100mcg-blotters\\\/#breadcrumb\",\"itemListElement\":[{\"@type\":\"ListItem\",\"position\":1,\"name\":\"aff\u00e4r\",\"item\":\"https:\\\/\\\/medicinasinc.com\\\/se\\\/affar\\\/\"},{\"@type\":\"ListItem\",\"position\":2,\"name\":\"K\u00f6p 1P-LSD 100mcg Blotters\"}]},{\"@type\":\"WebSite\",\"@id\":\"https:\\\/\\\/medicinasinc.com\\\/se\\\/#website\",\"url\":\"https:\\\/\\\/medicinasinc.com\\\/se\\\/\",\"name\":\"Medicinas Inc\",\"description\":\"Health Medical Clinic\",\"potentialAction\":[{\"@type\":\"SearchAction\",\"target\":{\"@type\":\"EntryPoint\",\"urlTemplate\":\"https:\\\/\\\/medicinasinc.com\\\/se\\\/?s={search_term_string}\"},\"query-input\":{\"@type\":\"PropertyValueSpecification\",\"valueRequired\":true,\"valueName\":\"search_term_string\"}}],\"inLanguage\":\"sv-SE\"}]}<\/script>\n<!-- \/ Yoast SEO plugin. -->","yoast_head_json":{"title":"K\u00f6p 1P-LSD Billiga 100mcg Blotters - Best Global Meds","description":"Best\u00e4lla 1P-LSD Blotters? De b\u00e4sta forskningskemikalierna - snabb leverans! K\u00f6p 1P-LSD Blotters med Bitcoin, bank\u00f6verf\u00f6ring och mer.","robots":{"index":"index","follow":"follow","max-snippet":"max-snippet:-1","max-image-preview":"max-image-preview:large","max-video-preview":"max-video-preview:-1"},"canonical":"https:\/\/medicinasinc.com\/se\/product\/buy-1p-lsd-100mcg-blotters\/","og_locale":"sv_SE","og_type":"article","og_title":"K\u00f6p 1P-LSD Billiga 100mcg Blotters - Best Global Meds","og_description":"Best\u00e4lla 1P-LSD Blotters? De b\u00e4sta forskningskemikalierna - snabb leverans! K\u00f6p 1P-LSD Blotters med Bitcoin, bank\u00f6verf\u00f6ring och mer.","og_url":"https:\/\/medicinasinc.com\/se\/product\/buy-1p-lsd-100mcg-blotters\/","og_site_name":"Medicinas Inc","article_modified_time":"2022-07-04T00:06:14+00:00","og_image":[{"width":600,"height":600,"url":"https:\/\/medicinasinc.com\/se\/wp-content\/uploads\/sites\/16\/2022\/02\/Buy-1P-LSD-100mcg-Blotters-cheap-online.jpg","type":"image\/jpeg"}],"twitter_card":"summary_large_image","twitter_misc":{"Ber\u00e4knad l\u00e4stid":"2 minuter"},"schema":{"@context":"https:\/\/schema.org","@graph":[{"@type":"WebPage","@id":"https:\/\/medicinasinc.com\/se\/product\/buy-1p-lsd-100mcg-blotters\/","url":"https:\/\/medicinasinc.com\/se\/product\/buy-1p-lsd-100mcg-blotters\/","name":"K\u00f6p 1P-LSD Billiga 100mcg Blotters - Best Global Meds","isPartOf":{"@id":"https:\/\/medicinasinc.com\/se\/#website"},"primaryImageOfPage":{"@id":"https:\/\/medicinasinc.com\/se\/product\/buy-1p-lsd-100mcg-blotters\/#primaryimage"},"image":{"@id":"https:\/\/medicinasinc.com\/se\/product\/buy-1p-lsd-100mcg-blotters\/#primaryimage"},"thumbnailUrl":"https:\/\/medicinasinc.com\/se\/wp-content\/uploads\/sites\/16\/2022\/02\/Buy-1P-LSD-100mcg-Blotters-cheap-online.jpg","datePublished":"2022-02-20T16:17:53+00:00","dateModified":"2022-07-04T00:06:14+00:00","description":"Best\u00e4lla 1P-LSD Blotters? De b\u00e4sta forskningskemikalierna - snabb leverans! K\u00f6p 1P-LSD Blotters med Bitcoin, bank\u00f6verf\u00f6ring och mer.","breadcrumb":{"@id":"https:\/\/medicinasinc.com\/se\/product\/buy-1p-lsd-100mcg-blotters\/#breadcrumb"},"inLanguage":"sv-SE","potentialAction":[{"@type":"ReadAction","target":["https:\/\/medicinasinc.com\/se\/product\/buy-1p-lsd-100mcg-blotters\/"]}]},{"@type":"ImageObject","inLanguage":"sv-SE","@id":"https:\/\/medicinasinc.com\/se\/product\/buy-1p-lsd-100mcg-blotters\/#primaryimage","url":"https:\/\/medicinasinc.com\/se\/wp-content\/uploads\/sites\/16\/2022\/02\/Buy-1P-LSD-100mcg-Blotters-cheap-online.jpg","contentUrl":"https:\/\/medicinasinc.com\/se\/wp-content\/uploads\/sites\/16\/2022\/02\/Buy-1P-LSD-100mcg-Blotters-cheap-online.jpg","width":600,"height":600},{"@type":"BreadcrumbList","@id":"https:\/\/medicinasinc.com\/se\/product\/buy-1p-lsd-100mcg-blotters\/#breadcrumb","itemListElement":[{"@type":"ListItem","position":1,"name":"aff\u00e4r","item":"https:\/\/medicinasinc.com\/se\/affar\/"},{"@type":"ListItem","position":2,"name":"K\u00f6p 1P-LSD 100mcg Blotters"}]},{"@type":"WebSite","@id":"https:\/\/medicinasinc.com\/se\/#website","url":"https:\/\/medicinasinc.com\/se\/","name":"Medicinas Inc","description":"Health Medical Clinic","potentialAction":[{"@type":"SearchAction","target":{"@type":"EntryPoint","urlTemplate":"https:\/\/medicinasinc.com\/se\/?s={search_term_string}"},"query-input":{"@type":"PropertyValueSpecification","valueRequired":true,"valueName":"search_term_string"}}],"inLanguage":"sv-SE"}]}},"_links":{"self":[{"href":"https:\/\/medicinasinc.com\/se\/wp-json\/wp\/v2\/product\/4808","targetHints":{"allow":["GET"]}}],"collection":[{"href":"https:\/\/medicinasinc.com\/se\/wp-json\/wp\/v2\/product"}],"about":[{"href":"https:\/\/medicinasinc.com\/se\/wp-json\/wp\/v2\/types\/product"}],"replies":[{"embeddable":true,"href":"https:\/\/medicinasinc.com\/se\/wp-json\/wp\/v2\/comments?post=4808"}],"wp:featuredmedia":[{"embeddable":true,"href":"https:\/\/medicinasinc.com\/se\/wp-json\/wp\/v2\/media\/4821"}],"wp:attachment":[{"href":"https:\/\/medicinasinc.com\/se\/wp-json\/wp\/v2\/media?parent=4808"}],"wp:term":[{"taxonomy":"product_brand","embeddable":true,"href":"https:\/\/medicinasinc.com\/se\/wp-json\/wp\/v2\/product_brand?post=4808"},{"taxonomy":"product_cat","embeddable":true,"href":"https:\/\/medicinasinc.com\/se\/wp-json\/wp\/v2\/product_cat?post=4808"},{"taxonomy":"product_tag","embeddable":true,"href":"https:\/\/medicinasinc.com\/se\/wp-json\/wp\/v2\/product_tag?post=4808"}],"curies":[{"name":"wp","href":"https:\/\/api.w.org\/{rel}","templated":true}]}}