{"id":4796,"date":"2022-02-20T16:07:08","date_gmt":"2022-02-20T16:07:08","guid":{"rendered":"https:\/\/medicinasinc.com\/se\/?post_type=product&#038;p=4796"},"modified":"2022-07-04T00:06:23","modified_gmt":"2022-07-04T00:06:23","slug":"kop-maui-wowie-budder-oversta-hyllan","status":"publish","type":"product","link":"https:\/\/medicinasinc.com\/se\/product\/kop-maui-wowie-budder-oversta-hyllan\/","title":{"rendered":"K\u00f6p Maui Wowie Budder \u2013 \u00f6versta hyllan"},"content":{"rendered":"<p>K\u00f6p Maui Wowie Budder \u2013 Premium<\/p>\n<p>Maui Wowie \u00e4r en Sativa-dominerande stam som har sitt ursprung i den b\u00f6rdiga vulkaniska jorden p\u00e5 Hawaii\u00f6arna. En lugnande Sativa som f\u00e5r dig att dagdr\u00f6mma om Hawaiis tropiska sandstr\u00e4nder och f\u00e4rska, saftiga ananas. En konn\u00e4ss\u00f6rfavorit f\u00f6r sina intensivt s\u00f6ta ananasaromer och energigivande eufori. Denna stam har visat sig stimulera kreativt fl\u00f6de, vilket g\u00f6r att sinnet kan vandra fritt och fridfullt \u2013 vilket g\u00f6r den idealisk f\u00f6r anv\u00e4ndning p\u00e5 morgonen\/dagtid. Maui Waui \u00e4r ganska effektivt f\u00f6r att behandla tillst\u00e5nd som stress, \u00e5ngest och depression i kombination med \u00f6kat fokus och en allm\u00e4n f\u00f6rb\u00e4ttring av hum\u00f6ret.<\/p>\n","protected":false},"excerpt":{"rendered":"<p>K\u00f6p Maui Wowie Budder \u2013 Premium<\/p>\n<ul>\n<li>V\u00e4rldsomsp\u00e4nnande frakt<\/li>\n<li><strong>Betyg: AAAAA<\/strong><\/li>\n<li>Minsta best\u00e4llningskvantitet \u00e4r <strong>3<\/strong><\/li>\n<li><strong>Kontakta oss<\/strong>\u00a0f\u00f6r st\u00f6rre best\u00e4llningar<\/li>\n<\/ul>\n","protected":false},"featured_media":4809,"comment_status":"open","ping_status":"closed","template":"","meta":[],"product_brand":[],"product_cat":[702],"product_tag":[],"class_list":{"0":"post-4796","1":"product","2":"type-product","3":"status-publish","4":"has-post-thumbnail","6":"product_cat-kop-cannabisvax","8":"first","9":"instock","10":"shipping-taxable","11":"purchasable","12":"product-type-variable","13":"has-default-attributes"},"yoast_head":"<!-- This site is optimized with the Yoast SEO plugin v27.3 - https:\/\/yoast.com\/product\/yoast-seo-wordpress\/ -->\n<title>K\u00f6p Maui Wowie Budder \u2013 \u00f6versta hyllan - Medicinas Inc<\/title>\n<meta name=\"description\" content=\"K\u00f6p Maui Wowie Budder \u2013 Premium\" \/>\n<meta name=\"robots\" content=\"index, follow, max-snippet:-1, max-image-preview:large, max-video-preview:-1\" \/>\n<link rel=\"canonical\" href=\"https:\/\/medicinasinc.com\/se\/product\/kop-maui-wowie-budder-oversta-hyllan\/\" \/>\n<meta property=\"og:locale\" content=\"sv_SE\" \/>\n<meta property=\"og:type\" content=\"article\" \/>\n<meta property=\"og:title\" content=\"K\u00f6p Maui Wowie Budder \u2013 \u00f6versta hyllan - Medicinas Inc\" \/>\n<meta property=\"og:description\" content=\"K\u00f6p Maui Wowie Budder \u2013 Premium\" \/>\n<meta property=\"og:url\" content=\"https:\/\/medicinasinc.com\/se\/product\/kop-maui-wowie-budder-oversta-hyllan\/\" \/>\n<meta property=\"og:site_name\" content=\"Medicinas Inc\" \/>\n<meta property=\"article:modified_time\" content=\"2022-07-04T00:06:23+00:00\" \/>\n<meta property=\"og:image\" content=\"https:\/\/medicinasinc.com\/se\/wp-content\/uploads\/sites\/16\/2022\/02\/Buy-Maui-Wowie-Budder.jpg\" \/>\n\t<meta property=\"og:image:width\" content=\"600\" \/>\n\t<meta property=\"og:image:height\" content=\"600\" \/>\n\t<meta property=\"og:image:type\" content=\"image\/jpeg\" \/>\n<meta name=\"twitter:card\" content=\"summary_large_image\" \/>\n<meta name=\"twitter:label1\" content=\"Ber\u00e4knad l\u00e4stid\" \/>\n\t<meta name=\"twitter:data1\" content=\"1 minut\" \/>\n<script type=\"application\/ld+json\" class=\"yoast-schema-graph\">{\"@context\":\"https:\\\/\\\/schema.org\",\"@graph\":[{\"@type\":\"WebPage\",\"@id\":\"https:\\\/\\\/medicinasinc.com\\\/se\\\/product\\\/kop-maui-wowie-budder-oversta-hyllan\\\/\",\"url\":\"https:\\\/\\\/medicinasinc.com\\\/se\\\/product\\\/kop-maui-wowie-budder-oversta-hyllan\\\/\",\"name\":\"K\u00f6p Maui Wowie Budder \u2013 \u00f6versta hyllan - Medicinas Inc\",\"isPartOf\":{\"@id\":\"https:\\\/\\\/medicinasinc.com\\\/se\\\/#website\"},\"primaryImageOfPage\":{\"@id\":\"https:\\\/\\\/medicinasinc.com\\\/se\\\/product\\\/kop-maui-wowie-budder-oversta-hyllan\\\/#primaryimage\"},\"image\":{\"@id\":\"https:\\\/\\\/medicinasinc.com\\\/se\\\/product\\\/kop-maui-wowie-budder-oversta-hyllan\\\/#primaryimage\"},\"thumbnailUrl\":\"https:\\\/\\\/medicinasinc.com\\\/se\\\/wp-content\\\/uploads\\\/sites\\\/16\\\/2022\\\/02\\\/Buy-Maui-Wowie-Budder.jpg\",\"datePublished\":\"2022-02-20T16:07:08+00:00\",\"dateModified\":\"2022-07-04T00:06:23+00:00\",\"description\":\"K\u00f6p Maui Wowie Budder \u2013 Premium\",\"breadcrumb\":{\"@id\":\"https:\\\/\\\/medicinasinc.com\\\/se\\\/product\\\/kop-maui-wowie-budder-oversta-hyllan\\\/#breadcrumb\"},\"inLanguage\":\"sv-SE\",\"potentialAction\":[{\"@type\":\"ReadAction\",\"target\":[\"https:\\\/\\\/medicinasinc.com\\\/se\\\/product\\\/kop-maui-wowie-budder-oversta-hyllan\\\/\"]}]},{\"@type\":\"ImageObject\",\"inLanguage\":\"sv-SE\",\"@id\":\"https:\\\/\\\/medicinasinc.com\\\/se\\\/product\\\/kop-maui-wowie-budder-oversta-hyllan\\\/#primaryimage\",\"url\":\"https:\\\/\\\/medicinasinc.com\\\/se\\\/wp-content\\\/uploads\\\/sites\\\/16\\\/2022\\\/02\\\/Buy-Maui-Wowie-Budder.jpg\",\"contentUrl\":\"https:\\\/\\\/medicinasinc.com\\\/se\\\/wp-content\\\/uploads\\\/sites\\\/16\\\/2022\\\/02\\\/Buy-Maui-Wowie-Budder.jpg\",\"width\":600,\"height\":600},{\"@type\":\"BreadcrumbList\",\"@id\":\"https:\\\/\\\/medicinasinc.com\\\/se\\\/product\\\/kop-maui-wowie-budder-oversta-hyllan\\\/#breadcrumb\",\"itemListElement\":[{\"@type\":\"ListItem\",\"position\":1,\"name\":\"aff\u00e4r\",\"item\":\"https:\\\/\\\/medicinasinc.com\\\/se\\\/affar\\\/\"},{\"@type\":\"ListItem\",\"position\":2,\"name\":\"K\u00f6p Maui Wowie Budder \u2013 \u00f6versta hyllan\"}]},{\"@type\":\"WebSite\",\"@id\":\"https:\\\/\\\/medicinasinc.com\\\/se\\\/#website\",\"url\":\"https:\\\/\\\/medicinasinc.com\\\/se\\\/\",\"name\":\"Medicinas Inc\",\"description\":\"Health Medical Clinic\",\"potentialAction\":[{\"@type\":\"SearchAction\",\"target\":{\"@type\":\"EntryPoint\",\"urlTemplate\":\"https:\\\/\\\/medicinasinc.com\\\/se\\\/?s={search_term_string}\"},\"query-input\":{\"@type\":\"PropertyValueSpecification\",\"valueRequired\":true,\"valueName\":\"search_term_string\"}}],\"inLanguage\":\"sv-SE\"}]}<\/script>\n<!-- \/ Yoast SEO plugin. -->","yoast_head_json":{"title":"K\u00f6p Maui Wowie Budder \u2013 \u00f6versta hyllan - Medicinas Inc","description":"K\u00f6p Maui Wowie Budder \u2013 Premium","robots":{"index":"index","follow":"follow","max-snippet":"max-snippet:-1","max-image-preview":"max-image-preview:large","max-video-preview":"max-video-preview:-1"},"canonical":"https:\/\/medicinasinc.com\/se\/product\/kop-maui-wowie-budder-oversta-hyllan\/","og_locale":"sv_SE","og_type":"article","og_title":"K\u00f6p Maui Wowie Budder \u2013 \u00f6versta hyllan - Medicinas Inc","og_description":"K\u00f6p Maui Wowie Budder \u2013 Premium","og_url":"https:\/\/medicinasinc.com\/se\/product\/kop-maui-wowie-budder-oversta-hyllan\/","og_site_name":"Medicinas Inc","article_modified_time":"2022-07-04T00:06:23+00:00","og_image":[{"width":600,"height":600,"url":"https:\/\/medicinasinc.com\/se\/wp-content\/uploads\/sites\/16\/2022\/02\/Buy-Maui-Wowie-Budder.jpg","type":"image\/jpeg"}],"twitter_card":"summary_large_image","twitter_misc":{"Ber\u00e4knad l\u00e4stid":"1 minut"},"schema":{"@context":"https:\/\/schema.org","@graph":[{"@type":"WebPage","@id":"https:\/\/medicinasinc.com\/se\/product\/kop-maui-wowie-budder-oversta-hyllan\/","url":"https:\/\/medicinasinc.com\/se\/product\/kop-maui-wowie-budder-oversta-hyllan\/","name":"K\u00f6p Maui Wowie Budder \u2013 \u00f6versta hyllan - Medicinas Inc","isPartOf":{"@id":"https:\/\/medicinasinc.com\/se\/#website"},"primaryImageOfPage":{"@id":"https:\/\/medicinasinc.com\/se\/product\/kop-maui-wowie-budder-oversta-hyllan\/#primaryimage"},"image":{"@id":"https:\/\/medicinasinc.com\/se\/product\/kop-maui-wowie-budder-oversta-hyllan\/#primaryimage"},"thumbnailUrl":"https:\/\/medicinasinc.com\/se\/wp-content\/uploads\/sites\/16\/2022\/02\/Buy-Maui-Wowie-Budder.jpg","datePublished":"2022-02-20T16:07:08+00:00","dateModified":"2022-07-04T00:06:23+00:00","description":"K\u00f6p Maui Wowie Budder \u2013 Premium","breadcrumb":{"@id":"https:\/\/medicinasinc.com\/se\/product\/kop-maui-wowie-budder-oversta-hyllan\/#breadcrumb"},"inLanguage":"sv-SE","potentialAction":[{"@type":"ReadAction","target":["https:\/\/medicinasinc.com\/se\/product\/kop-maui-wowie-budder-oversta-hyllan\/"]}]},{"@type":"ImageObject","inLanguage":"sv-SE","@id":"https:\/\/medicinasinc.com\/se\/product\/kop-maui-wowie-budder-oversta-hyllan\/#primaryimage","url":"https:\/\/medicinasinc.com\/se\/wp-content\/uploads\/sites\/16\/2022\/02\/Buy-Maui-Wowie-Budder.jpg","contentUrl":"https:\/\/medicinasinc.com\/se\/wp-content\/uploads\/sites\/16\/2022\/02\/Buy-Maui-Wowie-Budder.jpg","width":600,"height":600},{"@type":"BreadcrumbList","@id":"https:\/\/medicinasinc.com\/se\/product\/kop-maui-wowie-budder-oversta-hyllan\/#breadcrumb","itemListElement":[{"@type":"ListItem","position":1,"name":"aff\u00e4r","item":"https:\/\/medicinasinc.com\/se\/affar\/"},{"@type":"ListItem","position":2,"name":"K\u00f6p Maui Wowie Budder \u2013 \u00f6versta hyllan"}]},{"@type":"WebSite","@id":"https:\/\/medicinasinc.com\/se\/#website","url":"https:\/\/medicinasinc.com\/se\/","name":"Medicinas Inc","description":"Health Medical Clinic","potentialAction":[{"@type":"SearchAction","target":{"@type":"EntryPoint","urlTemplate":"https:\/\/medicinasinc.com\/se\/?s={search_term_string}"},"query-input":{"@type":"PropertyValueSpecification","valueRequired":true,"valueName":"search_term_string"}}],"inLanguage":"sv-SE"}]}},"_links":{"self":[{"href":"https:\/\/medicinasinc.com\/se\/wp-json\/wp\/v2\/product\/4796","targetHints":{"allow":["GET"]}}],"collection":[{"href":"https:\/\/medicinasinc.com\/se\/wp-json\/wp\/v2\/product"}],"about":[{"href":"https:\/\/medicinasinc.com\/se\/wp-json\/wp\/v2\/types\/product"}],"replies":[{"embeddable":true,"href":"https:\/\/medicinasinc.com\/se\/wp-json\/wp\/v2\/comments?post=4796"}],"wp:featuredmedia":[{"embeddable":true,"href":"https:\/\/medicinasinc.com\/se\/wp-json\/wp\/v2\/media\/4809"}],"wp:attachment":[{"href":"https:\/\/medicinasinc.com\/se\/wp-json\/wp\/v2\/media?parent=4796"}],"wp:term":[{"taxonomy":"product_brand","embeddable":true,"href":"https:\/\/medicinasinc.com\/se\/wp-json\/wp\/v2\/product_brand?post=4796"},{"taxonomy":"product_cat","embeddable":true,"href":"https:\/\/medicinasinc.com\/se\/wp-json\/wp\/v2\/product_cat?post=4796"},{"taxonomy":"product_tag","embeddable":true,"href":"https:\/\/medicinasinc.com\/se\/wp-json\/wp\/v2\/product_tag?post=4796"}],"curies":[{"name":"wp","href":"https:\/\/api.w.org\/{rel}","templated":true}]}}