{"id":4794,"date":"2022-02-20T16:06:08","date_gmt":"2022-02-20T16:06:08","guid":{"rendered":"https:\/\/medicinasinc.com\/se\/?post_type=product&#038;p=4794"},"modified":"2022-07-04T00:06:35","modified_gmt":"2022-07-04T00:06:35","slug":"kop-nyc-diesel-budder-oversta-hyllan","status":"publish","type":"product","link":"https:\/\/medicinasinc.com\/se\/product\/kop-nyc-diesel-budder-oversta-hyllan\/","title":{"rendered":"K\u00f6p NYC Diesel Budder \u2013 \u00f6versta hyllan"},"content":{"rendered":"<p>K\u00f6p New York City Diesel Budder \u2013 \u00f6versta hyllan<\/p>\n<p>NYC Diesel \u00e4r en 60 % Sativa-stam som \u00e4r en korsning mellan mexikansk och afghansk landrasgenetik. Den doftar starkt av syrliga grapefrukter och syrliga citrusfrukter. NYC Diesel \u00e4r en utm\u00e4rkt dagtid p\u00e5 grund av sin h\u00f6ga cerebrala stimulering, som fr\u00e4mjar mental klarhet och vakenhet. F\u00f6rutom dess energigivande effekter h\u00f6jer NYC Diesel hum\u00f6ret och stimulerar kreativiteten, vilket g\u00f6r den till en effektiv behandling mot depression. Med tiden inducerar effekterna av denna stam ett mildt tillst\u00e5nd av avslappning i kroppen, vilket inte resulterar i s\u00f6mnighet men kan stimulera aptiten hos vissa anv\u00e4ndare. Den mest effektiva anv\u00e4ndningen av NYC Diesel \u00e4r vid behandling av \u00e5ngest\/social \u00e5ngest, depression, kronisk sm\u00e4rta, aptitl\u00f6shet och d\u00e5ligt hum\u00f6r.<\/p>\n","protected":false},"excerpt":{"rendered":"<p>K\u00f6p NYC Diesel Budderl &#8211; En korsning mellan mexikanska och afghanska landraser, denna 60 procent Sativa-dominanta stam \u00e4r nu tillg\u00e4nglig till b\u00e4sta pris.<\/p>\n<ul>\n<li>V\u00e4rldsomsp\u00e4nnande frakt<\/li>\n<li><strong>Ett koncentrat som best\u00e5r av 97 -99 % THC<\/strong><\/li>\n<li><strong>99 % ren THC-A<\/strong><\/li>\n<li><strong>Kontakta oss<\/strong>\u00a0f\u00f6r st\u00f6rre best\u00e4llningar<\/li>\n<\/ul>\n","protected":false},"featured_media":4807,"comment_status":"open","ping_status":"closed","template":"","meta":[],"product_brand":[],"product_cat":[702],"product_tag":[],"class_list":{"0":"post-4794","1":"product","2":"type-product","3":"status-publish","4":"has-post-thumbnail","6":"product_cat-kop-cannabisvax","8":"first","9":"instock","10":"shipping-taxable","11":"purchasable","12":"product-type-variable","13":"has-default-attributes"},"yoast_head":"<!-- This site is optimized with the Yoast SEO plugin v27.3 - https:\/\/yoast.com\/product\/yoast-seo-wordpress\/ -->\n<title>K\u00f6p NYC Diesel Budder \u2013 \u00f6versta hyllan \u2013 b\u00e4sta b\u00e4sta globala medicin<\/title>\n<meta name=\"description\" content=\"K\u00f6p NYC Diesel Budderl - En korsning mellan mexikanska och afghanska landraser, \u00e4r en 60 % Sativa-dominant stam, nu tillg\u00e4nglig till f\u00f6rs\u00e4ljning till b\u00e4sta pris.\" \/>\n<meta name=\"robots\" content=\"index, follow, max-snippet:-1, max-image-preview:large, max-video-preview:-1\" \/>\n<link rel=\"canonical\" href=\"https:\/\/medicinasinc.com\/se\/product\/kop-nyc-diesel-budder-oversta-hyllan\/\" \/>\n<meta property=\"og:locale\" content=\"sv_SE\" \/>\n<meta property=\"og:type\" content=\"article\" \/>\n<meta property=\"og:title\" content=\"K\u00f6p NYC Diesel Budder \u2013 \u00f6versta hyllan \u2013 b\u00e4sta b\u00e4sta globala medicin\" \/>\n<meta property=\"og:description\" content=\"K\u00f6p NYC Diesel Budderl - En korsning mellan mexikanska och afghanska landraser, \u00e4r en 60 % Sativa-dominant stam, nu tillg\u00e4nglig till f\u00f6rs\u00e4ljning till b\u00e4sta pris.\" \/>\n<meta property=\"og:url\" content=\"https:\/\/medicinasinc.com\/se\/product\/kop-nyc-diesel-budder-oversta-hyllan\/\" \/>\n<meta property=\"og:site_name\" content=\"Medicinas Inc\" \/>\n<meta property=\"article:modified_time\" content=\"2022-07-04T00:06:35+00:00\" \/>\n<meta property=\"og:image\" content=\"https:\/\/medicinasinc.com\/se\/wp-content\/uploads\/sites\/16\/2022\/02\/Buy-NYC-Diesel-Budder..jpg\" \/>\n\t<meta property=\"og:image:width\" content=\"600\" \/>\n\t<meta property=\"og:image:height\" content=\"600\" \/>\n\t<meta property=\"og:image:type\" content=\"image\/jpeg\" \/>\n<meta name=\"twitter:card\" content=\"summary_large_image\" \/>\n<meta name=\"twitter:label1\" content=\"Ber\u00e4knad l\u00e4stid\" \/>\n\t<meta name=\"twitter:data1\" content=\"1 minut\" \/>\n<script type=\"application\/ld+json\" class=\"yoast-schema-graph\">{\"@context\":\"https:\\\/\\\/schema.org\",\"@graph\":[{\"@type\":\"WebPage\",\"@id\":\"https:\\\/\\\/medicinasinc.com\\\/se\\\/product\\\/kop-nyc-diesel-budder-oversta-hyllan\\\/\",\"url\":\"https:\\\/\\\/medicinasinc.com\\\/se\\\/product\\\/kop-nyc-diesel-budder-oversta-hyllan\\\/\",\"name\":\"K\u00f6p NYC Diesel Budder \u2013 \u00f6versta hyllan \u2013 b\u00e4sta b\u00e4sta globala medicin\",\"isPartOf\":{\"@id\":\"https:\\\/\\\/medicinasinc.com\\\/se\\\/#website\"},\"primaryImageOfPage\":{\"@id\":\"https:\\\/\\\/medicinasinc.com\\\/se\\\/product\\\/kop-nyc-diesel-budder-oversta-hyllan\\\/#primaryimage\"},\"image\":{\"@id\":\"https:\\\/\\\/medicinasinc.com\\\/se\\\/product\\\/kop-nyc-diesel-budder-oversta-hyllan\\\/#primaryimage\"},\"thumbnailUrl\":\"https:\\\/\\\/medicinasinc.com\\\/se\\\/wp-content\\\/uploads\\\/sites\\\/16\\\/2022\\\/02\\\/Buy-NYC-Diesel-Budder..jpg\",\"datePublished\":\"2022-02-20T16:06:08+00:00\",\"dateModified\":\"2022-07-04T00:06:35+00:00\",\"description\":\"K\u00f6p NYC Diesel Budderl - En korsning mellan mexikanska och afghanska landraser, \u00e4r en 60 % Sativa-dominant stam, nu tillg\u00e4nglig till f\u00f6rs\u00e4ljning till b\u00e4sta pris.\",\"breadcrumb\":{\"@id\":\"https:\\\/\\\/medicinasinc.com\\\/se\\\/product\\\/kop-nyc-diesel-budder-oversta-hyllan\\\/#breadcrumb\"},\"inLanguage\":\"sv-SE\",\"potentialAction\":[{\"@type\":\"ReadAction\",\"target\":[\"https:\\\/\\\/medicinasinc.com\\\/se\\\/product\\\/kop-nyc-diesel-budder-oversta-hyllan\\\/\"]}]},{\"@type\":\"ImageObject\",\"inLanguage\":\"sv-SE\",\"@id\":\"https:\\\/\\\/medicinasinc.com\\\/se\\\/product\\\/kop-nyc-diesel-budder-oversta-hyllan\\\/#primaryimage\",\"url\":\"https:\\\/\\\/medicinasinc.com\\\/se\\\/wp-content\\\/uploads\\\/sites\\\/16\\\/2022\\\/02\\\/Buy-NYC-Diesel-Budder..jpg\",\"contentUrl\":\"https:\\\/\\\/medicinasinc.com\\\/se\\\/wp-content\\\/uploads\\\/sites\\\/16\\\/2022\\\/02\\\/Buy-NYC-Diesel-Budder..jpg\",\"width\":600,\"height\":600},{\"@type\":\"BreadcrumbList\",\"@id\":\"https:\\\/\\\/medicinasinc.com\\\/se\\\/product\\\/kop-nyc-diesel-budder-oversta-hyllan\\\/#breadcrumb\",\"itemListElement\":[{\"@type\":\"ListItem\",\"position\":1,\"name\":\"aff\u00e4r\",\"item\":\"https:\\\/\\\/medicinasinc.com\\\/se\\\/affar\\\/\"},{\"@type\":\"ListItem\",\"position\":2,\"name\":\"K\u00f6p NYC Diesel Budder \u2013 \u00f6versta hyllan\"}]},{\"@type\":\"WebSite\",\"@id\":\"https:\\\/\\\/medicinasinc.com\\\/se\\\/#website\",\"url\":\"https:\\\/\\\/medicinasinc.com\\\/se\\\/\",\"name\":\"Medicinas Inc\",\"description\":\"Health Medical Clinic\",\"potentialAction\":[{\"@type\":\"SearchAction\",\"target\":{\"@type\":\"EntryPoint\",\"urlTemplate\":\"https:\\\/\\\/medicinasinc.com\\\/se\\\/?s={search_term_string}\"},\"query-input\":{\"@type\":\"PropertyValueSpecification\",\"valueRequired\":true,\"valueName\":\"search_term_string\"}}],\"inLanguage\":\"sv-SE\"}]}<\/script>\n<!-- \/ Yoast SEO plugin. -->","yoast_head_json":{"title":"K\u00f6p NYC Diesel Budder \u2013 \u00f6versta hyllan \u2013 b\u00e4sta b\u00e4sta globala medicin","description":"K\u00f6p NYC Diesel Budderl - En korsning mellan mexikanska och afghanska landraser, \u00e4r en 60 % Sativa-dominant stam, nu tillg\u00e4nglig till f\u00f6rs\u00e4ljning till b\u00e4sta pris.","robots":{"index":"index","follow":"follow","max-snippet":"max-snippet:-1","max-image-preview":"max-image-preview:large","max-video-preview":"max-video-preview:-1"},"canonical":"https:\/\/medicinasinc.com\/se\/product\/kop-nyc-diesel-budder-oversta-hyllan\/","og_locale":"sv_SE","og_type":"article","og_title":"K\u00f6p NYC Diesel Budder \u2013 \u00f6versta hyllan \u2013 b\u00e4sta b\u00e4sta globala medicin","og_description":"K\u00f6p NYC Diesel Budderl - En korsning mellan mexikanska och afghanska landraser, \u00e4r en 60 % Sativa-dominant stam, nu tillg\u00e4nglig till f\u00f6rs\u00e4ljning till b\u00e4sta pris.","og_url":"https:\/\/medicinasinc.com\/se\/product\/kop-nyc-diesel-budder-oversta-hyllan\/","og_site_name":"Medicinas Inc","article_modified_time":"2022-07-04T00:06:35+00:00","og_image":[{"width":600,"height":600,"url":"https:\/\/medicinasinc.com\/se\/wp-content\/uploads\/sites\/16\/2022\/02\/Buy-NYC-Diesel-Budder..jpg","type":"image\/jpeg"}],"twitter_card":"summary_large_image","twitter_misc":{"Ber\u00e4knad l\u00e4stid":"1 minut"},"schema":{"@context":"https:\/\/schema.org","@graph":[{"@type":"WebPage","@id":"https:\/\/medicinasinc.com\/se\/product\/kop-nyc-diesel-budder-oversta-hyllan\/","url":"https:\/\/medicinasinc.com\/se\/product\/kop-nyc-diesel-budder-oversta-hyllan\/","name":"K\u00f6p NYC Diesel Budder \u2013 \u00f6versta hyllan \u2013 b\u00e4sta b\u00e4sta globala medicin","isPartOf":{"@id":"https:\/\/medicinasinc.com\/se\/#website"},"primaryImageOfPage":{"@id":"https:\/\/medicinasinc.com\/se\/product\/kop-nyc-diesel-budder-oversta-hyllan\/#primaryimage"},"image":{"@id":"https:\/\/medicinasinc.com\/se\/product\/kop-nyc-diesel-budder-oversta-hyllan\/#primaryimage"},"thumbnailUrl":"https:\/\/medicinasinc.com\/se\/wp-content\/uploads\/sites\/16\/2022\/02\/Buy-NYC-Diesel-Budder..jpg","datePublished":"2022-02-20T16:06:08+00:00","dateModified":"2022-07-04T00:06:35+00:00","description":"K\u00f6p NYC Diesel Budderl - En korsning mellan mexikanska och afghanska landraser, \u00e4r en 60 % Sativa-dominant stam, nu tillg\u00e4nglig till f\u00f6rs\u00e4ljning till b\u00e4sta pris.","breadcrumb":{"@id":"https:\/\/medicinasinc.com\/se\/product\/kop-nyc-diesel-budder-oversta-hyllan\/#breadcrumb"},"inLanguage":"sv-SE","potentialAction":[{"@type":"ReadAction","target":["https:\/\/medicinasinc.com\/se\/product\/kop-nyc-diesel-budder-oversta-hyllan\/"]}]},{"@type":"ImageObject","inLanguage":"sv-SE","@id":"https:\/\/medicinasinc.com\/se\/product\/kop-nyc-diesel-budder-oversta-hyllan\/#primaryimage","url":"https:\/\/medicinasinc.com\/se\/wp-content\/uploads\/sites\/16\/2022\/02\/Buy-NYC-Diesel-Budder..jpg","contentUrl":"https:\/\/medicinasinc.com\/se\/wp-content\/uploads\/sites\/16\/2022\/02\/Buy-NYC-Diesel-Budder..jpg","width":600,"height":600},{"@type":"BreadcrumbList","@id":"https:\/\/medicinasinc.com\/se\/product\/kop-nyc-diesel-budder-oversta-hyllan\/#breadcrumb","itemListElement":[{"@type":"ListItem","position":1,"name":"aff\u00e4r","item":"https:\/\/medicinasinc.com\/se\/affar\/"},{"@type":"ListItem","position":2,"name":"K\u00f6p NYC Diesel Budder \u2013 \u00f6versta hyllan"}]},{"@type":"WebSite","@id":"https:\/\/medicinasinc.com\/se\/#website","url":"https:\/\/medicinasinc.com\/se\/","name":"Medicinas Inc","description":"Health Medical Clinic","potentialAction":[{"@type":"SearchAction","target":{"@type":"EntryPoint","urlTemplate":"https:\/\/medicinasinc.com\/se\/?s={search_term_string}"},"query-input":{"@type":"PropertyValueSpecification","valueRequired":true,"valueName":"search_term_string"}}],"inLanguage":"sv-SE"}]}},"_links":{"self":[{"href":"https:\/\/medicinasinc.com\/se\/wp-json\/wp\/v2\/product\/4794","targetHints":{"allow":["GET"]}}],"collection":[{"href":"https:\/\/medicinasinc.com\/se\/wp-json\/wp\/v2\/product"}],"about":[{"href":"https:\/\/medicinasinc.com\/se\/wp-json\/wp\/v2\/types\/product"}],"replies":[{"embeddable":true,"href":"https:\/\/medicinasinc.com\/se\/wp-json\/wp\/v2\/comments?post=4794"}],"wp:featuredmedia":[{"embeddable":true,"href":"https:\/\/medicinasinc.com\/se\/wp-json\/wp\/v2\/media\/4807"}],"wp:attachment":[{"href":"https:\/\/medicinasinc.com\/se\/wp-json\/wp\/v2\/media?parent=4794"}],"wp:term":[{"taxonomy":"product_brand","embeddable":true,"href":"https:\/\/medicinasinc.com\/se\/wp-json\/wp\/v2\/product_brand?post=4794"},{"taxonomy":"product_cat","embeddable":true,"href":"https:\/\/medicinasinc.com\/se\/wp-json\/wp\/v2\/product_cat?post=4794"},{"taxonomy":"product_tag","embeddable":true,"href":"https:\/\/medicinasinc.com\/se\/wp-json\/wp\/v2\/product_tag?post=4794"}],"curies":[{"name":"wp","href":"https:\/\/api.w.org\/{rel}","templated":true}]}}