{"id":4779,"date":"2022-02-20T15:55:42","date_gmt":"2022-02-20T15:55:42","guid":{"rendered":"https:\/\/medicinasinc.com\/se\/?post_type=product&#038;p=4779"},"modified":"2022-07-04T00:06:57","modified_gmt":"2022-07-04T00:06:57","slug":"kopa-alaskan-aska-fan-budder-oversta-hyllan","status":"publish","type":"product","link":"https:\/\/medicinasinc.com\/se\/product\/kopa-alaskan-aska-fan-budder-oversta-hyllan\/","title":{"rendered":"K\u00f6p Alaskan Thunder Fuck Budder \u2013 \u00f6versta hyllan"},"content":{"rendered":"<p>K\u00f6p Alaskan Thunder Fuck Budder \u2013 Premium Quality<\/p>\n<p>Alaskan Thunder Fuck, f\u00f6rkortat ATF, Matanuska Thunder Fuck eller Matanuska Tundra, \u00e4r en s\u00e4llsynt sativa-dominerande stam som har sitt ursprung i Alaskas Matanuska Valley. Det tros ha sitt ursprung som en korsning mellan en sativa fr\u00e5n norra Kalifornien och en rysk ruderalis, innan den korsades med afghansk genetik i slutet av 1970-talet. Denna stam har en skarp arom som blandar tall och citron med skunk- och mentolnoter. ATF \u00e4r \u00e4lskad f\u00f6r sina aptitstimulerande egenskaper och creeper-liknande egenskaper. ATF-h\u00f6gen b\u00f6rjar med en explosion av cerebral stimulering, vilket fr\u00e4mjar social interaktion och kreativitet. N\u00e4r intensiteten av eufori \u00f6kar b\u00f6rjar kroppen slappna av och hungern s\u00e4tter in. Alaskan Thunder Fuck kan anv\u00e4ndas f\u00f6r att behandla kronisk stress, depression och mild till m\u00e5ttlig sm\u00e4rta.<\/p>\n","protected":false},"excerpt":{"rendered":"<p>K\u00f6p Alaskan Thunder Fuck Budder \u2013 Premium Quality<\/p>\n<p>&nbsp;<\/p>\n<ul>\n<li>V\u00e4rldsomsp\u00e4nnande frakt<\/li>\n<li>Minsta best\u00e4llningskvantitet \u00e4r <strong>3<\/strong> strong&gt;<\/li>\n<li><strong>Kontakta oss<\/strong>\u00a0f\u00f6r st\u00f6rre best\u00e4llningar<\/li>\n<\/ul>\n","protected":false},"featured_media":4793,"comment_status":"open","ping_status":"closed","template":"","meta":[],"product_brand":[],"product_cat":[702],"product_tag":[],"class_list":{"0":"post-4779","1":"product","2":"type-product","3":"status-publish","4":"has-post-thumbnail","6":"product_cat-kop-cannabisvax","8":"first","9":"instock","10":"shipping-taxable","11":"purchasable","12":"product-type-variable","13":"has-default-attributes"},"yoast_head":"<!-- This site is optimized with the Yoast SEO plugin v27.3 - https:\/\/yoast.com\/product\/yoast-seo-wordpress\/ -->\n<title>K\u00f6p Alaskan Thunder Fuck Budder \u2013 \u00f6versta hyllan - Medicinas Inc<\/title>\n<meta name=\"description\" content=\"K\u00f6p Alaskan Thunder Fuck Budder \u2013 Premium Quality\" \/>\n<meta name=\"robots\" content=\"index, follow, max-snippet:-1, max-image-preview:large, max-video-preview:-1\" \/>\n<link rel=\"canonical\" href=\"https:\/\/medicinasinc.com\/se\/product\/kopa-alaskan-aska-fan-budder-oversta-hyllan\/\" \/>\n<meta property=\"og:locale\" content=\"sv_SE\" \/>\n<meta property=\"og:type\" content=\"article\" \/>\n<meta property=\"og:title\" content=\"K\u00f6p Alaskan Thunder Fuck Budder \u2013 \u00f6versta hyllan - Medicinas Inc\" \/>\n<meta property=\"og:description\" content=\"K\u00f6p Alaskan Thunder Fuck Budder \u2013 Premium Quality\" \/>\n<meta property=\"og:url\" content=\"https:\/\/medicinasinc.com\/se\/product\/kopa-alaskan-aska-fan-budder-oversta-hyllan\/\" \/>\n<meta property=\"og:site_name\" content=\"Medicinas Inc\" \/>\n<meta property=\"article:modified_time\" content=\"2022-07-04T00:06:57+00:00\" \/>\n<meta property=\"og:image\" content=\"https:\/\/medicinasinc.com\/se\/wp-content\/uploads\/sites\/16\/2022\/02\/Buy-Alaskan-Thunder-Fuck-Budder.jpg\" \/>\n\t<meta property=\"og:image:width\" content=\"600\" \/>\n\t<meta property=\"og:image:height\" content=\"600\" \/>\n\t<meta property=\"og:image:type\" content=\"image\/jpeg\" \/>\n<meta name=\"twitter:card\" content=\"summary_large_image\" \/>\n<meta name=\"twitter:label1\" content=\"Ber\u00e4knad l\u00e4stid\" \/>\n\t<meta name=\"twitter:data1\" content=\"1 minut\" \/>\n<script type=\"application\/ld+json\" class=\"yoast-schema-graph\">{\"@context\":\"https:\\\/\\\/schema.org\",\"@graph\":[{\"@type\":\"WebPage\",\"@id\":\"https:\\\/\\\/medicinasinc.com\\\/se\\\/product\\\/kopa-alaskan-aska-fan-budder-oversta-hyllan\\\/\",\"url\":\"https:\\\/\\\/medicinasinc.com\\\/se\\\/product\\\/kopa-alaskan-aska-fan-budder-oversta-hyllan\\\/\",\"name\":\"K\u00f6p Alaskan Thunder Fuck Budder \u2013 \u00f6versta hyllan - Medicinas Inc\",\"isPartOf\":{\"@id\":\"https:\\\/\\\/medicinasinc.com\\\/se\\\/#website\"},\"primaryImageOfPage\":{\"@id\":\"https:\\\/\\\/medicinasinc.com\\\/se\\\/product\\\/kopa-alaskan-aska-fan-budder-oversta-hyllan\\\/#primaryimage\"},\"image\":{\"@id\":\"https:\\\/\\\/medicinasinc.com\\\/se\\\/product\\\/kopa-alaskan-aska-fan-budder-oversta-hyllan\\\/#primaryimage\"},\"thumbnailUrl\":\"https:\\\/\\\/medicinasinc.com\\\/se\\\/wp-content\\\/uploads\\\/sites\\\/16\\\/2022\\\/02\\\/Buy-Alaskan-Thunder-Fuck-Budder.jpg\",\"datePublished\":\"2022-02-20T15:55:42+00:00\",\"dateModified\":\"2022-07-04T00:06:57+00:00\",\"description\":\"K\u00f6p Alaskan Thunder Fuck Budder \u2013 Premium Quality\",\"breadcrumb\":{\"@id\":\"https:\\\/\\\/medicinasinc.com\\\/se\\\/product\\\/kopa-alaskan-aska-fan-budder-oversta-hyllan\\\/#breadcrumb\"},\"inLanguage\":\"sv-SE\",\"potentialAction\":[{\"@type\":\"ReadAction\",\"target\":[\"https:\\\/\\\/medicinasinc.com\\\/se\\\/product\\\/kopa-alaskan-aska-fan-budder-oversta-hyllan\\\/\"]}]},{\"@type\":\"ImageObject\",\"inLanguage\":\"sv-SE\",\"@id\":\"https:\\\/\\\/medicinasinc.com\\\/se\\\/product\\\/kopa-alaskan-aska-fan-budder-oversta-hyllan\\\/#primaryimage\",\"url\":\"https:\\\/\\\/medicinasinc.com\\\/se\\\/wp-content\\\/uploads\\\/sites\\\/16\\\/2022\\\/02\\\/Buy-Alaskan-Thunder-Fuck-Budder.jpg\",\"contentUrl\":\"https:\\\/\\\/medicinasinc.com\\\/se\\\/wp-content\\\/uploads\\\/sites\\\/16\\\/2022\\\/02\\\/Buy-Alaskan-Thunder-Fuck-Budder.jpg\",\"width\":600,\"height\":600},{\"@type\":\"BreadcrumbList\",\"@id\":\"https:\\\/\\\/medicinasinc.com\\\/se\\\/product\\\/kopa-alaskan-aska-fan-budder-oversta-hyllan\\\/#breadcrumb\",\"itemListElement\":[{\"@type\":\"ListItem\",\"position\":1,\"name\":\"aff\u00e4r\",\"item\":\"https:\\\/\\\/medicinasinc.com\\\/se\\\/affar\\\/\"},{\"@type\":\"ListItem\",\"position\":2,\"name\":\"K\u00f6p Alaskan Thunder Fuck Budder \u2013 \u00f6versta hyllan\"}]},{\"@type\":\"WebSite\",\"@id\":\"https:\\\/\\\/medicinasinc.com\\\/se\\\/#website\",\"url\":\"https:\\\/\\\/medicinasinc.com\\\/se\\\/\",\"name\":\"Medicinas Inc\",\"description\":\"Health Medical Clinic\",\"potentialAction\":[{\"@type\":\"SearchAction\",\"target\":{\"@type\":\"EntryPoint\",\"urlTemplate\":\"https:\\\/\\\/medicinasinc.com\\\/se\\\/?s={search_term_string}\"},\"query-input\":{\"@type\":\"PropertyValueSpecification\",\"valueRequired\":true,\"valueName\":\"search_term_string\"}}],\"inLanguage\":\"sv-SE\"}]}<\/script>\n<!-- \/ Yoast SEO plugin. -->","yoast_head_json":{"title":"K\u00f6p Alaskan Thunder Fuck Budder \u2013 \u00f6versta hyllan - Medicinas Inc","description":"K\u00f6p Alaskan Thunder Fuck Budder \u2013 Premium Quality","robots":{"index":"index","follow":"follow","max-snippet":"max-snippet:-1","max-image-preview":"max-image-preview:large","max-video-preview":"max-video-preview:-1"},"canonical":"https:\/\/medicinasinc.com\/se\/product\/kopa-alaskan-aska-fan-budder-oversta-hyllan\/","og_locale":"sv_SE","og_type":"article","og_title":"K\u00f6p Alaskan Thunder Fuck Budder \u2013 \u00f6versta hyllan - Medicinas Inc","og_description":"K\u00f6p Alaskan Thunder Fuck Budder \u2013 Premium Quality","og_url":"https:\/\/medicinasinc.com\/se\/product\/kopa-alaskan-aska-fan-budder-oversta-hyllan\/","og_site_name":"Medicinas Inc","article_modified_time":"2022-07-04T00:06:57+00:00","og_image":[{"width":600,"height":600,"url":"https:\/\/medicinasinc.com\/se\/wp-content\/uploads\/sites\/16\/2022\/02\/Buy-Alaskan-Thunder-Fuck-Budder.jpg","type":"image\/jpeg"}],"twitter_card":"summary_large_image","twitter_misc":{"Ber\u00e4knad l\u00e4stid":"1 minut"},"schema":{"@context":"https:\/\/schema.org","@graph":[{"@type":"WebPage","@id":"https:\/\/medicinasinc.com\/se\/product\/kopa-alaskan-aska-fan-budder-oversta-hyllan\/","url":"https:\/\/medicinasinc.com\/se\/product\/kopa-alaskan-aska-fan-budder-oversta-hyllan\/","name":"K\u00f6p Alaskan Thunder Fuck Budder \u2013 \u00f6versta hyllan - Medicinas Inc","isPartOf":{"@id":"https:\/\/medicinasinc.com\/se\/#website"},"primaryImageOfPage":{"@id":"https:\/\/medicinasinc.com\/se\/product\/kopa-alaskan-aska-fan-budder-oversta-hyllan\/#primaryimage"},"image":{"@id":"https:\/\/medicinasinc.com\/se\/product\/kopa-alaskan-aska-fan-budder-oversta-hyllan\/#primaryimage"},"thumbnailUrl":"https:\/\/medicinasinc.com\/se\/wp-content\/uploads\/sites\/16\/2022\/02\/Buy-Alaskan-Thunder-Fuck-Budder.jpg","datePublished":"2022-02-20T15:55:42+00:00","dateModified":"2022-07-04T00:06:57+00:00","description":"K\u00f6p Alaskan Thunder Fuck Budder \u2013 Premium Quality","breadcrumb":{"@id":"https:\/\/medicinasinc.com\/se\/product\/kopa-alaskan-aska-fan-budder-oversta-hyllan\/#breadcrumb"},"inLanguage":"sv-SE","potentialAction":[{"@type":"ReadAction","target":["https:\/\/medicinasinc.com\/se\/product\/kopa-alaskan-aska-fan-budder-oversta-hyllan\/"]}]},{"@type":"ImageObject","inLanguage":"sv-SE","@id":"https:\/\/medicinasinc.com\/se\/product\/kopa-alaskan-aska-fan-budder-oversta-hyllan\/#primaryimage","url":"https:\/\/medicinasinc.com\/se\/wp-content\/uploads\/sites\/16\/2022\/02\/Buy-Alaskan-Thunder-Fuck-Budder.jpg","contentUrl":"https:\/\/medicinasinc.com\/se\/wp-content\/uploads\/sites\/16\/2022\/02\/Buy-Alaskan-Thunder-Fuck-Budder.jpg","width":600,"height":600},{"@type":"BreadcrumbList","@id":"https:\/\/medicinasinc.com\/se\/product\/kopa-alaskan-aska-fan-budder-oversta-hyllan\/#breadcrumb","itemListElement":[{"@type":"ListItem","position":1,"name":"aff\u00e4r","item":"https:\/\/medicinasinc.com\/se\/affar\/"},{"@type":"ListItem","position":2,"name":"K\u00f6p Alaskan Thunder Fuck Budder \u2013 \u00f6versta hyllan"}]},{"@type":"WebSite","@id":"https:\/\/medicinasinc.com\/se\/#website","url":"https:\/\/medicinasinc.com\/se\/","name":"Medicinas Inc","description":"Health Medical Clinic","potentialAction":[{"@type":"SearchAction","target":{"@type":"EntryPoint","urlTemplate":"https:\/\/medicinasinc.com\/se\/?s={search_term_string}"},"query-input":{"@type":"PropertyValueSpecification","valueRequired":true,"valueName":"search_term_string"}}],"inLanguage":"sv-SE"}]}},"_links":{"self":[{"href":"https:\/\/medicinasinc.com\/se\/wp-json\/wp\/v2\/product\/4779","targetHints":{"allow":["GET"]}}],"collection":[{"href":"https:\/\/medicinasinc.com\/se\/wp-json\/wp\/v2\/product"}],"about":[{"href":"https:\/\/medicinasinc.com\/se\/wp-json\/wp\/v2\/types\/product"}],"replies":[{"embeddable":true,"href":"https:\/\/medicinasinc.com\/se\/wp-json\/wp\/v2\/comments?post=4779"}],"wp:featuredmedia":[{"embeddable":true,"href":"https:\/\/medicinasinc.com\/se\/wp-json\/wp\/v2\/media\/4793"}],"wp:attachment":[{"href":"https:\/\/medicinasinc.com\/se\/wp-json\/wp\/v2\/media?parent=4779"}],"wp:term":[{"taxonomy":"product_brand","embeddable":true,"href":"https:\/\/medicinasinc.com\/se\/wp-json\/wp\/v2\/product_brand?post=4779"},{"taxonomy":"product_cat","embeddable":true,"href":"https:\/\/medicinasinc.com\/se\/wp-json\/wp\/v2\/product_cat?post=4779"},{"taxonomy":"product_tag","embeddable":true,"href":"https:\/\/medicinasinc.com\/se\/wp-json\/wp\/v2\/product_tag?post=4779"}],"curies":[{"name":"wp","href":"https:\/\/api.w.org\/{rel}","templated":true}]}}