{"id":4768,"date":"2022-02-20T15:46:58","date_gmt":"2022-02-20T15:46:58","guid":{"rendered":"https:\/\/medicinasinc.com\/se\/?post_type=product&#038;p=4768"},"modified":"2022-07-04T00:07:08","modified_gmt":"2022-07-04T00:07:08","slug":"kop-k2-rokelse-spray","status":"publish","type":"product","link":"https:\/\/medicinasinc.com\/se\/product\/kop-k2-rokelse-spray\/","title":{"rendered":"K\u00f6p K2 r\u00f6kelsespray"},"content":{"rendered":"<p>Onlinek\u00f6p av K2 r\u00f6kelsespray<\/p>\n<p>Dessutom s\u00e4ljer vi K2-papper.<\/p>\n<p>K2 spray finns att k\u00f6pa. Det \u00e4r luktfritt och f\u00e4rgl\u00f6st.<\/p>\n<p>25 ml \u00e4r tillr\u00e4ckligt f\u00f6r att spraya ett helt A4-pappersark.<\/p>\n<p>Smak och K2 \u00e4r de tv\u00e5 vanligaste namnen p\u00e5 syntetisk marijuana. De \u00e4r konstruerade med hj\u00e4lp av torkat v\u00e4xtmaterial som har infunderats med en konstruerad cannabinoid. Designade cannabinoider \u00e4r syntetiska f\u00f6reningar som verkar p\u00e5 hj\u00e4rnans cannabinoidreceptorer p\u00e5 samma s\u00e4tt som Delta9-tetrahydrocannabinol (THC) g\u00f6r. Individer som anv\u00e4nder Spice rapporterar att de upplever liknande k\u00e4nslor som de som \u00e4r f\u00f6rknippade med marijuana. Marijuana \u00e4r en v\u00e4xt som inneh\u00e5ller cannabinoider, som \u00e4r blandningar. Flavor och K2 \u00e4r tv\u00e5 termer som refererar till en samling recept som kallas designade (konstruerade) cannabinoider. De \u00e4r konstruerade av torkade v\u00e4xtmaterial som har besprutats med sinnesf\u00f6r\u00e4ndrande syntetiska kemikalier. Analytiker ordnade till en b\u00f6rjan dessa tillverkade l\u00e4kemedel f\u00f6r att anv\u00e4nda dem i unders\u00f6kningen.<\/p>\n<p>Dessutom finns K2 i flytande form som bryts ned i e-cigaretter. Dessutom r\u00f6ks det i pipor, skarvar eller g\u00f6rs till te. K2 str\u00f6s sedan p\u00e5 v\u00e4xter, papper och fibrer i flytande tillst\u00e5nd. \u00c4ven om effekterna av att r\u00f6ka Spice kan likna dem av att r\u00f6ka marijuana, \u00e4r den fr\u00e4msta anledningen till att m\u00e4nniskor r\u00f6ker Spice f\u00f6r att det \u00e4r blygsamt, och med tanke p\u00e5 hur det \u00e4r k\u00e4nt f\u00f6r att vara&#8230; Normalt s\u00e4ljs detta \u00e4mne som v\u00e4xtmaterial. Oavsett det faktum att vi s\u00e4ljer exceptionell k2-smak, f\u00f6ljer aggregatet av v\u00e5ra konstruerade blandningar alla g\u00e4llande regler. K\u00f6p v\u00e4xtbaserad r\u00f6kelse online T\u00e4nd dina sinnen med stark K2 v\u00e4xtbaserad r\u00f6kelse! Medan andra s\u00e4ljer d\u00f6da blandningar utan maktimitation, n\u00e4r du k\u00f6per K2 fr\u00e5n oss talar v\u00e5r kvalitet f\u00f6r sig sj\u00e4lv! Vi s\u00e4ljer exceptionell v\u00e4xtbaserad r\u00f6kelse och \u00e4r unika bland v\u00e4xtbaserade zing-handlare. Dessutom kallad K2, syntetisk marijuana och syntetisk ogr\u00e4s r\u00f6kelse spray, k2 spray till salu \u00e4r en konstgjord gatu lugnande medel som inneh\u00e5ller tekniska \u00e4mnen sprayas p\u00e5 smaker. P\u00e5 papper, flytande k2. P\u00e5 webben kan du k\u00f6pa K2 Spray och flytande r\u00f6kelse. K\u00f6p K2 zing-papper av h\u00f6g kvalitet och f\u00e5 det levererat till din d\u00f6rr. Du har kommit till r\u00e4tt st\u00e4lle om du letar efter de b\u00e4sta K2 lokala r\u00f6kelsev\u00e4tskorna och E-Liquids str\u00f6ssel p\u00e5 n\u00e4tet. Vi s\u00e4ljer majoriteten av K2 flytande lokalt arg till l\u00e4gsta m\u00f6jliga priser f\u00f6r att m\u00f6ta kraven fr\u00e5n alla kunder i USA och \u00f6ver hela v\u00e4rlden. En annan anm\u00e4rkningsv\u00e4rd applikation \u00e4r att skapa en K2-dusch som kommer att appliceras topiskt i allm\u00e4nhet. Det \u00e4r absolut n\u00f6dv\u00e4ndigt. Producerade cannabinoider, vanligtvis kallade &#8221;Flavor&#8221; eller &#8221;K2&#8221;, blev lagliga i USA i b\u00f6rjan av 2000-talet. \u00c4kta K2 kryddpapper. Vi s\u00e4ljer det b\u00e4sta K2-blandade papper som finns tillg\u00e4ngligt online. K\u00f6p det omedelbart. Vad skapas Marijuana (\u00e4ven k\u00e4nd som syntetiska cannabinoider, K2 eller Spice)? Vi har det b\u00e4sta urvalet av lokal r\u00f6kelse p\u00e5 webben.<\/p>\n","protected":false},"excerpt":{"rendered":"<div class=\"woocommerce-product-details__short-description\">\n<p>K\u00f6p K2 r\u00f6kelsespray, en luktfri och f\u00e4rgl\u00f6s r\u00f6kelsespray. 25 ml \u00e4r tillr\u00e4ckligt f\u00f6r att spraya ett helt A4-pappersark. Dessutom s\u00e4ljer vi K2 papper.<\/p>\n<p>k2 spice spray diablo amazon, k2 spray grossist, starkaste k2 spray till salu, legal high k2 spray till salu, k2 spray till salu online Storbritannien, flytande spray r\u00f6kelse, k2 papper ingredienser, k2 kryddpappersark<\/p>\n<\/p><\/div>\n","protected":false},"featured_media":4783,"comment_status":"open","ping_status":"closed","template":"","meta":[],"product_brand":[],"product_cat":[690],"product_tag":[699,701,695,696,694,697,698,700],"class_list":{"0":"post-4768","1":"product","2":"type-product","3":"status-publish","4":"has-post-thumbnail","6":"product_cat-kop-k2-papper","7":"product_tag-flytande-spray-rkelse","8":"product_tag-grossist-k2-spray","9":"product_tag-k2-kryddpapper-ark","10":"product_tag-k2-krydda-spray-diablo-amazon","11":"product_tag-k2-pappersingredienser","12":"product_tag-k2-spray-till-frsljning-online-uk","13":"product_tag-laglig-hg-krydda-spray-till-frsljning","14":"product_tag-starkaste-k2-spray-till-salu","16":"first","17":"instock","18":"shipping-taxable","19":"purchasable","20":"product-type-variable","21":"has-default-attributes"},"yoast_head":"<!-- This site is optimized with the Yoast SEO plugin v27.3 - https:\/\/yoast.com\/product\/yoast-seo-wordpress\/ -->\n<title>K\u00f6p K2 r\u00f6kelsespray online - b\u00e4sta b\u00e4sta globala medicinerna<\/title>\n<meta name=\"description\" content=\"K\u00f6p K2 r\u00f6kelsespray , luktfri och f\u00e4rgl\u00f6s K2 spray finns till f\u00f6rs\u00e4ljning. Du beh\u00f6ver 25 ml f\u00f6r att spraya ett helt A4-pappersark. Vi har \u00e4ven K2 papper till salu.\" \/>\n<meta name=\"robots\" content=\"index, follow, max-snippet:-1, max-image-preview:large, max-video-preview:-1\" \/>\n<link rel=\"canonical\" href=\"https:\/\/medicinasinc.com\/se\/product\/kop-k2-rokelse-spray\/\" \/>\n<meta property=\"og:locale\" content=\"sv_SE\" \/>\n<meta property=\"og:type\" content=\"article\" \/>\n<meta property=\"og:title\" content=\"K\u00f6p K2 r\u00f6kelsespray online - b\u00e4sta b\u00e4sta globala medicinerna\" \/>\n<meta property=\"og:description\" content=\"K\u00f6p K2 r\u00f6kelsespray , luktfri och f\u00e4rgl\u00f6s K2 spray finns till f\u00f6rs\u00e4ljning. Du beh\u00f6ver 25 ml f\u00f6r att spraya ett helt A4-pappersark. Vi har \u00e4ven K2 papper till salu.\" \/>\n<meta property=\"og:url\" content=\"https:\/\/medicinasinc.com\/se\/product\/kop-k2-rokelse-spray\/\" \/>\n<meta property=\"og:site_name\" content=\"Medicinas Inc\" \/>\n<meta property=\"article:modified_time\" content=\"2022-07-04T00:07:08+00:00\" \/>\n<meta property=\"og:image\" content=\"https:\/\/medicinasinc.com\/se\/wp-content\/uploads\/sites\/16\/2022\/02\/Buy-K2-Incense-Spray.png\" \/>\n\t<meta property=\"og:image:width\" content=\"873\" \/>\n\t<meta property=\"og:image:height\" content=\"433\" \/>\n\t<meta property=\"og:image:type\" content=\"image\/png\" \/>\n<meta name=\"twitter:card\" content=\"summary_large_image\" \/>\n<meta name=\"twitter:label1\" content=\"Ber\u00e4knad l\u00e4stid\" \/>\n\t<meta name=\"twitter:data1\" content=\"3 minuter\" \/>\n<script type=\"application\/ld+json\" class=\"yoast-schema-graph\">{\"@context\":\"https:\\\/\\\/schema.org\",\"@graph\":[{\"@type\":\"WebPage\",\"@id\":\"https:\\\/\\\/medicinasinc.com\\\/se\\\/product\\\/kop-k2-rokelse-spray\\\/\",\"url\":\"https:\\\/\\\/medicinasinc.com\\\/se\\\/product\\\/kop-k2-rokelse-spray\\\/\",\"name\":\"K\u00f6p K2 r\u00f6kelsespray online - b\u00e4sta b\u00e4sta globala medicinerna\",\"isPartOf\":{\"@id\":\"https:\\\/\\\/medicinasinc.com\\\/se\\\/#website\"},\"primaryImageOfPage\":{\"@id\":\"https:\\\/\\\/medicinasinc.com\\\/se\\\/product\\\/kop-k2-rokelse-spray\\\/#primaryimage\"},\"image\":{\"@id\":\"https:\\\/\\\/medicinasinc.com\\\/se\\\/product\\\/kop-k2-rokelse-spray\\\/#primaryimage\"},\"thumbnailUrl\":\"https:\\\/\\\/medicinasinc.com\\\/se\\\/wp-content\\\/uploads\\\/sites\\\/16\\\/2022\\\/02\\\/Buy-K2-Incense-Spray.png\",\"datePublished\":\"2022-02-20T15:46:58+00:00\",\"dateModified\":\"2022-07-04T00:07:08+00:00\",\"description\":\"K\u00f6p K2 r\u00f6kelsespray , luktfri och f\u00e4rgl\u00f6s K2 spray finns till f\u00f6rs\u00e4ljning. Du beh\u00f6ver 25 ml f\u00f6r att spraya ett helt A4-pappersark. Vi har \u00e4ven K2 papper till salu.\",\"breadcrumb\":{\"@id\":\"https:\\\/\\\/medicinasinc.com\\\/se\\\/product\\\/kop-k2-rokelse-spray\\\/#breadcrumb\"},\"inLanguage\":\"sv-SE\",\"potentialAction\":[{\"@type\":\"ReadAction\",\"target\":[\"https:\\\/\\\/medicinasinc.com\\\/se\\\/product\\\/kop-k2-rokelse-spray\\\/\"]}]},{\"@type\":\"ImageObject\",\"inLanguage\":\"sv-SE\",\"@id\":\"https:\\\/\\\/medicinasinc.com\\\/se\\\/product\\\/kop-k2-rokelse-spray\\\/#primaryimage\",\"url\":\"https:\\\/\\\/medicinasinc.com\\\/se\\\/wp-content\\\/uploads\\\/sites\\\/16\\\/2022\\\/02\\\/Buy-K2-Incense-Spray.png\",\"contentUrl\":\"https:\\\/\\\/medicinasinc.com\\\/se\\\/wp-content\\\/uploads\\\/sites\\\/16\\\/2022\\\/02\\\/Buy-K2-Incense-Spray.png\",\"width\":873,\"height\":433},{\"@type\":\"BreadcrumbList\",\"@id\":\"https:\\\/\\\/medicinasinc.com\\\/se\\\/product\\\/kop-k2-rokelse-spray\\\/#breadcrumb\",\"itemListElement\":[{\"@type\":\"ListItem\",\"position\":1,\"name\":\"aff\u00e4r\",\"item\":\"https:\\\/\\\/medicinasinc.com\\\/se\\\/affar\\\/\"},{\"@type\":\"ListItem\",\"position\":2,\"name\":\"K\u00f6p K2 r\u00f6kelsespray\"}]},{\"@type\":\"WebSite\",\"@id\":\"https:\\\/\\\/medicinasinc.com\\\/se\\\/#website\",\"url\":\"https:\\\/\\\/medicinasinc.com\\\/se\\\/\",\"name\":\"Medicinas Inc\",\"description\":\"Health Medical Clinic\",\"potentialAction\":[{\"@type\":\"SearchAction\",\"target\":{\"@type\":\"EntryPoint\",\"urlTemplate\":\"https:\\\/\\\/medicinasinc.com\\\/se\\\/?s={search_term_string}\"},\"query-input\":{\"@type\":\"PropertyValueSpecification\",\"valueRequired\":true,\"valueName\":\"search_term_string\"}}],\"inLanguage\":\"sv-SE\"}]}<\/script>\n<!-- \/ Yoast SEO plugin. -->","yoast_head_json":{"title":"K\u00f6p K2 r\u00f6kelsespray online - b\u00e4sta b\u00e4sta globala medicinerna","description":"K\u00f6p K2 r\u00f6kelsespray , luktfri och f\u00e4rgl\u00f6s K2 spray finns till f\u00f6rs\u00e4ljning. Du beh\u00f6ver 25 ml f\u00f6r att spraya ett helt A4-pappersark. Vi har \u00e4ven K2 papper till salu.","robots":{"index":"index","follow":"follow","max-snippet":"max-snippet:-1","max-image-preview":"max-image-preview:large","max-video-preview":"max-video-preview:-1"},"canonical":"https:\/\/medicinasinc.com\/se\/product\/kop-k2-rokelse-spray\/","og_locale":"sv_SE","og_type":"article","og_title":"K\u00f6p K2 r\u00f6kelsespray online - b\u00e4sta b\u00e4sta globala medicinerna","og_description":"K\u00f6p K2 r\u00f6kelsespray , luktfri och f\u00e4rgl\u00f6s K2 spray finns till f\u00f6rs\u00e4ljning. Du beh\u00f6ver 25 ml f\u00f6r att spraya ett helt A4-pappersark. Vi har \u00e4ven K2 papper till salu.","og_url":"https:\/\/medicinasinc.com\/se\/product\/kop-k2-rokelse-spray\/","og_site_name":"Medicinas Inc","article_modified_time":"2022-07-04T00:07:08+00:00","og_image":[{"width":873,"height":433,"url":"https:\/\/medicinasinc.com\/se\/wp-content\/uploads\/sites\/16\/2022\/02\/Buy-K2-Incense-Spray.png","type":"image\/png"}],"twitter_card":"summary_large_image","twitter_misc":{"Ber\u00e4knad l\u00e4stid":"3 minuter"},"schema":{"@context":"https:\/\/schema.org","@graph":[{"@type":"WebPage","@id":"https:\/\/medicinasinc.com\/se\/product\/kop-k2-rokelse-spray\/","url":"https:\/\/medicinasinc.com\/se\/product\/kop-k2-rokelse-spray\/","name":"K\u00f6p K2 r\u00f6kelsespray online - b\u00e4sta b\u00e4sta globala medicinerna","isPartOf":{"@id":"https:\/\/medicinasinc.com\/se\/#website"},"primaryImageOfPage":{"@id":"https:\/\/medicinasinc.com\/se\/product\/kop-k2-rokelse-spray\/#primaryimage"},"image":{"@id":"https:\/\/medicinasinc.com\/se\/product\/kop-k2-rokelse-spray\/#primaryimage"},"thumbnailUrl":"https:\/\/medicinasinc.com\/se\/wp-content\/uploads\/sites\/16\/2022\/02\/Buy-K2-Incense-Spray.png","datePublished":"2022-02-20T15:46:58+00:00","dateModified":"2022-07-04T00:07:08+00:00","description":"K\u00f6p K2 r\u00f6kelsespray , luktfri och f\u00e4rgl\u00f6s K2 spray finns till f\u00f6rs\u00e4ljning. Du beh\u00f6ver 25 ml f\u00f6r att spraya ett helt A4-pappersark. Vi har \u00e4ven K2 papper till salu.","breadcrumb":{"@id":"https:\/\/medicinasinc.com\/se\/product\/kop-k2-rokelse-spray\/#breadcrumb"},"inLanguage":"sv-SE","potentialAction":[{"@type":"ReadAction","target":["https:\/\/medicinasinc.com\/se\/product\/kop-k2-rokelse-spray\/"]}]},{"@type":"ImageObject","inLanguage":"sv-SE","@id":"https:\/\/medicinasinc.com\/se\/product\/kop-k2-rokelse-spray\/#primaryimage","url":"https:\/\/medicinasinc.com\/se\/wp-content\/uploads\/sites\/16\/2022\/02\/Buy-K2-Incense-Spray.png","contentUrl":"https:\/\/medicinasinc.com\/se\/wp-content\/uploads\/sites\/16\/2022\/02\/Buy-K2-Incense-Spray.png","width":873,"height":433},{"@type":"BreadcrumbList","@id":"https:\/\/medicinasinc.com\/se\/product\/kop-k2-rokelse-spray\/#breadcrumb","itemListElement":[{"@type":"ListItem","position":1,"name":"aff\u00e4r","item":"https:\/\/medicinasinc.com\/se\/affar\/"},{"@type":"ListItem","position":2,"name":"K\u00f6p K2 r\u00f6kelsespray"}]},{"@type":"WebSite","@id":"https:\/\/medicinasinc.com\/se\/#website","url":"https:\/\/medicinasinc.com\/se\/","name":"Medicinas Inc","description":"Health Medical Clinic","potentialAction":[{"@type":"SearchAction","target":{"@type":"EntryPoint","urlTemplate":"https:\/\/medicinasinc.com\/se\/?s={search_term_string}"},"query-input":{"@type":"PropertyValueSpecification","valueRequired":true,"valueName":"search_term_string"}}],"inLanguage":"sv-SE"}]}},"_links":{"self":[{"href":"https:\/\/medicinasinc.com\/se\/wp-json\/wp\/v2\/product\/4768","targetHints":{"allow":["GET"]}}],"collection":[{"href":"https:\/\/medicinasinc.com\/se\/wp-json\/wp\/v2\/product"}],"about":[{"href":"https:\/\/medicinasinc.com\/se\/wp-json\/wp\/v2\/types\/product"}],"replies":[{"embeddable":true,"href":"https:\/\/medicinasinc.com\/se\/wp-json\/wp\/v2\/comments?post=4768"}],"wp:featuredmedia":[{"embeddable":true,"href":"https:\/\/medicinasinc.com\/se\/wp-json\/wp\/v2\/media\/4783"}],"wp:attachment":[{"href":"https:\/\/medicinasinc.com\/se\/wp-json\/wp\/v2\/media?parent=4768"}],"wp:term":[{"taxonomy":"product_brand","embeddable":true,"href":"https:\/\/medicinasinc.com\/se\/wp-json\/wp\/v2\/product_brand?post=4768"},{"taxonomy":"product_cat","embeddable":true,"href":"https:\/\/medicinasinc.com\/se\/wp-json\/wp\/v2\/product_cat?post=4768"},{"taxonomy":"product_tag","embeddable":true,"href":"https:\/\/medicinasinc.com\/se\/wp-json\/wp\/v2\/product_tag?post=4768"}],"curies":[{"name":"wp","href":"https:\/\/api.w.org\/{rel}","templated":true}]}}