{"id":4767,"date":"2022-02-20T15:46:01","date_gmt":"2022-02-20T15:46:01","guid":{"rendered":"https:\/\/medicinasinc.com\/se\/?post_type=product&#038;p=4767"},"modified":"2022-07-04T00:07:22","modified_gmt":"2022-07-04T00:07:22","slug":"kop-k2-papper","status":"publish","type":"product","link":"https:\/\/medicinasinc.com\/se\/product\/kop-k2-papper\/","title":{"rendered":"K\u00f6p K2 papper"},"content":{"rendered":"<p>F\u00e5 billiga K2-pappersark levererade direkt till din d\u00f6rr.<\/p>\n<p>Syntetisk marijuana \u00f6kar snabbt i popularitet bland marijuanakonsumenter. K2-infunderat papper \u00e4r en blandning av strimlade v\u00e4xtmaterial och syntetiska kemikalier med psykedeliska egenskaper. Enligt forskning binder kemikalierna till samma nervcellsreceptorer i hj\u00e4rnan som THC, vilket framkallar k\u00e4nslor av v\u00e4lbefinnande, avslappning, f\u00f6r\u00e4ndrad uppfattning och psykos. Om du letar efter en ansedd onlinebutik f\u00f6r att k\u00f6pa en h\u00f6gkvalitativ produkt, beh\u00f6ver du inte leta l\u00e4ngre \u00e4n till v\u00e5r ansedda onlinebutik. F\u00f6r att s\u00e4kerst\u00e4lla v\u00e5ra kunders s\u00e4kerhet h\u00e4mtar vi v\u00e5rt lager fr\u00e5n v\u00e4lrenommerade tillverkare. Ge oss ett f\u00f6rs\u00f6k; vi garanterar att du inte kommer att bli besviken.<\/p>\n<p>Cannabinoider \u00e4r kemiska f\u00f6reningar som finns naturligt i marijuanav\u00e4xter och fungerar som grunden f\u00f6r en m\u00e4ngd olika syntetiska droger. Kemiskt sett \u00e4r det syntetiska ogr\u00e4spappret K2 relaterat till den aktiva ingrediensen i marijuana. Effekterna \u00e4r mer intensiva och vid slutet av en session kan man k\u00e4nna sig avslappnad och upph\u00f6jd. N\u00e4r fler m\u00e4nniskor blir medvetna om marijuanas verkliga f\u00f6rdelar, anv\u00e4nds denna produkt som ett s\u00e4kert alternativ f\u00f6r en m\u00e4ngd olika medicinska och rekreations\u00e4ndam\u00e5l. Du b\u00f6r dock vara f\u00f6rsiktig, eftersom \u00f6verdriven konsumtion kan resultera i negativa biverkningar som \u00e5ngest, hallucinationer, h\u00f6gt blodtryck, br\u00f6stsm\u00e4rtor, andn\u00f6d, kramper och kr\u00e4kningar. Vissa K2-kryddprodukter p\u00e5 marknaden kan ocks\u00e5 inneh\u00e5lla giftiga ingredienser. Som ett resultat \u00e4r det viktigt att k\u00f6pa fr\u00e5n en ansedd leverant\u00f6r.<\/p>\n<p>Vill du k\u00f6pa v\u00e4xtbaserade produkter av h\u00f6gsta kvalitet? Med en global kundbas ger vi dig en utm\u00e4rkt m\u00f6jlighet att k\u00f6pa K2-papper online till konkurrenskraftiga priser. Tillsammans med det st\u00f6rsta utbudet erbjuder vi s\u00e4kra betalningsmetoder och diskret frakt. Du beh\u00f6ver inte bes\u00f6ka n\u00e4rliggande n\u00e4rbutiker eller rastplatser. F\u00f6retagets m\u00e5l \u00e4r att kontinuerligt f\u00f6rb\u00e4ttra produktkvalitet och kundservice f\u00f6r att ligga f\u00f6re konkurrenterna. V\u00e5r f\u00f6rsta prioritet \u00e4r din tillfredsst\u00e4llelse, och vi har ett erfaret team till hands f\u00f6r att hantera eventuella hicka. Tveka inte att kontakta oss om du har n\u00e5gra fr\u00e5gor eller funderingar.<\/p>\n","protected":false},"excerpt":{"rendered":"<div class=\"woocommerce-product-details__short-description\">\n<p>Varje A4-ark \u00e4r infunderat med\u00a0<em><strong>25 ml=0,845351 fluid oz<\/strong><\/em>\u00a0av flytande K2. <strong>Lukt- och f\u00e4rgl\u00f6st<\/strong>\u00a0K2-papper till salu. <strong>Vi har \u00e4ven K2 Spray till salu<\/strong><\/p>\n<\/p><\/div>\n","protected":false},"featured_media":4781,"comment_status":"open","ping_status":"closed","template":"","meta":[],"product_brand":[],"product_cat":[690],"product_tag":[691,692,693],"class_list":{"0":"post-4767","1":"product","2":"type-product","3":"status-publish","4":"has-post-thumbnail","6":"product_cat-kop-k2-papper","7":"product_tag-kp-k2-papper-online-uk","8":"product_tag-kp-k2-papper","9":"product_tag-kp-k2-pappersark","11":"first","12":"instock","13":"shipping-taxable","14":"purchasable","15":"product-type-variable","16":"has-default-attributes"},"yoast_head":"<!-- This site is optimized with the Yoast SEO plugin v27.3 - https:\/\/yoast.com\/product\/yoast-seo-wordpress\/ -->\n<title>K\u00f6p K2 papper online - Best Best Global Meds<\/title>\n<meta name=\"description\" content=\"K\u00f6p K2-papper online till l\u00e5ga priser Varje A4-ark \u00e4r infunderat med 25 ml=0,845351 fluid oz flytande K2. Lukt- och f\u00e4rgl\u00f6st K2-papper till salu. Vi har \u00e4ven K2 Spray till salu\" \/>\n<meta name=\"robots\" content=\"index, follow, max-snippet:-1, max-image-preview:large, max-video-preview:-1\" \/>\n<link rel=\"canonical\" href=\"https:\/\/medicinasinc.com\/se\/product\/kop-k2-papper\/\" \/>\n<meta property=\"og:locale\" content=\"sv_SE\" \/>\n<meta property=\"og:type\" content=\"article\" \/>\n<meta property=\"og:title\" content=\"K\u00f6p K2 papper online - Best Best Global Meds\" \/>\n<meta property=\"og:description\" content=\"K\u00f6p K2-papper online till l\u00e5ga priser Varje A4-ark \u00e4r infunderat med 25 ml=0,845351 fluid oz flytande K2. Lukt- och f\u00e4rgl\u00f6st K2-papper till salu. Vi har \u00e4ven K2 Spray till salu\" \/>\n<meta property=\"og:url\" content=\"https:\/\/medicinasinc.com\/se\/product\/kop-k2-papper\/\" \/>\n<meta property=\"og:site_name\" content=\"Medicinas Inc\" \/>\n<meta property=\"article:modified_time\" content=\"2022-07-04T00:07:22+00:00\" \/>\n<meta property=\"og:image\" content=\"https:\/\/medicinasinc.com\/se\/wp-content\/uploads\/sites\/16\/2022\/02\/Buy-K2-paper-online.jpg\" \/>\n\t<meta property=\"og:image:width\" content=\"600\" \/>\n\t<meta property=\"og:image:height\" content=\"600\" \/>\n\t<meta property=\"og:image:type\" content=\"image\/jpeg\" \/>\n<meta name=\"twitter:card\" content=\"summary_large_image\" \/>\n<meta name=\"twitter:label1\" content=\"Ber\u00e4knad l\u00e4stid\" \/>\n\t<meta name=\"twitter:data1\" content=\"2 minuter\" \/>\n<script type=\"application\/ld+json\" class=\"yoast-schema-graph\">{\"@context\":\"https:\\\/\\\/schema.org\",\"@graph\":[{\"@type\":\"WebPage\",\"@id\":\"https:\\\/\\\/medicinasinc.com\\\/se\\\/product\\\/kop-k2-papper\\\/\",\"url\":\"https:\\\/\\\/medicinasinc.com\\\/se\\\/product\\\/kop-k2-papper\\\/\",\"name\":\"K\u00f6p K2 papper online - Best Best Global Meds\",\"isPartOf\":{\"@id\":\"https:\\\/\\\/medicinasinc.com\\\/se\\\/#website\"},\"primaryImageOfPage\":{\"@id\":\"https:\\\/\\\/medicinasinc.com\\\/se\\\/product\\\/kop-k2-papper\\\/#primaryimage\"},\"image\":{\"@id\":\"https:\\\/\\\/medicinasinc.com\\\/se\\\/product\\\/kop-k2-papper\\\/#primaryimage\"},\"thumbnailUrl\":\"https:\\\/\\\/medicinasinc.com\\\/se\\\/wp-content\\\/uploads\\\/sites\\\/16\\\/2022\\\/02\\\/Buy-K2-paper-online.jpg\",\"datePublished\":\"2022-02-20T15:46:01+00:00\",\"dateModified\":\"2022-07-04T00:07:22+00:00\",\"description\":\"K\u00f6p K2-papper online till l\u00e5ga priser Varje A4-ark \u00e4r infunderat med 25 ml=0,845351 fluid oz flytande K2. Lukt- och f\u00e4rgl\u00f6st K2-papper till salu. Vi har \u00e4ven K2 Spray till salu\",\"breadcrumb\":{\"@id\":\"https:\\\/\\\/medicinasinc.com\\\/se\\\/product\\\/kop-k2-papper\\\/#breadcrumb\"},\"inLanguage\":\"sv-SE\",\"potentialAction\":[{\"@type\":\"ReadAction\",\"target\":[\"https:\\\/\\\/medicinasinc.com\\\/se\\\/product\\\/kop-k2-papper\\\/\"]}]},{\"@type\":\"ImageObject\",\"inLanguage\":\"sv-SE\",\"@id\":\"https:\\\/\\\/medicinasinc.com\\\/se\\\/product\\\/kop-k2-papper\\\/#primaryimage\",\"url\":\"https:\\\/\\\/medicinasinc.com\\\/se\\\/wp-content\\\/uploads\\\/sites\\\/16\\\/2022\\\/02\\\/Buy-K2-paper-online.jpg\",\"contentUrl\":\"https:\\\/\\\/medicinasinc.com\\\/se\\\/wp-content\\\/uploads\\\/sites\\\/16\\\/2022\\\/02\\\/Buy-K2-paper-online.jpg\",\"width\":600,\"height\":600},{\"@type\":\"BreadcrumbList\",\"@id\":\"https:\\\/\\\/medicinasinc.com\\\/se\\\/product\\\/kop-k2-papper\\\/#breadcrumb\",\"itemListElement\":[{\"@type\":\"ListItem\",\"position\":1,\"name\":\"aff\u00e4r\",\"item\":\"https:\\\/\\\/medicinasinc.com\\\/se\\\/affar\\\/\"},{\"@type\":\"ListItem\",\"position\":2,\"name\":\"K\u00f6p K2 papper\"}]},{\"@type\":\"WebSite\",\"@id\":\"https:\\\/\\\/medicinasinc.com\\\/se\\\/#website\",\"url\":\"https:\\\/\\\/medicinasinc.com\\\/se\\\/\",\"name\":\"Medicinas Inc\",\"description\":\"Health Medical Clinic\",\"potentialAction\":[{\"@type\":\"SearchAction\",\"target\":{\"@type\":\"EntryPoint\",\"urlTemplate\":\"https:\\\/\\\/medicinasinc.com\\\/se\\\/?s={search_term_string}\"},\"query-input\":{\"@type\":\"PropertyValueSpecification\",\"valueRequired\":true,\"valueName\":\"search_term_string\"}}],\"inLanguage\":\"sv-SE\"}]}<\/script>\n<!-- \/ Yoast SEO plugin. -->","yoast_head_json":{"title":"K\u00f6p K2 papper online - Best Best Global Meds","description":"K\u00f6p K2-papper online till l\u00e5ga priser Varje A4-ark \u00e4r infunderat med 25 ml=0,845351 fluid oz flytande K2. Lukt- och f\u00e4rgl\u00f6st K2-papper till salu. Vi har \u00e4ven K2 Spray till salu","robots":{"index":"index","follow":"follow","max-snippet":"max-snippet:-1","max-image-preview":"max-image-preview:large","max-video-preview":"max-video-preview:-1"},"canonical":"https:\/\/medicinasinc.com\/se\/product\/kop-k2-papper\/","og_locale":"sv_SE","og_type":"article","og_title":"K\u00f6p K2 papper online - Best Best Global Meds","og_description":"K\u00f6p K2-papper online till l\u00e5ga priser Varje A4-ark \u00e4r infunderat med 25 ml=0,845351 fluid oz flytande K2. Lukt- och f\u00e4rgl\u00f6st K2-papper till salu. Vi har \u00e4ven K2 Spray till salu","og_url":"https:\/\/medicinasinc.com\/se\/product\/kop-k2-papper\/","og_site_name":"Medicinas Inc","article_modified_time":"2022-07-04T00:07:22+00:00","og_image":[{"width":600,"height":600,"url":"https:\/\/medicinasinc.com\/se\/wp-content\/uploads\/sites\/16\/2022\/02\/Buy-K2-paper-online.jpg","type":"image\/jpeg"}],"twitter_card":"summary_large_image","twitter_misc":{"Ber\u00e4knad l\u00e4stid":"2 minuter"},"schema":{"@context":"https:\/\/schema.org","@graph":[{"@type":"WebPage","@id":"https:\/\/medicinasinc.com\/se\/product\/kop-k2-papper\/","url":"https:\/\/medicinasinc.com\/se\/product\/kop-k2-papper\/","name":"K\u00f6p K2 papper online - Best Best Global Meds","isPartOf":{"@id":"https:\/\/medicinasinc.com\/se\/#website"},"primaryImageOfPage":{"@id":"https:\/\/medicinasinc.com\/se\/product\/kop-k2-papper\/#primaryimage"},"image":{"@id":"https:\/\/medicinasinc.com\/se\/product\/kop-k2-papper\/#primaryimage"},"thumbnailUrl":"https:\/\/medicinasinc.com\/se\/wp-content\/uploads\/sites\/16\/2022\/02\/Buy-K2-paper-online.jpg","datePublished":"2022-02-20T15:46:01+00:00","dateModified":"2022-07-04T00:07:22+00:00","description":"K\u00f6p K2-papper online till l\u00e5ga priser Varje A4-ark \u00e4r infunderat med 25 ml=0,845351 fluid oz flytande K2. Lukt- och f\u00e4rgl\u00f6st K2-papper till salu. Vi har \u00e4ven K2 Spray till salu","breadcrumb":{"@id":"https:\/\/medicinasinc.com\/se\/product\/kop-k2-papper\/#breadcrumb"},"inLanguage":"sv-SE","potentialAction":[{"@type":"ReadAction","target":["https:\/\/medicinasinc.com\/se\/product\/kop-k2-papper\/"]}]},{"@type":"ImageObject","inLanguage":"sv-SE","@id":"https:\/\/medicinasinc.com\/se\/product\/kop-k2-papper\/#primaryimage","url":"https:\/\/medicinasinc.com\/se\/wp-content\/uploads\/sites\/16\/2022\/02\/Buy-K2-paper-online.jpg","contentUrl":"https:\/\/medicinasinc.com\/se\/wp-content\/uploads\/sites\/16\/2022\/02\/Buy-K2-paper-online.jpg","width":600,"height":600},{"@type":"BreadcrumbList","@id":"https:\/\/medicinasinc.com\/se\/product\/kop-k2-papper\/#breadcrumb","itemListElement":[{"@type":"ListItem","position":1,"name":"aff\u00e4r","item":"https:\/\/medicinasinc.com\/se\/affar\/"},{"@type":"ListItem","position":2,"name":"K\u00f6p K2 papper"}]},{"@type":"WebSite","@id":"https:\/\/medicinasinc.com\/se\/#website","url":"https:\/\/medicinasinc.com\/se\/","name":"Medicinas Inc","description":"Health Medical Clinic","potentialAction":[{"@type":"SearchAction","target":{"@type":"EntryPoint","urlTemplate":"https:\/\/medicinasinc.com\/se\/?s={search_term_string}"},"query-input":{"@type":"PropertyValueSpecification","valueRequired":true,"valueName":"search_term_string"}}],"inLanguage":"sv-SE"}]}},"_links":{"self":[{"href":"https:\/\/medicinasinc.com\/se\/wp-json\/wp\/v2\/product\/4767","targetHints":{"allow":["GET"]}}],"collection":[{"href":"https:\/\/medicinasinc.com\/se\/wp-json\/wp\/v2\/product"}],"about":[{"href":"https:\/\/medicinasinc.com\/se\/wp-json\/wp\/v2\/types\/product"}],"replies":[{"embeddable":true,"href":"https:\/\/medicinasinc.com\/se\/wp-json\/wp\/v2\/comments?post=4767"}],"wp:featuredmedia":[{"embeddable":true,"href":"https:\/\/medicinasinc.com\/se\/wp-json\/wp\/v2\/media\/4781"}],"wp:attachment":[{"href":"https:\/\/medicinasinc.com\/se\/wp-json\/wp\/v2\/media?parent=4767"}],"wp:term":[{"taxonomy":"product_brand","embeddable":true,"href":"https:\/\/medicinasinc.com\/se\/wp-json\/wp\/v2\/product_brand?post=4767"},{"taxonomy":"product_cat","embeddable":true,"href":"https:\/\/medicinasinc.com\/se\/wp-json\/wp\/v2\/product_cat?post=4767"},{"taxonomy":"product_tag","embeddable":true,"href":"https:\/\/medicinasinc.com\/se\/wp-json\/wp\/v2\/product_tag?post=4767"}],"curies":[{"name":"wp","href":"https:\/\/api.w.org\/{rel}","templated":true}]}}