{"id":4761,"date":"2022-02-20T15:41:01","date_gmt":"2022-02-20T15:41:01","guid":{"rendered":"https:\/\/medicinasinc.com\/se\/?post_type=product&#038;p=4761"},"modified":"2022-07-04T00:07:33","modified_gmt":"2022-07-04T00:07:33","slug":"kop-sur-diesel-cbd-hampa-blomma-online","status":"publish","type":"product","link":"https:\/\/medicinasinc.com\/se\/product\/kop-sur-diesel-cbd-hampa-blomma-online\/","title":{"rendered":"K\u00f6p Sour Diesel CBD Hampa Blomma Online"},"content":{"rendered":"<div class=\"woocommerce-tabs wc-tabs-wrapper\">\n<div id=\"tab-description\" class=\"woocommerce-Tabs-panel woocommerce-Tabs-panel--description panel entry-content wc-tab\" role=\"tabpanel\" aria-labelledby=\"tab-title-description\">\n<p>Sour Diesel \u00e4r en legendarisk sort som h\u00e4rstammar fr\u00e5n tv\u00e5 klassiker. Den kombinerar bensinens \u00f6verv\u00e4ldigande bitterhet med det l\u00e4ppande pirret av syrlig citrus. Den ikoniska \u00f6rten har producerat en uppsj\u00f6 av stammar, p\u00e5 grund av sin \u00f6verl\u00e4gsna genetik och distinkta effekter, vilket g\u00f6r den till en favorit bland b\u00f6nder som vill odla hampaindustrins n\u00e4sta stora grej.<\/p>\n<p>Sour Diesel-stammen \u00e4r snabbverkande och mycket potent, ger effekter som kan \u00f6verv\u00e4ldiga ditt system med de avg\u00f6rande f\u00f6rdelarna med en sativa-stam. Det vill s\u00e4ga m\u00f6jligheten till en h\u00e5rt sl\u00e5ende, showstoppande, kroppslyftande vakenhet som kan fr\u00e4mja energi, produktivitet, motivation och kreativitet.<\/p>\n<p>&nbsp;<\/p>\n<p>Historien om Sour Diesel<\/p>\n<p>Sour Diesel anses ofta vara en av de viktigaste hampstammarna som finns. Alla hampak\u00e4nnare kommer att ber\u00e4tta att Sour Diesel \u00e4r ett m\u00e5ste f\u00f6r alla som p\u00e5st\u00e5r sig v\u00e4rdes\u00e4tta \u00f6rtens f\u00f6rdelar. F\u00f6r det mesta h\u00e4rr\u00f6r stammens popularitet fr\u00e5n f\u00f6r\u00e4ldrarnas rykte \u2013 Chemdog 91 och Super Skunk. Dessa hampalegender lyfte Sour Diesel-stammens rykte till nya h\u00f6jder och f\u00f6rs\u00e5g den med o\u00f6vertr\u00e4ffad genetik som har resulterat i att stammens avkommor har blivit den hampaframg\u00e5ng den \u00e4r idag.<\/p>\n<p>Chemdog 91 \u00e4r en g\u00e5tfull stam som tros kunna har gjort sin marknadsdebut 1991. Den oidentifierade sorten avger en skarp, skunky arom spetsad med h\u00e5rda toner av bensin. Dessa egenskaper \u00e4r framtr\u00e4dande hos Sour Diesel-\u00f6rten, med dess smakprofil som liknar den hos Chemdog 91-stammen.<\/p>\n<p>\u00c5 andra sidan \u00e4r Super Skunk en stam som heter av uppenbara sk\u00e4l. Den ultra-skunky kultivaren producerar en doft (eller lukt, beroende p\u00e5 din toleransniv\u00e5) som kommer att sl\u00e5 ut dina luktsinne ur parken. Trots stammens st\u00f6tande arom, levererar den en h\u00e4rligt \u00f6verraskande, delikat s\u00f6tma som t\u00e4cker tungan i pirrig honungsliknande godhet.<\/p>\n<p>&nbsp;<\/p>\n<p>Estetik och arom<\/p>\n<p>Dina f\u00f6rsta intryck av Sour Diesel-stammen kan vara underv\u00e4ldigande. N\u00e4r allt kommer omkring \u00e4r det bara en smula gr\u00f6nt, med andra gr\u00f6naktiga nyanser som str\u00f6mmar genom hela interi\u00f6ren f\u00f6r att skapa en monokromatisk palett av gr\u00e4snyanser. Strawberry blonde h\u00e5rstr\u00e5n trasslar in l\u00f6ven p\u00e5 utsidan och skapar ett n\u00e4tverk av gula rankor som \u00e4r pudrade med en frostig bel\u00e4ggning av s\u00f6ta trichomes. Bortsett fr\u00e5n det finns det lite annat att notera om sorten. Men vad den saknar i f\u00e4rg kompenserar den f\u00f6r med sin doft.<\/p>\n<p>Med att b\u00e5da f\u00f6r\u00e4ldrarna uppvisar extremt skarpa dofter \u00e4r det inte f\u00f6rv\u00e5nande att Sour Diesel har en s\u00e5 udda arom. Den konstigt doftande stammen angriper dina luktreceptorer som ett skunkgodst\u00e5g. St\u00f6tande och \u00f6verv\u00e4ldigande h\u00e4vdar vissa anv\u00e4ndare att de uppt\u00e4cker skarpa ostnoter som blandas med bensin ovanp\u00e5 den skunky aromen f\u00f6r att skapa en hampaupplevelse att minnas.<\/p>\n<p>&nbsp;<\/p>\n<p>Erfarenheter och konsekvenser<\/p>\n<p>Till att b\u00f6rja \u00e4r Sour Diesel inget sk\u00e4mt n\u00e4r det kommer till smak. Stammens r\u00f6k inneh\u00e5ller en extremt potent smak som l\u00e4tt kan \u00f6verv\u00e4ldiga nyb\u00f6rjare och anv\u00e4ndare med l\u00e5g tolerans. Se d\u00e4rf\u00f6r detta som en r\u00e4ttvis varning \u2013 Sour Diesel kommer att j\u00e4vla din skit, b\u00f6rja med hur den smakar. Enkelt uttryckt producerar stammen en smak som n\u00e4stan \u00e4r identisk med dess lukt. Det vill s\u00e4ga en stor m\u00e4ngd skunk i kombination med starka bensinstick.<\/p>\n<p>Mellan de oemotst\u00e5ndliga flodv\u00e5gorna av skarp smak bryter v\u00e5gor av sur citrus skunken. De k\u00e4nsliga tonerna ger tillr\u00e4ckligt med n\u00f6je till upplevelsen och f\u00f6rvandlar den till ett verkligt dynamiskt och intressant smakm\u00f6te.<\/p>\n<p>En annan aspekt som bidrar till Sour Diesels lockelse \u00e4r dess omedelbara effekt. Effekterna sl\u00e5r in minuter efter inandning och ger h\u00f6gtflygande sativa-lutande effekter som stimulerar sinnena och v\u00e4cka din kraft igen. P\u00e5 m\u00e5nga s\u00e4tt kan p\u00e5frestningen s\u00e4gas hj\u00e4lpa dig att \u00f6vervinna dina h\u00e4mningar, vilket g\u00f6r att du k\u00e4nner dig mer dj\u00e4rv, v\u00e5gad och sj\u00e4lvs\u00e4ker.<\/p>\n<p>Kan lindra fysiska och kognitiva obehag, Sour Diesel-stammen ingjuter ditt system med extra energi, vilket ger dig styrka och motivation att ta dig igenom en dags arbete och ansvar. Men ett varningens ord \u2013 Sour Diesel \u00e4r inte f\u00f6r svaga hj\u00e4rtan. Innan du tar en toke av denna monsterstam, se till att du har toleransen f\u00f6r starka sativa-effekter och potent smak.<\/p>\n<p>&nbsp;<\/p>\n<p>Plantering och bearbetning<\/p>\n<p> \u00c4ven om Sour Diesel-stammen \u00e4r m\u00e5ttligt sv\u00e5r f\u00f6r nyb\u00f6rjare, g\u00f6r dess unika genetik den till ett utm\u00e4rkt val f\u00f6r dem som s\u00f6ker kraftfulla effekter med minimal anstr\u00e4ngning. Stammar med mer specialiserade odlingskrav \u00e4r vanligtvis mycket mer l\u00e4mpade f\u00f6r extraktion, vilket ger mer potenta fullspektrumkoncentrat f\u00f6r hampaprodukter av h\u00f6gre kvalitet. S\u00e5ledes, trots sin m\u00e5ttliga sv\u00e5righet, l\u00f6nar sig Sour Diesel med suver\u00e4n hampa som \u00e4r idealisk f\u00f6r en m\u00e4ngd olika processer efter sk\u00f6rd.<\/p>\n<p>Om cirka 11 veckor, ge eller ta en vecka, blommar Sour Diesel. Den m\u00e5ttliga avkastningen \u00e4r begr\u00e4nsad till 3 uns per fot planth\u00f6jd. Som mest n\u00e5r din \u00f6rt en h\u00f6jd p\u00e5 \u00f6ver 7 fot, vilket g\u00f6r den n\u00e5got h\u00f6gre \u00e4n de flesta andra sorter.<\/p>\n<p>P\u00e5 grund av v\u00e4xtens utrymmesbehov kan det vara idealiskt att odla den utomhus, s\u00e4rskilt om du arbetar med begr\u00e4nsat utrymme. Inomhusf\u00f6rh\u00e5llanden kan dock vara gynnsamma f\u00f6r Sour Diesel s\u00e5 l\u00e4nge som tillr\u00e4cklig v\u00e4rme, ljus och l\u00e5g luftfuktighet tillhandah\u00e5lls. Genom att komplettera med fosforrika n\u00e4rings\u00e4mnen mot slutet av v\u00e4xtens v\u00e4xtperiod och sluta vattna cirka tre dagar f\u00f6re sk\u00f6rd, b\u00f6r du uppn\u00e5 en tarmvridande, stickande lukt och ett t\u00e4tt trikomlager f\u00f6r en utm\u00e4rkt resa.<\/p>\n<p>&nbsp;<\/p>\n<p>Vem \u00e4r den designad f\u00f6r?<\/p>\n<p>P\u00e5 grund av den intensiva smaken och de monstru\u00f6sa effekterna av Sour Diesel kommer inte alla att njuta av upplevelsen den ger. Anv\u00e4ndare med l\u00e5g tolerans och nyb\u00f6rjare kan bli \u00f6verv\u00e4ldigade inte bara av den otroliga smaken, utan ocks\u00e5 av de \u00f6verv\u00e4ldigande effekterna, som kan orsaka oro och oro hos vissa.<\/p>\n<p>\u00c4nd\u00e5 \u00e4r Sour Diesel fortfarande en legendarisk stam f\u00f6r veteraner och purister. som uppskattar potent hampa. F\u00f6r dem med mer erfarenhet kan den mullrande k\u00e4nslan av ett o\u00f6vertr\u00e4ffat energifl\u00f6de som str\u00f6mmar genom deras system ge den styrka, motivation och tankes\u00e4tt som kr\u00e4vs f\u00f6r att fullg\u00f6ra en dags ansvar \u2013 och mer.<\/p>\n<\/p><\/div><\/div>\n<section class=\"related products\">\n<h2><\/h2>\n<\/section>\n<div class=\"product-next-previous\">\n<div class=\"product-prev\"><\/div><\/div>\n","protected":false},"excerpt":{"rendered":"<div class=\"woocommerce-product-details__short-description\">\n<p>K\u00f6p Sour Diesel CBD-blomma till f\u00f6rs\u00e4ljning i Storbritannien, Europa \u00e4r en energigivande Sativa-dominant stam som hj\u00e4lper dig att f\u00f6rbli fokuserad, produktiv och balanserad under hela dag.<\/p>\n<\/p><\/div>\n","protected":false},"featured_media":4775,"comment_status":"open","ping_status":"closed","template":"","meta":[],"product_brand":[],"product_cat":[689],"product_tag":[],"class_list":{"0":"post-4761","1":"product","2":"type-product","3":"status-publish","4":"has-post-thumbnail","6":"product_cat-kop-hampablomma","8":"first","9":"instock","10":"shipping-taxable","11":"purchasable","12":"product-type-variable","13":"has-default-attributes"},"yoast_head":"<!-- This site is optimized with the Yoast SEO plugin v27.3 - https:\/\/yoast.com\/product\/yoast-seo-wordpress\/ -->\n<title>K\u00f6p Sour Diesel CBD Hampa Blomma Online - B\u00e4sta b\u00e4sta globala medicinerna<\/title>\n<meta name=\"description\" content=\"K\u00f6p Sour Diesel CBD-blomma Storbritannien, Europa \u00e4r en energigivande Sativa-dominant stam som hj\u00e4lper dig att h\u00e5lla dig fokuserad, produktiv och balanserad hela dagen.\" \/>\n<meta name=\"robots\" content=\"index, follow, max-snippet:-1, max-image-preview:large, max-video-preview:-1\" \/>\n<link rel=\"canonical\" href=\"https:\/\/medicinasinc.com\/se\/product\/kop-sur-diesel-cbd-hampa-blomma-online\/\" \/>\n<meta property=\"og:locale\" content=\"sv_SE\" \/>\n<meta property=\"og:type\" content=\"article\" \/>\n<meta property=\"og:title\" content=\"K\u00f6p Sour Diesel CBD Hampa Blomma Online - B\u00e4sta b\u00e4sta globala medicinerna\" \/>\n<meta property=\"og:description\" content=\"K\u00f6p Sour Diesel CBD-blomma Storbritannien, Europa \u00e4r en energigivande Sativa-dominant stam som hj\u00e4lper dig att h\u00e5lla dig fokuserad, produktiv och balanserad hela dagen.\" \/>\n<meta property=\"og:url\" content=\"https:\/\/medicinasinc.com\/se\/product\/kop-sur-diesel-cbd-hampa-blomma-online\/\" \/>\n<meta property=\"og:site_name\" content=\"Medicinas Inc\" \/>\n<meta property=\"article:modified_time\" content=\"2022-07-04T00:07:33+00:00\" \/>\n<meta property=\"og:image\" content=\"https:\/\/medicinasinc.com\/se\/wp-content\/uploads\/sites\/16\/2022\/02\/Buy-Sour-Diesel-CBD-Hemp-Flower-Online.jpg\" \/>\n\t<meta property=\"og:image:width\" content=\"600\" \/>\n\t<meta property=\"og:image:height\" content=\"600\" \/>\n\t<meta property=\"og:image:type\" content=\"image\/jpeg\" \/>\n<meta name=\"twitter:card\" content=\"summary_large_image\" \/>\n<meta name=\"twitter:label1\" content=\"Ber\u00e4knad l\u00e4stid\" \/>\n\t<meta name=\"twitter:data1\" content=\"5 minuter\" \/>\n<script type=\"application\/ld+json\" class=\"yoast-schema-graph\">{\"@context\":\"https:\\\/\\\/schema.org\",\"@graph\":[{\"@type\":\"WebPage\",\"@id\":\"https:\\\/\\\/medicinasinc.com\\\/se\\\/product\\\/kop-sur-diesel-cbd-hampa-blomma-online\\\/\",\"url\":\"https:\\\/\\\/medicinasinc.com\\\/se\\\/product\\\/kop-sur-diesel-cbd-hampa-blomma-online\\\/\",\"name\":\"K\u00f6p Sour Diesel CBD Hampa Blomma Online - B\u00e4sta b\u00e4sta globala medicinerna\",\"isPartOf\":{\"@id\":\"https:\\\/\\\/medicinasinc.com\\\/se\\\/#website\"},\"primaryImageOfPage\":{\"@id\":\"https:\\\/\\\/medicinasinc.com\\\/se\\\/product\\\/kop-sur-diesel-cbd-hampa-blomma-online\\\/#primaryimage\"},\"image\":{\"@id\":\"https:\\\/\\\/medicinasinc.com\\\/se\\\/product\\\/kop-sur-diesel-cbd-hampa-blomma-online\\\/#primaryimage\"},\"thumbnailUrl\":\"https:\\\/\\\/medicinasinc.com\\\/se\\\/wp-content\\\/uploads\\\/sites\\\/16\\\/2022\\\/02\\\/Buy-Sour-Diesel-CBD-Hemp-Flower-Online.jpg\",\"datePublished\":\"2022-02-20T15:41:01+00:00\",\"dateModified\":\"2022-07-04T00:07:33+00:00\",\"description\":\"K\u00f6p Sour Diesel CBD-blomma Storbritannien, Europa \u00e4r en energigivande Sativa-dominant stam som hj\u00e4lper dig att h\u00e5lla dig fokuserad, produktiv och balanserad hela dagen.\",\"breadcrumb\":{\"@id\":\"https:\\\/\\\/medicinasinc.com\\\/se\\\/product\\\/kop-sur-diesel-cbd-hampa-blomma-online\\\/#breadcrumb\"},\"inLanguage\":\"sv-SE\",\"potentialAction\":[{\"@type\":\"ReadAction\",\"target\":[\"https:\\\/\\\/medicinasinc.com\\\/se\\\/product\\\/kop-sur-diesel-cbd-hampa-blomma-online\\\/\"]}]},{\"@type\":\"ImageObject\",\"inLanguage\":\"sv-SE\",\"@id\":\"https:\\\/\\\/medicinasinc.com\\\/se\\\/product\\\/kop-sur-diesel-cbd-hampa-blomma-online\\\/#primaryimage\",\"url\":\"https:\\\/\\\/medicinasinc.com\\\/se\\\/wp-content\\\/uploads\\\/sites\\\/16\\\/2022\\\/02\\\/Buy-Sour-Diesel-CBD-Hemp-Flower-Online.jpg\",\"contentUrl\":\"https:\\\/\\\/medicinasinc.com\\\/se\\\/wp-content\\\/uploads\\\/sites\\\/16\\\/2022\\\/02\\\/Buy-Sour-Diesel-CBD-Hemp-Flower-Online.jpg\",\"width\":600,\"height\":600},{\"@type\":\"BreadcrumbList\",\"@id\":\"https:\\\/\\\/medicinasinc.com\\\/se\\\/product\\\/kop-sur-diesel-cbd-hampa-blomma-online\\\/#breadcrumb\",\"itemListElement\":[{\"@type\":\"ListItem\",\"position\":1,\"name\":\"aff\u00e4r\",\"item\":\"https:\\\/\\\/medicinasinc.com\\\/se\\\/affar\\\/\"},{\"@type\":\"ListItem\",\"position\":2,\"name\":\"K\u00f6p Sour Diesel CBD Hampa Blomma Online\"}]},{\"@type\":\"WebSite\",\"@id\":\"https:\\\/\\\/medicinasinc.com\\\/se\\\/#website\",\"url\":\"https:\\\/\\\/medicinasinc.com\\\/se\\\/\",\"name\":\"Medicinas Inc\",\"description\":\"Health Medical Clinic\",\"potentialAction\":[{\"@type\":\"SearchAction\",\"target\":{\"@type\":\"EntryPoint\",\"urlTemplate\":\"https:\\\/\\\/medicinasinc.com\\\/se\\\/?s={search_term_string}\"},\"query-input\":{\"@type\":\"PropertyValueSpecification\",\"valueRequired\":true,\"valueName\":\"search_term_string\"}}],\"inLanguage\":\"sv-SE\"}]}<\/script>\n<!-- \/ Yoast SEO plugin. -->","yoast_head_json":{"title":"K\u00f6p Sour Diesel CBD Hampa Blomma Online - B\u00e4sta b\u00e4sta globala medicinerna","description":"K\u00f6p Sour Diesel CBD-blomma Storbritannien, Europa \u00e4r en energigivande Sativa-dominant stam som hj\u00e4lper dig att h\u00e5lla dig fokuserad, produktiv och balanserad hela dagen.","robots":{"index":"index","follow":"follow","max-snippet":"max-snippet:-1","max-image-preview":"max-image-preview:large","max-video-preview":"max-video-preview:-1"},"canonical":"https:\/\/medicinasinc.com\/se\/product\/kop-sur-diesel-cbd-hampa-blomma-online\/","og_locale":"sv_SE","og_type":"article","og_title":"K\u00f6p Sour Diesel CBD Hampa Blomma Online - B\u00e4sta b\u00e4sta globala medicinerna","og_description":"K\u00f6p Sour Diesel CBD-blomma Storbritannien, Europa \u00e4r en energigivande Sativa-dominant stam som hj\u00e4lper dig att h\u00e5lla dig fokuserad, produktiv och balanserad hela dagen.","og_url":"https:\/\/medicinasinc.com\/se\/product\/kop-sur-diesel-cbd-hampa-blomma-online\/","og_site_name":"Medicinas Inc","article_modified_time":"2022-07-04T00:07:33+00:00","og_image":[{"width":600,"height":600,"url":"https:\/\/medicinasinc.com\/se\/wp-content\/uploads\/sites\/16\/2022\/02\/Buy-Sour-Diesel-CBD-Hemp-Flower-Online.jpg","type":"image\/jpeg"}],"twitter_card":"summary_large_image","twitter_misc":{"Ber\u00e4knad l\u00e4stid":"5 minuter"},"schema":{"@context":"https:\/\/schema.org","@graph":[{"@type":"WebPage","@id":"https:\/\/medicinasinc.com\/se\/product\/kop-sur-diesel-cbd-hampa-blomma-online\/","url":"https:\/\/medicinasinc.com\/se\/product\/kop-sur-diesel-cbd-hampa-blomma-online\/","name":"K\u00f6p Sour Diesel CBD Hampa Blomma Online - B\u00e4sta b\u00e4sta globala medicinerna","isPartOf":{"@id":"https:\/\/medicinasinc.com\/se\/#website"},"primaryImageOfPage":{"@id":"https:\/\/medicinasinc.com\/se\/product\/kop-sur-diesel-cbd-hampa-blomma-online\/#primaryimage"},"image":{"@id":"https:\/\/medicinasinc.com\/se\/product\/kop-sur-diesel-cbd-hampa-blomma-online\/#primaryimage"},"thumbnailUrl":"https:\/\/medicinasinc.com\/se\/wp-content\/uploads\/sites\/16\/2022\/02\/Buy-Sour-Diesel-CBD-Hemp-Flower-Online.jpg","datePublished":"2022-02-20T15:41:01+00:00","dateModified":"2022-07-04T00:07:33+00:00","description":"K\u00f6p Sour Diesel CBD-blomma Storbritannien, Europa \u00e4r en energigivande Sativa-dominant stam som hj\u00e4lper dig att h\u00e5lla dig fokuserad, produktiv och balanserad hela dagen.","breadcrumb":{"@id":"https:\/\/medicinasinc.com\/se\/product\/kop-sur-diesel-cbd-hampa-blomma-online\/#breadcrumb"},"inLanguage":"sv-SE","potentialAction":[{"@type":"ReadAction","target":["https:\/\/medicinasinc.com\/se\/product\/kop-sur-diesel-cbd-hampa-blomma-online\/"]}]},{"@type":"ImageObject","inLanguage":"sv-SE","@id":"https:\/\/medicinasinc.com\/se\/product\/kop-sur-diesel-cbd-hampa-blomma-online\/#primaryimage","url":"https:\/\/medicinasinc.com\/se\/wp-content\/uploads\/sites\/16\/2022\/02\/Buy-Sour-Diesel-CBD-Hemp-Flower-Online.jpg","contentUrl":"https:\/\/medicinasinc.com\/se\/wp-content\/uploads\/sites\/16\/2022\/02\/Buy-Sour-Diesel-CBD-Hemp-Flower-Online.jpg","width":600,"height":600},{"@type":"BreadcrumbList","@id":"https:\/\/medicinasinc.com\/se\/product\/kop-sur-diesel-cbd-hampa-blomma-online\/#breadcrumb","itemListElement":[{"@type":"ListItem","position":1,"name":"aff\u00e4r","item":"https:\/\/medicinasinc.com\/se\/affar\/"},{"@type":"ListItem","position":2,"name":"K\u00f6p Sour Diesel CBD Hampa Blomma Online"}]},{"@type":"WebSite","@id":"https:\/\/medicinasinc.com\/se\/#website","url":"https:\/\/medicinasinc.com\/se\/","name":"Medicinas Inc","description":"Health Medical Clinic","potentialAction":[{"@type":"SearchAction","target":{"@type":"EntryPoint","urlTemplate":"https:\/\/medicinasinc.com\/se\/?s={search_term_string}"},"query-input":{"@type":"PropertyValueSpecification","valueRequired":true,"valueName":"search_term_string"}}],"inLanguage":"sv-SE"}]}},"_links":{"self":[{"href":"https:\/\/medicinasinc.com\/se\/wp-json\/wp\/v2\/product\/4761","targetHints":{"allow":["GET"]}}],"collection":[{"href":"https:\/\/medicinasinc.com\/se\/wp-json\/wp\/v2\/product"}],"about":[{"href":"https:\/\/medicinasinc.com\/se\/wp-json\/wp\/v2\/types\/product"}],"replies":[{"embeddable":true,"href":"https:\/\/medicinasinc.com\/se\/wp-json\/wp\/v2\/comments?post=4761"}],"wp:featuredmedia":[{"embeddable":true,"href":"https:\/\/medicinasinc.com\/se\/wp-json\/wp\/v2\/media\/4775"}],"wp:attachment":[{"href":"https:\/\/medicinasinc.com\/se\/wp-json\/wp\/v2\/media?parent=4761"}],"wp:term":[{"taxonomy":"product_brand","embeddable":true,"href":"https:\/\/medicinasinc.com\/se\/wp-json\/wp\/v2\/product_brand?post=4761"},{"taxonomy":"product_cat","embeddable":true,"href":"https:\/\/medicinasinc.com\/se\/wp-json\/wp\/v2\/product_cat?post=4761"},{"taxonomy":"product_tag","embeddable":true,"href":"https:\/\/medicinasinc.com\/se\/wp-json\/wp\/v2\/product_tag?post=4761"}],"curies":[{"name":"wp","href":"https:\/\/api.w.org\/{rel}","templated":true}]}}