{"id":4759,"date":"2022-02-20T15:39:59","date_gmt":"2022-02-20T15:39:59","guid":{"rendered":"https:\/\/medicinasinc.com\/se\/?post_type=product&#038;p=4759"},"modified":"2022-07-04T00:07:46","modified_gmt":"2022-07-04T00:07:46","slug":"kop-suzy-q-cbd-hampa-blomma","status":"publish","type":"product","link":"https:\/\/medicinasinc.com\/se\/product\/kop-suzy-q-cbd-hampa-blomma\/","title":{"rendered":"K\u00f6p Suzy Q CBD hampablomma"},"content":{"rendered":"<p>Suzy Q \u00e4r en medelt\u00e4t, olivgr\u00f6n stam med m\u00f6rkt b\u00e4rnstensf\u00e4rgade h\u00e5r. Det rekommenderas f\u00f6r cannabisentusiaster som s\u00f6ker en klarsynt, upplyftande effekt. Den robusta smaken av denna stam k\u00e4nnetecknas av tr\u00e4aktiga toner och en hint av krydda. Suzy Q \u00e4r v\u00e4lk\u00e4nd f\u00f6r sin s\u00f6ta, jordn\u00e4ra arom och terpenprofil av pingiga, kryddiga terpener.<\/p>\n<p>Den j\u00e4mnt balanserade hybriden inneh\u00e5ller 50 % sativa (en mer stimulerande stam) och 50 % indica (en mer avkopplande stam), vilket resulterar i en synergistisk effekt. P\u00e5 grund av dess relativt h\u00f6ga CBD-inneh\u00e5ll \u00e4r det ett utm\u00e4rkt val f\u00f6r dem som s\u00f6ker en lugnande upplevelse. Det anses allm\u00e4nt vara en av de mest lugnande stammarna som finns.<\/p>\n<p>Suzy Q inneh\u00e5ller en h\u00f6g koncentration av CBD och endast ett sp\u00e5r av THC, l\u00e5ngt under den lagliga gr\u00e4nsen f\u00f6r hampa. Det h\u00e4r f\u00f6rh\u00e5llandet indikerar att du b\u00f6r f\u00f6rutse en milt upplyftande upplevelse.<\/p>\n<p>S\u00e4kerst\u00e4lla kvaliteten p\u00e5 hampablommor fr\u00e5n g\u00e5rd till f\u00f6rs\u00e4ljning<\/p>\n<p>Suzy Q hampablommor odlas p\u00e5 en pittoresk 100 hektar stor g\u00e5rd i norra Kalifornien. Norra Kaliforniens idylliska klimat skapar illusionen av en o\u00e4ndlig sommar, och de torra, ljusa dagarna resulterar i stora sk\u00f6rdar av vackra blommor fria fr\u00e5n m\u00f6gel eller mj\u00f6ldagg.<\/p>\n<p>V\u00e5r g\u00e5rd \u00e4r certifierad ekologisk, vilket inneb\u00e4r att ingen kemikalie konstg\u00f6dsel eller bek\u00e4mpningsmedel anv\u00e4nds. Vi \u00e4r mycket noga med att s\u00e4kerst\u00e4lla korrekt permakultur \u2013 odling av ett sj\u00e4lvf\u00f6rs\u00f6rjande och sj\u00e4lvf\u00f6rs\u00f6rjande jordbruksekosystem. Ett s\u00e4tt vi g\u00f6r detta p\u00e5 \u00e4r genom toppdressing av foder, som tvingar r\u00f6tterna att arbeta h\u00e5rdare f\u00f6r att fr\u00e4mja en sund jordmilj\u00f6 som fr\u00e4mjar v\u00e4xttillv\u00e4xt.<\/p>\n<p>N\u00e4r v\u00e5ra hampaplantor n\u00e5r sin fulla potential h\u00e4ngs de upp och ner. ner f\u00f6r att torka, sedan torrh\u00e4rdade och handputsade. Cannabis \u00e4r en extremt k\u00e4nslig v\u00e4xt. \u00c4ven mindre fel under odling eller sk\u00f6rd kan snabbt f\u00f6rs\u00e4mra knopparnas kvalitet. Vi kr\u00e4ver fullst\u00e4ndig transparens och kvalitetskontroll&#8230;och det borde du ocks\u00e5. Inget mindre kr\u00e4vs av hampablommor.<\/p>\n<p>V\u00e5r CBD-hampablomma har genomg\u00e5tt oberoende testning<\/p>\n<p>Varje gr\u00f6da testas f\u00f6r renhet och styrka hos en DEA-registrerad, ISO 17025-ackrediterad, AHCA -ackrediterat och CLIA-ackrediterat oberoende laboratorium. Hela paneltestningen unders\u00f6ker f\u00f6ljande:<\/p>\n<p>CBD, THC och andra cannabinoiders styrka.<br \/> Metaller lourdes (bly, kvicksilver, arsenik, kadmium).<br \/> Bakterier som t.ex. E. coli, s\u00e5v\u00e4l som andra patogener<br \/> F\u00f6roreningar som mykotoxiner.<\/p>\n<p>Varje best\u00e4llning kommer med ett analyscertifikat, vilket s\u00e4kerst\u00e4ller att du alltid vet exakt vad du f\u00e5r n\u00e4r du k\u00f6per Crescent Flower .<\/p>\n","protected":false},"excerpt":{"rendered":"<p>Suzy Q CBD Hampa Blomma Full Spectrum Hampa Blomma &#8211; K\u00f6p Suzy Q CBD Hampa Blomma Full Spectrum Hampa Blomma. Suzy Q \u00e4r en h\u00f6g-CBD, l\u00e5g-THC-stam med en piney-smak som hj\u00e4lper till vid behandling av symtom samtidigt som den producerar liten eller ingen eufori.<\/p>\n<p>Suzy Q \u00e4r en h\u00f6g-CBD, l\u00e5g-THC-stam med en piney-smak som hj\u00e4lper till vid behandling av symtom med liten eller ingen psykoaktiv effekt. Detta \u00e4r en utm\u00e4rkt stam att l\u00e4gga till CBD-familjen.<br \/> Cbd: 15%\u201317%<\/p>\n<p>0,2 procent thc<\/p>\n","protected":false},"featured_media":4773,"comment_status":"open","ping_status":"closed","template":"","meta":[],"product_brand":[],"product_cat":[689],"product_tag":[],"class_list":{"0":"post-4759","1":"product","2":"type-product","3":"status-publish","4":"has-post-thumbnail","6":"product_cat-kop-hampablomma","8":"first","9":"instock","10":"shipping-taxable","11":"purchasable","12":"product-type-variable","13":"has-default-attributes"},"yoast_head":"<!-- This site is optimized with the Yoast SEO plugin v27.3 - https:\/\/yoast.com\/product\/yoast-seo-wordpress\/ -->\n<title>K\u00f6p Suzy Q CBD hampablomma - b\u00e4sta b\u00e4sta globala medicinen<\/title>\n<meta name=\"description\" content=\"K\u00f6p Suzy Q CBD Hampa Blomma Full Spectrum Hampa Blomma. Suzy Q \u00e4r en h\u00f6g-CBD, l\u00e5g-THC-stam med en piny smak som hj\u00e4lper till att behandla symtom med lite eller ingen euforisk h\u00f6g.\" \/>\n<meta name=\"robots\" content=\"index, follow, max-snippet:-1, max-image-preview:large, max-video-preview:-1\" \/>\n<link rel=\"canonical\" href=\"https:\/\/medicinasinc.com\/se\/product\/kop-suzy-q-cbd-hampa-blomma\/\" \/>\n<meta property=\"og:locale\" content=\"sv_SE\" \/>\n<meta property=\"og:type\" content=\"article\" \/>\n<meta property=\"og:title\" content=\"K\u00f6p Suzy Q CBD hampablomma - b\u00e4sta b\u00e4sta globala medicinen\" \/>\n<meta property=\"og:description\" content=\"K\u00f6p Suzy Q CBD Hampa Blomma Full Spectrum Hampa Blomma. Suzy Q \u00e4r en h\u00f6g-CBD, l\u00e5g-THC-stam med en piny smak som hj\u00e4lper till att behandla symtom med lite eller ingen euforisk h\u00f6g.\" \/>\n<meta property=\"og:url\" content=\"https:\/\/medicinasinc.com\/se\/product\/kop-suzy-q-cbd-hampa-blomma\/\" \/>\n<meta property=\"og:site_name\" content=\"Medicinas Inc\" \/>\n<meta property=\"article:modified_time\" content=\"2022-07-04T00:07:46+00:00\" \/>\n<meta property=\"og:image\" content=\"https:\/\/medicinasinc.com\/se\/wp-content\/uploads\/sites\/16\/2022\/02\/Buy-Suzy-Q-CBD-Hemp-Flower-Online.jpg\" \/>\n\t<meta property=\"og:image:width\" content=\"600\" \/>\n\t<meta property=\"og:image:height\" content=\"600\" \/>\n\t<meta property=\"og:image:type\" content=\"image\/jpeg\" \/>\n<meta name=\"twitter:card\" content=\"summary_large_image\" \/>\n<meta name=\"twitter:label1\" content=\"Ber\u00e4knad l\u00e4stid\" \/>\n\t<meta name=\"twitter:data1\" content=\"2 minuter\" \/>\n<script type=\"application\/ld+json\" class=\"yoast-schema-graph\">{\"@context\":\"https:\\\/\\\/schema.org\",\"@graph\":[{\"@type\":\"WebPage\",\"@id\":\"https:\\\/\\\/medicinasinc.com\\\/se\\\/product\\\/kop-suzy-q-cbd-hampa-blomma\\\/\",\"url\":\"https:\\\/\\\/medicinasinc.com\\\/se\\\/product\\\/kop-suzy-q-cbd-hampa-blomma\\\/\",\"name\":\"K\u00f6p Suzy Q CBD hampablomma - b\u00e4sta b\u00e4sta globala medicinen\",\"isPartOf\":{\"@id\":\"https:\\\/\\\/medicinasinc.com\\\/se\\\/#website\"},\"primaryImageOfPage\":{\"@id\":\"https:\\\/\\\/medicinasinc.com\\\/se\\\/product\\\/kop-suzy-q-cbd-hampa-blomma\\\/#primaryimage\"},\"image\":{\"@id\":\"https:\\\/\\\/medicinasinc.com\\\/se\\\/product\\\/kop-suzy-q-cbd-hampa-blomma\\\/#primaryimage\"},\"thumbnailUrl\":\"https:\\\/\\\/medicinasinc.com\\\/se\\\/wp-content\\\/uploads\\\/sites\\\/16\\\/2022\\\/02\\\/Buy-Suzy-Q-CBD-Hemp-Flower-Online.jpg\",\"datePublished\":\"2022-02-20T15:39:59+00:00\",\"dateModified\":\"2022-07-04T00:07:46+00:00\",\"description\":\"K\u00f6p Suzy Q CBD Hampa Blomma Full Spectrum Hampa Blomma. Suzy Q \u00e4r en h\u00f6g-CBD, l\u00e5g-THC-stam med en piny smak som hj\u00e4lper till att behandla symtom med lite eller ingen euforisk h\u00f6g.\",\"breadcrumb\":{\"@id\":\"https:\\\/\\\/medicinasinc.com\\\/se\\\/product\\\/kop-suzy-q-cbd-hampa-blomma\\\/#breadcrumb\"},\"inLanguage\":\"sv-SE\",\"potentialAction\":[{\"@type\":\"ReadAction\",\"target\":[\"https:\\\/\\\/medicinasinc.com\\\/se\\\/product\\\/kop-suzy-q-cbd-hampa-blomma\\\/\"]}]},{\"@type\":\"ImageObject\",\"inLanguage\":\"sv-SE\",\"@id\":\"https:\\\/\\\/medicinasinc.com\\\/se\\\/product\\\/kop-suzy-q-cbd-hampa-blomma\\\/#primaryimage\",\"url\":\"https:\\\/\\\/medicinasinc.com\\\/se\\\/wp-content\\\/uploads\\\/sites\\\/16\\\/2022\\\/02\\\/Buy-Suzy-Q-CBD-Hemp-Flower-Online.jpg\",\"contentUrl\":\"https:\\\/\\\/medicinasinc.com\\\/se\\\/wp-content\\\/uploads\\\/sites\\\/16\\\/2022\\\/02\\\/Buy-Suzy-Q-CBD-Hemp-Flower-Online.jpg\",\"width\":600,\"height\":600},{\"@type\":\"BreadcrumbList\",\"@id\":\"https:\\\/\\\/medicinasinc.com\\\/se\\\/product\\\/kop-suzy-q-cbd-hampa-blomma\\\/#breadcrumb\",\"itemListElement\":[{\"@type\":\"ListItem\",\"position\":1,\"name\":\"aff\u00e4r\",\"item\":\"https:\\\/\\\/medicinasinc.com\\\/se\\\/affar\\\/\"},{\"@type\":\"ListItem\",\"position\":2,\"name\":\"K\u00f6p Suzy Q CBD hampablomma\"}]},{\"@type\":\"WebSite\",\"@id\":\"https:\\\/\\\/medicinasinc.com\\\/se\\\/#website\",\"url\":\"https:\\\/\\\/medicinasinc.com\\\/se\\\/\",\"name\":\"Medicinas Inc\",\"description\":\"Health Medical Clinic\",\"potentialAction\":[{\"@type\":\"SearchAction\",\"target\":{\"@type\":\"EntryPoint\",\"urlTemplate\":\"https:\\\/\\\/medicinasinc.com\\\/se\\\/?s={search_term_string}\"},\"query-input\":{\"@type\":\"PropertyValueSpecification\",\"valueRequired\":true,\"valueName\":\"search_term_string\"}}],\"inLanguage\":\"sv-SE\"}]}<\/script>\n<!-- \/ Yoast SEO plugin. -->","yoast_head_json":{"title":"K\u00f6p Suzy Q CBD hampablomma - b\u00e4sta b\u00e4sta globala medicinen","description":"K\u00f6p Suzy Q CBD Hampa Blomma Full Spectrum Hampa Blomma. Suzy Q \u00e4r en h\u00f6g-CBD, l\u00e5g-THC-stam med en piny smak som hj\u00e4lper till att behandla symtom med lite eller ingen euforisk h\u00f6g.","robots":{"index":"index","follow":"follow","max-snippet":"max-snippet:-1","max-image-preview":"max-image-preview:large","max-video-preview":"max-video-preview:-1"},"canonical":"https:\/\/medicinasinc.com\/se\/product\/kop-suzy-q-cbd-hampa-blomma\/","og_locale":"sv_SE","og_type":"article","og_title":"K\u00f6p Suzy Q CBD hampablomma - b\u00e4sta b\u00e4sta globala medicinen","og_description":"K\u00f6p Suzy Q CBD Hampa Blomma Full Spectrum Hampa Blomma. Suzy Q \u00e4r en h\u00f6g-CBD, l\u00e5g-THC-stam med en piny smak som hj\u00e4lper till att behandla symtom med lite eller ingen euforisk h\u00f6g.","og_url":"https:\/\/medicinasinc.com\/se\/product\/kop-suzy-q-cbd-hampa-blomma\/","og_site_name":"Medicinas Inc","article_modified_time":"2022-07-04T00:07:46+00:00","og_image":[{"width":600,"height":600,"url":"https:\/\/medicinasinc.com\/se\/wp-content\/uploads\/sites\/16\/2022\/02\/Buy-Suzy-Q-CBD-Hemp-Flower-Online.jpg","type":"image\/jpeg"}],"twitter_card":"summary_large_image","twitter_misc":{"Ber\u00e4knad l\u00e4stid":"2 minuter"},"schema":{"@context":"https:\/\/schema.org","@graph":[{"@type":"WebPage","@id":"https:\/\/medicinasinc.com\/se\/product\/kop-suzy-q-cbd-hampa-blomma\/","url":"https:\/\/medicinasinc.com\/se\/product\/kop-suzy-q-cbd-hampa-blomma\/","name":"K\u00f6p Suzy Q CBD hampablomma - b\u00e4sta b\u00e4sta globala medicinen","isPartOf":{"@id":"https:\/\/medicinasinc.com\/se\/#website"},"primaryImageOfPage":{"@id":"https:\/\/medicinasinc.com\/se\/product\/kop-suzy-q-cbd-hampa-blomma\/#primaryimage"},"image":{"@id":"https:\/\/medicinasinc.com\/se\/product\/kop-suzy-q-cbd-hampa-blomma\/#primaryimage"},"thumbnailUrl":"https:\/\/medicinasinc.com\/se\/wp-content\/uploads\/sites\/16\/2022\/02\/Buy-Suzy-Q-CBD-Hemp-Flower-Online.jpg","datePublished":"2022-02-20T15:39:59+00:00","dateModified":"2022-07-04T00:07:46+00:00","description":"K\u00f6p Suzy Q CBD Hampa Blomma Full Spectrum Hampa Blomma. Suzy Q \u00e4r en h\u00f6g-CBD, l\u00e5g-THC-stam med en piny smak som hj\u00e4lper till att behandla symtom med lite eller ingen euforisk h\u00f6g.","breadcrumb":{"@id":"https:\/\/medicinasinc.com\/se\/product\/kop-suzy-q-cbd-hampa-blomma\/#breadcrumb"},"inLanguage":"sv-SE","potentialAction":[{"@type":"ReadAction","target":["https:\/\/medicinasinc.com\/se\/product\/kop-suzy-q-cbd-hampa-blomma\/"]}]},{"@type":"ImageObject","inLanguage":"sv-SE","@id":"https:\/\/medicinasinc.com\/se\/product\/kop-suzy-q-cbd-hampa-blomma\/#primaryimage","url":"https:\/\/medicinasinc.com\/se\/wp-content\/uploads\/sites\/16\/2022\/02\/Buy-Suzy-Q-CBD-Hemp-Flower-Online.jpg","contentUrl":"https:\/\/medicinasinc.com\/se\/wp-content\/uploads\/sites\/16\/2022\/02\/Buy-Suzy-Q-CBD-Hemp-Flower-Online.jpg","width":600,"height":600},{"@type":"BreadcrumbList","@id":"https:\/\/medicinasinc.com\/se\/product\/kop-suzy-q-cbd-hampa-blomma\/#breadcrumb","itemListElement":[{"@type":"ListItem","position":1,"name":"aff\u00e4r","item":"https:\/\/medicinasinc.com\/se\/affar\/"},{"@type":"ListItem","position":2,"name":"K\u00f6p Suzy Q CBD hampablomma"}]},{"@type":"WebSite","@id":"https:\/\/medicinasinc.com\/se\/#website","url":"https:\/\/medicinasinc.com\/se\/","name":"Medicinas Inc","description":"Health Medical Clinic","potentialAction":[{"@type":"SearchAction","target":{"@type":"EntryPoint","urlTemplate":"https:\/\/medicinasinc.com\/se\/?s={search_term_string}"},"query-input":{"@type":"PropertyValueSpecification","valueRequired":true,"valueName":"search_term_string"}}],"inLanguage":"sv-SE"}]}},"_links":{"self":[{"href":"https:\/\/medicinasinc.com\/se\/wp-json\/wp\/v2\/product\/4759","targetHints":{"allow":["GET"]}}],"collection":[{"href":"https:\/\/medicinasinc.com\/se\/wp-json\/wp\/v2\/product"}],"about":[{"href":"https:\/\/medicinasinc.com\/se\/wp-json\/wp\/v2\/types\/product"}],"replies":[{"embeddable":true,"href":"https:\/\/medicinasinc.com\/se\/wp-json\/wp\/v2\/comments?post=4759"}],"wp:featuredmedia":[{"embeddable":true,"href":"https:\/\/medicinasinc.com\/se\/wp-json\/wp\/v2\/media\/4773"}],"wp:attachment":[{"href":"https:\/\/medicinasinc.com\/se\/wp-json\/wp\/v2\/media?parent=4759"}],"wp:term":[{"taxonomy":"product_brand","embeddable":true,"href":"https:\/\/medicinasinc.com\/se\/wp-json\/wp\/v2\/product_brand?post=4759"},{"taxonomy":"product_cat","embeddable":true,"href":"https:\/\/medicinasinc.com\/se\/wp-json\/wp\/v2\/product_cat?post=4759"},{"taxonomy":"product_tag","embeddable":true,"href":"https:\/\/medicinasinc.com\/se\/wp-json\/wp\/v2\/product_tag?post=4759"}],"curies":[{"name":"wp","href":"https:\/\/api.w.org\/{rel}","templated":true}]}}