{"id":4748,"date":"2022-02-20T15:30:50","date_gmt":"2022-02-20T15:30:50","guid":{"rendered":"https:\/\/medicinasinc.com\/se\/?post_type=product&#038;p=4748"},"modified":"2022-07-04T00:08:08","modified_gmt":"2022-07-04T00:08:08","slug":"kop-hawaiisk-furu-hampa-blomma","status":"publish","type":"product","link":"https:\/\/medicinasinc.com\/se\/product\/kop-hawaiisk-furu-hampa-blomma\/","title":{"rendered":"K\u00f6p Hawaiian Pine Hampa Flower"},"content":{"rendered":"<div class=\"woocommerce-tabs wc-tabs-wrapper\">\n<div id=\"tab-description\" class=\"woocommerce-Tabs-panel woocommerce-Tabs-panel--description panel entry-content wc-tab\" role=\"tabpanel\" aria-labelledby=\"tab-title-description\">\n<p>Hampblomma med Hawaiian Pine CBD<\/p>\n<p>Hawaiian Pine CBD Hampablomstammen inneh\u00e5ller mindre \u00e4n 2 % Delta 9 THC, vilket \u00e4r laglig THC-gr\u00e4ns, och om den konsumeras med m\u00e5tta, kommer du inte att misslyckas med ett drogtest, men vi ger inga garantier.<\/p>\n<p>P\u00e5 Bud Chasers s\u00e4tter vi h\u00f6gsta prioritet p\u00e5 kvalitet och s\u00e4kerhet, vilket \u00e4r anledningen till att varje parti CBD-blommor testas och godk\u00e4nns av Department of Agriculture f\u00f6re distribution.<\/p>\n<p>CBD-rika mediciner kan kanske hj\u00e4lpa mot inflammationer och anfall men har f\u00e5 psykoaktiva effekter. P\u00e5 grund av den h\u00f6ga alkoholhalten rekommenderar vi att du placerar den i sidan av munnen (mot kinden) och h\u00e5ller den i 30-60 sekunder. Tinkturen kan sp\u00e4das ut i juice eller te, men det kommer att ta l\u00e4ngre tid innan den tr\u00e4der i kraft.<\/p>\n<p>CBD-hampblomma fr\u00e5n Hawaiian Pine \u00e4r nu tillg\u00e4nglig.<\/p>\n<p>K\u00f6p Hawaiian Pine CBD-hampablomma fr\u00e5n hampa Online just nu; dessutom kan du g\u00f6ra en best\u00e4llning h\u00e4r och g\u00f6ra ett omedelbart k\u00f6p.<\/p>\n<p>CBD-blomma fr\u00e5n Hawaiian Pine<\/p>\n<\/p><\/div><\/div>\n","protected":false},"excerpt":{"rendered":"<div class=\"woocommerce-product-details__short-description\">\n<p>K\u00f6p hawaiisk tall CBD hampablomma online fr\u00e5n medicinasinc.com\/se. Handla en m\u00e4ngd olika marijuanarelaterade produkter och mer. Leverans \u00e4r gratis.<\/p>\n<p>Vi erbjuder \u00f6verl\u00e4gsen Hawaiian Pine CBD Hampa Flower f\u00f6r medicinska eller rekreations\u00e4ndam\u00e5l.<\/p>\n<\/p><\/div>\n","protected":false},"featured_media":4760,"comment_status":"open","ping_status":"closed","template":"","meta":[],"product_brand":[],"product_cat":[689],"product_tag":[],"class_list":{"0":"post-4748","1":"product","2":"type-product","3":"status-publish","4":"has-post-thumbnail","6":"product_cat-kop-hampablomma","8":"first","9":"instock","10":"shipping-taxable","11":"purchasable","12":"product-type-variable","13":"has-default-attributes"},"yoast_head":"<!-- This site is optimized with the Yoast SEO plugin v27.3 - https:\/\/yoast.com\/product\/yoast-seo-wordpress\/ -->\n<title>K\u00f6p Hawaiian Pine Hemp Flower - B\u00e4sta b\u00e4sta globala medicinen<\/title>\n<meta name=\"description\" content=\"K\u00f6p Hawaiian tall CBD hampa blomma (1 pund) online p\u00e5 medicinasinc.com\/se. Handla f\u00f6r ett brett urval av marijuanaprodukter och mer. Fri leverans.\" \/>\n<meta name=\"robots\" content=\"index, follow, max-snippet:-1, max-image-preview:large, max-video-preview:-1\" \/>\n<link rel=\"canonical\" href=\"https:\/\/medicinasinc.com\/se\/product\/kop-hawaiisk-furu-hampa-blomma\/\" \/>\n<meta property=\"og:locale\" content=\"sv_SE\" \/>\n<meta property=\"og:type\" content=\"article\" \/>\n<meta property=\"og:title\" content=\"K\u00f6p Hawaiian Pine Hemp Flower - B\u00e4sta b\u00e4sta globala medicinen\" \/>\n<meta property=\"og:description\" content=\"K\u00f6p Hawaiian tall CBD hampa blomma (1 pund) online p\u00e5 medicinasinc.com\/se. Handla f\u00f6r ett brett urval av marijuanaprodukter och mer. Fri leverans.\" \/>\n<meta property=\"og:url\" content=\"https:\/\/medicinasinc.com\/se\/product\/kop-hawaiisk-furu-hampa-blomma\/\" \/>\n<meta property=\"og:site_name\" content=\"Medicinas Inc\" \/>\n<meta property=\"article:modified_time\" content=\"2022-07-04T00:08:08+00:00\" \/>\n<meta property=\"og:image\" content=\"https:\/\/medicinasinc.com\/se\/wp-content\/uploads\/sites\/16\/2022\/02\/Buy-Hawaiian-Pine-Hemp-Flower-Onlin.jpg\" \/>\n\t<meta property=\"og:image:width\" content=\"600\" \/>\n\t<meta property=\"og:image:height\" content=\"600\" \/>\n\t<meta property=\"og:image:type\" content=\"image\/jpeg\" \/>\n<meta name=\"twitter:card\" content=\"summary_large_image\" \/>\n<meta name=\"twitter:label1\" content=\"Ber\u00e4knad l\u00e4stid\" \/>\n\t<meta name=\"twitter:data1\" content=\"1 minut\" \/>\n<script type=\"application\/ld+json\" class=\"yoast-schema-graph\">{\"@context\":\"https:\\\/\\\/schema.org\",\"@graph\":[{\"@type\":\"WebPage\",\"@id\":\"https:\\\/\\\/medicinasinc.com\\\/se\\\/product\\\/kop-hawaiisk-furu-hampa-blomma\\\/\",\"url\":\"https:\\\/\\\/medicinasinc.com\\\/se\\\/product\\\/kop-hawaiisk-furu-hampa-blomma\\\/\",\"name\":\"K\u00f6p Hawaiian Pine Hemp Flower - B\u00e4sta b\u00e4sta globala medicinen\",\"isPartOf\":{\"@id\":\"https:\\\/\\\/medicinasinc.com\\\/se\\\/#website\"},\"primaryImageOfPage\":{\"@id\":\"https:\\\/\\\/medicinasinc.com\\\/se\\\/product\\\/kop-hawaiisk-furu-hampa-blomma\\\/#primaryimage\"},\"image\":{\"@id\":\"https:\\\/\\\/medicinasinc.com\\\/se\\\/product\\\/kop-hawaiisk-furu-hampa-blomma\\\/#primaryimage\"},\"thumbnailUrl\":\"https:\\\/\\\/medicinasinc.com\\\/se\\\/wp-content\\\/uploads\\\/sites\\\/16\\\/2022\\\/02\\\/Buy-Hawaiian-Pine-Hemp-Flower-Onlin.jpg\",\"datePublished\":\"2022-02-20T15:30:50+00:00\",\"dateModified\":\"2022-07-04T00:08:08+00:00\",\"description\":\"K\u00f6p Hawaiian tall CBD hampa blomma (1 pund) online p\u00e5 medicinasinc.com\\\/se. Handla f\u00f6r ett brett urval av marijuanaprodukter och mer. Fri leverans.\",\"breadcrumb\":{\"@id\":\"https:\\\/\\\/medicinasinc.com\\\/se\\\/product\\\/kop-hawaiisk-furu-hampa-blomma\\\/#breadcrumb\"},\"inLanguage\":\"sv-SE\",\"potentialAction\":[{\"@type\":\"ReadAction\",\"target\":[\"https:\\\/\\\/medicinasinc.com\\\/se\\\/product\\\/kop-hawaiisk-furu-hampa-blomma\\\/\"]}]},{\"@type\":\"ImageObject\",\"inLanguage\":\"sv-SE\",\"@id\":\"https:\\\/\\\/medicinasinc.com\\\/se\\\/product\\\/kop-hawaiisk-furu-hampa-blomma\\\/#primaryimage\",\"url\":\"https:\\\/\\\/medicinasinc.com\\\/se\\\/wp-content\\\/uploads\\\/sites\\\/16\\\/2022\\\/02\\\/Buy-Hawaiian-Pine-Hemp-Flower-Onlin.jpg\",\"contentUrl\":\"https:\\\/\\\/medicinasinc.com\\\/se\\\/wp-content\\\/uploads\\\/sites\\\/16\\\/2022\\\/02\\\/Buy-Hawaiian-Pine-Hemp-Flower-Onlin.jpg\",\"width\":600,\"height\":600},{\"@type\":\"BreadcrumbList\",\"@id\":\"https:\\\/\\\/medicinasinc.com\\\/se\\\/product\\\/kop-hawaiisk-furu-hampa-blomma\\\/#breadcrumb\",\"itemListElement\":[{\"@type\":\"ListItem\",\"position\":1,\"name\":\"aff\u00e4r\",\"item\":\"https:\\\/\\\/medicinasinc.com\\\/se\\\/affar\\\/\"},{\"@type\":\"ListItem\",\"position\":2,\"name\":\"K\u00f6p Hawaiian Pine Hampa Flower\"}]},{\"@type\":\"WebSite\",\"@id\":\"https:\\\/\\\/medicinasinc.com\\\/se\\\/#website\",\"url\":\"https:\\\/\\\/medicinasinc.com\\\/se\\\/\",\"name\":\"Medicinas Inc\",\"description\":\"Health Medical Clinic\",\"potentialAction\":[{\"@type\":\"SearchAction\",\"target\":{\"@type\":\"EntryPoint\",\"urlTemplate\":\"https:\\\/\\\/medicinasinc.com\\\/se\\\/?s={search_term_string}\"},\"query-input\":{\"@type\":\"PropertyValueSpecification\",\"valueRequired\":true,\"valueName\":\"search_term_string\"}}],\"inLanguage\":\"sv-SE\"}]}<\/script>\n<!-- \/ Yoast SEO plugin. -->","yoast_head_json":{"title":"K\u00f6p Hawaiian Pine Hemp Flower - B\u00e4sta b\u00e4sta globala medicinen","description":"K\u00f6p Hawaiian tall CBD hampa blomma (1 pund) online p\u00e5 medicinasinc.com\/se. Handla f\u00f6r ett brett urval av marijuanaprodukter och mer. Fri leverans.","robots":{"index":"index","follow":"follow","max-snippet":"max-snippet:-1","max-image-preview":"max-image-preview:large","max-video-preview":"max-video-preview:-1"},"canonical":"https:\/\/medicinasinc.com\/se\/product\/kop-hawaiisk-furu-hampa-blomma\/","og_locale":"sv_SE","og_type":"article","og_title":"K\u00f6p Hawaiian Pine Hemp Flower - B\u00e4sta b\u00e4sta globala medicinen","og_description":"K\u00f6p Hawaiian tall CBD hampa blomma (1 pund) online p\u00e5 medicinasinc.com\/se. Handla f\u00f6r ett brett urval av marijuanaprodukter och mer. Fri leverans.","og_url":"https:\/\/medicinasinc.com\/se\/product\/kop-hawaiisk-furu-hampa-blomma\/","og_site_name":"Medicinas Inc","article_modified_time":"2022-07-04T00:08:08+00:00","og_image":[{"width":600,"height":600,"url":"https:\/\/medicinasinc.com\/se\/wp-content\/uploads\/sites\/16\/2022\/02\/Buy-Hawaiian-Pine-Hemp-Flower-Onlin.jpg","type":"image\/jpeg"}],"twitter_card":"summary_large_image","twitter_misc":{"Ber\u00e4knad l\u00e4stid":"1 minut"},"schema":{"@context":"https:\/\/schema.org","@graph":[{"@type":"WebPage","@id":"https:\/\/medicinasinc.com\/se\/product\/kop-hawaiisk-furu-hampa-blomma\/","url":"https:\/\/medicinasinc.com\/se\/product\/kop-hawaiisk-furu-hampa-blomma\/","name":"K\u00f6p Hawaiian Pine Hemp Flower - B\u00e4sta b\u00e4sta globala medicinen","isPartOf":{"@id":"https:\/\/medicinasinc.com\/se\/#website"},"primaryImageOfPage":{"@id":"https:\/\/medicinasinc.com\/se\/product\/kop-hawaiisk-furu-hampa-blomma\/#primaryimage"},"image":{"@id":"https:\/\/medicinasinc.com\/se\/product\/kop-hawaiisk-furu-hampa-blomma\/#primaryimage"},"thumbnailUrl":"https:\/\/medicinasinc.com\/se\/wp-content\/uploads\/sites\/16\/2022\/02\/Buy-Hawaiian-Pine-Hemp-Flower-Onlin.jpg","datePublished":"2022-02-20T15:30:50+00:00","dateModified":"2022-07-04T00:08:08+00:00","description":"K\u00f6p Hawaiian tall CBD hampa blomma (1 pund) online p\u00e5 medicinasinc.com\/se. Handla f\u00f6r ett brett urval av marijuanaprodukter och mer. Fri leverans.","breadcrumb":{"@id":"https:\/\/medicinasinc.com\/se\/product\/kop-hawaiisk-furu-hampa-blomma\/#breadcrumb"},"inLanguage":"sv-SE","potentialAction":[{"@type":"ReadAction","target":["https:\/\/medicinasinc.com\/se\/product\/kop-hawaiisk-furu-hampa-blomma\/"]}]},{"@type":"ImageObject","inLanguage":"sv-SE","@id":"https:\/\/medicinasinc.com\/se\/product\/kop-hawaiisk-furu-hampa-blomma\/#primaryimage","url":"https:\/\/medicinasinc.com\/se\/wp-content\/uploads\/sites\/16\/2022\/02\/Buy-Hawaiian-Pine-Hemp-Flower-Onlin.jpg","contentUrl":"https:\/\/medicinasinc.com\/se\/wp-content\/uploads\/sites\/16\/2022\/02\/Buy-Hawaiian-Pine-Hemp-Flower-Onlin.jpg","width":600,"height":600},{"@type":"BreadcrumbList","@id":"https:\/\/medicinasinc.com\/se\/product\/kop-hawaiisk-furu-hampa-blomma\/#breadcrumb","itemListElement":[{"@type":"ListItem","position":1,"name":"aff\u00e4r","item":"https:\/\/medicinasinc.com\/se\/affar\/"},{"@type":"ListItem","position":2,"name":"K\u00f6p Hawaiian Pine Hampa Flower"}]},{"@type":"WebSite","@id":"https:\/\/medicinasinc.com\/se\/#website","url":"https:\/\/medicinasinc.com\/se\/","name":"Medicinas Inc","description":"Health Medical Clinic","potentialAction":[{"@type":"SearchAction","target":{"@type":"EntryPoint","urlTemplate":"https:\/\/medicinasinc.com\/se\/?s={search_term_string}"},"query-input":{"@type":"PropertyValueSpecification","valueRequired":true,"valueName":"search_term_string"}}],"inLanguage":"sv-SE"}]}},"_links":{"self":[{"href":"https:\/\/medicinasinc.com\/se\/wp-json\/wp\/v2\/product\/4748","targetHints":{"allow":["GET"]}}],"collection":[{"href":"https:\/\/medicinasinc.com\/se\/wp-json\/wp\/v2\/product"}],"about":[{"href":"https:\/\/medicinasinc.com\/se\/wp-json\/wp\/v2\/types\/product"}],"replies":[{"embeddable":true,"href":"https:\/\/medicinasinc.com\/se\/wp-json\/wp\/v2\/comments?post=4748"}],"wp:featuredmedia":[{"embeddable":true,"href":"https:\/\/medicinasinc.com\/se\/wp-json\/wp\/v2\/media\/4760"}],"wp:attachment":[{"href":"https:\/\/medicinasinc.com\/se\/wp-json\/wp\/v2\/media?parent=4748"}],"wp:term":[{"taxonomy":"product_brand","embeddable":true,"href":"https:\/\/medicinasinc.com\/se\/wp-json\/wp\/v2\/product_brand?post=4748"},{"taxonomy":"product_cat","embeddable":true,"href":"https:\/\/medicinasinc.com\/se\/wp-json\/wp\/v2\/product_cat?post=4748"},{"taxonomy":"product_tag","embeddable":true,"href":"https:\/\/medicinasinc.com\/se\/wp-json\/wp\/v2\/product_tag?post=4748"}],"curies":[{"name":"wp","href":"https:\/\/api.w.org\/{rel}","templated":true}]}}