{"id":4734,"date":"2022-02-20T15:19:28","date_gmt":"2022-02-20T15:19:28","guid":{"rendered":"https:\/\/medicinasinc.com\/se\/?post_type=product&#038;p=4734"},"modified":"2022-07-04T00:08:16","modified_gmt":"2022-07-04T00:08:16","slug":"thc-live-diamonds-superior-extrakt","status":"publish","type":"product","link":"https:\/\/medicinasinc.com\/se\/product\/thc-live-diamonds-superior-extrakt\/","title":{"rendered":"THC Live Diamonds- Superior Extrakt"},"content":{"rendered":"<p>THC Live Diamonds av \u00f6verl\u00e4gsen kvalitet<br \/> Ofta h\u00e4nvisade till som &#8221;v\u00e4rldens starkaste dabs&#8221;, Superior THC Live Diamonds \u00e4r ett nytt extrakt som snabbt vinner dragkraft i cannabisgemenskapen som det mest potenta koncentratet p\u00e5 marknaden. Detta kristalliserade extrakt inneh\u00e5ller mer \u00e4n 99 procent rent THC-A \u2013 som inte ger en psykoaktiv effekt n\u00e4r det konsumeras, men kr\u00e4ver dekarboxylering (f\u00f6rbr\u00e4nning) f\u00f6r att omvandlas till psykoaktivt THC.<\/p>\n<p>\u00d6verl\u00e4gsen THC Live Diamonds \u00e4r gjorda av levande diamanter. harts, som hj\u00e4lper till att beh\u00e5lla terpener, vilket resulterar i ett mer smakrikt koncentrat!<br \/> Medan det levande hartset \u00e4r tr\u00f6gflytande f\u00f6rsluts det i en trycksatt beh\u00e5llare och f\u00e5r svalna till rumstemperatur. Inom denna blandning bildas THCA-kristaller som faller till botten av burken med tiden. De kvarvarande terpenerna i det levande hartset stiger upp till ytan och bildar ett tr\u00f6gflytande lager. Som ett resultat skapas ett koncentrat som inneh\u00e5ller 97-99 procent THC, tillsammans med smaken och de medicinska egenskaperna hos stamspecifika terpener.<\/p>\n","protected":false},"excerpt":{"rendered":"<ul>\n<li>Ett koncentrat som best\u00e5r av 97-99 % THC<\/li>\n<li>99 % rent THC-A<\/li>\n<li>Canada Post Xpresspost GRATIS frakt f\u00f6r best\u00e4llningar \u00f6ver 99 USD<\/li>\n<li>Endast frakt i Kanada<\/li>\n<li>Fullst\u00e4ndig produktbeskrivning nedan<\/li>\n<\/ul>\n","protected":false},"featured_media":4747,"comment_status":"open","ping_status":"closed","template":"","meta":[],"product_brand":[],"product_cat":[610],"product_tag":[],"class_list":{"0":"post-4734","1":"product","2":"type-product","3":"status-publish","4":"has-post-thumbnail","6":"product_cat-kop-hash-hasch","8":"first","9":"instock","10":"shipping-taxable","11":"purchasable","12":"product-type-variable","13":"has-default-attributes"},"yoast_head":"<!-- This site is optimized with the Yoast SEO plugin v27.3 - https:\/\/yoast.com\/product\/yoast-seo-wordpress\/ -->\n<title>THC Live Diamonds - Superior Extract - B\u00e4sta b\u00e4sta globala medicinen<\/title>\n<meta name=\"description\" content=\"K\u00f6p THC Live-Diamonds \u2013 \u00d6verl\u00e4gsna extrakt online med frakt och leverans \u00f6ver hela v\u00e4rlden till din f\u00f6redragna plats. Vi detalj- och grossistf\u00f6rs\u00e4ljare av v\u00e5r THC.\" \/>\n<meta name=\"robots\" content=\"index, follow, max-snippet:-1, max-image-preview:large, max-video-preview:-1\" \/>\n<link rel=\"canonical\" href=\"https:\/\/medicinasinc.com\/se\/product\/thc-live-diamonds-superior-extrakt\/\" \/>\n<meta property=\"og:locale\" content=\"sv_SE\" \/>\n<meta property=\"og:type\" content=\"article\" \/>\n<meta property=\"og:title\" content=\"THC Live Diamonds - Superior Extract - B\u00e4sta b\u00e4sta globala medicinen\" \/>\n<meta property=\"og:description\" content=\"K\u00f6p THC Live-Diamonds \u2013 \u00d6verl\u00e4gsna extrakt online med frakt och leverans \u00f6ver hela v\u00e4rlden till din f\u00f6redragna plats. Vi detalj- och grossistf\u00f6rs\u00e4ljare av v\u00e5r THC.\" \/>\n<meta property=\"og:url\" content=\"https:\/\/medicinasinc.com\/se\/product\/thc-live-diamonds-superior-extrakt\/\" \/>\n<meta property=\"og:site_name\" content=\"Medicinas Inc\" \/>\n<meta property=\"article:modified_time\" content=\"2022-07-04T00:08:16+00:00\" \/>\n<meta property=\"og:image\" content=\"https:\/\/medicinasinc.com\/se\/wp-content\/uploads\/sites\/16\/2022\/02\/Buy-THC-Live-Diamonds-Superior-Extract.jpg\" \/>\n\t<meta property=\"og:image:width\" content=\"600\" \/>\n\t<meta property=\"og:image:height\" content=\"600\" \/>\n\t<meta property=\"og:image:type\" content=\"image\/jpeg\" \/>\n<meta name=\"twitter:card\" content=\"summary_large_image\" \/>\n<meta name=\"twitter:label1\" content=\"Ber\u00e4knad l\u00e4stid\" \/>\n\t<meta name=\"twitter:data1\" content=\"1 minut\" \/>\n<script type=\"application\/ld+json\" class=\"yoast-schema-graph\">{\"@context\":\"https:\\\/\\\/schema.org\",\"@graph\":[{\"@type\":\"WebPage\",\"@id\":\"https:\\\/\\\/medicinasinc.com\\\/se\\\/product\\\/thc-live-diamonds-superior-extrakt\\\/\",\"url\":\"https:\\\/\\\/medicinasinc.com\\\/se\\\/product\\\/thc-live-diamonds-superior-extrakt\\\/\",\"name\":\"THC Live Diamonds - Superior Extract - B\u00e4sta b\u00e4sta globala medicinen\",\"isPartOf\":{\"@id\":\"https:\\\/\\\/medicinasinc.com\\\/se\\\/#website\"},\"primaryImageOfPage\":{\"@id\":\"https:\\\/\\\/medicinasinc.com\\\/se\\\/product\\\/thc-live-diamonds-superior-extrakt\\\/#primaryimage\"},\"image\":{\"@id\":\"https:\\\/\\\/medicinasinc.com\\\/se\\\/product\\\/thc-live-diamonds-superior-extrakt\\\/#primaryimage\"},\"thumbnailUrl\":\"https:\\\/\\\/medicinasinc.com\\\/se\\\/wp-content\\\/uploads\\\/sites\\\/16\\\/2022\\\/02\\\/Buy-THC-Live-Diamonds-Superior-Extract.jpg\",\"datePublished\":\"2022-02-20T15:19:28+00:00\",\"dateModified\":\"2022-07-04T00:08:16+00:00\",\"description\":\"K\u00f6p THC Live-Diamonds \u2013 \u00d6verl\u00e4gsna extrakt online med frakt och leverans \u00f6ver hela v\u00e4rlden till din f\u00f6redragna plats. Vi detalj- och grossistf\u00f6rs\u00e4ljare av v\u00e5r THC.\",\"breadcrumb\":{\"@id\":\"https:\\\/\\\/medicinasinc.com\\\/se\\\/product\\\/thc-live-diamonds-superior-extrakt\\\/#breadcrumb\"},\"inLanguage\":\"sv-SE\",\"potentialAction\":[{\"@type\":\"ReadAction\",\"target\":[\"https:\\\/\\\/medicinasinc.com\\\/se\\\/product\\\/thc-live-diamonds-superior-extrakt\\\/\"]}]},{\"@type\":\"ImageObject\",\"inLanguage\":\"sv-SE\",\"@id\":\"https:\\\/\\\/medicinasinc.com\\\/se\\\/product\\\/thc-live-diamonds-superior-extrakt\\\/#primaryimage\",\"url\":\"https:\\\/\\\/medicinasinc.com\\\/se\\\/wp-content\\\/uploads\\\/sites\\\/16\\\/2022\\\/02\\\/Buy-THC-Live-Diamonds-Superior-Extract.jpg\",\"contentUrl\":\"https:\\\/\\\/medicinasinc.com\\\/se\\\/wp-content\\\/uploads\\\/sites\\\/16\\\/2022\\\/02\\\/Buy-THC-Live-Diamonds-Superior-Extract.jpg\",\"width\":600,\"height\":600},{\"@type\":\"BreadcrumbList\",\"@id\":\"https:\\\/\\\/medicinasinc.com\\\/se\\\/product\\\/thc-live-diamonds-superior-extrakt\\\/#breadcrumb\",\"itemListElement\":[{\"@type\":\"ListItem\",\"position\":1,\"name\":\"aff\u00e4r\",\"item\":\"https:\\\/\\\/medicinasinc.com\\\/se\\\/affar\\\/\"},{\"@type\":\"ListItem\",\"position\":2,\"name\":\"THC Live Diamonds- Superior Extrakt\"}]},{\"@type\":\"WebSite\",\"@id\":\"https:\\\/\\\/medicinasinc.com\\\/se\\\/#website\",\"url\":\"https:\\\/\\\/medicinasinc.com\\\/se\\\/\",\"name\":\"Medicinas Inc\",\"description\":\"Health Medical Clinic\",\"potentialAction\":[{\"@type\":\"SearchAction\",\"target\":{\"@type\":\"EntryPoint\",\"urlTemplate\":\"https:\\\/\\\/medicinasinc.com\\\/se\\\/?s={search_term_string}\"},\"query-input\":{\"@type\":\"PropertyValueSpecification\",\"valueRequired\":true,\"valueName\":\"search_term_string\"}}],\"inLanguage\":\"sv-SE\"}]}<\/script>\n<!-- \/ Yoast SEO plugin. -->","yoast_head_json":{"title":"THC Live Diamonds - Superior Extract - B\u00e4sta b\u00e4sta globala medicinen","description":"K\u00f6p THC Live-Diamonds \u2013 \u00d6verl\u00e4gsna extrakt online med frakt och leverans \u00f6ver hela v\u00e4rlden till din f\u00f6redragna plats. Vi detalj- och grossistf\u00f6rs\u00e4ljare av v\u00e5r THC.","robots":{"index":"index","follow":"follow","max-snippet":"max-snippet:-1","max-image-preview":"max-image-preview:large","max-video-preview":"max-video-preview:-1"},"canonical":"https:\/\/medicinasinc.com\/se\/product\/thc-live-diamonds-superior-extrakt\/","og_locale":"sv_SE","og_type":"article","og_title":"THC Live Diamonds - Superior Extract - B\u00e4sta b\u00e4sta globala medicinen","og_description":"K\u00f6p THC Live-Diamonds \u2013 \u00d6verl\u00e4gsna extrakt online med frakt och leverans \u00f6ver hela v\u00e4rlden till din f\u00f6redragna plats. Vi detalj- och grossistf\u00f6rs\u00e4ljare av v\u00e5r THC.","og_url":"https:\/\/medicinasinc.com\/se\/product\/thc-live-diamonds-superior-extrakt\/","og_site_name":"Medicinas Inc","article_modified_time":"2022-07-04T00:08:16+00:00","og_image":[{"width":600,"height":600,"url":"https:\/\/medicinasinc.com\/se\/wp-content\/uploads\/sites\/16\/2022\/02\/Buy-THC-Live-Diamonds-Superior-Extract.jpg","type":"image\/jpeg"}],"twitter_card":"summary_large_image","twitter_misc":{"Ber\u00e4knad l\u00e4stid":"1 minut"},"schema":{"@context":"https:\/\/schema.org","@graph":[{"@type":"WebPage","@id":"https:\/\/medicinasinc.com\/se\/product\/thc-live-diamonds-superior-extrakt\/","url":"https:\/\/medicinasinc.com\/se\/product\/thc-live-diamonds-superior-extrakt\/","name":"THC Live Diamonds - Superior Extract - B\u00e4sta b\u00e4sta globala medicinen","isPartOf":{"@id":"https:\/\/medicinasinc.com\/se\/#website"},"primaryImageOfPage":{"@id":"https:\/\/medicinasinc.com\/se\/product\/thc-live-diamonds-superior-extrakt\/#primaryimage"},"image":{"@id":"https:\/\/medicinasinc.com\/se\/product\/thc-live-diamonds-superior-extrakt\/#primaryimage"},"thumbnailUrl":"https:\/\/medicinasinc.com\/se\/wp-content\/uploads\/sites\/16\/2022\/02\/Buy-THC-Live-Diamonds-Superior-Extract.jpg","datePublished":"2022-02-20T15:19:28+00:00","dateModified":"2022-07-04T00:08:16+00:00","description":"K\u00f6p THC Live-Diamonds \u2013 \u00d6verl\u00e4gsna extrakt online med frakt och leverans \u00f6ver hela v\u00e4rlden till din f\u00f6redragna plats. Vi detalj- och grossistf\u00f6rs\u00e4ljare av v\u00e5r THC.","breadcrumb":{"@id":"https:\/\/medicinasinc.com\/se\/product\/thc-live-diamonds-superior-extrakt\/#breadcrumb"},"inLanguage":"sv-SE","potentialAction":[{"@type":"ReadAction","target":["https:\/\/medicinasinc.com\/se\/product\/thc-live-diamonds-superior-extrakt\/"]}]},{"@type":"ImageObject","inLanguage":"sv-SE","@id":"https:\/\/medicinasinc.com\/se\/product\/thc-live-diamonds-superior-extrakt\/#primaryimage","url":"https:\/\/medicinasinc.com\/se\/wp-content\/uploads\/sites\/16\/2022\/02\/Buy-THC-Live-Diamonds-Superior-Extract.jpg","contentUrl":"https:\/\/medicinasinc.com\/se\/wp-content\/uploads\/sites\/16\/2022\/02\/Buy-THC-Live-Diamonds-Superior-Extract.jpg","width":600,"height":600},{"@type":"BreadcrumbList","@id":"https:\/\/medicinasinc.com\/se\/product\/thc-live-diamonds-superior-extrakt\/#breadcrumb","itemListElement":[{"@type":"ListItem","position":1,"name":"aff\u00e4r","item":"https:\/\/medicinasinc.com\/se\/affar\/"},{"@type":"ListItem","position":2,"name":"THC Live Diamonds- Superior Extrakt"}]},{"@type":"WebSite","@id":"https:\/\/medicinasinc.com\/se\/#website","url":"https:\/\/medicinasinc.com\/se\/","name":"Medicinas Inc","description":"Health Medical Clinic","potentialAction":[{"@type":"SearchAction","target":{"@type":"EntryPoint","urlTemplate":"https:\/\/medicinasinc.com\/se\/?s={search_term_string}"},"query-input":{"@type":"PropertyValueSpecification","valueRequired":true,"valueName":"search_term_string"}}],"inLanguage":"sv-SE"}]}},"_links":{"self":[{"href":"https:\/\/medicinasinc.com\/se\/wp-json\/wp\/v2\/product\/4734","targetHints":{"allow":["GET"]}}],"collection":[{"href":"https:\/\/medicinasinc.com\/se\/wp-json\/wp\/v2\/product"}],"about":[{"href":"https:\/\/medicinasinc.com\/se\/wp-json\/wp\/v2\/types\/product"}],"replies":[{"embeddable":true,"href":"https:\/\/medicinasinc.com\/se\/wp-json\/wp\/v2\/comments?post=4734"}],"wp:featuredmedia":[{"embeddable":true,"href":"https:\/\/medicinasinc.com\/se\/wp-json\/wp\/v2\/media\/4747"}],"wp:attachment":[{"href":"https:\/\/medicinasinc.com\/se\/wp-json\/wp\/v2\/media?parent=4734"}],"wp:term":[{"taxonomy":"product_brand","embeddable":true,"href":"https:\/\/medicinasinc.com\/se\/wp-json\/wp\/v2\/product_brand?post=4734"},{"taxonomy":"product_cat","embeddable":true,"href":"https:\/\/medicinasinc.com\/se\/wp-json\/wp\/v2\/product_cat?post=4734"},{"taxonomy":"product_tag","embeddable":true,"href":"https:\/\/medicinasinc.com\/se\/wp-json\/wp\/v2\/product_tag?post=4734"}],"curies":[{"name":"wp","href":"https:\/\/api.w.org\/{rel}","templated":true}]}}