{"id":4717,"date":"2022-02-20T15:05:15","date_gmt":"2022-02-20T15:05:15","guid":{"rendered":"https:\/\/medicinasinc.com\/se\/?post_type=product&#038;p=4717"},"modified":"2022-07-04T00:08:35","modified_gmt":"2022-07-04T00:08:35","slug":"kopa-nepalesisk-stick-hash","status":"publish","type":"product","link":"https:\/\/medicinasinc.com\/se\/product\/kopa-nepalesisk-stick-hash\/","title":{"rendered":"K\u00f6p nepalesisk Stick Hash"},"content":{"rendered":"<p>Onlinek\u00f6p av nepalesisk stickhash<\/p>\n<p>Nepalesisk stickhash f\u00f6rbereds p\u00e5 samma s\u00e4tt som tempelbollar. Cannabisv\u00e4xter odlar dessa. Cannabisknoppar eller -blommor samlas f\u00f6rst in och sk\u00f6rdas. Gnid dessa knoppar mellan h\u00e4nderna f\u00f6r att extrahera hartserna eller trikomerna. Tempelbollar skapas av de erh\u00e5llna hartserna. Templets kulor pressas sedan mot en tjock, h\u00e5rd hylla eller platta.<\/p>\n<p>Nepalesisk stickhash \u00e4r svart p\u00e5 utsidan och brunaktig p\u00e5 insidan. De inneh\u00e5ller n\u00e4stan 15-20% THC. Dessa \u00e4r mycket koncentrerade och har en kryddig eller s\u00f6tad smak.<\/p>\n<p>Effekter:<\/p>\n<p>Stick Hashs effekter \u00e4r vanligtvis beroende av THC- och hartskoncentrationerna. De har en tendens att h\u00f6ja din kroppstemperatur och h\u00f6ja dig till en farligt h\u00f6g niv\u00e5, \u00e4ven i sm\u00e5 m\u00e4ngder. Det \u00e4r generellt s\u00e4kert att anv\u00e4nda och har en halveringstid p\u00e5 6-7 timmar. Dessa Hash-pinnar \u00e4r idealiska f\u00f6r dem som beh\u00f6ver h\u00e5lla sig h\u00f6g under en l\u00e4ngre tid.<\/p>\n<p>Hur man anv\u00e4nder:<\/p>\n<p>Nepalesisk Stick Hash \u00e4r en produkt fr\u00e5n Nepal. De kan r\u00f6kas, infunderas i en pipa, inkorporeras i \u00e4tbara eller duttas i \u00e5ngorna. N\u00e4r Stick Hash anv\u00e4nds i \u00e4tbara varor tar det cirka 1-2 timmar att b\u00f6rja och visa effekter.<\/p>\n<p>Var kan jag k\u00f6pa nepalesiskt Stick Hash p\u00e5 Internet?<\/p>\n<p>Du kan k\u00f6pa nyberedd nepalesisk Stick Hash p\u00e5 v\u00e5r hemsida, Vi f\u00f6rser dig med h\u00f6gkvalitativa och extremt potenta hashsticks. Dessa produceras p\u00e5 ett naturligt s\u00e4tt i Nepal. Du kan k\u00f6pa dem till ett rimligt pris och f\u00e5 dem snabbt.<\/p>\n","protected":false},"excerpt":{"rendered":"<p>K\u00f6p Nepalese Stick Hash Online Nepalesiska h\u00e4nvisar till alla stammar som v\u00e4xer naivt i Nepal-regionen. Best\u00e4ll Weed Online, dessa inhemska sorter.<\/p>\n","protected":false},"featured_media":4730,"comment_status":"open","ping_status":"closed","template":"","meta":[],"product_brand":[],"product_cat":[610],"product_tag":[],"class_list":{"0":"post-4717","1":"product","2":"type-product","3":"status-publish","4":"has-post-thumbnail","6":"product_cat-kop-hash-hasch","8":"first","9":"instock","10":"shipping-taxable","11":"purchasable","12":"product-type-variable","13":"has-default-attributes"},"yoast_head":"<!-- This site is optimized with the Yoast SEO plugin v27.3 - https:\/\/yoast.com\/product\/yoast-seo-wordpress\/ -->\n<title>K\u00f6p nepalesisk stickhash - b\u00e4sta b\u00e4sta globala medicin<\/title>\n<meta name=\"description\" content=\"K\u00f6p nepalesiska Stick Hash Online Nepalesiska h\u00e4nvisar till varje stam som v\u00e4xer naivt i Nepal-regionen. Best\u00e4ll Weed Online, Dessa inhemska sorter.\" \/>\n<meta name=\"robots\" content=\"index, follow, max-snippet:-1, max-image-preview:large, max-video-preview:-1\" \/>\n<link rel=\"canonical\" href=\"https:\/\/medicinasinc.com\/se\/product\/kopa-nepalesisk-stick-hash\/\" \/>\n<meta property=\"og:locale\" content=\"sv_SE\" \/>\n<meta property=\"og:type\" content=\"article\" \/>\n<meta property=\"og:title\" content=\"K\u00f6p nepalesisk stickhash - b\u00e4sta b\u00e4sta globala medicin\" \/>\n<meta property=\"og:description\" content=\"K\u00f6p nepalesiska Stick Hash Online Nepalesiska h\u00e4nvisar till varje stam som v\u00e4xer naivt i Nepal-regionen. Best\u00e4ll Weed Online, Dessa inhemska sorter.\" \/>\n<meta property=\"og:url\" content=\"https:\/\/medicinasinc.com\/se\/product\/kopa-nepalesisk-stick-hash\/\" \/>\n<meta property=\"og:site_name\" content=\"Medicinas Inc\" \/>\n<meta property=\"article:modified_time\" content=\"2022-07-04T00:08:35+00:00\" \/>\n<meta property=\"og:image\" content=\"https:\/\/medicinasinc.com\/se\/wp-content\/uploads\/sites\/16\/2022\/02\/Buy-Nepalese-Stick-Hash.jpg\" \/>\n\t<meta property=\"og:image:width\" content=\"600\" \/>\n\t<meta property=\"og:image:height\" content=\"600\" \/>\n\t<meta property=\"og:image:type\" content=\"image\/jpeg\" \/>\n<meta name=\"twitter:card\" content=\"summary_large_image\" \/>\n<meta name=\"twitter:label1\" content=\"Ber\u00e4knad l\u00e4stid\" \/>\n\t<meta name=\"twitter:data1\" content=\"2 minuter\" \/>\n<script type=\"application\/ld+json\" class=\"yoast-schema-graph\">{\"@context\":\"https:\\\/\\\/schema.org\",\"@graph\":[{\"@type\":\"WebPage\",\"@id\":\"https:\\\/\\\/medicinasinc.com\\\/se\\\/product\\\/kopa-nepalesisk-stick-hash\\\/\",\"url\":\"https:\\\/\\\/medicinasinc.com\\\/se\\\/product\\\/kopa-nepalesisk-stick-hash\\\/\",\"name\":\"K\u00f6p nepalesisk stickhash - b\u00e4sta b\u00e4sta globala medicin\",\"isPartOf\":{\"@id\":\"https:\\\/\\\/medicinasinc.com\\\/se\\\/#website\"},\"primaryImageOfPage\":{\"@id\":\"https:\\\/\\\/medicinasinc.com\\\/se\\\/product\\\/kopa-nepalesisk-stick-hash\\\/#primaryimage\"},\"image\":{\"@id\":\"https:\\\/\\\/medicinasinc.com\\\/se\\\/product\\\/kopa-nepalesisk-stick-hash\\\/#primaryimage\"},\"thumbnailUrl\":\"https:\\\/\\\/medicinasinc.com\\\/se\\\/wp-content\\\/uploads\\\/sites\\\/16\\\/2022\\\/02\\\/Buy-Nepalese-Stick-Hash.jpg\",\"datePublished\":\"2022-02-20T15:05:15+00:00\",\"dateModified\":\"2022-07-04T00:08:35+00:00\",\"description\":\"K\u00f6p nepalesiska Stick Hash Online Nepalesiska h\u00e4nvisar till varje stam som v\u00e4xer naivt i Nepal-regionen. Best\u00e4ll Weed Online, Dessa inhemska sorter.\",\"breadcrumb\":{\"@id\":\"https:\\\/\\\/medicinasinc.com\\\/se\\\/product\\\/kopa-nepalesisk-stick-hash\\\/#breadcrumb\"},\"inLanguage\":\"sv-SE\",\"potentialAction\":[{\"@type\":\"ReadAction\",\"target\":[\"https:\\\/\\\/medicinasinc.com\\\/se\\\/product\\\/kopa-nepalesisk-stick-hash\\\/\"]}]},{\"@type\":\"ImageObject\",\"inLanguage\":\"sv-SE\",\"@id\":\"https:\\\/\\\/medicinasinc.com\\\/se\\\/product\\\/kopa-nepalesisk-stick-hash\\\/#primaryimage\",\"url\":\"https:\\\/\\\/medicinasinc.com\\\/se\\\/wp-content\\\/uploads\\\/sites\\\/16\\\/2022\\\/02\\\/Buy-Nepalese-Stick-Hash.jpg\",\"contentUrl\":\"https:\\\/\\\/medicinasinc.com\\\/se\\\/wp-content\\\/uploads\\\/sites\\\/16\\\/2022\\\/02\\\/Buy-Nepalese-Stick-Hash.jpg\",\"width\":600,\"height\":600},{\"@type\":\"BreadcrumbList\",\"@id\":\"https:\\\/\\\/medicinasinc.com\\\/se\\\/product\\\/kopa-nepalesisk-stick-hash\\\/#breadcrumb\",\"itemListElement\":[{\"@type\":\"ListItem\",\"position\":1,\"name\":\"aff\u00e4r\",\"item\":\"https:\\\/\\\/medicinasinc.com\\\/se\\\/affar\\\/\"},{\"@type\":\"ListItem\",\"position\":2,\"name\":\"K\u00f6p nepalesisk Stick Hash\"}]},{\"@type\":\"WebSite\",\"@id\":\"https:\\\/\\\/medicinasinc.com\\\/se\\\/#website\",\"url\":\"https:\\\/\\\/medicinasinc.com\\\/se\\\/\",\"name\":\"Medicinas Inc\",\"description\":\"Health Medical Clinic\",\"potentialAction\":[{\"@type\":\"SearchAction\",\"target\":{\"@type\":\"EntryPoint\",\"urlTemplate\":\"https:\\\/\\\/medicinasinc.com\\\/se\\\/?s={search_term_string}\"},\"query-input\":{\"@type\":\"PropertyValueSpecification\",\"valueRequired\":true,\"valueName\":\"search_term_string\"}}],\"inLanguage\":\"sv-SE\"}]}<\/script>\n<!-- \/ Yoast SEO plugin. -->","yoast_head_json":{"title":"K\u00f6p nepalesisk stickhash - b\u00e4sta b\u00e4sta globala medicin","description":"K\u00f6p nepalesiska Stick Hash Online Nepalesiska h\u00e4nvisar till varje stam som v\u00e4xer naivt i Nepal-regionen. Best\u00e4ll Weed Online, Dessa inhemska sorter.","robots":{"index":"index","follow":"follow","max-snippet":"max-snippet:-1","max-image-preview":"max-image-preview:large","max-video-preview":"max-video-preview:-1"},"canonical":"https:\/\/medicinasinc.com\/se\/product\/kopa-nepalesisk-stick-hash\/","og_locale":"sv_SE","og_type":"article","og_title":"K\u00f6p nepalesisk stickhash - b\u00e4sta b\u00e4sta globala medicin","og_description":"K\u00f6p nepalesiska Stick Hash Online Nepalesiska h\u00e4nvisar till varje stam som v\u00e4xer naivt i Nepal-regionen. Best\u00e4ll Weed Online, Dessa inhemska sorter.","og_url":"https:\/\/medicinasinc.com\/se\/product\/kopa-nepalesisk-stick-hash\/","og_site_name":"Medicinas Inc","article_modified_time":"2022-07-04T00:08:35+00:00","og_image":[{"width":600,"height":600,"url":"https:\/\/medicinasinc.com\/se\/wp-content\/uploads\/sites\/16\/2022\/02\/Buy-Nepalese-Stick-Hash.jpg","type":"image\/jpeg"}],"twitter_card":"summary_large_image","twitter_misc":{"Ber\u00e4knad l\u00e4stid":"2 minuter"},"schema":{"@context":"https:\/\/schema.org","@graph":[{"@type":"WebPage","@id":"https:\/\/medicinasinc.com\/se\/product\/kopa-nepalesisk-stick-hash\/","url":"https:\/\/medicinasinc.com\/se\/product\/kopa-nepalesisk-stick-hash\/","name":"K\u00f6p nepalesisk stickhash - b\u00e4sta b\u00e4sta globala medicin","isPartOf":{"@id":"https:\/\/medicinasinc.com\/se\/#website"},"primaryImageOfPage":{"@id":"https:\/\/medicinasinc.com\/se\/product\/kopa-nepalesisk-stick-hash\/#primaryimage"},"image":{"@id":"https:\/\/medicinasinc.com\/se\/product\/kopa-nepalesisk-stick-hash\/#primaryimage"},"thumbnailUrl":"https:\/\/medicinasinc.com\/se\/wp-content\/uploads\/sites\/16\/2022\/02\/Buy-Nepalese-Stick-Hash.jpg","datePublished":"2022-02-20T15:05:15+00:00","dateModified":"2022-07-04T00:08:35+00:00","description":"K\u00f6p nepalesiska Stick Hash Online Nepalesiska h\u00e4nvisar till varje stam som v\u00e4xer naivt i Nepal-regionen. Best\u00e4ll Weed Online, Dessa inhemska sorter.","breadcrumb":{"@id":"https:\/\/medicinasinc.com\/se\/product\/kopa-nepalesisk-stick-hash\/#breadcrumb"},"inLanguage":"sv-SE","potentialAction":[{"@type":"ReadAction","target":["https:\/\/medicinasinc.com\/se\/product\/kopa-nepalesisk-stick-hash\/"]}]},{"@type":"ImageObject","inLanguage":"sv-SE","@id":"https:\/\/medicinasinc.com\/se\/product\/kopa-nepalesisk-stick-hash\/#primaryimage","url":"https:\/\/medicinasinc.com\/se\/wp-content\/uploads\/sites\/16\/2022\/02\/Buy-Nepalese-Stick-Hash.jpg","contentUrl":"https:\/\/medicinasinc.com\/se\/wp-content\/uploads\/sites\/16\/2022\/02\/Buy-Nepalese-Stick-Hash.jpg","width":600,"height":600},{"@type":"BreadcrumbList","@id":"https:\/\/medicinasinc.com\/se\/product\/kopa-nepalesisk-stick-hash\/#breadcrumb","itemListElement":[{"@type":"ListItem","position":1,"name":"aff\u00e4r","item":"https:\/\/medicinasinc.com\/se\/affar\/"},{"@type":"ListItem","position":2,"name":"K\u00f6p nepalesisk Stick Hash"}]},{"@type":"WebSite","@id":"https:\/\/medicinasinc.com\/se\/#website","url":"https:\/\/medicinasinc.com\/se\/","name":"Medicinas Inc","description":"Health Medical Clinic","potentialAction":[{"@type":"SearchAction","target":{"@type":"EntryPoint","urlTemplate":"https:\/\/medicinasinc.com\/se\/?s={search_term_string}"},"query-input":{"@type":"PropertyValueSpecification","valueRequired":true,"valueName":"search_term_string"}}],"inLanguage":"sv-SE"}]}},"_links":{"self":[{"href":"https:\/\/medicinasinc.com\/se\/wp-json\/wp\/v2\/product\/4717","targetHints":{"allow":["GET"]}}],"collection":[{"href":"https:\/\/medicinasinc.com\/se\/wp-json\/wp\/v2\/product"}],"about":[{"href":"https:\/\/medicinasinc.com\/se\/wp-json\/wp\/v2\/types\/product"}],"replies":[{"embeddable":true,"href":"https:\/\/medicinasinc.com\/se\/wp-json\/wp\/v2\/comments?post=4717"}],"wp:featuredmedia":[{"embeddable":true,"href":"https:\/\/medicinasinc.com\/se\/wp-json\/wp\/v2\/media\/4730"}],"wp:attachment":[{"href":"https:\/\/medicinasinc.com\/se\/wp-json\/wp\/v2\/media?parent=4717"}],"wp:term":[{"taxonomy":"product_brand","embeddable":true,"href":"https:\/\/medicinasinc.com\/se\/wp-json\/wp\/v2\/product_brand?post=4717"},{"taxonomy":"product_cat","embeddable":true,"href":"https:\/\/medicinasinc.com\/se\/wp-json\/wp\/v2\/product_cat?post=4717"},{"taxonomy":"product_tag","embeddable":true,"href":"https:\/\/medicinasinc.com\/se\/wp-json\/wp\/v2\/product_tag?post=4717"}],"curies":[{"name":"wp","href":"https:\/\/api.w.org\/{rel}","templated":true}]}}