{"id":4716,"date":"2022-02-20T15:05:01","date_gmt":"2022-02-20T15:05:01","guid":{"rendered":"https:\/\/medicinasinc.com\/se\/?post_type=product&#038;p=4716"},"modified":"2022-07-04T00:08:48","modified_gmt":"2022-07-04T00:08:48","slug":"kopa-nederhash-hasch","status":"publish","type":"product","link":"https:\/\/medicinasinc.com\/se\/product\/kopa-nederhash-hasch\/","title":{"rendered":"K\u00f6p Nederhash Hashish"},"content":{"rendered":"<p>Onlinek\u00f6p av Nederhash Hashish<\/p>\n<p>Vad \u00e4r egentligen en hash? Hash utvinns fr\u00e5n Cannabisv\u00e4xter som odlas i Nederl\u00e4nderna. V\u00e4xter odlas vanligtvis inomhus, men det finns n\u00e5gra utomhus- och v\u00e4xthusutvecklingar ocks\u00e5. Generation: Monteringstekniker varierar beroende p\u00e5 tillverkare. Medan majoriteten av Hash levereras via screening, vilket \u00e4r fallet i Marocko, produceras ocks\u00e5 en liten m\u00e4ngd handskurad Hash med den afghanska strategin (som uppenbarligen \u00e4r avsev\u00e4rt f\u00f6rb\u00e4ttrad). I alla fall \u00e4ndras endast en sp\u00e5rm\u00e4ngd av Weed i hasch. Skuggning: Generellt mycket gr\u00f6n, men detta varierar beroende p\u00e5 vilken typ av ogr\u00e4s som anv\u00e4nds och tillverkaren. Lukt: Vanligtvis gr\u00e4sbevuxen eller skunkig, men detta beror p\u00e5 typen av ogr\u00e4s. Smak: identisk med den som angivits tidigare. Konsistens: En stor del av holl\u00e4ndsk hasch pressas inte exakt (detta \u00e4r utf\u00f6rande), och nosar separeras vanligtvis f\u00f6r effektivt. Konsistensen har i alla fall f\u00f6rb\u00e4ttrats nyligen, och de verkar anpassa sig snabbt. Uppenbarligen h\u00e4nvisar det f\u00f6reg\u00e5ende inte till handskurad Hash, som \u00e4r extremt k\u00e4nslig, liknar afghanska. Vanligtvis \u00e4r hash sammansatt av kvinnliga huvuden som har krossats och pressats under enorma belastningar f\u00f6r att skapa en stark oregelbundenhet som pudras upp helt. Typen av High varierar beroende p\u00e5 vilken stam av Weed som anv\u00e4nds, men f\u00f6r det mesta \u00e4r high mycket dynamisk och cerebral. Intensitet: Fr\u00e5n potent till kraftfullt, detta material \u00f6vertr\u00e4ffar alla andra typer av Hash som \u00e4r tillg\u00e4nglig f\u00f6r den genomsnittliga anv\u00e4ndaren. Den \u00f6vertr\u00e4ffar till och med majoriteten av nepalier och n\u00e4stan alla v\u00e4lvilliga afghaner. (Inneh\u00e5ller upp till 59 procent THC) Tillg\u00e4nglighet: Extremt s\u00e4llsynt utanf\u00f6r Nederl\u00e4nderna och angr\u00e4nsande l\u00e4nder. Jag skulle inte h\u00e5lla andan i v\u00e4ntan p\u00e5 att detta skulle dyka upp p\u00e5 den brittiska marknaden. I allm\u00e4nhet varierar kvaliteten, men kostnaden \u00e4r alltid h\u00f6g. Det finns ingen standardklassificering f\u00f6r den holl\u00e4ndska Hash. Sensi-Hash \u00e4r namnet p\u00e5 det extraordin\u00e4ra pulvret, som i huvudsak \u00e4r mycket t\u00e4tt packade THC-\u00e4delstenar.<\/p>\n<p>Hur skapas Hash?<\/p>\n<p>Majoriteten av hasch produceras genom att gnida torkade v\u00e4xter mot ett mycket fint n\u00e4t. Efter det faller trikomerna genom silen och skiljer dem fr\u00e5n v\u00e4xtmaterialet. Hartsk\u00f6rtlarna v\u00e4rms sedan upp och komprimeras f\u00f6r att bilda en sammanh\u00e4ngande massa av hasch.<\/p>\n<p>Hasch vs. Marijuana?<\/p>\n<p>Till att b\u00f6rja med \u00e4r det uppenbara sambandet mellan marijuana och hasch att b\u00e5da h\u00e4rr\u00f6r fr\u00e5n samma cannabisplanta. Som du s\u00e4kert redan vet \u00e4r potten blomknoppen p\u00e5 den kvinnliga cannabisplantan. Hash weed best\u00e5r av samma knoppar som marijuana, men det bearbetas annorlunda. Medan en cannabisplanta blommar f\u00f6r fullt sk\u00f6rdas blomknopparna, och en bonde kommer sedan att g\u00e5 i en av tv\u00e5 riktningar. Vid hasch kommer blommorna att h\u00e4ngas p\u00e5 tork. Den resulterande produkten \u00e4r v\u00e4xten som vi alla \u00e4r bekanta med, efter att varje fr\u00f6, v\u00e5r och \u00f6verfl\u00f6digt blad har tagits bort. Det \u00e4r helt upp till dig om du f\u00f6redrar marijuana eller hasch, men det enda s\u00e4ttet att f\u00e5 tillg\u00e5ng till alla f\u00f6rdelar med cannabis \u00e4r genom personlig utbildning. G\u00f6r efterforskningar innan du r\u00f6ker, och prenumerera som alltid p\u00e5 v\u00e5rt nyhetsbrev f\u00f6r ytterligare tips och tricks!<\/p>\n<p>Vad \u00e4r egentligen hasch?<\/p>\n<p>Vad \u00e4r ett hasch\u00e4mne? Hasch, alternativt kallat &#8221;hasch&#8221;, \u00e4r en typ av marijuanaknopp som skapas genom att komprimera och bearbeta trichomer av cannabisplantan. Det r\u00f6ks vanligtvis i en pipa, bong, f\u00f6r\u00e5ngare eller joint, men kan ocks\u00e5 konsumeras oralt. Hur produceras hasch? Onlinek\u00f6p av Nederhash-hasch, hasch produceras genom att separera dessa trikomer fr\u00e5n v\u00e4xtens knoppar, blad och stj\u00e4lkar och v\u00e4rma\/pressa dem f\u00f6r att skapa en potent substans.<\/p>\n<p>Hur rullar man en fog med hasch?<\/p>\n<p>Kombinera det med ogr\u00e4s och tobak i en spiff. Om du har ett torrt block kan du helt enkelt krossa det eller bryta av sm\u00e5 stenar och infoga det i din fogrullning. Kombinera den med tobak eller marijuana. Den andra metoden inneb\u00e4r en mer intensiv high, som du sannolikt kommer att s\u00f6ka efter om du \u00e4r en \u00e4ventyrss\u00f6kande. Det b\u00e4sta s\u00e4ttet att rulla en hash joint \u00e4r att bryta upp hashen och kombinera den med ogr\u00e4s. Detta \u00e4r verkligen det b\u00e4sta s\u00e4ttet att r\u00f6ka hash eftersom det \u00e4r l\u00e4tt att dela och hashsmaken f\u00f6rst\u00e4rker doobie. \u00c4r hasch lagligt i USA? \u00c4ven om f\u00f6rs\u00e4ljning av cannabis f\u00f6rbj\u00f6ds 1989, till\u00e4mpas lagar s\u00e4llan, och drogen s\u00e4ljs \u00f6ppet i m\u00e5nga delar av landet. Barbados, lagligt f\u00f6r andligt bruk av registrerade religi\u00f6sa organisationer<\/p>\n<p>Vad \u00e4r hascheffekterna?<\/p>\n<p>P\u00e5 kort sikt kan haschanv\u00e4ndning resultera i sv\u00e5righeter med minne och inl\u00e4rning; f\u00f6rvr\u00e4ngd uppfattning (sev\u00e4rdheter, ljud, tid, ber\u00f6ring); sv\u00e5righeter att t\u00e4nka och probleml\u00f6sning; f\u00f6rlust av koordination; och \u00f6kad hj\u00e4rtfrekvens, \u00e5ngest och panikattacker. P\u00e5 grund av den h\u00f6ga koncentrationen av THC i hasch och andra koncentrat kan effekterna bli mer intensiva.<\/p>\n<p>Bubble hash \u00e4r ett cannabiskoncentrat som best\u00e5r av tusentals trikomer, eller hartsk\u00f6rtlar, som har extraherats fr\u00e5n plantera med isvatten, agitation och en sil. Termen &#8221;bubbelhash&#8221; syftar p\u00e5 hur det bubblar n\u00e4r det uts\u00e4tts f\u00f6r l\u00e5gor. Dessutom kallas p\u00e5sarna som anv\u00e4nds f\u00f6r att g\u00f6ra det hemma som &#8221;bubbelp\u00e5sar.&#8221;<\/p>\n<p>Hash Plant, en Sensi Seeds-klassiker, f\u00f6rblir kompakt under sin ultrakorta blomningsperiod. Denna 90 % Indien-produkt \u00e4r resultatet av noggrant genetiskt urval, som inkluderade korsning av den g\u00e5tfulla Hash-v\u00e4xten fr\u00e5n USA med norrsken.<\/p>\n","protected":false},"excerpt":{"rendered":"<p>Onlinek\u00f6p av Nederhash Hashish,\u00a0 K\u00f6p medicinsk marijuana i Tyskland Var kan jag k\u00f6pa illegala droger online? Onlineapotek n\u00e4ra mig Dark web-l\u00e4kemedelsf\u00f6rs\u00e4ljning.<\/p>\n<p>&nbsp;<\/p>\n","protected":false},"featured_media":4728,"comment_status":"open","ping_status":"closed","template":"","meta":[],"product_brand":[],"product_cat":[610],"product_tag":[],"class_list":{"0":"post-4716","1":"product","2":"type-product","3":"status-publish","4":"has-post-thumbnail","6":"product_cat-kop-hash-hasch","8":"first","9":"instock","10":"shipping-taxable","11":"purchasable","12":"product-type-variable","13":"has-default-attributes"},"yoast_head":"<!-- This site is optimized with the Yoast SEO plugin v27.3 - https:\/\/yoast.com\/product\/yoast-seo-wordpress\/ -->\n<title>K\u00f6p Nederhash Hashish - B\u00e4sta b\u00e4sta globala medicinerna<\/title>\n<meta name=\"description\" content=\"K\u00f6p Nederhash Hashish Online K\u00f6p Medical Weed I Tyskland Var kan man k\u00f6pa illegala droger p\u00e5 n\u00e4tet Droger till salu p\u00e5 n\u00e4tet n\u00e4ra mig Droger fr\u00e5n Dark web-f\u00f6rs\u00e4ljning.\" \/>\n<meta name=\"robots\" content=\"index, follow, max-snippet:-1, max-image-preview:large, max-video-preview:-1\" \/>\n<link rel=\"canonical\" href=\"https:\/\/medicinasinc.com\/se\/product\/kopa-nederhash-hasch\/\" \/>\n<meta property=\"og:locale\" content=\"sv_SE\" \/>\n<meta property=\"og:type\" content=\"article\" \/>\n<meta property=\"og:title\" content=\"K\u00f6p Nederhash Hashish - B\u00e4sta b\u00e4sta globala medicinerna\" \/>\n<meta property=\"og:description\" content=\"K\u00f6p Nederhash Hashish Online K\u00f6p Medical Weed I Tyskland Var kan man k\u00f6pa illegala droger p\u00e5 n\u00e4tet Droger till salu p\u00e5 n\u00e4tet n\u00e4ra mig Droger fr\u00e5n Dark web-f\u00f6rs\u00e4ljning.\" \/>\n<meta property=\"og:url\" content=\"https:\/\/medicinasinc.com\/se\/product\/kopa-nederhash-hasch\/\" \/>\n<meta property=\"og:site_name\" content=\"Medicinas Inc\" \/>\n<meta property=\"article:modified_time\" content=\"2022-07-04T00:08:48+00:00\" \/>\n<meta property=\"og:image\" content=\"https:\/\/medicinasinc.com\/se\/wp-content\/uploads\/sites\/16\/2022\/02\/Buy-Nederhash-Hashish-Online.jpg\" \/>\n\t<meta property=\"og:image:width\" content=\"600\" \/>\n\t<meta property=\"og:image:height\" content=\"600\" \/>\n\t<meta property=\"og:image:type\" content=\"image\/jpeg\" \/>\n<meta name=\"twitter:card\" content=\"summary_large_image\" \/>\n<meta name=\"twitter:label1\" content=\"Ber\u00e4knad l\u00e4stid\" \/>\n\t<meta name=\"twitter:data1\" content=\"4 minuter\" \/>\n<script type=\"application\/ld+json\" class=\"yoast-schema-graph\">{\"@context\":\"https:\\\/\\\/schema.org\",\"@graph\":[{\"@type\":\"WebPage\",\"@id\":\"https:\\\/\\\/medicinasinc.com\\\/se\\\/product\\\/kopa-nederhash-hasch\\\/\",\"url\":\"https:\\\/\\\/medicinasinc.com\\\/se\\\/product\\\/kopa-nederhash-hasch\\\/\",\"name\":\"K\u00f6p Nederhash Hashish - B\u00e4sta b\u00e4sta globala medicinerna\",\"isPartOf\":{\"@id\":\"https:\\\/\\\/medicinasinc.com\\\/se\\\/#website\"},\"primaryImageOfPage\":{\"@id\":\"https:\\\/\\\/medicinasinc.com\\\/se\\\/product\\\/kopa-nederhash-hasch\\\/#primaryimage\"},\"image\":{\"@id\":\"https:\\\/\\\/medicinasinc.com\\\/se\\\/product\\\/kopa-nederhash-hasch\\\/#primaryimage\"},\"thumbnailUrl\":\"https:\\\/\\\/medicinasinc.com\\\/se\\\/wp-content\\\/uploads\\\/sites\\\/16\\\/2022\\\/02\\\/Buy-Nederhash-Hashish-Online.jpg\",\"datePublished\":\"2022-02-20T15:05:01+00:00\",\"dateModified\":\"2022-07-04T00:08:48+00:00\",\"description\":\"K\u00f6p Nederhash Hashish Online K\u00f6p Medical Weed I Tyskland Var kan man k\u00f6pa illegala droger p\u00e5 n\u00e4tet Droger till salu p\u00e5 n\u00e4tet n\u00e4ra mig Droger fr\u00e5n Dark web-f\u00f6rs\u00e4ljning.\",\"breadcrumb\":{\"@id\":\"https:\\\/\\\/medicinasinc.com\\\/se\\\/product\\\/kopa-nederhash-hasch\\\/#breadcrumb\"},\"inLanguage\":\"sv-SE\",\"potentialAction\":[{\"@type\":\"ReadAction\",\"target\":[\"https:\\\/\\\/medicinasinc.com\\\/se\\\/product\\\/kopa-nederhash-hasch\\\/\"]}]},{\"@type\":\"ImageObject\",\"inLanguage\":\"sv-SE\",\"@id\":\"https:\\\/\\\/medicinasinc.com\\\/se\\\/product\\\/kopa-nederhash-hasch\\\/#primaryimage\",\"url\":\"https:\\\/\\\/medicinasinc.com\\\/se\\\/wp-content\\\/uploads\\\/sites\\\/16\\\/2022\\\/02\\\/Buy-Nederhash-Hashish-Online.jpg\",\"contentUrl\":\"https:\\\/\\\/medicinasinc.com\\\/se\\\/wp-content\\\/uploads\\\/sites\\\/16\\\/2022\\\/02\\\/Buy-Nederhash-Hashish-Online.jpg\",\"width\":600,\"height\":600},{\"@type\":\"BreadcrumbList\",\"@id\":\"https:\\\/\\\/medicinasinc.com\\\/se\\\/product\\\/kopa-nederhash-hasch\\\/#breadcrumb\",\"itemListElement\":[{\"@type\":\"ListItem\",\"position\":1,\"name\":\"aff\u00e4r\",\"item\":\"https:\\\/\\\/medicinasinc.com\\\/se\\\/affar\\\/\"},{\"@type\":\"ListItem\",\"position\":2,\"name\":\"K\u00f6p Nederhash Hashish\"}]},{\"@type\":\"WebSite\",\"@id\":\"https:\\\/\\\/medicinasinc.com\\\/se\\\/#website\",\"url\":\"https:\\\/\\\/medicinasinc.com\\\/se\\\/\",\"name\":\"Medicinas Inc\",\"description\":\"Health Medical Clinic\",\"potentialAction\":[{\"@type\":\"SearchAction\",\"target\":{\"@type\":\"EntryPoint\",\"urlTemplate\":\"https:\\\/\\\/medicinasinc.com\\\/se\\\/?s={search_term_string}\"},\"query-input\":{\"@type\":\"PropertyValueSpecification\",\"valueRequired\":true,\"valueName\":\"search_term_string\"}}],\"inLanguage\":\"sv-SE\"}]}<\/script>\n<!-- \/ Yoast SEO plugin. -->","yoast_head_json":{"title":"K\u00f6p Nederhash Hashish - B\u00e4sta b\u00e4sta globala medicinerna","description":"K\u00f6p Nederhash Hashish Online K\u00f6p Medical Weed I Tyskland Var kan man k\u00f6pa illegala droger p\u00e5 n\u00e4tet Droger till salu p\u00e5 n\u00e4tet n\u00e4ra mig Droger fr\u00e5n Dark web-f\u00f6rs\u00e4ljning.","robots":{"index":"index","follow":"follow","max-snippet":"max-snippet:-1","max-image-preview":"max-image-preview:large","max-video-preview":"max-video-preview:-1"},"canonical":"https:\/\/medicinasinc.com\/se\/product\/kopa-nederhash-hasch\/","og_locale":"sv_SE","og_type":"article","og_title":"K\u00f6p Nederhash Hashish - B\u00e4sta b\u00e4sta globala medicinerna","og_description":"K\u00f6p Nederhash Hashish Online K\u00f6p Medical Weed I Tyskland Var kan man k\u00f6pa illegala droger p\u00e5 n\u00e4tet Droger till salu p\u00e5 n\u00e4tet n\u00e4ra mig Droger fr\u00e5n Dark web-f\u00f6rs\u00e4ljning.","og_url":"https:\/\/medicinasinc.com\/se\/product\/kopa-nederhash-hasch\/","og_site_name":"Medicinas Inc","article_modified_time":"2022-07-04T00:08:48+00:00","og_image":[{"width":600,"height":600,"url":"https:\/\/medicinasinc.com\/se\/wp-content\/uploads\/sites\/16\/2022\/02\/Buy-Nederhash-Hashish-Online.jpg","type":"image\/jpeg"}],"twitter_card":"summary_large_image","twitter_misc":{"Ber\u00e4knad l\u00e4stid":"4 minuter"},"schema":{"@context":"https:\/\/schema.org","@graph":[{"@type":"WebPage","@id":"https:\/\/medicinasinc.com\/se\/product\/kopa-nederhash-hasch\/","url":"https:\/\/medicinasinc.com\/se\/product\/kopa-nederhash-hasch\/","name":"K\u00f6p Nederhash Hashish - B\u00e4sta b\u00e4sta globala medicinerna","isPartOf":{"@id":"https:\/\/medicinasinc.com\/se\/#website"},"primaryImageOfPage":{"@id":"https:\/\/medicinasinc.com\/se\/product\/kopa-nederhash-hasch\/#primaryimage"},"image":{"@id":"https:\/\/medicinasinc.com\/se\/product\/kopa-nederhash-hasch\/#primaryimage"},"thumbnailUrl":"https:\/\/medicinasinc.com\/se\/wp-content\/uploads\/sites\/16\/2022\/02\/Buy-Nederhash-Hashish-Online.jpg","datePublished":"2022-02-20T15:05:01+00:00","dateModified":"2022-07-04T00:08:48+00:00","description":"K\u00f6p Nederhash Hashish Online K\u00f6p Medical Weed I Tyskland Var kan man k\u00f6pa illegala droger p\u00e5 n\u00e4tet Droger till salu p\u00e5 n\u00e4tet n\u00e4ra mig Droger fr\u00e5n Dark web-f\u00f6rs\u00e4ljning.","breadcrumb":{"@id":"https:\/\/medicinasinc.com\/se\/product\/kopa-nederhash-hasch\/#breadcrumb"},"inLanguage":"sv-SE","potentialAction":[{"@type":"ReadAction","target":["https:\/\/medicinasinc.com\/se\/product\/kopa-nederhash-hasch\/"]}]},{"@type":"ImageObject","inLanguage":"sv-SE","@id":"https:\/\/medicinasinc.com\/se\/product\/kopa-nederhash-hasch\/#primaryimage","url":"https:\/\/medicinasinc.com\/se\/wp-content\/uploads\/sites\/16\/2022\/02\/Buy-Nederhash-Hashish-Online.jpg","contentUrl":"https:\/\/medicinasinc.com\/se\/wp-content\/uploads\/sites\/16\/2022\/02\/Buy-Nederhash-Hashish-Online.jpg","width":600,"height":600},{"@type":"BreadcrumbList","@id":"https:\/\/medicinasinc.com\/se\/product\/kopa-nederhash-hasch\/#breadcrumb","itemListElement":[{"@type":"ListItem","position":1,"name":"aff\u00e4r","item":"https:\/\/medicinasinc.com\/se\/affar\/"},{"@type":"ListItem","position":2,"name":"K\u00f6p Nederhash Hashish"}]},{"@type":"WebSite","@id":"https:\/\/medicinasinc.com\/se\/#website","url":"https:\/\/medicinasinc.com\/se\/","name":"Medicinas Inc","description":"Health Medical Clinic","potentialAction":[{"@type":"SearchAction","target":{"@type":"EntryPoint","urlTemplate":"https:\/\/medicinasinc.com\/se\/?s={search_term_string}"},"query-input":{"@type":"PropertyValueSpecification","valueRequired":true,"valueName":"search_term_string"}}],"inLanguage":"sv-SE"}]}},"_links":{"self":[{"href":"https:\/\/medicinasinc.com\/se\/wp-json\/wp\/v2\/product\/4716","targetHints":{"allow":["GET"]}}],"collection":[{"href":"https:\/\/medicinasinc.com\/se\/wp-json\/wp\/v2\/product"}],"about":[{"href":"https:\/\/medicinasinc.com\/se\/wp-json\/wp\/v2\/types\/product"}],"replies":[{"embeddable":true,"href":"https:\/\/medicinasinc.com\/se\/wp-json\/wp\/v2\/comments?post=4716"}],"wp:featuredmedia":[{"embeddable":true,"href":"https:\/\/medicinasinc.com\/se\/wp-json\/wp\/v2\/media\/4728"}],"wp:attachment":[{"href":"https:\/\/medicinasinc.com\/se\/wp-json\/wp\/v2\/media?parent=4716"}],"wp:term":[{"taxonomy":"product_brand","embeddable":true,"href":"https:\/\/medicinasinc.com\/se\/wp-json\/wp\/v2\/product_brand?post=4716"},{"taxonomy":"product_cat","embeddable":true,"href":"https:\/\/medicinasinc.com\/se\/wp-json\/wp\/v2\/product_cat?post=4716"},{"taxonomy":"product_tag","embeddable":true,"href":"https:\/\/medicinasinc.com\/se\/wp-json\/wp\/v2\/product_tag?post=4716"}],"curies":[{"name":"wp","href":"https:\/\/api.w.org\/{rel}","templated":true}]}}