{"id":4700,"date":"2022-02-20T14:53:18","date_gmt":"2022-02-20T14:53:18","guid":{"rendered":"https:\/\/medicinasinc.com\/se\/?post_type=product&#038;p=4700"},"modified":"2022-07-04T00:09:13","modified_gmt":"2022-07-04T00:09:13","slug":"kopa-marockansk-primero-hash","status":"publish","type":"product","link":"https:\/\/medicinasinc.com\/se\/product\/kopa-marockansk-primero-hash\/","title":{"rendered":"K\u00f6p marockansk Primero Hash"},"content":{"rendered":"<p>K\u00f6p marockansk Primo Hash<\/p>\n<p>K\u00f6p marockansk Primo Hash. Marockanska Primero Hash \u00e4r en respektabel klon av hasch. Det \u00e4r i allm\u00e4nhet lagligt och kommer att f\u00f6rbli lagligt fram till tidens slut. Den \u00e4r fri fr\u00e5n THC, syntetiska cannabinoider och andra forskningssyntetiska material (som JWH-018, JWH-073, JWH-250, AM-2209 och s\u00e5 vidare.). Det \u00e4r f\u00f6rmodligen den b\u00e4sta tillg\u00e4ngliga legala haschklonen. Vi anv\u00e4nder endast naturliga, n\u00e4ringst\u00e4ta material. Det verkar som att hasch ser ut som hash, k\u00e4nns som hash, luktar hampa och har en fantastisk smak. Marockanskt Primero-hasch \u00e4r bara n\u00e5got m\u00f6rkare \u00e4n v\u00e5ra andra produkter. Om du \u00e4r nyfiken p\u00e5 v\u00e5ra produkter rekommenderar vi att du k\u00f6per ett exempelpaket f\u00f6rst. K\u00f6p fler av v\u00e5ra lagliga hashklonobjekt f\u00f6r att spara pengar.<\/p>\n","protected":false},"excerpt":{"rendered":"<div class=\"woocommerce-product-details__short-description\">\n<p>k\u00f6p marockansk premiero-hash online p\u00e5 medicinasinc.com\/se med snabb leverans \u00f6ver hela v\u00e4rlden. H\u00f6gkvalitativ marockansk hasch till salu. handla nu.<\/p>\n<\/p><\/div>\n","protected":false},"featured_media":4712,"comment_status":"open","ping_status":"closed","template":"","meta":[],"product_brand":[],"product_cat":[610],"product_tag":[685,687,688,684,686,683],"class_list":{"0":"post-4700","1":"product","2":"type-product","3":"status-publish","4":"has-post-thumbnail","6":"product_cat-kop-hash-hasch","7":"product_tag-buy-moroc-caramello-online","8":"product_tag-hallar-jordgubbar-hostdroppar","9":"product_tag-honung-marockansk-blond-hash","10":"product_tag-k-c3-b6pa-cannabis-kokos-olja","11":"product_tag-kpa-nepalesiska-tempel-bollar","12":"product_tag-k-c3-b6p-k-c3-b6p-bubbla-hash-online","14":"first","15":"instock","16":"shipping-taxable","17":"purchasable","18":"product-type-variable","19":"has-default-attributes"},"yoast_head":"<!-- This site is optimized with the Yoast SEO plugin v27.3 - https:\/\/yoast.com\/product\/yoast-seo-wordpress\/ -->\n<title>K\u00f6p Marockansk Primero Hash - B\u00e4sta b\u00e4sta globala medicinen<\/title>\n<meta name=\"description\" content=\"k\u00f6p marockansk premiero-hash online p\u00e5 medicinasinc.com\/se med snabb leverans \u00f6ver hela v\u00e4rlden. H\u00f6gkvalitativ marockansk hasch till salu. shoppa nu.\" \/>\n<meta name=\"robots\" content=\"index, follow, max-snippet:-1, max-image-preview:large, max-video-preview:-1\" \/>\n<link rel=\"canonical\" href=\"https:\/\/medicinasinc.com\/se\/product\/kopa-marockansk-primero-hash\/\" \/>\n<meta property=\"og:locale\" content=\"sv_SE\" \/>\n<meta property=\"og:type\" content=\"article\" \/>\n<meta property=\"og:title\" content=\"K\u00f6p Marockansk Primero Hash - B\u00e4sta b\u00e4sta globala medicinen\" \/>\n<meta property=\"og:description\" content=\"k\u00f6p marockansk premiero-hash online p\u00e5 medicinasinc.com\/se med snabb leverans \u00f6ver hela v\u00e4rlden. H\u00f6gkvalitativ marockansk hasch till salu. shoppa nu.\" \/>\n<meta property=\"og:url\" content=\"https:\/\/medicinasinc.com\/se\/product\/kopa-marockansk-primero-hash\/\" \/>\n<meta property=\"og:site_name\" content=\"Medicinas Inc\" \/>\n<meta property=\"article:modified_time\" content=\"2022-07-04T00:09:13+00:00\" \/>\n<meta property=\"og:image\" content=\"https:\/\/medicinasinc.com\/se\/wp-content\/uploads\/sites\/16\/2022\/02\/Buy-Moroccan-Primero-Hash.jpg\" \/>\n\t<meta property=\"og:image:width\" content=\"600\" \/>\n\t<meta property=\"og:image:height\" content=\"600\" \/>\n\t<meta property=\"og:image:type\" content=\"image\/jpeg\" \/>\n<meta name=\"twitter:card\" content=\"summary_large_image\" \/>\n<meta name=\"twitter:label1\" content=\"Ber\u00e4knad l\u00e4stid\" \/>\n\t<meta name=\"twitter:data1\" content=\"1 minut\" \/>\n<script type=\"application\/ld+json\" class=\"yoast-schema-graph\">{\"@context\":\"https:\\\/\\\/schema.org\",\"@graph\":[{\"@type\":\"WebPage\",\"@id\":\"https:\\\/\\\/medicinasinc.com\\\/se\\\/product\\\/kopa-marockansk-primero-hash\\\/\",\"url\":\"https:\\\/\\\/medicinasinc.com\\\/se\\\/product\\\/kopa-marockansk-primero-hash\\\/\",\"name\":\"K\u00f6p Marockansk Primero Hash - B\u00e4sta b\u00e4sta globala medicinen\",\"isPartOf\":{\"@id\":\"https:\\\/\\\/medicinasinc.com\\\/se\\\/#website\"},\"primaryImageOfPage\":{\"@id\":\"https:\\\/\\\/medicinasinc.com\\\/se\\\/product\\\/kopa-marockansk-primero-hash\\\/#primaryimage\"},\"image\":{\"@id\":\"https:\\\/\\\/medicinasinc.com\\\/se\\\/product\\\/kopa-marockansk-primero-hash\\\/#primaryimage\"},\"thumbnailUrl\":\"https:\\\/\\\/medicinasinc.com\\\/se\\\/wp-content\\\/uploads\\\/sites\\\/16\\\/2022\\\/02\\\/Buy-Moroccan-Primero-Hash.jpg\",\"datePublished\":\"2022-02-20T14:53:18+00:00\",\"dateModified\":\"2022-07-04T00:09:13+00:00\",\"description\":\"k\u00f6p marockansk premiero-hash online p\u00e5 medicinasinc.com\\\/se med snabb leverans \u00f6ver hela v\u00e4rlden. H\u00f6gkvalitativ marockansk hasch till salu. shoppa nu.\",\"breadcrumb\":{\"@id\":\"https:\\\/\\\/medicinasinc.com\\\/se\\\/product\\\/kopa-marockansk-primero-hash\\\/#breadcrumb\"},\"inLanguage\":\"sv-SE\",\"potentialAction\":[{\"@type\":\"ReadAction\",\"target\":[\"https:\\\/\\\/medicinasinc.com\\\/se\\\/product\\\/kopa-marockansk-primero-hash\\\/\"]}]},{\"@type\":\"ImageObject\",\"inLanguage\":\"sv-SE\",\"@id\":\"https:\\\/\\\/medicinasinc.com\\\/se\\\/product\\\/kopa-marockansk-primero-hash\\\/#primaryimage\",\"url\":\"https:\\\/\\\/medicinasinc.com\\\/se\\\/wp-content\\\/uploads\\\/sites\\\/16\\\/2022\\\/02\\\/Buy-Moroccan-Primero-Hash.jpg\",\"contentUrl\":\"https:\\\/\\\/medicinasinc.com\\\/se\\\/wp-content\\\/uploads\\\/sites\\\/16\\\/2022\\\/02\\\/Buy-Moroccan-Primero-Hash.jpg\",\"width\":600,\"height\":600},{\"@type\":\"BreadcrumbList\",\"@id\":\"https:\\\/\\\/medicinasinc.com\\\/se\\\/product\\\/kopa-marockansk-primero-hash\\\/#breadcrumb\",\"itemListElement\":[{\"@type\":\"ListItem\",\"position\":1,\"name\":\"aff\u00e4r\",\"item\":\"https:\\\/\\\/medicinasinc.com\\\/se\\\/affar\\\/\"},{\"@type\":\"ListItem\",\"position\":2,\"name\":\"K\u00f6p marockansk Primero Hash\"}]},{\"@type\":\"WebSite\",\"@id\":\"https:\\\/\\\/medicinasinc.com\\\/se\\\/#website\",\"url\":\"https:\\\/\\\/medicinasinc.com\\\/se\\\/\",\"name\":\"Medicinas Inc\",\"description\":\"Health Medical Clinic\",\"potentialAction\":[{\"@type\":\"SearchAction\",\"target\":{\"@type\":\"EntryPoint\",\"urlTemplate\":\"https:\\\/\\\/medicinasinc.com\\\/se\\\/?s={search_term_string}\"},\"query-input\":{\"@type\":\"PropertyValueSpecification\",\"valueRequired\":true,\"valueName\":\"search_term_string\"}}],\"inLanguage\":\"sv-SE\"}]}<\/script>\n<!-- \/ Yoast SEO plugin. -->","yoast_head_json":{"title":"K\u00f6p Marockansk Primero Hash - B\u00e4sta b\u00e4sta globala medicinen","description":"k\u00f6p marockansk premiero-hash online p\u00e5 medicinasinc.com\/se med snabb leverans \u00f6ver hela v\u00e4rlden. H\u00f6gkvalitativ marockansk hasch till salu. shoppa nu.","robots":{"index":"index","follow":"follow","max-snippet":"max-snippet:-1","max-image-preview":"max-image-preview:large","max-video-preview":"max-video-preview:-1"},"canonical":"https:\/\/medicinasinc.com\/se\/product\/kopa-marockansk-primero-hash\/","og_locale":"sv_SE","og_type":"article","og_title":"K\u00f6p Marockansk Primero Hash - B\u00e4sta b\u00e4sta globala medicinen","og_description":"k\u00f6p marockansk premiero-hash online p\u00e5 medicinasinc.com\/se med snabb leverans \u00f6ver hela v\u00e4rlden. H\u00f6gkvalitativ marockansk hasch till salu. shoppa nu.","og_url":"https:\/\/medicinasinc.com\/se\/product\/kopa-marockansk-primero-hash\/","og_site_name":"Medicinas Inc","article_modified_time":"2022-07-04T00:09:13+00:00","og_image":[{"width":600,"height":600,"url":"https:\/\/medicinasinc.com\/se\/wp-content\/uploads\/sites\/16\/2022\/02\/Buy-Moroccan-Primero-Hash.jpg","type":"image\/jpeg"}],"twitter_card":"summary_large_image","twitter_misc":{"Ber\u00e4knad l\u00e4stid":"1 minut"},"schema":{"@context":"https:\/\/schema.org","@graph":[{"@type":"WebPage","@id":"https:\/\/medicinasinc.com\/se\/product\/kopa-marockansk-primero-hash\/","url":"https:\/\/medicinasinc.com\/se\/product\/kopa-marockansk-primero-hash\/","name":"K\u00f6p Marockansk Primero Hash - B\u00e4sta b\u00e4sta globala medicinen","isPartOf":{"@id":"https:\/\/medicinasinc.com\/se\/#website"},"primaryImageOfPage":{"@id":"https:\/\/medicinasinc.com\/se\/product\/kopa-marockansk-primero-hash\/#primaryimage"},"image":{"@id":"https:\/\/medicinasinc.com\/se\/product\/kopa-marockansk-primero-hash\/#primaryimage"},"thumbnailUrl":"https:\/\/medicinasinc.com\/se\/wp-content\/uploads\/sites\/16\/2022\/02\/Buy-Moroccan-Primero-Hash.jpg","datePublished":"2022-02-20T14:53:18+00:00","dateModified":"2022-07-04T00:09:13+00:00","description":"k\u00f6p marockansk premiero-hash online p\u00e5 medicinasinc.com\/se med snabb leverans \u00f6ver hela v\u00e4rlden. H\u00f6gkvalitativ marockansk hasch till salu. shoppa nu.","breadcrumb":{"@id":"https:\/\/medicinasinc.com\/se\/product\/kopa-marockansk-primero-hash\/#breadcrumb"},"inLanguage":"sv-SE","potentialAction":[{"@type":"ReadAction","target":["https:\/\/medicinasinc.com\/se\/product\/kopa-marockansk-primero-hash\/"]}]},{"@type":"ImageObject","inLanguage":"sv-SE","@id":"https:\/\/medicinasinc.com\/se\/product\/kopa-marockansk-primero-hash\/#primaryimage","url":"https:\/\/medicinasinc.com\/se\/wp-content\/uploads\/sites\/16\/2022\/02\/Buy-Moroccan-Primero-Hash.jpg","contentUrl":"https:\/\/medicinasinc.com\/se\/wp-content\/uploads\/sites\/16\/2022\/02\/Buy-Moroccan-Primero-Hash.jpg","width":600,"height":600},{"@type":"BreadcrumbList","@id":"https:\/\/medicinasinc.com\/se\/product\/kopa-marockansk-primero-hash\/#breadcrumb","itemListElement":[{"@type":"ListItem","position":1,"name":"aff\u00e4r","item":"https:\/\/medicinasinc.com\/se\/affar\/"},{"@type":"ListItem","position":2,"name":"K\u00f6p marockansk Primero Hash"}]},{"@type":"WebSite","@id":"https:\/\/medicinasinc.com\/se\/#website","url":"https:\/\/medicinasinc.com\/se\/","name":"Medicinas Inc","description":"Health Medical Clinic","potentialAction":[{"@type":"SearchAction","target":{"@type":"EntryPoint","urlTemplate":"https:\/\/medicinasinc.com\/se\/?s={search_term_string}"},"query-input":{"@type":"PropertyValueSpecification","valueRequired":true,"valueName":"search_term_string"}}],"inLanguage":"sv-SE"}]}},"_links":{"self":[{"href":"https:\/\/medicinasinc.com\/se\/wp-json\/wp\/v2\/product\/4700","targetHints":{"allow":["GET"]}}],"collection":[{"href":"https:\/\/medicinasinc.com\/se\/wp-json\/wp\/v2\/product"}],"about":[{"href":"https:\/\/medicinasinc.com\/se\/wp-json\/wp\/v2\/types\/product"}],"replies":[{"embeddable":true,"href":"https:\/\/medicinasinc.com\/se\/wp-json\/wp\/v2\/comments?post=4700"}],"wp:featuredmedia":[{"embeddable":true,"href":"https:\/\/medicinasinc.com\/se\/wp-json\/wp\/v2\/media\/4712"}],"wp:attachment":[{"href":"https:\/\/medicinasinc.com\/se\/wp-json\/wp\/v2\/media?parent=4700"}],"wp:term":[{"taxonomy":"product_brand","embeddable":true,"href":"https:\/\/medicinasinc.com\/se\/wp-json\/wp\/v2\/product_brand?post=4700"},{"taxonomy":"product_cat","embeddable":true,"href":"https:\/\/medicinasinc.com\/se\/wp-json\/wp\/v2\/product_cat?post=4700"},{"taxonomy":"product_tag","embeddable":true,"href":"https:\/\/medicinasinc.com\/se\/wp-json\/wp\/v2\/product_tag?post=4700"}],"curies":[{"name":"wp","href":"https:\/\/api.w.org\/{rel}","templated":true}]}}