{"id":4685,"date":"2022-02-20T14:41:24","date_gmt":"2022-02-20T14:41:24","guid":{"rendered":"https:\/\/medicinasinc.com\/se\/?post_type=product&#038;p=4685"},"modified":"2022-07-04T00:09:24","modified_gmt":"2022-07-04T00:09:24","slug":"kop-iso-hash-online","status":"publish","type":"product","link":"https:\/\/medicinasinc.com\/se\/product\/kop-iso-hash-online\/","title":{"rendered":"K\u00f6p Iso Hash Online"},"content":{"rendered":"<p>Iso-hash onlinek\u00f6p<\/p>\n<p>Iso-hash kan k\u00f6pas online.<\/p>\n<p>Iso-hash erh\u00e5lls genom extraktion av isopropyllut. QWISO \u00e4r en akronym f\u00f6r Quick Wash Isopropyl Alcohol hash, en v\u00e4lk\u00e4nd metod f\u00f6r att framst\u00e4lla isopropylalkoholhash. Att anv\u00e4nda sprit som ett l\u00f6sbart material \u00e4r extremt slarvigt; dock \u00e4r smaken s\u00e4mre \u00e4n andra l\u00f6sningsmedel\/tekniker. F\u00f6rem\u00e5let \u00e4r beroende av typen av cannabis och dess utvinning. Utm\u00e4rkt QWISO \u00e4r ofta klar och gul till utseendet, som liknar ett brott, med en flexibel yta. Iso-hash av l\u00e5g kvalitet \u00e4r ofta gr\u00f6n (fr\u00e5n v\u00e4xtklorofyll) eller m\u00f6rk, med en klibbig yta.<\/p>\n","protected":false},"excerpt":{"rendered":"<div class=\"woocommerce-product-details__short-description\">\n<p>K\u00f6p Iso-hash \u00e4r produkten av en isopropylalkoholextraktion. QWISO \u00e4r en akronym f\u00f6r Quick Wash Isopropyl Alcohol hash.<\/p>\n<\/p><\/div>\n","protected":false},"featured_media":4698,"comment_status":"open","ping_status":"closed","template":"","meta":[],"product_brand":[],"product_cat":[610],"product_tag":[],"class_list":{"0":"post-4685","1":"product","2":"type-product","3":"status-publish","4":"has-post-thumbnail","6":"product_cat-kop-hash-hasch","8":"first","9":"instock","10":"shipping-taxable","11":"purchasable","12":"product-type-variable","13":"has-default-attributes"},"yoast_head":"<!-- This site is optimized with the Yoast SEO plugin v27.3 - https:\/\/yoast.com\/product\/yoast-seo-wordpress\/ -->\n<title>K\u00f6p Iso Hash Online - B\u00e4sta b\u00e4sta globala medicinerna<\/title>\n<meta name=\"description\" content=\"K\u00f6p Iso-hash \u00e4r produkten av en isopropylalkoholextraktion. QWISO \u00e4r en akronym f\u00f6r Quick Wash Isopropyl Alcohol hash.\" \/>\n<meta name=\"robots\" content=\"index, follow, max-snippet:-1, max-image-preview:large, max-video-preview:-1\" \/>\n<link rel=\"canonical\" href=\"https:\/\/medicinasinc.com\/se\/product\/kop-iso-hash-online\/\" \/>\n<meta property=\"og:locale\" content=\"sv_SE\" \/>\n<meta property=\"og:type\" content=\"article\" \/>\n<meta property=\"og:title\" content=\"K\u00f6p Iso Hash Online - B\u00e4sta b\u00e4sta globala medicinerna\" \/>\n<meta property=\"og:description\" content=\"K\u00f6p Iso-hash \u00e4r produkten av en isopropylalkoholextraktion. QWISO \u00e4r en akronym f\u00f6r Quick Wash Isopropyl Alcohol hash.\" \/>\n<meta property=\"og:url\" content=\"https:\/\/medicinasinc.com\/se\/product\/kop-iso-hash-online\/\" \/>\n<meta property=\"og:site_name\" content=\"Medicinas Inc\" \/>\n<meta property=\"article:modified_time\" content=\"2022-07-04T00:09:24+00:00\" \/>\n<meta property=\"og:image\" content=\"https:\/\/medicinasinc.com\/se\/wp-content\/uploads\/sites\/16\/2022\/02\/Buy-Iso-hash-online.jpg\" \/>\n\t<meta property=\"og:image:width\" content=\"600\" \/>\n\t<meta property=\"og:image:height\" content=\"600\" \/>\n\t<meta property=\"og:image:type\" content=\"image\/jpeg\" \/>\n<meta name=\"twitter:card\" content=\"summary_large_image\" \/>\n<meta name=\"twitter:label1\" content=\"Ber\u00e4knad l\u00e4stid\" \/>\n\t<meta name=\"twitter:data1\" content=\"1 minut\" \/>\n<script type=\"application\/ld+json\" class=\"yoast-schema-graph\">{\"@context\":\"https:\\\/\\\/schema.org\",\"@graph\":[{\"@type\":\"WebPage\",\"@id\":\"https:\\\/\\\/medicinasinc.com\\\/se\\\/product\\\/kop-iso-hash-online\\\/\",\"url\":\"https:\\\/\\\/medicinasinc.com\\\/se\\\/product\\\/kop-iso-hash-online\\\/\",\"name\":\"K\u00f6p Iso Hash Online - B\u00e4sta b\u00e4sta globala medicinerna\",\"isPartOf\":{\"@id\":\"https:\\\/\\\/medicinasinc.com\\\/se\\\/#website\"},\"primaryImageOfPage\":{\"@id\":\"https:\\\/\\\/medicinasinc.com\\\/se\\\/product\\\/kop-iso-hash-online\\\/#primaryimage\"},\"image\":{\"@id\":\"https:\\\/\\\/medicinasinc.com\\\/se\\\/product\\\/kop-iso-hash-online\\\/#primaryimage\"},\"thumbnailUrl\":\"https:\\\/\\\/medicinasinc.com\\\/se\\\/wp-content\\\/uploads\\\/sites\\\/16\\\/2022\\\/02\\\/Buy-Iso-hash-online.jpg\",\"datePublished\":\"2022-02-20T14:41:24+00:00\",\"dateModified\":\"2022-07-04T00:09:24+00:00\",\"description\":\"K\u00f6p Iso-hash \u00e4r produkten av en isopropylalkoholextraktion. QWISO \u00e4r en akronym f\u00f6r Quick Wash Isopropyl Alcohol hash.\",\"breadcrumb\":{\"@id\":\"https:\\\/\\\/medicinasinc.com\\\/se\\\/product\\\/kop-iso-hash-online\\\/#breadcrumb\"},\"inLanguage\":\"sv-SE\",\"potentialAction\":[{\"@type\":\"ReadAction\",\"target\":[\"https:\\\/\\\/medicinasinc.com\\\/se\\\/product\\\/kop-iso-hash-online\\\/\"]}]},{\"@type\":\"ImageObject\",\"inLanguage\":\"sv-SE\",\"@id\":\"https:\\\/\\\/medicinasinc.com\\\/se\\\/product\\\/kop-iso-hash-online\\\/#primaryimage\",\"url\":\"https:\\\/\\\/medicinasinc.com\\\/se\\\/wp-content\\\/uploads\\\/sites\\\/16\\\/2022\\\/02\\\/Buy-Iso-hash-online.jpg\",\"contentUrl\":\"https:\\\/\\\/medicinasinc.com\\\/se\\\/wp-content\\\/uploads\\\/sites\\\/16\\\/2022\\\/02\\\/Buy-Iso-hash-online.jpg\",\"width\":600,\"height\":600},{\"@type\":\"BreadcrumbList\",\"@id\":\"https:\\\/\\\/medicinasinc.com\\\/se\\\/product\\\/kop-iso-hash-online\\\/#breadcrumb\",\"itemListElement\":[{\"@type\":\"ListItem\",\"position\":1,\"name\":\"aff\u00e4r\",\"item\":\"https:\\\/\\\/medicinasinc.com\\\/se\\\/affar\\\/\"},{\"@type\":\"ListItem\",\"position\":2,\"name\":\"K\u00f6p Iso Hash Online\"}]},{\"@type\":\"WebSite\",\"@id\":\"https:\\\/\\\/medicinasinc.com\\\/se\\\/#website\",\"url\":\"https:\\\/\\\/medicinasinc.com\\\/se\\\/\",\"name\":\"Medicinas Inc\",\"description\":\"Health Medical Clinic\",\"potentialAction\":[{\"@type\":\"SearchAction\",\"target\":{\"@type\":\"EntryPoint\",\"urlTemplate\":\"https:\\\/\\\/medicinasinc.com\\\/se\\\/?s={search_term_string}\"},\"query-input\":{\"@type\":\"PropertyValueSpecification\",\"valueRequired\":true,\"valueName\":\"search_term_string\"}}],\"inLanguage\":\"sv-SE\"}]}<\/script>\n<!-- \/ Yoast SEO plugin. -->","yoast_head_json":{"title":"K\u00f6p Iso Hash Online - B\u00e4sta b\u00e4sta globala medicinerna","description":"K\u00f6p Iso-hash \u00e4r produkten av en isopropylalkoholextraktion. QWISO \u00e4r en akronym f\u00f6r Quick Wash Isopropyl Alcohol hash.","robots":{"index":"index","follow":"follow","max-snippet":"max-snippet:-1","max-image-preview":"max-image-preview:large","max-video-preview":"max-video-preview:-1"},"canonical":"https:\/\/medicinasinc.com\/se\/product\/kop-iso-hash-online\/","og_locale":"sv_SE","og_type":"article","og_title":"K\u00f6p Iso Hash Online - B\u00e4sta b\u00e4sta globala medicinerna","og_description":"K\u00f6p Iso-hash \u00e4r produkten av en isopropylalkoholextraktion. QWISO \u00e4r en akronym f\u00f6r Quick Wash Isopropyl Alcohol hash.","og_url":"https:\/\/medicinasinc.com\/se\/product\/kop-iso-hash-online\/","og_site_name":"Medicinas Inc","article_modified_time":"2022-07-04T00:09:24+00:00","og_image":[{"width":600,"height":600,"url":"https:\/\/medicinasinc.com\/se\/wp-content\/uploads\/sites\/16\/2022\/02\/Buy-Iso-hash-online.jpg","type":"image\/jpeg"}],"twitter_card":"summary_large_image","twitter_misc":{"Ber\u00e4knad l\u00e4stid":"1 minut"},"schema":{"@context":"https:\/\/schema.org","@graph":[{"@type":"WebPage","@id":"https:\/\/medicinasinc.com\/se\/product\/kop-iso-hash-online\/","url":"https:\/\/medicinasinc.com\/se\/product\/kop-iso-hash-online\/","name":"K\u00f6p Iso Hash Online - B\u00e4sta b\u00e4sta globala medicinerna","isPartOf":{"@id":"https:\/\/medicinasinc.com\/se\/#website"},"primaryImageOfPage":{"@id":"https:\/\/medicinasinc.com\/se\/product\/kop-iso-hash-online\/#primaryimage"},"image":{"@id":"https:\/\/medicinasinc.com\/se\/product\/kop-iso-hash-online\/#primaryimage"},"thumbnailUrl":"https:\/\/medicinasinc.com\/se\/wp-content\/uploads\/sites\/16\/2022\/02\/Buy-Iso-hash-online.jpg","datePublished":"2022-02-20T14:41:24+00:00","dateModified":"2022-07-04T00:09:24+00:00","description":"K\u00f6p Iso-hash \u00e4r produkten av en isopropylalkoholextraktion. QWISO \u00e4r en akronym f\u00f6r Quick Wash Isopropyl Alcohol hash.","breadcrumb":{"@id":"https:\/\/medicinasinc.com\/se\/product\/kop-iso-hash-online\/#breadcrumb"},"inLanguage":"sv-SE","potentialAction":[{"@type":"ReadAction","target":["https:\/\/medicinasinc.com\/se\/product\/kop-iso-hash-online\/"]}]},{"@type":"ImageObject","inLanguage":"sv-SE","@id":"https:\/\/medicinasinc.com\/se\/product\/kop-iso-hash-online\/#primaryimage","url":"https:\/\/medicinasinc.com\/se\/wp-content\/uploads\/sites\/16\/2022\/02\/Buy-Iso-hash-online.jpg","contentUrl":"https:\/\/medicinasinc.com\/se\/wp-content\/uploads\/sites\/16\/2022\/02\/Buy-Iso-hash-online.jpg","width":600,"height":600},{"@type":"BreadcrumbList","@id":"https:\/\/medicinasinc.com\/se\/product\/kop-iso-hash-online\/#breadcrumb","itemListElement":[{"@type":"ListItem","position":1,"name":"aff\u00e4r","item":"https:\/\/medicinasinc.com\/se\/affar\/"},{"@type":"ListItem","position":2,"name":"K\u00f6p Iso Hash Online"}]},{"@type":"WebSite","@id":"https:\/\/medicinasinc.com\/se\/#website","url":"https:\/\/medicinasinc.com\/se\/","name":"Medicinas Inc","description":"Health Medical Clinic","potentialAction":[{"@type":"SearchAction","target":{"@type":"EntryPoint","urlTemplate":"https:\/\/medicinasinc.com\/se\/?s={search_term_string}"},"query-input":{"@type":"PropertyValueSpecification","valueRequired":true,"valueName":"search_term_string"}}],"inLanguage":"sv-SE"}]}},"_links":{"self":[{"href":"https:\/\/medicinasinc.com\/se\/wp-json\/wp\/v2\/product\/4685","targetHints":{"allow":["GET"]}}],"collection":[{"href":"https:\/\/medicinasinc.com\/se\/wp-json\/wp\/v2\/product"}],"about":[{"href":"https:\/\/medicinasinc.com\/se\/wp-json\/wp\/v2\/types\/product"}],"replies":[{"embeddable":true,"href":"https:\/\/medicinasinc.com\/se\/wp-json\/wp\/v2\/comments?post=4685"}],"wp:featuredmedia":[{"embeddable":true,"href":"https:\/\/medicinasinc.com\/se\/wp-json\/wp\/v2\/media\/4698"}],"wp:attachment":[{"href":"https:\/\/medicinasinc.com\/se\/wp-json\/wp\/v2\/media?parent=4685"}],"wp:term":[{"taxonomy":"product_brand","embeddable":true,"href":"https:\/\/medicinasinc.com\/se\/wp-json\/wp\/v2\/product_brand?post=4685"},{"taxonomy":"product_cat","embeddable":true,"href":"https:\/\/medicinasinc.com\/se\/wp-json\/wp\/v2\/product_cat?post=4685"},{"taxonomy":"product_tag","embeddable":true,"href":"https:\/\/medicinasinc.com\/se\/wp-json\/wp\/v2\/product_tag?post=4685"}],"curies":[{"name":"wp","href":"https:\/\/api.w.org\/{rel}","templated":true}]}}