{"id":4684,"date":"2022-02-20T14:40:34","date_gmt":"2022-02-20T14:40:34","guid":{"rendered":"https:\/\/medicinasinc.com\/se\/?post_type=product&#038;p=4684"},"modified":"2022-07-04T00:09:40","modified_gmt":"2022-07-04T00:09:40","slug":"kopa-mercedez-lebanon-hash","status":"publish","type":"product","link":"https:\/\/medicinasinc.com\/se\/product\/kopa-mercedez-lebanon-hash\/","title":{"rendered":"K\u00f6p Mercedez Lebanon Hash"},"content":{"rendered":"<p>Hash har anv\u00e4nts i tusentals \u00e5r, \u00e4nda sedan m\u00e4nniskor uppt\u00e4ckte cannabisv\u00e4xtens m\u00e4rkliga klibbiga biprodukt. Hash \u00e4r ofta runt 40% THC och kan r\u00f6kas eller anv\u00e4ndas i matlagning\/\u00e4tbart. F\u00f6r vissa cannabisentusiaster g\u00f6r den rika aromatiska doften och smaken av hasch det till en unik godbit. Det \u00e4r bekv\u00e4mt att f\u00f6rvara, transportera och anv\u00e4nda. P\u00e5 1980-talet exporterades hasch fr\u00e5n flera stora produktionsomr\u00e5den (Nepal, Indien, Pakistan och Afghanistan) med ett unikt sigill pr\u00e4glat p\u00e5 varje block, och det var ofta inslaget i r\u00f6tt eller guldf\u00f6rpackning f\u00f6re export.<\/p>\n","protected":false},"excerpt":{"rendered":"<p>Mercedes Libanese Hash till salu i Storbritannien och Europa \u00e4r l\u00e4tt aromatisk, med kryddtoner och en jordn\u00e4ra smakprofil. Den har en mycket formbar, mjuk konsistens.<\/p>\n<p>Svart Mercedes \u00e4r en hasch som importeras fr\u00e5n Libanon. Den har en m\u00f6rkbrun exteri\u00f6r och en ljusare brun insida och en milt aromatisk smakprofil med kryddtoner och en jordn\u00e4ra smakprofil. Den har en mjuk, formbar konsistens som g\u00f6r den extremt l\u00e4tt att arbeta med, \u00e4nnu mer n\u00e4r den v\u00e4rms upp.<\/p>\n","protected":false},"featured_media":4696,"comment_status":"open","ping_status":"closed","template":"","meta":[],"product_brand":[],"product_cat":[610],"product_tag":[],"class_list":{"0":"post-4684","1":"product","2":"type-product","3":"status-publish","4":"has-post-thumbnail","6":"product_cat-kop-hash-hasch","8":"first","9":"instock","10":"shipping-taxable","11":"purchasable","12":"product-type-variable","13":"has-default-attributes"},"yoast_head":"<!-- This site is optimized with the Yoast SEO plugin v27.3 - https:\/\/yoast.com\/product\/yoast-seo-wordpress\/ -->\n<title>K\u00f6p Mercedez Lebanon Hash - B\u00e4sta b\u00e4sta globala medicinerna<\/title>\n<meta name=\"description\" content=\"K\u00f6p Mercedes Lebanese Hash Storbritannien, Europa \u00e4r l\u00e4tt aromatisk, med kryddtoner och en jordn\u00e4ra smakprofil. Den har en ganska mjuk, formbar konsistens.\" \/>\n<meta name=\"robots\" content=\"index, follow, max-snippet:-1, max-image-preview:large, max-video-preview:-1\" \/>\n<link rel=\"canonical\" href=\"https:\/\/medicinasinc.com\/se\/product\/kopa-mercedez-lebanon-hash\/\" \/>\n<meta property=\"og:locale\" content=\"sv_SE\" \/>\n<meta property=\"og:type\" content=\"article\" \/>\n<meta property=\"og:title\" content=\"K\u00f6p Mercedez Lebanon Hash - B\u00e4sta b\u00e4sta globala medicinerna\" \/>\n<meta property=\"og:description\" content=\"K\u00f6p Mercedes Lebanese Hash Storbritannien, Europa \u00e4r l\u00e4tt aromatisk, med kryddtoner och en jordn\u00e4ra smakprofil. Den har en ganska mjuk, formbar konsistens.\" \/>\n<meta property=\"og:url\" content=\"https:\/\/medicinasinc.com\/se\/product\/kopa-mercedez-lebanon-hash\/\" \/>\n<meta property=\"og:site_name\" content=\"Medicinas Inc\" \/>\n<meta property=\"article:modified_time\" content=\"2022-07-04T00:09:40+00:00\" \/>\n<meta property=\"og:image\" content=\"https:\/\/medicinasinc.com\/se\/wp-content\/uploads\/sites\/16\/2022\/02\/Buy-Mercedez-Lebanon-Hash.jpg\" \/>\n\t<meta property=\"og:image:width\" content=\"600\" \/>\n\t<meta property=\"og:image:height\" content=\"600\" \/>\n\t<meta property=\"og:image:type\" content=\"image\/jpeg\" \/>\n<meta name=\"twitter:card\" content=\"summary_large_image\" \/>\n<meta name=\"twitter:label1\" content=\"Ber\u00e4knad l\u00e4stid\" \/>\n\t<meta name=\"twitter:data1\" content=\"1 minut\" \/>\n<script type=\"application\/ld+json\" class=\"yoast-schema-graph\">{\"@context\":\"https:\\\/\\\/schema.org\",\"@graph\":[{\"@type\":\"WebPage\",\"@id\":\"https:\\\/\\\/medicinasinc.com\\\/se\\\/product\\\/kopa-mercedez-lebanon-hash\\\/\",\"url\":\"https:\\\/\\\/medicinasinc.com\\\/se\\\/product\\\/kopa-mercedez-lebanon-hash\\\/\",\"name\":\"K\u00f6p Mercedez Lebanon Hash - B\u00e4sta b\u00e4sta globala medicinerna\",\"isPartOf\":{\"@id\":\"https:\\\/\\\/medicinasinc.com\\\/se\\\/#website\"},\"primaryImageOfPage\":{\"@id\":\"https:\\\/\\\/medicinasinc.com\\\/se\\\/product\\\/kopa-mercedez-lebanon-hash\\\/#primaryimage\"},\"image\":{\"@id\":\"https:\\\/\\\/medicinasinc.com\\\/se\\\/product\\\/kopa-mercedez-lebanon-hash\\\/#primaryimage\"},\"thumbnailUrl\":\"https:\\\/\\\/medicinasinc.com\\\/se\\\/wp-content\\\/uploads\\\/sites\\\/16\\\/2022\\\/02\\\/Buy-Mercedez-Lebanon-Hash.jpg\",\"datePublished\":\"2022-02-20T14:40:34+00:00\",\"dateModified\":\"2022-07-04T00:09:40+00:00\",\"description\":\"K\u00f6p Mercedes Lebanese Hash Storbritannien, Europa \u00e4r l\u00e4tt aromatisk, med kryddtoner och en jordn\u00e4ra smakprofil. Den har en ganska mjuk, formbar konsistens.\",\"breadcrumb\":{\"@id\":\"https:\\\/\\\/medicinasinc.com\\\/se\\\/product\\\/kopa-mercedez-lebanon-hash\\\/#breadcrumb\"},\"inLanguage\":\"sv-SE\",\"potentialAction\":[{\"@type\":\"ReadAction\",\"target\":[\"https:\\\/\\\/medicinasinc.com\\\/se\\\/product\\\/kopa-mercedez-lebanon-hash\\\/\"]}]},{\"@type\":\"ImageObject\",\"inLanguage\":\"sv-SE\",\"@id\":\"https:\\\/\\\/medicinasinc.com\\\/se\\\/product\\\/kopa-mercedez-lebanon-hash\\\/#primaryimage\",\"url\":\"https:\\\/\\\/medicinasinc.com\\\/se\\\/wp-content\\\/uploads\\\/sites\\\/16\\\/2022\\\/02\\\/Buy-Mercedez-Lebanon-Hash.jpg\",\"contentUrl\":\"https:\\\/\\\/medicinasinc.com\\\/se\\\/wp-content\\\/uploads\\\/sites\\\/16\\\/2022\\\/02\\\/Buy-Mercedez-Lebanon-Hash.jpg\",\"width\":600,\"height\":600},{\"@type\":\"BreadcrumbList\",\"@id\":\"https:\\\/\\\/medicinasinc.com\\\/se\\\/product\\\/kopa-mercedez-lebanon-hash\\\/#breadcrumb\",\"itemListElement\":[{\"@type\":\"ListItem\",\"position\":1,\"name\":\"aff\u00e4r\",\"item\":\"https:\\\/\\\/medicinasinc.com\\\/se\\\/affar\\\/\"},{\"@type\":\"ListItem\",\"position\":2,\"name\":\"K\u00f6p Mercedez Lebanon Hash\"}]},{\"@type\":\"WebSite\",\"@id\":\"https:\\\/\\\/medicinasinc.com\\\/se\\\/#website\",\"url\":\"https:\\\/\\\/medicinasinc.com\\\/se\\\/\",\"name\":\"Medicinas Inc\",\"description\":\"Health Medical Clinic\",\"potentialAction\":[{\"@type\":\"SearchAction\",\"target\":{\"@type\":\"EntryPoint\",\"urlTemplate\":\"https:\\\/\\\/medicinasinc.com\\\/se\\\/?s={search_term_string}\"},\"query-input\":{\"@type\":\"PropertyValueSpecification\",\"valueRequired\":true,\"valueName\":\"search_term_string\"}}],\"inLanguage\":\"sv-SE\"}]}<\/script>\n<!-- \/ Yoast SEO plugin. -->","yoast_head_json":{"title":"K\u00f6p Mercedez Lebanon Hash - B\u00e4sta b\u00e4sta globala medicinerna","description":"K\u00f6p Mercedes Lebanese Hash Storbritannien, Europa \u00e4r l\u00e4tt aromatisk, med kryddtoner och en jordn\u00e4ra smakprofil. Den har en ganska mjuk, formbar konsistens.","robots":{"index":"index","follow":"follow","max-snippet":"max-snippet:-1","max-image-preview":"max-image-preview:large","max-video-preview":"max-video-preview:-1"},"canonical":"https:\/\/medicinasinc.com\/se\/product\/kopa-mercedez-lebanon-hash\/","og_locale":"sv_SE","og_type":"article","og_title":"K\u00f6p Mercedez Lebanon Hash - B\u00e4sta b\u00e4sta globala medicinerna","og_description":"K\u00f6p Mercedes Lebanese Hash Storbritannien, Europa \u00e4r l\u00e4tt aromatisk, med kryddtoner och en jordn\u00e4ra smakprofil. Den har en ganska mjuk, formbar konsistens.","og_url":"https:\/\/medicinasinc.com\/se\/product\/kopa-mercedez-lebanon-hash\/","og_site_name":"Medicinas Inc","article_modified_time":"2022-07-04T00:09:40+00:00","og_image":[{"width":600,"height":600,"url":"https:\/\/medicinasinc.com\/se\/wp-content\/uploads\/sites\/16\/2022\/02\/Buy-Mercedez-Lebanon-Hash.jpg","type":"image\/jpeg"}],"twitter_card":"summary_large_image","twitter_misc":{"Ber\u00e4knad l\u00e4stid":"1 minut"},"schema":{"@context":"https:\/\/schema.org","@graph":[{"@type":"WebPage","@id":"https:\/\/medicinasinc.com\/se\/product\/kopa-mercedez-lebanon-hash\/","url":"https:\/\/medicinasinc.com\/se\/product\/kopa-mercedez-lebanon-hash\/","name":"K\u00f6p Mercedez Lebanon Hash - B\u00e4sta b\u00e4sta globala medicinerna","isPartOf":{"@id":"https:\/\/medicinasinc.com\/se\/#website"},"primaryImageOfPage":{"@id":"https:\/\/medicinasinc.com\/se\/product\/kopa-mercedez-lebanon-hash\/#primaryimage"},"image":{"@id":"https:\/\/medicinasinc.com\/se\/product\/kopa-mercedez-lebanon-hash\/#primaryimage"},"thumbnailUrl":"https:\/\/medicinasinc.com\/se\/wp-content\/uploads\/sites\/16\/2022\/02\/Buy-Mercedez-Lebanon-Hash.jpg","datePublished":"2022-02-20T14:40:34+00:00","dateModified":"2022-07-04T00:09:40+00:00","description":"K\u00f6p Mercedes Lebanese Hash Storbritannien, Europa \u00e4r l\u00e4tt aromatisk, med kryddtoner och en jordn\u00e4ra smakprofil. Den har en ganska mjuk, formbar konsistens.","breadcrumb":{"@id":"https:\/\/medicinasinc.com\/se\/product\/kopa-mercedez-lebanon-hash\/#breadcrumb"},"inLanguage":"sv-SE","potentialAction":[{"@type":"ReadAction","target":["https:\/\/medicinasinc.com\/se\/product\/kopa-mercedez-lebanon-hash\/"]}]},{"@type":"ImageObject","inLanguage":"sv-SE","@id":"https:\/\/medicinasinc.com\/se\/product\/kopa-mercedez-lebanon-hash\/#primaryimage","url":"https:\/\/medicinasinc.com\/se\/wp-content\/uploads\/sites\/16\/2022\/02\/Buy-Mercedez-Lebanon-Hash.jpg","contentUrl":"https:\/\/medicinasinc.com\/se\/wp-content\/uploads\/sites\/16\/2022\/02\/Buy-Mercedez-Lebanon-Hash.jpg","width":600,"height":600},{"@type":"BreadcrumbList","@id":"https:\/\/medicinasinc.com\/se\/product\/kopa-mercedez-lebanon-hash\/#breadcrumb","itemListElement":[{"@type":"ListItem","position":1,"name":"aff\u00e4r","item":"https:\/\/medicinasinc.com\/se\/affar\/"},{"@type":"ListItem","position":2,"name":"K\u00f6p Mercedez Lebanon Hash"}]},{"@type":"WebSite","@id":"https:\/\/medicinasinc.com\/se\/#website","url":"https:\/\/medicinasinc.com\/se\/","name":"Medicinas Inc","description":"Health Medical Clinic","potentialAction":[{"@type":"SearchAction","target":{"@type":"EntryPoint","urlTemplate":"https:\/\/medicinasinc.com\/se\/?s={search_term_string}"},"query-input":{"@type":"PropertyValueSpecification","valueRequired":true,"valueName":"search_term_string"}}],"inLanguage":"sv-SE"}]}},"_links":{"self":[{"href":"https:\/\/medicinasinc.com\/se\/wp-json\/wp\/v2\/product\/4684","targetHints":{"allow":["GET"]}}],"collection":[{"href":"https:\/\/medicinasinc.com\/se\/wp-json\/wp\/v2\/product"}],"about":[{"href":"https:\/\/medicinasinc.com\/se\/wp-json\/wp\/v2\/types\/product"}],"replies":[{"embeddable":true,"href":"https:\/\/medicinasinc.com\/se\/wp-json\/wp\/v2\/comments?post=4684"}],"wp:featuredmedia":[{"embeddable":true,"href":"https:\/\/medicinasinc.com\/se\/wp-json\/wp\/v2\/media\/4696"}],"wp:attachment":[{"href":"https:\/\/medicinasinc.com\/se\/wp-json\/wp\/v2\/media?parent=4684"}],"wp:term":[{"taxonomy":"product_brand","embeddable":true,"href":"https:\/\/medicinasinc.com\/se\/wp-json\/wp\/v2\/product_brand?post=4684"},{"taxonomy":"product_cat","embeddable":true,"href":"https:\/\/medicinasinc.com\/se\/wp-json\/wp\/v2\/product_cat?post=4684"},{"taxonomy":"product_tag","embeddable":true,"href":"https:\/\/medicinasinc.com\/se\/wp-json\/wp\/v2\/product_tag?post=4684"}],"curies":[{"name":"wp","href":"https:\/\/api.w.org\/{rel}","templated":true}]}}