{"id":4667,"date":"2022-02-20T14:27:35","date_gmt":"2022-02-20T14:27:35","guid":{"rendered":"https:\/\/medicinasinc.com\/se\/?post_type=product&#038;p=4667"},"modified":"2022-07-04T00:09:52","modified_gmt":"2022-07-04T00:09:52","slug":"kop-india-charas-svart-hash","status":"publish","type":"product","link":"https:\/\/medicinasinc.com\/se\/product\/kop-india-charas-svart-hash\/","title":{"rendered":"K\u00f6p India Charas Black Hash"},"content":{"rendered":"<p>Onlinek\u00f6p av India Charas Black Hash| Onlinek\u00f6p av India Charas Black Hash<\/p>\n<p>Onlinek\u00f6p av India Charas Black Hash. Den \u00e4r l\u00e4tt att arbeta med, har en skarp, kryddig arom och ger anv\u00e4ndarna ett starkt buzz \u00f6ver hela kroppen. Odlas och produceras i The Parvati Valley, som \u00e4r k\u00e4nd f\u00f6r en unik stam av Charas som kallas Malana Cream, som \u00e4r uppskattad f\u00f6r sitt h\u00f6ga THC-inneh\u00e5ll. Det \u00e4r en utm\u00e4rkt f\u00f6ljeslagare dagtid f\u00f6r erfarna r\u00f6kare som kan hantera den starka h\u00f6ga. Termen &#8221;Indian Charas Black Hash&#8221; syftar p\u00e5 hasch som har tillverkats f\u00f6r hand i Indien, Pakistan eller Nepal. P\u00e5 utsidan \u00e4r hasch en m\u00f6rkbrun f\u00e4rg. N\u00e4r haschet \u00f6ppnas avsl\u00f6jar det en m\u00f6rkgr\u00f6naktig\/brun insida. Den distinkta aromen str\u00e4cker sig fr\u00e5n kryddig till extremt kryddig. Den ger en extremt stenig och fysisk h\u00f6g. India Charas Black Hash finns att k\u00f6pa online.<\/p>\n<p>F\u00f6rdelar<\/p>\n<p>Det hj\u00e4lper till att lindra f\u00f6ljande:<\/p>\n<p>StressDepressioner Sm\u00e4rtorHuvudv\u00e4rk<br \/> S\u00f6mnl\u00f6shet<br \/> Var kan man k\u00f6pa i Indien Online Charas Black Hash<\/p>\n<p>V\u00e5rt m\u00e5l \u00e4r att tillfredsst\u00e4lla v\u00e5ra kunder och att ge dem den b\u00e4sta m\u00f6jliga shoppingupplevelsen online. Vi ser till att alla v\u00e5ra produkter h\u00e5ller h\u00f6gsta kvalitet f\u00f6r att s\u00e4kerst\u00e4lla att v\u00e5ra kunder bara f\u00e5r det b\u00e4sta. Vi erbjuder \u00e4kta India Charas Black Hash. V\u00e5ra priser \u00e4r de l\u00e4gsta tillg\u00e4ngliga online. K\u00f6p kvalitet och uppt\u00e4ck vad alla pratar om. L\u00e4gg din best\u00e4llning f\u00f6r India Charas Black Hash online hos oss idag och vara s\u00e4ker p\u00e5 s\u00e4kerhet och de b\u00e4sta leveranstj\u00e4nsterna. Du \u00e4r bara n\u00e5gra klick fr\u00e5n att k\u00f6pa India Charas Black Hash Online.<\/p>\n","protected":false},"excerpt":{"rendered":"<p>K\u00f6p Indien Charas Black Hash online. L\u00e4tt att arbeta med, har en skarp, kryddig arom och ger en kraftfull kroppsk\u00e4nsla. Best\u00e4ll svart hash h\u00e4r.<\/p>\n<ul>\n<li>S\u00e4ndning \u00f6ver hela v\u00e4rlden<\/li>\n<li><strong>Betyg: AAAAA<\/strong><\/li>\n<li>Kontakta oss f\u00f6r st\u00f6rre best\u00e4llningar<\/li>\n<\/ul>\n","protected":false},"featured_media":4681,"comment_status":"open","ping_status":"closed","template":"","meta":[],"product_brand":[],"product_cat":[610],"product_tag":[],"class_list":{"0":"post-4667","1":"product","2":"type-product","3":"status-publish","4":"has-post-thumbnail","6":"product_cat-kop-hash-hasch","8":"first","9":"instock","10":"shipping-taxable","11":"purchasable","12":"product-type-variable","13":"has-default-attributes"},"yoast_head":"<!-- This site is optimized with the Yoast SEO plugin v27.3 - https:\/\/yoast.com\/product\/yoast-seo-wordpress\/ -->\n<title>K\u00f6p Indien Charas Black Hash - B\u00e4sta b\u00e4sta globala medicinerna<\/title>\n<meta name=\"description\" content=\"K\u00f6p Indien Charas Black Hash Online. L\u00e4tt att arbeta med, har en skarp, kryddig arom och ger en kraftfull kroppsk\u00e4nsla. Best\u00e4ll svart hash h\u00e4r.\" \/>\n<meta name=\"robots\" content=\"index, follow, max-snippet:-1, max-image-preview:large, max-video-preview:-1\" \/>\n<link rel=\"canonical\" href=\"https:\/\/medicinasinc.com\/se\/product\/kop-india-charas-svart-hash\/\" \/>\n<meta property=\"og:locale\" content=\"sv_SE\" \/>\n<meta property=\"og:type\" content=\"article\" \/>\n<meta property=\"og:title\" content=\"K\u00f6p Indien Charas Black Hash - B\u00e4sta b\u00e4sta globala medicinerna\" \/>\n<meta property=\"og:description\" content=\"K\u00f6p Indien Charas Black Hash Online. L\u00e4tt att arbeta med, har en skarp, kryddig arom och ger en kraftfull kroppsk\u00e4nsla. Best\u00e4ll svart hash h\u00e4r.\" \/>\n<meta property=\"og:url\" content=\"https:\/\/medicinasinc.com\/se\/product\/kop-india-charas-svart-hash\/\" \/>\n<meta property=\"og:site_name\" content=\"Medicinas Inc\" \/>\n<meta property=\"article:modified_time\" content=\"2022-07-04T00:09:52+00:00\" \/>\n<meta property=\"og:image\" content=\"https:\/\/medicinasinc.com\/se\/wp-content\/uploads\/sites\/16\/2022\/02\/Buy-India-Charas-Black-Hash.jpg\" \/>\n\t<meta property=\"og:image:width\" content=\"600\" \/>\n\t<meta property=\"og:image:height\" content=\"600\" \/>\n\t<meta property=\"og:image:type\" content=\"image\/jpeg\" \/>\n<meta name=\"twitter:card\" content=\"summary_large_image\" \/>\n<meta name=\"twitter:label1\" content=\"Ber\u00e4knad l\u00e4stid\" \/>\n\t<meta name=\"twitter:data1\" content=\"2 minuter\" \/>\n<script type=\"application\/ld+json\" class=\"yoast-schema-graph\">{\"@context\":\"https:\\\/\\\/schema.org\",\"@graph\":[{\"@type\":\"WebPage\",\"@id\":\"https:\\\/\\\/medicinasinc.com\\\/se\\\/product\\\/kop-india-charas-svart-hash\\\/\",\"url\":\"https:\\\/\\\/medicinasinc.com\\\/se\\\/product\\\/kop-india-charas-svart-hash\\\/\",\"name\":\"K\u00f6p Indien Charas Black Hash - B\u00e4sta b\u00e4sta globala medicinerna\",\"isPartOf\":{\"@id\":\"https:\\\/\\\/medicinasinc.com\\\/se\\\/#website\"},\"primaryImageOfPage\":{\"@id\":\"https:\\\/\\\/medicinasinc.com\\\/se\\\/product\\\/kop-india-charas-svart-hash\\\/#primaryimage\"},\"image\":{\"@id\":\"https:\\\/\\\/medicinasinc.com\\\/se\\\/product\\\/kop-india-charas-svart-hash\\\/#primaryimage\"},\"thumbnailUrl\":\"https:\\\/\\\/medicinasinc.com\\\/se\\\/wp-content\\\/uploads\\\/sites\\\/16\\\/2022\\\/02\\\/Buy-India-Charas-Black-Hash.jpg\",\"datePublished\":\"2022-02-20T14:27:35+00:00\",\"dateModified\":\"2022-07-04T00:09:52+00:00\",\"description\":\"K\u00f6p Indien Charas Black Hash Online. L\u00e4tt att arbeta med, har en skarp, kryddig arom och ger en kraftfull kroppsk\u00e4nsla. Best\u00e4ll svart hash h\u00e4r.\",\"breadcrumb\":{\"@id\":\"https:\\\/\\\/medicinasinc.com\\\/se\\\/product\\\/kop-india-charas-svart-hash\\\/#breadcrumb\"},\"inLanguage\":\"sv-SE\",\"potentialAction\":[{\"@type\":\"ReadAction\",\"target\":[\"https:\\\/\\\/medicinasinc.com\\\/se\\\/product\\\/kop-india-charas-svart-hash\\\/\"]}]},{\"@type\":\"ImageObject\",\"inLanguage\":\"sv-SE\",\"@id\":\"https:\\\/\\\/medicinasinc.com\\\/se\\\/product\\\/kop-india-charas-svart-hash\\\/#primaryimage\",\"url\":\"https:\\\/\\\/medicinasinc.com\\\/se\\\/wp-content\\\/uploads\\\/sites\\\/16\\\/2022\\\/02\\\/Buy-India-Charas-Black-Hash.jpg\",\"contentUrl\":\"https:\\\/\\\/medicinasinc.com\\\/se\\\/wp-content\\\/uploads\\\/sites\\\/16\\\/2022\\\/02\\\/Buy-India-Charas-Black-Hash.jpg\",\"width\":600,\"height\":600},{\"@type\":\"BreadcrumbList\",\"@id\":\"https:\\\/\\\/medicinasinc.com\\\/se\\\/product\\\/kop-india-charas-svart-hash\\\/#breadcrumb\",\"itemListElement\":[{\"@type\":\"ListItem\",\"position\":1,\"name\":\"aff\u00e4r\",\"item\":\"https:\\\/\\\/medicinasinc.com\\\/se\\\/affar\\\/\"},{\"@type\":\"ListItem\",\"position\":2,\"name\":\"K\u00f6p India Charas Black Hash\"}]},{\"@type\":\"WebSite\",\"@id\":\"https:\\\/\\\/medicinasinc.com\\\/se\\\/#website\",\"url\":\"https:\\\/\\\/medicinasinc.com\\\/se\\\/\",\"name\":\"Medicinas Inc\",\"description\":\"Health Medical Clinic\",\"potentialAction\":[{\"@type\":\"SearchAction\",\"target\":{\"@type\":\"EntryPoint\",\"urlTemplate\":\"https:\\\/\\\/medicinasinc.com\\\/se\\\/?s={search_term_string}\"},\"query-input\":{\"@type\":\"PropertyValueSpecification\",\"valueRequired\":true,\"valueName\":\"search_term_string\"}}],\"inLanguage\":\"sv-SE\"}]}<\/script>\n<!-- \/ Yoast SEO plugin. -->","yoast_head_json":{"title":"K\u00f6p Indien Charas Black Hash - B\u00e4sta b\u00e4sta globala medicinerna","description":"K\u00f6p Indien Charas Black Hash Online. L\u00e4tt att arbeta med, har en skarp, kryddig arom och ger en kraftfull kroppsk\u00e4nsla. Best\u00e4ll svart hash h\u00e4r.","robots":{"index":"index","follow":"follow","max-snippet":"max-snippet:-1","max-image-preview":"max-image-preview:large","max-video-preview":"max-video-preview:-1"},"canonical":"https:\/\/medicinasinc.com\/se\/product\/kop-india-charas-svart-hash\/","og_locale":"sv_SE","og_type":"article","og_title":"K\u00f6p Indien Charas Black Hash - B\u00e4sta b\u00e4sta globala medicinerna","og_description":"K\u00f6p Indien Charas Black Hash Online. L\u00e4tt att arbeta med, har en skarp, kryddig arom och ger en kraftfull kroppsk\u00e4nsla. Best\u00e4ll svart hash h\u00e4r.","og_url":"https:\/\/medicinasinc.com\/se\/product\/kop-india-charas-svart-hash\/","og_site_name":"Medicinas Inc","article_modified_time":"2022-07-04T00:09:52+00:00","og_image":[{"width":600,"height":600,"url":"https:\/\/medicinasinc.com\/se\/wp-content\/uploads\/sites\/16\/2022\/02\/Buy-India-Charas-Black-Hash.jpg","type":"image\/jpeg"}],"twitter_card":"summary_large_image","twitter_misc":{"Ber\u00e4knad l\u00e4stid":"2 minuter"},"schema":{"@context":"https:\/\/schema.org","@graph":[{"@type":"WebPage","@id":"https:\/\/medicinasinc.com\/se\/product\/kop-india-charas-svart-hash\/","url":"https:\/\/medicinasinc.com\/se\/product\/kop-india-charas-svart-hash\/","name":"K\u00f6p Indien Charas Black Hash - B\u00e4sta b\u00e4sta globala medicinerna","isPartOf":{"@id":"https:\/\/medicinasinc.com\/se\/#website"},"primaryImageOfPage":{"@id":"https:\/\/medicinasinc.com\/se\/product\/kop-india-charas-svart-hash\/#primaryimage"},"image":{"@id":"https:\/\/medicinasinc.com\/se\/product\/kop-india-charas-svart-hash\/#primaryimage"},"thumbnailUrl":"https:\/\/medicinasinc.com\/se\/wp-content\/uploads\/sites\/16\/2022\/02\/Buy-India-Charas-Black-Hash.jpg","datePublished":"2022-02-20T14:27:35+00:00","dateModified":"2022-07-04T00:09:52+00:00","description":"K\u00f6p Indien Charas Black Hash Online. L\u00e4tt att arbeta med, har en skarp, kryddig arom och ger en kraftfull kroppsk\u00e4nsla. Best\u00e4ll svart hash h\u00e4r.","breadcrumb":{"@id":"https:\/\/medicinasinc.com\/se\/product\/kop-india-charas-svart-hash\/#breadcrumb"},"inLanguage":"sv-SE","potentialAction":[{"@type":"ReadAction","target":["https:\/\/medicinasinc.com\/se\/product\/kop-india-charas-svart-hash\/"]}]},{"@type":"ImageObject","inLanguage":"sv-SE","@id":"https:\/\/medicinasinc.com\/se\/product\/kop-india-charas-svart-hash\/#primaryimage","url":"https:\/\/medicinasinc.com\/se\/wp-content\/uploads\/sites\/16\/2022\/02\/Buy-India-Charas-Black-Hash.jpg","contentUrl":"https:\/\/medicinasinc.com\/se\/wp-content\/uploads\/sites\/16\/2022\/02\/Buy-India-Charas-Black-Hash.jpg","width":600,"height":600},{"@type":"BreadcrumbList","@id":"https:\/\/medicinasinc.com\/se\/product\/kop-india-charas-svart-hash\/#breadcrumb","itemListElement":[{"@type":"ListItem","position":1,"name":"aff\u00e4r","item":"https:\/\/medicinasinc.com\/se\/affar\/"},{"@type":"ListItem","position":2,"name":"K\u00f6p India Charas Black Hash"}]},{"@type":"WebSite","@id":"https:\/\/medicinasinc.com\/se\/#website","url":"https:\/\/medicinasinc.com\/se\/","name":"Medicinas Inc","description":"Health Medical Clinic","potentialAction":[{"@type":"SearchAction","target":{"@type":"EntryPoint","urlTemplate":"https:\/\/medicinasinc.com\/se\/?s={search_term_string}"},"query-input":{"@type":"PropertyValueSpecification","valueRequired":true,"valueName":"search_term_string"}}],"inLanguage":"sv-SE"}]}},"_links":{"self":[{"href":"https:\/\/medicinasinc.com\/se\/wp-json\/wp\/v2\/product\/4667","targetHints":{"allow":["GET"]}}],"collection":[{"href":"https:\/\/medicinasinc.com\/se\/wp-json\/wp\/v2\/product"}],"about":[{"href":"https:\/\/medicinasinc.com\/se\/wp-json\/wp\/v2\/types\/product"}],"replies":[{"embeddable":true,"href":"https:\/\/medicinasinc.com\/se\/wp-json\/wp\/v2\/comments?post=4667"}],"wp:featuredmedia":[{"embeddable":true,"href":"https:\/\/medicinasinc.com\/se\/wp-json\/wp\/v2\/media\/4681"}],"wp:attachment":[{"href":"https:\/\/medicinasinc.com\/se\/wp-json\/wp\/v2\/media?parent=4667"}],"wp:term":[{"taxonomy":"product_brand","embeddable":true,"href":"https:\/\/medicinasinc.com\/se\/wp-json\/wp\/v2\/product_brand?post=4667"},{"taxonomy":"product_cat","embeddable":true,"href":"https:\/\/medicinasinc.com\/se\/wp-json\/wp\/v2\/product_cat?post=4667"},{"taxonomy":"product_tag","embeddable":true,"href":"https:\/\/medicinasinc.com\/se\/wp-json\/wp\/v2\/product_tag?post=4667"}],"curies":[{"name":"wp","href":"https:\/\/api.w.org\/{rel}","templated":true}]}}