{"id":4666,"date":"2022-02-20T14:26:53","date_gmt":"2022-02-20T14:26:53","guid":{"rendered":"https:\/\/medicinasinc.com\/se\/?post_type=product&#038;p=4666"},"modified":"2022-07-04T00:10:06","modified_gmt":"2022-07-04T00:10:06","slug":"kop-is-hasch-pinnar","status":"publish","type":"product","link":"https:\/\/medicinasinc.com\/se\/product\/kop-is-hasch-pinnar\/","title":{"rendered":"K\u00f6p Ice Hash Sticks"},"content":{"rendered":"<p>Ice Hash vinner snabbt popularitet som en metod med l\u00e5gt underh\u00e5ll f\u00f6r att producera hash av h\u00f6g kvalitet. Marijuana kombineras med vatten och filtreras sedan genom olika typer av tyg. Hartset som blir resultatet \u00e4r otroligt. Hashpinnar gjorda av is. Det finns m\u00e5nga metoder f\u00f6r att skapa Ice Hash. Du kan k\u00f6pa Ice-o-lators online f\u00f6r att skapa Ice Hash. K\u00f6p haschpinnar gjorda av is<\/p>\n<p>Hur definieras hasch (hasch)?<\/p>\n<p>&#8221;Hasch \u00e4r ett psykoaktivt \u00e4mne som h\u00e4rr\u00f6r fr\u00e5n hartsk\u00f6rtlarna fr\u00e5n den kvinnliga cannabisv\u00e4xten (pistillat). [&#8230; ] M\u00e5let \u00e4r att isolera (och d\u00e4rmed koncentrera) hartset som inneh\u00e5ller THC f\u00f6r att producera hasch.&#8221; Hashsticks gjorda av is<\/p>\n<p>K\u00f6p Ice Hash Sticks | K\u00f6p Ice Hash Sticks | K\u00f6p Ice Hash Sticks<\/p>\n<p>F\u00f6renklat uttryckt \u00e4r hasch (som vi nu kommer att kalla hash) cannabisv\u00e4xtens isolerade hartsk\u00f6rtlar. \u00c4nnu enklare, hash \u00e4r n\u00e4r de goda klibbiga sakerna fr\u00e5n din cannabis extraheras helt p\u00e5 egen hand. Hash \u00e4r p\u00e5 s\u00e4tt och vis destillerad cannabis! Hashsticks gjorda av is<\/p>\n<p>Att g\u00f6ra hash med torris \u00e4r den enklaste, snabbaste och mest effektiva metoden f\u00f6r att extrahera harts fr\u00e5n cannabis. I ett n\u00f6tskal \u00e4r detta v\u00e5r samlade \u00e5sikt. Dry Ice Hash \u00e4r den optimala metoden f\u00f6r hashproduktion. Hashsticks gjorda av is<\/p>\n<p>&nbsp;<\/p>\n<p>Vad g\u00f6r Dry Ice Hash unik?<\/p>\n<p>\u00c4ven om inte alla hash \u00e4r identiska, \u00e4r m\u00e5nga ganska lika.<\/p>\n<p>Vattenhash \u2013 alternativt kallad ishash, bubbelhash, gravitationshasch (Gumby) och torrishasch \u2013 alla producerar isolerade hartsk\u00f6rtlar.<\/p>\n<p>Hashsticks gjorda av is<\/p>\n<p>Medan m\u00e5nga metoder producerar samma eller en liknande produkt, har anv\u00e4ndning av torris ett antal f\u00f6rdelar j\u00e4mf\u00f6rt med andra metoder f\u00f6r hartsinsamling:<\/p>\n<p>Det \u00e4r mer \u00e4ndam\u00e5lsenligt \u00e4n alternativa metoder.<br \/> Du kan slutf\u00f6r torrishash p\u00e5 ungef\u00e4r 1\/25 av tiden det tar att slutf\u00f6ra gravitationshash! \u00c4ven om det exemplet \u00e4r extremt, tar det bara n\u00e5gra minuter att g\u00f6ra torrishash och \u00e4r betydligt snabbare \u00e4n andra metoder. Hashsticks gjorda av is<br \/> Det \u00e4r l\u00f6jligt enkelt, och den enkelheten \u00f6vers\u00e4tts till omedelbar tillfredsst\u00e4llelse. Du f\u00e5r premiumhash i mindre \u00e4n 15 minuter genom att skaka en hink och en p\u00e5se.<br \/> Det finns ingen fukt!<br \/> Det betyder att hartset \u00e4r klart direkt efter att det skakas loss!<\/p>\n","protected":false},"excerpt":{"rendered":"<div class=\"woocommerce-product-details__short-description\">\n<p>Ice Hash Sticks, \u00e4ven k\u00e4nd som Thai Sticks, \u00e4r en ren sativa lantras som har sitt ursprung i Thailand och tog sig till USA p\u00e5 1970-talet.<\/p>\n<p>Ice Hash vinner snabbt popularitet som en metod med l\u00e5gt underh\u00e5ll f\u00f6r att producera hash av h\u00f6g kvalitet. Marijuana kombineras med vatten och filtreras sedan genom olika typer av tyg. Hartset som blir resultatet \u00e4r otroligt. Hashpinnar gjorda av is. Det finns m\u00e5nga metoder f\u00f6r att skapa Ice Hash. Du kan k\u00f6pa Ice-o-lators online f\u00f6r att skapa Ice Hash. K\u00f6p Hashsticks gjorda av is<\/p>\n<\/p><\/div>\n","protected":false},"featured_media":4679,"comment_status":"open","ping_status":"closed","template":"","meta":[],"product_brand":[],"product_cat":[610],"product_tag":[],"class_list":{"0":"post-4666","1":"product","2":"type-product","3":"status-publish","4":"has-post-thumbnail","6":"product_cat-kop-hash-hasch","8":"first","9":"instock","10":"shipping-taxable","11":"purchasable","12":"product-type-variable","13":"has-default-attributes"},"yoast_head":"<!-- This site is optimized with the Yoast SEO plugin v27.3 - https:\/\/yoast.com\/product\/yoast-seo-wordpress\/ -->\n<title>K\u00f6p Ice Hash Sticks - B\u00e4sta b\u00e4sta globala medicinerna<\/title>\n<meta name=\"description\" content=\"K\u00f6p Ice Hash Sticks till salu Storbritannien, Europa Online \u00e4ven k\u00e4nd som Thai Sticks \u00e4r en ren sativa lantras som b\u00f6rjade i Thailand och tog sig till USA f\u00f6rst p\u00e5 70-talet.\" \/>\n<meta name=\"robots\" content=\"index, follow, max-snippet:-1, max-image-preview:large, max-video-preview:-1\" \/>\n<link rel=\"canonical\" href=\"https:\/\/medicinasinc.com\/se\/product\/kop-is-hasch-pinnar\/\" \/>\n<meta property=\"og:locale\" content=\"sv_SE\" \/>\n<meta property=\"og:type\" content=\"article\" \/>\n<meta property=\"og:title\" content=\"K\u00f6p Ice Hash Sticks - B\u00e4sta b\u00e4sta globala medicinerna\" \/>\n<meta property=\"og:description\" content=\"K\u00f6p Ice Hash Sticks till salu Storbritannien, Europa Online \u00e4ven k\u00e4nd som Thai Sticks \u00e4r en ren sativa lantras som b\u00f6rjade i Thailand och tog sig till USA f\u00f6rst p\u00e5 70-talet.\" \/>\n<meta property=\"og:url\" content=\"https:\/\/medicinasinc.com\/se\/product\/kop-is-hasch-pinnar\/\" \/>\n<meta property=\"og:site_name\" content=\"Medicinas Inc\" \/>\n<meta property=\"article:modified_time\" content=\"2022-07-04T00:10:06+00:00\" \/>\n<meta property=\"og:image\" content=\"https:\/\/medicinasinc.com\/se\/wp-content\/uploads\/sites\/16\/2022\/02\/Buy-Ice-Hash-Sticks.jpg\" \/>\n\t<meta property=\"og:image:width\" content=\"600\" \/>\n\t<meta property=\"og:image:height\" content=\"600\" \/>\n\t<meta property=\"og:image:type\" content=\"image\/jpeg\" \/>\n<meta name=\"twitter:card\" content=\"summary_large_image\" \/>\n<meta name=\"twitter:label1\" content=\"Ber\u00e4knad l\u00e4stid\" \/>\n\t<meta name=\"twitter:data1\" content=\"2 minuter\" \/>\n<script type=\"application\/ld+json\" class=\"yoast-schema-graph\">{\"@context\":\"https:\\\/\\\/schema.org\",\"@graph\":[{\"@type\":\"WebPage\",\"@id\":\"https:\\\/\\\/medicinasinc.com\\\/se\\\/product\\\/kop-is-hasch-pinnar\\\/\",\"url\":\"https:\\\/\\\/medicinasinc.com\\\/se\\\/product\\\/kop-is-hasch-pinnar\\\/\",\"name\":\"K\u00f6p Ice Hash Sticks - B\u00e4sta b\u00e4sta globala medicinerna\",\"isPartOf\":{\"@id\":\"https:\\\/\\\/medicinasinc.com\\\/se\\\/#website\"},\"primaryImageOfPage\":{\"@id\":\"https:\\\/\\\/medicinasinc.com\\\/se\\\/product\\\/kop-is-hasch-pinnar\\\/#primaryimage\"},\"image\":{\"@id\":\"https:\\\/\\\/medicinasinc.com\\\/se\\\/product\\\/kop-is-hasch-pinnar\\\/#primaryimage\"},\"thumbnailUrl\":\"https:\\\/\\\/medicinasinc.com\\\/se\\\/wp-content\\\/uploads\\\/sites\\\/16\\\/2022\\\/02\\\/Buy-Ice-Hash-Sticks.jpg\",\"datePublished\":\"2022-02-20T14:26:53+00:00\",\"dateModified\":\"2022-07-04T00:10:06+00:00\",\"description\":\"K\u00f6p Ice Hash Sticks till salu Storbritannien, Europa Online \u00e4ven k\u00e4nd som Thai Sticks \u00e4r en ren sativa lantras som b\u00f6rjade i Thailand och tog sig till USA f\u00f6rst p\u00e5 70-talet.\",\"breadcrumb\":{\"@id\":\"https:\\\/\\\/medicinasinc.com\\\/se\\\/product\\\/kop-is-hasch-pinnar\\\/#breadcrumb\"},\"inLanguage\":\"sv-SE\",\"potentialAction\":[{\"@type\":\"ReadAction\",\"target\":[\"https:\\\/\\\/medicinasinc.com\\\/se\\\/product\\\/kop-is-hasch-pinnar\\\/\"]}]},{\"@type\":\"ImageObject\",\"inLanguage\":\"sv-SE\",\"@id\":\"https:\\\/\\\/medicinasinc.com\\\/se\\\/product\\\/kop-is-hasch-pinnar\\\/#primaryimage\",\"url\":\"https:\\\/\\\/medicinasinc.com\\\/se\\\/wp-content\\\/uploads\\\/sites\\\/16\\\/2022\\\/02\\\/Buy-Ice-Hash-Sticks.jpg\",\"contentUrl\":\"https:\\\/\\\/medicinasinc.com\\\/se\\\/wp-content\\\/uploads\\\/sites\\\/16\\\/2022\\\/02\\\/Buy-Ice-Hash-Sticks.jpg\",\"width\":600,\"height\":600},{\"@type\":\"BreadcrumbList\",\"@id\":\"https:\\\/\\\/medicinasinc.com\\\/se\\\/product\\\/kop-is-hasch-pinnar\\\/#breadcrumb\",\"itemListElement\":[{\"@type\":\"ListItem\",\"position\":1,\"name\":\"aff\u00e4r\",\"item\":\"https:\\\/\\\/medicinasinc.com\\\/se\\\/affar\\\/\"},{\"@type\":\"ListItem\",\"position\":2,\"name\":\"K\u00f6p Ice Hash Sticks\"}]},{\"@type\":\"WebSite\",\"@id\":\"https:\\\/\\\/medicinasinc.com\\\/se\\\/#website\",\"url\":\"https:\\\/\\\/medicinasinc.com\\\/se\\\/\",\"name\":\"Medicinas Inc\",\"description\":\"Health Medical Clinic\",\"potentialAction\":[{\"@type\":\"SearchAction\",\"target\":{\"@type\":\"EntryPoint\",\"urlTemplate\":\"https:\\\/\\\/medicinasinc.com\\\/se\\\/?s={search_term_string}\"},\"query-input\":{\"@type\":\"PropertyValueSpecification\",\"valueRequired\":true,\"valueName\":\"search_term_string\"}}],\"inLanguage\":\"sv-SE\"}]}<\/script>\n<!-- \/ Yoast SEO plugin. -->","yoast_head_json":{"title":"K\u00f6p Ice Hash Sticks - B\u00e4sta b\u00e4sta globala medicinerna","description":"K\u00f6p Ice Hash Sticks till salu Storbritannien, Europa Online \u00e4ven k\u00e4nd som Thai Sticks \u00e4r en ren sativa lantras som b\u00f6rjade i Thailand och tog sig till USA f\u00f6rst p\u00e5 70-talet.","robots":{"index":"index","follow":"follow","max-snippet":"max-snippet:-1","max-image-preview":"max-image-preview:large","max-video-preview":"max-video-preview:-1"},"canonical":"https:\/\/medicinasinc.com\/se\/product\/kop-is-hasch-pinnar\/","og_locale":"sv_SE","og_type":"article","og_title":"K\u00f6p Ice Hash Sticks - B\u00e4sta b\u00e4sta globala medicinerna","og_description":"K\u00f6p Ice Hash Sticks till salu Storbritannien, Europa Online \u00e4ven k\u00e4nd som Thai Sticks \u00e4r en ren sativa lantras som b\u00f6rjade i Thailand och tog sig till USA f\u00f6rst p\u00e5 70-talet.","og_url":"https:\/\/medicinasinc.com\/se\/product\/kop-is-hasch-pinnar\/","og_site_name":"Medicinas Inc","article_modified_time":"2022-07-04T00:10:06+00:00","og_image":[{"width":600,"height":600,"url":"https:\/\/medicinasinc.com\/se\/wp-content\/uploads\/sites\/16\/2022\/02\/Buy-Ice-Hash-Sticks.jpg","type":"image\/jpeg"}],"twitter_card":"summary_large_image","twitter_misc":{"Ber\u00e4knad l\u00e4stid":"2 minuter"},"schema":{"@context":"https:\/\/schema.org","@graph":[{"@type":"WebPage","@id":"https:\/\/medicinasinc.com\/se\/product\/kop-is-hasch-pinnar\/","url":"https:\/\/medicinasinc.com\/se\/product\/kop-is-hasch-pinnar\/","name":"K\u00f6p Ice Hash Sticks - B\u00e4sta b\u00e4sta globala medicinerna","isPartOf":{"@id":"https:\/\/medicinasinc.com\/se\/#website"},"primaryImageOfPage":{"@id":"https:\/\/medicinasinc.com\/se\/product\/kop-is-hasch-pinnar\/#primaryimage"},"image":{"@id":"https:\/\/medicinasinc.com\/se\/product\/kop-is-hasch-pinnar\/#primaryimage"},"thumbnailUrl":"https:\/\/medicinasinc.com\/se\/wp-content\/uploads\/sites\/16\/2022\/02\/Buy-Ice-Hash-Sticks.jpg","datePublished":"2022-02-20T14:26:53+00:00","dateModified":"2022-07-04T00:10:06+00:00","description":"K\u00f6p Ice Hash Sticks till salu Storbritannien, Europa Online \u00e4ven k\u00e4nd som Thai Sticks \u00e4r en ren sativa lantras som b\u00f6rjade i Thailand och tog sig till USA f\u00f6rst p\u00e5 70-talet.","breadcrumb":{"@id":"https:\/\/medicinasinc.com\/se\/product\/kop-is-hasch-pinnar\/#breadcrumb"},"inLanguage":"sv-SE","potentialAction":[{"@type":"ReadAction","target":["https:\/\/medicinasinc.com\/se\/product\/kop-is-hasch-pinnar\/"]}]},{"@type":"ImageObject","inLanguage":"sv-SE","@id":"https:\/\/medicinasinc.com\/se\/product\/kop-is-hasch-pinnar\/#primaryimage","url":"https:\/\/medicinasinc.com\/se\/wp-content\/uploads\/sites\/16\/2022\/02\/Buy-Ice-Hash-Sticks.jpg","contentUrl":"https:\/\/medicinasinc.com\/se\/wp-content\/uploads\/sites\/16\/2022\/02\/Buy-Ice-Hash-Sticks.jpg","width":600,"height":600},{"@type":"BreadcrumbList","@id":"https:\/\/medicinasinc.com\/se\/product\/kop-is-hasch-pinnar\/#breadcrumb","itemListElement":[{"@type":"ListItem","position":1,"name":"aff\u00e4r","item":"https:\/\/medicinasinc.com\/se\/affar\/"},{"@type":"ListItem","position":2,"name":"K\u00f6p Ice Hash Sticks"}]},{"@type":"WebSite","@id":"https:\/\/medicinasinc.com\/se\/#website","url":"https:\/\/medicinasinc.com\/se\/","name":"Medicinas Inc","description":"Health Medical Clinic","potentialAction":[{"@type":"SearchAction","target":{"@type":"EntryPoint","urlTemplate":"https:\/\/medicinasinc.com\/se\/?s={search_term_string}"},"query-input":{"@type":"PropertyValueSpecification","valueRequired":true,"valueName":"search_term_string"}}],"inLanguage":"sv-SE"}]}},"_links":{"self":[{"href":"https:\/\/medicinasinc.com\/se\/wp-json\/wp\/v2\/product\/4666","targetHints":{"allow":["GET"]}}],"collection":[{"href":"https:\/\/medicinasinc.com\/se\/wp-json\/wp\/v2\/product"}],"about":[{"href":"https:\/\/medicinasinc.com\/se\/wp-json\/wp\/v2\/types\/product"}],"replies":[{"embeddable":true,"href":"https:\/\/medicinasinc.com\/se\/wp-json\/wp\/v2\/comments?post=4666"}],"wp:featuredmedia":[{"embeddable":true,"href":"https:\/\/medicinasinc.com\/se\/wp-json\/wp\/v2\/media\/4679"}],"wp:attachment":[{"href":"https:\/\/medicinasinc.com\/se\/wp-json\/wp\/v2\/media?parent=4666"}],"wp:term":[{"taxonomy":"product_brand","embeddable":true,"href":"https:\/\/medicinasinc.com\/se\/wp-json\/wp\/v2\/product_brand?post=4666"},{"taxonomy":"product_cat","embeddable":true,"href":"https:\/\/medicinasinc.com\/se\/wp-json\/wp\/v2\/product_cat?post=4666"},{"taxonomy":"product_tag","embeddable":true,"href":"https:\/\/medicinasinc.com\/se\/wp-json\/wp\/v2\/product_tag?post=4666"}],"curies":[{"name":"wp","href":"https:\/\/api.w.org\/{rel}","templated":true}]}}