{"id":4635,"date":"2022-02-20T14:04:42","date_gmt":"2022-02-20T14:04:42","guid":{"rendered":"https:\/\/medicinasinc.com\/se\/?post_type=product&#038;p=4635"},"modified":"2022-07-04T00:17:37","modified_gmt":"2022-07-04T00:17:37","slug":"kopa-charas-hash","status":"publish","type":"product","link":"https:\/\/medicinasinc.com\/se\/product\/kopa-charas-hash\/","title":{"rendered":"K\u00f6p Charas Hash"},"content":{"rendered":"<p>Onlinek\u00f6p av Charas Hash<\/p>\n<p>Onlinek\u00f6p av Charas Hash. Skapad genom att f\u00f6rsiktigt skura kvinnliga knoppar mellan fingrarna. Planen levereras i Hash-Balls och pressas i standardbitar f\u00f6re leverans. Svart p\u00e5 utsidan, svagt gr\u00f6naktigt\/m\u00f6rkt f\u00e4rgat p\u00e5 insidan. Doft: Kryddig till extremt saftig. Den har en omissk\u00e4nnlig arom. Smak: Mycket varm, ganska h\u00e5rd mot halsen, men mycket mindre \u00e4n afghansk. Konsistens: Extremt k\u00e4nslig, liknar Afghani i sin f\u00f6rm\u00e5ga att masseras effektivt. Ibland mycket fin, men genomg\u00e5ende tjock. Effekt: Extremt stenig och fysiskt stimulerande h\u00f6g. Cerebral. Potent till extremt potent. Charas, liksom nepalesiska, producerar ofta utm\u00e4rkt r\u00f6k. (10-26% THC) Tillg\u00e4nglighet: Extremt s\u00e4llsynt; extremt sm\u00e5 kvantiteter blir ibland tillg\u00e4ngliga. Majoriteten av denna typ av hash importeras till Indien av privata resen\u00e4rer. Naturligtvis \u00e4r kostnaden h\u00f6g i nepalesiska termer. Charas s\u00e4ljs vanligtvis som ett &#8221;finger&#8221;, vilket \u00e4r en hash formad som en korv.<\/p>\n","protected":false},"excerpt":{"rendered":"<div class=\"woocommerce-product-details__short-description\">\n<p>K\u00f6p Charas Hash till salu Storbritannien, Europa Online billigt med v\u00e4rldsomsp\u00e4nnande frakt. Det \u00e4r ett distinkt och robust koncentrat som \u00e4r mycket bra mot sm\u00e4rta, \u00e5ngest och illam\u00e5ende.<\/p>\n<\/p><\/div>\n","protected":false},"featured_media":4649,"comment_status":"open","ping_status":"closed","template":"","meta":[],"product_brand":[],"product_cat":[610],"product_tag":[],"class_list":{"0":"post-4635","1":"product","2":"type-product","3":"status-publish","4":"has-post-thumbnail","6":"product_cat-kop-hash-hasch","8":"first","9":"instock","10":"shipping-taxable","11":"purchasable","12":"product-type-variable","13":"has-default-attributes"},"yoast_head":"<!-- This site is optimized with the Yoast SEO plugin v27.3 - https:\/\/yoast.com\/product\/yoast-seo-wordpress\/ -->\n<title>K\u00f6p Charas Hash - B\u00e4sta b\u00e4sta globala medicinerna<\/title>\n<meta name=\"description\" content=\"K\u00f6p Charas Hash till salu Storbritannien, Europa Online billigt med v\u00e4rldsomsp\u00e4nnande frakt. Det \u00e4r ett distinkt och robust koncentrat som \u00e4r mycket bra mot sm\u00e4rta, \u00e5ngest och illam\u00e5ende.\" \/>\n<meta name=\"robots\" content=\"index, follow, max-snippet:-1, max-image-preview:large, max-video-preview:-1\" \/>\n<link rel=\"canonical\" href=\"https:\/\/medicinasinc.com\/se\/product\/kopa-charas-hash\/\" \/>\n<meta property=\"og:locale\" content=\"sv_SE\" \/>\n<meta property=\"og:type\" content=\"article\" \/>\n<meta property=\"og:title\" content=\"K\u00f6p Charas Hash - B\u00e4sta b\u00e4sta globala medicinerna\" \/>\n<meta property=\"og:description\" content=\"K\u00f6p Charas Hash till salu Storbritannien, Europa Online billigt med v\u00e4rldsomsp\u00e4nnande frakt. Det \u00e4r ett distinkt och robust koncentrat som \u00e4r mycket bra mot sm\u00e4rta, \u00e5ngest och illam\u00e5ende.\" \/>\n<meta property=\"og:url\" content=\"https:\/\/medicinasinc.com\/se\/product\/kopa-charas-hash\/\" \/>\n<meta property=\"og:site_name\" content=\"Medicinas Inc\" \/>\n<meta property=\"article:modified_time\" content=\"2022-07-04T00:17:37+00:00\" \/>\n<meta property=\"og:image\" content=\"https:\/\/medicinasinc.com\/se\/wp-content\/uploads\/sites\/16\/2022\/02\/Buy-Charas-Hash-Online.jpg\" \/>\n\t<meta property=\"og:image:width\" content=\"600\" \/>\n\t<meta property=\"og:image:height\" content=\"600\" \/>\n\t<meta property=\"og:image:type\" content=\"image\/jpeg\" \/>\n<meta name=\"twitter:card\" content=\"summary_large_image\" \/>\n<meta name=\"twitter:label1\" content=\"Ber\u00e4knad l\u00e4stid\" \/>\n\t<meta name=\"twitter:data1\" content=\"1 minut\" \/>\n<script type=\"application\/ld+json\" class=\"yoast-schema-graph\">{\"@context\":\"https:\\\/\\\/schema.org\",\"@graph\":[{\"@type\":\"WebPage\",\"@id\":\"https:\\\/\\\/medicinasinc.com\\\/se\\\/product\\\/kopa-charas-hash\\\/\",\"url\":\"https:\\\/\\\/medicinasinc.com\\\/se\\\/product\\\/kopa-charas-hash\\\/\",\"name\":\"K\u00f6p Charas Hash - B\u00e4sta b\u00e4sta globala medicinerna\",\"isPartOf\":{\"@id\":\"https:\\\/\\\/medicinasinc.com\\\/se\\\/#website\"},\"primaryImageOfPage\":{\"@id\":\"https:\\\/\\\/medicinasinc.com\\\/se\\\/product\\\/kopa-charas-hash\\\/#primaryimage\"},\"image\":{\"@id\":\"https:\\\/\\\/medicinasinc.com\\\/se\\\/product\\\/kopa-charas-hash\\\/#primaryimage\"},\"thumbnailUrl\":\"https:\\\/\\\/medicinasinc.com\\\/se\\\/wp-content\\\/uploads\\\/sites\\\/16\\\/2022\\\/02\\\/Buy-Charas-Hash-Online.jpg\",\"datePublished\":\"2022-02-20T14:04:42+00:00\",\"dateModified\":\"2022-07-04T00:17:37+00:00\",\"description\":\"K\u00f6p Charas Hash till salu Storbritannien, Europa Online billigt med v\u00e4rldsomsp\u00e4nnande frakt. Det \u00e4r ett distinkt och robust koncentrat som \u00e4r mycket bra mot sm\u00e4rta, \u00e5ngest och illam\u00e5ende.\",\"breadcrumb\":{\"@id\":\"https:\\\/\\\/medicinasinc.com\\\/se\\\/product\\\/kopa-charas-hash\\\/#breadcrumb\"},\"inLanguage\":\"sv-SE\",\"potentialAction\":[{\"@type\":\"ReadAction\",\"target\":[\"https:\\\/\\\/medicinasinc.com\\\/se\\\/product\\\/kopa-charas-hash\\\/\"]}]},{\"@type\":\"ImageObject\",\"inLanguage\":\"sv-SE\",\"@id\":\"https:\\\/\\\/medicinasinc.com\\\/se\\\/product\\\/kopa-charas-hash\\\/#primaryimage\",\"url\":\"https:\\\/\\\/medicinasinc.com\\\/se\\\/wp-content\\\/uploads\\\/sites\\\/16\\\/2022\\\/02\\\/Buy-Charas-Hash-Online.jpg\",\"contentUrl\":\"https:\\\/\\\/medicinasinc.com\\\/se\\\/wp-content\\\/uploads\\\/sites\\\/16\\\/2022\\\/02\\\/Buy-Charas-Hash-Online.jpg\",\"width\":600,\"height\":600},{\"@type\":\"BreadcrumbList\",\"@id\":\"https:\\\/\\\/medicinasinc.com\\\/se\\\/product\\\/kopa-charas-hash\\\/#breadcrumb\",\"itemListElement\":[{\"@type\":\"ListItem\",\"position\":1,\"name\":\"aff\u00e4r\",\"item\":\"https:\\\/\\\/medicinasinc.com\\\/se\\\/affar\\\/\"},{\"@type\":\"ListItem\",\"position\":2,\"name\":\"K\u00f6p Charas Hash\"}]},{\"@type\":\"WebSite\",\"@id\":\"https:\\\/\\\/medicinasinc.com\\\/se\\\/#website\",\"url\":\"https:\\\/\\\/medicinasinc.com\\\/se\\\/\",\"name\":\"Medicinas Inc\",\"description\":\"Health Medical Clinic\",\"potentialAction\":[{\"@type\":\"SearchAction\",\"target\":{\"@type\":\"EntryPoint\",\"urlTemplate\":\"https:\\\/\\\/medicinasinc.com\\\/se\\\/?s={search_term_string}\"},\"query-input\":{\"@type\":\"PropertyValueSpecification\",\"valueRequired\":true,\"valueName\":\"search_term_string\"}}],\"inLanguage\":\"sv-SE\"}]}<\/script>\n<!-- \/ Yoast SEO plugin. -->","yoast_head_json":{"title":"K\u00f6p Charas Hash - B\u00e4sta b\u00e4sta globala medicinerna","description":"K\u00f6p Charas Hash till salu Storbritannien, Europa Online billigt med v\u00e4rldsomsp\u00e4nnande frakt. Det \u00e4r ett distinkt och robust koncentrat som \u00e4r mycket bra mot sm\u00e4rta, \u00e5ngest och illam\u00e5ende.","robots":{"index":"index","follow":"follow","max-snippet":"max-snippet:-1","max-image-preview":"max-image-preview:large","max-video-preview":"max-video-preview:-1"},"canonical":"https:\/\/medicinasinc.com\/se\/product\/kopa-charas-hash\/","og_locale":"sv_SE","og_type":"article","og_title":"K\u00f6p Charas Hash - B\u00e4sta b\u00e4sta globala medicinerna","og_description":"K\u00f6p Charas Hash till salu Storbritannien, Europa Online billigt med v\u00e4rldsomsp\u00e4nnande frakt. Det \u00e4r ett distinkt och robust koncentrat som \u00e4r mycket bra mot sm\u00e4rta, \u00e5ngest och illam\u00e5ende.","og_url":"https:\/\/medicinasinc.com\/se\/product\/kopa-charas-hash\/","og_site_name":"Medicinas Inc","article_modified_time":"2022-07-04T00:17:37+00:00","og_image":[{"width":600,"height":600,"url":"https:\/\/medicinasinc.com\/se\/wp-content\/uploads\/sites\/16\/2022\/02\/Buy-Charas-Hash-Online.jpg","type":"image\/jpeg"}],"twitter_card":"summary_large_image","twitter_misc":{"Ber\u00e4knad l\u00e4stid":"1 minut"},"schema":{"@context":"https:\/\/schema.org","@graph":[{"@type":"WebPage","@id":"https:\/\/medicinasinc.com\/se\/product\/kopa-charas-hash\/","url":"https:\/\/medicinasinc.com\/se\/product\/kopa-charas-hash\/","name":"K\u00f6p Charas Hash - B\u00e4sta b\u00e4sta globala medicinerna","isPartOf":{"@id":"https:\/\/medicinasinc.com\/se\/#website"},"primaryImageOfPage":{"@id":"https:\/\/medicinasinc.com\/se\/product\/kopa-charas-hash\/#primaryimage"},"image":{"@id":"https:\/\/medicinasinc.com\/se\/product\/kopa-charas-hash\/#primaryimage"},"thumbnailUrl":"https:\/\/medicinasinc.com\/se\/wp-content\/uploads\/sites\/16\/2022\/02\/Buy-Charas-Hash-Online.jpg","datePublished":"2022-02-20T14:04:42+00:00","dateModified":"2022-07-04T00:17:37+00:00","description":"K\u00f6p Charas Hash till salu Storbritannien, Europa Online billigt med v\u00e4rldsomsp\u00e4nnande frakt. Det \u00e4r ett distinkt och robust koncentrat som \u00e4r mycket bra mot sm\u00e4rta, \u00e5ngest och illam\u00e5ende.","breadcrumb":{"@id":"https:\/\/medicinasinc.com\/se\/product\/kopa-charas-hash\/#breadcrumb"},"inLanguage":"sv-SE","potentialAction":[{"@type":"ReadAction","target":["https:\/\/medicinasinc.com\/se\/product\/kopa-charas-hash\/"]}]},{"@type":"ImageObject","inLanguage":"sv-SE","@id":"https:\/\/medicinasinc.com\/se\/product\/kopa-charas-hash\/#primaryimage","url":"https:\/\/medicinasinc.com\/se\/wp-content\/uploads\/sites\/16\/2022\/02\/Buy-Charas-Hash-Online.jpg","contentUrl":"https:\/\/medicinasinc.com\/se\/wp-content\/uploads\/sites\/16\/2022\/02\/Buy-Charas-Hash-Online.jpg","width":600,"height":600},{"@type":"BreadcrumbList","@id":"https:\/\/medicinasinc.com\/se\/product\/kopa-charas-hash\/#breadcrumb","itemListElement":[{"@type":"ListItem","position":1,"name":"aff\u00e4r","item":"https:\/\/medicinasinc.com\/se\/affar\/"},{"@type":"ListItem","position":2,"name":"K\u00f6p Charas Hash"}]},{"@type":"WebSite","@id":"https:\/\/medicinasinc.com\/se\/#website","url":"https:\/\/medicinasinc.com\/se\/","name":"Medicinas Inc","description":"Health Medical Clinic","potentialAction":[{"@type":"SearchAction","target":{"@type":"EntryPoint","urlTemplate":"https:\/\/medicinasinc.com\/se\/?s={search_term_string}"},"query-input":{"@type":"PropertyValueSpecification","valueRequired":true,"valueName":"search_term_string"}}],"inLanguage":"sv-SE"}]}},"_links":{"self":[{"href":"https:\/\/medicinasinc.com\/se\/wp-json\/wp\/v2\/product\/4635","targetHints":{"allow":["GET"]}}],"collection":[{"href":"https:\/\/medicinasinc.com\/se\/wp-json\/wp\/v2\/product"}],"about":[{"href":"https:\/\/medicinasinc.com\/se\/wp-json\/wp\/v2\/types\/product"}],"replies":[{"embeddable":true,"href":"https:\/\/medicinasinc.com\/se\/wp-json\/wp\/v2\/comments?post=4635"}],"wp:featuredmedia":[{"embeddable":true,"href":"https:\/\/medicinasinc.com\/se\/wp-json\/wp\/v2\/media\/4649"}],"wp:attachment":[{"href":"https:\/\/medicinasinc.com\/se\/wp-json\/wp\/v2\/media?parent=4635"}],"wp:term":[{"taxonomy":"product_brand","embeddable":true,"href":"https:\/\/medicinasinc.com\/se\/wp-json\/wp\/v2\/product_brand?post=4635"},{"taxonomy":"product_cat","embeddable":true,"href":"https:\/\/medicinasinc.com\/se\/wp-json\/wp\/v2\/product_cat?post=4635"},{"taxonomy":"product_tag","embeddable":true,"href":"https:\/\/medicinasinc.com\/se\/wp-json\/wp\/v2\/product_tag?post=4635"}],"curies":[{"name":"wp","href":"https:\/\/api.w.org\/{rel}","templated":true}]}}