{"id":4627,"date":"2022-02-20T13:57:00","date_gmt":"2022-02-20T13:57:00","guid":{"rendered":"https:\/\/medicinasinc.com\/se\/?post_type=product&#038;p=4627"},"modified":"2022-07-04T00:18:01","modified_gmt":"2022-07-04T00:18:01","slug":"kop-bc-hash","status":"publish","type":"product","link":"https:\/\/medicinasinc.com\/se\/product\/kop-bc-hash\/","title":{"rendered":"K\u00f6p BC Hash"},"content":{"rendered":"<div class=\"woocommerce-tabs wc-tabs-wrapper\">\n<div id=\"tab-description\" class=\"woocommerce-Tabs-panel woocommerce-Tabs-panel--description panel entry-content wc-tab\" role=\"tabpanel\" aria-labelledby=\"tab-title-description\">\n<p>BC-Hash kan k\u00f6pas online.<\/p>\n<p>Vill du testa n\u00e5got nytt idag? V\u00e5r rekommendation \u00e4r att kolla in denna h\u00f6gkvalitativa hash som \u00e4r popul\u00e4r bland b\u00e5de nyb\u00f6rjare och erfarna marijuanaanv\u00e4ndare. BC-Hash kan k\u00f6pas online.<\/p>\n<p>BC Hash har en distinkt pinydoft och smak.<\/p>\n<p>Medan m\u00e5nga m\u00e4nniskor f\u00f6rv\u00e4ntar sig en stark doft, \u00e4r verkligheten att den \u00e4r ganska mild, vilket g\u00f6r den h\u00e4r produkten \u00e4r ocks\u00e5 ganska praktisk. Det b\u00e4sta \u00e4r att den h\u00f6ga inte b\u00f6rjar omedelbart, s\u00e5 du kan ta dig tid och f\u00f6rv\u00e4nta dig att den h\u00e5ller l\u00e4nge. Detta \u00e4r ett utm\u00e4rkt alternativ f\u00f6r dem som s\u00f6ker en dag av avkoppling s\u00e5v\u00e4l som de som vill bek\u00e4mpa \u00e5ngest. Vi skickar till USA, Storbritannien, Australien, Kanada och Europa, s\u00e5v\u00e4l som internationellt.<\/p>\n<\/p><\/div><\/div>\n","protected":false},"excerpt":{"rendered":"<p>K\u00f6p BC Hash till salu i Storbritannien online i b\u00e4sta fall global mess. Best\u00e4ll hascholjeprodukter och BC-hash. K\u00f6p gr\u00e4s online h\u00e4r och f\u00e5 snabb leverans \u00f6verallt i Europa, Storbritannien.<\/p>\n<p>&nbsp;<\/p>\n<ul>\n<li>S\u00e4ndning \u00f6ver hela v\u00e4rlden<\/li>\n<li><strong>Betyg: AAAA<\/p>\n<p> strong&gt;<\/li>\n<li><strong>Kontakta oss<\/strong>\u00a0f\u00f6r st\u00f6rre best\u00e4llningar<\/li>\n<\/ul>\n","protected":false},"featured_media":4639,"comment_status":"open","ping_status":"closed","template":"","meta":[],"product_brand":[],"product_cat":[610],"product_tag":[612,611,655,613,614,678,679,671,676,680,672,673,674,675,677,616,617,618,619,620,621,622,624,625,626,455,627,628,631,632,633,636,461,642,643,644,646,647,648,650,651,652,654,615,641,475,623,640,635,634,454,637,638,639,473,645,470,629,630,653,649,656,658,657,659,663,664,665,459,670,666,667,668,669,660,662,661,682,681],"class_list":{"0":"post-4627","1":"product","2":"type-product","3":"status-publish","4":"has-post-thumbnail","6":"product_cat-kop-hash-hasch","7":"product_tag-420-postorder-usa","8":"product_tag-420-postorder-marijuana-usa","9":"product_tag-tbart-vrldsomspnnande-frakt","10":"product_tag-bsta-marijuana-online-shop-usa","11":"product_tag-bsta-online-dispensary","12":"product_tag-bestlla-ogrs-online","13":"product_tag-bestlla-ogrs-online-usa","14":"product_tag-order-kush-online-usa","15":"product_tag-bestlla-marijuana-online-vrldsomfattande-frakt","16":"product_tag-bestlla-ogrs-online-i-usa","17":"product_tag-bestlla-marijuana-online","18":"product_tag-bestlla-marijuana-online-europa","19":"product_tag-bestlla-marijuana-online-frankrike","20":"product_tag-bestlla-marijuana-online-usa","21":"product_tag-order-shatter-online-usa","22":"product_tag-buy-cannabis-online-kuwait","23":"product_tag-buy-cannabis-online-malaysia","24":"product_tag-buy-cheap-weed-online-usa","25":"product_tag-buy-dabs-online","26":"product_tag-buy-dabs-online-mail-order","27":"product_tag-buy-hash-oil-online-australia","28":"product_tag-buy-hash-online-uk","29":"product_tag-buy-kush-online","30":"product_tag-buy-kush-online-usa","31":"product_tag-buy-legal-weed-online","32":"product_tag-buy-marijuana-online","33":"product_tag-buy-marijuana-online-australia","34":"product_tag-buy-marijuana-online-brazil","35":"product_tag-buy-marijuana-online-latin-american","36":"product_tag-buy-marijuana-online-malaysia","37":"product_tag-buy-marijuana-online-middle-east","38":"product_tag-buy-marijuana-shatter-wax-online-with-worldwide-shipping","39":"product_tag-buy-medical-marijuana-online","40":"product_tag-buy-shatter-wax-online","41":"product_tag-buy-thc-oil-online","42":"product_tag-buy-thc-wax-online","43":"product_tag-buy-weed-edibles-online","44":"product_tag-buy-weed-online-asia","45":"product_tag-buy-weed-online-australia","46":"product_tag-buy-weed-online-with-worldwide-shipping","47":"product_tag-buy-weed-wax-online-with-worldwide-shipping","48":"product_tag-buying-marijuana-online-usa","49":"product_tag-california-dispensary-shipping-worldwide","50":"product_tag-k-c3-b6p-cannabis-olja-online","51":"product_tag-kp-frvalsade-skarvar-online","52":"product_tag-kp-ogrs-online-uk","53":"product_tag-kp-hg-thc-cannabis-olja-online","54":"product_tag-kp-mnestenar-online","55":"product_tag-kpa-marijuana-online-med-vrldsomspnnande-frakt","56":"product_tag-kp-marijuana-online-uk","57":"product_tag-kpa-marijuanatbara-p-ntet","58":"product_tag-kpa-marijuana-shatterwax-online-med-vrldsomspnnande-frakt","59":"product_tag-kpa-marijuana-vax-online-australien","60":"product_tag-kp-marijuana-vax-online-uk","61":"product_tag-kpa-ogrs-online-europa","62":"product_tag-kp-vax-online-med-vrldsomspnnande-frakt","63":"product_tag-kpa-ogrs-online","64":"product_tag-kpa-marijuana-online-ca","65":"product_tag-kpa-marijuana-online-diskret-frpackning","66":"product_tag-k-c3-b6pa-ogr-c3-a4s-online-usa-recensioner","67":"product_tag-kp-ogrs-online-usa","68":"product_tag-legal-marijuana-till-frsljning-usa","69":"product_tag-legit-online-dispensary-shipping-usa","70":"product_tag-legit-online-dispensary","71":"product_tag-legit-online-dispensary-shipping-worldwide","72":"product_tag-mail-order-weed-online-with-worldwide-shipping","73":"product_tag-marijuana-for-sale-usa","74":"product_tag-marijuana-online-usa","75":"product_tag-kpa-marijuana-online-usa","76":"product_tag-online-dispensary-shipping-worldwide-recensioner","77":"product_tag-online-dispensary-shipping","78":"product_tag-online-dispensary-shipping-uk","79":"product_tag-online-dispensary-shipping-usa","80":"product_tag-online-dispensary-shipping-worldwide","81":"product_tag-postorder-marijuana-online","82":"product_tag-postorder-marijuana-online-med-vrldsomspnnande-frakt","83":"product_tag-postorder-marijuana-online-usa","84":"product_tag-vrldsomspnnande-cannabis-online-butik","85":"product_tag-ogrs-till-frsljning-online-usa","87":"first","88":"instock","89":"shipping-taxable","90":"purchasable","91":"product-type-variable","92":"has-default-attributes"},"yoast_head":"<!-- This site is optimized with the Yoast SEO plugin v27.3 - https:\/\/yoast.com\/product\/yoast-seo-wordpress\/ -->\n<title>K\u00f6p BC Hash Online - B\u00e4sta b\u00e4sta globala medicinerna<\/title>\n<meta name=\"description\" content=\"K\u00f6p BC Hash till salu i Storbritannien Online p\u00e5 b\u00e4sta globala mediciner. Best\u00e4ll hascholjeprodukter och BC-hash. K\u00f6p gr\u00e4s online h\u00e4r och f\u00e5 snabb leverans \u00f6verallt i Europa, Storbritannien.\" \/>\n<meta name=\"robots\" content=\"index, follow, max-snippet:-1, max-image-preview:large, max-video-preview:-1\" \/>\n<link rel=\"canonical\" href=\"https:\/\/medicinasinc.com\/se\/product\/kop-bc-hash\/\" \/>\n<meta property=\"og:locale\" content=\"sv_SE\" \/>\n<meta property=\"og:type\" content=\"article\" \/>\n<meta property=\"og:title\" content=\"K\u00f6p BC Hash Online - B\u00e4sta b\u00e4sta globala medicinerna\" \/>\n<meta property=\"og:description\" content=\"K\u00f6p BC Hash till salu i Storbritannien Online p\u00e5 b\u00e4sta globala mediciner. Best\u00e4ll hascholjeprodukter och BC-hash. K\u00f6p gr\u00e4s online h\u00e4r och f\u00e5 snabb leverans \u00f6verallt i Europa, Storbritannien.\" \/>\n<meta property=\"og:url\" content=\"https:\/\/medicinasinc.com\/se\/product\/kop-bc-hash\/\" \/>\n<meta property=\"og:site_name\" content=\"Medicinas Inc\" \/>\n<meta property=\"article:modified_time\" content=\"2022-07-04T00:18:01+00:00\" \/>\n<meta property=\"og:image\" content=\"https:\/\/medicinasinc.com\/se\/wp-content\/uploads\/sites\/16\/2022\/02\/Buy-BC-Hash.jpg\" \/>\n\t<meta property=\"og:image:width\" content=\"600\" \/>\n\t<meta property=\"og:image:height\" content=\"600\" \/>\n\t<meta property=\"og:image:type\" content=\"image\/jpeg\" \/>\n<meta name=\"twitter:card\" content=\"summary_large_image\" \/>\n<meta name=\"twitter:label1\" content=\"Ber\u00e4knad l\u00e4stid\" \/>\n\t<meta name=\"twitter:data1\" content=\"1 minut\" \/>\n<script type=\"application\/ld+json\" class=\"yoast-schema-graph\">{\"@context\":\"https:\\\/\\\/schema.org\",\"@graph\":[{\"@type\":\"WebPage\",\"@id\":\"https:\\\/\\\/medicinasinc.com\\\/se\\\/product\\\/kop-bc-hash\\\/\",\"url\":\"https:\\\/\\\/medicinasinc.com\\\/se\\\/product\\\/kop-bc-hash\\\/\",\"name\":\"K\u00f6p BC Hash Online - B\u00e4sta b\u00e4sta globala medicinerna\",\"isPartOf\":{\"@id\":\"https:\\\/\\\/medicinasinc.com\\\/se\\\/#website\"},\"primaryImageOfPage\":{\"@id\":\"https:\\\/\\\/medicinasinc.com\\\/se\\\/product\\\/kop-bc-hash\\\/#primaryimage\"},\"image\":{\"@id\":\"https:\\\/\\\/medicinasinc.com\\\/se\\\/product\\\/kop-bc-hash\\\/#primaryimage\"},\"thumbnailUrl\":\"https:\\\/\\\/medicinasinc.com\\\/se\\\/wp-content\\\/uploads\\\/sites\\\/16\\\/2022\\\/02\\\/Buy-BC-Hash.jpg\",\"datePublished\":\"2022-02-20T13:57:00+00:00\",\"dateModified\":\"2022-07-04T00:18:01+00:00\",\"description\":\"K\u00f6p BC Hash till salu i Storbritannien Online p\u00e5 b\u00e4sta globala mediciner. Best\u00e4ll hascholjeprodukter och BC-hash. K\u00f6p gr\u00e4s online h\u00e4r och f\u00e5 snabb leverans \u00f6verallt i Europa, Storbritannien.\",\"breadcrumb\":{\"@id\":\"https:\\\/\\\/medicinasinc.com\\\/se\\\/product\\\/kop-bc-hash\\\/#breadcrumb\"},\"inLanguage\":\"sv-SE\",\"potentialAction\":[{\"@type\":\"ReadAction\",\"target\":[\"https:\\\/\\\/medicinasinc.com\\\/se\\\/product\\\/kop-bc-hash\\\/\"]}]},{\"@type\":\"ImageObject\",\"inLanguage\":\"sv-SE\",\"@id\":\"https:\\\/\\\/medicinasinc.com\\\/se\\\/product\\\/kop-bc-hash\\\/#primaryimage\",\"url\":\"https:\\\/\\\/medicinasinc.com\\\/se\\\/wp-content\\\/uploads\\\/sites\\\/16\\\/2022\\\/02\\\/Buy-BC-Hash.jpg\",\"contentUrl\":\"https:\\\/\\\/medicinasinc.com\\\/se\\\/wp-content\\\/uploads\\\/sites\\\/16\\\/2022\\\/02\\\/Buy-BC-Hash.jpg\",\"width\":600,\"height\":600},{\"@type\":\"BreadcrumbList\",\"@id\":\"https:\\\/\\\/medicinasinc.com\\\/se\\\/product\\\/kop-bc-hash\\\/#breadcrumb\",\"itemListElement\":[{\"@type\":\"ListItem\",\"position\":1,\"name\":\"aff\u00e4r\",\"item\":\"https:\\\/\\\/medicinasinc.com\\\/se\\\/affar\\\/\"},{\"@type\":\"ListItem\",\"position\":2,\"name\":\"K\u00f6p BC Hash\"}]},{\"@type\":\"WebSite\",\"@id\":\"https:\\\/\\\/medicinasinc.com\\\/se\\\/#website\",\"url\":\"https:\\\/\\\/medicinasinc.com\\\/se\\\/\",\"name\":\"Medicinas Inc\",\"description\":\"Health Medical Clinic\",\"potentialAction\":[{\"@type\":\"SearchAction\",\"target\":{\"@type\":\"EntryPoint\",\"urlTemplate\":\"https:\\\/\\\/medicinasinc.com\\\/se\\\/?s={search_term_string}\"},\"query-input\":{\"@type\":\"PropertyValueSpecification\",\"valueRequired\":true,\"valueName\":\"search_term_string\"}}],\"inLanguage\":\"sv-SE\"}]}<\/script>\n<!-- \/ Yoast SEO plugin. -->","yoast_head_json":{"title":"K\u00f6p BC Hash Online - B\u00e4sta b\u00e4sta globala medicinerna","description":"K\u00f6p BC Hash till salu i Storbritannien Online p\u00e5 b\u00e4sta globala mediciner. Best\u00e4ll hascholjeprodukter och BC-hash. K\u00f6p gr\u00e4s online h\u00e4r och f\u00e5 snabb leverans \u00f6verallt i Europa, Storbritannien.","robots":{"index":"index","follow":"follow","max-snippet":"max-snippet:-1","max-image-preview":"max-image-preview:large","max-video-preview":"max-video-preview:-1"},"canonical":"https:\/\/medicinasinc.com\/se\/product\/kop-bc-hash\/","og_locale":"sv_SE","og_type":"article","og_title":"K\u00f6p BC Hash Online - B\u00e4sta b\u00e4sta globala medicinerna","og_description":"K\u00f6p BC Hash till salu i Storbritannien Online p\u00e5 b\u00e4sta globala mediciner. Best\u00e4ll hascholjeprodukter och BC-hash. K\u00f6p gr\u00e4s online h\u00e4r och f\u00e5 snabb leverans \u00f6verallt i Europa, Storbritannien.","og_url":"https:\/\/medicinasinc.com\/se\/product\/kop-bc-hash\/","og_site_name":"Medicinas Inc","article_modified_time":"2022-07-04T00:18:01+00:00","og_image":[{"width":600,"height":600,"url":"https:\/\/medicinasinc.com\/se\/wp-content\/uploads\/sites\/16\/2022\/02\/Buy-BC-Hash.jpg","type":"image\/jpeg"}],"twitter_card":"summary_large_image","twitter_misc":{"Ber\u00e4knad l\u00e4stid":"1 minut"},"schema":{"@context":"https:\/\/schema.org","@graph":[{"@type":"WebPage","@id":"https:\/\/medicinasinc.com\/se\/product\/kop-bc-hash\/","url":"https:\/\/medicinasinc.com\/se\/product\/kop-bc-hash\/","name":"K\u00f6p BC Hash Online - B\u00e4sta b\u00e4sta globala medicinerna","isPartOf":{"@id":"https:\/\/medicinasinc.com\/se\/#website"},"primaryImageOfPage":{"@id":"https:\/\/medicinasinc.com\/se\/product\/kop-bc-hash\/#primaryimage"},"image":{"@id":"https:\/\/medicinasinc.com\/se\/product\/kop-bc-hash\/#primaryimage"},"thumbnailUrl":"https:\/\/medicinasinc.com\/se\/wp-content\/uploads\/sites\/16\/2022\/02\/Buy-BC-Hash.jpg","datePublished":"2022-02-20T13:57:00+00:00","dateModified":"2022-07-04T00:18:01+00:00","description":"K\u00f6p BC Hash till salu i Storbritannien Online p\u00e5 b\u00e4sta globala mediciner. Best\u00e4ll hascholjeprodukter och BC-hash. K\u00f6p gr\u00e4s online h\u00e4r och f\u00e5 snabb leverans \u00f6verallt i Europa, Storbritannien.","breadcrumb":{"@id":"https:\/\/medicinasinc.com\/se\/product\/kop-bc-hash\/#breadcrumb"},"inLanguage":"sv-SE","potentialAction":[{"@type":"ReadAction","target":["https:\/\/medicinasinc.com\/se\/product\/kop-bc-hash\/"]}]},{"@type":"ImageObject","inLanguage":"sv-SE","@id":"https:\/\/medicinasinc.com\/se\/product\/kop-bc-hash\/#primaryimage","url":"https:\/\/medicinasinc.com\/se\/wp-content\/uploads\/sites\/16\/2022\/02\/Buy-BC-Hash.jpg","contentUrl":"https:\/\/medicinasinc.com\/se\/wp-content\/uploads\/sites\/16\/2022\/02\/Buy-BC-Hash.jpg","width":600,"height":600},{"@type":"BreadcrumbList","@id":"https:\/\/medicinasinc.com\/se\/product\/kop-bc-hash\/#breadcrumb","itemListElement":[{"@type":"ListItem","position":1,"name":"aff\u00e4r","item":"https:\/\/medicinasinc.com\/se\/affar\/"},{"@type":"ListItem","position":2,"name":"K\u00f6p BC Hash"}]},{"@type":"WebSite","@id":"https:\/\/medicinasinc.com\/se\/#website","url":"https:\/\/medicinasinc.com\/se\/","name":"Medicinas Inc","description":"Health Medical Clinic","potentialAction":[{"@type":"SearchAction","target":{"@type":"EntryPoint","urlTemplate":"https:\/\/medicinasinc.com\/se\/?s={search_term_string}"},"query-input":{"@type":"PropertyValueSpecification","valueRequired":true,"valueName":"search_term_string"}}],"inLanguage":"sv-SE"}]}},"_links":{"self":[{"href":"https:\/\/medicinasinc.com\/se\/wp-json\/wp\/v2\/product\/4627","targetHints":{"allow":["GET"]}}],"collection":[{"href":"https:\/\/medicinasinc.com\/se\/wp-json\/wp\/v2\/product"}],"about":[{"href":"https:\/\/medicinasinc.com\/se\/wp-json\/wp\/v2\/types\/product"}],"replies":[{"embeddable":true,"href":"https:\/\/medicinasinc.com\/se\/wp-json\/wp\/v2\/comments?post=4627"}],"wp:featuredmedia":[{"embeddable":true,"href":"https:\/\/medicinasinc.com\/se\/wp-json\/wp\/v2\/media\/4639"}],"wp:attachment":[{"href":"https:\/\/medicinasinc.com\/se\/wp-json\/wp\/v2\/media?parent=4627"}],"wp:term":[{"taxonomy":"product_brand","embeddable":true,"href":"https:\/\/medicinasinc.com\/se\/wp-json\/wp\/v2\/product_brand?post=4627"},{"taxonomy":"product_cat","embeddable":true,"href":"https:\/\/medicinasinc.com\/se\/wp-json\/wp\/v2\/product_cat?post=4627"},{"taxonomy":"product_tag","embeddable":true,"href":"https:\/\/medicinasinc.com\/se\/wp-json\/wp\/v2\/product_tag?post=4627"}],"curies":[{"name":"wp","href":"https:\/\/api.w.org\/{rel}","templated":true}]}}