{"id":4609,"date":"2022-02-20T13:44:35","date_gmt":"2022-02-20T13:44:35","guid":{"rendered":"https:\/\/medicinasinc.com\/se\/?post_type=product&#038;p=4609"},"modified":"2022-07-04T00:18:28","modified_gmt":"2022-07-04T00:18:28","slug":"kopa-riktiga-grona-apple-ecstasy-piller","status":"publish","type":"product","link":"https:\/\/medicinasinc.com\/se\/product\/kopa-riktiga-grona-apple-ecstasy-piller\/","title":{"rendered":"K\u00f6p Real Green Apple Ecstasy Pills"},"content":{"rendered":"<p>K\u00f6p Genuine Green Apple Ecstasy online.<\/p>\n<p>Jag \u00e4r s\u00e4ker p\u00e5 att du \u00e4r v\u00e4lk\u00e4nd f\u00f6r detta axiom. &#8221;Ett \u00e4pple om dagen avv\u00e4rjer specialisten&#8221;, lyder ordspr\u00e5ket. Med tanke p\u00e5 de m\u00e5nga h\u00e4lsof\u00f6rdelarna som \u00e4r f\u00f6rknippade med att \u00e4ta \u00e4pplen, kanske detta kostspr\u00e5k inte \u00e4r alltf\u00f6r l\u00e5ngt borta. H\u00e4r \u00e4r n\u00e5gra av de h\u00e4lsof\u00f6rdelar som \u00e4r f\u00f6rknippade med att \u00e4ta gr\u00f6na \u00e4pplen.<\/p>\n<p>Att \u00e4ta \u00e4pplen har visat sig f\u00f6rb\u00e4ttra hj\u00e4rth\u00e4lsa och minska risken f\u00f6r att utveckla hj\u00e4rt- och k\u00e4rlsjukdomar.<\/p>\n<p>Den exakta mekanismen av vilka \u00e4pplen som f\u00f6rb\u00e4ttrar hj\u00e4rth\u00e4lsa \u00e4r r\u00f6rigt. En m\u00f6jlig f\u00f6rklaring \u00e4r att \u00e4pplen inneh\u00e5ller en h\u00f6g m\u00e4ngd kostfiber, vilket har kopplats till att s\u00e4nka LDL-kolesterolet.<\/p>\n<p>Minska risken f\u00f6r att utveckla typ 2-diabetes<\/p>\n<p>Konverterar s\u00e5 lite som en f\u00e5 gr\u00f6na \u00e4pplen per vecka kan minska risken att utveckla typ 2-diabetes, enligt en studie; ytterligare forskning b\u00f6r dock genomf\u00f6ras. Det \u00e4r fortfarande ok\u00e4nt om f\u00f6reningarna som finns i gr\u00f6na \u00e4pplen hj\u00e4lper individer att hantera sina diabetessymptom.<\/p>\n<p>Eftersom det gr\u00f6na \u00e4pplet har en uppsj\u00f6 av f\u00f6rdelar, har de gr\u00f6na \u00e4pplens piller ocks\u00e5 en uppsj\u00f6 av f\u00f6rdelar. Vi borde ha en diskussion om gr\u00f6na \u00e4pplepiller.<br \/> Om du gillar att dricka f\u00e4rsk \u00e4ppeljuice en varm sommardag, kommer gr\u00f6na och \u00e4ppelpiller att f\u00f6rb\u00e4ttra din upplevelse och tillfredsst\u00e4llelse med ett par sn\u00e4pp. Tillverkad i Washington med piller av gr\u00f6nt \u00e4pple, har gruppen infunderat dessa piller med statens b\u00e4sta cannabis.<\/p>\n<p>THC kan vara sv\u00e5rt att br\u00e4nna igenom ur ett doseringsperspektiv, s\u00e4rskilt om h\u00e5llarna inte \u00e4r m\u00e4rkta exceptionellt bra. Green Apple piller har f\u00f6r\u00e4ndrat allt detta, eftersom de nu erbjuder tre distinkta stammar av deras ber\u00f6mda 12 oz blandning i varierande styrka. Betydande tr\u00e4ffar kommer att uppskatta deras mest grundade blandning, som inneh\u00e5ller 100 mg per 12 oz.<\/p>\n<p>P\u00e5 grund av det faktum att Green Apple-piller inneh\u00e5ller cannabis via en ny metod, l\u00e4mnas kunderna utan n\u00e5gon p\u00e5visbar lukt eller smak av ogr\u00e4s, vilket g\u00f6r dem idealiska f\u00f6r individer som vill bli h\u00f6ga men inte kan g\u00e5 ut\u00f6ver den typ av andra piller. Att ta din cannabis bidrar dessutom till att fr\u00e4mja en h\u00e4lsosammare livsstil, eftersom r\u00f6ken fr\u00e5n blommor eller vapes kan bli skadlig efter ett tag. P-piller med gr\u00f6nt \u00e4pple \u00e4r nyttigt i ett \u00e5r och inneh\u00e5ller f\u00e5 kalorier, s\u00e5 det enda du beh\u00f6ver oroa dig f\u00f6r \u00e4r att avst\u00e5 fr\u00e5n mat efter att ha tagit medicinen.<\/p>\n<table style=\"height: 104px\" width=\"508\">\n<tbody>\n<tr>\n<th><span style=\"font-weight: 400\">F\u00e4rg:<\/span><\/th>\n<td>Gr\u00f6n<\/td>\n<\/tr>\n<tr>\n<th> <span style=\"font-weight: 400\">Storlek:<\/span><\/th>\n<td>279 mg<\/td>\n<\/tr>\n<\/tbody>\n<\/table>\n","protected":false},"excerpt":{"rendered":"<div class=\"woocommerce-product-details__short-description\">\n<p>K\u00f6p Real Green Apple Ecstasy Pills For Sale online Storbritannien, Europa till de b\u00e4sta priserna fr\u00e5n den b\u00e4sta p\u00e5litliga MDMA-leverant\u00f6ren, vi garanterar diskret och s\u00e4ker leverans \u00f6ver hela v\u00e4rlden<\/p>\n<p><strong>Minsta best\u00e4llning<\/strong><strong> \u00e4r 50 piller.<\/strong><\/p>\n<\/p><\/div>\n","protected":false},"featured_media":4620,"comment_status":"open","ping_status":"closed","template":"","meta":[],"product_brand":[],"product_cat":[498],"product_tag":[594,593,595,596,599,600,601,606,607,608,598,603,604,605,597,602,609],"class_list":{"0":"post-4609","1":"product","2":"type-product","3":"status-publish","4":"has-post-thumbnail","6":"product_cat-kop-ecstasy-piller","7":"product_tag-apple-ecstasy","8":"product_tag-ppeldrog","9":"product_tag-applepills","10":"product_tag-e-piller-rosa","11":"product_tag-green-apple-ecstasy","12":"product_tag-green-apple-logo","13":"product_tag-green-apple-pills","14":"product_tag-green-rolex-pill","15":"product_tag-green-rolex-pill-report","16":"product_tag-green-tablet-pill","17":"product_tag-grna-pple-droger","18":"product_tag-grna-extacy-piller","19":"product_tag-gr-c3-b6na-piller","20":"product_tag-gr-c3-b6na-piller-droger","21":"product_tag-grnt-pple-drog","22":"product_tag-grnt-ecstasy-piller","23":"product_tag-sm-grna-piller","25":"first","26":"instock","27":"shipping-taxable","28":"purchasable","29":"product-type-variable","30":"has-default-attributes"},"yoast_head":"<!-- This site is optimized with the Yoast SEO plugin v27.3 - https:\/\/yoast.com\/product\/yoast-seo-wordpress\/ -->\n<title>K\u00f6p Real Green Apple Ecstasy Pills Online - B\u00e4sta b\u00e4sta globala medicinerna<\/title>\n<meta name=\"description\" content=\"K\u00f6p Real Green Apple Ecstasy Pills till salu online Storbritannien, Europa till de b\u00e4sta priserna fr\u00e5n den b\u00e4sta p\u00e5litliga MDMA-leverant\u00f6ren, vi garanterar diskret och s\u00e4ker leverans \u00f6ver hela v\u00e4rlden\" \/>\n<meta name=\"robots\" content=\"index, follow, max-snippet:-1, max-image-preview:large, max-video-preview:-1\" \/>\n<link rel=\"canonical\" href=\"https:\/\/medicinasinc.com\/se\/product\/kopa-riktiga-grona-apple-ecstasy-piller\/\" \/>\n<meta property=\"og:locale\" content=\"sv_SE\" \/>\n<meta property=\"og:type\" content=\"article\" \/>\n<meta property=\"og:title\" content=\"K\u00f6p Real Green Apple Ecstasy Pills Online - B\u00e4sta b\u00e4sta globala medicinerna\" \/>\n<meta property=\"og:description\" content=\"K\u00f6p Real Green Apple Ecstasy Pills till salu online Storbritannien, Europa till de b\u00e4sta priserna fr\u00e5n den b\u00e4sta p\u00e5litliga MDMA-leverant\u00f6ren, vi garanterar diskret och s\u00e4ker leverans \u00f6ver hela v\u00e4rlden\" \/>\n<meta property=\"og:url\" content=\"https:\/\/medicinasinc.com\/se\/product\/kopa-riktiga-grona-apple-ecstasy-piller\/\" \/>\n<meta property=\"og:site_name\" content=\"Medicinas Inc\" \/>\n<meta property=\"article:modified_time\" content=\"2022-07-04T00:18:28+00:00\" \/>\n<meta property=\"og:image\" content=\"https:\/\/medicinasinc.com\/se\/wp-content\/uploads\/sites\/16\/2022\/02\/order-real-green-apple-ecstasy-pills-online.jpg\" \/>\n\t<meta property=\"og:image:width\" content=\"600\" \/>\n\t<meta property=\"og:image:height\" content=\"600\" \/>\n\t<meta property=\"og:image:type\" content=\"image\/jpeg\" \/>\n<meta name=\"twitter:card\" content=\"summary_large_image\" \/>\n<meta name=\"twitter:label1\" content=\"Ber\u00e4knad l\u00e4stid\" \/>\n\t<meta name=\"twitter:data1\" content=\"2 minuter\" \/>\n<script type=\"application\/ld+json\" class=\"yoast-schema-graph\">{\"@context\":\"https:\\\/\\\/schema.org\",\"@graph\":[{\"@type\":\"WebPage\",\"@id\":\"https:\\\/\\\/medicinasinc.com\\\/se\\\/product\\\/kopa-riktiga-grona-apple-ecstasy-piller\\\/\",\"url\":\"https:\\\/\\\/medicinasinc.com\\\/se\\\/product\\\/kopa-riktiga-grona-apple-ecstasy-piller\\\/\",\"name\":\"K\u00f6p Real Green Apple Ecstasy Pills Online - B\u00e4sta b\u00e4sta globala medicinerna\",\"isPartOf\":{\"@id\":\"https:\\\/\\\/medicinasinc.com\\\/se\\\/#website\"},\"primaryImageOfPage\":{\"@id\":\"https:\\\/\\\/medicinasinc.com\\\/se\\\/product\\\/kopa-riktiga-grona-apple-ecstasy-piller\\\/#primaryimage\"},\"image\":{\"@id\":\"https:\\\/\\\/medicinasinc.com\\\/se\\\/product\\\/kopa-riktiga-grona-apple-ecstasy-piller\\\/#primaryimage\"},\"thumbnailUrl\":\"https:\\\/\\\/medicinasinc.com\\\/se\\\/wp-content\\\/uploads\\\/sites\\\/16\\\/2022\\\/02\\\/order-real-green-apple-ecstasy-pills-online.jpg\",\"datePublished\":\"2022-02-20T13:44:35+00:00\",\"dateModified\":\"2022-07-04T00:18:28+00:00\",\"description\":\"K\u00f6p Real Green Apple Ecstasy Pills till salu online Storbritannien, Europa till de b\u00e4sta priserna fr\u00e5n den b\u00e4sta p\u00e5litliga MDMA-leverant\u00f6ren, vi garanterar diskret och s\u00e4ker leverans \u00f6ver hela v\u00e4rlden\",\"breadcrumb\":{\"@id\":\"https:\\\/\\\/medicinasinc.com\\\/se\\\/product\\\/kopa-riktiga-grona-apple-ecstasy-piller\\\/#breadcrumb\"},\"inLanguage\":\"sv-SE\",\"potentialAction\":[{\"@type\":\"ReadAction\",\"target\":[\"https:\\\/\\\/medicinasinc.com\\\/se\\\/product\\\/kopa-riktiga-grona-apple-ecstasy-piller\\\/\"]}]},{\"@type\":\"ImageObject\",\"inLanguage\":\"sv-SE\",\"@id\":\"https:\\\/\\\/medicinasinc.com\\\/se\\\/product\\\/kopa-riktiga-grona-apple-ecstasy-piller\\\/#primaryimage\",\"url\":\"https:\\\/\\\/medicinasinc.com\\\/se\\\/wp-content\\\/uploads\\\/sites\\\/16\\\/2022\\\/02\\\/order-real-green-apple-ecstasy-pills-online.jpg\",\"contentUrl\":\"https:\\\/\\\/medicinasinc.com\\\/se\\\/wp-content\\\/uploads\\\/sites\\\/16\\\/2022\\\/02\\\/order-real-green-apple-ecstasy-pills-online.jpg\",\"width\":600,\"height\":600},{\"@type\":\"BreadcrumbList\",\"@id\":\"https:\\\/\\\/medicinasinc.com\\\/se\\\/product\\\/kopa-riktiga-grona-apple-ecstasy-piller\\\/#breadcrumb\",\"itemListElement\":[{\"@type\":\"ListItem\",\"position\":1,\"name\":\"aff\u00e4r\",\"item\":\"https:\\\/\\\/medicinasinc.com\\\/se\\\/affar\\\/\"},{\"@type\":\"ListItem\",\"position\":2,\"name\":\"K\u00f6p Real Green Apple Ecstasy Pills\"}]},{\"@type\":\"WebSite\",\"@id\":\"https:\\\/\\\/medicinasinc.com\\\/se\\\/#website\",\"url\":\"https:\\\/\\\/medicinasinc.com\\\/se\\\/\",\"name\":\"Medicinas Inc\",\"description\":\"Health Medical Clinic\",\"potentialAction\":[{\"@type\":\"SearchAction\",\"target\":{\"@type\":\"EntryPoint\",\"urlTemplate\":\"https:\\\/\\\/medicinasinc.com\\\/se\\\/?s={search_term_string}\"},\"query-input\":{\"@type\":\"PropertyValueSpecification\",\"valueRequired\":true,\"valueName\":\"search_term_string\"}}],\"inLanguage\":\"sv-SE\"}]}<\/script>\n<!-- \/ Yoast SEO plugin. -->","yoast_head_json":{"title":"K\u00f6p Real Green Apple Ecstasy Pills Online - B\u00e4sta b\u00e4sta globala medicinerna","description":"K\u00f6p Real Green Apple Ecstasy Pills till salu online Storbritannien, Europa till de b\u00e4sta priserna fr\u00e5n den b\u00e4sta p\u00e5litliga MDMA-leverant\u00f6ren, vi garanterar diskret och s\u00e4ker leverans \u00f6ver hela v\u00e4rlden","robots":{"index":"index","follow":"follow","max-snippet":"max-snippet:-1","max-image-preview":"max-image-preview:large","max-video-preview":"max-video-preview:-1"},"canonical":"https:\/\/medicinasinc.com\/se\/product\/kopa-riktiga-grona-apple-ecstasy-piller\/","og_locale":"sv_SE","og_type":"article","og_title":"K\u00f6p Real Green Apple Ecstasy Pills Online - B\u00e4sta b\u00e4sta globala medicinerna","og_description":"K\u00f6p Real Green Apple Ecstasy Pills till salu online Storbritannien, Europa till de b\u00e4sta priserna fr\u00e5n den b\u00e4sta p\u00e5litliga MDMA-leverant\u00f6ren, vi garanterar diskret och s\u00e4ker leverans \u00f6ver hela v\u00e4rlden","og_url":"https:\/\/medicinasinc.com\/se\/product\/kopa-riktiga-grona-apple-ecstasy-piller\/","og_site_name":"Medicinas Inc","article_modified_time":"2022-07-04T00:18:28+00:00","og_image":[{"width":600,"height":600,"url":"https:\/\/medicinasinc.com\/se\/wp-content\/uploads\/sites\/16\/2022\/02\/order-real-green-apple-ecstasy-pills-online.jpg","type":"image\/jpeg"}],"twitter_card":"summary_large_image","twitter_misc":{"Ber\u00e4knad l\u00e4stid":"2 minuter"},"schema":{"@context":"https:\/\/schema.org","@graph":[{"@type":"WebPage","@id":"https:\/\/medicinasinc.com\/se\/product\/kopa-riktiga-grona-apple-ecstasy-piller\/","url":"https:\/\/medicinasinc.com\/se\/product\/kopa-riktiga-grona-apple-ecstasy-piller\/","name":"K\u00f6p Real Green Apple Ecstasy Pills Online - B\u00e4sta b\u00e4sta globala medicinerna","isPartOf":{"@id":"https:\/\/medicinasinc.com\/se\/#website"},"primaryImageOfPage":{"@id":"https:\/\/medicinasinc.com\/se\/product\/kopa-riktiga-grona-apple-ecstasy-piller\/#primaryimage"},"image":{"@id":"https:\/\/medicinasinc.com\/se\/product\/kopa-riktiga-grona-apple-ecstasy-piller\/#primaryimage"},"thumbnailUrl":"https:\/\/medicinasinc.com\/se\/wp-content\/uploads\/sites\/16\/2022\/02\/order-real-green-apple-ecstasy-pills-online.jpg","datePublished":"2022-02-20T13:44:35+00:00","dateModified":"2022-07-04T00:18:28+00:00","description":"K\u00f6p Real Green Apple Ecstasy Pills till salu online Storbritannien, Europa till de b\u00e4sta priserna fr\u00e5n den b\u00e4sta p\u00e5litliga MDMA-leverant\u00f6ren, vi garanterar diskret och s\u00e4ker leverans \u00f6ver hela v\u00e4rlden","breadcrumb":{"@id":"https:\/\/medicinasinc.com\/se\/product\/kopa-riktiga-grona-apple-ecstasy-piller\/#breadcrumb"},"inLanguage":"sv-SE","potentialAction":[{"@type":"ReadAction","target":["https:\/\/medicinasinc.com\/se\/product\/kopa-riktiga-grona-apple-ecstasy-piller\/"]}]},{"@type":"ImageObject","inLanguage":"sv-SE","@id":"https:\/\/medicinasinc.com\/se\/product\/kopa-riktiga-grona-apple-ecstasy-piller\/#primaryimage","url":"https:\/\/medicinasinc.com\/se\/wp-content\/uploads\/sites\/16\/2022\/02\/order-real-green-apple-ecstasy-pills-online.jpg","contentUrl":"https:\/\/medicinasinc.com\/se\/wp-content\/uploads\/sites\/16\/2022\/02\/order-real-green-apple-ecstasy-pills-online.jpg","width":600,"height":600},{"@type":"BreadcrumbList","@id":"https:\/\/medicinasinc.com\/se\/product\/kopa-riktiga-grona-apple-ecstasy-piller\/#breadcrumb","itemListElement":[{"@type":"ListItem","position":1,"name":"aff\u00e4r","item":"https:\/\/medicinasinc.com\/se\/affar\/"},{"@type":"ListItem","position":2,"name":"K\u00f6p Real Green Apple Ecstasy Pills"}]},{"@type":"WebSite","@id":"https:\/\/medicinasinc.com\/se\/#website","url":"https:\/\/medicinasinc.com\/se\/","name":"Medicinas Inc","description":"Health Medical Clinic","potentialAction":[{"@type":"SearchAction","target":{"@type":"EntryPoint","urlTemplate":"https:\/\/medicinasinc.com\/se\/?s={search_term_string}"},"query-input":{"@type":"PropertyValueSpecification","valueRequired":true,"valueName":"search_term_string"}}],"inLanguage":"sv-SE"}]}},"_links":{"self":[{"href":"https:\/\/medicinasinc.com\/se\/wp-json\/wp\/v2\/product\/4609","targetHints":{"allow":["GET"]}}],"collection":[{"href":"https:\/\/medicinasinc.com\/se\/wp-json\/wp\/v2\/product"}],"about":[{"href":"https:\/\/medicinasinc.com\/se\/wp-json\/wp\/v2\/types\/product"}],"replies":[{"embeddable":true,"href":"https:\/\/medicinasinc.com\/se\/wp-json\/wp\/v2\/comments?post=4609"}],"wp:featuredmedia":[{"embeddable":true,"href":"https:\/\/medicinasinc.com\/se\/wp-json\/wp\/v2\/media\/4620"}],"wp:attachment":[{"href":"https:\/\/medicinasinc.com\/se\/wp-json\/wp\/v2\/media?parent=4609"}],"wp:term":[{"taxonomy":"product_brand","embeddable":true,"href":"https:\/\/medicinasinc.com\/se\/wp-json\/wp\/v2\/product_brand?post=4609"},{"taxonomy":"product_cat","embeddable":true,"href":"https:\/\/medicinasinc.com\/se\/wp-json\/wp\/v2\/product_cat?post=4609"},{"taxonomy":"product_tag","embeddable":true,"href":"https:\/\/medicinasinc.com\/se\/wp-json\/wp\/v2\/product_tag?post=4609"}],"curies":[{"name":"wp","href":"https:\/\/api.w.org\/{rel}","templated":true}]}}