{"id":4592,"date":"2022-02-20T13:31:58","date_gmt":"2022-02-20T13:31:58","guid":{"rendered":"https:\/\/medicinasinc.com\/se\/?post_type=product&#038;p=4592"},"modified":"2022-07-04T00:18:45","modified_gmt":"2022-07-04T00:18:45","slug":"kop-xtc-philipp-plein-blue-524-mg-mdma-piller","status":"publish","type":"product","link":"https:\/\/medicinasinc.com\/se\/product\/kop-xtc-philipp-plein-blue-524-mg-mdma-piller\/","title":{"rendered":"K\u00f6p XTC- Philipp Plein Blue- 524 mg MDMA-piller"},"content":{"rendered":"<div class=\"woocommerce-tabs wc-tabs-wrapper\">\n<div id=\"tab-description\" class=\"woocommerce-Tabs-panel woocommerce-Tabs-panel--description panel entry-content wc-tab\" role=\"tabpanel\" aria-labelledby=\"tab-title-description\">\n<p>Onlinek\u00f6p av XTC-Philipp Plein Blue-524 mg MDMA-piller.<\/p>\n<p>\u2013 Philipp Plein 524MG ger en exceptionell upplevelse. Det \u00e4r en helt s\u00e4ker och hygienisk produkt. Utm\u00e4rkt kvalitet till ett \u00f6verkomligt pris. \u2013 Effekterna b\u00f6rjar ungef\u00e4r 30 minuter senare och varar ungef\u00e4r 6 timmar.<br \/> \u2013 Anv\u00e4nd h\u00e4lften av detta piller \u00e5t g\u00e5ngen. Drick en tillr\u00e4cklig m\u00e4ngd vatten medan du tar medicin.<\/p>\n<h1><a style=\"font-size: 16px\" href=\"https:\/\/merrydrug.com\/\">.<\/a><\/h1>\n<\/p><\/div><\/div>\n<div class=\"related products\"><\/div>\n","protected":false},"excerpt":{"rendered":"<div class=\"woocommerce-product-details__short-description\">\n<p>K\u00f6p Philipp Plein Blue- 524 Mg MDMA i Storbritannien och Europa till b\u00e4sta marknadspris. Alla v\u00e5ra produkter \u00e4r gjorda av helt naturliga, THC-fria ingredienser. G\u00f6r din best\u00e4llning online nu!<\/p>\n<p>Philipp Blue-524 \u00e4r ett extremt partypiller och MDMA-l\u00e4kemedel som anv\u00e4nds flitigt i USA och Korea. Dess psykoaktiva egenskaper uppt\u00e4cktes i mitten av 1750-talet. Om n\u00e5gon vill uppleva en extrem niv\u00e5 av h\u00f6g, kommer han inte att l\u00e4mna denna produkt efter att ha provat den. Philipp Blue anv\u00e4nds ocks\u00e5 i religi\u00f6sa ceremonier och har f\u00f6rblivit en h\u00f6gkvalitativ produkt i flera \u00e5r eftersom m\u00e4nniskor \u00e4r medvetna om dess f\u00f6rdelar och inte kan leva utan den.<\/p>\n<p>Individer ordnar om detta p\u00e5 grund av dess potenta effekter och snabba resultat. P\u00e5 grund av dess effektivitet kommer den aldrig att finnas i lager under en l\u00e4ngre tid.<\/p>\n<p>Philipp Plein Blue-524 Pills Purchase<\/p>\n<p>Minsta best\u00e4llningskvantitet \u00e4r femtio piller.<\/p>\n<\/p><\/div>\n","protected":false},"featured_media":4605,"comment_status":"open","ping_status":"closed","template":"","meta":[],"product_brand":[],"product_cat":[498],"product_tag":[590,584,585,586,588,587,589,501,583,512,591,592],"class_list":{"0":"post-4592","1":"product","2":"type-product","3":"status-publish","4":"has-post-thumbnail","6":"product_cat-kop-ecstasy-piller","7":"product_tag-krleksdroger","8":"product_tag-buy-xtc-pills-online","9":"product_tag-buy-xtc-philipp-plein-blue-524-mg-mdma-pills-online","10":"product_tag-drugs","11":"product_tag-ecstasy-tablets","12":"product_tag-extas","13":"product_tag-ghb","14":"product_tag-kp-mdma-online","15":"product_tag-k-c3-b6pa-ecstasy-piller-online","16":"product_tag-mdma","17":"product_tag-mg-mdma","18":"product_tag-xtc-piller","20":"first","21":"instock","22":"shipping-taxable","23":"purchasable","24":"product-type-variable","25":"has-default-attributes"},"yoast_head":"<!-- This site is optimized with the Yoast SEO plugin v27.3 - https:\/\/yoast.com\/product\/yoast-seo-wordpress\/ -->\n<title>K\u00f6p XTC- Philipp Plein Blue- 524 mg MDMA piller - Global Medicina<\/title>\n<meta name=\"description\" content=\"K\u00f6p Philipp Plein Blue- 524 Mg MDMA Storbritannien, Europa till b\u00e4sta marknadspris. Alla v\u00e5ra produkter \u00e4r gjorda av rena naturliga ingredienser fria fr\u00e5n THC. Best\u00e4ll online nu!\" \/>\n<meta name=\"robots\" content=\"index, follow, max-snippet:-1, max-image-preview:large, max-video-preview:-1\" \/>\n<link rel=\"canonical\" href=\"https:\/\/medicinasinc.com\/se\/product\/kop-xtc-philipp-plein-blue-524-mg-mdma-piller\/\" \/>\n<meta property=\"og:locale\" content=\"sv_SE\" \/>\n<meta property=\"og:type\" content=\"article\" \/>\n<meta property=\"og:title\" content=\"K\u00f6p XTC- Philipp Plein Blue- 524 mg MDMA piller - Global Medicina\" \/>\n<meta property=\"og:description\" content=\"K\u00f6p Philipp Plein Blue- 524 Mg MDMA Storbritannien, Europa till b\u00e4sta marknadspris. Alla v\u00e5ra produkter \u00e4r gjorda av rena naturliga ingredienser fria fr\u00e5n THC. Best\u00e4ll online nu!\" \/>\n<meta property=\"og:url\" content=\"https:\/\/medicinasinc.com\/se\/product\/kop-xtc-philipp-plein-blue-524-mg-mdma-piller\/\" \/>\n<meta property=\"og:site_name\" content=\"Medicinas Inc\" \/>\n<meta property=\"article:modified_time\" content=\"2022-07-04T00:18:45+00:00\" \/>\n<meta property=\"og:image\" content=\"https:\/\/medicinasinc.com\/se\/wp-content\/uploads\/sites\/16\/2022\/02\/buy-xtc-philipp-plein-blue-524-mg-mdma-pills-online.jpg\" \/>\n\t<meta property=\"og:image:width\" content=\"600\" \/>\n\t<meta property=\"og:image:height\" content=\"600\" \/>\n\t<meta property=\"og:image:type\" content=\"image\/jpeg\" \/>\n<meta name=\"twitter:card\" content=\"summary_large_image\" \/>\n<meta name=\"twitter:label1\" content=\"Ber\u00e4knad l\u00e4stid\" \/>\n\t<meta name=\"twitter:data1\" content=\"1 minut\" \/>\n<script type=\"application\/ld+json\" class=\"yoast-schema-graph\">{\"@context\":\"https:\\\/\\\/schema.org\",\"@graph\":[{\"@type\":\"WebPage\",\"@id\":\"https:\\\/\\\/medicinasinc.com\\\/se\\\/product\\\/kop-xtc-philipp-plein-blue-524-mg-mdma-piller\\\/\",\"url\":\"https:\\\/\\\/medicinasinc.com\\\/se\\\/product\\\/kop-xtc-philipp-plein-blue-524-mg-mdma-piller\\\/\",\"name\":\"K\u00f6p XTC- Philipp Plein Blue- 524 mg MDMA piller - Global Medicina\",\"isPartOf\":{\"@id\":\"https:\\\/\\\/medicinasinc.com\\\/se\\\/#website\"},\"primaryImageOfPage\":{\"@id\":\"https:\\\/\\\/medicinasinc.com\\\/se\\\/product\\\/kop-xtc-philipp-plein-blue-524-mg-mdma-piller\\\/#primaryimage\"},\"image\":{\"@id\":\"https:\\\/\\\/medicinasinc.com\\\/se\\\/product\\\/kop-xtc-philipp-plein-blue-524-mg-mdma-piller\\\/#primaryimage\"},\"thumbnailUrl\":\"https:\\\/\\\/medicinasinc.com\\\/se\\\/wp-content\\\/uploads\\\/sites\\\/16\\\/2022\\\/02\\\/buy-xtc-philipp-plein-blue-524-mg-mdma-pills-online.jpg\",\"datePublished\":\"2022-02-20T13:31:58+00:00\",\"dateModified\":\"2022-07-04T00:18:45+00:00\",\"description\":\"K\u00f6p Philipp Plein Blue- 524 Mg MDMA Storbritannien, Europa till b\u00e4sta marknadspris. Alla v\u00e5ra produkter \u00e4r gjorda av rena naturliga ingredienser fria fr\u00e5n THC. Best\u00e4ll online nu!\",\"breadcrumb\":{\"@id\":\"https:\\\/\\\/medicinasinc.com\\\/se\\\/product\\\/kop-xtc-philipp-plein-blue-524-mg-mdma-piller\\\/#breadcrumb\"},\"inLanguage\":\"sv-SE\",\"potentialAction\":[{\"@type\":\"ReadAction\",\"target\":[\"https:\\\/\\\/medicinasinc.com\\\/se\\\/product\\\/kop-xtc-philipp-plein-blue-524-mg-mdma-piller\\\/\"]}]},{\"@type\":\"ImageObject\",\"inLanguage\":\"sv-SE\",\"@id\":\"https:\\\/\\\/medicinasinc.com\\\/se\\\/product\\\/kop-xtc-philipp-plein-blue-524-mg-mdma-piller\\\/#primaryimage\",\"url\":\"https:\\\/\\\/medicinasinc.com\\\/se\\\/wp-content\\\/uploads\\\/sites\\\/16\\\/2022\\\/02\\\/buy-xtc-philipp-plein-blue-524-mg-mdma-pills-online.jpg\",\"contentUrl\":\"https:\\\/\\\/medicinasinc.com\\\/se\\\/wp-content\\\/uploads\\\/sites\\\/16\\\/2022\\\/02\\\/buy-xtc-philipp-plein-blue-524-mg-mdma-pills-online.jpg\",\"width\":600,\"height\":600},{\"@type\":\"BreadcrumbList\",\"@id\":\"https:\\\/\\\/medicinasinc.com\\\/se\\\/product\\\/kop-xtc-philipp-plein-blue-524-mg-mdma-piller\\\/#breadcrumb\",\"itemListElement\":[{\"@type\":\"ListItem\",\"position\":1,\"name\":\"aff\u00e4r\",\"item\":\"https:\\\/\\\/medicinasinc.com\\\/se\\\/affar\\\/\"},{\"@type\":\"ListItem\",\"position\":2,\"name\":\"K\u00f6p XTC- Philipp Plein Blue- 524 mg MDMA-piller\"}]},{\"@type\":\"WebSite\",\"@id\":\"https:\\\/\\\/medicinasinc.com\\\/se\\\/#website\",\"url\":\"https:\\\/\\\/medicinasinc.com\\\/se\\\/\",\"name\":\"Medicinas Inc\",\"description\":\"Health Medical Clinic\",\"potentialAction\":[{\"@type\":\"SearchAction\",\"target\":{\"@type\":\"EntryPoint\",\"urlTemplate\":\"https:\\\/\\\/medicinasinc.com\\\/se\\\/?s={search_term_string}\"},\"query-input\":{\"@type\":\"PropertyValueSpecification\",\"valueRequired\":true,\"valueName\":\"search_term_string\"}}],\"inLanguage\":\"sv-SE\"}]}<\/script>\n<!-- \/ Yoast SEO plugin. -->","yoast_head_json":{"title":"K\u00f6p XTC- Philipp Plein Blue- 524 mg MDMA piller - Global Medicina","description":"K\u00f6p Philipp Plein Blue- 524 Mg MDMA Storbritannien, Europa till b\u00e4sta marknadspris. Alla v\u00e5ra produkter \u00e4r gjorda av rena naturliga ingredienser fria fr\u00e5n THC. Best\u00e4ll online nu!","robots":{"index":"index","follow":"follow","max-snippet":"max-snippet:-1","max-image-preview":"max-image-preview:large","max-video-preview":"max-video-preview:-1"},"canonical":"https:\/\/medicinasinc.com\/se\/product\/kop-xtc-philipp-plein-blue-524-mg-mdma-piller\/","og_locale":"sv_SE","og_type":"article","og_title":"K\u00f6p XTC- Philipp Plein Blue- 524 mg MDMA piller - Global Medicina","og_description":"K\u00f6p Philipp Plein Blue- 524 Mg MDMA Storbritannien, Europa till b\u00e4sta marknadspris. Alla v\u00e5ra produkter \u00e4r gjorda av rena naturliga ingredienser fria fr\u00e5n THC. Best\u00e4ll online nu!","og_url":"https:\/\/medicinasinc.com\/se\/product\/kop-xtc-philipp-plein-blue-524-mg-mdma-piller\/","og_site_name":"Medicinas Inc","article_modified_time":"2022-07-04T00:18:45+00:00","og_image":[{"width":600,"height":600,"url":"https:\/\/medicinasinc.com\/se\/wp-content\/uploads\/sites\/16\/2022\/02\/buy-xtc-philipp-plein-blue-524-mg-mdma-pills-online.jpg","type":"image\/jpeg"}],"twitter_card":"summary_large_image","twitter_misc":{"Ber\u00e4knad l\u00e4stid":"1 minut"},"schema":{"@context":"https:\/\/schema.org","@graph":[{"@type":"WebPage","@id":"https:\/\/medicinasinc.com\/se\/product\/kop-xtc-philipp-plein-blue-524-mg-mdma-piller\/","url":"https:\/\/medicinasinc.com\/se\/product\/kop-xtc-philipp-plein-blue-524-mg-mdma-piller\/","name":"K\u00f6p XTC- Philipp Plein Blue- 524 mg MDMA piller - Global Medicina","isPartOf":{"@id":"https:\/\/medicinasinc.com\/se\/#website"},"primaryImageOfPage":{"@id":"https:\/\/medicinasinc.com\/se\/product\/kop-xtc-philipp-plein-blue-524-mg-mdma-piller\/#primaryimage"},"image":{"@id":"https:\/\/medicinasinc.com\/se\/product\/kop-xtc-philipp-plein-blue-524-mg-mdma-piller\/#primaryimage"},"thumbnailUrl":"https:\/\/medicinasinc.com\/se\/wp-content\/uploads\/sites\/16\/2022\/02\/buy-xtc-philipp-plein-blue-524-mg-mdma-pills-online.jpg","datePublished":"2022-02-20T13:31:58+00:00","dateModified":"2022-07-04T00:18:45+00:00","description":"K\u00f6p Philipp Plein Blue- 524 Mg MDMA Storbritannien, Europa till b\u00e4sta marknadspris. Alla v\u00e5ra produkter \u00e4r gjorda av rena naturliga ingredienser fria fr\u00e5n THC. Best\u00e4ll online nu!","breadcrumb":{"@id":"https:\/\/medicinasinc.com\/se\/product\/kop-xtc-philipp-plein-blue-524-mg-mdma-piller\/#breadcrumb"},"inLanguage":"sv-SE","potentialAction":[{"@type":"ReadAction","target":["https:\/\/medicinasinc.com\/se\/product\/kop-xtc-philipp-plein-blue-524-mg-mdma-piller\/"]}]},{"@type":"ImageObject","inLanguage":"sv-SE","@id":"https:\/\/medicinasinc.com\/se\/product\/kop-xtc-philipp-plein-blue-524-mg-mdma-piller\/#primaryimage","url":"https:\/\/medicinasinc.com\/se\/wp-content\/uploads\/sites\/16\/2022\/02\/buy-xtc-philipp-plein-blue-524-mg-mdma-pills-online.jpg","contentUrl":"https:\/\/medicinasinc.com\/se\/wp-content\/uploads\/sites\/16\/2022\/02\/buy-xtc-philipp-plein-blue-524-mg-mdma-pills-online.jpg","width":600,"height":600},{"@type":"BreadcrumbList","@id":"https:\/\/medicinasinc.com\/se\/product\/kop-xtc-philipp-plein-blue-524-mg-mdma-piller\/#breadcrumb","itemListElement":[{"@type":"ListItem","position":1,"name":"aff\u00e4r","item":"https:\/\/medicinasinc.com\/se\/affar\/"},{"@type":"ListItem","position":2,"name":"K\u00f6p XTC- Philipp Plein Blue- 524 mg MDMA-piller"}]},{"@type":"WebSite","@id":"https:\/\/medicinasinc.com\/se\/#website","url":"https:\/\/medicinasinc.com\/se\/","name":"Medicinas Inc","description":"Health Medical Clinic","potentialAction":[{"@type":"SearchAction","target":{"@type":"EntryPoint","urlTemplate":"https:\/\/medicinasinc.com\/se\/?s={search_term_string}"},"query-input":{"@type":"PropertyValueSpecification","valueRequired":true,"valueName":"search_term_string"}}],"inLanguage":"sv-SE"}]}},"_links":{"self":[{"href":"https:\/\/medicinasinc.com\/se\/wp-json\/wp\/v2\/product\/4592","targetHints":{"allow":["GET"]}}],"collection":[{"href":"https:\/\/medicinasinc.com\/se\/wp-json\/wp\/v2\/product"}],"about":[{"href":"https:\/\/medicinasinc.com\/se\/wp-json\/wp\/v2\/types\/product"}],"replies":[{"embeddable":true,"href":"https:\/\/medicinasinc.com\/se\/wp-json\/wp\/v2\/comments?post=4592"}],"wp:featuredmedia":[{"embeddable":true,"href":"https:\/\/medicinasinc.com\/se\/wp-json\/wp\/v2\/media\/4605"}],"wp:attachment":[{"href":"https:\/\/medicinasinc.com\/se\/wp-json\/wp\/v2\/media?parent=4592"}],"wp:term":[{"taxonomy":"product_brand","embeddable":true,"href":"https:\/\/medicinasinc.com\/se\/wp-json\/wp\/v2\/product_brand?post=4592"},{"taxonomy":"product_cat","embeddable":true,"href":"https:\/\/medicinasinc.com\/se\/wp-json\/wp\/v2\/product_cat?post=4592"},{"taxonomy":"product_tag","embeddable":true,"href":"https:\/\/medicinasinc.com\/se\/wp-json\/wp\/v2\/product_tag?post=4592"}],"curies":[{"name":"wp","href":"https:\/\/api.w.org\/{rel}","templated":true}]}}