{"id":4576,"date":"2022-02-20T13:20:42","date_gmt":"2022-02-20T13:20:42","guid":{"rendered":"https:\/\/medicinasinc.com\/se\/?post_type=product&#038;p=4576"},"modified":"2022-07-04T00:19:13","modified_gmt":"2022-07-04T00:19:13","slug":"kop-apelsin-tesla-ecstasy-piller","status":"publish","type":"product","link":"https:\/\/medicinasinc.com\/se\/product\/kop-apelsin-tesla-ecstasy-piller\/","title":{"rendered":"K\u00f6p Orange Tesla Ecstasy Pills"},"content":{"rendered":"<p>Orange Tesla Ecstasy Pills K\u00f6p<\/p>\n<p>3,4-metylendioxi-metamfetamin \u00e4r den aktiva ingrediensen i Orange Tesla ecstasy-piller (MDMA). De sm\u00e5 orangea tabletterna \u00e4r formade som en sk\u00f6ld och b\u00e4r ordet &#8221;Tesla&#8221; ovanf\u00f6r Teslas logotyp i form av en t.<\/p>\n<p>De lyser i m\u00f6rkret och en del \u00e4r bestr\u00f6dda med lila glitter.<\/p>\n<p>De \u00e4r popul\u00e4ra f\u00f6r att de \u00e4r starka, har en rolig design och f\u00f6rknippas med ett v\u00e4lk\u00e4nt varum\u00e4rke med ett positivt rykte. Majoriteten av m\u00e4nniskor \u00e4r mer ben\u00e4gna att k\u00f6pa ett ecstasy-piller med en erk\u00e4nd logotyp \u00e4n ett vanligt vitt piller tillverkat av n\u00e5gon annan.<\/p>\n<p>Men orangea Tesla-piller har ingenting att g\u00f6ra med Elon Musks Tesla, en amerikansk biltillverkare och ren energibolag.<\/p>\n<p>Varum\u00e4rket inneb\u00e4r inte att de \u00e4r av h\u00f6g kvalitet eller ens j\u00e4mn kvalitet. Genom att anv\u00e4nda en liknande press och f\u00e4rg kan vem som helst replikera ett orange Tesla ecstasy-piller.<\/p>\n","protected":false},"excerpt":{"rendered":"<p>K\u00f6p Orange Tesla Ecstasy Pills till salu Europa, Storbritannien. K\u00f6p Ecstasy Online, Ecstasy-s\u00e4ljare, Best\u00e4ll ecstasy-piller online, vi hanterar de mest rena och b\u00e4sta produkterna.<\/p>\n<p>P\u00e5 b\u00e4sta globala mediciner\u00a0kan du k\u00f6pa \u00e4kta Tesla Ecstasy-piller till ett \u00f6verkomligt pris. Alla produkter \u00e4r laboratorietestade och av h\u00f6gsta kvalitet.<\/p>\n","protected":false},"featured_media":4589,"comment_status":"open","ping_status":"closed","template":"","meta":[],"product_brand":[],"product_cat":[498],"product_tag":[554,555,556,557,558,559,560,561,575,562,563,564,565,566,567,568,569,570,571,574,572,573],"class_list":{"0":"post-4576","1":"product","2":"type-product","3":"status-publish","4":"has-post-thumbnail","6":"product_cat-kop-ecstasy-piller","7":"product_tag-bl-tesla-ecstasy","8":"product_tag-bl-tesla-piller-mg","9":"product_tag-bluelight-orange-tesla-ecstasy-vs-molly","10":"product_tag-different-extacy-pills-list","11":"product_tag-ecstasy-piller-tesla-stmpel-frn-nederlnderna","12":"product_tag-ecstasy-press-piller-tesla","13":"product_tag-ecstasy-tesla","14":"product_tag-extacy-piller-bilder","15":"product_tag-gul-tesla-ecstasy-tampa","16":"product_tag-orange-tesla-2021","17":"product_tag-orange-tesla-ecstasy-mg","18":"product_tag-orange-tesla-ecstasy-piller-los-angeles-2019","19":"product_tag-orange-tesla-piller-effekter","20":"product_tag-persika-hrd-tesla-ecstasy-med-pong-p-ryggen","21":"product_tag-reddit-ecstasy-pill-rating-tesla-vs-punisher-vs","22":"product_tag-tesla-ecstasy","23":"product_tag-tesla-ecstasy-piller","24":"product_tag-tesla-ecstasy-recension","25":"product_tag-tesla-ecstasy-tampa","26":"product_tag-tesla-piller-bl","27":"product_tag-tesla-piller-bl-effekter","28":"product_tag-tesla-piller-varning","30":"first","31":"instock","32":"shipping-taxable","33":"purchasable","34":"product-type-variable","35":"has-default-attributes"},"yoast_head":"<!-- This site is optimized with the Yoast SEO plugin v27.3 - https:\/\/yoast.com\/product\/yoast-seo-wordpress\/ -->\n<title>K\u00f6p Orange Tesla Ecstasy Pills - B\u00e4sta b\u00e4sta globala medicinerna<\/title>\n<meta name=\"description\" content=\"K\u00f6p Orange Tesla Ecstasy Pills till salu Europa, Storbritannien. K\u00f6p Ecstasy Online, Ecstasy-s\u00e4ljare, Best\u00e4ll ecstasy-piller online, vi hanterar de mest rena och b\u00e4sta produkterna.\" \/>\n<meta name=\"robots\" content=\"index, follow, max-snippet:-1, max-image-preview:large, max-video-preview:-1\" \/>\n<link rel=\"canonical\" href=\"https:\/\/medicinasinc.com\/se\/product\/kop-apelsin-tesla-ecstasy-piller\/\" \/>\n<meta property=\"og:locale\" content=\"sv_SE\" \/>\n<meta property=\"og:type\" content=\"article\" \/>\n<meta property=\"og:title\" content=\"K\u00f6p Orange Tesla Ecstasy Pills - B\u00e4sta b\u00e4sta globala medicinerna\" \/>\n<meta property=\"og:description\" content=\"K\u00f6p Orange Tesla Ecstasy Pills till salu Europa, Storbritannien. K\u00f6p Ecstasy Online, Ecstasy-s\u00e4ljare, Best\u00e4ll ecstasy-piller online, vi hanterar de mest rena och b\u00e4sta produkterna.\" \/>\n<meta property=\"og:url\" content=\"https:\/\/medicinasinc.com\/se\/product\/kop-apelsin-tesla-ecstasy-piller\/\" \/>\n<meta property=\"og:site_name\" content=\"Medicinas Inc\" \/>\n<meta property=\"article:modified_time\" content=\"2022-07-04T00:19:13+00:00\" \/>\n<meta property=\"og:image\" content=\"https:\/\/medicinasinc.com\/se\/wp-content\/uploads\/sites\/16\/2022\/02\/Buy-Orange-Tesla-Ecstasy-Pills.jpg\" \/>\n\t<meta property=\"og:image:width\" content=\"747\" \/>\n\t<meta property=\"og:image:height\" content=\"560\" \/>\n\t<meta property=\"og:image:type\" content=\"image\/jpeg\" \/>\n<meta name=\"twitter:card\" content=\"summary_large_image\" \/>\n<meta name=\"twitter:label1\" content=\"Ber\u00e4knad l\u00e4stid\" \/>\n\t<meta name=\"twitter:data1\" content=\"1 minut\" \/>\n<script type=\"application\/ld+json\" class=\"yoast-schema-graph\">{\"@context\":\"https:\\\/\\\/schema.org\",\"@graph\":[{\"@type\":\"WebPage\",\"@id\":\"https:\\\/\\\/medicinasinc.com\\\/se\\\/product\\\/kop-apelsin-tesla-ecstasy-piller\\\/\",\"url\":\"https:\\\/\\\/medicinasinc.com\\\/se\\\/product\\\/kop-apelsin-tesla-ecstasy-piller\\\/\",\"name\":\"K\u00f6p Orange Tesla Ecstasy Pills - B\u00e4sta b\u00e4sta globala medicinerna\",\"isPartOf\":{\"@id\":\"https:\\\/\\\/medicinasinc.com\\\/se\\\/#website\"},\"primaryImageOfPage\":{\"@id\":\"https:\\\/\\\/medicinasinc.com\\\/se\\\/product\\\/kop-apelsin-tesla-ecstasy-piller\\\/#primaryimage\"},\"image\":{\"@id\":\"https:\\\/\\\/medicinasinc.com\\\/se\\\/product\\\/kop-apelsin-tesla-ecstasy-piller\\\/#primaryimage\"},\"thumbnailUrl\":\"https:\\\/\\\/medicinasinc.com\\\/se\\\/wp-content\\\/uploads\\\/sites\\\/16\\\/2022\\\/02\\\/Buy-Orange-Tesla-Ecstasy-Pills.jpg\",\"datePublished\":\"2022-02-20T13:20:42+00:00\",\"dateModified\":\"2022-07-04T00:19:13+00:00\",\"description\":\"K\u00f6p Orange Tesla Ecstasy Pills till salu Europa, Storbritannien. K\u00f6p Ecstasy Online, Ecstasy-s\u00e4ljare, Best\u00e4ll ecstasy-piller online, vi hanterar de mest rena och b\u00e4sta produkterna.\",\"breadcrumb\":{\"@id\":\"https:\\\/\\\/medicinasinc.com\\\/se\\\/product\\\/kop-apelsin-tesla-ecstasy-piller\\\/#breadcrumb\"},\"inLanguage\":\"sv-SE\",\"potentialAction\":[{\"@type\":\"ReadAction\",\"target\":[\"https:\\\/\\\/medicinasinc.com\\\/se\\\/product\\\/kop-apelsin-tesla-ecstasy-piller\\\/\"]}]},{\"@type\":\"ImageObject\",\"inLanguage\":\"sv-SE\",\"@id\":\"https:\\\/\\\/medicinasinc.com\\\/se\\\/product\\\/kop-apelsin-tesla-ecstasy-piller\\\/#primaryimage\",\"url\":\"https:\\\/\\\/medicinasinc.com\\\/se\\\/wp-content\\\/uploads\\\/sites\\\/16\\\/2022\\\/02\\\/Buy-Orange-Tesla-Ecstasy-Pills.jpg\",\"contentUrl\":\"https:\\\/\\\/medicinasinc.com\\\/se\\\/wp-content\\\/uploads\\\/sites\\\/16\\\/2022\\\/02\\\/Buy-Orange-Tesla-Ecstasy-Pills.jpg\",\"width\":747,\"height\":560},{\"@type\":\"BreadcrumbList\",\"@id\":\"https:\\\/\\\/medicinasinc.com\\\/se\\\/product\\\/kop-apelsin-tesla-ecstasy-piller\\\/#breadcrumb\",\"itemListElement\":[{\"@type\":\"ListItem\",\"position\":1,\"name\":\"aff\u00e4r\",\"item\":\"https:\\\/\\\/medicinasinc.com\\\/se\\\/affar\\\/\"},{\"@type\":\"ListItem\",\"position\":2,\"name\":\"K\u00f6p Orange Tesla Ecstasy Pills\"}]},{\"@type\":\"WebSite\",\"@id\":\"https:\\\/\\\/medicinasinc.com\\\/se\\\/#website\",\"url\":\"https:\\\/\\\/medicinasinc.com\\\/se\\\/\",\"name\":\"Medicinas Inc\",\"description\":\"Health Medical Clinic\",\"potentialAction\":[{\"@type\":\"SearchAction\",\"target\":{\"@type\":\"EntryPoint\",\"urlTemplate\":\"https:\\\/\\\/medicinasinc.com\\\/se\\\/?s={search_term_string}\"},\"query-input\":{\"@type\":\"PropertyValueSpecification\",\"valueRequired\":true,\"valueName\":\"search_term_string\"}}],\"inLanguage\":\"sv-SE\"}]}<\/script>\n<!-- \/ Yoast SEO plugin. -->","yoast_head_json":{"title":"K\u00f6p Orange Tesla Ecstasy Pills - B\u00e4sta b\u00e4sta globala medicinerna","description":"K\u00f6p Orange Tesla Ecstasy Pills till salu Europa, Storbritannien. K\u00f6p Ecstasy Online, Ecstasy-s\u00e4ljare, Best\u00e4ll ecstasy-piller online, vi hanterar de mest rena och b\u00e4sta produkterna.","robots":{"index":"index","follow":"follow","max-snippet":"max-snippet:-1","max-image-preview":"max-image-preview:large","max-video-preview":"max-video-preview:-1"},"canonical":"https:\/\/medicinasinc.com\/se\/product\/kop-apelsin-tesla-ecstasy-piller\/","og_locale":"sv_SE","og_type":"article","og_title":"K\u00f6p Orange Tesla Ecstasy Pills - B\u00e4sta b\u00e4sta globala medicinerna","og_description":"K\u00f6p Orange Tesla Ecstasy Pills till salu Europa, Storbritannien. K\u00f6p Ecstasy Online, Ecstasy-s\u00e4ljare, Best\u00e4ll ecstasy-piller online, vi hanterar de mest rena och b\u00e4sta produkterna.","og_url":"https:\/\/medicinasinc.com\/se\/product\/kop-apelsin-tesla-ecstasy-piller\/","og_site_name":"Medicinas Inc","article_modified_time":"2022-07-04T00:19:13+00:00","og_image":[{"width":747,"height":560,"url":"https:\/\/medicinasinc.com\/se\/wp-content\/uploads\/sites\/16\/2022\/02\/Buy-Orange-Tesla-Ecstasy-Pills.jpg","type":"image\/jpeg"}],"twitter_card":"summary_large_image","twitter_misc":{"Ber\u00e4knad l\u00e4stid":"1 minut"},"schema":{"@context":"https:\/\/schema.org","@graph":[{"@type":"WebPage","@id":"https:\/\/medicinasinc.com\/se\/product\/kop-apelsin-tesla-ecstasy-piller\/","url":"https:\/\/medicinasinc.com\/se\/product\/kop-apelsin-tesla-ecstasy-piller\/","name":"K\u00f6p Orange Tesla Ecstasy Pills - B\u00e4sta b\u00e4sta globala medicinerna","isPartOf":{"@id":"https:\/\/medicinasinc.com\/se\/#website"},"primaryImageOfPage":{"@id":"https:\/\/medicinasinc.com\/se\/product\/kop-apelsin-tesla-ecstasy-piller\/#primaryimage"},"image":{"@id":"https:\/\/medicinasinc.com\/se\/product\/kop-apelsin-tesla-ecstasy-piller\/#primaryimage"},"thumbnailUrl":"https:\/\/medicinasinc.com\/se\/wp-content\/uploads\/sites\/16\/2022\/02\/Buy-Orange-Tesla-Ecstasy-Pills.jpg","datePublished":"2022-02-20T13:20:42+00:00","dateModified":"2022-07-04T00:19:13+00:00","description":"K\u00f6p Orange Tesla Ecstasy Pills till salu Europa, Storbritannien. K\u00f6p Ecstasy Online, Ecstasy-s\u00e4ljare, Best\u00e4ll ecstasy-piller online, vi hanterar de mest rena och b\u00e4sta produkterna.","breadcrumb":{"@id":"https:\/\/medicinasinc.com\/se\/product\/kop-apelsin-tesla-ecstasy-piller\/#breadcrumb"},"inLanguage":"sv-SE","potentialAction":[{"@type":"ReadAction","target":["https:\/\/medicinasinc.com\/se\/product\/kop-apelsin-tesla-ecstasy-piller\/"]}]},{"@type":"ImageObject","inLanguage":"sv-SE","@id":"https:\/\/medicinasinc.com\/se\/product\/kop-apelsin-tesla-ecstasy-piller\/#primaryimage","url":"https:\/\/medicinasinc.com\/se\/wp-content\/uploads\/sites\/16\/2022\/02\/Buy-Orange-Tesla-Ecstasy-Pills.jpg","contentUrl":"https:\/\/medicinasinc.com\/se\/wp-content\/uploads\/sites\/16\/2022\/02\/Buy-Orange-Tesla-Ecstasy-Pills.jpg","width":747,"height":560},{"@type":"BreadcrumbList","@id":"https:\/\/medicinasinc.com\/se\/product\/kop-apelsin-tesla-ecstasy-piller\/#breadcrumb","itemListElement":[{"@type":"ListItem","position":1,"name":"aff\u00e4r","item":"https:\/\/medicinasinc.com\/se\/affar\/"},{"@type":"ListItem","position":2,"name":"K\u00f6p Orange Tesla Ecstasy Pills"}]},{"@type":"WebSite","@id":"https:\/\/medicinasinc.com\/se\/#website","url":"https:\/\/medicinasinc.com\/se\/","name":"Medicinas Inc","description":"Health Medical Clinic","potentialAction":[{"@type":"SearchAction","target":{"@type":"EntryPoint","urlTemplate":"https:\/\/medicinasinc.com\/se\/?s={search_term_string}"},"query-input":{"@type":"PropertyValueSpecification","valueRequired":true,"valueName":"search_term_string"}}],"inLanguage":"sv-SE"}]}},"_links":{"self":[{"href":"https:\/\/medicinasinc.com\/se\/wp-json\/wp\/v2\/product\/4576","targetHints":{"allow":["GET"]}}],"collection":[{"href":"https:\/\/medicinasinc.com\/se\/wp-json\/wp\/v2\/product"}],"about":[{"href":"https:\/\/medicinasinc.com\/se\/wp-json\/wp\/v2\/types\/product"}],"replies":[{"embeddable":true,"href":"https:\/\/medicinasinc.com\/se\/wp-json\/wp\/v2\/comments?post=4576"}],"wp:featuredmedia":[{"embeddable":true,"href":"https:\/\/medicinasinc.com\/se\/wp-json\/wp\/v2\/media\/4589"}],"wp:attachment":[{"href":"https:\/\/medicinasinc.com\/se\/wp-json\/wp\/v2\/media?parent=4576"}],"wp:term":[{"taxonomy":"product_brand","embeddable":true,"href":"https:\/\/medicinasinc.com\/se\/wp-json\/wp\/v2\/product_brand?post=4576"},{"taxonomy":"product_cat","embeddable":true,"href":"https:\/\/medicinasinc.com\/se\/wp-json\/wp\/v2\/product_cat?post=4576"},{"taxonomy":"product_tag","embeddable":true,"href":"https:\/\/medicinasinc.com\/se\/wp-json\/wp\/v2\/product_tag?post=4576"}],"curies":[{"name":"wp","href":"https:\/\/api.w.org\/{rel}","templated":true}]}}