{"id":4575,"date":"2022-02-20T13:20:33","date_gmt":"2022-02-20T13:20:33","guid":{"rendered":"https:\/\/medicinasinc.com\/se\/?post_type=product&#038;p=4575"},"modified":"2022-07-04T00:19:26","modified_gmt":"2022-07-04T00:19:26","slug":"kop-bla-rolex-ecstasy-piller","status":"publish","type":"product","link":"https:\/\/medicinasinc.com\/se\/product\/kop-bla-rolex-ecstasy-piller\/","title":{"rendered":"K\u00f6p Blue Rolex ecstasy-piller"},"content":{"rendered":"<p>K\u00f6p Blue Rolex ecstasy piller i bulk online.<\/p>\n<p>K\u00f6p Blue Rolex ecstasy piller i bulk online.<\/p>\n<p>Ecstasy uppfanns 1912 av Merck drogrelation. Det kallades &#8221;MDMA&#8221; p\u00e5 grund av dess nya struktur. Det anv\u00e4ndes f\u00f6rst av USA:s v\u00e4pnade styrkor 1953 f\u00f6r mentala engagemangstester, och \u00e5terkom kort p\u00e5 1960-talet som en psykoterapil\u00f6sning f\u00f6r &#8221;l\u00e4gre h\u00e4mningar&#8221;. 1 MDMA anv\u00e4ndes inte som samlingsrecept f\u00f6rr\u00e4n p\u00e5 1970-talet.<\/p>\n<p>I mitten av 1980-talet marknadsf\u00f6rdes MDMA som &#8221;det mest skummande inom tekniken med uppdraget att tillfredsst\u00e4lla m\u00e4nniskor genom vetenskap&#8221; och &#8221;i l\u00f6sning&#8221; f\u00f6r l\u00e5ngvariga fester. MDMA var fortfarande allm\u00e4nt tillg\u00e4nglig 1984 under varum\u00e4rket &#8221;Joy&#8221;, men 1985 hade medicineringen begr\u00e4nsats p\u00e5 grund av s\u00e4kerhetsproblem.<br \/> Det bl\u00e5 Rolex-pillret kan vara s\u00e4rskilt f\u00f6rdelaktigt f\u00f6r individer som upplever problem med krossningskomponenter efter bed\u00f6vning. (PTSD). M\u00e5nga patienter \u00e4r of\u00f6rm\u00f6gna att diskutera de farliga h\u00e4ndelserna som utl\u00f6ste deras problem. Uppfyllelse, spekuleras det, kan hj\u00e4lpa individer att f\u00f6rstora dessa s\u00e5r.<\/p>\n<p>Doblin, 50, \u00e4r \u200b\u200bverkligen inte en f\u00f6rberedd f\u00f6rm\u00e5ga eller en monitor; han har dock ett omfattande ansvar f\u00f6r droger, efter att ha konsumerat dem vid ett flertal tillf\u00e4llen. &#8221;Det har gjort en betydande skillnad i mitt liv&#8221;, f\u00f6rklarade han. Under de senaste \u00e5ren har han investerat i att sprida budskapet att Joy och andra energigivande droger har grundl\u00e4ggande framg\u00e5ng under idealiska f\u00f6rh\u00e5llanden.<br \/> Om du verkligen letar efter en f\u00f6rening som kan ge dig produkter av b\u00e4sta kvalitet, har du kommit till r\u00e4tt st\u00e4lle. P\u00e5 v\u00e5r stiftelse kan du v\u00e4lja de b\u00e4sta f\u00f6rem\u00e5len som hj\u00e4lper dig att bygga upp ditt f\u00f6rtroende och etablera en rimlig relation med oss \u200b\u200bp\u00e5 grund av m\u00f6jligheten f\u00f6r v\u00e5ra f\u00f6rem\u00e5l. G\u00f6r ditt k\u00f6p nu och f\u00e5 bl\u00e5bl\u00e5 Rolex-piller vid din d\u00f6rr inom fem arbetsdagar.<\/p>\n","protected":false},"excerpt":{"rendered":"<div class=\"woocommerce-product-details__short-description\">\n<p>K\u00f6p Blue Rolex ecstasy-piller Storbritannien, Europa online fr\u00e5n en p\u00e5litlig och p\u00e5litlig leverant\u00f6r, Bes\u00f6k v\u00e5r butik och f\u00e5 piller av h\u00f6gsta kvalitet och forskningskemikalier till oslagbara priser.<\/p>\n<\/p><\/div>\n","protected":false},"featured_media":4587,"comment_status":"open","ping_status":"closed","template":"","meta":[],"product_brand":[],"product_cat":[498],"product_tag":[],"class_list":{"0":"post-4575","1":"product","2":"type-product","3":"status-publish","4":"has-post-thumbnail","6":"product_cat-kop-ecstasy-piller","8":"first","9":"instock","10":"shipping-taxable","11":"purchasable","12":"product-type-variable","13":"has-default-attributes"},"yoast_head":"<!-- This site is optimized with the Yoast SEO plugin v27.3 - https:\/\/yoast.com\/product\/yoast-seo-wordpress\/ -->\n<title>K\u00f6p Blue Rolex ecstasy-piller - B\u00e4sta b\u00e4sta globala medicinerna<\/title>\n<meta name=\"description\" content=\"K\u00f6p Blue Rolex ecstasy-piller Storbritannien, Europa online fr\u00e5n en p\u00e5litlig och p\u00e5litlig leverant\u00f6r, Bes\u00f6k v\u00e5r butik och f\u00e5 piller av h\u00f6gsta kvalitet och forskningskemikalier till oslagbara priser.\" \/>\n<meta name=\"robots\" content=\"index, follow, max-snippet:-1, max-image-preview:large, max-video-preview:-1\" \/>\n<link rel=\"canonical\" href=\"https:\/\/medicinasinc.com\/se\/product\/kop-bla-rolex-ecstasy-piller\/\" \/>\n<meta property=\"og:locale\" content=\"sv_SE\" \/>\n<meta property=\"og:type\" content=\"article\" \/>\n<meta property=\"og:title\" content=\"K\u00f6p Blue Rolex ecstasy-piller - B\u00e4sta b\u00e4sta globala medicinerna\" \/>\n<meta property=\"og:description\" content=\"K\u00f6p Blue Rolex ecstasy-piller Storbritannien, Europa online fr\u00e5n en p\u00e5litlig och p\u00e5litlig leverant\u00f6r, Bes\u00f6k v\u00e5r butik och f\u00e5 piller av h\u00f6gsta kvalitet och forskningskemikalier till oslagbara priser.\" \/>\n<meta property=\"og:url\" content=\"https:\/\/medicinasinc.com\/se\/product\/kop-bla-rolex-ecstasy-piller\/\" \/>\n<meta property=\"og:site_name\" content=\"Medicinas Inc\" \/>\n<meta property=\"article:modified_time\" content=\"2022-07-04T00:19:26+00:00\" \/>\n<meta property=\"og:image\" content=\"https:\/\/medicinasinc.com\/se\/wp-content\/uploads\/sites\/16\/2022\/02\/buy-quality-blue-rolex-ecstasy-pills-online.jpg\" \/>\n\t<meta property=\"og:image:width\" content=\"600\" \/>\n\t<meta property=\"og:image:height\" content=\"600\" \/>\n\t<meta property=\"og:image:type\" content=\"image\/jpeg\" \/>\n<meta name=\"twitter:card\" content=\"summary_large_image\" \/>\n<script type=\"application\/ld+json\" class=\"yoast-schema-graph\">{\"@context\":\"https:\\\/\\\/schema.org\",\"@graph\":[{\"@type\":\"WebPage\",\"@id\":\"https:\\\/\\\/medicinasinc.com\\\/se\\\/product\\\/kop-bla-rolex-ecstasy-piller\\\/\",\"url\":\"https:\\\/\\\/medicinasinc.com\\\/se\\\/product\\\/kop-bla-rolex-ecstasy-piller\\\/\",\"name\":\"K\u00f6p Blue Rolex ecstasy-piller - B\u00e4sta b\u00e4sta globala medicinerna\",\"isPartOf\":{\"@id\":\"https:\\\/\\\/medicinasinc.com\\\/se\\\/#website\"},\"primaryImageOfPage\":{\"@id\":\"https:\\\/\\\/medicinasinc.com\\\/se\\\/product\\\/kop-bla-rolex-ecstasy-piller\\\/#primaryimage\"},\"image\":{\"@id\":\"https:\\\/\\\/medicinasinc.com\\\/se\\\/product\\\/kop-bla-rolex-ecstasy-piller\\\/#primaryimage\"},\"thumbnailUrl\":\"https:\\\/\\\/medicinasinc.com\\\/se\\\/wp-content\\\/uploads\\\/sites\\\/16\\\/2022\\\/02\\\/buy-quality-blue-rolex-ecstasy-pills-online.jpg\",\"datePublished\":\"2022-02-20T13:20:33+00:00\",\"dateModified\":\"2022-07-04T00:19:26+00:00\",\"description\":\"K\u00f6p Blue Rolex ecstasy-piller Storbritannien, Europa online fr\u00e5n en p\u00e5litlig och p\u00e5litlig leverant\u00f6r, Bes\u00f6k v\u00e5r butik och f\u00e5 piller av h\u00f6gsta kvalitet och forskningskemikalier till oslagbara priser.\",\"breadcrumb\":{\"@id\":\"https:\\\/\\\/medicinasinc.com\\\/se\\\/product\\\/kop-bla-rolex-ecstasy-piller\\\/#breadcrumb\"},\"inLanguage\":\"sv-SE\",\"potentialAction\":[{\"@type\":\"ReadAction\",\"target\":[\"https:\\\/\\\/medicinasinc.com\\\/se\\\/product\\\/kop-bla-rolex-ecstasy-piller\\\/\"]}]},{\"@type\":\"ImageObject\",\"inLanguage\":\"sv-SE\",\"@id\":\"https:\\\/\\\/medicinasinc.com\\\/se\\\/product\\\/kop-bla-rolex-ecstasy-piller\\\/#primaryimage\",\"url\":\"https:\\\/\\\/medicinasinc.com\\\/se\\\/wp-content\\\/uploads\\\/sites\\\/16\\\/2022\\\/02\\\/buy-quality-blue-rolex-ecstasy-pills-online.jpg\",\"contentUrl\":\"https:\\\/\\\/medicinasinc.com\\\/se\\\/wp-content\\\/uploads\\\/sites\\\/16\\\/2022\\\/02\\\/buy-quality-blue-rolex-ecstasy-pills-online.jpg\",\"width\":600,\"height\":600},{\"@type\":\"BreadcrumbList\",\"@id\":\"https:\\\/\\\/medicinasinc.com\\\/se\\\/product\\\/kop-bla-rolex-ecstasy-piller\\\/#breadcrumb\",\"itemListElement\":[{\"@type\":\"ListItem\",\"position\":1,\"name\":\"aff\u00e4r\",\"item\":\"https:\\\/\\\/medicinasinc.com\\\/se\\\/affar\\\/\"},{\"@type\":\"ListItem\",\"position\":2,\"name\":\"K\u00f6p Blue Rolex ecstasy-piller\"}]},{\"@type\":\"WebSite\",\"@id\":\"https:\\\/\\\/medicinasinc.com\\\/se\\\/#website\",\"url\":\"https:\\\/\\\/medicinasinc.com\\\/se\\\/\",\"name\":\"Medicinas Inc\",\"description\":\"Health Medical Clinic\",\"potentialAction\":[{\"@type\":\"SearchAction\",\"target\":{\"@type\":\"EntryPoint\",\"urlTemplate\":\"https:\\\/\\\/medicinasinc.com\\\/se\\\/?s={search_term_string}\"},\"query-input\":{\"@type\":\"PropertyValueSpecification\",\"valueRequired\":true,\"valueName\":\"search_term_string\"}}],\"inLanguage\":\"sv-SE\"}]}<\/script>\n<!-- \/ Yoast SEO plugin. -->","yoast_head_json":{"title":"K\u00f6p Blue Rolex ecstasy-piller - B\u00e4sta b\u00e4sta globala medicinerna","description":"K\u00f6p Blue Rolex ecstasy-piller Storbritannien, Europa online fr\u00e5n en p\u00e5litlig och p\u00e5litlig leverant\u00f6r, Bes\u00f6k v\u00e5r butik och f\u00e5 piller av h\u00f6gsta kvalitet och forskningskemikalier till oslagbara priser.","robots":{"index":"index","follow":"follow","max-snippet":"max-snippet:-1","max-image-preview":"max-image-preview:large","max-video-preview":"max-video-preview:-1"},"canonical":"https:\/\/medicinasinc.com\/se\/product\/kop-bla-rolex-ecstasy-piller\/","og_locale":"sv_SE","og_type":"article","og_title":"K\u00f6p Blue Rolex ecstasy-piller - B\u00e4sta b\u00e4sta globala medicinerna","og_description":"K\u00f6p Blue Rolex ecstasy-piller Storbritannien, Europa online fr\u00e5n en p\u00e5litlig och p\u00e5litlig leverant\u00f6r, Bes\u00f6k v\u00e5r butik och f\u00e5 piller av h\u00f6gsta kvalitet och forskningskemikalier till oslagbara priser.","og_url":"https:\/\/medicinasinc.com\/se\/product\/kop-bla-rolex-ecstasy-piller\/","og_site_name":"Medicinas Inc","article_modified_time":"2022-07-04T00:19:26+00:00","og_image":[{"width":600,"height":600,"url":"https:\/\/medicinasinc.com\/se\/wp-content\/uploads\/sites\/16\/2022\/02\/buy-quality-blue-rolex-ecstasy-pills-online.jpg","type":"image\/jpeg"}],"twitter_card":"summary_large_image","schema":{"@context":"https:\/\/schema.org","@graph":[{"@type":"WebPage","@id":"https:\/\/medicinasinc.com\/se\/product\/kop-bla-rolex-ecstasy-piller\/","url":"https:\/\/medicinasinc.com\/se\/product\/kop-bla-rolex-ecstasy-piller\/","name":"K\u00f6p Blue Rolex ecstasy-piller - B\u00e4sta b\u00e4sta globala medicinerna","isPartOf":{"@id":"https:\/\/medicinasinc.com\/se\/#website"},"primaryImageOfPage":{"@id":"https:\/\/medicinasinc.com\/se\/product\/kop-bla-rolex-ecstasy-piller\/#primaryimage"},"image":{"@id":"https:\/\/medicinasinc.com\/se\/product\/kop-bla-rolex-ecstasy-piller\/#primaryimage"},"thumbnailUrl":"https:\/\/medicinasinc.com\/se\/wp-content\/uploads\/sites\/16\/2022\/02\/buy-quality-blue-rolex-ecstasy-pills-online.jpg","datePublished":"2022-02-20T13:20:33+00:00","dateModified":"2022-07-04T00:19:26+00:00","description":"K\u00f6p Blue Rolex ecstasy-piller Storbritannien, Europa online fr\u00e5n en p\u00e5litlig och p\u00e5litlig leverant\u00f6r, Bes\u00f6k v\u00e5r butik och f\u00e5 piller av h\u00f6gsta kvalitet och forskningskemikalier till oslagbara priser.","breadcrumb":{"@id":"https:\/\/medicinasinc.com\/se\/product\/kop-bla-rolex-ecstasy-piller\/#breadcrumb"},"inLanguage":"sv-SE","potentialAction":[{"@type":"ReadAction","target":["https:\/\/medicinasinc.com\/se\/product\/kop-bla-rolex-ecstasy-piller\/"]}]},{"@type":"ImageObject","inLanguage":"sv-SE","@id":"https:\/\/medicinasinc.com\/se\/product\/kop-bla-rolex-ecstasy-piller\/#primaryimage","url":"https:\/\/medicinasinc.com\/se\/wp-content\/uploads\/sites\/16\/2022\/02\/buy-quality-blue-rolex-ecstasy-pills-online.jpg","contentUrl":"https:\/\/medicinasinc.com\/se\/wp-content\/uploads\/sites\/16\/2022\/02\/buy-quality-blue-rolex-ecstasy-pills-online.jpg","width":600,"height":600},{"@type":"BreadcrumbList","@id":"https:\/\/medicinasinc.com\/se\/product\/kop-bla-rolex-ecstasy-piller\/#breadcrumb","itemListElement":[{"@type":"ListItem","position":1,"name":"aff\u00e4r","item":"https:\/\/medicinasinc.com\/se\/affar\/"},{"@type":"ListItem","position":2,"name":"K\u00f6p Blue Rolex ecstasy-piller"}]},{"@type":"WebSite","@id":"https:\/\/medicinasinc.com\/se\/#website","url":"https:\/\/medicinasinc.com\/se\/","name":"Medicinas Inc","description":"Health Medical Clinic","potentialAction":[{"@type":"SearchAction","target":{"@type":"EntryPoint","urlTemplate":"https:\/\/medicinasinc.com\/se\/?s={search_term_string}"},"query-input":{"@type":"PropertyValueSpecification","valueRequired":true,"valueName":"search_term_string"}}],"inLanguage":"sv-SE"}]}},"_links":{"self":[{"href":"https:\/\/medicinasinc.com\/se\/wp-json\/wp\/v2\/product\/4575","targetHints":{"allow":["GET"]}}],"collection":[{"href":"https:\/\/medicinasinc.com\/se\/wp-json\/wp\/v2\/product"}],"about":[{"href":"https:\/\/medicinasinc.com\/se\/wp-json\/wp\/v2\/types\/product"}],"replies":[{"embeddable":true,"href":"https:\/\/medicinasinc.com\/se\/wp-json\/wp\/v2\/comments?post=4575"}],"wp:featuredmedia":[{"embeddable":true,"href":"https:\/\/medicinasinc.com\/se\/wp-json\/wp\/v2\/media\/4587"}],"wp:attachment":[{"href":"https:\/\/medicinasinc.com\/se\/wp-json\/wp\/v2\/media?parent=4575"}],"wp:term":[{"taxonomy":"product_brand","embeddable":true,"href":"https:\/\/medicinasinc.com\/se\/wp-json\/wp\/v2\/product_brand?post=4575"},{"taxonomy":"product_cat","embeddable":true,"href":"https:\/\/medicinasinc.com\/se\/wp-json\/wp\/v2\/product_cat?post=4575"},{"taxonomy":"product_tag","embeddable":true,"href":"https:\/\/medicinasinc.com\/se\/wp-json\/wp\/v2\/product_tag?post=4575"}],"curies":[{"name":"wp","href":"https:\/\/api.w.org\/{rel}","templated":true}]}}