{"id":4553,"date":"2022-02-20T10:45:15","date_gmt":"2022-02-20T10:45:15","guid":{"rendered":"https:\/\/medicinasinc.com\/se\/?post_type=product&#038;p=4553"},"modified":"2022-07-04T00:19:35","modified_gmt":"2022-07-04T00:19:35","slug":"kop-rosa-flugels-250mg-ecstasy-piller","status":"publish","type":"product","link":"https:\/\/medicinasinc.com\/se\/product\/kop-rosa-flugels-250mg-ecstasy-piller\/","title":{"rendered":"K\u00f6p rosa flygels 250mg ecstasy-piller"},"content":{"rendered":"<p>Onlinek\u00f6p av rosa flygel 250mg ecstasy piller<\/p>\n<p>rosa flygel, rosa flygel pill rapport, vad \u00e4r rosa flygel, rosa flygel piller, rosa flygel ecstasy och hur mycket mdma \u00e4r i rosa flygel<\/p>\n<div class=\"product-next-previous\">\n<div class=\"product-prev\"><\/div><\/div>\n","protected":false},"excerpt":{"rendered":"<p>K\u00f6p rosa flygels 250mg ecstasy-piller online.<\/p>\n<p><em>K\u00f6p Pink Flugels 250mg<\/em>\u00a0XTC\u00a0<em>Piller<\/em>\u00a0till b\u00e4sta marknadspris. Alla v\u00e5ra produkter \u00e4r gjorda av rena naturliga ingredienser fria fr\u00e5n THC. Best\u00e4ll online nu!<\/p>\n","protected":false},"featured_media":4571,"comment_status":"open","ping_status":"closed","template":"","meta":[],"product_brand":[],"product_cat":[498],"product_tag":[548,549,552,551,550,553],"class_list":{"0":"post-4553","1":"product","2":"type-product","3":"status-publish","4":"has-post-thumbnail","6":"product_cat-kop-ecstasy-piller","7":"product_tag-hur-mycket-mdma-r-i-rosa-flugels","8":"product_tag-piller-rapport-rosa-flugels","9":"product_tag-rosa-vingpiller","10":"product_tag-rosa-flugels-ecstasy","11":"product_tag-rosa-vingar","12":"product_tag-vad-r-rosa-flugels","14":"first","15":"instock","16":"shipping-taxable","17":"purchasable","18":"product-type-variable","19":"has-default-attributes"},"yoast_head":"<!-- This site is optimized with the Yoast SEO plugin v27.3 - https:\/\/yoast.com\/product\/yoast-seo-wordpress\/ -->\n<title>K\u00f6p rosa flygels 250mg ecstasy-piller - B\u00e4sta b\u00e4sta globala medicinerna<\/title>\n<meta name=\"description\" content=\"K\u00f6p Pink Flugels 250mg XTC Pills Storbritannien, Europa till b\u00e4sta marknadspris. Alla v\u00e5ra produkter \u00e4r gjorda av rena naturliga ingredienser fria fr\u00e5n THC. Best\u00e4ll online nu!\" \/>\n<meta name=\"robots\" content=\"index, follow, max-snippet:-1, max-image-preview:large, max-video-preview:-1\" \/>\n<link rel=\"canonical\" href=\"https:\/\/medicinasinc.com\/se\/product\/kop-rosa-flugels-250mg-ecstasy-piller\/\" \/>\n<meta property=\"og:locale\" content=\"sv_SE\" \/>\n<meta property=\"og:type\" content=\"article\" \/>\n<meta property=\"og:title\" content=\"K\u00f6p rosa flygels 250mg ecstasy-piller - B\u00e4sta b\u00e4sta globala medicinerna\" \/>\n<meta property=\"og:description\" content=\"K\u00f6p Pink Flugels 250mg XTC Pills Storbritannien, Europa till b\u00e4sta marknadspris. Alla v\u00e5ra produkter \u00e4r gjorda av rena naturliga ingredienser fria fr\u00e5n THC. Best\u00e4ll online nu!\" \/>\n<meta property=\"og:url\" content=\"https:\/\/medicinasinc.com\/se\/product\/kop-rosa-flugels-250mg-ecstasy-piller\/\" \/>\n<meta property=\"og:site_name\" content=\"Medicinas Inc\" \/>\n<meta property=\"article:modified_time\" content=\"2022-07-04T00:19:35+00:00\" \/>\n<meta property=\"og:image\" content=\"https:\/\/medicinasinc.com\/se\/wp-content\/uploads\/sites\/16\/2022\/02\/buy-pink-flugels-250mg-ecstasy-pills-online.jpg\" \/>\n\t<meta property=\"og:image:width\" content=\"600\" \/>\n\t<meta property=\"og:image:height\" content=\"600\" \/>\n\t<meta property=\"og:image:type\" content=\"image\/jpeg\" \/>\n<meta name=\"twitter:card\" content=\"summary_large_image\" \/>\n<meta name=\"twitter:label1\" content=\"Ber\u00e4knad l\u00e4stid\" \/>\n\t<meta name=\"twitter:data1\" content=\"1 minut\" \/>\n<script type=\"application\/ld+json\" class=\"yoast-schema-graph\">{\"@context\":\"https:\\\/\\\/schema.org\",\"@graph\":[{\"@type\":\"WebPage\",\"@id\":\"https:\\\/\\\/medicinasinc.com\\\/se\\\/product\\\/kop-rosa-flugels-250mg-ecstasy-piller\\\/\",\"url\":\"https:\\\/\\\/medicinasinc.com\\\/se\\\/product\\\/kop-rosa-flugels-250mg-ecstasy-piller\\\/\",\"name\":\"K\u00f6p rosa flygels 250mg ecstasy-piller - B\u00e4sta b\u00e4sta globala medicinerna\",\"isPartOf\":{\"@id\":\"https:\\\/\\\/medicinasinc.com\\\/se\\\/#website\"},\"primaryImageOfPage\":{\"@id\":\"https:\\\/\\\/medicinasinc.com\\\/se\\\/product\\\/kop-rosa-flugels-250mg-ecstasy-piller\\\/#primaryimage\"},\"image\":{\"@id\":\"https:\\\/\\\/medicinasinc.com\\\/se\\\/product\\\/kop-rosa-flugels-250mg-ecstasy-piller\\\/#primaryimage\"},\"thumbnailUrl\":\"https:\\\/\\\/medicinasinc.com\\\/se\\\/wp-content\\\/uploads\\\/sites\\\/16\\\/2022\\\/02\\\/buy-pink-flugels-250mg-ecstasy-pills-online.jpg\",\"datePublished\":\"2022-02-20T10:45:15+00:00\",\"dateModified\":\"2022-07-04T00:19:35+00:00\",\"description\":\"K\u00f6p Pink Flugels 250mg XTC Pills Storbritannien, Europa till b\u00e4sta marknadspris. Alla v\u00e5ra produkter \u00e4r gjorda av rena naturliga ingredienser fria fr\u00e5n THC. Best\u00e4ll online nu!\",\"breadcrumb\":{\"@id\":\"https:\\\/\\\/medicinasinc.com\\\/se\\\/product\\\/kop-rosa-flugels-250mg-ecstasy-piller\\\/#breadcrumb\"},\"inLanguage\":\"sv-SE\",\"potentialAction\":[{\"@type\":\"ReadAction\",\"target\":[\"https:\\\/\\\/medicinasinc.com\\\/se\\\/product\\\/kop-rosa-flugels-250mg-ecstasy-piller\\\/\"]}]},{\"@type\":\"ImageObject\",\"inLanguage\":\"sv-SE\",\"@id\":\"https:\\\/\\\/medicinasinc.com\\\/se\\\/product\\\/kop-rosa-flugels-250mg-ecstasy-piller\\\/#primaryimage\",\"url\":\"https:\\\/\\\/medicinasinc.com\\\/se\\\/wp-content\\\/uploads\\\/sites\\\/16\\\/2022\\\/02\\\/buy-pink-flugels-250mg-ecstasy-pills-online.jpg\",\"contentUrl\":\"https:\\\/\\\/medicinasinc.com\\\/se\\\/wp-content\\\/uploads\\\/sites\\\/16\\\/2022\\\/02\\\/buy-pink-flugels-250mg-ecstasy-pills-online.jpg\",\"width\":600,\"height\":600},{\"@type\":\"BreadcrumbList\",\"@id\":\"https:\\\/\\\/medicinasinc.com\\\/se\\\/product\\\/kop-rosa-flugels-250mg-ecstasy-piller\\\/#breadcrumb\",\"itemListElement\":[{\"@type\":\"ListItem\",\"position\":1,\"name\":\"aff\u00e4r\",\"item\":\"https:\\\/\\\/medicinasinc.com\\\/se\\\/affar\\\/\"},{\"@type\":\"ListItem\",\"position\":2,\"name\":\"K\u00f6p rosa flygels 250mg ecstasy-piller\"}]},{\"@type\":\"WebSite\",\"@id\":\"https:\\\/\\\/medicinasinc.com\\\/se\\\/#website\",\"url\":\"https:\\\/\\\/medicinasinc.com\\\/se\\\/\",\"name\":\"Medicinas Inc\",\"description\":\"Health Medical Clinic\",\"potentialAction\":[{\"@type\":\"SearchAction\",\"target\":{\"@type\":\"EntryPoint\",\"urlTemplate\":\"https:\\\/\\\/medicinasinc.com\\\/se\\\/?s={search_term_string}\"},\"query-input\":{\"@type\":\"PropertyValueSpecification\",\"valueRequired\":true,\"valueName\":\"search_term_string\"}}],\"inLanguage\":\"sv-SE\"}]}<\/script>\n<!-- \/ Yoast SEO plugin. -->","yoast_head_json":{"title":"K\u00f6p rosa flygels 250mg ecstasy-piller - B\u00e4sta b\u00e4sta globala medicinerna","description":"K\u00f6p Pink Flugels 250mg XTC Pills Storbritannien, Europa till b\u00e4sta marknadspris. Alla v\u00e5ra produkter \u00e4r gjorda av rena naturliga ingredienser fria fr\u00e5n THC. Best\u00e4ll online nu!","robots":{"index":"index","follow":"follow","max-snippet":"max-snippet:-1","max-image-preview":"max-image-preview:large","max-video-preview":"max-video-preview:-1"},"canonical":"https:\/\/medicinasinc.com\/se\/product\/kop-rosa-flugels-250mg-ecstasy-piller\/","og_locale":"sv_SE","og_type":"article","og_title":"K\u00f6p rosa flygels 250mg ecstasy-piller - B\u00e4sta b\u00e4sta globala medicinerna","og_description":"K\u00f6p Pink Flugels 250mg XTC Pills Storbritannien, Europa till b\u00e4sta marknadspris. Alla v\u00e5ra produkter \u00e4r gjorda av rena naturliga ingredienser fria fr\u00e5n THC. Best\u00e4ll online nu!","og_url":"https:\/\/medicinasinc.com\/se\/product\/kop-rosa-flugels-250mg-ecstasy-piller\/","og_site_name":"Medicinas Inc","article_modified_time":"2022-07-04T00:19:35+00:00","og_image":[{"width":600,"height":600,"url":"https:\/\/medicinasinc.com\/se\/wp-content\/uploads\/sites\/16\/2022\/02\/buy-pink-flugels-250mg-ecstasy-pills-online.jpg","type":"image\/jpeg"}],"twitter_card":"summary_large_image","twitter_misc":{"Ber\u00e4knad l\u00e4stid":"1 minut"},"schema":{"@context":"https:\/\/schema.org","@graph":[{"@type":"WebPage","@id":"https:\/\/medicinasinc.com\/se\/product\/kop-rosa-flugels-250mg-ecstasy-piller\/","url":"https:\/\/medicinasinc.com\/se\/product\/kop-rosa-flugels-250mg-ecstasy-piller\/","name":"K\u00f6p rosa flygels 250mg ecstasy-piller - B\u00e4sta b\u00e4sta globala medicinerna","isPartOf":{"@id":"https:\/\/medicinasinc.com\/se\/#website"},"primaryImageOfPage":{"@id":"https:\/\/medicinasinc.com\/se\/product\/kop-rosa-flugels-250mg-ecstasy-piller\/#primaryimage"},"image":{"@id":"https:\/\/medicinasinc.com\/se\/product\/kop-rosa-flugels-250mg-ecstasy-piller\/#primaryimage"},"thumbnailUrl":"https:\/\/medicinasinc.com\/se\/wp-content\/uploads\/sites\/16\/2022\/02\/buy-pink-flugels-250mg-ecstasy-pills-online.jpg","datePublished":"2022-02-20T10:45:15+00:00","dateModified":"2022-07-04T00:19:35+00:00","description":"K\u00f6p Pink Flugels 250mg XTC Pills Storbritannien, Europa till b\u00e4sta marknadspris. Alla v\u00e5ra produkter \u00e4r gjorda av rena naturliga ingredienser fria fr\u00e5n THC. Best\u00e4ll online nu!","breadcrumb":{"@id":"https:\/\/medicinasinc.com\/se\/product\/kop-rosa-flugels-250mg-ecstasy-piller\/#breadcrumb"},"inLanguage":"sv-SE","potentialAction":[{"@type":"ReadAction","target":["https:\/\/medicinasinc.com\/se\/product\/kop-rosa-flugels-250mg-ecstasy-piller\/"]}]},{"@type":"ImageObject","inLanguage":"sv-SE","@id":"https:\/\/medicinasinc.com\/se\/product\/kop-rosa-flugels-250mg-ecstasy-piller\/#primaryimage","url":"https:\/\/medicinasinc.com\/se\/wp-content\/uploads\/sites\/16\/2022\/02\/buy-pink-flugels-250mg-ecstasy-pills-online.jpg","contentUrl":"https:\/\/medicinasinc.com\/se\/wp-content\/uploads\/sites\/16\/2022\/02\/buy-pink-flugels-250mg-ecstasy-pills-online.jpg","width":600,"height":600},{"@type":"BreadcrumbList","@id":"https:\/\/medicinasinc.com\/se\/product\/kop-rosa-flugels-250mg-ecstasy-piller\/#breadcrumb","itemListElement":[{"@type":"ListItem","position":1,"name":"aff\u00e4r","item":"https:\/\/medicinasinc.com\/se\/affar\/"},{"@type":"ListItem","position":2,"name":"K\u00f6p rosa flygels 250mg ecstasy-piller"}]},{"@type":"WebSite","@id":"https:\/\/medicinasinc.com\/se\/#website","url":"https:\/\/medicinasinc.com\/se\/","name":"Medicinas Inc","description":"Health Medical Clinic","potentialAction":[{"@type":"SearchAction","target":{"@type":"EntryPoint","urlTemplate":"https:\/\/medicinasinc.com\/se\/?s={search_term_string}"},"query-input":{"@type":"PropertyValueSpecification","valueRequired":true,"valueName":"search_term_string"}}],"inLanguage":"sv-SE"}]}},"_links":{"self":[{"href":"https:\/\/medicinasinc.com\/se\/wp-json\/wp\/v2\/product\/4553","targetHints":{"allow":["GET"]}}],"collection":[{"href":"https:\/\/medicinasinc.com\/se\/wp-json\/wp\/v2\/product"}],"about":[{"href":"https:\/\/medicinasinc.com\/se\/wp-json\/wp\/v2\/types\/product"}],"replies":[{"embeddable":true,"href":"https:\/\/medicinasinc.com\/se\/wp-json\/wp\/v2\/comments?post=4553"}],"wp:featuredmedia":[{"embeddable":true,"href":"https:\/\/medicinasinc.com\/se\/wp-json\/wp\/v2\/media\/4571"}],"wp:attachment":[{"href":"https:\/\/medicinasinc.com\/se\/wp-json\/wp\/v2\/media?parent=4553"}],"wp:term":[{"taxonomy":"product_brand","embeddable":true,"href":"https:\/\/medicinasinc.com\/se\/wp-json\/wp\/v2\/product_brand?post=4553"},{"taxonomy":"product_cat","embeddable":true,"href":"https:\/\/medicinasinc.com\/se\/wp-json\/wp\/v2\/product_cat?post=4553"},{"taxonomy":"product_tag","embeddable":true,"href":"https:\/\/medicinasinc.com\/se\/wp-json\/wp\/v2\/product_tag?post=4553"}],"curies":[{"name":"wp","href":"https:\/\/api.w.org\/{rel}","templated":true}]}}