{"id":4552,"date":"2022-02-20T10:44:10","date_gmt":"2022-02-20T10:44:10","guid":{"rendered":"https:\/\/medicinasinc.com\/se\/?post_type=product&#038;p=4552"},"modified":"2022-07-04T00:19:47","modified_gmt":"2022-07-04T00:19:47","slug":"kopa-pablo-escobar-ecstasy-piller","status":"publish","type":"product","link":"https:\/\/medicinasinc.com\/se\/product\/kopa-pablo-escobar-ecstasy-piller\/","title":{"rendered":"K\u00f6p Pablo Escobar ecstasy-piller"},"content":{"rendered":"<h1>K\u00f6p Pablo Escobar ecstasy-piller online.<\/h1>\n<p>k\u00f6p Pablo Escobar\u00a0ecstasy\u00a0piller online.<\/p>\n<p>K\u00f6p mest s\u00e5lda\u00a0<a href=\"https:\/\/globalhomemed.com\/product\/buy -mdma-pills\/\">Extas<\/a>.<\/p>\n<div class=\"product-next-previous\">\n<div class=\"product-prev\"><\/div><\/div>\n","protected":false},"excerpt":{"rendered":"<p>K\u00f6p Pablo Escobar Ecstasy Pills UK, Europe Online till ett \u00f6verkomligt pris till Best Global Med! Alla produkter \u00e4r labbkvalificerade och har premiumkvalitet.<\/p>\n<p>K\u00f6p Pablo Escobar ecstasy-piller online. <strong>inneh\u00e5ller mer \u00e4n 120 mg\u00a0<em>MDMA<\/em><\/strong><\/p>\n<p>&nbsp;<\/p>\n","protected":false},"featured_media":4568,"comment_status":"open","ping_status":"closed","template":"","meta":[],"product_brand":[],"product_cat":[498],"product_tag":[],"class_list":{"0":"post-4552","1":"product","2":"type-product","3":"status-publish","4":"has-post-thumbnail","6":"product_cat-kop-ecstasy-piller","8":"first","9":"instock","10":"shipping-taxable","11":"purchasable","12":"product-type-variable","13":"has-default-attributes"},"yoast_head":"<!-- This site is optimized with the Yoast SEO plugin v27.3 - https:\/\/yoast.com\/product\/yoast-seo-wordpress\/ -->\n<title>K\u00f6p Pablo Escobar ecstasy piller Online - Best Best Global Meds<\/title>\n<meta name=\"description\" content=\"K\u00f6p Pablo Escobar Ecstasy Pills UK, Europe Online till ett \u00f6verkomligt pris p\u00e5 Best Global Med! Alla produkter \u00e4r labbkvalificerade och har premiumkvalitet.\" \/>\n<meta name=\"robots\" content=\"index, follow, max-snippet:-1, max-image-preview:large, max-video-preview:-1\" \/>\n<link rel=\"canonical\" href=\"https:\/\/medicinasinc.com\/se\/product\/kopa-pablo-escobar-ecstasy-piller\/\" \/>\n<meta property=\"og:locale\" content=\"sv_SE\" \/>\n<meta property=\"og:type\" content=\"article\" \/>\n<meta property=\"og:title\" content=\"K\u00f6p Pablo Escobar ecstasy piller Online - Best Best Global Meds\" \/>\n<meta property=\"og:description\" content=\"K\u00f6p Pablo Escobar Ecstasy Pills UK, Europe Online till ett \u00f6verkomligt pris p\u00e5 Best Global Med! Alla produkter \u00e4r labbkvalificerade och har premiumkvalitet.\" \/>\n<meta property=\"og:url\" content=\"https:\/\/medicinasinc.com\/se\/product\/kopa-pablo-escobar-ecstasy-piller\/\" \/>\n<meta property=\"og:site_name\" content=\"Medicinas Inc\" \/>\n<meta property=\"article:modified_time\" content=\"2022-07-04T00:19:47+00:00\" \/>\n<meta property=\"og:image\" content=\"https:\/\/medicinasinc.com\/se\/wp-content\/uploads\/sites\/16\/2022\/02\/buy-pablo-escobar-ecstasy-pills-online.jpg\" \/>\n\t<meta property=\"og:image:width\" content=\"600\" \/>\n\t<meta property=\"og:image:height\" content=\"600\" \/>\n\t<meta property=\"og:image:type\" content=\"image\/jpeg\" \/>\n<meta name=\"twitter:card\" content=\"summary_large_image\" \/>\n<meta name=\"twitter:label1\" content=\"Ber\u00e4knad l\u00e4stid\" \/>\n\t<meta name=\"twitter:data1\" content=\"1 minut\" \/>\n<script type=\"application\/ld+json\" class=\"yoast-schema-graph\">{\"@context\":\"https:\\\/\\\/schema.org\",\"@graph\":[{\"@type\":\"WebPage\",\"@id\":\"https:\\\/\\\/medicinasinc.com\\\/se\\\/product\\\/kopa-pablo-escobar-ecstasy-piller\\\/\",\"url\":\"https:\\\/\\\/medicinasinc.com\\\/se\\\/product\\\/kopa-pablo-escobar-ecstasy-piller\\\/\",\"name\":\"K\u00f6p Pablo Escobar ecstasy piller Online - Best Best Global Meds\",\"isPartOf\":{\"@id\":\"https:\\\/\\\/medicinasinc.com\\\/se\\\/#website\"},\"primaryImageOfPage\":{\"@id\":\"https:\\\/\\\/medicinasinc.com\\\/se\\\/product\\\/kopa-pablo-escobar-ecstasy-piller\\\/#primaryimage\"},\"image\":{\"@id\":\"https:\\\/\\\/medicinasinc.com\\\/se\\\/product\\\/kopa-pablo-escobar-ecstasy-piller\\\/#primaryimage\"},\"thumbnailUrl\":\"https:\\\/\\\/medicinasinc.com\\\/se\\\/wp-content\\\/uploads\\\/sites\\\/16\\\/2022\\\/02\\\/buy-pablo-escobar-ecstasy-pills-online.jpg\",\"datePublished\":\"2022-02-20T10:44:10+00:00\",\"dateModified\":\"2022-07-04T00:19:47+00:00\",\"description\":\"K\u00f6p Pablo Escobar Ecstasy Pills UK, Europe Online till ett \u00f6verkomligt pris p\u00e5 Best Global Med! Alla produkter \u00e4r labbkvalificerade och har premiumkvalitet.\",\"breadcrumb\":{\"@id\":\"https:\\\/\\\/medicinasinc.com\\\/se\\\/product\\\/kopa-pablo-escobar-ecstasy-piller\\\/#breadcrumb\"},\"inLanguage\":\"sv-SE\",\"potentialAction\":[{\"@type\":\"ReadAction\",\"target\":[\"https:\\\/\\\/medicinasinc.com\\\/se\\\/product\\\/kopa-pablo-escobar-ecstasy-piller\\\/\"]}]},{\"@type\":\"ImageObject\",\"inLanguage\":\"sv-SE\",\"@id\":\"https:\\\/\\\/medicinasinc.com\\\/se\\\/product\\\/kopa-pablo-escobar-ecstasy-piller\\\/#primaryimage\",\"url\":\"https:\\\/\\\/medicinasinc.com\\\/se\\\/wp-content\\\/uploads\\\/sites\\\/16\\\/2022\\\/02\\\/buy-pablo-escobar-ecstasy-pills-online.jpg\",\"contentUrl\":\"https:\\\/\\\/medicinasinc.com\\\/se\\\/wp-content\\\/uploads\\\/sites\\\/16\\\/2022\\\/02\\\/buy-pablo-escobar-ecstasy-pills-online.jpg\",\"width\":600,\"height\":600},{\"@type\":\"BreadcrumbList\",\"@id\":\"https:\\\/\\\/medicinasinc.com\\\/se\\\/product\\\/kopa-pablo-escobar-ecstasy-piller\\\/#breadcrumb\",\"itemListElement\":[{\"@type\":\"ListItem\",\"position\":1,\"name\":\"aff\u00e4r\",\"item\":\"https:\\\/\\\/medicinasinc.com\\\/se\\\/affar\\\/\"},{\"@type\":\"ListItem\",\"position\":2,\"name\":\"K\u00f6p Pablo Escobar ecstasy-piller\"}]},{\"@type\":\"WebSite\",\"@id\":\"https:\\\/\\\/medicinasinc.com\\\/se\\\/#website\",\"url\":\"https:\\\/\\\/medicinasinc.com\\\/se\\\/\",\"name\":\"Medicinas Inc\",\"description\":\"Health Medical Clinic\",\"potentialAction\":[{\"@type\":\"SearchAction\",\"target\":{\"@type\":\"EntryPoint\",\"urlTemplate\":\"https:\\\/\\\/medicinasinc.com\\\/se\\\/?s={search_term_string}\"},\"query-input\":{\"@type\":\"PropertyValueSpecification\",\"valueRequired\":true,\"valueName\":\"search_term_string\"}}],\"inLanguage\":\"sv-SE\"}]}<\/script>\n<!-- \/ Yoast SEO plugin. -->","yoast_head_json":{"title":"K\u00f6p Pablo Escobar ecstasy piller Online - Best Best Global Meds","description":"K\u00f6p Pablo Escobar Ecstasy Pills UK, Europe Online till ett \u00f6verkomligt pris p\u00e5 Best Global Med! Alla produkter \u00e4r labbkvalificerade och har premiumkvalitet.","robots":{"index":"index","follow":"follow","max-snippet":"max-snippet:-1","max-image-preview":"max-image-preview:large","max-video-preview":"max-video-preview:-1"},"canonical":"https:\/\/medicinasinc.com\/se\/product\/kopa-pablo-escobar-ecstasy-piller\/","og_locale":"sv_SE","og_type":"article","og_title":"K\u00f6p Pablo Escobar ecstasy piller Online - Best Best Global Meds","og_description":"K\u00f6p Pablo Escobar Ecstasy Pills UK, Europe Online till ett \u00f6verkomligt pris p\u00e5 Best Global Med! Alla produkter \u00e4r labbkvalificerade och har premiumkvalitet.","og_url":"https:\/\/medicinasinc.com\/se\/product\/kopa-pablo-escobar-ecstasy-piller\/","og_site_name":"Medicinas Inc","article_modified_time":"2022-07-04T00:19:47+00:00","og_image":[{"width":600,"height":600,"url":"https:\/\/medicinasinc.com\/se\/wp-content\/uploads\/sites\/16\/2022\/02\/buy-pablo-escobar-ecstasy-pills-online.jpg","type":"image\/jpeg"}],"twitter_card":"summary_large_image","twitter_misc":{"Ber\u00e4knad l\u00e4stid":"1 minut"},"schema":{"@context":"https:\/\/schema.org","@graph":[{"@type":"WebPage","@id":"https:\/\/medicinasinc.com\/se\/product\/kopa-pablo-escobar-ecstasy-piller\/","url":"https:\/\/medicinasinc.com\/se\/product\/kopa-pablo-escobar-ecstasy-piller\/","name":"K\u00f6p Pablo Escobar ecstasy piller Online - Best Best Global Meds","isPartOf":{"@id":"https:\/\/medicinasinc.com\/se\/#website"},"primaryImageOfPage":{"@id":"https:\/\/medicinasinc.com\/se\/product\/kopa-pablo-escobar-ecstasy-piller\/#primaryimage"},"image":{"@id":"https:\/\/medicinasinc.com\/se\/product\/kopa-pablo-escobar-ecstasy-piller\/#primaryimage"},"thumbnailUrl":"https:\/\/medicinasinc.com\/se\/wp-content\/uploads\/sites\/16\/2022\/02\/buy-pablo-escobar-ecstasy-pills-online.jpg","datePublished":"2022-02-20T10:44:10+00:00","dateModified":"2022-07-04T00:19:47+00:00","description":"K\u00f6p Pablo Escobar Ecstasy Pills UK, Europe Online till ett \u00f6verkomligt pris p\u00e5 Best Global Med! Alla produkter \u00e4r labbkvalificerade och har premiumkvalitet.","breadcrumb":{"@id":"https:\/\/medicinasinc.com\/se\/product\/kopa-pablo-escobar-ecstasy-piller\/#breadcrumb"},"inLanguage":"sv-SE","potentialAction":[{"@type":"ReadAction","target":["https:\/\/medicinasinc.com\/se\/product\/kopa-pablo-escobar-ecstasy-piller\/"]}]},{"@type":"ImageObject","inLanguage":"sv-SE","@id":"https:\/\/medicinasinc.com\/se\/product\/kopa-pablo-escobar-ecstasy-piller\/#primaryimage","url":"https:\/\/medicinasinc.com\/se\/wp-content\/uploads\/sites\/16\/2022\/02\/buy-pablo-escobar-ecstasy-pills-online.jpg","contentUrl":"https:\/\/medicinasinc.com\/se\/wp-content\/uploads\/sites\/16\/2022\/02\/buy-pablo-escobar-ecstasy-pills-online.jpg","width":600,"height":600},{"@type":"BreadcrumbList","@id":"https:\/\/medicinasinc.com\/se\/product\/kopa-pablo-escobar-ecstasy-piller\/#breadcrumb","itemListElement":[{"@type":"ListItem","position":1,"name":"aff\u00e4r","item":"https:\/\/medicinasinc.com\/se\/affar\/"},{"@type":"ListItem","position":2,"name":"K\u00f6p Pablo Escobar ecstasy-piller"}]},{"@type":"WebSite","@id":"https:\/\/medicinasinc.com\/se\/#website","url":"https:\/\/medicinasinc.com\/se\/","name":"Medicinas Inc","description":"Health Medical Clinic","potentialAction":[{"@type":"SearchAction","target":{"@type":"EntryPoint","urlTemplate":"https:\/\/medicinasinc.com\/se\/?s={search_term_string}"},"query-input":{"@type":"PropertyValueSpecification","valueRequired":true,"valueName":"search_term_string"}}],"inLanguage":"sv-SE"}]}},"_links":{"self":[{"href":"https:\/\/medicinasinc.com\/se\/wp-json\/wp\/v2\/product\/4552","targetHints":{"allow":["GET"]}}],"collection":[{"href":"https:\/\/medicinasinc.com\/se\/wp-json\/wp\/v2\/product"}],"about":[{"href":"https:\/\/medicinasinc.com\/se\/wp-json\/wp\/v2\/types\/product"}],"replies":[{"embeddable":true,"href":"https:\/\/medicinasinc.com\/se\/wp-json\/wp\/v2\/comments?post=4552"}],"wp:featuredmedia":[{"embeddable":true,"href":"https:\/\/medicinasinc.com\/se\/wp-json\/wp\/v2\/media\/4568"}],"wp:attachment":[{"href":"https:\/\/medicinasinc.com\/se\/wp-json\/wp\/v2\/media?parent=4552"}],"wp:term":[{"taxonomy":"product_brand","embeddable":true,"href":"https:\/\/medicinasinc.com\/se\/wp-json\/wp\/v2\/product_brand?post=4552"},{"taxonomy":"product_cat","embeddable":true,"href":"https:\/\/medicinasinc.com\/se\/wp-json\/wp\/v2\/product_cat?post=4552"},{"taxonomy":"product_tag","embeddable":true,"href":"https:\/\/medicinasinc.com\/se\/wp-json\/wp\/v2\/product_tag?post=4552"}],"curies":[{"name":"wp","href":"https:\/\/api.w.org\/{rel}","templated":true}]}}