{"id":4535,"date":"2022-02-20T10:31:14","date_gmt":"2022-02-20T10:31:14","guid":{"rendered":"https:\/\/medicinasinc.com\/se\/?post_type=product&#038;p=4535"},"modified":"2022-07-04T00:20:04","modified_gmt":"2022-07-04T00:20:04","slug":"kop-gra-bugatti-mdma-piller","status":"publish","type":"product","link":"https:\/\/medicinasinc.com\/se\/product\/kop-gra-bugatti-mdma-piller\/","title":{"rendered":"K\u00f6p Gr\u00e5 Bugatti MDMA-piller"},"content":{"rendered":"<p>ONLINE K\u00d6P GR\u00c5 BUGATTI MDMA-PILLER<\/p>\n<p>MDMA (metamfetamin-metylendioximetamfetamin) \u00e4r ett syntetiskt stimulerande medel som f\u00f6r\u00e4ndrar uppfattning och hum\u00f6r (medvetenhet om omgivande f\u00f6rh\u00e5llanden och f\u00f6rem\u00e5l). Kemiskt liknar det hallucinogener och stimulantia, vilket framkallar k\u00e4nslor av \u00f6kad njutning, energi, k\u00e4nslom\u00e4ssig v\u00e4rme, tidsuppfattning och f\u00f6rvr\u00e4ngd sensorisk uppfattning. K\u00f6p ren mdma online.<\/p>\n<p>MDMA var fr\u00e5n b\u00f6rjan popul\u00e4rt p\u00e5 dansfester hela natten och p\u00e5 nattklubbsscenen, men drogen p\u00e5verkar nu en m\u00e5ngfaldig grupp m\u00e4nniskor som kallar det Molly eller Ecstasy. K\u00f6p online av Gr\u00e5 Bugatti MDMA-piller<\/p>\n<p>Ecstasy \u00e4r en stimulerande drog som har potential att orsaka hallucinationer. Individer kallas en designerdrog eftersom de f\u00e5r en person att k\u00e4nna sig avslappnad, energisk och h\u00f6g. Drogen \u00e4r s\u00e4rskilt popul\u00e4r bland unga vuxna och ton\u00e5ringar som g\u00e5r p\u00e5 konserter, klubbar och &#8221;rave&#8221;-fester. K\u00f6p mdma online<\/p>\n<p>Ecstasy kallas ofta f\u00f6r &#8221;k\u00e4rlekspillet&#8221; eftersom det f\u00f6rst\u00e4rker uppfattningen om ljud och f\u00e4rg och p\u00e5st\u00e5s f\u00f6rst\u00e4rka k\u00e4nslor n\u00e4r man smeker eller r\u00f6r vid en annan, framf\u00f6r allt under sex. Du kan ocks\u00e5 k\u00f6pa Viagra f\u00f6r f\u00f6rb\u00e4ttrad sexprestanda.<\/p>\n<p>Anv\u00e4ndare tror att l\u00e4kemedlet kommer att f\u00e5 dem att k\u00e4nna sig avslappnade och friska, och kommer att h\u00e5lla dem ig\u00e5ng i dagar utan vila. Individer som anv\u00e4nder Ecstasy \u00e4r omedvetna om farorna med detta l\u00e4kemedel. Var kan jag k\u00f6pa ren mdma online?<\/p>\n<p>Ecstasy har blivit en av de mest tillg\u00e4ngliga gatudrogerna. Ecstasy har skickat ett antal av oss till akutmottagningar under de senaste \u00e5ren p\u00e5 grund av dess farliga biverkningar. Best\u00e4ll MDMA i Europeiska unionen, kan jag k\u00f6pa MDMA online, grossist MDMA online, ren MDMA till salu online, riktig MDMA till salu online i USA<\/p>\n","protected":false},"excerpt":{"rendered":"<p>K\u00f6p Gr\u00e5 Bugatti MDMA-piller till salu online till b\u00e4sta pris. Vi garanterar s\u00e4ker och s\u00e4ker frakt \u00f6ver hela v\u00e4rlden. Best\u00e4ll MDMA i EU, kan jag k\u00f6pa MDMA online, grossist MDMA online<\/p>\n<p><em>K\u00f6p Gr\u00e5 Bugatti MDMA-piller<\/em>\u00a0online till b\u00e4sta pris. Vi garanterar s\u00e4ker och s\u00e4ker frakt \u00f6ver hela v\u00e4rlden. WhatsApp oss nu<\/p>\n","protected":false},"featured_media":4558,"comment_status":"open","ping_status":"closed","template":"","meta":[],"product_brand":[],"product_cat":[498],"product_tag":[539,540,499,500,502,503,508,509,510,511,501,506,507,512,513,514,515,516,530,531,517,518,519,520,534,535,521,522,524,523,525,527,528,529,526,532,533,505,536,504,538,541,542,543,537,547,546,544,545],"class_list":{"0":"post-4535","1":"product","2":"type-product","3":"status-publish","4":"has-post-thumbnail","6":"product_cat-kop-ecstasy-piller","7":"product_tag-bestll-mdma-online","8":"product_tag-bestll-ren-mdma-online","9":"product_tag-buy-gray-bugatti-mdma-pills-online","10":"product_tag-buy-mdma","11":"product_tag-buy-mdma-pills","12":"product_tag-buy-mdma-pills-online","13":"product_tag-can-i-order-mdma-online","14":"product_tag-f-mdma-online","15":"product_tag-hur-man-bstaller-mdma","16":"product_tag-illegala-droger-till-frsljning-online-mdma","17":"product_tag-kp-mdma-online","18":"product_tag-kp-ren-mdma-online","19":"product_tag-k-c3-b6pa-forskning-kemikalier-online","20":"product_tag-mdma","21":"product_tag-mdma-100mg","22":"product_tag-mdma-1g","23":"product_tag-mdma-3-4-metylendioxi-n-metylamfetamin","24":"product_tag-mdma-3g","25":"product_tag-mdma-order-online","26":"product_tag-mdma-bilder","27":"product_tag-mdma-for-sale","28":"product_tag-mdma-for-sale-online","29":"product_tag-mdma-for-sale-online-usa","30":"product_tag-mdma-for-sale-order-online","31":"product_tag-mdma-rea","32":"product_tag-mdma-frsljning","33":"product_tag-mdma-molly","34":"product_tag-mdma-molly-kristaller","35":"product_tag-mdma-molly-pulver","36":"product_tag-mdma-molly-till-salu","37":"product_tag-mdma-online-order","38":"product_tag-mdma-online-sales","39":"product_tag-mdma-online-sales-vendors","40":"product_tag-mdma-online-butik","41":"product_tag-mdma-online-frsljning","42":"product_tag-mdma-piller","43":"product_tag-mdma-pills-to-f-c3-b6rs-c3-a4ljning-online","44":"product_tag-kp-mollymdma-online","45":"product_tag-molly-mdma-pulver","46":"product_tag-kp-molly-online","47":"product_tag-online-mdma-frsljning","48":"product_tag-pure-mdma","49":"product_tag-pure-mdma-for-sale-online","50":"product_tag-real-mdma-till-frsljning-online","51":"product_tag-uppkopplad","52":"product_tag-var-att-kpa-pure-molly-online","53":"product_tag-var-att-kpa-ren-mdma-online","54":"product_tag-var-att-kpa-mdma-piller","55":"product_tag-var-att-kpa-mdma-piller-online","57":"first","58":"instock","59":"shipping-taxable","60":"purchasable","61":"product-type-variable","62":"has-default-attributes"},"yoast_head":"<!-- This site is optimized with the Yoast SEO plugin v27.3 - https:\/\/yoast.com\/product\/yoast-seo-wordpress\/ -->\n<title>K\u00f6p Gr\u00e5 Bugatti MDMA-piller - B\u00e4sta b\u00e4sta globala medicinerna<\/title>\n<meta name=\"description\" content=\"K\u00f6p Gr\u00e5 Bugatti MDMA-piller till salu online till b\u00e4sta pris. Vi garanterar s\u00e4ker och s\u00e4ker frakt \u00f6ver hela v\u00e4rlden. Best\u00e4ll MDMA i EU, kan jag k\u00f6pa MDMA online, grossist MDMA online\" \/>\n<meta name=\"robots\" content=\"index, follow, max-snippet:-1, max-image-preview:large, max-video-preview:-1\" \/>\n<link rel=\"canonical\" href=\"https:\/\/medicinasinc.com\/se\/product\/kop-gra-bugatti-mdma-piller\/\" \/>\n<meta property=\"og:locale\" content=\"sv_SE\" \/>\n<meta property=\"og:type\" content=\"article\" \/>\n<meta property=\"og:title\" content=\"K\u00f6p Gr\u00e5 Bugatti MDMA-piller - B\u00e4sta b\u00e4sta globala medicinerna\" \/>\n<meta property=\"og:description\" content=\"K\u00f6p Gr\u00e5 Bugatti MDMA-piller till salu online till b\u00e4sta pris. Vi garanterar s\u00e4ker och s\u00e4ker frakt \u00f6ver hela v\u00e4rlden. Best\u00e4ll MDMA i EU, kan jag k\u00f6pa MDMA online, grossist MDMA online\" \/>\n<meta property=\"og:url\" content=\"https:\/\/medicinasinc.com\/se\/product\/kop-gra-bugatti-mdma-piller\/\" \/>\n<meta property=\"og:site_name\" content=\"Medicinas Inc\" \/>\n<meta property=\"article:modified_time\" content=\"2022-07-04T00:20:04+00:00\" \/>\n<meta property=\"og:image\" content=\"https:\/\/medicinasinc.com\/se\/wp-content\/uploads\/sites\/16\/2022\/02\/buy-gray-bugatti-mdma-pills-online.jpg\" \/>\n\t<meta property=\"og:image:width\" content=\"600\" \/>\n\t<meta property=\"og:image:height\" content=\"600\" \/>\n\t<meta property=\"og:image:type\" content=\"image\/jpeg\" \/>\n<meta name=\"twitter:card\" content=\"summary_large_image\" \/>\n<meta name=\"twitter:label1\" content=\"Ber\u00e4knad l\u00e4stid\" \/>\n\t<meta name=\"twitter:data1\" content=\"2 minuter\" \/>\n<script type=\"application\/ld+json\" class=\"yoast-schema-graph\">{\"@context\":\"https:\\\/\\\/schema.org\",\"@graph\":[{\"@type\":\"WebPage\",\"@id\":\"https:\\\/\\\/medicinasinc.com\\\/se\\\/product\\\/kop-gra-bugatti-mdma-piller\\\/\",\"url\":\"https:\\\/\\\/medicinasinc.com\\\/se\\\/product\\\/kop-gra-bugatti-mdma-piller\\\/\",\"name\":\"K\u00f6p Gr\u00e5 Bugatti MDMA-piller - B\u00e4sta b\u00e4sta globala medicinerna\",\"isPartOf\":{\"@id\":\"https:\\\/\\\/medicinasinc.com\\\/se\\\/#website\"},\"primaryImageOfPage\":{\"@id\":\"https:\\\/\\\/medicinasinc.com\\\/se\\\/product\\\/kop-gra-bugatti-mdma-piller\\\/#primaryimage\"},\"image\":{\"@id\":\"https:\\\/\\\/medicinasinc.com\\\/se\\\/product\\\/kop-gra-bugatti-mdma-piller\\\/#primaryimage\"},\"thumbnailUrl\":\"https:\\\/\\\/medicinasinc.com\\\/se\\\/wp-content\\\/uploads\\\/sites\\\/16\\\/2022\\\/02\\\/buy-gray-bugatti-mdma-pills-online.jpg\",\"datePublished\":\"2022-02-20T10:31:14+00:00\",\"dateModified\":\"2022-07-04T00:20:04+00:00\",\"description\":\"K\u00f6p Gr\u00e5 Bugatti MDMA-piller till salu online till b\u00e4sta pris. Vi garanterar s\u00e4ker och s\u00e4ker frakt \u00f6ver hela v\u00e4rlden. Best\u00e4ll MDMA i EU, kan jag k\u00f6pa MDMA online, grossist MDMA online\",\"breadcrumb\":{\"@id\":\"https:\\\/\\\/medicinasinc.com\\\/se\\\/product\\\/kop-gra-bugatti-mdma-piller\\\/#breadcrumb\"},\"inLanguage\":\"sv-SE\",\"potentialAction\":[{\"@type\":\"ReadAction\",\"target\":[\"https:\\\/\\\/medicinasinc.com\\\/se\\\/product\\\/kop-gra-bugatti-mdma-piller\\\/\"]}]},{\"@type\":\"ImageObject\",\"inLanguage\":\"sv-SE\",\"@id\":\"https:\\\/\\\/medicinasinc.com\\\/se\\\/product\\\/kop-gra-bugatti-mdma-piller\\\/#primaryimage\",\"url\":\"https:\\\/\\\/medicinasinc.com\\\/se\\\/wp-content\\\/uploads\\\/sites\\\/16\\\/2022\\\/02\\\/buy-gray-bugatti-mdma-pills-online.jpg\",\"contentUrl\":\"https:\\\/\\\/medicinasinc.com\\\/se\\\/wp-content\\\/uploads\\\/sites\\\/16\\\/2022\\\/02\\\/buy-gray-bugatti-mdma-pills-online.jpg\",\"width\":600,\"height\":600},{\"@type\":\"BreadcrumbList\",\"@id\":\"https:\\\/\\\/medicinasinc.com\\\/se\\\/product\\\/kop-gra-bugatti-mdma-piller\\\/#breadcrumb\",\"itemListElement\":[{\"@type\":\"ListItem\",\"position\":1,\"name\":\"aff\u00e4r\",\"item\":\"https:\\\/\\\/medicinasinc.com\\\/se\\\/affar\\\/\"},{\"@type\":\"ListItem\",\"position\":2,\"name\":\"K\u00f6p Gr\u00e5 Bugatti MDMA-piller\"}]},{\"@type\":\"WebSite\",\"@id\":\"https:\\\/\\\/medicinasinc.com\\\/se\\\/#website\",\"url\":\"https:\\\/\\\/medicinasinc.com\\\/se\\\/\",\"name\":\"Medicinas Inc\",\"description\":\"Health Medical Clinic\",\"potentialAction\":[{\"@type\":\"SearchAction\",\"target\":{\"@type\":\"EntryPoint\",\"urlTemplate\":\"https:\\\/\\\/medicinasinc.com\\\/se\\\/?s={search_term_string}\"},\"query-input\":{\"@type\":\"PropertyValueSpecification\",\"valueRequired\":true,\"valueName\":\"search_term_string\"}}],\"inLanguage\":\"sv-SE\"}]}<\/script>\n<!-- \/ Yoast SEO plugin. -->","yoast_head_json":{"title":"K\u00f6p Gr\u00e5 Bugatti MDMA-piller - B\u00e4sta b\u00e4sta globala medicinerna","description":"K\u00f6p Gr\u00e5 Bugatti MDMA-piller till salu online till b\u00e4sta pris. Vi garanterar s\u00e4ker och s\u00e4ker frakt \u00f6ver hela v\u00e4rlden. Best\u00e4ll MDMA i EU, kan jag k\u00f6pa MDMA online, grossist MDMA online","robots":{"index":"index","follow":"follow","max-snippet":"max-snippet:-1","max-image-preview":"max-image-preview:large","max-video-preview":"max-video-preview:-1"},"canonical":"https:\/\/medicinasinc.com\/se\/product\/kop-gra-bugatti-mdma-piller\/","og_locale":"sv_SE","og_type":"article","og_title":"K\u00f6p Gr\u00e5 Bugatti MDMA-piller - B\u00e4sta b\u00e4sta globala medicinerna","og_description":"K\u00f6p Gr\u00e5 Bugatti MDMA-piller till salu online till b\u00e4sta pris. Vi garanterar s\u00e4ker och s\u00e4ker frakt \u00f6ver hela v\u00e4rlden. Best\u00e4ll MDMA i EU, kan jag k\u00f6pa MDMA online, grossist MDMA online","og_url":"https:\/\/medicinasinc.com\/se\/product\/kop-gra-bugatti-mdma-piller\/","og_site_name":"Medicinas Inc","article_modified_time":"2022-07-04T00:20:04+00:00","og_image":[{"width":600,"height":600,"url":"https:\/\/medicinasinc.com\/se\/wp-content\/uploads\/sites\/16\/2022\/02\/buy-gray-bugatti-mdma-pills-online.jpg","type":"image\/jpeg"}],"twitter_card":"summary_large_image","twitter_misc":{"Ber\u00e4knad l\u00e4stid":"2 minuter"},"schema":{"@context":"https:\/\/schema.org","@graph":[{"@type":"WebPage","@id":"https:\/\/medicinasinc.com\/se\/product\/kop-gra-bugatti-mdma-piller\/","url":"https:\/\/medicinasinc.com\/se\/product\/kop-gra-bugatti-mdma-piller\/","name":"K\u00f6p Gr\u00e5 Bugatti MDMA-piller - B\u00e4sta b\u00e4sta globala medicinerna","isPartOf":{"@id":"https:\/\/medicinasinc.com\/se\/#website"},"primaryImageOfPage":{"@id":"https:\/\/medicinasinc.com\/se\/product\/kop-gra-bugatti-mdma-piller\/#primaryimage"},"image":{"@id":"https:\/\/medicinasinc.com\/se\/product\/kop-gra-bugatti-mdma-piller\/#primaryimage"},"thumbnailUrl":"https:\/\/medicinasinc.com\/se\/wp-content\/uploads\/sites\/16\/2022\/02\/buy-gray-bugatti-mdma-pills-online.jpg","datePublished":"2022-02-20T10:31:14+00:00","dateModified":"2022-07-04T00:20:04+00:00","description":"K\u00f6p Gr\u00e5 Bugatti MDMA-piller till salu online till b\u00e4sta pris. Vi garanterar s\u00e4ker och s\u00e4ker frakt \u00f6ver hela v\u00e4rlden. Best\u00e4ll MDMA i EU, kan jag k\u00f6pa MDMA online, grossist MDMA online","breadcrumb":{"@id":"https:\/\/medicinasinc.com\/se\/product\/kop-gra-bugatti-mdma-piller\/#breadcrumb"},"inLanguage":"sv-SE","potentialAction":[{"@type":"ReadAction","target":["https:\/\/medicinasinc.com\/se\/product\/kop-gra-bugatti-mdma-piller\/"]}]},{"@type":"ImageObject","inLanguage":"sv-SE","@id":"https:\/\/medicinasinc.com\/se\/product\/kop-gra-bugatti-mdma-piller\/#primaryimage","url":"https:\/\/medicinasinc.com\/se\/wp-content\/uploads\/sites\/16\/2022\/02\/buy-gray-bugatti-mdma-pills-online.jpg","contentUrl":"https:\/\/medicinasinc.com\/se\/wp-content\/uploads\/sites\/16\/2022\/02\/buy-gray-bugatti-mdma-pills-online.jpg","width":600,"height":600},{"@type":"BreadcrumbList","@id":"https:\/\/medicinasinc.com\/se\/product\/kop-gra-bugatti-mdma-piller\/#breadcrumb","itemListElement":[{"@type":"ListItem","position":1,"name":"aff\u00e4r","item":"https:\/\/medicinasinc.com\/se\/affar\/"},{"@type":"ListItem","position":2,"name":"K\u00f6p Gr\u00e5 Bugatti MDMA-piller"}]},{"@type":"WebSite","@id":"https:\/\/medicinasinc.com\/se\/#website","url":"https:\/\/medicinasinc.com\/se\/","name":"Medicinas Inc","description":"Health Medical Clinic","potentialAction":[{"@type":"SearchAction","target":{"@type":"EntryPoint","urlTemplate":"https:\/\/medicinasinc.com\/se\/?s={search_term_string}"},"query-input":{"@type":"PropertyValueSpecification","valueRequired":true,"valueName":"search_term_string"}}],"inLanguage":"sv-SE"}]}},"_links":{"self":[{"href":"https:\/\/medicinasinc.com\/se\/wp-json\/wp\/v2\/product\/4535","targetHints":{"allow":["GET"]}}],"collection":[{"href":"https:\/\/medicinasinc.com\/se\/wp-json\/wp\/v2\/product"}],"about":[{"href":"https:\/\/medicinasinc.com\/se\/wp-json\/wp\/v2\/types\/product"}],"replies":[{"embeddable":true,"href":"https:\/\/medicinasinc.com\/se\/wp-json\/wp\/v2\/comments?post=4535"}],"wp:featuredmedia":[{"embeddable":true,"href":"https:\/\/medicinasinc.com\/se\/wp-json\/wp\/v2\/media\/4558"}],"wp:attachment":[{"href":"https:\/\/medicinasinc.com\/se\/wp-json\/wp\/v2\/media?parent=4535"}],"wp:term":[{"taxonomy":"product_brand","embeddable":true,"href":"https:\/\/medicinasinc.com\/se\/wp-json\/wp\/v2\/product_brand?post=4535"},{"taxonomy":"product_cat","embeddable":true,"href":"https:\/\/medicinasinc.com\/se\/wp-json\/wp\/v2\/product_cat?post=4535"},{"taxonomy":"product_tag","embeddable":true,"href":"https:\/\/medicinasinc.com\/se\/wp-json\/wp\/v2\/product_tag?post=4535"}],"curies":[{"name":"wp","href":"https:\/\/api.w.org\/{rel}","templated":true}]}}