{"id":4534,"date":"2022-02-20T10:30:39","date_gmt":"2022-02-20T10:30:39","guid":{"rendered":"https:\/\/medicinasinc.com\/se\/?post_type=product&#038;p=4534"},"modified":"2022-07-04T00:20:15","modified_gmt":"2022-07-04T00:20:15","slug":"kopa-gron-stjarna-ecstasy-piller","status":"publish","type":"product","link":"https:\/\/medicinasinc.com\/se\/product\/kopa-gron-stjarna-ecstasy-piller\/","title":{"rendered":"K\u00f6p Green Star Ecstasy Pills"},"content":{"rendered":"<p>Ecstasy Green Star 254 mg K\u00f6p online<\/p>\n<p>Green Star ecstasy-piller till salu online.<\/p>\n<p>Ecstasy skapades 1912 som ett resultat av Mercks drogrelation. Det kallades &#8221;MDMA&#8221; p\u00e5 grund av dess nya struktur. Den anv\u00e4ndes f\u00f6rst av USA:s v\u00e4pnade styrkor 1953 f\u00f6r mentala stridstester, och \u00e5terinf\u00f6rdes kort p\u00e5 1960-talet som ett recept p\u00e5 psykoterapi f\u00f6r att &#8221;s\u00e4nka h\u00e4mningarna&#8221;. 1 MDMA anv\u00e4ndes inte som medicin f\u00f6r sociala angel\u00e4genheter f\u00f6rr\u00e4n p\u00e5 1970-talet.<\/p>\n<p>I mitten av 1980-talet hade MDMA marknadsf\u00f6rts som &#8221;det mest sprudlande i metoden med ett utseende f\u00f6r att roa genom vetenskap&#8221; och som &#8221;i medicin&#8221; f\u00f6r l\u00e5ngvariga fester. MDMA s\u00e5ldes fortfarande under varum\u00e4rket &#8221;Delight&#8221; 1984, men 1985 hade medicineringen begr\u00e4nsats p\u00e5 grund av s\u00e4kerhetsproblem.<br \/> Ecstacy, den gr\u00f6na stj\u00e4rnan, kan vara s\u00e4rskilt f\u00f6rdelaktig f\u00f6r dem som har att g\u00f6ra med post-terrible pressande faktorproblem (PTSD). M\u00e5nga patienter \u00e4r of\u00f6rm\u00f6gna att diskutera de oroande h\u00e4ndelserna som utl\u00f6ste deras problem. Enligt denna teori kan gl\u00e4dje hj\u00e4lpa individer att konfrontera dessa s\u00e5r.<\/p>\n<p>Doblin, 50, \u00e4r \u200b\u200binte \u00e4mnesexpert eller utredare, men han har en bred koppling till medicin p\u00e5 grund av sin frekventa anv\u00e4ndning av den . &#8221;Det har gjort en betydande skillnad i mitt liv&#8221;, f\u00f6rklarade han. Genom \u00e5ren har han erk\u00e4nt att han spridit budskapet att Rapture och olika hallucinogena mediciner har kritiska h\u00e4lsokonsekvenser.<br \/> Om du verkligen letar efter ett f\u00f6retag som kan leverera produkter av h\u00f6gsta kvalitet, har du kommit till r\u00e4tt plats. P\u00e5 v\u00e5r stiftelse kan du v\u00e4lja de b\u00e4sta f\u00f6rem\u00e5len som hj\u00e4lper dig att bygga upp ditt f\u00f6rtroende och etablera en legitim relation med oss \u200b\u200bp\u00e5 grund av den h\u00f6ga kvaliteten p\u00e5 v\u00e5ra produkter. Skicka in din f\u00f6rfr\u00e5gan nu och Green star ecstasy kommer att levereras till din d\u00f6rr inom fem arbetsdagar.<\/p>\n","protected":false},"excerpt":{"rendered":"<p>K\u00f6p Green Star ecstasy-piller till salu Storbritannien, Europa Online. K\u00f6p Green Star ecstasy-piller online fr\u00e5n den mest p\u00e5litliga mdma-leverant\u00f6ren, vi garanterar diskret och s\u00e4ker leverans<\/p>\n","protected":false},"featured_media":4557,"comment_status":"open","ping_status":"closed","template":"","meta":[],"product_brand":[],"product_cat":[498],"product_tag":[],"class_list":{"0":"post-4534","1":"product","2":"type-product","3":"status-publish","4":"has-post-thumbnail","6":"product_cat-kop-ecstasy-piller","8":"first","9":"instock","10":"shipping-taxable","11":"purchasable","12":"product-type-variable","13":"has-default-attributes"},"yoast_head":"<!-- This site is optimized with the Yoast SEO plugin v27.3 - https:\/\/yoast.com\/product\/yoast-seo-wordpress\/ -->\n<title>K\u00f6p Green Star Ecstasy Pills - B\u00e4sta b\u00e4sta globala medicinerna<\/title>\n<meta name=\"description\" content=\"K\u00f6p Green Star ecstasy piller till salu Storbritannien, Europa Online. K\u00f6p Green Star ecstasy-piller online fr\u00e5n den mest p\u00e5litliga mdma-leverant\u00f6ren, vi garanterar diskret och s\u00e4ker leverans\" \/>\n<meta name=\"robots\" content=\"index, follow, max-snippet:-1, max-image-preview:large, max-video-preview:-1\" \/>\n<link rel=\"canonical\" href=\"https:\/\/medicinasinc.com\/se\/product\/kopa-gron-stjarna-ecstasy-piller\/\" \/>\n<meta property=\"og:locale\" content=\"sv_SE\" \/>\n<meta property=\"og:type\" content=\"article\" \/>\n<meta property=\"og:title\" content=\"K\u00f6p Green Star Ecstasy Pills - B\u00e4sta b\u00e4sta globala medicinerna\" \/>\n<meta property=\"og:description\" content=\"K\u00f6p Green Star ecstasy piller till salu Storbritannien, Europa Online. K\u00f6p Green Star ecstasy-piller online fr\u00e5n den mest p\u00e5litliga mdma-leverant\u00f6ren, vi garanterar diskret och s\u00e4ker leverans\" \/>\n<meta property=\"og:url\" content=\"https:\/\/medicinasinc.com\/se\/product\/kopa-gron-stjarna-ecstasy-piller\/\" \/>\n<meta property=\"og:site_name\" content=\"Medicinas Inc\" \/>\n<meta property=\"article:modified_time\" content=\"2022-07-04T00:20:15+00:00\" \/>\n<meta property=\"og:image\" content=\"https:\/\/medicinasinc.com\/se\/wp-content\/uploads\/sites\/16\/2022\/02\/buy-green-star-ecstasy-pills-online.jpg\" \/>\n\t<meta property=\"og:image:width\" content=\"600\" \/>\n\t<meta property=\"og:image:height\" content=\"600\" \/>\n\t<meta property=\"og:image:type\" content=\"image\/jpeg\" \/>\n<meta name=\"twitter:card\" content=\"summary_large_image\" \/>\n<meta name=\"twitter:label1\" content=\"Ber\u00e4knad l\u00e4stid\" \/>\n\t<meta name=\"twitter:data1\" content=\"2 minuter\" \/>\n<script type=\"application\/ld+json\" class=\"yoast-schema-graph\">{\"@context\":\"https:\\\/\\\/schema.org\",\"@graph\":[{\"@type\":\"WebPage\",\"@id\":\"https:\\\/\\\/medicinasinc.com\\\/se\\\/product\\\/kopa-gron-stjarna-ecstasy-piller\\\/\",\"url\":\"https:\\\/\\\/medicinasinc.com\\\/se\\\/product\\\/kopa-gron-stjarna-ecstasy-piller\\\/\",\"name\":\"K\u00f6p Green Star Ecstasy Pills - B\u00e4sta b\u00e4sta globala medicinerna\",\"isPartOf\":{\"@id\":\"https:\\\/\\\/medicinasinc.com\\\/se\\\/#website\"},\"primaryImageOfPage\":{\"@id\":\"https:\\\/\\\/medicinasinc.com\\\/se\\\/product\\\/kopa-gron-stjarna-ecstasy-piller\\\/#primaryimage\"},\"image\":{\"@id\":\"https:\\\/\\\/medicinasinc.com\\\/se\\\/product\\\/kopa-gron-stjarna-ecstasy-piller\\\/#primaryimage\"},\"thumbnailUrl\":\"https:\\\/\\\/medicinasinc.com\\\/se\\\/wp-content\\\/uploads\\\/sites\\\/16\\\/2022\\\/02\\\/buy-green-star-ecstasy-pills-online.jpg\",\"datePublished\":\"2022-02-20T10:30:39+00:00\",\"dateModified\":\"2022-07-04T00:20:15+00:00\",\"description\":\"K\u00f6p Green Star ecstasy piller till salu Storbritannien, Europa Online. K\u00f6p Green Star ecstasy-piller online fr\u00e5n den mest p\u00e5litliga mdma-leverant\u00f6ren, vi garanterar diskret och s\u00e4ker leverans\",\"breadcrumb\":{\"@id\":\"https:\\\/\\\/medicinasinc.com\\\/se\\\/product\\\/kopa-gron-stjarna-ecstasy-piller\\\/#breadcrumb\"},\"inLanguage\":\"sv-SE\",\"potentialAction\":[{\"@type\":\"ReadAction\",\"target\":[\"https:\\\/\\\/medicinasinc.com\\\/se\\\/product\\\/kopa-gron-stjarna-ecstasy-piller\\\/\"]}]},{\"@type\":\"ImageObject\",\"inLanguage\":\"sv-SE\",\"@id\":\"https:\\\/\\\/medicinasinc.com\\\/se\\\/product\\\/kopa-gron-stjarna-ecstasy-piller\\\/#primaryimage\",\"url\":\"https:\\\/\\\/medicinasinc.com\\\/se\\\/wp-content\\\/uploads\\\/sites\\\/16\\\/2022\\\/02\\\/buy-green-star-ecstasy-pills-online.jpg\",\"contentUrl\":\"https:\\\/\\\/medicinasinc.com\\\/se\\\/wp-content\\\/uploads\\\/sites\\\/16\\\/2022\\\/02\\\/buy-green-star-ecstasy-pills-online.jpg\",\"width\":600,\"height\":600},{\"@type\":\"BreadcrumbList\",\"@id\":\"https:\\\/\\\/medicinasinc.com\\\/se\\\/product\\\/kopa-gron-stjarna-ecstasy-piller\\\/#breadcrumb\",\"itemListElement\":[{\"@type\":\"ListItem\",\"position\":1,\"name\":\"aff\u00e4r\",\"item\":\"https:\\\/\\\/medicinasinc.com\\\/se\\\/affar\\\/\"},{\"@type\":\"ListItem\",\"position\":2,\"name\":\"K\u00f6p Green Star Ecstasy Pills\"}]},{\"@type\":\"WebSite\",\"@id\":\"https:\\\/\\\/medicinasinc.com\\\/se\\\/#website\",\"url\":\"https:\\\/\\\/medicinasinc.com\\\/se\\\/\",\"name\":\"Medicinas Inc\",\"description\":\"Health Medical Clinic\",\"potentialAction\":[{\"@type\":\"SearchAction\",\"target\":{\"@type\":\"EntryPoint\",\"urlTemplate\":\"https:\\\/\\\/medicinasinc.com\\\/se\\\/?s={search_term_string}\"},\"query-input\":{\"@type\":\"PropertyValueSpecification\",\"valueRequired\":true,\"valueName\":\"search_term_string\"}}],\"inLanguage\":\"sv-SE\"}]}<\/script>\n<!-- \/ Yoast SEO plugin. -->","yoast_head_json":{"title":"K\u00f6p Green Star Ecstasy Pills - B\u00e4sta b\u00e4sta globala medicinerna","description":"K\u00f6p Green Star ecstasy piller till salu Storbritannien, Europa Online. K\u00f6p Green Star ecstasy-piller online fr\u00e5n den mest p\u00e5litliga mdma-leverant\u00f6ren, vi garanterar diskret och s\u00e4ker leverans","robots":{"index":"index","follow":"follow","max-snippet":"max-snippet:-1","max-image-preview":"max-image-preview:large","max-video-preview":"max-video-preview:-1"},"canonical":"https:\/\/medicinasinc.com\/se\/product\/kopa-gron-stjarna-ecstasy-piller\/","og_locale":"sv_SE","og_type":"article","og_title":"K\u00f6p Green Star Ecstasy Pills - B\u00e4sta b\u00e4sta globala medicinerna","og_description":"K\u00f6p Green Star ecstasy piller till salu Storbritannien, Europa Online. K\u00f6p Green Star ecstasy-piller online fr\u00e5n den mest p\u00e5litliga mdma-leverant\u00f6ren, vi garanterar diskret och s\u00e4ker leverans","og_url":"https:\/\/medicinasinc.com\/se\/product\/kopa-gron-stjarna-ecstasy-piller\/","og_site_name":"Medicinas Inc","article_modified_time":"2022-07-04T00:20:15+00:00","og_image":[{"width":600,"height":600,"url":"https:\/\/medicinasinc.com\/se\/wp-content\/uploads\/sites\/16\/2022\/02\/buy-green-star-ecstasy-pills-online.jpg","type":"image\/jpeg"}],"twitter_card":"summary_large_image","twitter_misc":{"Ber\u00e4knad l\u00e4stid":"2 minuter"},"schema":{"@context":"https:\/\/schema.org","@graph":[{"@type":"WebPage","@id":"https:\/\/medicinasinc.com\/se\/product\/kopa-gron-stjarna-ecstasy-piller\/","url":"https:\/\/medicinasinc.com\/se\/product\/kopa-gron-stjarna-ecstasy-piller\/","name":"K\u00f6p Green Star Ecstasy Pills - B\u00e4sta b\u00e4sta globala medicinerna","isPartOf":{"@id":"https:\/\/medicinasinc.com\/se\/#website"},"primaryImageOfPage":{"@id":"https:\/\/medicinasinc.com\/se\/product\/kopa-gron-stjarna-ecstasy-piller\/#primaryimage"},"image":{"@id":"https:\/\/medicinasinc.com\/se\/product\/kopa-gron-stjarna-ecstasy-piller\/#primaryimage"},"thumbnailUrl":"https:\/\/medicinasinc.com\/se\/wp-content\/uploads\/sites\/16\/2022\/02\/buy-green-star-ecstasy-pills-online.jpg","datePublished":"2022-02-20T10:30:39+00:00","dateModified":"2022-07-04T00:20:15+00:00","description":"K\u00f6p Green Star ecstasy piller till salu Storbritannien, Europa Online. K\u00f6p Green Star ecstasy-piller online fr\u00e5n den mest p\u00e5litliga mdma-leverant\u00f6ren, vi garanterar diskret och s\u00e4ker leverans","breadcrumb":{"@id":"https:\/\/medicinasinc.com\/se\/product\/kopa-gron-stjarna-ecstasy-piller\/#breadcrumb"},"inLanguage":"sv-SE","potentialAction":[{"@type":"ReadAction","target":["https:\/\/medicinasinc.com\/se\/product\/kopa-gron-stjarna-ecstasy-piller\/"]}]},{"@type":"ImageObject","inLanguage":"sv-SE","@id":"https:\/\/medicinasinc.com\/se\/product\/kopa-gron-stjarna-ecstasy-piller\/#primaryimage","url":"https:\/\/medicinasinc.com\/se\/wp-content\/uploads\/sites\/16\/2022\/02\/buy-green-star-ecstasy-pills-online.jpg","contentUrl":"https:\/\/medicinasinc.com\/se\/wp-content\/uploads\/sites\/16\/2022\/02\/buy-green-star-ecstasy-pills-online.jpg","width":600,"height":600},{"@type":"BreadcrumbList","@id":"https:\/\/medicinasinc.com\/se\/product\/kopa-gron-stjarna-ecstasy-piller\/#breadcrumb","itemListElement":[{"@type":"ListItem","position":1,"name":"aff\u00e4r","item":"https:\/\/medicinasinc.com\/se\/affar\/"},{"@type":"ListItem","position":2,"name":"K\u00f6p Green Star Ecstasy Pills"}]},{"@type":"WebSite","@id":"https:\/\/medicinasinc.com\/se\/#website","url":"https:\/\/medicinasinc.com\/se\/","name":"Medicinas Inc","description":"Health Medical Clinic","potentialAction":[{"@type":"SearchAction","target":{"@type":"EntryPoint","urlTemplate":"https:\/\/medicinasinc.com\/se\/?s={search_term_string}"},"query-input":{"@type":"PropertyValueSpecification","valueRequired":true,"valueName":"search_term_string"}}],"inLanguage":"sv-SE"}]}},"_links":{"self":[{"href":"https:\/\/medicinasinc.com\/se\/wp-json\/wp\/v2\/product\/4534","targetHints":{"allow":["GET"]}}],"collection":[{"href":"https:\/\/medicinasinc.com\/se\/wp-json\/wp\/v2\/product"}],"about":[{"href":"https:\/\/medicinasinc.com\/se\/wp-json\/wp\/v2\/types\/product"}],"replies":[{"embeddable":true,"href":"https:\/\/medicinasinc.com\/se\/wp-json\/wp\/v2\/comments?post=4534"}],"wp:featuredmedia":[{"embeddable":true,"href":"https:\/\/medicinasinc.com\/se\/wp-json\/wp\/v2\/media\/4557"}],"wp:attachment":[{"href":"https:\/\/medicinasinc.com\/se\/wp-json\/wp\/v2\/media?parent=4534"}],"wp:term":[{"taxonomy":"product_brand","embeddable":true,"href":"https:\/\/medicinasinc.com\/se\/wp-json\/wp\/v2\/product_brand?post=4534"},{"taxonomy":"product_cat","embeddable":true,"href":"https:\/\/medicinasinc.com\/se\/wp-json\/wp\/v2\/product_cat?post=4534"},{"taxonomy":"product_tag","embeddable":true,"href":"https:\/\/medicinasinc.com\/se\/wp-json\/wp\/v2\/product_tag?post=4534"}],"curies":[{"name":"wp","href":"https:\/\/api.w.org\/{rel}","templated":true}]}}