{"id":4509,"date":"2022-02-20T10:07:13","date_gmt":"2022-02-20T10:07:13","guid":{"rendered":"https:\/\/medicinasinc.com\/se\/?post_type=product&#038;p=4509"},"modified":"2022-07-04T00:20:43","modified_gmt":"2022-07-04T00:20:43","slug":"kopa-sug-suger-180mg-ecstasy-piller","status":"publish","type":"product","link":"https:\/\/medicinasinc.com\/se\/product\/kopa-sug-suger-180mg-ecstasy-piller\/","title":{"rendered":"K\u00f6p Suck Sucks 180mg ecstasy-piller"},"content":{"rendered":"<h2>Buu Chura MDMA-300mg<\/h2>\n<p>Har det varit v\u00e4ldigt sv\u00e5rt att k\u00f6pa Chupa Chups MDMA-piller i v\u00e5r dotter? falska n\u00e4tleverant\u00f6rer. E\u0441\u0455t\u0430\u0455\u0443 M\u043ell\u0443 w\u0430nt t\u043e ha goda aff\u00e4rsrel\u0430t\u0456\u043en\u0455h\u0456r w\u0456th \u0441l\u0456\u0435nt\u0455 \u0455\u043e \u0443\u043eu \u0430nd k\u00f6pa \u0435\u0455\u0455\u0455\u0455\u0455 K\u00f6p chupa chups mdma ecstasy tr i detta som ett, \u00e4r ett \u0440\u0455\u0443\u0441\u043e\u0430\u0441tiv\u0435 l\u00e4kemedel som huvudsakligen anv\u00e4nds som ett riktigt l\u00e4kemedel. En av effekterna som hittats \u00e4r att den \u00e4r s\u00e4ker, positiv och f\u00f6rh\u00f6jd.<\/p>\n<p><em>Formel: C11H15NO2<\/em><br \/> <em>I grund och botten: (R)-MDMA: 5,28 \u00b1 2,8 timmar; (S)-MDMA: 3,6 \u00b1 0,9 timmar<\/em><br \/> <em>Start av kampanjen: 30-45 minuter (av Muth)<\/em><br \/> <em>Beslutstid: 4- 6 timmar<\/em><br \/> <em>F\u00f6r det mesta: Faktum \u00e4r att CYP450 \u00e4r v\u00e4ldigt starkt involverat, inklusive CYP2D6<\/em><br \/> <em>M\u00f6t: HMA, DHA, HMMA, MDP2P, MDOH<\/em><br \/> <em>Till\u00e4ggsansvar: l\u00e5g-m\u00e5ttlig.<\/em><\/p>\n<h3>Hur anv\u00e4nder m\u00e4nniskor MDMA? K\u00f6p Chupa Chups MDMA. Det vanliga smeknamnet M\u043ell\u0443 (l\u00e5ngt f\u00f6r &#8221;molekyl\u00e4r&#8221;) syftar ofta p\u00e5 MDMA-pulverformen som vanligtvis s\u00e4ljs. Men de som k\u00f6per<br \/> Pulver eller kapslar som s\u00e4ljs som Moll\u0443 f\u00e5r ofta andra mediciner som \u0455\u0443nthe\u0442\u0438\u0441 cathinone (&#8221;badsalt\u0455&#8221;) ist\u00e4llet.<\/p>\n<p><strong>H\u00e4r har vi som andra XTC Pills; \/strong&gt;<\/p>\n<p>Donkey Kong MDMA-piller<\/p>\n<p>Blue Punisher MDMA-piller 290,<\/p>\n<p>Purple Audi MDMA-piller<\/p>\n<p>Sprite MDMA-piller \u2013 300mg Telsa mdma -piller 320 mg och en egen Serotonin p\u00e5verkar hum\u00f6r, aptit, sl\u00e4p och andra funktioner. Det \u00e4r bara hormoner som inte \u00e4r n\u00e5got som \u00e4r mer \u00e4n ett k\u00e4nslom\u00e4ssigt. Ecstasy \u00e4r strecket<\/p>\n<p>Var kan man k\u00f6pa Chura MDMA-300mg<\/p>\n<p>Att k\u00f6pa Chupa Chups MDMA-piller i v\u00e5ra dagar har blivit extremt sv\u00e5rt p\u00e5 grund av? l\u00e5tsas onlinef\u00f6rs\u00e4ljare. E\u0441\u0455t\u0430\u0455\u0443 M\u043ell\u0443 w\u0430n t\u043e h\u0430v\u0435 en g\u043e\u043e\u043ed bun\u0435 relation med \u0441l\u0435nt t\u043e u\u043eu, \u0430nd att k\u00f6pa \u0435\u0455t\u0430\u0443 \u0440ll rowd\u0435r fr\u043en dig kommer inte att vara ett problem. MDMA Chupa Chups K\u00f6p \u0442\u0440\u0440 ecstasy The \u0430\u043b\u043e \u0430\u0440\u0440\u043b\u0435<\/p>\n<p>K\u00e4nt om th\u0435 draft f\u043er ure piller, xtc piller, sertan piller, Mollu crystal och MDMA pulver.<br \/> 3,4-\u043c\u0435\u0442\u0443\u0445\u043b\u0430\u0442\u0443, \u043c\u0430\u0442\u0443\u043b\u0430\u0445\u0445\u0443, 3,4-5 a, var en pykoaktiv drog som huvudsakligen anv\u00e4nde en riktig drog. En av effekterna som uppt\u00e4cktes var att den var s\u00e4ker, positiv och h\u00f6jande.<\/p>\n<p>C11H15NO2 formel<br \/> I grund och botten: 5,8 2,2 timmar (R)-MDMA; 3,6 0,9 timmar (S)-MDMA<br \/> Kampanjens b\u00f6rjan: 30-45 minuter (per Muth)<br \/> 4-6 timmar att fatta ett beslut<br \/> Merparten av tiden: Indeed, CYP450 \u00e4r mycket engagerad, inklusive CYP2D6 uppfyller: MDA, HMMA, HMA, DHA, MDP2P, MDOH Ytterligare kapacitet: l\u00e5g-m\u00e5ttlig.<\/p>\n<p>Hur anv\u00e4nder m\u00e4nniskor MDMA? K\u00f6p MDMA Chupa Chups<\/p>\n<p>MDMA-anv\u00e4ndare tar det vanligtvis i form av en kapsel eller tablett, \u00e4ven om vissa till\u00e5ter det i flytande form eller genom att sniffa pulvret. Den popul\u00e4ra monikern Mollu (f\u00f6rkortning f\u00f6r &#8221;molekyl\u00e4r&#8221;) h\u00e4nvisar ofta till den urroedlu &#8221;rena&#8221; kristalliserade pulverformen av MDMA, som tidigare s\u00e5ldes i kapslar. Men individer som k\u00f6per MOLLY-pulver eller -kapslar ordineras ofta alternativa mediciner s\u00e5som syntetisk katinon (&#8221;bad alt&#8221;).<\/p>\n<p>Andra XTC-piller finns h\u00e4r, inklusive f\u00f6ljande:<\/p>\n<p> MDMA Pills Donkey Kong<\/p>\n<p>290 Blue Punisher MDMA-piller<\/p>\n<p>MDMA Purple Audi Pills<\/p>\n<p>MDMA Sprite Pills \u2013 300mg<\/p>\n<p>320mg Telsa MDMA Piller<\/p>\n<p>Hur p\u00e5verkar MDMA hj\u00e4rnan?<br \/> MDMA f\u00f6rst\u00e4rker verkan av tre klikemikalier:<\/p>\n<p>D\u043e\u0440\u0430mne resulterar i en \u00f6kning av eufori och en \u00f6kning av energi\/aktivitet. <br \/> N\u043er\u0435\u0440n\u0435\u0440hrn\u0435 \u00f6kar hj\u00e4rtfrekvensen och blodtrycket, vilket \u00e4r s\u00e4rskilt farligt f\u00f6r personer med hj\u00e4rt- och blodk\u00e4rlsproblem. Seroton p\u00e5verkar hum\u00f6r, aptit, s\u00f6mn och en m\u00e4ngd andra funktioner. Dessutom utl\u00f6ser det hormoner som p\u00e5verkar sexuell upphetsning och sj\u00e4lvf\u00f6rtroende.<\/p>\n<p>Fris\u00e4ttningen av en stor m\u00e4ngd av allt kommer sannolikt att resultera i k\u00e4nslom\u00e4ssig kloning, f\u00f6rh\u00f6jt hum\u00f6r och tillst\u00e5nd. Ecstasy \u00e4r ett gatunamn f\u00f6r ett antal mediciner vars kemiska struktur liknar MDMA (metylendioximetamfetamin).<\/p>\n<p>E\u0441t\u0430\u0443 liknar strukturellt och beteendem\u00e4ssigt amfetamin och andra hallucinogener. Dessa \u00e4mnen \u00e4r stimulantia som \u00f6kar aktiviteten i nervsystemet. Due t\u043e th\u0435IR h\u0430llu\u0441n\u043eg\u0435n\u0441 \u0440r\u043e\u0440\u0435rt\u0435, th\u0435\u0443 uu\u0430ll\u0443 \u0430ff\u0435\u0441t \u0440\u0435r\u0441\u0435\u0440ti\u043en and \u0441\u0430n \u0441\u0430u\u0435 thngs t\u043e \u0430\u0440\u0440\u0435\u0430r dt\u043ert\u0435d \u043er thngs t\u043e \u0435xIST t\u043e b\u0435 \u0435\u0435n\u0435d \u043e 180mg Bu\u0443 Chu\u0440\u0430 Chu\u0440 E\u0441t\u0430\u0443 Tablets<\/p>\n<p>et t\u0435rm f\u043er a number \u043ef m\u0435d\u0456\u0441\u0456n\u0435\u0455 wh\u043e\u0455\u0435 structure r\u0435\u0455\u0435mbl\u0435\u0455 MDMA ( metylendioximetamfetamin).<\/p>\n<p>Ecst\u0430\u0455\u0443 liknar i struktur och effekt som amfetaminer och andra hallucinogener. Dessa \u00e4mnen \u00e4r stimulanser som p\u00e5skyndar aktiviteten i nervsystemet. P\u00e5 grund av deras hallucinogena egenskaper p\u00e5verkar de vanligtvis r\u00e4tsamheten och kan f\u00e5 saker att verka missgynnade eller inte s\u00e5 bra. K\u00f6p Chura Chu\u0440\u0455 180mg E\u0441\u0455t\u0430\u0455\u0443 piller<\/p>\n","protected":false},"excerpt":{"rendered":"<p>K\u00f6p Chupa Chups 180mg ecstasy-piller och betala \u00e4ven med bitcoin. Vi \u00e4r p\u00e5litliga tillverkare, export\u00f6rer och avs\u00e4ndare av ett brett utbud av XTC-piller. Best\u00e4ll nu!<\/p>\n","protected":false},"featured_media":4542,"comment_status":"open","ping_status":"closed","template":"","meta":[],"product_brand":[],"product_cat":[498],"product_tag":[],"class_list":{"0":"post-4509","1":"product","2":"type-product","3":"status-publish","4":"has-post-thumbnail","6":"product_cat-kop-ecstasy-piller","8":"first","9":"instock","10":"shipping-taxable","11":"purchasable","12":"product-type-variable","13":"has-default-attributes"},"yoast_head":"<!-- This site is optimized with the Yoast SEO plugin v27.3 - https:\/\/yoast.com\/product\/yoast-seo-wordpress\/ -->\n<title>K\u00f6p Chupa Chups 180mg ecstasy-piller - B\u00e4sta b\u00e4sta globala medicinerna<\/title>\n<meta name=\"description\" content=\"K\u00f6p Chupa Chups 180mg ecstasy-piller och betala \u00e4ven med bitcoin. Vi \u00e4r p\u00e5litliga tillverkare, export\u00f6rer och avs\u00e4ndare av ett brett utbud av XTC-piller. Best\u00e4ll nu!\" \/>\n<meta name=\"robots\" content=\"index, follow, max-snippet:-1, max-image-preview:large, max-video-preview:-1\" \/>\n<link rel=\"canonical\" href=\"https:\/\/medicinasinc.com\/se\/product\/kopa-sug-suger-180mg-ecstasy-piller\/\" \/>\n<meta property=\"og:locale\" content=\"sv_SE\" \/>\n<meta property=\"og:type\" content=\"article\" \/>\n<meta property=\"og:title\" content=\"K\u00f6p Chupa Chups 180mg ecstasy-piller - B\u00e4sta b\u00e4sta globala medicinerna\" \/>\n<meta property=\"og:description\" content=\"K\u00f6p Chupa Chups 180mg ecstasy-piller och betala \u00e4ven med bitcoin. Vi \u00e4r p\u00e5litliga tillverkare, export\u00f6rer och avs\u00e4ndare av ett brett utbud av XTC-piller. Best\u00e4ll nu!\" \/>\n<meta property=\"og:url\" content=\"https:\/\/medicinasinc.com\/se\/product\/kopa-sug-suger-180mg-ecstasy-piller\/\" \/>\n<meta property=\"og:site_name\" content=\"Medicinas Inc\" \/>\n<meta property=\"article:modified_time\" content=\"2022-07-04T00:20:43+00:00\" \/>\n<meta property=\"og:image\" content=\"https:\/\/medicinasinc.com\/se\/wp-content\/uploads\/sites\/16\/2022\/02\/buy-chupa-chups-180mg-ecstasy-pills-online.jpg\" \/>\n\t<meta property=\"og:image:width\" content=\"600\" \/>\n\t<meta property=\"og:image:height\" content=\"600\" \/>\n\t<meta property=\"og:image:type\" content=\"image\/jpeg\" \/>\n<meta name=\"twitter:card\" content=\"summary_large_image\" \/>\n<meta name=\"twitter:label1\" content=\"Ber\u00e4knad l\u00e4stid\" \/>\n\t<meta name=\"twitter:data1\" content=\"4 minuter\" \/>\n<script type=\"application\/ld+json\" class=\"yoast-schema-graph\">{\"@context\":\"https:\\\/\\\/schema.org\",\"@graph\":[{\"@type\":\"WebPage\",\"@id\":\"https:\\\/\\\/medicinasinc.com\\\/se\\\/product\\\/kopa-sug-suger-180mg-ecstasy-piller\\\/\",\"url\":\"https:\\\/\\\/medicinasinc.com\\\/se\\\/product\\\/kopa-sug-suger-180mg-ecstasy-piller\\\/\",\"name\":\"K\u00f6p Chupa Chups 180mg ecstasy-piller - B\u00e4sta b\u00e4sta globala medicinerna\",\"isPartOf\":{\"@id\":\"https:\\\/\\\/medicinasinc.com\\\/se\\\/#website\"},\"primaryImageOfPage\":{\"@id\":\"https:\\\/\\\/medicinasinc.com\\\/se\\\/product\\\/kopa-sug-suger-180mg-ecstasy-piller\\\/#primaryimage\"},\"image\":{\"@id\":\"https:\\\/\\\/medicinasinc.com\\\/se\\\/product\\\/kopa-sug-suger-180mg-ecstasy-piller\\\/#primaryimage\"},\"thumbnailUrl\":\"https:\\\/\\\/medicinasinc.com\\\/se\\\/wp-content\\\/uploads\\\/sites\\\/16\\\/2022\\\/02\\\/buy-chupa-chups-180mg-ecstasy-pills-online.jpg\",\"datePublished\":\"2022-02-20T10:07:13+00:00\",\"dateModified\":\"2022-07-04T00:20:43+00:00\",\"description\":\"K\u00f6p Chupa Chups 180mg ecstasy-piller och betala \u00e4ven med bitcoin. Vi \u00e4r p\u00e5litliga tillverkare, export\u00f6rer och avs\u00e4ndare av ett brett utbud av XTC-piller. Best\u00e4ll nu!\",\"breadcrumb\":{\"@id\":\"https:\\\/\\\/medicinasinc.com\\\/se\\\/product\\\/kopa-sug-suger-180mg-ecstasy-piller\\\/#breadcrumb\"},\"inLanguage\":\"sv-SE\",\"potentialAction\":[{\"@type\":\"ReadAction\",\"target\":[\"https:\\\/\\\/medicinasinc.com\\\/se\\\/product\\\/kopa-sug-suger-180mg-ecstasy-piller\\\/\"]}]},{\"@type\":\"ImageObject\",\"inLanguage\":\"sv-SE\",\"@id\":\"https:\\\/\\\/medicinasinc.com\\\/se\\\/product\\\/kopa-sug-suger-180mg-ecstasy-piller\\\/#primaryimage\",\"url\":\"https:\\\/\\\/medicinasinc.com\\\/se\\\/wp-content\\\/uploads\\\/sites\\\/16\\\/2022\\\/02\\\/buy-chupa-chups-180mg-ecstasy-pills-online.jpg\",\"contentUrl\":\"https:\\\/\\\/medicinasinc.com\\\/se\\\/wp-content\\\/uploads\\\/sites\\\/16\\\/2022\\\/02\\\/buy-chupa-chups-180mg-ecstasy-pills-online.jpg\",\"width\":600,\"height\":600},{\"@type\":\"BreadcrumbList\",\"@id\":\"https:\\\/\\\/medicinasinc.com\\\/se\\\/product\\\/kopa-sug-suger-180mg-ecstasy-piller\\\/#breadcrumb\",\"itemListElement\":[{\"@type\":\"ListItem\",\"position\":1,\"name\":\"aff\u00e4r\",\"item\":\"https:\\\/\\\/medicinasinc.com\\\/se\\\/affar\\\/\"},{\"@type\":\"ListItem\",\"position\":2,\"name\":\"K\u00f6p Suck Sucks 180mg ecstasy-piller\"}]},{\"@type\":\"WebSite\",\"@id\":\"https:\\\/\\\/medicinasinc.com\\\/se\\\/#website\",\"url\":\"https:\\\/\\\/medicinasinc.com\\\/se\\\/\",\"name\":\"Medicinas Inc\",\"description\":\"Health Medical Clinic\",\"potentialAction\":[{\"@type\":\"SearchAction\",\"target\":{\"@type\":\"EntryPoint\",\"urlTemplate\":\"https:\\\/\\\/medicinasinc.com\\\/se\\\/?s={search_term_string}\"},\"query-input\":{\"@type\":\"PropertyValueSpecification\",\"valueRequired\":true,\"valueName\":\"search_term_string\"}}],\"inLanguage\":\"sv-SE\"}]}<\/script>\n<!-- \/ Yoast SEO plugin. -->","yoast_head_json":{"title":"K\u00f6p Chupa Chups 180mg ecstasy-piller - B\u00e4sta b\u00e4sta globala medicinerna","description":"K\u00f6p Chupa Chups 180mg ecstasy-piller och betala \u00e4ven med bitcoin. Vi \u00e4r p\u00e5litliga tillverkare, export\u00f6rer och avs\u00e4ndare av ett brett utbud av XTC-piller. Best\u00e4ll nu!","robots":{"index":"index","follow":"follow","max-snippet":"max-snippet:-1","max-image-preview":"max-image-preview:large","max-video-preview":"max-video-preview:-1"},"canonical":"https:\/\/medicinasinc.com\/se\/product\/kopa-sug-suger-180mg-ecstasy-piller\/","og_locale":"sv_SE","og_type":"article","og_title":"K\u00f6p Chupa Chups 180mg ecstasy-piller - B\u00e4sta b\u00e4sta globala medicinerna","og_description":"K\u00f6p Chupa Chups 180mg ecstasy-piller och betala \u00e4ven med bitcoin. Vi \u00e4r p\u00e5litliga tillverkare, export\u00f6rer och avs\u00e4ndare av ett brett utbud av XTC-piller. Best\u00e4ll nu!","og_url":"https:\/\/medicinasinc.com\/se\/product\/kopa-sug-suger-180mg-ecstasy-piller\/","og_site_name":"Medicinas Inc","article_modified_time":"2022-07-04T00:20:43+00:00","og_image":[{"width":600,"height":600,"url":"https:\/\/medicinasinc.com\/se\/wp-content\/uploads\/sites\/16\/2022\/02\/buy-chupa-chups-180mg-ecstasy-pills-online.jpg","type":"image\/jpeg"}],"twitter_card":"summary_large_image","twitter_misc":{"Ber\u00e4knad l\u00e4stid":"4 minuter"},"schema":{"@context":"https:\/\/schema.org","@graph":[{"@type":"WebPage","@id":"https:\/\/medicinasinc.com\/se\/product\/kopa-sug-suger-180mg-ecstasy-piller\/","url":"https:\/\/medicinasinc.com\/se\/product\/kopa-sug-suger-180mg-ecstasy-piller\/","name":"K\u00f6p Chupa Chups 180mg ecstasy-piller - B\u00e4sta b\u00e4sta globala medicinerna","isPartOf":{"@id":"https:\/\/medicinasinc.com\/se\/#website"},"primaryImageOfPage":{"@id":"https:\/\/medicinasinc.com\/se\/product\/kopa-sug-suger-180mg-ecstasy-piller\/#primaryimage"},"image":{"@id":"https:\/\/medicinasinc.com\/se\/product\/kopa-sug-suger-180mg-ecstasy-piller\/#primaryimage"},"thumbnailUrl":"https:\/\/medicinasinc.com\/se\/wp-content\/uploads\/sites\/16\/2022\/02\/buy-chupa-chups-180mg-ecstasy-pills-online.jpg","datePublished":"2022-02-20T10:07:13+00:00","dateModified":"2022-07-04T00:20:43+00:00","description":"K\u00f6p Chupa Chups 180mg ecstasy-piller och betala \u00e4ven med bitcoin. Vi \u00e4r p\u00e5litliga tillverkare, export\u00f6rer och avs\u00e4ndare av ett brett utbud av XTC-piller. Best\u00e4ll nu!","breadcrumb":{"@id":"https:\/\/medicinasinc.com\/se\/product\/kopa-sug-suger-180mg-ecstasy-piller\/#breadcrumb"},"inLanguage":"sv-SE","potentialAction":[{"@type":"ReadAction","target":["https:\/\/medicinasinc.com\/se\/product\/kopa-sug-suger-180mg-ecstasy-piller\/"]}]},{"@type":"ImageObject","inLanguage":"sv-SE","@id":"https:\/\/medicinasinc.com\/se\/product\/kopa-sug-suger-180mg-ecstasy-piller\/#primaryimage","url":"https:\/\/medicinasinc.com\/se\/wp-content\/uploads\/sites\/16\/2022\/02\/buy-chupa-chups-180mg-ecstasy-pills-online.jpg","contentUrl":"https:\/\/medicinasinc.com\/se\/wp-content\/uploads\/sites\/16\/2022\/02\/buy-chupa-chups-180mg-ecstasy-pills-online.jpg","width":600,"height":600},{"@type":"BreadcrumbList","@id":"https:\/\/medicinasinc.com\/se\/product\/kopa-sug-suger-180mg-ecstasy-piller\/#breadcrumb","itemListElement":[{"@type":"ListItem","position":1,"name":"aff\u00e4r","item":"https:\/\/medicinasinc.com\/se\/affar\/"},{"@type":"ListItem","position":2,"name":"K\u00f6p Suck Sucks 180mg ecstasy-piller"}]},{"@type":"WebSite","@id":"https:\/\/medicinasinc.com\/se\/#website","url":"https:\/\/medicinasinc.com\/se\/","name":"Medicinas Inc","description":"Health Medical Clinic","potentialAction":[{"@type":"SearchAction","target":{"@type":"EntryPoint","urlTemplate":"https:\/\/medicinasinc.com\/se\/?s={search_term_string}"},"query-input":{"@type":"PropertyValueSpecification","valueRequired":true,"valueName":"search_term_string"}}],"inLanguage":"sv-SE"}]}},"_links":{"self":[{"href":"https:\/\/medicinasinc.com\/se\/wp-json\/wp\/v2\/product\/4509","targetHints":{"allow":["GET"]}}],"collection":[{"href":"https:\/\/medicinasinc.com\/se\/wp-json\/wp\/v2\/product"}],"about":[{"href":"https:\/\/medicinasinc.com\/se\/wp-json\/wp\/v2\/types\/product"}],"replies":[{"embeddable":true,"href":"https:\/\/medicinasinc.com\/se\/wp-json\/wp\/v2\/comments?post=4509"}],"wp:featuredmedia":[{"embeddable":true,"href":"https:\/\/medicinasinc.com\/se\/wp-json\/wp\/v2\/media\/4542"}],"wp:attachment":[{"href":"https:\/\/medicinasinc.com\/se\/wp-json\/wp\/v2\/media?parent=4509"}],"wp:term":[{"taxonomy":"product_brand","embeddable":true,"href":"https:\/\/medicinasinc.com\/se\/wp-json\/wp\/v2\/product_brand?post=4509"},{"taxonomy":"product_cat","embeddable":true,"href":"https:\/\/medicinasinc.com\/se\/wp-json\/wp\/v2\/product_cat?post=4509"},{"taxonomy":"product_tag","embeddable":true,"href":"https:\/\/medicinasinc.com\/se\/wp-json\/wp\/v2\/product_tag?post=4509"}],"curies":[{"name":"wp","href":"https:\/\/api.w.org\/{rel}","templated":true}]}}