{"id":4468,"date":"2022-02-20T09:37:05","date_gmt":"2022-02-20T09:37:05","guid":{"rendered":"https:\/\/medicinasinc.com\/se\/?post_type=product&#038;p=4468"},"modified":"2022-07-04T00:33:18","modified_gmt":"2022-07-04T00:33:18","slug":"kopa-rexcof-hostsirap","status":"publish","type":"product","link":"https:\/\/medicinasinc.com\/se\/product\/kopa-rexcof-hostsirap\/","title":{"rendered":"K\u00f6p Rexcof hostsaft"},"content":{"rendered":"<h1>K\u00f6p Rexcof-hostsaft.<\/h1>\n<p>K\u00f6p Rexcof-hostsaft. Vi har \u00e4ven Actavis till salu. K\u00f6p kokain online.<\/p>\n","protected":false},"excerpt":{"rendered":"<p>K\u00f6p Rexcof hostsaft. Kodein eller metylmorfin \u00e4r ett opiat som anv\u00e4nds f\u00f6r sina sm\u00e4rtstillande, hostd\u00e4mpande och antidiarr\u00e9egenskaper. Vi erbjuder gratis frakt p\u00e5 grossistbest\u00e4llningar<\/p>\n","protected":false},"featured_media":4503,"comment_status":"open","ping_status":"closed","template":"","meta":[],"product_brand":[],"product_cat":[497],"product_tag":[],"class_list":{"0":"post-4468","1":"product","2":"type-product","3":"status-publish","4":"has-post-thumbnail","6":"product_cat-kop-hostsaft","8":"first","9":"instock","10":"shipping-taxable","11":"purchasable","12":"product-type-variable"},"yoast_head":"<!-- This site is optimized with the Yoast SEO plugin v27.3 - https:\/\/yoast.com\/product\/yoast-seo-wordpress\/ -->\n<title>K\u00f6p Rexcof hostsaft - B\u00e4sta b\u00e4sta globala medicinerna<\/title>\n<meta name=\"description\" content=\"K\u00f6p rexcof hostsaft till salu Storbritannien, Europa. Kodein eller metylmorfin \u00e4r ett opiat som anv\u00e4nds f\u00f6r sina sm\u00e4rtstillande, hostd\u00e4mpande och antidiarr\u00e9egenskaper. Vi erbjuder fri frakt p\u00e5 grossistbest\u00e4llningar\" \/>\n<meta name=\"robots\" content=\"index, follow, max-snippet:-1, max-image-preview:large, max-video-preview:-1\" \/>\n<link rel=\"canonical\" href=\"https:\/\/medicinasinc.com\/se\/product\/kopa-rexcof-hostsirap\/\" \/>\n<meta property=\"og:locale\" content=\"sv_SE\" \/>\n<meta property=\"og:type\" content=\"article\" \/>\n<meta property=\"og:title\" content=\"K\u00f6p Rexcof hostsaft - B\u00e4sta b\u00e4sta globala medicinerna\" \/>\n<meta property=\"og:description\" content=\"K\u00f6p rexcof hostsaft till salu Storbritannien, Europa. Kodein eller metylmorfin \u00e4r ett opiat som anv\u00e4nds f\u00f6r sina sm\u00e4rtstillande, hostd\u00e4mpande och antidiarr\u00e9egenskaper. Vi erbjuder fri frakt p\u00e5 grossistbest\u00e4llningar\" \/>\n<meta property=\"og:url\" content=\"https:\/\/medicinasinc.com\/se\/product\/kopa-rexcof-hostsirap\/\" \/>\n<meta property=\"og:site_name\" content=\"Medicinas Inc\" \/>\n<meta property=\"article:modified_time\" content=\"2022-07-04T00:33:18+00:00\" \/>\n<meta property=\"og:image\" content=\"https:\/\/medicinasinc.com\/se\/wp-content\/uploads\/sites\/16\/2022\/02\/buy-rexcof-cough-syrup.jpg\" \/>\n\t<meta property=\"og:image:width\" content=\"600\" \/>\n\t<meta property=\"og:image:height\" content=\"600\" \/>\n\t<meta property=\"og:image:type\" content=\"image\/jpeg\" \/>\n<meta name=\"twitter:card\" content=\"summary_large_image\" \/>\n<meta name=\"twitter:label1\" content=\"Ber\u00e4knad l\u00e4stid\" \/>\n\t<meta name=\"twitter:data1\" content=\"1 minut\" \/>\n<script type=\"application\/ld+json\" class=\"yoast-schema-graph\">{\"@context\":\"https:\\\/\\\/schema.org\",\"@graph\":[{\"@type\":\"WebPage\",\"@id\":\"https:\\\/\\\/medicinasinc.com\\\/se\\\/product\\\/kopa-rexcof-hostsirap\\\/\",\"url\":\"https:\\\/\\\/medicinasinc.com\\\/se\\\/product\\\/kopa-rexcof-hostsirap\\\/\",\"name\":\"K\u00f6p Rexcof hostsaft - B\u00e4sta b\u00e4sta globala medicinerna\",\"isPartOf\":{\"@id\":\"https:\\\/\\\/medicinasinc.com\\\/se\\\/#website\"},\"primaryImageOfPage\":{\"@id\":\"https:\\\/\\\/medicinasinc.com\\\/se\\\/product\\\/kopa-rexcof-hostsirap\\\/#primaryimage\"},\"image\":{\"@id\":\"https:\\\/\\\/medicinasinc.com\\\/se\\\/product\\\/kopa-rexcof-hostsirap\\\/#primaryimage\"},\"thumbnailUrl\":\"https:\\\/\\\/medicinasinc.com\\\/se\\\/wp-content\\\/uploads\\\/sites\\\/16\\\/2022\\\/02\\\/buy-rexcof-cough-syrup.jpg\",\"datePublished\":\"2022-02-20T09:37:05+00:00\",\"dateModified\":\"2022-07-04T00:33:18+00:00\",\"description\":\"K\u00f6p rexcof hostsaft till salu Storbritannien, Europa. Kodein eller metylmorfin \u00e4r ett opiat som anv\u00e4nds f\u00f6r sina sm\u00e4rtstillande, hostd\u00e4mpande och antidiarr\u00e9egenskaper. Vi erbjuder fri frakt p\u00e5 grossistbest\u00e4llningar\",\"breadcrumb\":{\"@id\":\"https:\\\/\\\/medicinasinc.com\\\/se\\\/product\\\/kopa-rexcof-hostsirap\\\/#breadcrumb\"},\"inLanguage\":\"sv-SE\",\"potentialAction\":[{\"@type\":\"ReadAction\",\"target\":[\"https:\\\/\\\/medicinasinc.com\\\/se\\\/product\\\/kopa-rexcof-hostsirap\\\/\"]}]},{\"@type\":\"ImageObject\",\"inLanguage\":\"sv-SE\",\"@id\":\"https:\\\/\\\/medicinasinc.com\\\/se\\\/product\\\/kopa-rexcof-hostsirap\\\/#primaryimage\",\"url\":\"https:\\\/\\\/medicinasinc.com\\\/se\\\/wp-content\\\/uploads\\\/sites\\\/16\\\/2022\\\/02\\\/buy-rexcof-cough-syrup.jpg\",\"contentUrl\":\"https:\\\/\\\/medicinasinc.com\\\/se\\\/wp-content\\\/uploads\\\/sites\\\/16\\\/2022\\\/02\\\/buy-rexcof-cough-syrup.jpg\",\"width\":600,\"height\":600},{\"@type\":\"BreadcrumbList\",\"@id\":\"https:\\\/\\\/medicinasinc.com\\\/se\\\/product\\\/kopa-rexcof-hostsirap\\\/#breadcrumb\",\"itemListElement\":[{\"@type\":\"ListItem\",\"position\":1,\"name\":\"aff\u00e4r\",\"item\":\"https:\\\/\\\/medicinasinc.com\\\/se\\\/affar\\\/\"},{\"@type\":\"ListItem\",\"position\":2,\"name\":\"K\u00f6p Rexcof hostsaft\"}]},{\"@type\":\"WebSite\",\"@id\":\"https:\\\/\\\/medicinasinc.com\\\/se\\\/#website\",\"url\":\"https:\\\/\\\/medicinasinc.com\\\/se\\\/\",\"name\":\"Medicinas Inc\",\"description\":\"Health Medical Clinic\",\"potentialAction\":[{\"@type\":\"SearchAction\",\"target\":{\"@type\":\"EntryPoint\",\"urlTemplate\":\"https:\\\/\\\/medicinasinc.com\\\/se\\\/?s={search_term_string}\"},\"query-input\":{\"@type\":\"PropertyValueSpecification\",\"valueRequired\":true,\"valueName\":\"search_term_string\"}}],\"inLanguage\":\"sv-SE\"}]}<\/script>\n<!-- \/ Yoast SEO plugin. -->","yoast_head_json":{"title":"K\u00f6p Rexcof hostsaft - B\u00e4sta b\u00e4sta globala medicinerna","description":"K\u00f6p rexcof hostsaft till salu Storbritannien, Europa. Kodein eller metylmorfin \u00e4r ett opiat som anv\u00e4nds f\u00f6r sina sm\u00e4rtstillande, hostd\u00e4mpande och antidiarr\u00e9egenskaper. Vi erbjuder fri frakt p\u00e5 grossistbest\u00e4llningar","robots":{"index":"index","follow":"follow","max-snippet":"max-snippet:-1","max-image-preview":"max-image-preview:large","max-video-preview":"max-video-preview:-1"},"canonical":"https:\/\/medicinasinc.com\/se\/product\/kopa-rexcof-hostsirap\/","og_locale":"sv_SE","og_type":"article","og_title":"K\u00f6p Rexcof hostsaft - B\u00e4sta b\u00e4sta globala medicinerna","og_description":"K\u00f6p rexcof hostsaft till salu Storbritannien, Europa. Kodein eller metylmorfin \u00e4r ett opiat som anv\u00e4nds f\u00f6r sina sm\u00e4rtstillande, hostd\u00e4mpande och antidiarr\u00e9egenskaper. Vi erbjuder fri frakt p\u00e5 grossistbest\u00e4llningar","og_url":"https:\/\/medicinasinc.com\/se\/product\/kopa-rexcof-hostsirap\/","og_site_name":"Medicinas Inc","article_modified_time":"2022-07-04T00:33:18+00:00","og_image":[{"width":600,"height":600,"url":"https:\/\/medicinasinc.com\/se\/wp-content\/uploads\/sites\/16\/2022\/02\/buy-rexcof-cough-syrup.jpg","type":"image\/jpeg"}],"twitter_card":"summary_large_image","twitter_misc":{"Ber\u00e4knad l\u00e4stid":"1 minut"},"schema":{"@context":"https:\/\/schema.org","@graph":[{"@type":"WebPage","@id":"https:\/\/medicinasinc.com\/se\/product\/kopa-rexcof-hostsirap\/","url":"https:\/\/medicinasinc.com\/se\/product\/kopa-rexcof-hostsirap\/","name":"K\u00f6p Rexcof hostsaft - B\u00e4sta b\u00e4sta globala medicinerna","isPartOf":{"@id":"https:\/\/medicinasinc.com\/se\/#website"},"primaryImageOfPage":{"@id":"https:\/\/medicinasinc.com\/se\/product\/kopa-rexcof-hostsirap\/#primaryimage"},"image":{"@id":"https:\/\/medicinasinc.com\/se\/product\/kopa-rexcof-hostsirap\/#primaryimage"},"thumbnailUrl":"https:\/\/medicinasinc.com\/se\/wp-content\/uploads\/sites\/16\/2022\/02\/buy-rexcof-cough-syrup.jpg","datePublished":"2022-02-20T09:37:05+00:00","dateModified":"2022-07-04T00:33:18+00:00","description":"K\u00f6p rexcof hostsaft till salu Storbritannien, Europa. Kodein eller metylmorfin \u00e4r ett opiat som anv\u00e4nds f\u00f6r sina sm\u00e4rtstillande, hostd\u00e4mpande och antidiarr\u00e9egenskaper. Vi erbjuder fri frakt p\u00e5 grossistbest\u00e4llningar","breadcrumb":{"@id":"https:\/\/medicinasinc.com\/se\/product\/kopa-rexcof-hostsirap\/#breadcrumb"},"inLanguage":"sv-SE","potentialAction":[{"@type":"ReadAction","target":["https:\/\/medicinasinc.com\/se\/product\/kopa-rexcof-hostsirap\/"]}]},{"@type":"ImageObject","inLanguage":"sv-SE","@id":"https:\/\/medicinasinc.com\/se\/product\/kopa-rexcof-hostsirap\/#primaryimage","url":"https:\/\/medicinasinc.com\/se\/wp-content\/uploads\/sites\/16\/2022\/02\/buy-rexcof-cough-syrup.jpg","contentUrl":"https:\/\/medicinasinc.com\/se\/wp-content\/uploads\/sites\/16\/2022\/02\/buy-rexcof-cough-syrup.jpg","width":600,"height":600},{"@type":"BreadcrumbList","@id":"https:\/\/medicinasinc.com\/se\/product\/kopa-rexcof-hostsirap\/#breadcrumb","itemListElement":[{"@type":"ListItem","position":1,"name":"aff\u00e4r","item":"https:\/\/medicinasinc.com\/se\/affar\/"},{"@type":"ListItem","position":2,"name":"K\u00f6p Rexcof hostsaft"}]},{"@type":"WebSite","@id":"https:\/\/medicinasinc.com\/se\/#website","url":"https:\/\/medicinasinc.com\/se\/","name":"Medicinas Inc","description":"Health Medical Clinic","potentialAction":[{"@type":"SearchAction","target":{"@type":"EntryPoint","urlTemplate":"https:\/\/medicinasinc.com\/se\/?s={search_term_string}"},"query-input":{"@type":"PropertyValueSpecification","valueRequired":true,"valueName":"search_term_string"}}],"inLanguage":"sv-SE"}]}},"_links":{"self":[{"href":"https:\/\/medicinasinc.com\/se\/wp-json\/wp\/v2\/product\/4468","targetHints":{"allow":["GET"]}}],"collection":[{"href":"https:\/\/medicinasinc.com\/se\/wp-json\/wp\/v2\/product"}],"about":[{"href":"https:\/\/medicinasinc.com\/se\/wp-json\/wp\/v2\/types\/product"}],"replies":[{"embeddable":true,"href":"https:\/\/medicinasinc.com\/se\/wp-json\/wp\/v2\/comments?post=4468"}],"wp:featuredmedia":[{"embeddable":true,"href":"https:\/\/medicinasinc.com\/se\/wp-json\/wp\/v2\/media\/4503"}],"wp:attachment":[{"href":"https:\/\/medicinasinc.com\/se\/wp-json\/wp\/v2\/media?parent=4468"}],"wp:term":[{"taxonomy":"product_brand","embeddable":true,"href":"https:\/\/medicinasinc.com\/se\/wp-json\/wp\/v2\/product_brand?post=4468"},{"taxonomy":"product_cat","embeddable":true,"href":"https:\/\/medicinasinc.com\/se\/wp-json\/wp\/v2\/product_cat?post=4468"},{"taxonomy":"product_tag","embeddable":true,"href":"https:\/\/medicinasinc.com\/se\/wp-json\/wp\/v2\/product_tag?post=4468"}],"curies":[{"name":"wp","href":"https:\/\/api.w.org\/{rel}","templated":true}]}}