{"id":4460,"date":"2022-02-20T09:31:07","date_gmt":"2022-02-20T09:31:07","guid":{"rendered":"https:\/\/medicinasinc.com\/se\/?post_type=product&#038;p=4460"},"modified":"2022-07-04T00:33:29","modified_gmt":"2022-07-04T00:33:29","slug":"kopa-prometazin-sirap","status":"publish","type":"product","link":"https:\/\/medicinasinc.com\/se\/product\/kopa-prometazin-sirap\/","title":{"rendered":"K\u00f6p Promethazine Sirap"},"content":{"rendered":"<h1>K\u00f6p Promethazine DM Sirup Qualitest.<\/h1>\n<p>K\u00f6p Promethazine DM Syrup Qualitest. Vi har ocks\u00e5 crystal meth. De flesta av v\u00e5ra forskningskemikalier har framg\u00e5ngsrikt genomg\u00e5tt kvalitetskontroll.<\/p>\n","protected":false},"excerpt":{"rendered":"<p>K\u00f6p Promethazine Sirap till salu Storbritannien, Europa. Garanterat l\u00e4gsta priser. diskret frakt! B\u00e4sta globala mediciner. Billigt generiskt kodein.<\/p>\n<p>K\u00f6p Promethazine DM Sirap fr\u00e5n Qualitest.<\/p>\n<p>Promethazine DM Sirap fr\u00e5n Qualitest&#8230;<\/p>\n<p>Promethazine (Phenergan\u00ae) med Codeine Sirap 6,25mg\/10mg per 5 ml, 473 ml flaska<\/p>\n","protected":false},"featured_media":4495,"comment_status":"open","ping_status":"closed","template":"","meta":[],"product_brand":[],"product_cat":[497],"product_tag":[],"class_list":{"0":"post-4460","1":"product","2":"type-product","3":"status-publish","4":"has-post-thumbnail","6":"product_cat-kop-hostsaft","8":"first","9":"instock","10":"shipping-taxable","11":"purchasable","12":"product-type-variable"},"yoast_head":"<!-- This site is optimized with the Yoast SEO plugin v27.3 - https:\/\/yoast.com\/product\/yoast-seo-wordpress\/ -->\n<title>K\u00f6p Promethazine Sirap - Best Best Global Meds<\/title>\n<meta name=\"description\" content=\"K\u00f6p Promethazine Sirap till salu Storbritannien, Europa. Garanterat l\u00e4gsta priser. diskret frakt! B\u00e4sta globala mediciner. Billig generisk kodein.\" \/>\n<meta name=\"robots\" content=\"index, follow, max-snippet:-1, max-image-preview:large, max-video-preview:-1\" \/>\n<link rel=\"canonical\" href=\"https:\/\/medicinasinc.com\/se\/product\/kopa-prometazin-sirap\/\" \/>\n<meta property=\"og:locale\" content=\"sv_SE\" \/>\n<meta property=\"og:type\" content=\"article\" \/>\n<meta property=\"og:title\" content=\"K\u00f6p Promethazine Sirap - Best Best Global Meds\" \/>\n<meta property=\"og:description\" content=\"K\u00f6p Promethazine Sirap till salu Storbritannien, Europa. Garanterat l\u00e4gsta priser. diskret frakt! B\u00e4sta globala mediciner. Billig generisk kodein.\" \/>\n<meta property=\"og:url\" content=\"https:\/\/medicinasinc.com\/se\/product\/kopa-prometazin-sirap\/\" \/>\n<meta property=\"og:site_name\" content=\"Medicinas Inc\" \/>\n<meta property=\"article:modified_time\" content=\"2022-07-04T00:33:29+00:00\" \/>\n<meta property=\"og:image\" content=\"https:\/\/medicinasinc.com\/se\/wp-content\/uploads\/sites\/16\/2022\/02\/buy-promethazine-dm-syrup-qualitest.jpg\" \/>\n\t<meta property=\"og:image:width\" content=\"600\" \/>\n\t<meta property=\"og:image:height\" content=\"600\" \/>\n\t<meta property=\"og:image:type\" content=\"image\/jpeg\" \/>\n<meta name=\"twitter:card\" content=\"summary_large_image\" \/>\n<meta name=\"twitter:label1\" content=\"Ber\u00e4knad l\u00e4stid\" \/>\n\t<meta name=\"twitter:data1\" content=\"1 minut\" \/>\n<script type=\"application\/ld+json\" class=\"yoast-schema-graph\">{\"@context\":\"https:\\\/\\\/schema.org\",\"@graph\":[{\"@type\":\"WebPage\",\"@id\":\"https:\\\/\\\/medicinasinc.com\\\/se\\\/product\\\/kopa-prometazin-sirap\\\/\",\"url\":\"https:\\\/\\\/medicinasinc.com\\\/se\\\/product\\\/kopa-prometazin-sirap\\\/\",\"name\":\"K\u00f6p Promethazine Sirap - Best Best Global Meds\",\"isPartOf\":{\"@id\":\"https:\\\/\\\/medicinasinc.com\\\/se\\\/#website\"},\"primaryImageOfPage\":{\"@id\":\"https:\\\/\\\/medicinasinc.com\\\/se\\\/product\\\/kopa-prometazin-sirap\\\/#primaryimage\"},\"image\":{\"@id\":\"https:\\\/\\\/medicinasinc.com\\\/se\\\/product\\\/kopa-prometazin-sirap\\\/#primaryimage\"},\"thumbnailUrl\":\"https:\\\/\\\/medicinasinc.com\\\/se\\\/wp-content\\\/uploads\\\/sites\\\/16\\\/2022\\\/02\\\/buy-promethazine-dm-syrup-qualitest.jpg\",\"datePublished\":\"2022-02-20T09:31:07+00:00\",\"dateModified\":\"2022-07-04T00:33:29+00:00\",\"description\":\"K\u00f6p Promethazine Sirap till salu Storbritannien, Europa. Garanterat l\u00e4gsta priser. diskret frakt! B\u00e4sta globala mediciner. Billig generisk kodein.\",\"breadcrumb\":{\"@id\":\"https:\\\/\\\/medicinasinc.com\\\/se\\\/product\\\/kopa-prometazin-sirap\\\/#breadcrumb\"},\"inLanguage\":\"sv-SE\",\"potentialAction\":[{\"@type\":\"ReadAction\",\"target\":[\"https:\\\/\\\/medicinasinc.com\\\/se\\\/product\\\/kopa-prometazin-sirap\\\/\"]}]},{\"@type\":\"ImageObject\",\"inLanguage\":\"sv-SE\",\"@id\":\"https:\\\/\\\/medicinasinc.com\\\/se\\\/product\\\/kopa-prometazin-sirap\\\/#primaryimage\",\"url\":\"https:\\\/\\\/medicinasinc.com\\\/se\\\/wp-content\\\/uploads\\\/sites\\\/16\\\/2022\\\/02\\\/buy-promethazine-dm-syrup-qualitest.jpg\",\"contentUrl\":\"https:\\\/\\\/medicinasinc.com\\\/se\\\/wp-content\\\/uploads\\\/sites\\\/16\\\/2022\\\/02\\\/buy-promethazine-dm-syrup-qualitest.jpg\",\"width\":600,\"height\":600},{\"@type\":\"BreadcrumbList\",\"@id\":\"https:\\\/\\\/medicinasinc.com\\\/se\\\/product\\\/kopa-prometazin-sirap\\\/#breadcrumb\",\"itemListElement\":[{\"@type\":\"ListItem\",\"position\":1,\"name\":\"aff\u00e4r\",\"item\":\"https:\\\/\\\/medicinasinc.com\\\/se\\\/affar\\\/\"},{\"@type\":\"ListItem\",\"position\":2,\"name\":\"K\u00f6p Promethazine Sirap\"}]},{\"@type\":\"WebSite\",\"@id\":\"https:\\\/\\\/medicinasinc.com\\\/se\\\/#website\",\"url\":\"https:\\\/\\\/medicinasinc.com\\\/se\\\/\",\"name\":\"Medicinas Inc\",\"description\":\"Health Medical Clinic\",\"potentialAction\":[{\"@type\":\"SearchAction\",\"target\":{\"@type\":\"EntryPoint\",\"urlTemplate\":\"https:\\\/\\\/medicinasinc.com\\\/se\\\/?s={search_term_string}\"},\"query-input\":{\"@type\":\"PropertyValueSpecification\",\"valueRequired\":true,\"valueName\":\"search_term_string\"}}],\"inLanguage\":\"sv-SE\"}]}<\/script>\n<!-- \/ Yoast SEO plugin. -->","yoast_head_json":{"title":"K\u00f6p Promethazine Sirap - Best Best Global Meds","description":"K\u00f6p Promethazine Sirap till salu Storbritannien, Europa. Garanterat l\u00e4gsta priser. diskret frakt! B\u00e4sta globala mediciner. Billig generisk kodein.","robots":{"index":"index","follow":"follow","max-snippet":"max-snippet:-1","max-image-preview":"max-image-preview:large","max-video-preview":"max-video-preview:-1"},"canonical":"https:\/\/medicinasinc.com\/se\/product\/kopa-prometazin-sirap\/","og_locale":"sv_SE","og_type":"article","og_title":"K\u00f6p Promethazine Sirap - Best Best Global Meds","og_description":"K\u00f6p Promethazine Sirap till salu Storbritannien, Europa. Garanterat l\u00e4gsta priser. diskret frakt! B\u00e4sta globala mediciner. Billig generisk kodein.","og_url":"https:\/\/medicinasinc.com\/se\/product\/kopa-prometazin-sirap\/","og_site_name":"Medicinas Inc","article_modified_time":"2022-07-04T00:33:29+00:00","og_image":[{"width":600,"height":600,"url":"https:\/\/medicinasinc.com\/se\/wp-content\/uploads\/sites\/16\/2022\/02\/buy-promethazine-dm-syrup-qualitest.jpg","type":"image\/jpeg"}],"twitter_card":"summary_large_image","twitter_misc":{"Ber\u00e4knad l\u00e4stid":"1 minut"},"schema":{"@context":"https:\/\/schema.org","@graph":[{"@type":"WebPage","@id":"https:\/\/medicinasinc.com\/se\/product\/kopa-prometazin-sirap\/","url":"https:\/\/medicinasinc.com\/se\/product\/kopa-prometazin-sirap\/","name":"K\u00f6p Promethazine Sirap - Best Best Global Meds","isPartOf":{"@id":"https:\/\/medicinasinc.com\/se\/#website"},"primaryImageOfPage":{"@id":"https:\/\/medicinasinc.com\/se\/product\/kopa-prometazin-sirap\/#primaryimage"},"image":{"@id":"https:\/\/medicinasinc.com\/se\/product\/kopa-prometazin-sirap\/#primaryimage"},"thumbnailUrl":"https:\/\/medicinasinc.com\/se\/wp-content\/uploads\/sites\/16\/2022\/02\/buy-promethazine-dm-syrup-qualitest.jpg","datePublished":"2022-02-20T09:31:07+00:00","dateModified":"2022-07-04T00:33:29+00:00","description":"K\u00f6p Promethazine Sirap till salu Storbritannien, Europa. Garanterat l\u00e4gsta priser. diskret frakt! B\u00e4sta globala mediciner. Billig generisk kodein.","breadcrumb":{"@id":"https:\/\/medicinasinc.com\/se\/product\/kopa-prometazin-sirap\/#breadcrumb"},"inLanguage":"sv-SE","potentialAction":[{"@type":"ReadAction","target":["https:\/\/medicinasinc.com\/se\/product\/kopa-prometazin-sirap\/"]}]},{"@type":"ImageObject","inLanguage":"sv-SE","@id":"https:\/\/medicinasinc.com\/se\/product\/kopa-prometazin-sirap\/#primaryimage","url":"https:\/\/medicinasinc.com\/se\/wp-content\/uploads\/sites\/16\/2022\/02\/buy-promethazine-dm-syrup-qualitest.jpg","contentUrl":"https:\/\/medicinasinc.com\/se\/wp-content\/uploads\/sites\/16\/2022\/02\/buy-promethazine-dm-syrup-qualitest.jpg","width":600,"height":600},{"@type":"BreadcrumbList","@id":"https:\/\/medicinasinc.com\/se\/product\/kopa-prometazin-sirap\/#breadcrumb","itemListElement":[{"@type":"ListItem","position":1,"name":"aff\u00e4r","item":"https:\/\/medicinasinc.com\/se\/affar\/"},{"@type":"ListItem","position":2,"name":"K\u00f6p Promethazine Sirap"}]},{"@type":"WebSite","@id":"https:\/\/medicinasinc.com\/se\/#website","url":"https:\/\/medicinasinc.com\/se\/","name":"Medicinas Inc","description":"Health Medical Clinic","potentialAction":[{"@type":"SearchAction","target":{"@type":"EntryPoint","urlTemplate":"https:\/\/medicinasinc.com\/se\/?s={search_term_string}"},"query-input":{"@type":"PropertyValueSpecification","valueRequired":true,"valueName":"search_term_string"}}],"inLanguage":"sv-SE"}]}},"_links":{"self":[{"href":"https:\/\/medicinasinc.com\/se\/wp-json\/wp\/v2\/product\/4460","targetHints":{"allow":["GET"]}}],"collection":[{"href":"https:\/\/medicinasinc.com\/se\/wp-json\/wp\/v2\/product"}],"about":[{"href":"https:\/\/medicinasinc.com\/se\/wp-json\/wp\/v2\/types\/product"}],"replies":[{"embeddable":true,"href":"https:\/\/medicinasinc.com\/se\/wp-json\/wp\/v2\/comments?post=4460"}],"wp:featuredmedia":[{"embeddable":true,"href":"https:\/\/medicinasinc.com\/se\/wp-json\/wp\/v2\/media\/4495"}],"wp:attachment":[{"href":"https:\/\/medicinasinc.com\/se\/wp-json\/wp\/v2\/media?parent=4460"}],"wp:term":[{"taxonomy":"product_brand","embeddable":true,"href":"https:\/\/medicinasinc.com\/se\/wp-json\/wp\/v2\/product_brand?post=4460"},{"taxonomy":"product_cat","embeddable":true,"href":"https:\/\/medicinasinc.com\/se\/wp-json\/wp\/v2\/product_cat?post=4460"},{"taxonomy":"product_tag","embeddable":true,"href":"https:\/\/medicinasinc.com\/se\/wp-json\/wp\/v2\/product_tag?post=4460"}],"curies":[{"name":"wp","href":"https:\/\/api.w.org\/{rel}","templated":true}]}}