{"id":4455,"date":"2022-02-20T09:28:05","date_gmt":"2022-02-20T09:28:05","guid":{"rendered":"https:\/\/medicinasinc.com\/se\/?post_type=product&#038;p=4455"},"modified":"2022-07-04T00:33:52","modified_gmt":"2022-07-04T00:33:52","slug":"kopa-hi-tech-hostsirap","status":"publish","type":"product","link":"https:\/\/medicinasinc.com\/se\/product\/kopa-hi-tech-hostsirap\/","title":{"rendered":"K\u00f6p Hi-Tech hostsaft"},"content":{"rendered":"<p>Onlinek\u00f6p av Hi-Tech hostsaft.<\/p>\n<p>K\u00f6p Hi-Tech hostsaft online till extremt l\u00e5ga priser. dessutom k\u00f6pa kokain f\u00f6r \u00e5terf\u00f6rs\u00e4ljning. Vi s\u00e4ljer en m\u00e4ngd olika stimulantia och narkotika, inklusive GHB.<\/p>\n<p>\u00c4ven om jag uppskattar en anst\u00e4ndig smak, tror jag att de tar alldeles f\u00f6r l\u00e5ng tid att f\u00e5 i sig. P\u00e5 grund av dess styrka och smak kan THC-sirap bli din nya g\u00e5 till substans f\u00f6r hj\u00e4lp.<\/p>\n<p>Cannabissirap \u00e4r fantastiskt f\u00f6r b\u00e5de restaurerande och rekreationskunder. Den \u00e4r stark och effektiv \u2013 tr\u00e4der ofta i kraft inom 20 till 30 minuter \u2013 och klok att anv\u00e4nda. L\u00e4gg bara till din portion till valfri mat eller dryck och du \u00e4r klar. D\u00e4remot kan du dricka en liten m\u00e5tt utan incidenter. Det \u00e4r allt som finns!<\/p>\n<p>hostsirap till salu, h\u00f6gteknologisk thc sirap, hostsaft online, h\u00f6gteknologiskt l\u00e5gt pris, h\u00f6gteknologisk hostsaft online, h\u00f6gteknologiskt online. De som inte t\u00e5l tanken p\u00e5 att r\u00f6ka gr\u00e4s (eller kanske \u00e4r f\u00f6r of\u00f6rm\u00f6gna f\u00f6r att \u00f6verv\u00e4ga det) men \u00e4nd\u00e5 vill sk\u00f6rda f\u00f6rdelarna med denna verkligt underbara v\u00e4xt uppmuntras att \u00f6verv\u00e4ga THC-sirap som en alternativ konsumtionsmetod. Strikt terapeutiska klienter kommer att bli glada \u00f6ver att f\u00e5 veta att CBD-sirap ocks\u00e5 \u00e4r tillg\u00e4nglig. Det \u00e4r dock ett \u00e4mne f\u00f6r en annan artikel!<\/p>\n<p>G\u00d6R THC-SIRAP: STEG F\u00d6R STEG-INSTRUKTIONER<\/p>\n<p>Om du letar efter ett enkelt THC-sirapsrecept beh\u00f6ver du inte leta l\u00e4ngre. Du kan utan tvekan g\u00f6ra en h\u00e4llbar THC-sirap hemma med bara n\u00e5gra f\u00e5 ingredienser och minimal h\u00e5rdvara. Det \u00e4r f\u00f6rmodligen det enklaste f\u00f6rem\u00e5let att g\u00f6ra sj\u00e4lv, eftersom inga potentiellt farliga syntetiska \u00e4mnen f\u00f6rv\u00e4ntas extrahera THC fr\u00e5n v\u00e4xtmaterial.<\/p>\n<p>F\u00f6r att skapa din egen THC-infunderade sirap beh\u00f6ver du&#8230;<\/p>\n<p>Vatten. Cirka 200 ml ger en rimlig m\u00e4ngd sirap. Eftersom formeln \u00e4r s\u00e5 enkel kan du i allm\u00e4nhet g\u00f6ra s\u00e5 m\u00e5nga du vill senare.<\/p>\n<p>Socker. M\u00e4ngden socker du anv\u00e4nder kommer att p\u00e5verka hur l\u00e5ng tid din cannabissirap kan lagras. Sirapen gjord av tv\u00e5 sektioner socker och en sektion vatten kan lagras i ungef\u00e4r ett kvarts \u00e5r). En 1:1 sirap kan ocks\u00e5 g\u00f6ras, \u00e4ven om den inte h\u00e5ller s\u00e5 l\u00e4nge.<\/p>\n<p>Olika former av grovt dekarboxylerad THC (blom, trim, shake, hash, oil, break, wax, i verklig mening allt kan anv\u00e4ndas).<\/p>\n<p>DOSERING AV THC-SIRAP<\/p>\n<p>M\u00e4ngden THC-sirap som konsumeras varierar avsev\u00e4rt mellan individer. Det \u00e4r viktigt att vara f\u00f6rsiktig och v\u00e4ga din kapacitet mot styrkan hos alla f\u00f6rem\u00e5l som inneh\u00e5ller THC. hostsaft online, h\u00f6gteknologisk thc sirap, h\u00f6gteknologiskt l\u00e5gt pris, h\u00f6gteknologisk hostsaft online, h\u00f6gteknologisk online, hostsaft till salu<\/p>\n<p>Problemet med hemmagjorda THC blandade siraper \u00e4r att deras kraftfoderstyrkan \u00e4r ofta ok\u00e4nd. Om du \u00e4r orolig \u00f6ver detta eller helt enkelt inte vill ta itu med det (obetydliga) besv\u00e4ret med att skapa din egen, titta nedan f\u00f6r v\u00e5ra toppval p\u00e5 marknaden idag.<\/p>\n","protected":false},"excerpt":{"rendered":"<p>K\u00f6p Hi-Tech hostsaft till salu Storbritannien, Europa online. Hi-Tech Promethazine Hydrochloride och Kodeinfosfatsirap&#8230;varje 5 mL inneh\u00e5ller: Promethazine hydrochloride 6,25 mg; kodeinfosfat 10 mg. Alkohol 7 % Indikation: Hostd\u00e4mpande<\/p>\n","protected":false},"featured_media":4489,"comment_status":"open","ping_status":"closed","template":"","meta":[],"product_brand":[],"product_cat":[497],"product_tag":[],"class_list":{"0":"post-4455","1":"product","2":"type-product","3":"status-publish","4":"has-post-thumbnail","6":"product_cat-kop-hostsaft","8":"first","9":"instock","10":"shipping-taxable","11":"purchasable","12":"product-type-variable","13":"has-default-attributes"},"yoast_head":"<!-- This site is optimized with the Yoast SEO plugin v27.3 - https:\/\/yoast.com\/product\/yoast-seo-wordpress\/ -->\n<title>K\u00f6p Hi-Tech hostsaft - B\u00e4sta b\u00e4sta globala medicinerna<\/title>\n<meta name=\"description\" content=\"K\u00f6p Hi-Tech hostsaft till salu Storbritannien, Europa online. Hi-Tech Promethazine Hydrochloride och Kodeinfosfatsirap...varje 5 mL inneh\u00e5ller: Promethazine hydrochloride 6,25 mg; kodeinfosfat 10 mg. Alkohol 7% Indikation: Hostd\u00e4mpande\" \/>\n<meta name=\"robots\" content=\"index, follow, max-snippet:-1, max-image-preview:large, max-video-preview:-1\" \/>\n<link rel=\"canonical\" href=\"https:\/\/medicinasinc.com\/se\/product\/kopa-hi-tech-hostsirap\/\" \/>\n<meta property=\"og:locale\" content=\"sv_SE\" \/>\n<meta property=\"og:type\" content=\"article\" \/>\n<meta property=\"og:title\" content=\"K\u00f6p Hi-Tech hostsaft - B\u00e4sta b\u00e4sta globala medicinerna\" \/>\n<meta property=\"og:description\" content=\"K\u00f6p Hi-Tech hostsaft till salu Storbritannien, Europa online. Hi-Tech Promethazine Hydrochloride och Kodeinfosfatsirap...varje 5 mL inneh\u00e5ller: Promethazine hydrochloride 6,25 mg; kodeinfosfat 10 mg. Alkohol 7% Indikation: Hostd\u00e4mpande\" \/>\n<meta property=\"og:url\" content=\"https:\/\/medicinasinc.com\/se\/product\/kopa-hi-tech-hostsirap\/\" \/>\n<meta property=\"og:site_name\" content=\"Medicinas Inc\" \/>\n<meta property=\"article:modified_time\" content=\"2022-07-04T00:33:52+00:00\" \/>\n<meta property=\"og:image\" content=\"https:\/\/medicinasinc.com\/se\/wp-content\/uploads\/sites\/16\/2022\/02\/buy-hi-tech-cough-syrup-online.jpg\" \/>\n\t<meta property=\"og:image:width\" content=\"600\" \/>\n\t<meta property=\"og:image:height\" content=\"600\" \/>\n\t<meta property=\"og:image:type\" content=\"image\/jpeg\" \/>\n<meta name=\"twitter:card\" content=\"summary_large_image\" \/>\n<meta name=\"twitter:label1\" content=\"Ber\u00e4knad l\u00e4stid\" \/>\n\t<meta name=\"twitter:data1\" content=\"3 minuter\" \/>\n<script type=\"application\/ld+json\" class=\"yoast-schema-graph\">{\"@context\":\"https:\\\/\\\/schema.org\",\"@graph\":[{\"@type\":\"WebPage\",\"@id\":\"https:\\\/\\\/medicinasinc.com\\\/se\\\/product\\\/kopa-hi-tech-hostsirap\\\/\",\"url\":\"https:\\\/\\\/medicinasinc.com\\\/se\\\/product\\\/kopa-hi-tech-hostsirap\\\/\",\"name\":\"K\u00f6p Hi-Tech hostsaft - B\u00e4sta b\u00e4sta globala medicinerna\",\"isPartOf\":{\"@id\":\"https:\\\/\\\/medicinasinc.com\\\/se\\\/#website\"},\"primaryImageOfPage\":{\"@id\":\"https:\\\/\\\/medicinasinc.com\\\/se\\\/product\\\/kopa-hi-tech-hostsirap\\\/#primaryimage\"},\"image\":{\"@id\":\"https:\\\/\\\/medicinasinc.com\\\/se\\\/product\\\/kopa-hi-tech-hostsirap\\\/#primaryimage\"},\"thumbnailUrl\":\"https:\\\/\\\/medicinasinc.com\\\/se\\\/wp-content\\\/uploads\\\/sites\\\/16\\\/2022\\\/02\\\/buy-hi-tech-cough-syrup-online.jpg\",\"datePublished\":\"2022-02-20T09:28:05+00:00\",\"dateModified\":\"2022-07-04T00:33:52+00:00\",\"description\":\"K\u00f6p Hi-Tech hostsaft till salu Storbritannien, Europa online. Hi-Tech Promethazine Hydrochloride och Kodeinfosfatsirap...varje 5 mL inneh\u00e5ller: Promethazine hydrochloride 6,25 mg; kodeinfosfat 10 mg. Alkohol 7% Indikation: Hostd\u00e4mpande\",\"breadcrumb\":{\"@id\":\"https:\\\/\\\/medicinasinc.com\\\/se\\\/product\\\/kopa-hi-tech-hostsirap\\\/#breadcrumb\"},\"inLanguage\":\"sv-SE\",\"potentialAction\":[{\"@type\":\"ReadAction\",\"target\":[\"https:\\\/\\\/medicinasinc.com\\\/se\\\/product\\\/kopa-hi-tech-hostsirap\\\/\"]}]},{\"@type\":\"ImageObject\",\"inLanguage\":\"sv-SE\",\"@id\":\"https:\\\/\\\/medicinasinc.com\\\/se\\\/product\\\/kopa-hi-tech-hostsirap\\\/#primaryimage\",\"url\":\"https:\\\/\\\/medicinasinc.com\\\/se\\\/wp-content\\\/uploads\\\/sites\\\/16\\\/2022\\\/02\\\/buy-hi-tech-cough-syrup-online.jpg\",\"contentUrl\":\"https:\\\/\\\/medicinasinc.com\\\/se\\\/wp-content\\\/uploads\\\/sites\\\/16\\\/2022\\\/02\\\/buy-hi-tech-cough-syrup-online.jpg\",\"width\":600,\"height\":600},{\"@type\":\"BreadcrumbList\",\"@id\":\"https:\\\/\\\/medicinasinc.com\\\/se\\\/product\\\/kopa-hi-tech-hostsirap\\\/#breadcrumb\",\"itemListElement\":[{\"@type\":\"ListItem\",\"position\":1,\"name\":\"aff\u00e4r\",\"item\":\"https:\\\/\\\/medicinasinc.com\\\/se\\\/affar\\\/\"},{\"@type\":\"ListItem\",\"position\":2,\"name\":\"K\u00f6p Hi-Tech hostsaft\"}]},{\"@type\":\"WebSite\",\"@id\":\"https:\\\/\\\/medicinasinc.com\\\/se\\\/#website\",\"url\":\"https:\\\/\\\/medicinasinc.com\\\/se\\\/\",\"name\":\"Medicinas Inc\",\"description\":\"Health Medical Clinic\",\"potentialAction\":[{\"@type\":\"SearchAction\",\"target\":{\"@type\":\"EntryPoint\",\"urlTemplate\":\"https:\\\/\\\/medicinasinc.com\\\/se\\\/?s={search_term_string}\"},\"query-input\":{\"@type\":\"PropertyValueSpecification\",\"valueRequired\":true,\"valueName\":\"search_term_string\"}}],\"inLanguage\":\"sv-SE\"}]}<\/script>\n<!-- \/ Yoast SEO plugin. -->","yoast_head_json":{"title":"K\u00f6p Hi-Tech hostsaft - B\u00e4sta b\u00e4sta globala medicinerna","description":"K\u00f6p Hi-Tech hostsaft till salu Storbritannien, Europa online. Hi-Tech Promethazine Hydrochloride och Kodeinfosfatsirap...varje 5 mL inneh\u00e5ller: Promethazine hydrochloride 6,25 mg; kodeinfosfat 10 mg. Alkohol 7% Indikation: Hostd\u00e4mpande","robots":{"index":"index","follow":"follow","max-snippet":"max-snippet:-1","max-image-preview":"max-image-preview:large","max-video-preview":"max-video-preview:-1"},"canonical":"https:\/\/medicinasinc.com\/se\/product\/kopa-hi-tech-hostsirap\/","og_locale":"sv_SE","og_type":"article","og_title":"K\u00f6p Hi-Tech hostsaft - B\u00e4sta b\u00e4sta globala medicinerna","og_description":"K\u00f6p Hi-Tech hostsaft till salu Storbritannien, Europa online. Hi-Tech Promethazine Hydrochloride och Kodeinfosfatsirap...varje 5 mL inneh\u00e5ller: Promethazine hydrochloride 6,25 mg; kodeinfosfat 10 mg. Alkohol 7% Indikation: Hostd\u00e4mpande","og_url":"https:\/\/medicinasinc.com\/se\/product\/kopa-hi-tech-hostsirap\/","og_site_name":"Medicinas Inc","article_modified_time":"2022-07-04T00:33:52+00:00","og_image":[{"width":600,"height":600,"url":"https:\/\/medicinasinc.com\/se\/wp-content\/uploads\/sites\/16\/2022\/02\/buy-hi-tech-cough-syrup-online.jpg","type":"image\/jpeg"}],"twitter_card":"summary_large_image","twitter_misc":{"Ber\u00e4knad l\u00e4stid":"3 minuter"},"schema":{"@context":"https:\/\/schema.org","@graph":[{"@type":"WebPage","@id":"https:\/\/medicinasinc.com\/se\/product\/kopa-hi-tech-hostsirap\/","url":"https:\/\/medicinasinc.com\/se\/product\/kopa-hi-tech-hostsirap\/","name":"K\u00f6p Hi-Tech hostsaft - B\u00e4sta b\u00e4sta globala medicinerna","isPartOf":{"@id":"https:\/\/medicinasinc.com\/se\/#website"},"primaryImageOfPage":{"@id":"https:\/\/medicinasinc.com\/se\/product\/kopa-hi-tech-hostsirap\/#primaryimage"},"image":{"@id":"https:\/\/medicinasinc.com\/se\/product\/kopa-hi-tech-hostsirap\/#primaryimage"},"thumbnailUrl":"https:\/\/medicinasinc.com\/se\/wp-content\/uploads\/sites\/16\/2022\/02\/buy-hi-tech-cough-syrup-online.jpg","datePublished":"2022-02-20T09:28:05+00:00","dateModified":"2022-07-04T00:33:52+00:00","description":"K\u00f6p Hi-Tech hostsaft till salu Storbritannien, Europa online. Hi-Tech Promethazine Hydrochloride och Kodeinfosfatsirap...varje 5 mL inneh\u00e5ller: Promethazine hydrochloride 6,25 mg; kodeinfosfat 10 mg. Alkohol 7% Indikation: Hostd\u00e4mpande","breadcrumb":{"@id":"https:\/\/medicinasinc.com\/se\/product\/kopa-hi-tech-hostsirap\/#breadcrumb"},"inLanguage":"sv-SE","potentialAction":[{"@type":"ReadAction","target":["https:\/\/medicinasinc.com\/se\/product\/kopa-hi-tech-hostsirap\/"]}]},{"@type":"ImageObject","inLanguage":"sv-SE","@id":"https:\/\/medicinasinc.com\/se\/product\/kopa-hi-tech-hostsirap\/#primaryimage","url":"https:\/\/medicinasinc.com\/se\/wp-content\/uploads\/sites\/16\/2022\/02\/buy-hi-tech-cough-syrup-online.jpg","contentUrl":"https:\/\/medicinasinc.com\/se\/wp-content\/uploads\/sites\/16\/2022\/02\/buy-hi-tech-cough-syrup-online.jpg","width":600,"height":600},{"@type":"BreadcrumbList","@id":"https:\/\/medicinasinc.com\/se\/product\/kopa-hi-tech-hostsirap\/#breadcrumb","itemListElement":[{"@type":"ListItem","position":1,"name":"aff\u00e4r","item":"https:\/\/medicinasinc.com\/se\/affar\/"},{"@type":"ListItem","position":2,"name":"K\u00f6p Hi-Tech hostsaft"}]},{"@type":"WebSite","@id":"https:\/\/medicinasinc.com\/se\/#website","url":"https:\/\/medicinasinc.com\/se\/","name":"Medicinas Inc","description":"Health Medical Clinic","potentialAction":[{"@type":"SearchAction","target":{"@type":"EntryPoint","urlTemplate":"https:\/\/medicinasinc.com\/se\/?s={search_term_string}"},"query-input":{"@type":"PropertyValueSpecification","valueRequired":true,"valueName":"search_term_string"}}],"inLanguage":"sv-SE"}]}},"_links":{"self":[{"href":"https:\/\/medicinasinc.com\/se\/wp-json\/wp\/v2\/product\/4455","targetHints":{"allow":["GET"]}}],"collection":[{"href":"https:\/\/medicinasinc.com\/se\/wp-json\/wp\/v2\/product"}],"about":[{"href":"https:\/\/medicinasinc.com\/se\/wp-json\/wp\/v2\/types\/product"}],"replies":[{"embeddable":true,"href":"https:\/\/medicinasinc.com\/se\/wp-json\/wp\/v2\/comments?post=4455"}],"wp:featuredmedia":[{"embeddable":true,"href":"https:\/\/medicinasinc.com\/se\/wp-json\/wp\/v2\/media\/4489"}],"wp:attachment":[{"href":"https:\/\/medicinasinc.com\/se\/wp-json\/wp\/v2\/media?parent=4455"}],"wp:term":[{"taxonomy":"product_brand","embeddable":true,"href":"https:\/\/medicinasinc.com\/se\/wp-json\/wp\/v2\/product_brand?post=4455"},{"taxonomy":"product_cat","embeddable":true,"href":"https:\/\/medicinasinc.com\/se\/wp-json\/wp\/v2\/product_cat?post=4455"},{"taxonomy":"product_tag","embeddable":true,"href":"https:\/\/medicinasinc.com\/se\/wp-json\/wp\/v2\/product_tag?post=4455"}],"curies":[{"name":"wp","href":"https:\/\/api.w.org\/{rel}","templated":true}]}}