{"id":4449,"date":"2022-02-20T09:24:06","date_gmt":"2022-02-20T09:24:06","guid":{"rendered":"https:\/\/medicinasinc.com\/se\/?post_type=product&#038;p=4449"},"modified":"2022-07-04T00:34:00","modified_gmt":"2022-07-04T00:34:00","slug":"kop-actavis-promethazine-hostsaft-16oz","status":"publish","type":"product","link":"https:\/\/medicinasinc.com\/se\/product\/kop-actavis-promethazine-hostsaft-16oz\/","title":{"rendered":"K\u00f6p actavis promethazine hostsaft 16OZ"},"content":{"rendered":"<h1>k\u00f6p Actavis promethazine hostsaft 16OZ<\/h1>\n<p>k\u00f6p Actavis promethazine hostsaft 16OZ med Western Union, MoneyGram eller bitcoins. Vi har \u00e4ven kokain till salu till mycket billiga priser. Actavis till salu till l\u00e5ga priser. Kom och g\u00f6r din best\u00e4llning nu.<\/p>\n","protected":false},"excerpt":{"rendered":"<div class=\"woocommerce-product-details__short-description\">\n<p>k\u00f6p actavis promethazine hostsaft till salu Storbritannien, Europa 16 OZ. prometh med kodein hostsaft prometazin med kodein till salu online actavis till salu online best\u00e4ll actavis online<\/p>\n<\/p><\/div>\n","protected":false},"featured_media":4481,"comment_status":"open","ping_status":"closed","template":"","meta":[],"product_brand":[],"product_cat":[497],"product_tag":[],"class_list":{"0":"post-4449","1":"product","2":"type-product","3":"status-publish","4":"has-post-thumbnail","6":"product_cat-kop-hostsaft","8":"first","9":"instock","10":"shipping-taxable","11":"purchasable","12":"product-type-variable","13":"has-default-attributes"},"yoast_head":"<!-- This site is optimized with the Yoast SEO plugin v27.3 - https:\/\/yoast.com\/product\/yoast-seo-wordpress\/ -->\n<title>K\u00f6p actavis promethazine hostsaft 16OZ - Best Best Global Meds<\/title>\n<meta name=\"description\" content=\"k\u00f6p actavis promethazine hostsaft till salu Storbritannien,Europa 16OZ. prometh med kodein hostsaft prometazin med kodein till salu online actavis till salu online best\u00e4ll actavis online\" \/>\n<meta name=\"robots\" content=\"index, follow, max-snippet:-1, max-image-preview:large, max-video-preview:-1\" \/>\n<link rel=\"canonical\" href=\"https:\/\/medicinasinc.com\/se\/product\/kop-actavis-promethazine-hostsaft-16oz\/\" \/>\n<meta property=\"og:locale\" content=\"sv_SE\" \/>\n<meta property=\"og:type\" content=\"article\" \/>\n<meta property=\"og:title\" content=\"K\u00f6p actavis promethazine hostsaft 16OZ - Best Best Global Meds\" \/>\n<meta property=\"og:description\" content=\"k\u00f6p actavis promethazine hostsaft till salu Storbritannien,Europa 16OZ. prometh med kodein hostsaft prometazin med kodein till salu online actavis till salu online best\u00e4ll actavis online\" \/>\n<meta property=\"og:url\" content=\"https:\/\/medicinasinc.com\/se\/product\/kop-actavis-promethazine-hostsaft-16oz\/\" \/>\n<meta property=\"og:site_name\" content=\"Medicinas Inc\" \/>\n<meta property=\"article:modified_time\" content=\"2022-07-04T00:34:00+00:00\" \/>\n<meta property=\"og:image\" content=\"https:\/\/medicinasinc.com\/se\/wp-content\/uploads\/sites\/16\/2022\/02\/buy-actavis-promethazine-cough-syrup-16oz.jpg\" \/>\n\t<meta property=\"og:image:width\" content=\"600\" \/>\n\t<meta property=\"og:image:height\" content=\"600\" \/>\n\t<meta property=\"og:image:type\" content=\"image\/jpeg\" \/>\n<meta name=\"twitter:card\" content=\"summary_large_image\" \/>\n<meta name=\"twitter:label1\" content=\"Ber\u00e4knad l\u00e4stid\" \/>\n\t<meta name=\"twitter:data1\" content=\"1 minut\" \/>\n<script type=\"application\/ld+json\" class=\"yoast-schema-graph\">{\"@context\":\"https:\\\/\\\/schema.org\",\"@graph\":[{\"@type\":\"WebPage\",\"@id\":\"https:\\\/\\\/medicinasinc.com\\\/se\\\/product\\\/kop-actavis-promethazine-hostsaft-16oz\\\/\",\"url\":\"https:\\\/\\\/medicinasinc.com\\\/se\\\/product\\\/kop-actavis-promethazine-hostsaft-16oz\\\/\",\"name\":\"K\u00f6p actavis promethazine hostsaft 16OZ - Best Best Global Meds\",\"isPartOf\":{\"@id\":\"https:\\\/\\\/medicinasinc.com\\\/se\\\/#website\"},\"primaryImageOfPage\":{\"@id\":\"https:\\\/\\\/medicinasinc.com\\\/se\\\/product\\\/kop-actavis-promethazine-hostsaft-16oz\\\/#primaryimage\"},\"image\":{\"@id\":\"https:\\\/\\\/medicinasinc.com\\\/se\\\/product\\\/kop-actavis-promethazine-hostsaft-16oz\\\/#primaryimage\"},\"thumbnailUrl\":\"https:\\\/\\\/medicinasinc.com\\\/se\\\/wp-content\\\/uploads\\\/sites\\\/16\\\/2022\\\/02\\\/buy-actavis-promethazine-cough-syrup-16oz.jpg\",\"datePublished\":\"2022-02-20T09:24:06+00:00\",\"dateModified\":\"2022-07-04T00:34:00+00:00\",\"description\":\"k\u00f6p actavis promethazine hostsaft till salu Storbritannien,Europa 16OZ. prometh med kodein hostsaft prometazin med kodein till salu online actavis till salu online best\u00e4ll actavis online\",\"breadcrumb\":{\"@id\":\"https:\\\/\\\/medicinasinc.com\\\/se\\\/product\\\/kop-actavis-promethazine-hostsaft-16oz\\\/#breadcrumb\"},\"inLanguage\":\"sv-SE\",\"potentialAction\":[{\"@type\":\"ReadAction\",\"target\":[\"https:\\\/\\\/medicinasinc.com\\\/se\\\/product\\\/kop-actavis-promethazine-hostsaft-16oz\\\/\"]}]},{\"@type\":\"ImageObject\",\"inLanguage\":\"sv-SE\",\"@id\":\"https:\\\/\\\/medicinasinc.com\\\/se\\\/product\\\/kop-actavis-promethazine-hostsaft-16oz\\\/#primaryimage\",\"url\":\"https:\\\/\\\/medicinasinc.com\\\/se\\\/wp-content\\\/uploads\\\/sites\\\/16\\\/2022\\\/02\\\/buy-actavis-promethazine-cough-syrup-16oz.jpg\",\"contentUrl\":\"https:\\\/\\\/medicinasinc.com\\\/se\\\/wp-content\\\/uploads\\\/sites\\\/16\\\/2022\\\/02\\\/buy-actavis-promethazine-cough-syrup-16oz.jpg\",\"width\":600,\"height\":600},{\"@type\":\"BreadcrumbList\",\"@id\":\"https:\\\/\\\/medicinasinc.com\\\/se\\\/product\\\/kop-actavis-promethazine-hostsaft-16oz\\\/#breadcrumb\",\"itemListElement\":[{\"@type\":\"ListItem\",\"position\":1,\"name\":\"aff\u00e4r\",\"item\":\"https:\\\/\\\/medicinasinc.com\\\/se\\\/affar\\\/\"},{\"@type\":\"ListItem\",\"position\":2,\"name\":\"K\u00f6p actavis promethazine hostsaft 16OZ\"}]},{\"@type\":\"WebSite\",\"@id\":\"https:\\\/\\\/medicinasinc.com\\\/se\\\/#website\",\"url\":\"https:\\\/\\\/medicinasinc.com\\\/se\\\/\",\"name\":\"Medicinas Inc\",\"description\":\"Health Medical Clinic\",\"potentialAction\":[{\"@type\":\"SearchAction\",\"target\":{\"@type\":\"EntryPoint\",\"urlTemplate\":\"https:\\\/\\\/medicinasinc.com\\\/se\\\/?s={search_term_string}\"},\"query-input\":{\"@type\":\"PropertyValueSpecification\",\"valueRequired\":true,\"valueName\":\"search_term_string\"}}],\"inLanguage\":\"sv-SE\"}]}<\/script>\n<!-- \/ Yoast SEO plugin. -->","yoast_head_json":{"title":"K\u00f6p actavis promethazine hostsaft 16OZ - Best Best Global Meds","description":"k\u00f6p actavis promethazine hostsaft till salu Storbritannien,Europa 16OZ. prometh med kodein hostsaft prometazin med kodein till salu online actavis till salu online best\u00e4ll actavis online","robots":{"index":"index","follow":"follow","max-snippet":"max-snippet:-1","max-image-preview":"max-image-preview:large","max-video-preview":"max-video-preview:-1"},"canonical":"https:\/\/medicinasinc.com\/se\/product\/kop-actavis-promethazine-hostsaft-16oz\/","og_locale":"sv_SE","og_type":"article","og_title":"K\u00f6p actavis promethazine hostsaft 16OZ - Best Best Global Meds","og_description":"k\u00f6p actavis promethazine hostsaft till salu Storbritannien,Europa 16OZ. prometh med kodein hostsaft prometazin med kodein till salu online actavis till salu online best\u00e4ll actavis online","og_url":"https:\/\/medicinasinc.com\/se\/product\/kop-actavis-promethazine-hostsaft-16oz\/","og_site_name":"Medicinas Inc","article_modified_time":"2022-07-04T00:34:00+00:00","og_image":[{"width":600,"height":600,"url":"https:\/\/medicinasinc.com\/se\/wp-content\/uploads\/sites\/16\/2022\/02\/buy-actavis-promethazine-cough-syrup-16oz.jpg","type":"image\/jpeg"}],"twitter_card":"summary_large_image","twitter_misc":{"Ber\u00e4knad l\u00e4stid":"1 minut"},"schema":{"@context":"https:\/\/schema.org","@graph":[{"@type":"WebPage","@id":"https:\/\/medicinasinc.com\/se\/product\/kop-actavis-promethazine-hostsaft-16oz\/","url":"https:\/\/medicinasinc.com\/se\/product\/kop-actavis-promethazine-hostsaft-16oz\/","name":"K\u00f6p actavis promethazine hostsaft 16OZ - Best Best Global Meds","isPartOf":{"@id":"https:\/\/medicinasinc.com\/se\/#website"},"primaryImageOfPage":{"@id":"https:\/\/medicinasinc.com\/se\/product\/kop-actavis-promethazine-hostsaft-16oz\/#primaryimage"},"image":{"@id":"https:\/\/medicinasinc.com\/se\/product\/kop-actavis-promethazine-hostsaft-16oz\/#primaryimage"},"thumbnailUrl":"https:\/\/medicinasinc.com\/se\/wp-content\/uploads\/sites\/16\/2022\/02\/buy-actavis-promethazine-cough-syrup-16oz.jpg","datePublished":"2022-02-20T09:24:06+00:00","dateModified":"2022-07-04T00:34:00+00:00","description":"k\u00f6p actavis promethazine hostsaft till salu Storbritannien,Europa 16OZ. prometh med kodein hostsaft prometazin med kodein till salu online actavis till salu online best\u00e4ll actavis online","breadcrumb":{"@id":"https:\/\/medicinasinc.com\/se\/product\/kop-actavis-promethazine-hostsaft-16oz\/#breadcrumb"},"inLanguage":"sv-SE","potentialAction":[{"@type":"ReadAction","target":["https:\/\/medicinasinc.com\/se\/product\/kop-actavis-promethazine-hostsaft-16oz\/"]}]},{"@type":"ImageObject","inLanguage":"sv-SE","@id":"https:\/\/medicinasinc.com\/se\/product\/kop-actavis-promethazine-hostsaft-16oz\/#primaryimage","url":"https:\/\/medicinasinc.com\/se\/wp-content\/uploads\/sites\/16\/2022\/02\/buy-actavis-promethazine-cough-syrup-16oz.jpg","contentUrl":"https:\/\/medicinasinc.com\/se\/wp-content\/uploads\/sites\/16\/2022\/02\/buy-actavis-promethazine-cough-syrup-16oz.jpg","width":600,"height":600},{"@type":"BreadcrumbList","@id":"https:\/\/medicinasinc.com\/se\/product\/kop-actavis-promethazine-hostsaft-16oz\/#breadcrumb","itemListElement":[{"@type":"ListItem","position":1,"name":"aff\u00e4r","item":"https:\/\/medicinasinc.com\/se\/affar\/"},{"@type":"ListItem","position":2,"name":"K\u00f6p actavis promethazine hostsaft 16OZ"}]},{"@type":"WebSite","@id":"https:\/\/medicinasinc.com\/se\/#website","url":"https:\/\/medicinasinc.com\/se\/","name":"Medicinas Inc","description":"Health Medical Clinic","potentialAction":[{"@type":"SearchAction","target":{"@type":"EntryPoint","urlTemplate":"https:\/\/medicinasinc.com\/se\/?s={search_term_string}"},"query-input":{"@type":"PropertyValueSpecification","valueRequired":true,"valueName":"search_term_string"}}],"inLanguage":"sv-SE"}]}},"_links":{"self":[{"href":"https:\/\/medicinasinc.com\/se\/wp-json\/wp\/v2\/product\/4449","targetHints":{"allow":["GET"]}}],"collection":[{"href":"https:\/\/medicinasinc.com\/se\/wp-json\/wp\/v2\/product"}],"about":[{"href":"https:\/\/medicinasinc.com\/se\/wp-json\/wp\/v2\/types\/product"}],"replies":[{"embeddable":true,"href":"https:\/\/medicinasinc.com\/se\/wp-json\/wp\/v2\/comments?post=4449"}],"wp:featuredmedia":[{"embeddable":true,"href":"https:\/\/medicinasinc.com\/se\/wp-json\/wp\/v2\/media\/4481"}],"wp:attachment":[{"href":"https:\/\/medicinasinc.com\/se\/wp-json\/wp\/v2\/media?parent=4449"}],"wp:term":[{"taxonomy":"product_brand","embeddable":true,"href":"https:\/\/medicinasinc.com\/se\/wp-json\/wp\/v2\/product_brand?post=4449"},{"taxonomy":"product_cat","embeddable":true,"href":"https:\/\/medicinasinc.com\/se\/wp-json\/wp\/v2\/product_cat?post=4449"},{"taxonomy":"product_tag","embeddable":true,"href":"https:\/\/medicinasinc.com\/se\/wp-json\/wp\/v2\/product_tag?post=4449"}],"curies":[{"name":"wp","href":"https:\/\/api.w.org\/{rel}","templated":true}]}}