{"id":4431,"date":"2022-02-20T09:14:34","date_gmt":"2022-02-20T09:14:34","guid":{"rendered":"https:\/\/medicinasinc.com\/se\/?post_type=product&#038;p=4431"},"modified":"2022-07-04T00:34:21","modified_gmt":"2022-07-04T00:34:21","slug":"kopa-thc-destillat-superior-extrakt","status":"publish","type":"product","link":"https:\/\/medicinasinc.com\/se\/product\/kopa-thc-destillat-superior-extrakt\/","title":{"rendered":"K\u00f6p THC-destillat \u2013 \u00f6verl\u00e4gset extrakt"},"content":{"rendered":"<p>K\u00f6p THC-destillat \u2013 Premiumextrakt<\/p>\n<p>Premium-THC-destillat \u00e4r ett kanadensiskt tillverkat cannabiskoncentrat. Denna produkt har laboratorietestats och har visat sig inneh\u00e5lla en h\u00f6g koncentration av THC, fr\u00e5n 95 till 98 procent. V\u00e5rt THC-destillat \u00e4r extremt stabilt i rumstemperatur och kommer inte att bli rinnande. Dessutom \u00e4r den av exceptionell kvalitet, l\u00f6sningsmedelsfri, kristallklar och genomskinlig. Destillat \u00e4r en typ av extrakt som anv\u00e4nds p\u00e5 en m\u00e4ngd olika s\u00e4tt. F\u00f6r att n\u00e4mna n\u00e5gra, inkluderar dessa p\u00e5fyllning av vape-patroner, skapa \u00e4tbara varor och dutta i en rigg.<\/p>\n","protected":false},"excerpt":{"rendered":"<ul>\n<li>S\u00e4ndning \u00f6ver hela v\u00e4rlden<\/li>\n<li>Minsta best\u00e4llningskvantitet \u00e4r <strong>2<\/strong><\/li>\n<li><strong>Kontakta oss<\/strong>\u00a0f\u00f6r st\u00f6rre best\u00e4llningar<\/li>\n<\/ul>\n","protected":false},"featured_media":4465,"comment_status":"open","ping_status":"closed","template":"","meta":[],"product_brand":[],"product_cat":[440],"product_tag":[],"class_list":{"0":"post-4431","1":"product","2":"type-product","3":"status-publish","4":"has-post-thumbnail","6":"product_cat-kop-cannabis-cbd-olja","8":"first","9":"instock","10":"shipping-taxable","11":"purchasable","12":"product-type-variable","13":"has-default-attributes"},"yoast_head":"<!-- This site is optimized with the Yoast SEO plugin v27.3 - https:\/\/yoast.com\/product\/yoast-seo-wordpress\/ -->\n<title>K\u00f6p THC-destillat \u2013 \u00f6verl\u00e4gset extrakt \u2013 b\u00e4sta globala mediciner<\/title>\n<meta name=\"description\" content=\"K\u00f6p THC-destillat Superior-extrakt och THC-koncentrat till salu fr\u00e5n Storbritannien, Europas b\u00e4sta onlineapotek. Best\u00e4ll nu och f\u00e5 fri frakt vid k\u00f6p \u00f6ver $150!\" \/>\n<meta name=\"robots\" content=\"index, follow, max-snippet:-1, max-image-preview:large, max-video-preview:-1\" \/>\n<link rel=\"canonical\" href=\"https:\/\/medicinasinc.com\/se\/product\/kopa-thc-destillat-superior-extrakt\/\" \/>\n<meta property=\"og:locale\" content=\"sv_SE\" \/>\n<meta property=\"og:type\" content=\"article\" \/>\n<meta property=\"og:title\" content=\"K\u00f6p THC-destillat \u2013 \u00f6verl\u00e4gset extrakt \u2013 b\u00e4sta globala mediciner\" \/>\n<meta property=\"og:description\" content=\"K\u00f6p THC-destillat Superior-extrakt och THC-koncentrat till salu fr\u00e5n Storbritannien, Europas b\u00e4sta onlineapotek. Best\u00e4ll nu och f\u00e5 fri frakt vid k\u00f6p \u00f6ver $150!\" \/>\n<meta property=\"og:url\" content=\"https:\/\/medicinasinc.com\/se\/product\/kopa-thc-destillat-superior-extrakt\/\" \/>\n<meta property=\"og:site_name\" content=\"Medicinas Inc\" \/>\n<meta property=\"article:modified_time\" content=\"2022-07-04T00:34:21+00:00\" \/>\n<meta property=\"og:image\" content=\"https:\/\/medicinasinc.com\/se\/wp-content\/uploads\/sites\/16\/2022\/02\/Buy-THC-DISTILLATE-1.jpg\" \/>\n\t<meta property=\"og:image:width\" content=\"800\" \/>\n\t<meta property=\"og:image:height\" content=\"800\" \/>\n\t<meta property=\"og:image:type\" content=\"image\/jpeg\" \/>\n<meta name=\"twitter:card\" content=\"summary_large_image\" \/>\n<meta name=\"twitter:label1\" content=\"Ber\u00e4knad l\u00e4stid\" \/>\n\t<meta name=\"twitter:data1\" content=\"1 minut\" \/>\n<script type=\"application\/ld+json\" class=\"yoast-schema-graph\">{\"@context\":\"https:\\\/\\\/schema.org\",\"@graph\":[{\"@type\":\"WebPage\",\"@id\":\"https:\\\/\\\/medicinasinc.com\\\/se\\\/product\\\/kopa-thc-destillat-superior-extrakt\\\/\",\"url\":\"https:\\\/\\\/medicinasinc.com\\\/se\\\/product\\\/kopa-thc-destillat-superior-extrakt\\\/\",\"name\":\"K\u00f6p THC-destillat \u2013 \u00f6verl\u00e4gset extrakt \u2013 b\u00e4sta globala mediciner\",\"isPartOf\":{\"@id\":\"https:\\\/\\\/medicinasinc.com\\\/se\\\/#website\"},\"primaryImageOfPage\":{\"@id\":\"https:\\\/\\\/medicinasinc.com\\\/se\\\/product\\\/kopa-thc-destillat-superior-extrakt\\\/#primaryimage\"},\"image\":{\"@id\":\"https:\\\/\\\/medicinasinc.com\\\/se\\\/product\\\/kopa-thc-destillat-superior-extrakt\\\/#primaryimage\"},\"thumbnailUrl\":\"https:\\\/\\\/medicinasinc.com\\\/se\\\/wp-content\\\/uploads\\\/sites\\\/16\\\/2022\\\/02\\\/Buy-THC-DISTILLATE-1.jpg\",\"datePublished\":\"2022-02-20T09:14:34+00:00\",\"dateModified\":\"2022-07-04T00:34:21+00:00\",\"description\":\"K\u00f6p THC-destillat Superior-extrakt och THC-koncentrat till salu fr\u00e5n Storbritannien, Europas b\u00e4sta onlineapotek. Best\u00e4ll nu och f\u00e5 fri frakt vid k\u00f6p \u00f6ver $150!\",\"breadcrumb\":{\"@id\":\"https:\\\/\\\/medicinasinc.com\\\/se\\\/product\\\/kopa-thc-destillat-superior-extrakt\\\/#breadcrumb\"},\"inLanguage\":\"sv-SE\",\"potentialAction\":[{\"@type\":\"ReadAction\",\"target\":[\"https:\\\/\\\/medicinasinc.com\\\/se\\\/product\\\/kopa-thc-destillat-superior-extrakt\\\/\"]}]},{\"@type\":\"ImageObject\",\"inLanguage\":\"sv-SE\",\"@id\":\"https:\\\/\\\/medicinasinc.com\\\/se\\\/product\\\/kopa-thc-destillat-superior-extrakt\\\/#primaryimage\",\"url\":\"https:\\\/\\\/medicinasinc.com\\\/se\\\/wp-content\\\/uploads\\\/sites\\\/16\\\/2022\\\/02\\\/Buy-THC-DISTILLATE-1.jpg\",\"contentUrl\":\"https:\\\/\\\/medicinasinc.com\\\/se\\\/wp-content\\\/uploads\\\/sites\\\/16\\\/2022\\\/02\\\/Buy-THC-DISTILLATE-1.jpg\",\"width\":800,\"height\":800},{\"@type\":\"BreadcrumbList\",\"@id\":\"https:\\\/\\\/medicinasinc.com\\\/se\\\/product\\\/kopa-thc-destillat-superior-extrakt\\\/#breadcrumb\",\"itemListElement\":[{\"@type\":\"ListItem\",\"position\":1,\"name\":\"aff\u00e4r\",\"item\":\"https:\\\/\\\/medicinasinc.com\\\/se\\\/affar\\\/\"},{\"@type\":\"ListItem\",\"position\":2,\"name\":\"K\u00f6p THC-destillat \u2013 \u00f6verl\u00e4gset extrakt\"}]},{\"@type\":\"WebSite\",\"@id\":\"https:\\\/\\\/medicinasinc.com\\\/se\\\/#website\",\"url\":\"https:\\\/\\\/medicinasinc.com\\\/se\\\/\",\"name\":\"Medicinas Inc\",\"description\":\"Health Medical Clinic\",\"potentialAction\":[{\"@type\":\"SearchAction\",\"target\":{\"@type\":\"EntryPoint\",\"urlTemplate\":\"https:\\\/\\\/medicinasinc.com\\\/se\\\/?s={search_term_string}\"},\"query-input\":{\"@type\":\"PropertyValueSpecification\",\"valueRequired\":true,\"valueName\":\"search_term_string\"}}],\"inLanguage\":\"sv-SE\"}]}<\/script>\n<!-- \/ Yoast SEO plugin. -->","yoast_head_json":{"title":"K\u00f6p THC-destillat \u2013 \u00f6verl\u00e4gset extrakt \u2013 b\u00e4sta globala mediciner","description":"K\u00f6p THC-destillat Superior-extrakt och THC-koncentrat till salu fr\u00e5n Storbritannien, Europas b\u00e4sta onlineapotek. Best\u00e4ll nu och f\u00e5 fri frakt vid k\u00f6p \u00f6ver $150!","robots":{"index":"index","follow":"follow","max-snippet":"max-snippet:-1","max-image-preview":"max-image-preview:large","max-video-preview":"max-video-preview:-1"},"canonical":"https:\/\/medicinasinc.com\/se\/product\/kopa-thc-destillat-superior-extrakt\/","og_locale":"sv_SE","og_type":"article","og_title":"K\u00f6p THC-destillat \u2013 \u00f6verl\u00e4gset extrakt \u2013 b\u00e4sta globala mediciner","og_description":"K\u00f6p THC-destillat Superior-extrakt och THC-koncentrat till salu fr\u00e5n Storbritannien, Europas b\u00e4sta onlineapotek. Best\u00e4ll nu och f\u00e5 fri frakt vid k\u00f6p \u00f6ver $150!","og_url":"https:\/\/medicinasinc.com\/se\/product\/kopa-thc-destillat-superior-extrakt\/","og_site_name":"Medicinas Inc","article_modified_time":"2022-07-04T00:34:21+00:00","og_image":[{"width":800,"height":800,"url":"https:\/\/medicinasinc.com\/se\/wp-content\/uploads\/sites\/16\/2022\/02\/Buy-THC-DISTILLATE-1.jpg","type":"image\/jpeg"}],"twitter_card":"summary_large_image","twitter_misc":{"Ber\u00e4knad l\u00e4stid":"1 minut"},"schema":{"@context":"https:\/\/schema.org","@graph":[{"@type":"WebPage","@id":"https:\/\/medicinasinc.com\/se\/product\/kopa-thc-destillat-superior-extrakt\/","url":"https:\/\/medicinasinc.com\/se\/product\/kopa-thc-destillat-superior-extrakt\/","name":"K\u00f6p THC-destillat \u2013 \u00f6verl\u00e4gset extrakt \u2013 b\u00e4sta globala mediciner","isPartOf":{"@id":"https:\/\/medicinasinc.com\/se\/#website"},"primaryImageOfPage":{"@id":"https:\/\/medicinasinc.com\/se\/product\/kopa-thc-destillat-superior-extrakt\/#primaryimage"},"image":{"@id":"https:\/\/medicinasinc.com\/se\/product\/kopa-thc-destillat-superior-extrakt\/#primaryimage"},"thumbnailUrl":"https:\/\/medicinasinc.com\/se\/wp-content\/uploads\/sites\/16\/2022\/02\/Buy-THC-DISTILLATE-1.jpg","datePublished":"2022-02-20T09:14:34+00:00","dateModified":"2022-07-04T00:34:21+00:00","description":"K\u00f6p THC-destillat Superior-extrakt och THC-koncentrat till salu fr\u00e5n Storbritannien, Europas b\u00e4sta onlineapotek. Best\u00e4ll nu och f\u00e5 fri frakt vid k\u00f6p \u00f6ver $150!","breadcrumb":{"@id":"https:\/\/medicinasinc.com\/se\/product\/kopa-thc-destillat-superior-extrakt\/#breadcrumb"},"inLanguage":"sv-SE","potentialAction":[{"@type":"ReadAction","target":["https:\/\/medicinasinc.com\/se\/product\/kopa-thc-destillat-superior-extrakt\/"]}]},{"@type":"ImageObject","inLanguage":"sv-SE","@id":"https:\/\/medicinasinc.com\/se\/product\/kopa-thc-destillat-superior-extrakt\/#primaryimage","url":"https:\/\/medicinasinc.com\/se\/wp-content\/uploads\/sites\/16\/2022\/02\/Buy-THC-DISTILLATE-1.jpg","contentUrl":"https:\/\/medicinasinc.com\/se\/wp-content\/uploads\/sites\/16\/2022\/02\/Buy-THC-DISTILLATE-1.jpg","width":800,"height":800},{"@type":"BreadcrumbList","@id":"https:\/\/medicinasinc.com\/se\/product\/kopa-thc-destillat-superior-extrakt\/#breadcrumb","itemListElement":[{"@type":"ListItem","position":1,"name":"aff\u00e4r","item":"https:\/\/medicinasinc.com\/se\/affar\/"},{"@type":"ListItem","position":2,"name":"K\u00f6p THC-destillat \u2013 \u00f6verl\u00e4gset extrakt"}]},{"@type":"WebSite","@id":"https:\/\/medicinasinc.com\/se\/#website","url":"https:\/\/medicinasinc.com\/se\/","name":"Medicinas Inc","description":"Health Medical Clinic","potentialAction":[{"@type":"SearchAction","target":{"@type":"EntryPoint","urlTemplate":"https:\/\/medicinasinc.com\/se\/?s={search_term_string}"},"query-input":{"@type":"PropertyValueSpecification","valueRequired":true,"valueName":"search_term_string"}}],"inLanguage":"sv-SE"}]}},"_links":{"self":[{"href":"https:\/\/medicinasinc.com\/se\/wp-json\/wp\/v2\/product\/4431","targetHints":{"allow":["GET"]}}],"collection":[{"href":"https:\/\/medicinasinc.com\/se\/wp-json\/wp\/v2\/product"}],"about":[{"href":"https:\/\/medicinasinc.com\/se\/wp-json\/wp\/v2\/types\/product"}],"replies":[{"embeddable":true,"href":"https:\/\/medicinasinc.com\/se\/wp-json\/wp\/v2\/comments?post=4431"}],"wp:featuredmedia":[{"embeddable":true,"href":"https:\/\/medicinasinc.com\/se\/wp-json\/wp\/v2\/media\/4465"}],"wp:attachment":[{"href":"https:\/\/medicinasinc.com\/se\/wp-json\/wp\/v2\/media?parent=4431"}],"wp:term":[{"taxonomy":"product_brand","embeddable":true,"href":"https:\/\/medicinasinc.com\/se\/wp-json\/wp\/v2\/product_brand?post=4431"},{"taxonomy":"product_cat","embeddable":true,"href":"https:\/\/medicinasinc.com\/se\/wp-json\/wp\/v2\/product_cat?post=4431"},{"taxonomy":"product_tag","embeddable":true,"href":"https:\/\/medicinasinc.com\/se\/wp-json\/wp\/v2\/product_tag?post=4431"}],"curies":[{"name":"wp","href":"https:\/\/api.w.org\/{rel}","templated":true}]}}