{"id":4425,"date":"2022-02-20T09:10:27","date_gmt":"2022-02-20T09:10:27","guid":{"rendered":"https:\/\/medicinasinc.com\/se\/?post_type=product&#038;p=4425"},"modified":"2022-07-04T00:34:32","modified_gmt":"2022-07-04T00:34:32","slug":"kopa-skywalker-og-thc-destillat-kosher-extrakt","status":"publish","type":"product","link":"https:\/\/medicinasinc.com\/se\/product\/kopa-skywalker-og-thc-destillat-kosher-extrakt\/","title":{"rendered":"K\u00f6p Skywalker OG THC-destillat \u2013 Kosher-extrakt"},"content":{"rendered":"<p>THC-destillatextrakt Kosher<\/p>\n<p>THC-destillat \u00e4r ett av de renaste och mest potenta cannabisextrakten p\u00e5 marknaden, vilket ger ett brett utbud av medicinska f\u00f6rdelar och egenskaper. Cannabisen bryts ner med molekyl\u00e4r kortv\u00e4gsdestillation tills praktiskt taget varje komponent separeras fr\u00e5n THC (detta inkluderar: terpener, v\u00e4xtlipider, bek\u00e4mpningsmedel och andra f\u00f6roreningar). Denna metod producerar ett extremt rent cannabisextrakt utan anv\u00e4ndning av l\u00f6sningsmedel f\u00f6r att extrahera THC. Tillsammans med denna renhet ger destillation en produkt som \u00e4r betydligt mer potent \u00e4n torr \u00f6rt eller andra cannabisextrakt. THC-destillat kan inneh\u00e5lla mellan 85 och 99 procent THC!<\/p>\n","protected":false},"excerpt":{"rendered":"<p><em>K\u00f6p Skywalker OG Destillate<\/em>\u00a0Sprutan \u00e4r en avslappnande indicaolja som lugnar sinnet, slappnar av i kroppen och f\u00f6rs\u00e4tter dig i ett totalt tillst\u00e5nd av eufori.<\/p>\n<p><em>K\u00f6p Skywalker OG THC-destillat<\/em>\u00a0&#8211; kosher-extrakt online Kanada fr\u00e5n den st\u00f6rsta online-dispens\u00e4ren, K\u00f6p My Weed Online.<\/p>\n<ul>\n<li><\/li>\n<li>V\u00e4rldsomsp\u00e4nnande frakt<\/li>\n<li>Minsta best\u00e4llningskvantitet \u00e4r 5<\/li>\n<li><strong>Kontakta oss<\/strong>\u00a0f\u00f6r st\u00f6rre best\u00e4llningar<\/li>\n<\/ul>\n","protected":false},"featured_media":4459,"comment_status":"open","ping_status":"closed","template":"","meta":[],"product_brand":[],"product_cat":[440],"product_tag":[],"class_list":{"0":"post-4425","1":"product","2":"type-product","3":"status-publish","4":"has-post-thumbnail","6":"product_cat-kop-cannabis-cbd-olja","8":"first","9":"instock","10":"shipping-taxable","11":"purchasable","12":"product-type-variable","13":"has-default-attributes"},"yoast_head":"<!-- This site is optimized with the Yoast SEO plugin v27.3 - https:\/\/yoast.com\/product\/yoast-seo-wordpress\/ -->\n<title>K\u00f6p Skywalker OG THC-destillat \u2013 kosherextrakt \u2013 B\u00e4sta Global MedsMeta-beskrivningsf\u00f6rhandsvisning:<\/title>\n<meta name=\"description\" content=\"K\u00f6p Skywalker OG THC Destillate rea - kosher extrakt online Europa fr\u00e5n den st\u00f6rsta online-dispens\u00e4ren, K\u00f6p mitt ogr\u00e4s online.\" \/>\n<meta name=\"robots\" content=\"index, follow, max-snippet:-1, max-image-preview:large, max-video-preview:-1\" \/>\n<link rel=\"canonical\" href=\"https:\/\/medicinasinc.com\/se\/product\/kopa-skywalker-og-thc-destillat-kosher-extrakt\/\" \/>\n<meta property=\"og:locale\" content=\"sv_SE\" \/>\n<meta property=\"og:type\" content=\"article\" \/>\n<meta property=\"og:title\" content=\"K\u00f6p Skywalker OG THC-destillat \u2013 kosherextrakt \u2013 B\u00e4sta Global MedsMeta-beskrivningsf\u00f6rhandsvisning:\" \/>\n<meta property=\"og:description\" content=\"K\u00f6p Skywalker OG THC Destillate rea - kosher extrakt online Europa fr\u00e5n den st\u00f6rsta online-dispens\u00e4ren, K\u00f6p mitt ogr\u00e4s online.\" \/>\n<meta property=\"og:url\" content=\"https:\/\/medicinasinc.com\/se\/product\/kopa-skywalker-og-thc-destillat-kosher-extrakt\/\" \/>\n<meta property=\"og:site_name\" content=\"Medicinas Inc\" \/>\n<meta property=\"article:modified_time\" content=\"2022-07-04T00:34:32+00:00\" \/>\n<meta property=\"og:image\" content=\"https:\/\/medicinasinc.com\/se\/wp-content\/uploads\/sites\/16\/2022\/02\/Buy-Skywalker-OG-THC-Distillate.jpg\" \/>\n\t<meta property=\"og:image:width\" content=\"980\" \/>\n\t<meta property=\"og:image:height\" content=\"980\" \/>\n\t<meta property=\"og:image:type\" content=\"image\/jpeg\" \/>\n<meta name=\"twitter:card\" content=\"summary_large_image\" \/>\n<meta name=\"twitter:label1\" content=\"Ber\u00e4knad l\u00e4stid\" \/>\n\t<meta name=\"twitter:data1\" content=\"1 minut\" \/>\n<script type=\"application\/ld+json\" class=\"yoast-schema-graph\">{\"@context\":\"https:\\\/\\\/schema.org\",\"@graph\":[{\"@type\":\"WebPage\",\"@id\":\"https:\\\/\\\/medicinasinc.com\\\/se\\\/product\\\/kopa-skywalker-og-thc-destillat-kosher-extrakt\\\/\",\"url\":\"https:\\\/\\\/medicinasinc.com\\\/se\\\/product\\\/kopa-skywalker-og-thc-destillat-kosher-extrakt\\\/\",\"name\":\"K\u00f6p Skywalker OG THC-destillat \u2013 kosherextrakt \u2013 B\u00e4sta Global MedsMeta-beskrivningsf\u00f6rhandsvisning:\",\"isPartOf\":{\"@id\":\"https:\\\/\\\/medicinasinc.com\\\/se\\\/#website\"},\"primaryImageOfPage\":{\"@id\":\"https:\\\/\\\/medicinasinc.com\\\/se\\\/product\\\/kopa-skywalker-og-thc-destillat-kosher-extrakt\\\/#primaryimage\"},\"image\":{\"@id\":\"https:\\\/\\\/medicinasinc.com\\\/se\\\/product\\\/kopa-skywalker-og-thc-destillat-kosher-extrakt\\\/#primaryimage\"},\"thumbnailUrl\":\"https:\\\/\\\/medicinasinc.com\\\/se\\\/wp-content\\\/uploads\\\/sites\\\/16\\\/2022\\\/02\\\/Buy-Skywalker-OG-THC-Distillate.jpg\",\"datePublished\":\"2022-02-20T09:10:27+00:00\",\"dateModified\":\"2022-07-04T00:34:32+00:00\",\"description\":\"K\u00f6p Skywalker OG THC Destillate rea - kosher extrakt online Europa fr\u00e5n den st\u00f6rsta online-dispens\u00e4ren, K\u00f6p mitt ogr\u00e4s online.\",\"breadcrumb\":{\"@id\":\"https:\\\/\\\/medicinasinc.com\\\/se\\\/product\\\/kopa-skywalker-og-thc-destillat-kosher-extrakt\\\/#breadcrumb\"},\"inLanguage\":\"sv-SE\",\"potentialAction\":[{\"@type\":\"ReadAction\",\"target\":[\"https:\\\/\\\/medicinasinc.com\\\/se\\\/product\\\/kopa-skywalker-og-thc-destillat-kosher-extrakt\\\/\"]}]},{\"@type\":\"ImageObject\",\"inLanguage\":\"sv-SE\",\"@id\":\"https:\\\/\\\/medicinasinc.com\\\/se\\\/product\\\/kopa-skywalker-og-thc-destillat-kosher-extrakt\\\/#primaryimage\",\"url\":\"https:\\\/\\\/medicinasinc.com\\\/se\\\/wp-content\\\/uploads\\\/sites\\\/16\\\/2022\\\/02\\\/Buy-Skywalker-OG-THC-Distillate.jpg\",\"contentUrl\":\"https:\\\/\\\/medicinasinc.com\\\/se\\\/wp-content\\\/uploads\\\/sites\\\/16\\\/2022\\\/02\\\/Buy-Skywalker-OG-THC-Distillate.jpg\",\"width\":980,\"height\":980},{\"@type\":\"BreadcrumbList\",\"@id\":\"https:\\\/\\\/medicinasinc.com\\\/se\\\/product\\\/kopa-skywalker-og-thc-destillat-kosher-extrakt\\\/#breadcrumb\",\"itemListElement\":[{\"@type\":\"ListItem\",\"position\":1,\"name\":\"aff\u00e4r\",\"item\":\"https:\\\/\\\/medicinasinc.com\\\/se\\\/affar\\\/\"},{\"@type\":\"ListItem\",\"position\":2,\"name\":\"K\u00f6p Skywalker OG THC-destillat \u2013 Kosher-extrakt\"}]},{\"@type\":\"WebSite\",\"@id\":\"https:\\\/\\\/medicinasinc.com\\\/se\\\/#website\",\"url\":\"https:\\\/\\\/medicinasinc.com\\\/se\\\/\",\"name\":\"Medicinas Inc\",\"description\":\"Health Medical Clinic\",\"potentialAction\":[{\"@type\":\"SearchAction\",\"target\":{\"@type\":\"EntryPoint\",\"urlTemplate\":\"https:\\\/\\\/medicinasinc.com\\\/se\\\/?s={search_term_string}\"},\"query-input\":{\"@type\":\"PropertyValueSpecification\",\"valueRequired\":true,\"valueName\":\"search_term_string\"}}],\"inLanguage\":\"sv-SE\"}]}<\/script>\n<!-- \/ Yoast SEO plugin. -->","yoast_head_json":{"title":"K\u00f6p Skywalker OG THC-destillat \u2013 kosherextrakt \u2013 B\u00e4sta Global MedsMeta-beskrivningsf\u00f6rhandsvisning:","description":"K\u00f6p Skywalker OG THC Destillate rea - kosher extrakt online Europa fr\u00e5n den st\u00f6rsta online-dispens\u00e4ren, K\u00f6p mitt ogr\u00e4s online.","robots":{"index":"index","follow":"follow","max-snippet":"max-snippet:-1","max-image-preview":"max-image-preview:large","max-video-preview":"max-video-preview:-1"},"canonical":"https:\/\/medicinasinc.com\/se\/product\/kopa-skywalker-og-thc-destillat-kosher-extrakt\/","og_locale":"sv_SE","og_type":"article","og_title":"K\u00f6p Skywalker OG THC-destillat \u2013 kosherextrakt \u2013 B\u00e4sta Global MedsMeta-beskrivningsf\u00f6rhandsvisning:","og_description":"K\u00f6p Skywalker OG THC Destillate rea - kosher extrakt online Europa fr\u00e5n den st\u00f6rsta online-dispens\u00e4ren, K\u00f6p mitt ogr\u00e4s online.","og_url":"https:\/\/medicinasinc.com\/se\/product\/kopa-skywalker-og-thc-destillat-kosher-extrakt\/","og_site_name":"Medicinas Inc","article_modified_time":"2022-07-04T00:34:32+00:00","og_image":[{"width":980,"height":980,"url":"https:\/\/medicinasinc.com\/se\/wp-content\/uploads\/sites\/16\/2022\/02\/Buy-Skywalker-OG-THC-Distillate.jpg","type":"image\/jpeg"}],"twitter_card":"summary_large_image","twitter_misc":{"Ber\u00e4knad l\u00e4stid":"1 minut"},"schema":{"@context":"https:\/\/schema.org","@graph":[{"@type":"WebPage","@id":"https:\/\/medicinasinc.com\/se\/product\/kopa-skywalker-og-thc-destillat-kosher-extrakt\/","url":"https:\/\/medicinasinc.com\/se\/product\/kopa-skywalker-og-thc-destillat-kosher-extrakt\/","name":"K\u00f6p Skywalker OG THC-destillat \u2013 kosherextrakt \u2013 B\u00e4sta Global MedsMeta-beskrivningsf\u00f6rhandsvisning:","isPartOf":{"@id":"https:\/\/medicinasinc.com\/se\/#website"},"primaryImageOfPage":{"@id":"https:\/\/medicinasinc.com\/se\/product\/kopa-skywalker-og-thc-destillat-kosher-extrakt\/#primaryimage"},"image":{"@id":"https:\/\/medicinasinc.com\/se\/product\/kopa-skywalker-og-thc-destillat-kosher-extrakt\/#primaryimage"},"thumbnailUrl":"https:\/\/medicinasinc.com\/se\/wp-content\/uploads\/sites\/16\/2022\/02\/Buy-Skywalker-OG-THC-Distillate.jpg","datePublished":"2022-02-20T09:10:27+00:00","dateModified":"2022-07-04T00:34:32+00:00","description":"K\u00f6p Skywalker OG THC Destillate rea - kosher extrakt online Europa fr\u00e5n den st\u00f6rsta online-dispens\u00e4ren, K\u00f6p mitt ogr\u00e4s online.","breadcrumb":{"@id":"https:\/\/medicinasinc.com\/se\/product\/kopa-skywalker-og-thc-destillat-kosher-extrakt\/#breadcrumb"},"inLanguage":"sv-SE","potentialAction":[{"@type":"ReadAction","target":["https:\/\/medicinasinc.com\/se\/product\/kopa-skywalker-og-thc-destillat-kosher-extrakt\/"]}]},{"@type":"ImageObject","inLanguage":"sv-SE","@id":"https:\/\/medicinasinc.com\/se\/product\/kopa-skywalker-og-thc-destillat-kosher-extrakt\/#primaryimage","url":"https:\/\/medicinasinc.com\/se\/wp-content\/uploads\/sites\/16\/2022\/02\/Buy-Skywalker-OG-THC-Distillate.jpg","contentUrl":"https:\/\/medicinasinc.com\/se\/wp-content\/uploads\/sites\/16\/2022\/02\/Buy-Skywalker-OG-THC-Distillate.jpg","width":980,"height":980},{"@type":"BreadcrumbList","@id":"https:\/\/medicinasinc.com\/se\/product\/kopa-skywalker-og-thc-destillat-kosher-extrakt\/#breadcrumb","itemListElement":[{"@type":"ListItem","position":1,"name":"aff\u00e4r","item":"https:\/\/medicinasinc.com\/se\/affar\/"},{"@type":"ListItem","position":2,"name":"K\u00f6p Skywalker OG THC-destillat \u2013 Kosher-extrakt"}]},{"@type":"WebSite","@id":"https:\/\/medicinasinc.com\/se\/#website","url":"https:\/\/medicinasinc.com\/se\/","name":"Medicinas Inc","description":"Health Medical Clinic","potentialAction":[{"@type":"SearchAction","target":{"@type":"EntryPoint","urlTemplate":"https:\/\/medicinasinc.com\/se\/?s={search_term_string}"},"query-input":{"@type":"PropertyValueSpecification","valueRequired":true,"valueName":"search_term_string"}}],"inLanguage":"sv-SE"}]}},"_links":{"self":[{"href":"https:\/\/medicinasinc.com\/se\/wp-json\/wp\/v2\/product\/4425","targetHints":{"allow":["GET"]}}],"collection":[{"href":"https:\/\/medicinasinc.com\/se\/wp-json\/wp\/v2\/product"}],"about":[{"href":"https:\/\/medicinasinc.com\/se\/wp-json\/wp\/v2\/types\/product"}],"replies":[{"embeddable":true,"href":"https:\/\/medicinasinc.com\/se\/wp-json\/wp\/v2\/comments?post=4425"}],"wp:featuredmedia":[{"embeddable":true,"href":"https:\/\/medicinasinc.com\/se\/wp-json\/wp\/v2\/media\/4459"}],"wp:attachment":[{"href":"https:\/\/medicinasinc.com\/se\/wp-json\/wp\/v2\/media?parent=4425"}],"wp:term":[{"taxonomy":"product_brand","embeddable":true,"href":"https:\/\/medicinasinc.com\/se\/wp-json\/wp\/v2\/product_brand?post=4425"},{"taxonomy":"product_cat","embeddable":true,"href":"https:\/\/medicinasinc.com\/se\/wp-json\/wp\/v2\/product_cat?post=4425"},{"taxonomy":"product_tag","embeddable":true,"href":"https:\/\/medicinasinc.com\/se\/wp-json\/wp\/v2\/product_tag?post=4425"}],"curies":[{"name":"wp","href":"https:\/\/api.w.org\/{rel}","templated":true}]}}