{"id":4413,"date":"2022-02-20T09:01:25","date_gmt":"2022-02-20T09:01:25","guid":{"rendered":"https:\/\/medicinasinc.com\/se\/?post_type=product&#038;p=4413"},"modified":"2022-07-04T00:34:41","modified_gmt":"2022-07-04T00:34:41","slug":"rso-rosa-kush-olja-5ml","status":"publish","type":"product","link":"https:\/\/medicinasinc.com\/se\/product\/rso-rosa-kush-olja-5ml\/","title":{"rendered":"RSO | Pink Kush Oil \u2013 5 ml"},"content":{"rendered":"<p>Kush Pink (Rick Simpson Oil)<\/p>\n<p>5mL i en &#8221;Eos&#8221;-dispenser gjord av polypropen med en gr\u00f6n tr\u00e5d f\u00f6r exakt dosering.<\/p>\n<p>Denna Rick Simpson-olja kommer fr\u00e5n Pink Kush-blommor som odlas i British Columbias frodiga interi\u00f6r!<\/p>\n<p>Pink Kush tros vara en avl\u00e4gsen sl\u00e4kting till den legendariska OG Kush (en av cannabishistoriens mest popul\u00e4ra stammar). Pink Kush f\u00f6r traditionen vidare genom att ge en stark kroppsh\u00f6jd, vilket g\u00f6r den till en av de mest medicinska stammarna som finns. Effekterna av denna stam \u00e4r n\u00e4stan omedelbara. Anv\u00e4ndaren \u00f6versv\u00e4mmas av en v\u00e4rmande kroppsk\u00e4nsla som \u00e5tf\u00f6ljs av ett intensivt euforiskt cerebralt surr. En sativa-dominant hybrid som ger en intensiv kroppsfokuserad high. Pink Kush \u00e4r d\u00e4rf\u00f6r en effektiv behandling f\u00f6r \u00e5ngest, depression, inflammation, kronisk sm\u00e4rta, huvudv\u00e4rk, s\u00f6mnl\u00f6shet och aptitf\u00f6rlust.<\/p>\n<p>Oberoende tester vid MB Labs visade att denna premium RSO inneh\u00e5ller \u00f6ver 73,27 procent cannabinoider, inklusive 68,80 procent THC!<\/p>\n<p>Vi har fastst\u00e4llt att den h\u00e4r produkten inneh\u00e5ller 90 % indica.<\/p>\n<p>1) Delta-9 THC = 68,80 %<br \/> 2) CBG = 1,80 %<br \/> 3) CBC = 0,96%<br \/> 4) CBN = 0,89%<br \/> 5) CBD = 0,44%<\/p>\n<div class=\"product-next-previous\">\n<div class=\"product-prev \"><\/div><\/div>\n","protected":false},"excerpt":{"rendered":"<p>K\u00f6p RSO | Pink Kush Oil &amp; # 8211; 5 ml till salu online USA, Europa fr\u00e5n den st\u00f6rsta onlinedispens\u00e4ren, K\u00f6p My Weed Online till salu.<\/p>\n<p><em>K\u00f6p<\/em>\u00a0Viridesco&#8217;s\u00a0<em>RSO Pink Kush 5ml<\/em>\u00a0idag fr\u00e5n bekv\u00e4mligheten av ditt hem. <em>K\u00f6p RSO<\/em>\u00a0p\u00e5 ett s\u00e4kert och diskret s\u00e4tt fr\u00e5n valfri provins i Kanada. Best\u00e4ll online idag!<\/p>\n<ul>\n<li><\/li>\n<li>V\u00e4rldsomfattande frakt<\/li>\n<li>Minsta best\u00e4llningskvantitet \u00e4r 5<\/li>\n<li><strong>Kontakta oss<\/li>\n<p> strong&gt;\u00a0f\u00f6r st\u00f6rre best\u00e4llningar<\/li>\n<\/ul>\n","protected":false},"featured_media":4447,"comment_status":"open","ping_status":"closed","template":"","meta":[],"product_brand":[],"product_cat":[440],"product_tag":[],"class_list":{"0":"post-4413","1":"product","2":"type-product","3":"status-publish","4":"has-post-thumbnail","6":"product_cat-kop-cannabis-cbd-olja","8":"first","9":"instock","10":"shipping-taxable","11":"purchasable","12":"product-type-variable","13":"has-default-attributes"},"yoast_head":"<!-- This site is optimized with the Yoast SEO plugin v27.3 - https:\/\/yoast.com\/product\/yoast-seo-wordpress\/ -->\n<title>RSO | Pink Kush Oil - 5ml - K\u00f6p My Weed Online - Global Medicnas<\/title>\n<meta name=\"description\" content=\"K\u00f6p RSO | Pink Kush Oil - 5ml till salu online USA, Europa fr\u00e5n den st\u00f6rsta onlinedispens\u00e4ren, K\u00f6p My Weed Online till salu.\" \/>\n<meta name=\"robots\" content=\"index, follow, max-snippet:-1, max-image-preview:large, max-video-preview:-1\" \/>\n<link rel=\"canonical\" href=\"https:\/\/medicinasinc.com\/se\/product\/rso-rosa-kush-olja-5ml\/\" \/>\n<meta property=\"og:locale\" content=\"sv_SE\" \/>\n<meta property=\"og:type\" content=\"article\" \/>\n<meta property=\"og:title\" content=\"RSO | Pink Kush Oil - 5ml - K\u00f6p My Weed Online - Global Medicnas\" \/>\n<meta property=\"og:description\" content=\"K\u00f6p RSO | Pink Kush Oil - 5ml till salu online USA, Europa fr\u00e5n den st\u00f6rsta onlinedispens\u00e4ren, K\u00f6p My Weed Online till salu.\" \/>\n<meta property=\"og:url\" content=\"https:\/\/medicinasinc.com\/se\/product\/rso-rosa-kush-olja-5ml\/\" \/>\n<meta property=\"og:site_name\" content=\"Medicinas Inc\" \/>\n<meta property=\"article:modified_time\" content=\"2022-07-04T00:34:41+00:00\" \/>\n<meta property=\"og:image\" content=\"https:\/\/medicinasinc.com\/se\/wp-content\/uploads\/sites\/16\/2022\/02\/Buy-RSO-Pink-Kush-Oil-\u2013-5ml.jpg\" \/>\n\t<meta property=\"og:image:width\" content=\"800\" \/>\n\t<meta property=\"og:image:height\" content=\"800\" \/>\n\t<meta property=\"og:image:type\" content=\"image\/jpeg\" \/>\n<meta name=\"twitter:card\" content=\"summary_large_image\" \/>\n<meta name=\"twitter:label1\" content=\"Ber\u00e4knad l\u00e4stid\" \/>\n\t<meta name=\"twitter:data1\" content=\"1 minut\" \/>\n<script type=\"application\/ld+json\" class=\"yoast-schema-graph\">{\"@context\":\"https:\\\/\\\/schema.org\",\"@graph\":[{\"@type\":\"WebPage\",\"@id\":\"https:\\\/\\\/medicinasinc.com\\\/se\\\/product\\\/rso-rosa-kush-olja-5ml\\\/\",\"url\":\"https:\\\/\\\/medicinasinc.com\\\/se\\\/product\\\/rso-rosa-kush-olja-5ml\\\/\",\"name\":\"RSO | Pink Kush Oil - 5ml - K\u00f6p My Weed Online - Global Medicnas\",\"isPartOf\":{\"@id\":\"https:\\\/\\\/medicinasinc.com\\\/se\\\/#website\"},\"primaryImageOfPage\":{\"@id\":\"https:\\\/\\\/medicinasinc.com\\\/se\\\/product\\\/rso-rosa-kush-olja-5ml\\\/#primaryimage\"},\"image\":{\"@id\":\"https:\\\/\\\/medicinasinc.com\\\/se\\\/product\\\/rso-rosa-kush-olja-5ml\\\/#primaryimage\"},\"thumbnailUrl\":\"https:\\\/\\\/medicinasinc.com\\\/se\\\/wp-content\\\/uploads\\\/sites\\\/16\\\/2022\\\/02\\\/Buy-RSO-Pink-Kush-Oil-\u2013-5ml.jpg\",\"datePublished\":\"2022-02-20T09:01:25+00:00\",\"dateModified\":\"2022-07-04T00:34:41+00:00\",\"description\":\"K\u00f6p RSO | Pink Kush Oil - 5ml till salu online USA, Europa fr\u00e5n den st\u00f6rsta onlinedispens\u00e4ren, K\u00f6p My Weed Online till salu.\",\"breadcrumb\":{\"@id\":\"https:\\\/\\\/medicinasinc.com\\\/se\\\/product\\\/rso-rosa-kush-olja-5ml\\\/#breadcrumb\"},\"inLanguage\":\"sv-SE\",\"potentialAction\":[{\"@type\":\"ReadAction\",\"target\":[\"https:\\\/\\\/medicinasinc.com\\\/se\\\/product\\\/rso-rosa-kush-olja-5ml\\\/\"]}]},{\"@type\":\"ImageObject\",\"inLanguage\":\"sv-SE\",\"@id\":\"https:\\\/\\\/medicinasinc.com\\\/se\\\/product\\\/rso-rosa-kush-olja-5ml\\\/#primaryimage\",\"url\":\"https:\\\/\\\/medicinasinc.com\\\/se\\\/wp-content\\\/uploads\\\/sites\\\/16\\\/2022\\\/02\\\/Buy-RSO-Pink-Kush-Oil-\u2013-5ml.jpg\",\"contentUrl\":\"https:\\\/\\\/medicinasinc.com\\\/se\\\/wp-content\\\/uploads\\\/sites\\\/16\\\/2022\\\/02\\\/Buy-RSO-Pink-Kush-Oil-\u2013-5ml.jpg\",\"width\":800,\"height\":800},{\"@type\":\"BreadcrumbList\",\"@id\":\"https:\\\/\\\/medicinasinc.com\\\/se\\\/product\\\/rso-rosa-kush-olja-5ml\\\/#breadcrumb\",\"itemListElement\":[{\"@type\":\"ListItem\",\"position\":1,\"name\":\"aff\u00e4r\",\"item\":\"https:\\\/\\\/medicinasinc.com\\\/se\\\/affar\\\/\"},{\"@type\":\"ListItem\",\"position\":2,\"name\":\"RSO | Pink Kush Oil \u2013 5 ml\"}]},{\"@type\":\"WebSite\",\"@id\":\"https:\\\/\\\/medicinasinc.com\\\/se\\\/#website\",\"url\":\"https:\\\/\\\/medicinasinc.com\\\/se\\\/\",\"name\":\"Medicinas Inc\",\"description\":\"Health Medical Clinic\",\"potentialAction\":[{\"@type\":\"SearchAction\",\"target\":{\"@type\":\"EntryPoint\",\"urlTemplate\":\"https:\\\/\\\/medicinasinc.com\\\/se\\\/?s={search_term_string}\"},\"query-input\":{\"@type\":\"PropertyValueSpecification\",\"valueRequired\":true,\"valueName\":\"search_term_string\"}}],\"inLanguage\":\"sv-SE\"}]}<\/script>\n<!-- \/ Yoast SEO plugin. -->","yoast_head_json":{"title":"RSO | Pink Kush Oil - 5ml - K\u00f6p My Weed Online - Global Medicnas","description":"K\u00f6p RSO | Pink Kush Oil - 5ml till salu online USA, Europa fr\u00e5n den st\u00f6rsta onlinedispens\u00e4ren, K\u00f6p My Weed Online till salu.","robots":{"index":"index","follow":"follow","max-snippet":"max-snippet:-1","max-image-preview":"max-image-preview:large","max-video-preview":"max-video-preview:-1"},"canonical":"https:\/\/medicinasinc.com\/se\/product\/rso-rosa-kush-olja-5ml\/","og_locale":"sv_SE","og_type":"article","og_title":"RSO | Pink Kush Oil - 5ml - K\u00f6p My Weed Online - Global Medicnas","og_description":"K\u00f6p RSO | Pink Kush Oil - 5ml till salu online USA, Europa fr\u00e5n den st\u00f6rsta onlinedispens\u00e4ren, K\u00f6p My Weed Online till salu.","og_url":"https:\/\/medicinasinc.com\/se\/product\/rso-rosa-kush-olja-5ml\/","og_site_name":"Medicinas Inc","article_modified_time":"2022-07-04T00:34:41+00:00","og_image":[{"width":800,"height":800,"url":"https:\/\/medicinasinc.com\/se\/wp-content\/uploads\/sites\/16\/2022\/02\/Buy-RSO-Pink-Kush-Oil-\u2013-5ml.jpg","type":"image\/jpeg"}],"twitter_card":"summary_large_image","twitter_misc":{"Ber\u00e4knad l\u00e4stid":"1 minut"},"schema":{"@context":"https:\/\/schema.org","@graph":[{"@type":"WebPage","@id":"https:\/\/medicinasinc.com\/se\/product\/rso-rosa-kush-olja-5ml\/","url":"https:\/\/medicinasinc.com\/se\/product\/rso-rosa-kush-olja-5ml\/","name":"RSO | Pink Kush Oil - 5ml - K\u00f6p My Weed Online - Global Medicnas","isPartOf":{"@id":"https:\/\/medicinasinc.com\/se\/#website"},"primaryImageOfPage":{"@id":"https:\/\/medicinasinc.com\/se\/product\/rso-rosa-kush-olja-5ml\/#primaryimage"},"image":{"@id":"https:\/\/medicinasinc.com\/se\/product\/rso-rosa-kush-olja-5ml\/#primaryimage"},"thumbnailUrl":"https:\/\/medicinasinc.com\/se\/wp-content\/uploads\/sites\/16\/2022\/02\/Buy-RSO-Pink-Kush-Oil-\u2013-5ml.jpg","datePublished":"2022-02-20T09:01:25+00:00","dateModified":"2022-07-04T00:34:41+00:00","description":"K\u00f6p RSO | Pink Kush Oil - 5ml till salu online USA, Europa fr\u00e5n den st\u00f6rsta onlinedispens\u00e4ren, K\u00f6p My Weed Online till salu.","breadcrumb":{"@id":"https:\/\/medicinasinc.com\/se\/product\/rso-rosa-kush-olja-5ml\/#breadcrumb"},"inLanguage":"sv-SE","potentialAction":[{"@type":"ReadAction","target":["https:\/\/medicinasinc.com\/se\/product\/rso-rosa-kush-olja-5ml\/"]}]},{"@type":"ImageObject","inLanguage":"sv-SE","@id":"https:\/\/medicinasinc.com\/se\/product\/rso-rosa-kush-olja-5ml\/#primaryimage","url":"https:\/\/medicinasinc.com\/se\/wp-content\/uploads\/sites\/16\/2022\/02\/Buy-RSO-Pink-Kush-Oil-\u2013-5ml.jpg","contentUrl":"https:\/\/medicinasinc.com\/se\/wp-content\/uploads\/sites\/16\/2022\/02\/Buy-RSO-Pink-Kush-Oil-\u2013-5ml.jpg","width":800,"height":800},{"@type":"BreadcrumbList","@id":"https:\/\/medicinasinc.com\/se\/product\/rso-rosa-kush-olja-5ml\/#breadcrumb","itemListElement":[{"@type":"ListItem","position":1,"name":"aff\u00e4r","item":"https:\/\/medicinasinc.com\/se\/affar\/"},{"@type":"ListItem","position":2,"name":"RSO | Pink Kush Oil \u2013 5 ml"}]},{"@type":"WebSite","@id":"https:\/\/medicinasinc.com\/se\/#website","url":"https:\/\/medicinasinc.com\/se\/","name":"Medicinas Inc","description":"Health Medical Clinic","potentialAction":[{"@type":"SearchAction","target":{"@type":"EntryPoint","urlTemplate":"https:\/\/medicinasinc.com\/se\/?s={search_term_string}"},"query-input":{"@type":"PropertyValueSpecification","valueRequired":true,"valueName":"search_term_string"}}],"inLanguage":"sv-SE"}]}},"_links":{"self":[{"href":"https:\/\/medicinasinc.com\/se\/wp-json\/wp\/v2\/product\/4413","targetHints":{"allow":["GET"]}}],"collection":[{"href":"https:\/\/medicinasinc.com\/se\/wp-json\/wp\/v2\/product"}],"about":[{"href":"https:\/\/medicinasinc.com\/se\/wp-json\/wp\/v2\/types\/product"}],"replies":[{"embeddable":true,"href":"https:\/\/medicinasinc.com\/se\/wp-json\/wp\/v2\/comments?post=4413"}],"wp:featuredmedia":[{"embeddable":true,"href":"https:\/\/medicinasinc.com\/se\/wp-json\/wp\/v2\/media\/4447"}],"wp:attachment":[{"href":"https:\/\/medicinasinc.com\/se\/wp-json\/wp\/v2\/media?parent=4413"}],"wp:term":[{"taxonomy":"product_brand","embeddable":true,"href":"https:\/\/medicinasinc.com\/se\/wp-json\/wp\/v2\/product_brand?post=4413"},{"taxonomy":"product_cat","embeddable":true,"href":"https:\/\/medicinasinc.com\/se\/wp-json\/wp\/v2\/product_cat?post=4413"},{"taxonomy":"product_tag","embeddable":true,"href":"https:\/\/medicinasinc.com\/se\/wp-json\/wp\/v2\/product_tag?post=4413"}],"curies":[{"name":"wp","href":"https:\/\/api.w.org\/{rel}","templated":true}]}}