{"id":4412,"date":"2022-02-20T09:00:17","date_gmt":"2022-02-20T09:00:17","guid":{"rendered":"https:\/\/medicinasinc.com\/se\/?post_type=product&#038;p=4412"},"modified":"2022-07-04T00:34:49","modified_gmt":"2022-07-04T00:34:49","slug":"kop-rick-simpson-olja","status":"publish","type":"product","link":"https:\/\/medicinasinc.com\/se\/product\/kop-rick-simpson-olja\/","title":{"rendered":"K\u00f6p Rick Simpson Oil"},"content":{"rendered":"<p><strong>K\u00f6p Rick Simpsons olja<\/strong><\/p>\n<div class=\"woocommerce-tabs wc-tabs-wrapper\">\n<div id=\"tab-description\" class=\"woocommerce-Tabs-panel woocommerce-Tabs-panel--description panel entry-content wc-tab\" role=\"tabpanel\" aria-labelledby=\"tab-title-description\">\n<p><strong>RSO \u00e4r en l\u00f6sningsmedelsbaserad olja som erh\u00e5lls genom att tv\u00e4tta cannabis knoppar i ett l\u00f6sningsmedel som ren l\u00e4tt nafta och sedan kokar bort l\u00f6sningsmedlet f\u00f6r att extrahera oljan.<\/strong><br \/> <strong>RSO \u00e4r en generisk produkt. Det betyder att det inte finns n\u00e5gon &#8221;Rick Simpson Oil&#8221; tillg\u00e4nglig att k\u00f6pa. Simpson visar hur man g\u00f6r sin eponymous olja p\u00e5 sin hemsida. Han tj\u00e4nar dock inte p\u00e5 oljan.<\/strong><\/p>\n<\/p><\/div><\/div>\n<div class=\"related products\">\n<div class=\"woocommerce-tabs wc-tabs-wrapper\">\n<div id=\"tab-description\" class=\"woocommerce-Tabs-panel woocommerce-Tabs-panel--description panel entry-content wc-tab\" role=\"tabpanel\" aria-labelledby=\"tab-title-description\">\n<p>&nbsp;<\/p>\n<\/p><\/div><\/div><\/div>\n<p>&nbsp;<\/p>\n","protected":false},"excerpt":{"rendered":"<p>K\u00f6p Rick Simpson Oil (RSO) till salu Storbritannien, Europa Best\u00e4ll online. Vi har h\u00f6gsta kvalitet p\u00e5 Rick Simpson olja till salu. Vi erbjuder RSO-original formel med h\u00f6g THC.<\/p>\n<p><em>K\u00f6p<\/em>\u00a0v\u00e5r\u00a0<em>Rick Simpson-olja<\/em>\u00a0f\u00f6r f\u00f6rs\u00e4ljning och anv\u00e4nd den p\u00e5 r\u00e4tt s\u00e4tt. Klassisk\u00a0<em>RSO<\/em>\u00a0g\u00f6rs vanligtvis med Indica-dominanta stammar eftersom de inneh\u00e5ller h\u00f6gre niv\u00e5er av\u00a0<em>CBD<\/em>.<\/p>\n<ul>\n<li>V\u00e4rldsomsp\u00e4nnande frakt<\/li>\n<li>Minsta best\u00e4llningskvantitet \u00e4r 5<\/li>\n<li><strong>Kontakta oss<\/strong>\u00a0f\u00f6r st\u00f6rre best\u00e4llningar<\/li>\n<\/ul>\n","protected":false},"featured_media":4445,"comment_status":"open","ping_status":"closed","template":"","meta":[],"product_brand":[],"product_cat":[440],"product_tag":[489,490,492,491,493,495,494,496],"class_list":{"0":"post-4412","1":"product","2":"type-product","3":"status-publish","4":"has-post-thumbnail","6":"product_cat-kop-cannabis-cbd-olja","7":"product_tag-bulk-cbd-rso","8":"product_tag-hg-cbd-rso","9":"product_tag-rick-simpson-olja-wiki","10":"product_tag-rick-simpson-olja-kalifornien","11":"product_tag-rso-cbd-olja-fr-ngest","12":"product_tag-rso-oil-for-sale-in-ohio","13":"product_tag-rso-olja-mot-smrta","14":"product_tag-rso-olja-pris-colorado","16":"first","17":"instock","18":"shipping-taxable","19":"purchasable","20":"product-type-variable","21":"has-default-attributes"},"yoast_head":"<!-- This site is optimized with the Yoast SEO plugin v27.3 - https:\/\/yoast.com\/product\/yoast-seo-wordpress\/ -->\n<title>K\u00f6p Rick Simpson Oil - USA - Europa - B\u00e4sta globala medicinerna<\/title>\n<meta name=\"description\" content=\"K\u00f6p Rick Simpson Oil (RSO) till salu Storbritannien, Europa Best\u00e4ll online. Vi har h\u00f6gsta kvalitet p\u00e5 Rick Simpson olja till salu. Vi erbjuder RSO original formel med h\u00f6g THC.\" \/>\n<meta name=\"robots\" content=\"index, follow, max-snippet:-1, max-image-preview:large, max-video-preview:-1\" \/>\n<link rel=\"canonical\" href=\"https:\/\/medicinasinc.com\/se\/product\/kop-rick-simpson-olja\/\" \/>\n<meta property=\"og:locale\" content=\"sv_SE\" \/>\n<meta property=\"og:type\" content=\"article\" \/>\n<meta property=\"og:title\" content=\"K\u00f6p Rick Simpson Oil - USA - Europa - B\u00e4sta globala medicinerna\" \/>\n<meta property=\"og:description\" content=\"K\u00f6p Rick Simpson Oil (RSO) till salu Storbritannien, Europa Best\u00e4ll online. Vi har h\u00f6gsta kvalitet p\u00e5 Rick Simpson olja till salu. Vi erbjuder RSO original formel med h\u00f6g THC.\" \/>\n<meta property=\"og:url\" content=\"https:\/\/medicinasinc.com\/se\/product\/kop-rick-simpson-olja\/\" \/>\n<meta property=\"og:site_name\" content=\"Medicinas Inc\" \/>\n<meta property=\"article:modified_time\" content=\"2022-07-04T00:34:49+00:00\" \/>\n<meta property=\"og:image\" content=\"https:\/\/medicinasinc.com\/se\/wp-content\/uploads\/sites\/16\/2022\/02\/Buy-Rick-Simpson-Oil.jpg\" \/>\n\t<meta property=\"og:image:width\" content=\"1170\" \/>\n\t<meta property=\"og:image:height\" content=\"658\" \/>\n\t<meta property=\"og:image:type\" content=\"image\/jpeg\" \/>\n<meta name=\"twitter:card\" content=\"summary_large_image\" \/>\n<meta name=\"twitter:label1\" content=\"Ber\u00e4knad l\u00e4stid\" \/>\n\t<meta name=\"twitter:data1\" content=\"1 minut\" \/>\n<script type=\"application\/ld+json\" class=\"yoast-schema-graph\">{\"@context\":\"https:\\\/\\\/schema.org\",\"@graph\":[{\"@type\":\"WebPage\",\"@id\":\"https:\\\/\\\/medicinasinc.com\\\/se\\\/product\\\/kop-rick-simpson-olja\\\/\",\"url\":\"https:\\\/\\\/medicinasinc.com\\\/se\\\/product\\\/kop-rick-simpson-olja\\\/\",\"name\":\"K\u00f6p Rick Simpson Oil - USA - Europa - B\u00e4sta globala medicinerna\",\"isPartOf\":{\"@id\":\"https:\\\/\\\/medicinasinc.com\\\/se\\\/#website\"},\"primaryImageOfPage\":{\"@id\":\"https:\\\/\\\/medicinasinc.com\\\/se\\\/product\\\/kop-rick-simpson-olja\\\/#primaryimage\"},\"image\":{\"@id\":\"https:\\\/\\\/medicinasinc.com\\\/se\\\/product\\\/kop-rick-simpson-olja\\\/#primaryimage\"},\"thumbnailUrl\":\"https:\\\/\\\/medicinasinc.com\\\/se\\\/wp-content\\\/uploads\\\/sites\\\/16\\\/2022\\\/02\\\/Buy-Rick-Simpson-Oil.jpg\",\"datePublished\":\"2022-02-20T09:00:17+00:00\",\"dateModified\":\"2022-07-04T00:34:49+00:00\",\"description\":\"K\u00f6p Rick Simpson Oil (RSO) till salu Storbritannien, Europa Best\u00e4ll online. Vi har h\u00f6gsta kvalitet p\u00e5 Rick Simpson olja till salu. Vi erbjuder RSO original formel med h\u00f6g THC.\",\"breadcrumb\":{\"@id\":\"https:\\\/\\\/medicinasinc.com\\\/se\\\/product\\\/kop-rick-simpson-olja\\\/#breadcrumb\"},\"inLanguage\":\"sv-SE\",\"potentialAction\":[{\"@type\":\"ReadAction\",\"target\":[\"https:\\\/\\\/medicinasinc.com\\\/se\\\/product\\\/kop-rick-simpson-olja\\\/\"]}]},{\"@type\":\"ImageObject\",\"inLanguage\":\"sv-SE\",\"@id\":\"https:\\\/\\\/medicinasinc.com\\\/se\\\/product\\\/kop-rick-simpson-olja\\\/#primaryimage\",\"url\":\"https:\\\/\\\/medicinasinc.com\\\/se\\\/wp-content\\\/uploads\\\/sites\\\/16\\\/2022\\\/02\\\/Buy-Rick-Simpson-Oil.jpg\",\"contentUrl\":\"https:\\\/\\\/medicinasinc.com\\\/se\\\/wp-content\\\/uploads\\\/sites\\\/16\\\/2022\\\/02\\\/Buy-Rick-Simpson-Oil.jpg\",\"width\":1170,\"height\":658},{\"@type\":\"BreadcrumbList\",\"@id\":\"https:\\\/\\\/medicinasinc.com\\\/se\\\/product\\\/kop-rick-simpson-olja\\\/#breadcrumb\",\"itemListElement\":[{\"@type\":\"ListItem\",\"position\":1,\"name\":\"aff\u00e4r\",\"item\":\"https:\\\/\\\/medicinasinc.com\\\/se\\\/affar\\\/\"},{\"@type\":\"ListItem\",\"position\":2,\"name\":\"K\u00f6p Rick Simpson Oil\"}]},{\"@type\":\"WebSite\",\"@id\":\"https:\\\/\\\/medicinasinc.com\\\/se\\\/#website\",\"url\":\"https:\\\/\\\/medicinasinc.com\\\/se\\\/\",\"name\":\"Medicinas Inc\",\"description\":\"Health Medical Clinic\",\"potentialAction\":[{\"@type\":\"SearchAction\",\"target\":{\"@type\":\"EntryPoint\",\"urlTemplate\":\"https:\\\/\\\/medicinasinc.com\\\/se\\\/?s={search_term_string}\"},\"query-input\":{\"@type\":\"PropertyValueSpecification\",\"valueRequired\":true,\"valueName\":\"search_term_string\"}}],\"inLanguage\":\"sv-SE\"}]}<\/script>\n<!-- \/ Yoast SEO plugin. -->","yoast_head_json":{"title":"K\u00f6p Rick Simpson Oil - USA - Europa - B\u00e4sta globala medicinerna","description":"K\u00f6p Rick Simpson Oil (RSO) till salu Storbritannien, Europa Best\u00e4ll online. Vi har h\u00f6gsta kvalitet p\u00e5 Rick Simpson olja till salu. Vi erbjuder RSO original formel med h\u00f6g THC.","robots":{"index":"index","follow":"follow","max-snippet":"max-snippet:-1","max-image-preview":"max-image-preview:large","max-video-preview":"max-video-preview:-1"},"canonical":"https:\/\/medicinasinc.com\/se\/product\/kop-rick-simpson-olja\/","og_locale":"sv_SE","og_type":"article","og_title":"K\u00f6p Rick Simpson Oil - USA - Europa - B\u00e4sta globala medicinerna","og_description":"K\u00f6p Rick Simpson Oil (RSO) till salu Storbritannien, Europa Best\u00e4ll online. Vi har h\u00f6gsta kvalitet p\u00e5 Rick Simpson olja till salu. Vi erbjuder RSO original formel med h\u00f6g THC.","og_url":"https:\/\/medicinasinc.com\/se\/product\/kop-rick-simpson-olja\/","og_site_name":"Medicinas Inc","article_modified_time":"2022-07-04T00:34:49+00:00","og_image":[{"width":1170,"height":658,"url":"https:\/\/medicinasinc.com\/se\/wp-content\/uploads\/sites\/16\/2022\/02\/Buy-Rick-Simpson-Oil.jpg","type":"image\/jpeg"}],"twitter_card":"summary_large_image","twitter_misc":{"Ber\u00e4knad l\u00e4stid":"1 minut"},"schema":{"@context":"https:\/\/schema.org","@graph":[{"@type":"WebPage","@id":"https:\/\/medicinasinc.com\/se\/product\/kop-rick-simpson-olja\/","url":"https:\/\/medicinasinc.com\/se\/product\/kop-rick-simpson-olja\/","name":"K\u00f6p Rick Simpson Oil - USA - Europa - B\u00e4sta globala medicinerna","isPartOf":{"@id":"https:\/\/medicinasinc.com\/se\/#website"},"primaryImageOfPage":{"@id":"https:\/\/medicinasinc.com\/se\/product\/kop-rick-simpson-olja\/#primaryimage"},"image":{"@id":"https:\/\/medicinasinc.com\/se\/product\/kop-rick-simpson-olja\/#primaryimage"},"thumbnailUrl":"https:\/\/medicinasinc.com\/se\/wp-content\/uploads\/sites\/16\/2022\/02\/Buy-Rick-Simpson-Oil.jpg","datePublished":"2022-02-20T09:00:17+00:00","dateModified":"2022-07-04T00:34:49+00:00","description":"K\u00f6p Rick Simpson Oil (RSO) till salu Storbritannien, Europa Best\u00e4ll online. Vi har h\u00f6gsta kvalitet p\u00e5 Rick Simpson olja till salu. Vi erbjuder RSO original formel med h\u00f6g THC.","breadcrumb":{"@id":"https:\/\/medicinasinc.com\/se\/product\/kop-rick-simpson-olja\/#breadcrumb"},"inLanguage":"sv-SE","potentialAction":[{"@type":"ReadAction","target":["https:\/\/medicinasinc.com\/se\/product\/kop-rick-simpson-olja\/"]}]},{"@type":"ImageObject","inLanguage":"sv-SE","@id":"https:\/\/medicinasinc.com\/se\/product\/kop-rick-simpson-olja\/#primaryimage","url":"https:\/\/medicinasinc.com\/se\/wp-content\/uploads\/sites\/16\/2022\/02\/Buy-Rick-Simpson-Oil.jpg","contentUrl":"https:\/\/medicinasinc.com\/se\/wp-content\/uploads\/sites\/16\/2022\/02\/Buy-Rick-Simpson-Oil.jpg","width":1170,"height":658},{"@type":"BreadcrumbList","@id":"https:\/\/medicinasinc.com\/se\/product\/kop-rick-simpson-olja\/#breadcrumb","itemListElement":[{"@type":"ListItem","position":1,"name":"aff\u00e4r","item":"https:\/\/medicinasinc.com\/se\/affar\/"},{"@type":"ListItem","position":2,"name":"K\u00f6p Rick Simpson Oil"}]},{"@type":"WebSite","@id":"https:\/\/medicinasinc.com\/se\/#website","url":"https:\/\/medicinasinc.com\/se\/","name":"Medicinas Inc","description":"Health Medical Clinic","potentialAction":[{"@type":"SearchAction","target":{"@type":"EntryPoint","urlTemplate":"https:\/\/medicinasinc.com\/se\/?s={search_term_string}"},"query-input":{"@type":"PropertyValueSpecification","valueRequired":true,"valueName":"search_term_string"}}],"inLanguage":"sv-SE"}]}},"_links":{"self":[{"href":"https:\/\/medicinasinc.com\/se\/wp-json\/wp\/v2\/product\/4412","targetHints":{"allow":["GET"]}}],"collection":[{"href":"https:\/\/medicinasinc.com\/se\/wp-json\/wp\/v2\/product"}],"about":[{"href":"https:\/\/medicinasinc.com\/se\/wp-json\/wp\/v2\/types\/product"}],"replies":[{"embeddable":true,"href":"https:\/\/medicinasinc.com\/se\/wp-json\/wp\/v2\/comments?post=4412"}],"wp:featuredmedia":[{"embeddable":true,"href":"https:\/\/medicinasinc.com\/se\/wp-json\/wp\/v2\/media\/4445"}],"wp:attachment":[{"href":"https:\/\/medicinasinc.com\/se\/wp-json\/wp\/v2\/media?parent=4412"}],"wp:term":[{"taxonomy":"product_brand","embeddable":true,"href":"https:\/\/medicinasinc.com\/se\/wp-json\/wp\/v2\/product_brand?post=4412"},{"taxonomy":"product_cat","embeddable":true,"href":"https:\/\/medicinasinc.com\/se\/wp-json\/wp\/v2\/product_cat?post=4412"},{"taxonomy":"product_tag","embeddable":true,"href":"https:\/\/medicinasinc.com\/se\/wp-json\/wp\/v2\/product_tag?post=4412"}],"curies":[{"name":"wp","href":"https:\/\/api.w.org\/{rel}","templated":true}]}}