{"id":4404,"date":"2022-02-20T08:55:28","date_gmt":"2022-02-20T08:55:28","guid":{"rendered":"https:\/\/medicinasinc.com\/se\/?post_type=product&#038;p=4404"},"modified":"2022-07-04T00:34:57","modified_gmt":"2022-07-04T00:34:57","slug":"kop-rosa-kush-thc-destillat-dabeast","status":"publish","type":"product","link":"https:\/\/medicinasinc.com\/se\/product\/kop-rosa-kush-thc-destillat-dabeast\/","title":{"rendered":"K\u00f6p Pink Kush THC Destillate \u2013 Dabeast"},"content":{"rendered":"<p>Pink Kush THC-destillat till salu \u2013 Dabeast<\/p>\n<p>Sabre Vape-penna med Pink Kush THC-destillat \u2013 Dabeast<\/p>\n<p>1 x Sabre elektronisk cigarett<br \/> 1 x Pink Kush pre- fylld pod<br \/> 1 x mikro-USB-kabel OCH\/ELLER 1 x Pink Kush f\u00f6rfylld pod<\/p>\n<p>S\u00e4tt in poden i Sabre Pen och b\u00f6rja omedelbart vaping. Den fulla effekten kan ta upp till femton minuter att k\u00e4nna. Tv\u00e5 till fyra bloss rekommenderas f\u00f6r patienter som inte har \u00e4tit p\u00e5 ett tag, men upp till tio bloss b\u00f6r r\u00e4cka f\u00f6r dem som konsumerar oftare.<\/p>\n<p>Kush Pink<br \/> Pink Kushs genetiska h\u00e4rstamning \u00e4r ok\u00e4nd \u2013 men det anses allm\u00e4nt vara en sl\u00e4kting till den legendariska OG Kush. Denna indica-dominanta hybrid producerar en stark fysisk high, vilket g\u00f6r den till en av de mest medicinska stammarna som finns. Pink Kush har en s\u00f6t arom som p\u00e5minner om vanilj eller s\u00f6ta godisar, med undertoner av f\u00e4rsk tall. Pink Kush ger en l\u00e5ngvarig, kroppsfokuserad high som \u00e5tf\u00f6ljs av euforiska och upplyftande effekter. Vid h\u00f6ga doser kan vissa anv\u00e4ndare uppleva sv\u00e5ra munchies, vilket g\u00f6r Pink Kush till en utm\u00e4rkt stam f\u00f6r att stimulera aptitf\u00f6rlust. Pink Kush \u00e4r ett m\u00e5ngsidigt l\u00e4kemedel som kan anv\u00e4ndas f\u00f6r att behandla depression, \u00e5ngest, inflammation, kronisk sm\u00e4rta, migr\u00e4n, huvudv\u00e4rk, s\u00f6mnl\u00f6shet och aptitl\u00f6shet.<\/p>\n","protected":false},"excerpt":{"rendered":"<p>K\u00f6p Pink Kush THC Destillate Sabre Vape Pens till salu i Storbritannien, Europa och USA fr\u00e5n v\u00e4rldens st\u00f6rsta onlinedispens\u00e4r, K\u00f6p My Weed Online.<\/p>\n<p>K\u00f6p Pink Kush THC Indica-destillatsprutor fr\u00e5n den #1 mest p\u00e5litliga postordermarijuanawebbplatsen &#8211; De b\u00e4sta \u00f6rtmedicinerna med gratis frakt! Mer \u00e4n 150 USD.<\/p>\n<p>&nbsp;<\/p>\n<ul>\n<li>S\u00e4ndning \u00f6ver hela v\u00e4rlden<\/li>\n<li>Minsta best\u00e4llningskvantitet \u00e4r 5 patroner<\/li>\n<li><strong>Kontakta oss <\/strong>\u00a0f\u00f6r st\u00f6rre best\u00e4llningar<\/li>\n<\/ul>\n","protected":false},"featured_media":4438,"comment_status":"open","ping_status":"closed","template":"","meta":[],"product_brand":[],"product_cat":[440],"product_tag":[],"class_list":{"0":"post-4404","1":"product","2":"type-product","3":"status-publish","4":"has-post-thumbnail","6":"product_cat-kop-cannabis-cbd-olja","8":"first","9":"instock","10":"shipping-taxable","11":"purchasable","12":"product-type-simple"},"yoast_head":"<!-- This site is optimized with the Yoast SEO plugin v27.3 - https:\/\/yoast.com\/product\/yoast-seo-wordpress\/ -->\n<title>K\u00f6p Pink Kush THC-destillat \u2013 Dabeast - b\u00e4sta globala medicin<\/title>\n<meta name=\"description\" content=\"K\u00f6p Pink Kush THC Destillate Sabre Vape Pen till salu UK, Europe- Dabeast online USA fr\u00e5n den st\u00f6rsta onlinedispens\u00e4ren, K\u00f6p My Weed Online.\" \/>\n<meta name=\"robots\" content=\"index, follow, max-snippet:-1, max-image-preview:large, max-video-preview:-1\" \/>\n<link rel=\"canonical\" href=\"https:\/\/medicinasinc.com\/se\/product\/kop-rosa-kush-thc-destillat-dabeast\/\" \/>\n<meta property=\"og:locale\" content=\"sv_SE\" \/>\n<meta property=\"og:type\" content=\"article\" \/>\n<meta property=\"og:title\" content=\"K\u00f6p Pink Kush THC-destillat \u2013 Dabeast - b\u00e4sta globala medicin\" \/>\n<meta property=\"og:description\" content=\"K\u00f6p Pink Kush THC Destillate Sabre Vape Pen till salu UK, Europe- Dabeast online USA fr\u00e5n den st\u00f6rsta onlinedispens\u00e4ren, K\u00f6p My Weed Online.\" \/>\n<meta property=\"og:url\" content=\"https:\/\/medicinasinc.com\/se\/product\/kop-rosa-kush-thc-destillat-dabeast\/\" \/>\n<meta property=\"og:site_name\" content=\"Medicinas Inc\" \/>\n<meta property=\"article:modified_time\" content=\"2022-07-04T00:34:57+00:00\" \/>\n<meta property=\"og:image\" content=\"https:\/\/medicinasinc.com\/se\/wp-content\/uploads\/sites\/16\/2022\/02\/Buy-Pink-Kush-THC-Distillate-\u2013-Dabeast.jpg\" \/>\n\t<meta property=\"og:image:width\" content=\"600\" \/>\n\t<meta property=\"og:image:height\" content=\"600\" \/>\n\t<meta property=\"og:image:type\" content=\"image\/jpeg\" \/>\n<meta name=\"twitter:card\" content=\"summary_large_image\" \/>\n<meta name=\"twitter:label1\" content=\"Ber\u00e4knad l\u00e4stid\" \/>\n\t<meta name=\"twitter:data1\" content=\"1 minut\" \/>\n<script type=\"application\/ld+json\" class=\"yoast-schema-graph\">{\"@context\":\"https:\\\/\\\/schema.org\",\"@graph\":[{\"@type\":\"WebPage\",\"@id\":\"https:\\\/\\\/medicinasinc.com\\\/se\\\/product\\\/kop-rosa-kush-thc-destillat-dabeast\\\/\",\"url\":\"https:\\\/\\\/medicinasinc.com\\\/se\\\/product\\\/kop-rosa-kush-thc-destillat-dabeast\\\/\",\"name\":\"K\u00f6p Pink Kush THC-destillat \u2013 Dabeast - b\u00e4sta globala medicin\",\"isPartOf\":{\"@id\":\"https:\\\/\\\/medicinasinc.com\\\/se\\\/#website\"},\"primaryImageOfPage\":{\"@id\":\"https:\\\/\\\/medicinasinc.com\\\/se\\\/product\\\/kop-rosa-kush-thc-destillat-dabeast\\\/#primaryimage\"},\"image\":{\"@id\":\"https:\\\/\\\/medicinasinc.com\\\/se\\\/product\\\/kop-rosa-kush-thc-destillat-dabeast\\\/#primaryimage\"},\"thumbnailUrl\":\"https:\\\/\\\/medicinasinc.com\\\/se\\\/wp-content\\\/uploads\\\/sites\\\/16\\\/2022\\\/02\\\/Buy-Pink-Kush-THC-Distillate-\u2013-Dabeast.jpg\",\"datePublished\":\"2022-02-20T08:55:28+00:00\",\"dateModified\":\"2022-07-04T00:34:57+00:00\",\"description\":\"K\u00f6p Pink Kush THC Destillate Sabre Vape Pen till salu UK, Europe- Dabeast online USA fr\u00e5n den st\u00f6rsta onlinedispens\u00e4ren, K\u00f6p My Weed Online.\",\"breadcrumb\":{\"@id\":\"https:\\\/\\\/medicinasinc.com\\\/se\\\/product\\\/kop-rosa-kush-thc-destillat-dabeast\\\/#breadcrumb\"},\"inLanguage\":\"sv-SE\",\"potentialAction\":[{\"@type\":\"ReadAction\",\"target\":[\"https:\\\/\\\/medicinasinc.com\\\/se\\\/product\\\/kop-rosa-kush-thc-destillat-dabeast\\\/\"]}]},{\"@type\":\"ImageObject\",\"inLanguage\":\"sv-SE\",\"@id\":\"https:\\\/\\\/medicinasinc.com\\\/se\\\/product\\\/kop-rosa-kush-thc-destillat-dabeast\\\/#primaryimage\",\"url\":\"https:\\\/\\\/medicinasinc.com\\\/se\\\/wp-content\\\/uploads\\\/sites\\\/16\\\/2022\\\/02\\\/Buy-Pink-Kush-THC-Distillate-\u2013-Dabeast.jpg\",\"contentUrl\":\"https:\\\/\\\/medicinasinc.com\\\/se\\\/wp-content\\\/uploads\\\/sites\\\/16\\\/2022\\\/02\\\/Buy-Pink-Kush-THC-Distillate-\u2013-Dabeast.jpg\",\"width\":600,\"height\":600},{\"@type\":\"BreadcrumbList\",\"@id\":\"https:\\\/\\\/medicinasinc.com\\\/se\\\/product\\\/kop-rosa-kush-thc-destillat-dabeast\\\/#breadcrumb\",\"itemListElement\":[{\"@type\":\"ListItem\",\"position\":1,\"name\":\"aff\u00e4r\",\"item\":\"https:\\\/\\\/medicinasinc.com\\\/se\\\/affar\\\/\"},{\"@type\":\"ListItem\",\"position\":2,\"name\":\"K\u00f6p Pink Kush THC Destillate \u2013 Dabeast\"}]},{\"@type\":\"WebSite\",\"@id\":\"https:\\\/\\\/medicinasinc.com\\\/se\\\/#website\",\"url\":\"https:\\\/\\\/medicinasinc.com\\\/se\\\/\",\"name\":\"Medicinas Inc\",\"description\":\"Health Medical Clinic\",\"potentialAction\":[{\"@type\":\"SearchAction\",\"target\":{\"@type\":\"EntryPoint\",\"urlTemplate\":\"https:\\\/\\\/medicinasinc.com\\\/se\\\/?s={search_term_string}\"},\"query-input\":{\"@type\":\"PropertyValueSpecification\",\"valueRequired\":true,\"valueName\":\"search_term_string\"}}],\"inLanguage\":\"sv-SE\"}]}<\/script>\n<!-- \/ Yoast SEO plugin. -->","yoast_head_json":{"title":"K\u00f6p Pink Kush THC-destillat \u2013 Dabeast - b\u00e4sta globala medicin","description":"K\u00f6p Pink Kush THC Destillate Sabre Vape Pen till salu UK, Europe- Dabeast online USA fr\u00e5n den st\u00f6rsta onlinedispens\u00e4ren, K\u00f6p My Weed Online.","robots":{"index":"index","follow":"follow","max-snippet":"max-snippet:-1","max-image-preview":"max-image-preview:large","max-video-preview":"max-video-preview:-1"},"canonical":"https:\/\/medicinasinc.com\/se\/product\/kop-rosa-kush-thc-destillat-dabeast\/","og_locale":"sv_SE","og_type":"article","og_title":"K\u00f6p Pink Kush THC-destillat \u2013 Dabeast - b\u00e4sta globala medicin","og_description":"K\u00f6p Pink Kush THC Destillate Sabre Vape Pen till salu UK, Europe- Dabeast online USA fr\u00e5n den st\u00f6rsta onlinedispens\u00e4ren, K\u00f6p My Weed Online.","og_url":"https:\/\/medicinasinc.com\/se\/product\/kop-rosa-kush-thc-destillat-dabeast\/","og_site_name":"Medicinas Inc","article_modified_time":"2022-07-04T00:34:57+00:00","og_image":[{"width":600,"height":600,"url":"https:\/\/medicinasinc.com\/se\/wp-content\/uploads\/sites\/16\/2022\/02\/Buy-Pink-Kush-THC-Distillate-\u2013-Dabeast.jpg","type":"image\/jpeg"}],"twitter_card":"summary_large_image","twitter_misc":{"Ber\u00e4knad l\u00e4stid":"1 minut"},"schema":{"@context":"https:\/\/schema.org","@graph":[{"@type":"WebPage","@id":"https:\/\/medicinasinc.com\/se\/product\/kop-rosa-kush-thc-destillat-dabeast\/","url":"https:\/\/medicinasinc.com\/se\/product\/kop-rosa-kush-thc-destillat-dabeast\/","name":"K\u00f6p Pink Kush THC-destillat \u2013 Dabeast - b\u00e4sta globala medicin","isPartOf":{"@id":"https:\/\/medicinasinc.com\/se\/#website"},"primaryImageOfPage":{"@id":"https:\/\/medicinasinc.com\/se\/product\/kop-rosa-kush-thc-destillat-dabeast\/#primaryimage"},"image":{"@id":"https:\/\/medicinasinc.com\/se\/product\/kop-rosa-kush-thc-destillat-dabeast\/#primaryimage"},"thumbnailUrl":"https:\/\/medicinasinc.com\/se\/wp-content\/uploads\/sites\/16\/2022\/02\/Buy-Pink-Kush-THC-Distillate-\u2013-Dabeast.jpg","datePublished":"2022-02-20T08:55:28+00:00","dateModified":"2022-07-04T00:34:57+00:00","description":"K\u00f6p Pink Kush THC Destillate Sabre Vape Pen till salu UK, Europe- Dabeast online USA fr\u00e5n den st\u00f6rsta onlinedispens\u00e4ren, K\u00f6p My Weed Online.","breadcrumb":{"@id":"https:\/\/medicinasinc.com\/se\/product\/kop-rosa-kush-thc-destillat-dabeast\/#breadcrumb"},"inLanguage":"sv-SE","potentialAction":[{"@type":"ReadAction","target":["https:\/\/medicinasinc.com\/se\/product\/kop-rosa-kush-thc-destillat-dabeast\/"]}]},{"@type":"ImageObject","inLanguage":"sv-SE","@id":"https:\/\/medicinasinc.com\/se\/product\/kop-rosa-kush-thc-destillat-dabeast\/#primaryimage","url":"https:\/\/medicinasinc.com\/se\/wp-content\/uploads\/sites\/16\/2022\/02\/Buy-Pink-Kush-THC-Distillate-\u2013-Dabeast.jpg","contentUrl":"https:\/\/medicinasinc.com\/se\/wp-content\/uploads\/sites\/16\/2022\/02\/Buy-Pink-Kush-THC-Distillate-\u2013-Dabeast.jpg","width":600,"height":600},{"@type":"BreadcrumbList","@id":"https:\/\/medicinasinc.com\/se\/product\/kop-rosa-kush-thc-destillat-dabeast\/#breadcrumb","itemListElement":[{"@type":"ListItem","position":1,"name":"aff\u00e4r","item":"https:\/\/medicinasinc.com\/se\/affar\/"},{"@type":"ListItem","position":2,"name":"K\u00f6p Pink Kush THC Destillate \u2013 Dabeast"}]},{"@type":"WebSite","@id":"https:\/\/medicinasinc.com\/se\/#website","url":"https:\/\/medicinasinc.com\/se\/","name":"Medicinas Inc","description":"Health Medical Clinic","potentialAction":[{"@type":"SearchAction","target":{"@type":"EntryPoint","urlTemplate":"https:\/\/medicinasinc.com\/se\/?s={search_term_string}"},"query-input":{"@type":"PropertyValueSpecification","valueRequired":true,"valueName":"search_term_string"}}],"inLanguage":"sv-SE"}]}},"_links":{"self":[{"href":"https:\/\/medicinasinc.com\/se\/wp-json\/wp\/v2\/product\/4404","targetHints":{"allow":["GET"]}}],"collection":[{"href":"https:\/\/medicinasinc.com\/se\/wp-json\/wp\/v2\/product"}],"about":[{"href":"https:\/\/medicinasinc.com\/se\/wp-json\/wp\/v2\/types\/product"}],"replies":[{"embeddable":true,"href":"https:\/\/medicinasinc.com\/se\/wp-json\/wp\/v2\/comments?post=4404"}],"wp:featuredmedia":[{"embeddable":true,"href":"https:\/\/medicinasinc.com\/se\/wp-json\/wp\/v2\/media\/4438"}],"wp:attachment":[{"href":"https:\/\/medicinasinc.com\/se\/wp-json\/wp\/v2\/media?parent=4404"}],"wp:term":[{"taxonomy":"product_brand","embeddable":true,"href":"https:\/\/medicinasinc.com\/se\/wp-json\/wp\/v2\/product_brand?post=4404"},{"taxonomy":"product_cat","embeddable":true,"href":"https:\/\/medicinasinc.com\/se\/wp-json\/wp\/v2\/product_cat?post=4404"},{"taxonomy":"product_tag","embeddable":true,"href":"https:\/\/medicinasinc.com\/se\/wp-json\/wp\/v2\/product_tag?post=4404"}],"curies":[{"name":"wp","href":"https:\/\/api.w.org\/{rel}","templated":true}]}}