{"id":4403,"date":"2022-02-20T08:54:28","date_gmt":"2022-02-20T08:54:28","guid":{"rendered":"https:\/\/medicinasinc.com\/se\/?post_type=product&#038;p=4403"},"modified":"2022-07-04T00:35:08","modified_gmt":"2022-07-04T00:35:08","slug":"kop-citron-lime-thc-destillat-dabeast","status":"publish","type":"product","link":"https:\/\/medicinasinc.com\/se\/product\/kop-citron-lime-thc-destillat-dabeast\/","title":{"rendered":"K\u00f6p Lemon Lime THC Destillate \u2013 Dabeast"},"content":{"rendered":"<p>Var kan man k\u00f6pa Lemon Lime THC-destillat \u2013 Dabeast<\/p>\n<p>V\u00e5rt smaksatta THC-destillat finns i en m\u00e4ngd olika smaker som garanterat kommer att gl\u00e4dja dina smakl\u00f6kar!<br \/> V\u00e5ra THC-destillat \u00e4r f\u00f6rst\u00e4rkta med organiska och naturliga terpener, vilket skapar en aptitretande upplevelse som inte liknar n\u00e5gon annan.<\/p>\n<ul>\n<li>1 x Sabre Vape Pen<\/li>\n<li>1 x F\u00f6rfylld\u00a0<strong>\u00a0<span class=\"hidden- xs\">Citronlimesmak<\/span>\u00a0THC-destillat<\/strong>\u00a0kapsel<\/li>\n<li>1 x mikro-USB-kabel<\/li>\n<\/ul>\n<div class=\"product-next-previous\">\n<div class=\"product-prev\"><\/div><\/div>\n","protected":false},"excerpt":{"rendered":"<p>K\u00f6p Lemon Lime THC Destillate Sabre Pen till salu &#8211; \u00d6versta hyllan online Europa, Storbritannien fr\u00e5n den st\u00f6rsta onlinedispens\u00e4ren, K\u00f6p My Weed Online.<\/p>\n<p><em>Lemon Lime THC Destillate<\/em> Sabre Pen \u2013 \u00d6versta hyllan till ett \u00f6verkomligt pris till b\u00e4sta globala mediciner! Alla produkter \u00e4r labbkvalificerade och har premiumkvalitet.<\/p>\n<ul>\n<li>S\u00e4ndning \u00f6ver hela v\u00e4rlden<\/li>\n<li>Minsta best\u00e4llningskvantitet \u00e4r 5<\/li>\n<li>Kontakta oss f\u00f6r st\u00f6rre best\u00e4llningar<\/li>\n<\/ul>\n","protected":false},"featured_media":4436,"comment_status":"open","ping_status":"closed","template":"","meta":[],"product_brand":[],"product_cat":[440],"product_tag":[],"class_list":{"0":"post-4403","1":"product","2":"type-product","3":"status-publish","4":"has-post-thumbnail","6":"product_cat-kop-cannabis-cbd-olja","8":"first","9":"instock","10":"shipping-taxable","11":"purchasable","12":"product-type-variable","13":"has-default-attributes"},"yoast_head":"<!-- This site is optimized with the Yoast SEO plugin v27.3 - https:\/\/yoast.com\/product\/yoast-seo-wordpress\/ -->\n<title>K\u00f6p Lemon Lime THC Destillate \u2013 Dabeast - Best Global Meds<\/title>\n<meta name=\"description\" content=\"K\u00f6p Lemon Lime THC Destillate Saber Pen till salu - \u00d6versta hyllan online Europa, Storbritannien fr\u00e5n den st\u00f6rsta onlinedispens\u00e4ren, K\u00f6p My Weed Online.\" \/>\n<meta name=\"robots\" content=\"index, follow, max-snippet:-1, max-image-preview:large, max-video-preview:-1\" \/>\n<link rel=\"canonical\" href=\"https:\/\/medicinasinc.com\/se\/product\/kop-citron-lime-thc-destillat-dabeast\/\" \/>\n<meta property=\"og:locale\" content=\"sv_SE\" \/>\n<meta property=\"og:type\" content=\"article\" \/>\n<meta property=\"og:title\" content=\"K\u00f6p Lemon Lime THC Destillate \u2013 Dabeast - Best Global Meds\" \/>\n<meta property=\"og:description\" content=\"K\u00f6p Lemon Lime THC Destillate Saber Pen till salu - \u00d6versta hyllan online Europa, Storbritannien fr\u00e5n den st\u00f6rsta onlinedispens\u00e4ren, K\u00f6p My Weed Online.\" \/>\n<meta property=\"og:url\" content=\"https:\/\/medicinasinc.com\/se\/product\/kop-citron-lime-thc-destillat-dabeast\/\" \/>\n<meta property=\"og:site_name\" content=\"Medicinas Inc\" \/>\n<meta property=\"article:modified_time\" content=\"2022-07-04T00:35:08+00:00\" \/>\n<meta property=\"og:image\" content=\"https:\/\/medicinasinc.com\/se\/wp-content\/uploads\/sites\/16\/2022\/02\/Buy-Lemon-Lime-THC-Distillate.jpg\" \/>\n\t<meta property=\"og:image:width\" content=\"800\" \/>\n\t<meta property=\"og:image:height\" content=\"800\" \/>\n\t<meta property=\"og:image:type\" content=\"image\/jpeg\" \/>\n<meta name=\"twitter:card\" content=\"summary_large_image\" \/>\n<meta name=\"twitter:label1\" content=\"Ber\u00e4knad l\u00e4stid\" \/>\n\t<meta name=\"twitter:data1\" content=\"1 minut\" \/>\n<script type=\"application\/ld+json\" class=\"yoast-schema-graph\">{\"@context\":\"https:\\\/\\\/schema.org\",\"@graph\":[{\"@type\":\"WebPage\",\"@id\":\"https:\\\/\\\/medicinasinc.com\\\/se\\\/product\\\/kop-citron-lime-thc-destillat-dabeast\\\/\",\"url\":\"https:\\\/\\\/medicinasinc.com\\\/se\\\/product\\\/kop-citron-lime-thc-destillat-dabeast\\\/\",\"name\":\"K\u00f6p Lemon Lime THC Destillate \u2013 Dabeast - Best Global Meds\",\"isPartOf\":{\"@id\":\"https:\\\/\\\/medicinasinc.com\\\/se\\\/#website\"},\"primaryImageOfPage\":{\"@id\":\"https:\\\/\\\/medicinasinc.com\\\/se\\\/product\\\/kop-citron-lime-thc-destillat-dabeast\\\/#primaryimage\"},\"image\":{\"@id\":\"https:\\\/\\\/medicinasinc.com\\\/se\\\/product\\\/kop-citron-lime-thc-destillat-dabeast\\\/#primaryimage\"},\"thumbnailUrl\":\"https:\\\/\\\/medicinasinc.com\\\/se\\\/wp-content\\\/uploads\\\/sites\\\/16\\\/2022\\\/02\\\/Buy-Lemon-Lime-THC-Distillate.jpg\",\"datePublished\":\"2022-02-20T08:54:28+00:00\",\"dateModified\":\"2022-07-04T00:35:08+00:00\",\"description\":\"K\u00f6p Lemon Lime THC Destillate Saber Pen till salu - \u00d6versta hyllan online Europa, Storbritannien fr\u00e5n den st\u00f6rsta onlinedispens\u00e4ren, K\u00f6p My Weed Online.\",\"breadcrumb\":{\"@id\":\"https:\\\/\\\/medicinasinc.com\\\/se\\\/product\\\/kop-citron-lime-thc-destillat-dabeast\\\/#breadcrumb\"},\"inLanguage\":\"sv-SE\",\"potentialAction\":[{\"@type\":\"ReadAction\",\"target\":[\"https:\\\/\\\/medicinasinc.com\\\/se\\\/product\\\/kop-citron-lime-thc-destillat-dabeast\\\/\"]}]},{\"@type\":\"ImageObject\",\"inLanguage\":\"sv-SE\",\"@id\":\"https:\\\/\\\/medicinasinc.com\\\/se\\\/product\\\/kop-citron-lime-thc-destillat-dabeast\\\/#primaryimage\",\"url\":\"https:\\\/\\\/medicinasinc.com\\\/se\\\/wp-content\\\/uploads\\\/sites\\\/16\\\/2022\\\/02\\\/Buy-Lemon-Lime-THC-Distillate.jpg\",\"contentUrl\":\"https:\\\/\\\/medicinasinc.com\\\/se\\\/wp-content\\\/uploads\\\/sites\\\/16\\\/2022\\\/02\\\/Buy-Lemon-Lime-THC-Distillate.jpg\",\"width\":800,\"height\":800},{\"@type\":\"BreadcrumbList\",\"@id\":\"https:\\\/\\\/medicinasinc.com\\\/se\\\/product\\\/kop-citron-lime-thc-destillat-dabeast\\\/#breadcrumb\",\"itemListElement\":[{\"@type\":\"ListItem\",\"position\":1,\"name\":\"aff\u00e4r\",\"item\":\"https:\\\/\\\/medicinasinc.com\\\/se\\\/affar\\\/\"},{\"@type\":\"ListItem\",\"position\":2,\"name\":\"K\u00f6p Lemon Lime THC Destillate \u2013 Dabeast\"}]},{\"@type\":\"WebSite\",\"@id\":\"https:\\\/\\\/medicinasinc.com\\\/se\\\/#website\",\"url\":\"https:\\\/\\\/medicinasinc.com\\\/se\\\/\",\"name\":\"Medicinas Inc\",\"description\":\"Health Medical Clinic\",\"potentialAction\":[{\"@type\":\"SearchAction\",\"target\":{\"@type\":\"EntryPoint\",\"urlTemplate\":\"https:\\\/\\\/medicinasinc.com\\\/se\\\/?s={search_term_string}\"},\"query-input\":{\"@type\":\"PropertyValueSpecification\",\"valueRequired\":true,\"valueName\":\"search_term_string\"}}],\"inLanguage\":\"sv-SE\"}]}<\/script>\n<!-- \/ Yoast SEO plugin. -->","yoast_head_json":{"title":"K\u00f6p Lemon Lime THC Destillate \u2013 Dabeast - Best Global Meds","description":"K\u00f6p Lemon Lime THC Destillate Saber Pen till salu - \u00d6versta hyllan online Europa, Storbritannien fr\u00e5n den st\u00f6rsta onlinedispens\u00e4ren, K\u00f6p My Weed Online.","robots":{"index":"index","follow":"follow","max-snippet":"max-snippet:-1","max-image-preview":"max-image-preview:large","max-video-preview":"max-video-preview:-1"},"canonical":"https:\/\/medicinasinc.com\/se\/product\/kop-citron-lime-thc-destillat-dabeast\/","og_locale":"sv_SE","og_type":"article","og_title":"K\u00f6p Lemon Lime THC Destillate \u2013 Dabeast - Best Global Meds","og_description":"K\u00f6p Lemon Lime THC Destillate Saber Pen till salu - \u00d6versta hyllan online Europa, Storbritannien fr\u00e5n den st\u00f6rsta onlinedispens\u00e4ren, K\u00f6p My Weed Online.","og_url":"https:\/\/medicinasinc.com\/se\/product\/kop-citron-lime-thc-destillat-dabeast\/","og_site_name":"Medicinas Inc","article_modified_time":"2022-07-04T00:35:08+00:00","og_image":[{"width":800,"height":800,"url":"https:\/\/medicinasinc.com\/se\/wp-content\/uploads\/sites\/16\/2022\/02\/Buy-Lemon-Lime-THC-Distillate.jpg","type":"image\/jpeg"}],"twitter_card":"summary_large_image","twitter_misc":{"Ber\u00e4knad l\u00e4stid":"1 minut"},"schema":{"@context":"https:\/\/schema.org","@graph":[{"@type":"WebPage","@id":"https:\/\/medicinasinc.com\/se\/product\/kop-citron-lime-thc-destillat-dabeast\/","url":"https:\/\/medicinasinc.com\/se\/product\/kop-citron-lime-thc-destillat-dabeast\/","name":"K\u00f6p Lemon Lime THC Destillate \u2013 Dabeast - Best Global Meds","isPartOf":{"@id":"https:\/\/medicinasinc.com\/se\/#website"},"primaryImageOfPage":{"@id":"https:\/\/medicinasinc.com\/se\/product\/kop-citron-lime-thc-destillat-dabeast\/#primaryimage"},"image":{"@id":"https:\/\/medicinasinc.com\/se\/product\/kop-citron-lime-thc-destillat-dabeast\/#primaryimage"},"thumbnailUrl":"https:\/\/medicinasinc.com\/se\/wp-content\/uploads\/sites\/16\/2022\/02\/Buy-Lemon-Lime-THC-Distillate.jpg","datePublished":"2022-02-20T08:54:28+00:00","dateModified":"2022-07-04T00:35:08+00:00","description":"K\u00f6p Lemon Lime THC Destillate Saber Pen till salu - \u00d6versta hyllan online Europa, Storbritannien fr\u00e5n den st\u00f6rsta onlinedispens\u00e4ren, K\u00f6p My Weed Online.","breadcrumb":{"@id":"https:\/\/medicinasinc.com\/se\/product\/kop-citron-lime-thc-destillat-dabeast\/#breadcrumb"},"inLanguage":"sv-SE","potentialAction":[{"@type":"ReadAction","target":["https:\/\/medicinasinc.com\/se\/product\/kop-citron-lime-thc-destillat-dabeast\/"]}]},{"@type":"ImageObject","inLanguage":"sv-SE","@id":"https:\/\/medicinasinc.com\/se\/product\/kop-citron-lime-thc-destillat-dabeast\/#primaryimage","url":"https:\/\/medicinasinc.com\/se\/wp-content\/uploads\/sites\/16\/2022\/02\/Buy-Lemon-Lime-THC-Distillate.jpg","contentUrl":"https:\/\/medicinasinc.com\/se\/wp-content\/uploads\/sites\/16\/2022\/02\/Buy-Lemon-Lime-THC-Distillate.jpg","width":800,"height":800},{"@type":"BreadcrumbList","@id":"https:\/\/medicinasinc.com\/se\/product\/kop-citron-lime-thc-destillat-dabeast\/#breadcrumb","itemListElement":[{"@type":"ListItem","position":1,"name":"aff\u00e4r","item":"https:\/\/medicinasinc.com\/se\/affar\/"},{"@type":"ListItem","position":2,"name":"K\u00f6p Lemon Lime THC Destillate \u2013 Dabeast"}]},{"@type":"WebSite","@id":"https:\/\/medicinasinc.com\/se\/#website","url":"https:\/\/medicinasinc.com\/se\/","name":"Medicinas Inc","description":"Health Medical Clinic","potentialAction":[{"@type":"SearchAction","target":{"@type":"EntryPoint","urlTemplate":"https:\/\/medicinasinc.com\/se\/?s={search_term_string}"},"query-input":{"@type":"PropertyValueSpecification","valueRequired":true,"valueName":"search_term_string"}}],"inLanguage":"sv-SE"}]}},"_links":{"self":[{"href":"https:\/\/medicinasinc.com\/se\/wp-json\/wp\/v2\/product\/4403","targetHints":{"allow":["GET"]}}],"collection":[{"href":"https:\/\/medicinasinc.com\/se\/wp-json\/wp\/v2\/product"}],"about":[{"href":"https:\/\/medicinasinc.com\/se\/wp-json\/wp\/v2\/types\/product"}],"replies":[{"embeddable":true,"href":"https:\/\/medicinasinc.com\/se\/wp-json\/wp\/v2\/comments?post=4403"}],"wp:featuredmedia":[{"embeddable":true,"href":"https:\/\/medicinasinc.com\/se\/wp-json\/wp\/v2\/media\/4436"}],"wp:attachment":[{"href":"https:\/\/medicinasinc.com\/se\/wp-json\/wp\/v2\/media?parent=4403"}],"wp:term":[{"taxonomy":"product_brand","embeddable":true,"href":"https:\/\/medicinasinc.com\/se\/wp-json\/wp\/v2\/product_brand?post=4403"},{"taxonomy":"product_cat","embeddable":true,"href":"https:\/\/medicinasinc.com\/se\/wp-json\/wp\/v2\/product_cat?post=4403"},{"taxonomy":"product_tag","embeddable":true,"href":"https:\/\/medicinasinc.com\/se\/wp-json\/wp\/v2\/product_tag?post=4403"}],"curies":[{"name":"wp","href":"https:\/\/api.w.org\/{rel}","templated":true}]}}