{"id":4388,"date":"2022-02-20T08:46:53","date_gmt":"2022-02-20T08:46:53","guid":{"rendered":"https:\/\/medicinasinc.com\/se\/?post_type=product&#038;p=4388"},"modified":"2022-07-04T00:35:26","modified_gmt":"2022-07-04T00:35:26","slug":"kop-hog-thc-cannabisolja-1g-patron-online","status":"publish","type":"product","link":"https:\/\/medicinasinc.com\/se\/product\/kop-hog-thc-cannabisolja-1g-patron-online\/","title":{"rendered":"K\u00f6p High THC Cannabis Oil 1g patron online"},"content":{"rendered":"<p>K\u00f6p en 1g patron med h\u00f6g THC Cannabisolja online.<\/p>\n<p>Ist\u00e4llet f\u00f6r att blanda v\u00e5r cannabis, erbjuder vi patroner i 18 olika sorter. Vi anv\u00e4nder inga tillsatser. V\u00e5r cannabis odlas naturligt i norra Kaliforniens exklusiva cannabisregion och extraheras sedan rent med en patenterad superkritisk CO2-metod.<\/p>\n<p>Cannabisolja f\u00f6r medicinskt bruk. Hybrid, Sativa och Indica<\/p>\n<p>De medicinska f\u00f6rdelarna med cannabisolja<br \/> Immunsystemets skydd \u00f6kar avsev\u00e4rt dina chanser f\u00f6r remission<br \/> Hj\u00e4lper till att stabilisera och utrota akut eller kronisk sm\u00e4rta<br \/> Eliminerar potentiellt skadliga farmaceutiska protokoll<br \/> Minskar eller eliminerar maligna celltillv\u00e4xt. Minskar eller eliminerar illam\u00e5ende.<\/p>\n<p>Cannabis har historiskt inneh\u00e5llit THC-koncentrationer p\u00e5 mellan 12 och 21%.<\/p>\n<p>CBD-koncentrationerna i majoriteten av cannabisv\u00e4xter varierar mellan 0,1 och 0,3 procent. Men h\u00f6gre CBD-inneh\u00e5llande Cannabis-stammar \u00e4r nu tillg\u00e4ngliga, vilket g\u00f6r CBD-rika Cannabisoljor mer tillg\u00e4ngliga. Dessa Cannabisoljor finns att k\u00f6pa och kan best\u00e4llas s\u00e4kert online fr\u00e5n oss. hasholja till salu online, hur man k\u00f6per hasholja online, high thc oil till salu, best\u00e4ll hascholja online, k\u00f6p hascholja online, hasholjapatron till salu, var kan jag k\u00f6pa thc olja online, thc hasholja till salu, hash oljepatroner till salu online, var man kan k\u00f6pa olja online, k\u00f6p hasholja patron online<\/p>\n<p>Dessutom \u00e4r CBD-rika oljor att f\u00f6redra f\u00f6r tillst\u00e5nd som epilepsi, \u00e5ngest, stress och illam\u00e5ende. CBD-oljor hj\u00e4lper dig ocks\u00e5 att slappna av och hj\u00e4lper dig att behandla s\u00f6mnl\u00f6shet, sp\u00e4nningshuvudv\u00e4rk, hum\u00f6rst\u00f6rningar och uppm\u00e4rksamhetsst\u00f6rningar.<\/p>\n<p>Innan du k\u00f6per hash online \u00e4r det viktigt att f\u00f6rst\u00e5 effekten, hur den h\u00e4nger ihop. till cannabis, och vad som skiljer det fr\u00e5n andra ogr\u00e4sprodukter. Hash, en annan term f\u00f6r &#8221;hasch&#8221; i staten, \u00e4r ett cannabiskoncentrat som f\u00f6rmedlas via tonh\u00f6jden p\u00e5 en marijuanav\u00e4xt. Detta uppn\u00e5s genom att separera en cannabisv\u00e4xts savorgan, som tillsammans kallas trikomer, fr\u00e5n dess blommor. Dessa trikomer \u00e4r k\u00e4nda f\u00f6r att inneh\u00e5lla de h\u00f6gsta koncentrationerna av cannabinoider och terpener, som \u00e4r de kemiska f\u00f6reningarna som \u00e4r ansvariga f\u00f6r Maryjanes unika egenskaper och egenskaper. P\u00e5 grund av den h\u00f6ga koncentrationen av cannabinoider och terpener i hash, har den en extraordin\u00e4r f\u00f6rm\u00e5ga att skapa otroliga psykoaktiva och medicinska m\u00f6ten f\u00f6r cannabisklienter. Hascholja \u00e4r en h\u00f6gkoncentrerad form av cannabis som kan r\u00f6kas, f\u00f6r\u00e5ngas, konsumeras eller skuras p\u00e5 huden. Ibland h\u00e4nvisas anv\u00e4ndningen av hasholja till som &#8221;n\u00e5&#8221; eller &#8221;konsumerar&#8221;. Hascholja kommer fr\u00e5n cannabisv\u00e4xter och inneh\u00e5ller THC (delta-9-tetrahydrocannabinol), samma revolutionerande f\u00f6rening som finns i andra Maryjane-produkter. \u00c4nd\u00e5 \u00e4r hascholja mer potent och inneh\u00e5ller upp till 90 % ren THC. Naturligtvis \u00e4r THC-inneh\u00e5llet i andra delar av cannabisv\u00e4xten vanligtvis runt 12 %. P\u00e5litlig CO2-extraktion \u00e4r f\u00f6r n\u00e4rvarande den mest effektiva metoden f\u00f6r att utvinna THC-olja. Dessutom \u00e4r det den vanligaste och s\u00e4kraste metoden f\u00f6r att producera cannabisolja, destillat och levande tuggummibilar. Anledningen till att det \u00e4r s\u00e5 utbrett nuf\u00f6rtiden \u00e4r att denna THC-olja \u00e4r fri fr\u00e5n ytterligare l\u00f6sningsmedel som sprit eller butan. Majoriteten av THC-oljorna inneh\u00e5ller en typ av minskande beredskap. Detta \u00e4r n\u00f6dv\u00e4ndigt f\u00f6r att s\u00e4kerst\u00e4lla att oljan bibeh\u00e5ller en idealisk konsistens f\u00f6r vaping. De mest anm\u00e4rkningsv\u00e4rda minskande specialisterna \u00e4r vegetabiliskt glycerin och propylenglykol (VG och PG), som vanligtvis finns i standard e-v\u00e4tska. N\u00e5gra inneh\u00e5ller olika fyllmedel som PEG och, p\u00e5 senare tid, TEC Temper, vilket \u00e4r ett annat tillst\u00e5nd som h\u00e4rr\u00f6r fr\u00e5n naturliga terpener. Hascholja finns att k\u00f6pa.<\/p>\n","protected":false},"excerpt":{"rendered":"<p>K\u00f6p High THC Marijuana Oil till salu Storbritannien, Europa Online. K\u00f6p 100% ren thc cannabisolja till salu USA. Fullspektrum cannabisolja. THC olja cancer till salu.Potency: 85% THC &amp; 15 % CBD<\/p>\n<p>produktpriset \u00e4r som: per 5 patroner<\/p>\n<p>Minsta best\u00e4llningskvantitet \u00e4r: 5 patroner<\/p>\n","protected":false},"featured_media":4423,"comment_status":"open","ping_status":"closed","template":"","meta":[],"product_brand":[],"product_cat":[440],"product_tag":[],"class_list":{"0":"post-4388","1":"product","2":"type-product","3":"status-publish","4":"has-post-thumbnail","6":"product_cat-kop-cannabis-cbd-olja","8":"first","9":"instock","10":"shipping-taxable","11":"purchasable","12":"product-type-variable","13":"has-default-attributes"},"yoast_head":"<!-- This site is optimized with the Yoast SEO plugin v27.3 - https:\/\/yoast.com\/product\/yoast-seo-wordpress\/ -->\n<title>K\u00f6p High THC Cannabis Oil 1g patron online - b\u00e4sta globala mediciner<\/title>\n<meta name=\"description\" content=\"K\u00f6p High THC Marijuana Oil till salu Storbritannien, Europa Online. K\u00f6p 100% ren thc cannabisolja till salu USA. Fullspektrum cannabisolja. THC olja cancer till salu.Potency: 85% THC &amp; 15 % CBD\" \/>\n<meta name=\"robots\" content=\"index, follow, max-snippet:-1, max-image-preview:large, max-video-preview:-1\" \/>\n<link rel=\"canonical\" href=\"https:\/\/medicinasinc.com\/se\/product\/kop-hog-thc-cannabisolja-1g-patron-online\/\" \/>\n<meta property=\"og:locale\" content=\"sv_SE\" \/>\n<meta property=\"og:type\" content=\"article\" \/>\n<meta property=\"og:title\" content=\"K\u00f6p High THC Cannabis Oil 1g patron online - b\u00e4sta globala mediciner\" \/>\n<meta property=\"og:description\" content=\"K\u00f6p High THC Marijuana Oil till salu Storbritannien, Europa Online. K\u00f6p 100% ren thc cannabisolja till salu USA. Fullspektrum cannabisolja. THC olja cancer till salu.Potency: 85% THC &amp; 15 % CBD\" \/>\n<meta property=\"og:url\" content=\"https:\/\/medicinasinc.com\/se\/product\/kop-hog-thc-cannabisolja-1g-patron-online\/\" \/>\n<meta property=\"og:site_name\" content=\"Medicinas Inc\" \/>\n<meta property=\"article:modified_time\" content=\"2022-07-04T00:35:26+00:00\" \/>\n<meta property=\"og:image\" content=\"https:\/\/medicinasinc.com\/se\/wp-content\/uploads\/sites\/16\/2022\/02\/Buy-High-THC-Cannabis-Oil-1g-cartridge-online.jpg\" \/>\n\t<meta property=\"og:image:width\" content=\"600\" \/>\n\t<meta property=\"og:image:height\" content=\"600\" \/>\n\t<meta property=\"og:image:type\" content=\"image\/jpeg\" \/>\n<meta name=\"twitter:card\" content=\"summary_large_image\" \/>\n<meta name=\"twitter:label1\" content=\"Ber\u00e4knad l\u00e4stid\" \/>\n\t<meta name=\"twitter:data1\" content=\"3 minuter\" \/>\n<script type=\"application\/ld+json\" class=\"yoast-schema-graph\">{\"@context\":\"https:\\\/\\\/schema.org\",\"@graph\":[{\"@type\":\"WebPage\",\"@id\":\"https:\\\/\\\/medicinasinc.com\\\/se\\\/product\\\/kop-hog-thc-cannabisolja-1g-patron-online\\\/\",\"url\":\"https:\\\/\\\/medicinasinc.com\\\/se\\\/product\\\/kop-hog-thc-cannabisolja-1g-patron-online\\\/\",\"name\":\"K\u00f6p High THC Cannabis Oil 1g patron online - b\u00e4sta globala mediciner\",\"isPartOf\":{\"@id\":\"https:\\\/\\\/medicinasinc.com\\\/se\\\/#website\"},\"primaryImageOfPage\":{\"@id\":\"https:\\\/\\\/medicinasinc.com\\\/se\\\/product\\\/kop-hog-thc-cannabisolja-1g-patron-online\\\/#primaryimage\"},\"image\":{\"@id\":\"https:\\\/\\\/medicinasinc.com\\\/se\\\/product\\\/kop-hog-thc-cannabisolja-1g-patron-online\\\/#primaryimage\"},\"thumbnailUrl\":\"https:\\\/\\\/medicinasinc.com\\\/se\\\/wp-content\\\/uploads\\\/sites\\\/16\\\/2022\\\/02\\\/Buy-High-THC-Cannabis-Oil-1g-cartridge-online.jpg\",\"datePublished\":\"2022-02-20T08:46:53+00:00\",\"dateModified\":\"2022-07-04T00:35:26+00:00\",\"description\":\"K\u00f6p High THC Marijuana Oil till salu Storbritannien, Europa Online. K\u00f6p 100% ren thc cannabisolja till salu USA. Fullspektrum cannabisolja. THC olja cancer till salu.Potency: 85% THC &amp; 15 % CBD\",\"breadcrumb\":{\"@id\":\"https:\\\/\\\/medicinasinc.com\\\/se\\\/product\\\/kop-hog-thc-cannabisolja-1g-patron-online\\\/#breadcrumb\"},\"inLanguage\":\"sv-SE\",\"potentialAction\":[{\"@type\":\"ReadAction\",\"target\":[\"https:\\\/\\\/medicinasinc.com\\\/se\\\/product\\\/kop-hog-thc-cannabisolja-1g-patron-online\\\/\"]}]},{\"@type\":\"ImageObject\",\"inLanguage\":\"sv-SE\",\"@id\":\"https:\\\/\\\/medicinasinc.com\\\/se\\\/product\\\/kop-hog-thc-cannabisolja-1g-patron-online\\\/#primaryimage\",\"url\":\"https:\\\/\\\/medicinasinc.com\\\/se\\\/wp-content\\\/uploads\\\/sites\\\/16\\\/2022\\\/02\\\/Buy-High-THC-Cannabis-Oil-1g-cartridge-online.jpg\",\"contentUrl\":\"https:\\\/\\\/medicinasinc.com\\\/se\\\/wp-content\\\/uploads\\\/sites\\\/16\\\/2022\\\/02\\\/Buy-High-THC-Cannabis-Oil-1g-cartridge-online.jpg\",\"width\":600,\"height\":600},{\"@type\":\"BreadcrumbList\",\"@id\":\"https:\\\/\\\/medicinasinc.com\\\/se\\\/product\\\/kop-hog-thc-cannabisolja-1g-patron-online\\\/#breadcrumb\",\"itemListElement\":[{\"@type\":\"ListItem\",\"position\":1,\"name\":\"aff\u00e4r\",\"item\":\"https:\\\/\\\/medicinasinc.com\\\/se\\\/affar\\\/\"},{\"@type\":\"ListItem\",\"position\":2,\"name\":\"K\u00f6p High THC Cannabis Oil 1g patron online\"}]},{\"@type\":\"WebSite\",\"@id\":\"https:\\\/\\\/medicinasinc.com\\\/se\\\/#website\",\"url\":\"https:\\\/\\\/medicinasinc.com\\\/se\\\/\",\"name\":\"Medicinas Inc\",\"description\":\"Health Medical Clinic\",\"potentialAction\":[{\"@type\":\"SearchAction\",\"target\":{\"@type\":\"EntryPoint\",\"urlTemplate\":\"https:\\\/\\\/medicinasinc.com\\\/se\\\/?s={search_term_string}\"},\"query-input\":{\"@type\":\"PropertyValueSpecification\",\"valueRequired\":true,\"valueName\":\"search_term_string\"}}],\"inLanguage\":\"sv-SE\"}]}<\/script>\n<!-- \/ Yoast SEO plugin. -->","yoast_head_json":{"title":"K\u00f6p High THC Cannabis Oil 1g patron online - b\u00e4sta globala mediciner","description":"K\u00f6p High THC Marijuana Oil till salu Storbritannien, Europa Online. K\u00f6p 100% ren thc cannabisolja till salu USA. Fullspektrum cannabisolja. THC olja cancer till salu.Potency: 85% THC &amp; 15 % CBD","robots":{"index":"index","follow":"follow","max-snippet":"max-snippet:-1","max-image-preview":"max-image-preview:large","max-video-preview":"max-video-preview:-1"},"canonical":"https:\/\/medicinasinc.com\/se\/product\/kop-hog-thc-cannabisolja-1g-patron-online\/","og_locale":"sv_SE","og_type":"article","og_title":"K\u00f6p High THC Cannabis Oil 1g patron online - b\u00e4sta globala mediciner","og_description":"K\u00f6p High THC Marijuana Oil till salu Storbritannien, Europa Online. K\u00f6p 100% ren thc cannabisolja till salu USA. Fullspektrum cannabisolja. THC olja cancer till salu.Potency: 85% THC &amp; 15 % CBD","og_url":"https:\/\/medicinasinc.com\/se\/product\/kop-hog-thc-cannabisolja-1g-patron-online\/","og_site_name":"Medicinas Inc","article_modified_time":"2022-07-04T00:35:26+00:00","og_image":[{"width":600,"height":600,"url":"https:\/\/medicinasinc.com\/se\/wp-content\/uploads\/sites\/16\/2022\/02\/Buy-High-THC-Cannabis-Oil-1g-cartridge-online.jpg","type":"image\/jpeg"}],"twitter_card":"summary_large_image","twitter_misc":{"Ber\u00e4knad l\u00e4stid":"3 minuter"},"schema":{"@context":"https:\/\/schema.org","@graph":[{"@type":"WebPage","@id":"https:\/\/medicinasinc.com\/se\/product\/kop-hog-thc-cannabisolja-1g-patron-online\/","url":"https:\/\/medicinasinc.com\/se\/product\/kop-hog-thc-cannabisolja-1g-patron-online\/","name":"K\u00f6p High THC Cannabis Oil 1g patron online - b\u00e4sta globala mediciner","isPartOf":{"@id":"https:\/\/medicinasinc.com\/se\/#website"},"primaryImageOfPage":{"@id":"https:\/\/medicinasinc.com\/se\/product\/kop-hog-thc-cannabisolja-1g-patron-online\/#primaryimage"},"image":{"@id":"https:\/\/medicinasinc.com\/se\/product\/kop-hog-thc-cannabisolja-1g-patron-online\/#primaryimage"},"thumbnailUrl":"https:\/\/medicinasinc.com\/se\/wp-content\/uploads\/sites\/16\/2022\/02\/Buy-High-THC-Cannabis-Oil-1g-cartridge-online.jpg","datePublished":"2022-02-20T08:46:53+00:00","dateModified":"2022-07-04T00:35:26+00:00","description":"K\u00f6p High THC Marijuana Oil till salu Storbritannien, Europa Online. K\u00f6p 100% ren thc cannabisolja till salu USA. Fullspektrum cannabisolja. THC olja cancer till salu.Potency: 85% THC &amp; 15 % CBD","breadcrumb":{"@id":"https:\/\/medicinasinc.com\/se\/product\/kop-hog-thc-cannabisolja-1g-patron-online\/#breadcrumb"},"inLanguage":"sv-SE","potentialAction":[{"@type":"ReadAction","target":["https:\/\/medicinasinc.com\/se\/product\/kop-hog-thc-cannabisolja-1g-patron-online\/"]}]},{"@type":"ImageObject","inLanguage":"sv-SE","@id":"https:\/\/medicinasinc.com\/se\/product\/kop-hog-thc-cannabisolja-1g-patron-online\/#primaryimage","url":"https:\/\/medicinasinc.com\/se\/wp-content\/uploads\/sites\/16\/2022\/02\/Buy-High-THC-Cannabis-Oil-1g-cartridge-online.jpg","contentUrl":"https:\/\/medicinasinc.com\/se\/wp-content\/uploads\/sites\/16\/2022\/02\/Buy-High-THC-Cannabis-Oil-1g-cartridge-online.jpg","width":600,"height":600},{"@type":"BreadcrumbList","@id":"https:\/\/medicinasinc.com\/se\/product\/kop-hog-thc-cannabisolja-1g-patron-online\/#breadcrumb","itemListElement":[{"@type":"ListItem","position":1,"name":"aff\u00e4r","item":"https:\/\/medicinasinc.com\/se\/affar\/"},{"@type":"ListItem","position":2,"name":"K\u00f6p High THC Cannabis Oil 1g patron online"}]},{"@type":"WebSite","@id":"https:\/\/medicinasinc.com\/se\/#website","url":"https:\/\/medicinasinc.com\/se\/","name":"Medicinas Inc","description":"Health Medical Clinic","potentialAction":[{"@type":"SearchAction","target":{"@type":"EntryPoint","urlTemplate":"https:\/\/medicinasinc.com\/se\/?s={search_term_string}"},"query-input":{"@type":"PropertyValueSpecification","valueRequired":true,"valueName":"search_term_string"}}],"inLanguage":"sv-SE"}]}},"_links":{"self":[{"href":"https:\/\/medicinasinc.com\/se\/wp-json\/wp\/v2\/product\/4388","targetHints":{"allow":["GET"]}}],"collection":[{"href":"https:\/\/medicinasinc.com\/se\/wp-json\/wp\/v2\/product"}],"about":[{"href":"https:\/\/medicinasinc.com\/se\/wp-json\/wp\/v2\/types\/product"}],"replies":[{"embeddable":true,"href":"https:\/\/medicinasinc.com\/se\/wp-json\/wp\/v2\/comments?post=4388"}],"wp:featuredmedia":[{"embeddable":true,"href":"https:\/\/medicinasinc.com\/se\/wp-json\/wp\/v2\/media\/4423"}],"wp:attachment":[{"href":"https:\/\/medicinasinc.com\/se\/wp-json\/wp\/v2\/media?parent=4388"}],"wp:term":[{"taxonomy":"product_brand","embeddable":true,"href":"https:\/\/medicinasinc.com\/se\/wp-json\/wp\/v2\/product_brand?post=4388"},{"taxonomy":"product_cat","embeddable":true,"href":"https:\/\/medicinasinc.com\/se\/wp-json\/wp\/v2\/product_cat?post=4388"},{"taxonomy":"product_tag","embeddable":true,"href":"https:\/\/medicinasinc.com\/se\/wp-json\/wp\/v2\/product_tag?post=4388"}],"curies":[{"name":"wp","href":"https:\/\/api.w.org\/{rel}","templated":true}]}}