{"id":4374,"date":"2022-02-20T08:40:15","date_gmt":"2022-02-20T08:40:15","guid":{"rendered":"https:\/\/medicinasinc.com\/se\/?post_type=product&#038;p=4374"},"modified":"2022-07-04T00:35:46","modified_gmt":"2022-07-04T00:35:46","slug":"kop-harlekin-co2-olja-1g-patron","status":"publish","type":"product","link":"https:\/\/medicinasinc.com\/se\/product\/kop-harlekin-co2-olja-1g-patron\/","title":{"rendered":"K\u00f6p Harlequin CO2 Oil 1g patron"},"content":{"rendered":"<p>Onlinek\u00f6p av Harlequin CO2 Oil 1g Cartridge.<\/p>\n<p>Onlinek\u00f6p av Harlequin CO2 Oil 1g Cartridge.<\/p>\n<p>Onlinek\u00f6p av Harlequin CO2-oljepatroner. 13,02 procent THCA | 6,54 procent THC | 49,10 procent CBDA | 5,35 procent CBD<\/p>\n<p>Harlequin \u00e4r en milt psykoaktiv Sativa-dominant stam med rostade n\u00f6tter, choklad och framf\u00f6r allt k\u00f6rsb\u00e4rsdoftande blommor. Harlequin \u00e4r en h\u00f6g-CBD-stam med f\u00f6rsumbar psykoaktivitet och sm\u00e4rtstillande egenskaper. Harlequin anv\u00e4nds ofta f\u00f6r att behandla sm\u00e4rta och \u00e4r l\u00e4mplig f\u00f6r anv\u00e4ndning under dagtid p\u00e5 grund av dess h\u00f6ga CBD-inneh\u00e5ll och tydliga effekter.<\/p>\n<p>COLOMBIANSK GULD + NEPALI + THAI + SCHWEIZISK LANDRASSLAMNING<\/p>\n<p>JORD \u2013 KRYDIG \u2013 TR\u00c4IG \u2013 MANGOSM\u00c5KER<\/p>\n<p>SM\u00c4RTA \u2013 STRESS \u2013 INFLAMMATION \u2013 DEPRESSION \u2013 IVALM\u00c5L \u2013 MEDICINSK<\/p>\n<p>UPLIFTAD \u2013 AVSLAPPAD \u2013 MJ\u00d6D \u2013 FOKUSERAD \u2013 GLAD I ALLM\u00c4NHET\/p<\/p>\n","protected":false},"excerpt":{"rendered":"<p>K\u00f6p Harlequin Co2 patroner till salu, harlequin vape patron, harlequin cbd vape patron, &#8230; K\u00f6p THC Vape Pen-oljepatroner, THC-patroner till salu online. K\u00f6p Harlequin CO2 Oil 1g patron online. UK THC-kassetter till salu. K\u00f6p co2 Vape oljepatroner.<\/p>\n<h2>K\u00f6p THC Cannabis Oil Cartridges<\/h2>\n<p>produktpriset \u00e4r som: per 1g patron<br \/> <strong>Minsta best\u00e4llningskvantitet \u00e4r: 5 patroner<\/b> stark<\/p>\n","protected":false},"featured_media":4409,"comment_status":"open","ping_status":"closed","template":"","meta":[],"product_brand":[],"product_cat":[440],"product_tag":[],"class_list":{"0":"post-4374","1":"product","2":"type-product","3":"status-publish","4":"has-post-thumbnail","6":"product_cat-kop-cannabis-cbd-olja","8":"first","9":"instock","10":"shipping-taxable","11":"purchasable","12":"product-type-variable","13":"has-default-attributes"},"yoast_head":"<!-- This site is optimized with the Yoast SEO plugin v27.3 - https:\/\/yoast.com\/product\/yoast-seo-wordpress\/ -->\n<title>K\u00f6p Harlequin CO2 Oil 1g patron online - b\u00e4sta globala mediciner<\/title>\n<meta name=\"description\" content=\"K\u00f6p Harlequin Co2 patroner till salu, harlequin vape patron, harlequin cbd vape patron, ... K\u00f6p THC Vape Pen Oljepatroner, THC Patroner Till Salu Online. K\u00f6p Harlequin CO2 Oil 1g patron online. UK THC-kassetter till salu. K\u00f6p co2 Vape oljepatroner.\" \/>\n<meta name=\"robots\" content=\"index, follow, max-snippet:-1, max-image-preview:large, max-video-preview:-1\" \/>\n<link rel=\"canonical\" href=\"https:\/\/medicinasinc.com\/se\/product\/kop-harlekin-co2-olja-1g-patron\/\" \/>\n<meta property=\"og:locale\" content=\"sv_SE\" \/>\n<meta property=\"og:type\" content=\"article\" \/>\n<meta property=\"og:title\" content=\"K\u00f6p Harlequin CO2 Oil 1g patron online - b\u00e4sta globala mediciner\" \/>\n<meta property=\"og:description\" content=\"K\u00f6p Harlequin Co2 patroner till salu, harlequin vape patron, harlequin cbd vape patron, ... K\u00f6p THC Vape Pen Oljepatroner, THC Patroner Till Salu Online. K\u00f6p Harlequin CO2 Oil 1g patron online. UK THC-kassetter till salu. K\u00f6p co2 Vape oljepatroner.\" \/>\n<meta property=\"og:url\" content=\"https:\/\/medicinasinc.com\/se\/product\/kop-harlekin-co2-olja-1g-patron\/\" \/>\n<meta property=\"og:site_name\" content=\"Medicinas Inc\" \/>\n<meta property=\"article:modified_time\" content=\"2022-07-04T00:35:46+00:00\" \/>\n<meta property=\"og:image\" content=\"https:\/\/medicinasinc.com\/se\/wp-content\/uploads\/sites\/16\/2022\/02\/Buy-Harlequin-CO2-Oil-1g-Cartridge-Online.jpg\" \/>\n\t<meta property=\"og:image:width\" content=\"600\" \/>\n\t<meta property=\"og:image:height\" content=\"600\" \/>\n\t<meta property=\"og:image:type\" content=\"image\/jpeg\" \/>\n<meta name=\"twitter:card\" content=\"summary_large_image\" \/>\n<meta name=\"twitter:label1\" content=\"Ber\u00e4knad l\u00e4stid\" \/>\n\t<meta name=\"twitter:data1\" content=\"1 minut\" \/>\n<script type=\"application\/ld+json\" class=\"yoast-schema-graph\">{\"@context\":\"https:\\\/\\\/schema.org\",\"@graph\":[{\"@type\":\"WebPage\",\"@id\":\"https:\\\/\\\/medicinasinc.com\\\/se\\\/product\\\/kop-harlekin-co2-olja-1g-patron\\\/\",\"url\":\"https:\\\/\\\/medicinasinc.com\\\/se\\\/product\\\/kop-harlekin-co2-olja-1g-patron\\\/\",\"name\":\"K\u00f6p Harlequin CO2 Oil 1g patron online - b\u00e4sta globala mediciner\",\"isPartOf\":{\"@id\":\"https:\\\/\\\/medicinasinc.com\\\/se\\\/#website\"},\"primaryImageOfPage\":{\"@id\":\"https:\\\/\\\/medicinasinc.com\\\/se\\\/product\\\/kop-harlekin-co2-olja-1g-patron\\\/#primaryimage\"},\"image\":{\"@id\":\"https:\\\/\\\/medicinasinc.com\\\/se\\\/product\\\/kop-harlekin-co2-olja-1g-patron\\\/#primaryimage\"},\"thumbnailUrl\":\"https:\\\/\\\/medicinasinc.com\\\/se\\\/wp-content\\\/uploads\\\/sites\\\/16\\\/2022\\\/02\\\/Buy-Harlequin-CO2-Oil-1g-Cartridge-Online.jpg\",\"datePublished\":\"2022-02-20T08:40:15+00:00\",\"dateModified\":\"2022-07-04T00:35:46+00:00\",\"description\":\"K\u00f6p Harlequin Co2 patroner till salu, harlequin vape patron, harlequin cbd vape patron, ... K\u00f6p THC Vape Pen Oljepatroner, THC Patroner Till Salu Online. K\u00f6p Harlequin CO2 Oil 1g patron online. UK THC-kassetter till salu. K\u00f6p co2 Vape oljepatroner.\",\"breadcrumb\":{\"@id\":\"https:\\\/\\\/medicinasinc.com\\\/se\\\/product\\\/kop-harlekin-co2-olja-1g-patron\\\/#breadcrumb\"},\"inLanguage\":\"sv-SE\",\"potentialAction\":[{\"@type\":\"ReadAction\",\"target\":[\"https:\\\/\\\/medicinasinc.com\\\/se\\\/product\\\/kop-harlekin-co2-olja-1g-patron\\\/\"]}]},{\"@type\":\"ImageObject\",\"inLanguage\":\"sv-SE\",\"@id\":\"https:\\\/\\\/medicinasinc.com\\\/se\\\/product\\\/kop-harlekin-co2-olja-1g-patron\\\/#primaryimage\",\"url\":\"https:\\\/\\\/medicinasinc.com\\\/se\\\/wp-content\\\/uploads\\\/sites\\\/16\\\/2022\\\/02\\\/Buy-Harlequin-CO2-Oil-1g-Cartridge-Online.jpg\",\"contentUrl\":\"https:\\\/\\\/medicinasinc.com\\\/se\\\/wp-content\\\/uploads\\\/sites\\\/16\\\/2022\\\/02\\\/Buy-Harlequin-CO2-Oil-1g-Cartridge-Online.jpg\",\"width\":600,\"height\":600},{\"@type\":\"BreadcrumbList\",\"@id\":\"https:\\\/\\\/medicinasinc.com\\\/se\\\/product\\\/kop-harlekin-co2-olja-1g-patron\\\/#breadcrumb\",\"itemListElement\":[{\"@type\":\"ListItem\",\"position\":1,\"name\":\"aff\u00e4r\",\"item\":\"https:\\\/\\\/medicinasinc.com\\\/se\\\/affar\\\/\"},{\"@type\":\"ListItem\",\"position\":2,\"name\":\"K\u00f6p Harlequin CO2 Oil 1g patron\"}]},{\"@type\":\"WebSite\",\"@id\":\"https:\\\/\\\/medicinasinc.com\\\/se\\\/#website\",\"url\":\"https:\\\/\\\/medicinasinc.com\\\/se\\\/\",\"name\":\"Medicinas Inc\",\"description\":\"Health Medical Clinic\",\"potentialAction\":[{\"@type\":\"SearchAction\",\"target\":{\"@type\":\"EntryPoint\",\"urlTemplate\":\"https:\\\/\\\/medicinasinc.com\\\/se\\\/?s={search_term_string}\"},\"query-input\":{\"@type\":\"PropertyValueSpecification\",\"valueRequired\":true,\"valueName\":\"search_term_string\"}}],\"inLanguage\":\"sv-SE\"}]}<\/script>\n<!-- \/ Yoast SEO plugin. -->","yoast_head_json":{"title":"K\u00f6p Harlequin CO2 Oil 1g patron online - b\u00e4sta globala mediciner","description":"K\u00f6p Harlequin Co2 patroner till salu, harlequin vape patron, harlequin cbd vape patron, ... K\u00f6p THC Vape Pen Oljepatroner, THC Patroner Till Salu Online. K\u00f6p Harlequin CO2 Oil 1g patron online. UK THC-kassetter till salu. K\u00f6p co2 Vape oljepatroner.","robots":{"index":"index","follow":"follow","max-snippet":"max-snippet:-1","max-image-preview":"max-image-preview:large","max-video-preview":"max-video-preview:-1"},"canonical":"https:\/\/medicinasinc.com\/se\/product\/kop-harlekin-co2-olja-1g-patron\/","og_locale":"sv_SE","og_type":"article","og_title":"K\u00f6p Harlequin CO2 Oil 1g patron online - b\u00e4sta globala mediciner","og_description":"K\u00f6p Harlequin Co2 patroner till salu, harlequin vape patron, harlequin cbd vape patron, ... K\u00f6p THC Vape Pen Oljepatroner, THC Patroner Till Salu Online. K\u00f6p Harlequin CO2 Oil 1g patron online. UK THC-kassetter till salu. K\u00f6p co2 Vape oljepatroner.","og_url":"https:\/\/medicinasinc.com\/se\/product\/kop-harlekin-co2-olja-1g-patron\/","og_site_name":"Medicinas Inc","article_modified_time":"2022-07-04T00:35:46+00:00","og_image":[{"width":600,"height":600,"url":"https:\/\/medicinasinc.com\/se\/wp-content\/uploads\/sites\/16\/2022\/02\/Buy-Harlequin-CO2-Oil-1g-Cartridge-Online.jpg","type":"image\/jpeg"}],"twitter_card":"summary_large_image","twitter_misc":{"Ber\u00e4knad l\u00e4stid":"1 minut"},"schema":{"@context":"https:\/\/schema.org","@graph":[{"@type":"WebPage","@id":"https:\/\/medicinasinc.com\/se\/product\/kop-harlekin-co2-olja-1g-patron\/","url":"https:\/\/medicinasinc.com\/se\/product\/kop-harlekin-co2-olja-1g-patron\/","name":"K\u00f6p Harlequin CO2 Oil 1g patron online - b\u00e4sta globala mediciner","isPartOf":{"@id":"https:\/\/medicinasinc.com\/se\/#website"},"primaryImageOfPage":{"@id":"https:\/\/medicinasinc.com\/se\/product\/kop-harlekin-co2-olja-1g-patron\/#primaryimage"},"image":{"@id":"https:\/\/medicinasinc.com\/se\/product\/kop-harlekin-co2-olja-1g-patron\/#primaryimage"},"thumbnailUrl":"https:\/\/medicinasinc.com\/se\/wp-content\/uploads\/sites\/16\/2022\/02\/Buy-Harlequin-CO2-Oil-1g-Cartridge-Online.jpg","datePublished":"2022-02-20T08:40:15+00:00","dateModified":"2022-07-04T00:35:46+00:00","description":"K\u00f6p Harlequin Co2 patroner till salu, harlequin vape patron, harlequin cbd vape patron, ... K\u00f6p THC Vape Pen Oljepatroner, THC Patroner Till Salu Online. K\u00f6p Harlequin CO2 Oil 1g patron online. UK THC-kassetter till salu. K\u00f6p co2 Vape oljepatroner.","breadcrumb":{"@id":"https:\/\/medicinasinc.com\/se\/product\/kop-harlekin-co2-olja-1g-patron\/#breadcrumb"},"inLanguage":"sv-SE","potentialAction":[{"@type":"ReadAction","target":["https:\/\/medicinasinc.com\/se\/product\/kop-harlekin-co2-olja-1g-patron\/"]}]},{"@type":"ImageObject","inLanguage":"sv-SE","@id":"https:\/\/medicinasinc.com\/se\/product\/kop-harlekin-co2-olja-1g-patron\/#primaryimage","url":"https:\/\/medicinasinc.com\/se\/wp-content\/uploads\/sites\/16\/2022\/02\/Buy-Harlequin-CO2-Oil-1g-Cartridge-Online.jpg","contentUrl":"https:\/\/medicinasinc.com\/se\/wp-content\/uploads\/sites\/16\/2022\/02\/Buy-Harlequin-CO2-Oil-1g-Cartridge-Online.jpg","width":600,"height":600},{"@type":"BreadcrumbList","@id":"https:\/\/medicinasinc.com\/se\/product\/kop-harlekin-co2-olja-1g-patron\/#breadcrumb","itemListElement":[{"@type":"ListItem","position":1,"name":"aff\u00e4r","item":"https:\/\/medicinasinc.com\/se\/affar\/"},{"@type":"ListItem","position":2,"name":"K\u00f6p Harlequin CO2 Oil 1g patron"}]},{"@type":"WebSite","@id":"https:\/\/medicinasinc.com\/se\/#website","url":"https:\/\/medicinasinc.com\/se\/","name":"Medicinas Inc","description":"Health Medical Clinic","potentialAction":[{"@type":"SearchAction","target":{"@type":"EntryPoint","urlTemplate":"https:\/\/medicinasinc.com\/se\/?s={search_term_string}"},"query-input":{"@type":"PropertyValueSpecification","valueRequired":true,"valueName":"search_term_string"}}],"inLanguage":"sv-SE"}]}},"_links":{"self":[{"href":"https:\/\/medicinasinc.com\/se\/wp-json\/wp\/v2\/product\/4374","targetHints":{"allow":["GET"]}}],"collection":[{"href":"https:\/\/medicinasinc.com\/se\/wp-json\/wp\/v2\/product"}],"about":[{"href":"https:\/\/medicinasinc.com\/se\/wp-json\/wp\/v2\/types\/product"}],"replies":[{"embeddable":true,"href":"https:\/\/medicinasinc.com\/se\/wp-json\/wp\/v2\/comments?post=4374"}],"wp:featuredmedia":[{"embeddable":true,"href":"https:\/\/medicinasinc.com\/se\/wp-json\/wp\/v2\/media\/4409"}],"wp:attachment":[{"href":"https:\/\/medicinasinc.com\/se\/wp-json\/wp\/v2\/media?parent=4374"}],"wp:term":[{"taxonomy":"product_brand","embeddable":true,"href":"https:\/\/medicinasinc.com\/se\/wp-json\/wp\/v2\/product_brand?post=4374"},{"taxonomy":"product_cat","embeddable":true,"href":"https:\/\/medicinasinc.com\/se\/wp-json\/wp\/v2\/product_cat?post=4374"},{"taxonomy":"product_tag","embeddable":true,"href":"https:\/\/medicinasinc.com\/se\/wp-json\/wp\/v2\/product_tag?post=4374"}],"curies":[{"name":"wp","href":"https:\/\/api.w.org\/{rel}","templated":true}]}}