{"id":4367,"date":"2022-02-20T08:35:49","date_gmt":"2022-02-20T08:35:49","guid":{"rendered":"https:\/\/medicinasinc.com\/se\/?post_type=product&#038;p=4367"},"modified":"2022-07-04T00:35:55","modified_gmt":"2022-07-04T00:35:55","slug":"kop-cannatonic-co2-oljepatron","status":"publish","type":"product","link":"https:\/\/medicinasinc.com\/se\/product\/kop-cannatonic-co2-oljepatron\/","title":{"rendered":"K\u00f6p Cannatonic CO2-oljepatron"},"content":{"rendered":"<p>K\u00f6p Rick Simpson Cannabis Oil 1g patroner online i USA.<\/p>\n<p>K\u00f6p Rick Simpson Cannabis Oil 1g patroner online i USA.<\/p>\n<p>Efter att ha bl\u00f6tlagt finaste cannabis i ren nafta eller isopropylalkohol, terapeutiska f\u00f6reningar extraheras fr\u00e5n v\u00e4xten och l\u00e4mnar en tj\u00e4rliknande v\u00e4tska efter sig n\u00e4r l\u00f6sningsmedlet avdunstar helt. Vi skaffar en h\u00f6gkvalitativ Rick Simpson Cannabisolja. Detta kan tas oralt eller appliceras direkt p\u00e5 huden.<\/p>\n<p>Washington, DC, Rick Simpson-olja<\/p>\n<p>Rick Simpson-olja \u00e4r en f\u00f6r\u00e5ngad l\u00f6sning fr\u00e5n cannabis. Det var en v\u00e4g ut ur cancer f\u00f6r m\u00e5nga m\u00e4nniskor. Dessutom kallas oljan f\u00f6r Rick Simpson hampaolja och Rick Simpson cannabisolja.<\/p>\n<p>Om du har tittat p\u00e5 marijuana f\u00f6r medicinska \u00e4ndam\u00e5l kan du ha st\u00f6tt p\u00e5 Rick Simpson Oil. RSO \u00e4r ett unikt cannabisextrakt som f\u00e5tt sitt namn fr\u00e5n en man som heter, du gissade r\u00e4tt, Rick Simpson.<\/p>\n<p>Det \u00e4r ett extremt potent cannabisextrakt med h\u00f6ga koncentrationer av THC, det psykoaktiva en del av cannabis. Oljan framst\u00e4lls genom att koncentrera THC-inneh\u00e5llet i torkade indikatorblommor med hj\u00e4lp av en uppl\u00f6sbar. Indica f\u00f6redras framf\u00f6r andra stammar p\u00e5 grund av dess lugnande effekter. P\u00e5 grund av den h\u00f6ga koncentrationen av v\u00e4xtmaterial och fr\u00e5nvaron av transportoljor \u00e4r den resulterande oljan m\u00f6rk jordn\u00e4ra till f\u00e4rgen och tjock, i motsats till de m\u00e5nga koncentrat vi \u00e4r vana vid att se.<\/p>\n<p>Oljan uppt\u00e4cktes i 2003. Rick Simpson fick diagnosen en typ av hudcancer och v\u00e4nde sig till cannabis f\u00f6r behandling. Han fr\u00e5gade nyligen om cannabis kunde hj\u00e4lpa mot hans olika \u00e5kommor, men m\u00f6ttes av missn\u00f6je. Han s\u00f6kte upp v\u00e4xten p\u00e5 egen hand och trodde att det lugnade hans indikationer. N\u00e4r han ins\u00e5g att han hade cancer, granskade han en unders\u00f6kning som uppt\u00e4ckte att cannabis kunde krympa tum\u00f6rer hos m\u00f6ss och valde att f\u00f6rs\u00f6ka ett effektivt cannabisarrangemang.<\/p>\n<p>I fyra dagar applicerade han cannabiskoncentrat p\u00e5 gasv\u00e4v och t\u00e4ckte sina tum\u00f6rer. N\u00e4r han eliminerade str\u00e4ngarna f\u00f6rsvann tum\u00f6rerna. Denna uppenbarelse f\u00f6ranledde etableringen av Rick Simpson Oil. Han b\u00f6rjade dela med sig av sin insikt, i alla fall, genom att sk\u00f6rda cannabis och producera olja f\u00f6r andra som var ber\u00f6vade innan de st\u00f6tte p\u00e5 juridiska sv\u00e5righeter. F\u00f6r tillf\u00e4llet uppmuntrar Rick Simpson andra att tillverka sin egen olja och ger riktlinjer.<\/p>\n<p>Om du letar efter v\u00e4rldens b\u00e4sta olja \u00e4r rick Simpson oil Washington din b\u00e4sta insats. Vi f\u00f6rser Washington med ren Rick Simpson-olja. L\u00e4gg din best\u00e4llning nu och den kommer att levereras till din d\u00f6rr inom n\u00e5gra dagar.<\/p>\n<p>Medicin som \u00e4r b\u00e5de s\u00e4ker och effektiv<br \/> Rick Simpson cannabisolja \u00e4r i en klass f\u00f6r sig p\u00e5 grund av sin icke -giftig natur. Om du letar efter ett s\u00e4kert s\u00e4tt att behandla cancer eller en m\u00e4ngd andra \u00e5kommor, kan Rick Simpson hampaolja vara svaret. Du beh\u00f6ver inte ens \u00f6vervaka en l\u00e4kare f\u00f6r att anv\u00e4nda denna olja.<\/p>\n","protected":false},"excerpt":{"rendered":"<p>K\u00f6p Cannatonic CO2-oljepatroner s\u00e4kert och prisv\u00e4rt online. Uppt\u00e4ck ett m\u00e5ngsidigt urval av h\u00f6gkvalitativa marijuanaprodukter till salu i USA, Europa och Storbritannien!<\/p>\n<p>K\u00f6p Rick Simpson Cannabis Oil 1g patroner online i USA.<\/p>\n<p> p&gt; <\/p>\n<p>Rick Simpson Cannabis Oil finns i en m\u00e4ngd olika sorter. Olika CBD &amp; THC-koncentrationer f\u00f6r cancer &amp; mer.<\/p>\n<p>K\u00f6p Rick Simpson 1g-kassetter med cannabisolja<\/p>\n<p>Priset p\u00e5 produkten \u00e4r som f\u00f6ljer: per 1g-kassett<br \/> En minsta best\u00e4llningskvantitet p\u00e5 5 kassetter kr\u00e4vs. <\/p>\n","protected":false},"featured_media":4402,"comment_status":"open","ping_status":"closed","template":"","meta":[],"product_brand":[],"product_cat":[440],"product_tag":[451,455,456,458,461,462,463,464,465,466,467,471,474,476,477,452,453,468,469,472,475,454,473,470,457,478,460,479,459,480],"class_list":{"0":"post-4367","1":"product","2":"type-product","3":"status-publish","4":"has-post-thumbnail","6":"product_cat-kop-cannabis-cbd-olja","7":"product_tag-buy-cannabis-with-bitcoin","8":"product_tag-buy-marijuana-online","9":"product_tag-buy-marijuana-online-bitcoin","10":"product_tag-buy-marijuana-online-in-usa","11":"product_tag-buy-medical-marijuana-online","12":"product_tag-buy-moonrock-online-bitcoin","13":"product_tag-buy-moonrock-online-uk","14":"product_tag-buy-moonrocks-online","15":"product_tag-buy-weed-in-australia","16":"product_tag-buy-weed-in-france","17":"product_tag-buy-weed-in-ireland","18":"product_tag-buy-weed-online-bitcoin","19":"product_tag-buy-weed-online-legally","20":"product_tag-buying-marijuana-online","21":"product_tag-buying-weed-online","22":"product_tag-k-c3-b6p-cannatonic-co2-oljepatron","23":"product_tag-k-c3-b6p-cannatonic-co2-oljepatron-online","24":"product_tag-kpa-ogrs-i-schweiz","25":"product_tag-kpa-ogrs-i-usa","26":"product_tag-k-c3-b6p-ogr-c3-a4s-online-diskret","27":"product_tag-kp-ogrs-online-uk","28":"product_tag-kpa-marijuanatbara-p-ntet","29":"product_tag-kpa-ogrs-online-europa","30":"product_tag-kpa-ogrs-online","31":"product_tag-kpa-marijuana-online-europa","32":"product_tag-kush-till-salu","33":"product_tag-kpa-marijuana-vax-online-usa","34":"product_tag-marijuana-till-salu","35":"product_tag-kpa-marijuana-online-usa","36":"product_tag-var-att-kpa-marijuana-online","38":"first","39":"instock","40":"shipping-taxable","41":"purchasable","42":"product-type-variable","43":"has-default-attributes"},"yoast_head":"<!-- This site is optimized with the Yoast SEO plugin v27.3 - https:\/\/yoast.com\/product\/yoast-seo-wordpress\/ -->\n<title>K\u00f6p Cannatonic CO2 Oil 1g patron online (Copy) - Best Global Meds<\/title>\n<meta name=\"description\" content=\"K\u00f6p Cannatonic CO2-oljepatron till f\u00f6rs\u00e4ljning online s\u00e4kert till \u00f6verkomliga priser. Uppt\u00e4ck ett brett utbud av kvalitets-ogr\u00e4sprodukter till salu USA,EU,UK!\" \/>\n<meta name=\"robots\" content=\"index, follow, max-snippet:-1, max-image-preview:large, max-video-preview:-1\" \/>\n<link rel=\"canonical\" href=\"https:\/\/medicinasinc.com\/se\/product\/kop-cannatonic-co2-oljepatron\/\" \/>\n<meta property=\"og:locale\" content=\"sv_SE\" \/>\n<meta property=\"og:type\" content=\"article\" \/>\n<meta property=\"og:title\" content=\"K\u00f6p Cannatonic CO2 Oil 1g patron online (Copy) - Best Global Meds\" \/>\n<meta property=\"og:description\" content=\"K\u00f6p Cannatonic CO2-oljepatron till f\u00f6rs\u00e4ljning online s\u00e4kert till \u00f6verkomliga priser. Uppt\u00e4ck ett brett utbud av kvalitets-ogr\u00e4sprodukter till salu USA,EU,UK!\" \/>\n<meta property=\"og:url\" content=\"https:\/\/medicinasinc.com\/se\/product\/kop-cannatonic-co2-oljepatron\/\" \/>\n<meta property=\"og:site_name\" content=\"Medicinas Inc\" \/>\n<meta property=\"article:modified_time\" content=\"2022-07-04T00:35:55+00:00\" \/>\n<meta property=\"og:image\" content=\"https:\/\/medicinasinc.com\/se\/wp-content\/uploads\/sites\/16\/2022\/02\/Buy-Cannatonic-CO2-Oil-Cartridge.png\" \/>\n\t<meta property=\"og:image:width\" content=\"542\" \/>\n\t<meta property=\"og:image:height\" content=\"420\" \/>\n\t<meta property=\"og:image:type\" content=\"image\/png\" \/>\n<meta name=\"twitter:card\" content=\"summary_large_image\" \/>\n<meta name=\"twitter:label1\" content=\"Ber\u00e4knad l\u00e4stid\" \/>\n\t<meta name=\"twitter:data1\" content=\"3 minuter\" \/>\n<script type=\"application\/ld+json\" class=\"yoast-schema-graph\">{\"@context\":\"https:\\\/\\\/schema.org\",\"@graph\":[{\"@type\":\"WebPage\",\"@id\":\"https:\\\/\\\/medicinasinc.com\\\/se\\\/product\\\/kop-cannatonic-co2-oljepatron\\\/\",\"url\":\"https:\\\/\\\/medicinasinc.com\\\/se\\\/product\\\/kop-cannatonic-co2-oljepatron\\\/\",\"name\":\"K\u00f6p Cannatonic CO2 Oil 1g patron online (Copy) - Best Global Meds\",\"isPartOf\":{\"@id\":\"https:\\\/\\\/medicinasinc.com\\\/se\\\/#website\"},\"primaryImageOfPage\":{\"@id\":\"https:\\\/\\\/medicinasinc.com\\\/se\\\/product\\\/kop-cannatonic-co2-oljepatron\\\/#primaryimage\"},\"image\":{\"@id\":\"https:\\\/\\\/medicinasinc.com\\\/se\\\/product\\\/kop-cannatonic-co2-oljepatron\\\/#primaryimage\"},\"thumbnailUrl\":\"https:\\\/\\\/medicinasinc.com\\\/se\\\/wp-content\\\/uploads\\\/sites\\\/16\\\/2022\\\/02\\\/Buy-Cannatonic-CO2-Oil-Cartridge.png\",\"datePublished\":\"2022-02-20T08:35:49+00:00\",\"dateModified\":\"2022-07-04T00:35:55+00:00\",\"description\":\"K\u00f6p Cannatonic CO2-oljepatron till f\u00f6rs\u00e4ljning online s\u00e4kert till \u00f6verkomliga priser. Uppt\u00e4ck ett brett utbud av kvalitets-ogr\u00e4sprodukter till salu USA,EU,UK!\",\"breadcrumb\":{\"@id\":\"https:\\\/\\\/medicinasinc.com\\\/se\\\/product\\\/kop-cannatonic-co2-oljepatron\\\/#breadcrumb\"},\"inLanguage\":\"sv-SE\",\"potentialAction\":[{\"@type\":\"ReadAction\",\"target\":[\"https:\\\/\\\/medicinasinc.com\\\/se\\\/product\\\/kop-cannatonic-co2-oljepatron\\\/\"]}]},{\"@type\":\"ImageObject\",\"inLanguage\":\"sv-SE\",\"@id\":\"https:\\\/\\\/medicinasinc.com\\\/se\\\/product\\\/kop-cannatonic-co2-oljepatron\\\/#primaryimage\",\"url\":\"https:\\\/\\\/medicinasinc.com\\\/se\\\/wp-content\\\/uploads\\\/sites\\\/16\\\/2022\\\/02\\\/Buy-Cannatonic-CO2-Oil-Cartridge.png\",\"contentUrl\":\"https:\\\/\\\/medicinasinc.com\\\/se\\\/wp-content\\\/uploads\\\/sites\\\/16\\\/2022\\\/02\\\/Buy-Cannatonic-CO2-Oil-Cartridge.png\",\"width\":542,\"height\":420},{\"@type\":\"BreadcrumbList\",\"@id\":\"https:\\\/\\\/medicinasinc.com\\\/se\\\/product\\\/kop-cannatonic-co2-oljepatron\\\/#breadcrumb\",\"itemListElement\":[{\"@type\":\"ListItem\",\"position\":1,\"name\":\"aff\u00e4r\",\"item\":\"https:\\\/\\\/medicinasinc.com\\\/se\\\/affar\\\/\"},{\"@type\":\"ListItem\",\"position\":2,\"name\":\"K\u00f6p Cannatonic CO2-oljepatron\"}]},{\"@type\":\"WebSite\",\"@id\":\"https:\\\/\\\/medicinasinc.com\\\/se\\\/#website\",\"url\":\"https:\\\/\\\/medicinasinc.com\\\/se\\\/\",\"name\":\"Medicinas Inc\",\"description\":\"Health Medical Clinic\",\"potentialAction\":[{\"@type\":\"SearchAction\",\"target\":{\"@type\":\"EntryPoint\",\"urlTemplate\":\"https:\\\/\\\/medicinasinc.com\\\/se\\\/?s={search_term_string}\"},\"query-input\":{\"@type\":\"PropertyValueSpecification\",\"valueRequired\":true,\"valueName\":\"search_term_string\"}}],\"inLanguage\":\"sv-SE\"}]}<\/script>\n<!-- \/ Yoast SEO plugin. -->","yoast_head_json":{"title":"K\u00f6p Cannatonic CO2 Oil 1g patron online (Copy) - Best Global Meds","description":"K\u00f6p Cannatonic CO2-oljepatron till f\u00f6rs\u00e4ljning online s\u00e4kert till \u00f6verkomliga priser. Uppt\u00e4ck ett brett utbud av kvalitets-ogr\u00e4sprodukter till salu USA,EU,UK!","robots":{"index":"index","follow":"follow","max-snippet":"max-snippet:-1","max-image-preview":"max-image-preview:large","max-video-preview":"max-video-preview:-1"},"canonical":"https:\/\/medicinasinc.com\/se\/product\/kop-cannatonic-co2-oljepatron\/","og_locale":"sv_SE","og_type":"article","og_title":"K\u00f6p Cannatonic CO2 Oil 1g patron online (Copy) - Best Global Meds","og_description":"K\u00f6p Cannatonic CO2-oljepatron till f\u00f6rs\u00e4ljning online s\u00e4kert till \u00f6verkomliga priser. Uppt\u00e4ck ett brett utbud av kvalitets-ogr\u00e4sprodukter till salu USA,EU,UK!","og_url":"https:\/\/medicinasinc.com\/se\/product\/kop-cannatonic-co2-oljepatron\/","og_site_name":"Medicinas Inc","article_modified_time":"2022-07-04T00:35:55+00:00","og_image":[{"width":542,"height":420,"url":"https:\/\/medicinasinc.com\/se\/wp-content\/uploads\/sites\/16\/2022\/02\/Buy-Cannatonic-CO2-Oil-Cartridge.png","type":"image\/png"}],"twitter_card":"summary_large_image","twitter_misc":{"Ber\u00e4knad l\u00e4stid":"3 minuter"},"schema":{"@context":"https:\/\/schema.org","@graph":[{"@type":"WebPage","@id":"https:\/\/medicinasinc.com\/se\/product\/kop-cannatonic-co2-oljepatron\/","url":"https:\/\/medicinasinc.com\/se\/product\/kop-cannatonic-co2-oljepatron\/","name":"K\u00f6p Cannatonic CO2 Oil 1g patron online (Copy) - Best Global Meds","isPartOf":{"@id":"https:\/\/medicinasinc.com\/se\/#website"},"primaryImageOfPage":{"@id":"https:\/\/medicinasinc.com\/se\/product\/kop-cannatonic-co2-oljepatron\/#primaryimage"},"image":{"@id":"https:\/\/medicinasinc.com\/se\/product\/kop-cannatonic-co2-oljepatron\/#primaryimage"},"thumbnailUrl":"https:\/\/medicinasinc.com\/se\/wp-content\/uploads\/sites\/16\/2022\/02\/Buy-Cannatonic-CO2-Oil-Cartridge.png","datePublished":"2022-02-20T08:35:49+00:00","dateModified":"2022-07-04T00:35:55+00:00","description":"K\u00f6p Cannatonic CO2-oljepatron till f\u00f6rs\u00e4ljning online s\u00e4kert till \u00f6verkomliga priser. Uppt\u00e4ck ett brett utbud av kvalitets-ogr\u00e4sprodukter till salu USA,EU,UK!","breadcrumb":{"@id":"https:\/\/medicinasinc.com\/se\/product\/kop-cannatonic-co2-oljepatron\/#breadcrumb"},"inLanguage":"sv-SE","potentialAction":[{"@type":"ReadAction","target":["https:\/\/medicinasinc.com\/se\/product\/kop-cannatonic-co2-oljepatron\/"]}]},{"@type":"ImageObject","inLanguage":"sv-SE","@id":"https:\/\/medicinasinc.com\/se\/product\/kop-cannatonic-co2-oljepatron\/#primaryimage","url":"https:\/\/medicinasinc.com\/se\/wp-content\/uploads\/sites\/16\/2022\/02\/Buy-Cannatonic-CO2-Oil-Cartridge.png","contentUrl":"https:\/\/medicinasinc.com\/se\/wp-content\/uploads\/sites\/16\/2022\/02\/Buy-Cannatonic-CO2-Oil-Cartridge.png","width":542,"height":420},{"@type":"BreadcrumbList","@id":"https:\/\/medicinasinc.com\/se\/product\/kop-cannatonic-co2-oljepatron\/#breadcrumb","itemListElement":[{"@type":"ListItem","position":1,"name":"aff\u00e4r","item":"https:\/\/medicinasinc.com\/se\/affar\/"},{"@type":"ListItem","position":2,"name":"K\u00f6p Cannatonic CO2-oljepatron"}]},{"@type":"WebSite","@id":"https:\/\/medicinasinc.com\/se\/#website","url":"https:\/\/medicinasinc.com\/se\/","name":"Medicinas Inc","description":"Health Medical Clinic","potentialAction":[{"@type":"SearchAction","target":{"@type":"EntryPoint","urlTemplate":"https:\/\/medicinasinc.com\/se\/?s={search_term_string}"},"query-input":{"@type":"PropertyValueSpecification","valueRequired":true,"valueName":"search_term_string"}}],"inLanguage":"sv-SE"}]}},"_links":{"self":[{"href":"https:\/\/medicinasinc.com\/se\/wp-json\/wp\/v2\/product\/4367","targetHints":{"allow":["GET"]}}],"collection":[{"href":"https:\/\/medicinasinc.com\/se\/wp-json\/wp\/v2\/product"}],"about":[{"href":"https:\/\/medicinasinc.com\/se\/wp-json\/wp\/v2\/types\/product"}],"replies":[{"embeddable":true,"href":"https:\/\/medicinasinc.com\/se\/wp-json\/wp\/v2\/comments?post=4367"}],"wp:featuredmedia":[{"embeddable":true,"href":"https:\/\/medicinasinc.com\/se\/wp-json\/wp\/v2\/media\/4402"}],"wp:attachment":[{"href":"https:\/\/medicinasinc.com\/se\/wp-json\/wp\/v2\/media?parent=4367"}],"wp:term":[{"taxonomy":"product_brand","embeddable":true,"href":"https:\/\/medicinasinc.com\/se\/wp-json\/wp\/v2\/product_brand?post=4367"},{"taxonomy":"product_cat","embeddable":true,"href":"https:\/\/medicinasinc.com\/se\/wp-json\/wp\/v2\/product_cat?post=4367"},{"taxonomy":"product_tag","embeddable":true,"href":"https:\/\/medicinasinc.com\/se\/wp-json\/wp\/v2\/product_tag?post=4367"}],"curies":[{"name":"wp","href":"https:\/\/api.w.org\/{rel}","templated":true}]}}