{"id":4359,"date":"2022-02-20T08:31:50","date_gmt":"2022-02-20T08:31:50","guid":{"rendered":"https:\/\/medicinasinc.com\/se\/?post_type=product&#038;p=4359"},"modified":"2022-07-04T00:36:08","modified_gmt":"2022-07-04T00:36:08","slug":"kop-fab-cbd-olja-300mg-600mg-1200mg","status":"publish","type":"product","link":"https:\/\/medicinasinc.com\/se\/product\/kop-fab-cbd-olja-300mg-600mg-1200mg\/","title":{"rendered":"K\u00f6p Fab CBD Oil 300mg, 600mg, 1200mg"},"content":{"rendered":"<p>CBD-oljedroppar \u00e4r ett utm\u00e4rkt s\u00e4tt att fr\u00e4mja \u00f6vergripande v\u00e4lbefinnande och vitalitet. Vi erbjuder en m\u00e4ngd olika CBD-hampoljesmaker som \u00e4r popul\u00e4ra bland v\u00e5ra kunder, inklusive Citrus, Mint, Natural, Berry och Vanilj. FAB CBD Oljearom kommer fr\u00e5n de finaste ingredienserna. Njut av den l\u00e4ckra smaken och aromen av dessa smaksatta CBD-oljor eller den traditionella smaken av v\u00e5r naturliga CBD-olja.<\/p>\n","protected":false},"excerpt":{"rendered":"<p>K\u00f6p Fab CBD Oil 300mg, K\u00f6p Fab CBD Oil 600mg, K\u00f6p fab cbd 2400 mg,cbd-olja som g\u00f6r dig glad,b\u00e4sta cbd-isolatolja,k\u00f6p cbd-tinktur online,gnc cbd-olja mot \u00e5ngest,cbd-olja \u00e4tbara droppar,amazon fab cbd,fab cbd white label,<\/p>\n<p><strong>Minsta best\u00e4llningskvantitet \u00e4r: 5 patroner<\/strong><\/p>\n","protected":false},"featured_media":4394,"comment_status":"open","ping_status":"closed","template":"","meta":[],"product_brand":[],"product_cat":[440],"product_tag":[441,442,444,447,448,449,450,443,445,446],"class_list":{"0":"post-4359","1":"product","2":"type-product","3":"status-publish","4":"has-post-thumbnail","6":"product_cat-kop-cannabis-cbd-olja","7":"product_tag-amazon-fab-cbd","8":"product_tag-bsta-cbd-isolat-olja","9":"product_tag-buy-fab-cbd-2400-mg","10":"product_tag-cbd-oil-edible-drops","11":"product_tag-cbd-oil-that-makes-you-happy","12":"product_tag-fab-cbd-white-label","13":"product_tag-gnc-cbd-olja-fr-ngest","14":"product_tag-kp-cbd-tincture-online","15":"product_tag-kp-fab-cbd-olja-300mg","16":"product_tag-kp-fab-cbd-olja-600mg","18":"first","19":"instock","20":"shipping-taxable","21":"purchasable","22":"product-type-variable","23":"has-default-attributes"},"yoast_head":"<!-- This site is optimized with the Yoast SEO plugin v27.3 - https:\/\/yoast.com\/product\/yoast-seo-wordpress\/ -->\n<title>K\u00f6p Fab CBD Oil 300mg, 600mg, 1200mg - b\u00e4sta globala mediciner<\/title>\n<meta name=\"description\" content=\"K\u00f6p Fab CBD Oil 300mg, K\u00f6p Fab CBD Oil 600mg, K\u00f6p fab cbd 2400 mg,cbd-olja som g\u00f6r dig glad,b\u00e4sta cbd-isolatolja,k\u00f6p cbd-tinktur online,gnc cbd-olja mot \u00e5ngest,cbd-olja \u00e4tbara droppar,amazon fab cbd, fab cbd white label,\" \/>\n<meta name=\"robots\" content=\"index, follow, max-snippet:-1, max-image-preview:large, max-video-preview:-1\" \/>\n<link rel=\"canonical\" href=\"https:\/\/medicinasinc.com\/se\/product\/kop-fab-cbd-olja-300mg-600mg-1200mg\/\" \/>\n<meta property=\"og:locale\" content=\"sv_SE\" \/>\n<meta property=\"og:type\" content=\"article\" \/>\n<meta property=\"og:title\" content=\"K\u00f6p Fab CBD Oil 300mg, 600mg, 1200mg - b\u00e4sta globala mediciner\" \/>\n<meta property=\"og:description\" content=\"K\u00f6p Fab CBD Oil 300mg, K\u00f6p Fab CBD Oil 600mg, K\u00f6p fab cbd 2400 mg,cbd-olja som g\u00f6r dig glad,b\u00e4sta cbd-isolatolja,k\u00f6p cbd-tinktur online,gnc cbd-olja mot \u00e5ngest,cbd-olja \u00e4tbara droppar,amazon fab cbd, fab cbd white label,\" \/>\n<meta property=\"og:url\" content=\"https:\/\/medicinasinc.com\/se\/product\/kop-fab-cbd-olja-300mg-600mg-1200mg\/\" \/>\n<meta property=\"og:site_name\" content=\"Medicinas Inc\" \/>\n<meta property=\"article:modified_time\" content=\"2022-07-04T00:36:08+00:00\" \/>\n<meta property=\"og:image\" content=\"https:\/\/medicinasinc.com\/se\/wp-content\/uploads\/sites\/16\/2022\/02\/Buy-Fab-CBD-Oil.jpg\" \/>\n\t<meta property=\"og:image:width\" content=\"600\" \/>\n\t<meta property=\"og:image:height\" content=\"600\" \/>\n\t<meta property=\"og:image:type\" content=\"image\/jpeg\" \/>\n<meta name=\"twitter:card\" content=\"summary_large_image\" \/>\n<meta name=\"twitter:label1\" content=\"Ber\u00e4knad l\u00e4stid\" \/>\n\t<meta name=\"twitter:data1\" content=\"1 minut\" \/>\n<script type=\"application\/ld+json\" class=\"yoast-schema-graph\">{\"@context\":\"https:\\\/\\\/schema.org\",\"@graph\":[{\"@type\":\"WebPage\",\"@id\":\"https:\\\/\\\/medicinasinc.com\\\/se\\\/product\\\/kop-fab-cbd-olja-300mg-600mg-1200mg\\\/\",\"url\":\"https:\\\/\\\/medicinasinc.com\\\/se\\\/product\\\/kop-fab-cbd-olja-300mg-600mg-1200mg\\\/\",\"name\":\"K\u00f6p Fab CBD Oil 300mg, 600mg, 1200mg - b\u00e4sta globala mediciner\",\"isPartOf\":{\"@id\":\"https:\\\/\\\/medicinasinc.com\\\/se\\\/#website\"},\"primaryImageOfPage\":{\"@id\":\"https:\\\/\\\/medicinasinc.com\\\/se\\\/product\\\/kop-fab-cbd-olja-300mg-600mg-1200mg\\\/#primaryimage\"},\"image\":{\"@id\":\"https:\\\/\\\/medicinasinc.com\\\/se\\\/product\\\/kop-fab-cbd-olja-300mg-600mg-1200mg\\\/#primaryimage\"},\"thumbnailUrl\":\"https:\\\/\\\/medicinasinc.com\\\/se\\\/wp-content\\\/uploads\\\/sites\\\/16\\\/2022\\\/02\\\/Buy-Fab-CBD-Oil.jpg\",\"datePublished\":\"2022-02-20T08:31:50+00:00\",\"dateModified\":\"2022-07-04T00:36:08+00:00\",\"description\":\"K\u00f6p Fab CBD Oil 300mg, K\u00f6p Fab CBD Oil 600mg, K\u00f6p fab cbd 2400 mg,cbd-olja som g\u00f6r dig glad,b\u00e4sta cbd-isolatolja,k\u00f6p cbd-tinktur online,gnc cbd-olja mot \u00e5ngest,cbd-olja \u00e4tbara droppar,amazon fab cbd, fab cbd white label,\",\"breadcrumb\":{\"@id\":\"https:\\\/\\\/medicinasinc.com\\\/se\\\/product\\\/kop-fab-cbd-olja-300mg-600mg-1200mg\\\/#breadcrumb\"},\"inLanguage\":\"sv-SE\",\"potentialAction\":[{\"@type\":\"ReadAction\",\"target\":[\"https:\\\/\\\/medicinasinc.com\\\/se\\\/product\\\/kop-fab-cbd-olja-300mg-600mg-1200mg\\\/\"]}]},{\"@type\":\"ImageObject\",\"inLanguage\":\"sv-SE\",\"@id\":\"https:\\\/\\\/medicinasinc.com\\\/se\\\/product\\\/kop-fab-cbd-olja-300mg-600mg-1200mg\\\/#primaryimage\",\"url\":\"https:\\\/\\\/medicinasinc.com\\\/se\\\/wp-content\\\/uploads\\\/sites\\\/16\\\/2022\\\/02\\\/Buy-Fab-CBD-Oil.jpg\",\"contentUrl\":\"https:\\\/\\\/medicinasinc.com\\\/se\\\/wp-content\\\/uploads\\\/sites\\\/16\\\/2022\\\/02\\\/Buy-Fab-CBD-Oil.jpg\",\"width\":600,\"height\":600},{\"@type\":\"BreadcrumbList\",\"@id\":\"https:\\\/\\\/medicinasinc.com\\\/se\\\/product\\\/kop-fab-cbd-olja-300mg-600mg-1200mg\\\/#breadcrumb\",\"itemListElement\":[{\"@type\":\"ListItem\",\"position\":1,\"name\":\"aff\u00e4r\",\"item\":\"https:\\\/\\\/medicinasinc.com\\\/se\\\/affar\\\/\"},{\"@type\":\"ListItem\",\"position\":2,\"name\":\"K\u00f6p Fab CBD Oil 300mg, 600mg, 1200mg\"}]},{\"@type\":\"WebSite\",\"@id\":\"https:\\\/\\\/medicinasinc.com\\\/se\\\/#website\",\"url\":\"https:\\\/\\\/medicinasinc.com\\\/se\\\/\",\"name\":\"Medicinas Inc\",\"description\":\"Health Medical Clinic\",\"potentialAction\":[{\"@type\":\"SearchAction\",\"target\":{\"@type\":\"EntryPoint\",\"urlTemplate\":\"https:\\\/\\\/medicinasinc.com\\\/se\\\/?s={search_term_string}\"},\"query-input\":{\"@type\":\"PropertyValueSpecification\",\"valueRequired\":true,\"valueName\":\"search_term_string\"}}],\"inLanguage\":\"sv-SE\"}]}<\/script>\n<!-- \/ Yoast SEO plugin. -->","yoast_head_json":{"title":"K\u00f6p Fab CBD Oil 300mg, 600mg, 1200mg - b\u00e4sta globala mediciner","description":"K\u00f6p Fab CBD Oil 300mg, K\u00f6p Fab CBD Oil 600mg, K\u00f6p fab cbd 2400 mg,cbd-olja som g\u00f6r dig glad,b\u00e4sta cbd-isolatolja,k\u00f6p cbd-tinktur online,gnc cbd-olja mot \u00e5ngest,cbd-olja \u00e4tbara droppar,amazon fab cbd, fab cbd white label,","robots":{"index":"index","follow":"follow","max-snippet":"max-snippet:-1","max-image-preview":"max-image-preview:large","max-video-preview":"max-video-preview:-1"},"canonical":"https:\/\/medicinasinc.com\/se\/product\/kop-fab-cbd-olja-300mg-600mg-1200mg\/","og_locale":"sv_SE","og_type":"article","og_title":"K\u00f6p Fab CBD Oil 300mg, 600mg, 1200mg - b\u00e4sta globala mediciner","og_description":"K\u00f6p Fab CBD Oil 300mg, K\u00f6p Fab CBD Oil 600mg, K\u00f6p fab cbd 2400 mg,cbd-olja som g\u00f6r dig glad,b\u00e4sta cbd-isolatolja,k\u00f6p cbd-tinktur online,gnc cbd-olja mot \u00e5ngest,cbd-olja \u00e4tbara droppar,amazon fab cbd, fab cbd white label,","og_url":"https:\/\/medicinasinc.com\/se\/product\/kop-fab-cbd-olja-300mg-600mg-1200mg\/","og_site_name":"Medicinas Inc","article_modified_time":"2022-07-04T00:36:08+00:00","og_image":[{"width":600,"height":600,"url":"https:\/\/medicinasinc.com\/se\/wp-content\/uploads\/sites\/16\/2022\/02\/Buy-Fab-CBD-Oil.jpg","type":"image\/jpeg"}],"twitter_card":"summary_large_image","twitter_misc":{"Ber\u00e4knad l\u00e4stid":"1 minut"},"schema":{"@context":"https:\/\/schema.org","@graph":[{"@type":"WebPage","@id":"https:\/\/medicinasinc.com\/se\/product\/kop-fab-cbd-olja-300mg-600mg-1200mg\/","url":"https:\/\/medicinasinc.com\/se\/product\/kop-fab-cbd-olja-300mg-600mg-1200mg\/","name":"K\u00f6p Fab CBD Oil 300mg, 600mg, 1200mg - b\u00e4sta globala mediciner","isPartOf":{"@id":"https:\/\/medicinasinc.com\/se\/#website"},"primaryImageOfPage":{"@id":"https:\/\/medicinasinc.com\/se\/product\/kop-fab-cbd-olja-300mg-600mg-1200mg\/#primaryimage"},"image":{"@id":"https:\/\/medicinasinc.com\/se\/product\/kop-fab-cbd-olja-300mg-600mg-1200mg\/#primaryimage"},"thumbnailUrl":"https:\/\/medicinasinc.com\/se\/wp-content\/uploads\/sites\/16\/2022\/02\/Buy-Fab-CBD-Oil.jpg","datePublished":"2022-02-20T08:31:50+00:00","dateModified":"2022-07-04T00:36:08+00:00","description":"K\u00f6p Fab CBD Oil 300mg, K\u00f6p Fab CBD Oil 600mg, K\u00f6p fab cbd 2400 mg,cbd-olja som g\u00f6r dig glad,b\u00e4sta cbd-isolatolja,k\u00f6p cbd-tinktur online,gnc cbd-olja mot \u00e5ngest,cbd-olja \u00e4tbara droppar,amazon fab cbd, fab cbd white label,","breadcrumb":{"@id":"https:\/\/medicinasinc.com\/se\/product\/kop-fab-cbd-olja-300mg-600mg-1200mg\/#breadcrumb"},"inLanguage":"sv-SE","potentialAction":[{"@type":"ReadAction","target":["https:\/\/medicinasinc.com\/se\/product\/kop-fab-cbd-olja-300mg-600mg-1200mg\/"]}]},{"@type":"ImageObject","inLanguage":"sv-SE","@id":"https:\/\/medicinasinc.com\/se\/product\/kop-fab-cbd-olja-300mg-600mg-1200mg\/#primaryimage","url":"https:\/\/medicinasinc.com\/se\/wp-content\/uploads\/sites\/16\/2022\/02\/Buy-Fab-CBD-Oil.jpg","contentUrl":"https:\/\/medicinasinc.com\/se\/wp-content\/uploads\/sites\/16\/2022\/02\/Buy-Fab-CBD-Oil.jpg","width":600,"height":600},{"@type":"BreadcrumbList","@id":"https:\/\/medicinasinc.com\/se\/product\/kop-fab-cbd-olja-300mg-600mg-1200mg\/#breadcrumb","itemListElement":[{"@type":"ListItem","position":1,"name":"aff\u00e4r","item":"https:\/\/medicinasinc.com\/se\/affar\/"},{"@type":"ListItem","position":2,"name":"K\u00f6p Fab CBD Oil 300mg, 600mg, 1200mg"}]},{"@type":"WebSite","@id":"https:\/\/medicinasinc.com\/se\/#website","url":"https:\/\/medicinasinc.com\/se\/","name":"Medicinas Inc","description":"Health Medical Clinic","potentialAction":[{"@type":"SearchAction","target":{"@type":"EntryPoint","urlTemplate":"https:\/\/medicinasinc.com\/se\/?s={search_term_string}"},"query-input":{"@type":"PropertyValueSpecification","valueRequired":true,"valueName":"search_term_string"}}],"inLanguage":"sv-SE"}]}},"_links":{"self":[{"href":"https:\/\/medicinasinc.com\/se\/wp-json\/wp\/v2\/product\/4359","targetHints":{"allow":["GET"]}}],"collection":[{"href":"https:\/\/medicinasinc.com\/se\/wp-json\/wp\/v2\/product"}],"about":[{"href":"https:\/\/medicinasinc.com\/se\/wp-json\/wp\/v2\/types\/product"}],"replies":[{"embeddable":true,"href":"https:\/\/medicinasinc.com\/se\/wp-json\/wp\/v2\/comments?post=4359"}],"wp:featuredmedia":[{"embeddable":true,"href":"https:\/\/medicinasinc.com\/se\/wp-json\/wp\/v2\/media\/4394"}],"wp:attachment":[{"href":"https:\/\/medicinasinc.com\/se\/wp-json\/wp\/v2\/media?parent=4359"}],"wp:term":[{"taxonomy":"product_brand","embeddable":true,"href":"https:\/\/medicinasinc.com\/se\/wp-json\/wp\/v2\/product_brand?post=4359"},{"taxonomy":"product_cat","embeddable":true,"href":"https:\/\/medicinasinc.com\/se\/wp-json\/wp\/v2\/product_cat?post=4359"},{"taxonomy":"product_tag","embeddable":true,"href":"https:\/\/medicinasinc.com\/se\/wp-json\/wp\/v2\/product_tag?post=4359"}],"curies":[{"name":"wp","href":"https:\/\/api.w.org\/{rel}","templated":true}]}}