{"id":4348,"date":"2022-02-20T08:28:43","date_gmt":"2022-02-20T08:28:43","guid":{"rendered":"https:\/\/medicinasinc.com\/se\/?post_type=product&#038;p=4348"},"modified":"2022-07-04T00:36:37","modified_gmt":"2022-07-04T00:36:37","slug":"kop-41-tinktur-30ml-spearmint-smak-gron-gudinna","status":"publish","type":"product","link":"https:\/\/medicinasinc.com\/se\/product\/kop-41-tinktur-30ml-spearmint-smak-gron-gudinna\/","title":{"rendered":"K\u00f6p 4:1 Tinktur (30mL) Spearmint Flavor Green Goddess"},"content":{"rendered":"<p>K\u00f6p Green, Goddess 4:1 Tincture (30mL) Spearmint Flavour<\/p>\n<p>Tinkturdroppar har betydande f\u00f6rdelar j\u00e4mf\u00f6rt med andra metoder f\u00f6r att administrera medicinska cannabinoider: en 30 ml burk med en l\u00e4ttanv\u00e4nd droppapplikation m\u00f6jligg\u00f6r en exakt dos som ska tillf\u00f6ras sublingualt i munnen. Absorptionen i blodomloppet via munslemhinnan \u00e4r snabb och konsekvent. Tinkturen omvandlas inte till en metabolit av matsm\u00e4ltningssystemet eller levern, vilket \u00e4r fallet med oralt intagna cannabinoider i \u00e4tbara produkter.<\/p>\n<p>Formulerad med ett extrakt av hela cannabisv\u00e4xten. Vi har lagt till en helt naturlig C8+C10-olja, som kommer helt fr\u00e5n kokosn\u00f6tter och \u00e4r en utm\u00e4rkt k\u00e4lla till kraftfulla medelkedjiga fettsyror som hj\u00e4lper till att h\u00e5lla kroppen och sinnet i funktion optimalt.<\/p>\n<p>13 milligram per dropper 400 milligram CBD 100 milligram THC<\/p>\n<p>Ingredienser:<\/p>\n<p>MCT-olja med spearmintsmak Helt cannabisplantextrakt (CBD)<\/p>\n","protected":false},"excerpt":{"rendered":"<p>K\u00f6p 4:1 tinktur (30mL) Spearmint Flavor Green Goddess till salu Storbritannien, Europa online USA fr\u00e5n den st\u00f6rsta onlinedispens\u00e4ren, K\u00f6p My Weed Online.<\/p>\n<ul>\n<li>S\u00e4ndning \u00f6ver hela v\u00e4rlden<\/li>\n<li>30ml Indikerad droppare<\/li>\n<li>400mg CBD : 100mg THC Tinktur<\/li>\n<li>Spearmint Flavour<\/li>\n<li>Minsta best\u00e4llningskvantitet \u00e4r 5<\/li>\n<\/ul>\n","protected":false},"featured_media":4383,"comment_status":"open","ping_status":"closed","template":"","meta":[],"product_brand":[],"product_cat":[440],"product_tag":[],"class_list":{"0":"post-4348","1":"product","2":"type-product","3":"status-publish","4":"has-post-thumbnail","6":"product_cat-kop-cannabis-cbd-olja","8":"first","9":"instock","10":"shipping-taxable","11":"purchasable","12":"product-type-variable","13":"has-default-attributes"},"yoast_head":"<!-- This site is optimized with the Yoast SEO plugin v27.3 - https:\/\/yoast.com\/product\/yoast-seo-wordpress\/ -->\n<title>K\u00f6p 4:1 tinktur (30 ml) Spearmint Flavor Green Goddess - b\u00e4sta globala medicinen<\/title>\n<meta name=\"description\" content=\"K\u00f6p 4:1 tinktur (30mL) Spearmint Flavor Green Goddess till salu Storbritannien, Europa online USA fr\u00e5n den st\u00f6rsta onlinedispens\u00e4ren, K\u00f6p My Weed Online.\" \/>\n<meta name=\"robots\" content=\"index, follow, max-snippet:-1, max-image-preview:large, max-video-preview:-1\" \/>\n<link rel=\"canonical\" href=\"https:\/\/medicinasinc.com\/se\/product\/kop-41-tinktur-30ml-spearmint-smak-gron-gudinna\/\" \/>\n<meta property=\"og:locale\" content=\"sv_SE\" \/>\n<meta property=\"og:type\" content=\"article\" \/>\n<meta property=\"og:title\" content=\"K\u00f6p 4:1 tinktur (30 ml) Spearmint Flavor Green Goddess - b\u00e4sta globala medicinen\" \/>\n<meta property=\"og:description\" content=\"K\u00f6p 4:1 tinktur (30mL) Spearmint Flavor Green Goddess till salu Storbritannien, Europa online USA fr\u00e5n den st\u00f6rsta onlinedispens\u00e4ren, K\u00f6p My Weed Online.\" \/>\n<meta property=\"og:url\" content=\"https:\/\/medicinasinc.com\/se\/product\/kop-41-tinktur-30ml-spearmint-smak-gron-gudinna\/\" \/>\n<meta property=\"og:site_name\" content=\"Medicinas Inc\" \/>\n<meta property=\"article:modified_time\" content=\"2022-07-04T00:36:37+00:00\" \/>\n<meta property=\"og:image\" content=\"https:\/\/medicinasinc.com\/se\/wp-content\/uploads\/sites\/16\/2022\/02\/Spearmint-Flavour-Green-Goddess.jpg\" \/>\n\t<meta property=\"og:image:width\" content=\"483\" \/>\n\t<meta property=\"og:image:height\" content=\"483\" \/>\n\t<meta property=\"og:image:type\" content=\"image\/jpeg\" \/>\n<meta name=\"twitter:card\" content=\"summary_large_image\" \/>\n<meta name=\"twitter:label1\" content=\"Ber\u00e4knad l\u00e4stid\" \/>\n\t<meta name=\"twitter:data1\" content=\"1 minut\" \/>\n<script type=\"application\/ld+json\" class=\"yoast-schema-graph\">{\"@context\":\"https:\\\/\\\/schema.org\",\"@graph\":[{\"@type\":\"WebPage\",\"@id\":\"https:\\\/\\\/medicinasinc.com\\\/se\\\/product\\\/kop-41-tinktur-30ml-spearmint-smak-gron-gudinna\\\/\",\"url\":\"https:\\\/\\\/medicinasinc.com\\\/se\\\/product\\\/kop-41-tinktur-30ml-spearmint-smak-gron-gudinna\\\/\",\"name\":\"K\u00f6p 4:1 tinktur (30 ml) Spearmint Flavor Green Goddess - b\u00e4sta globala medicinen\",\"isPartOf\":{\"@id\":\"https:\\\/\\\/medicinasinc.com\\\/se\\\/#website\"},\"primaryImageOfPage\":{\"@id\":\"https:\\\/\\\/medicinasinc.com\\\/se\\\/product\\\/kop-41-tinktur-30ml-spearmint-smak-gron-gudinna\\\/#primaryimage\"},\"image\":{\"@id\":\"https:\\\/\\\/medicinasinc.com\\\/se\\\/product\\\/kop-41-tinktur-30ml-spearmint-smak-gron-gudinna\\\/#primaryimage\"},\"thumbnailUrl\":\"https:\\\/\\\/medicinasinc.com\\\/se\\\/wp-content\\\/uploads\\\/sites\\\/16\\\/2022\\\/02\\\/Spearmint-Flavour-Green-Goddess.jpg\",\"datePublished\":\"2022-02-20T08:28:43+00:00\",\"dateModified\":\"2022-07-04T00:36:37+00:00\",\"description\":\"K\u00f6p 4:1 tinktur (30mL) Spearmint Flavor Green Goddess till salu Storbritannien, Europa online USA fr\u00e5n den st\u00f6rsta onlinedispens\u00e4ren, K\u00f6p My Weed Online.\",\"breadcrumb\":{\"@id\":\"https:\\\/\\\/medicinasinc.com\\\/se\\\/product\\\/kop-41-tinktur-30ml-spearmint-smak-gron-gudinna\\\/#breadcrumb\"},\"inLanguage\":\"sv-SE\",\"potentialAction\":[{\"@type\":\"ReadAction\",\"target\":[\"https:\\\/\\\/medicinasinc.com\\\/se\\\/product\\\/kop-41-tinktur-30ml-spearmint-smak-gron-gudinna\\\/\"]}]},{\"@type\":\"ImageObject\",\"inLanguage\":\"sv-SE\",\"@id\":\"https:\\\/\\\/medicinasinc.com\\\/se\\\/product\\\/kop-41-tinktur-30ml-spearmint-smak-gron-gudinna\\\/#primaryimage\",\"url\":\"https:\\\/\\\/medicinasinc.com\\\/se\\\/wp-content\\\/uploads\\\/sites\\\/16\\\/2022\\\/02\\\/Spearmint-Flavour-Green-Goddess.jpg\",\"contentUrl\":\"https:\\\/\\\/medicinasinc.com\\\/se\\\/wp-content\\\/uploads\\\/sites\\\/16\\\/2022\\\/02\\\/Spearmint-Flavour-Green-Goddess.jpg\",\"width\":483,\"height\":483},{\"@type\":\"BreadcrumbList\",\"@id\":\"https:\\\/\\\/medicinasinc.com\\\/se\\\/product\\\/kop-41-tinktur-30ml-spearmint-smak-gron-gudinna\\\/#breadcrumb\",\"itemListElement\":[{\"@type\":\"ListItem\",\"position\":1,\"name\":\"aff\u00e4r\",\"item\":\"https:\\\/\\\/medicinasinc.com\\\/se\\\/affar\\\/\"},{\"@type\":\"ListItem\",\"position\":2,\"name\":\"K\u00f6p 4:1 Tinktur (30mL) Spearmint Flavor Green Goddess\"}]},{\"@type\":\"WebSite\",\"@id\":\"https:\\\/\\\/medicinasinc.com\\\/se\\\/#website\",\"url\":\"https:\\\/\\\/medicinasinc.com\\\/se\\\/\",\"name\":\"Medicinas Inc\",\"description\":\"Health Medical Clinic\",\"potentialAction\":[{\"@type\":\"SearchAction\",\"target\":{\"@type\":\"EntryPoint\",\"urlTemplate\":\"https:\\\/\\\/medicinasinc.com\\\/se\\\/?s={search_term_string}\"},\"query-input\":{\"@type\":\"PropertyValueSpecification\",\"valueRequired\":true,\"valueName\":\"search_term_string\"}}],\"inLanguage\":\"sv-SE\"}]}<\/script>\n<!-- \/ Yoast SEO plugin. -->","yoast_head_json":{"title":"K\u00f6p 4:1 tinktur (30 ml) Spearmint Flavor Green Goddess - b\u00e4sta globala medicinen","description":"K\u00f6p 4:1 tinktur (30mL) Spearmint Flavor Green Goddess till salu Storbritannien, Europa online USA fr\u00e5n den st\u00f6rsta onlinedispens\u00e4ren, K\u00f6p My Weed Online.","robots":{"index":"index","follow":"follow","max-snippet":"max-snippet:-1","max-image-preview":"max-image-preview:large","max-video-preview":"max-video-preview:-1"},"canonical":"https:\/\/medicinasinc.com\/se\/product\/kop-41-tinktur-30ml-spearmint-smak-gron-gudinna\/","og_locale":"sv_SE","og_type":"article","og_title":"K\u00f6p 4:1 tinktur (30 ml) Spearmint Flavor Green Goddess - b\u00e4sta globala medicinen","og_description":"K\u00f6p 4:1 tinktur (30mL) Spearmint Flavor Green Goddess till salu Storbritannien, Europa online USA fr\u00e5n den st\u00f6rsta onlinedispens\u00e4ren, K\u00f6p My Weed Online.","og_url":"https:\/\/medicinasinc.com\/se\/product\/kop-41-tinktur-30ml-spearmint-smak-gron-gudinna\/","og_site_name":"Medicinas Inc","article_modified_time":"2022-07-04T00:36:37+00:00","og_image":[{"width":483,"height":483,"url":"https:\/\/medicinasinc.com\/se\/wp-content\/uploads\/sites\/16\/2022\/02\/Spearmint-Flavour-Green-Goddess.jpg","type":"image\/jpeg"}],"twitter_card":"summary_large_image","twitter_misc":{"Ber\u00e4knad l\u00e4stid":"1 minut"},"schema":{"@context":"https:\/\/schema.org","@graph":[{"@type":"WebPage","@id":"https:\/\/medicinasinc.com\/se\/product\/kop-41-tinktur-30ml-spearmint-smak-gron-gudinna\/","url":"https:\/\/medicinasinc.com\/se\/product\/kop-41-tinktur-30ml-spearmint-smak-gron-gudinna\/","name":"K\u00f6p 4:1 tinktur (30 ml) Spearmint Flavor Green Goddess - b\u00e4sta globala medicinen","isPartOf":{"@id":"https:\/\/medicinasinc.com\/se\/#website"},"primaryImageOfPage":{"@id":"https:\/\/medicinasinc.com\/se\/product\/kop-41-tinktur-30ml-spearmint-smak-gron-gudinna\/#primaryimage"},"image":{"@id":"https:\/\/medicinasinc.com\/se\/product\/kop-41-tinktur-30ml-spearmint-smak-gron-gudinna\/#primaryimage"},"thumbnailUrl":"https:\/\/medicinasinc.com\/se\/wp-content\/uploads\/sites\/16\/2022\/02\/Spearmint-Flavour-Green-Goddess.jpg","datePublished":"2022-02-20T08:28:43+00:00","dateModified":"2022-07-04T00:36:37+00:00","description":"K\u00f6p 4:1 tinktur (30mL) Spearmint Flavor Green Goddess till salu Storbritannien, Europa online USA fr\u00e5n den st\u00f6rsta onlinedispens\u00e4ren, K\u00f6p My Weed Online.","breadcrumb":{"@id":"https:\/\/medicinasinc.com\/se\/product\/kop-41-tinktur-30ml-spearmint-smak-gron-gudinna\/#breadcrumb"},"inLanguage":"sv-SE","potentialAction":[{"@type":"ReadAction","target":["https:\/\/medicinasinc.com\/se\/product\/kop-41-tinktur-30ml-spearmint-smak-gron-gudinna\/"]}]},{"@type":"ImageObject","inLanguage":"sv-SE","@id":"https:\/\/medicinasinc.com\/se\/product\/kop-41-tinktur-30ml-spearmint-smak-gron-gudinna\/#primaryimage","url":"https:\/\/medicinasinc.com\/se\/wp-content\/uploads\/sites\/16\/2022\/02\/Spearmint-Flavour-Green-Goddess.jpg","contentUrl":"https:\/\/medicinasinc.com\/se\/wp-content\/uploads\/sites\/16\/2022\/02\/Spearmint-Flavour-Green-Goddess.jpg","width":483,"height":483},{"@type":"BreadcrumbList","@id":"https:\/\/medicinasinc.com\/se\/product\/kop-41-tinktur-30ml-spearmint-smak-gron-gudinna\/#breadcrumb","itemListElement":[{"@type":"ListItem","position":1,"name":"aff\u00e4r","item":"https:\/\/medicinasinc.com\/se\/affar\/"},{"@type":"ListItem","position":2,"name":"K\u00f6p 4:1 Tinktur (30mL) Spearmint Flavor Green Goddess"}]},{"@type":"WebSite","@id":"https:\/\/medicinasinc.com\/se\/#website","url":"https:\/\/medicinasinc.com\/se\/","name":"Medicinas Inc","description":"Health Medical Clinic","potentialAction":[{"@type":"SearchAction","target":{"@type":"EntryPoint","urlTemplate":"https:\/\/medicinasinc.com\/se\/?s={search_term_string}"},"query-input":{"@type":"PropertyValueSpecification","valueRequired":true,"valueName":"search_term_string"}}],"inLanguage":"sv-SE"}]}},"_links":{"self":[{"href":"https:\/\/medicinasinc.com\/se\/wp-json\/wp\/v2\/product\/4348","targetHints":{"allow":["GET"]}}],"collection":[{"href":"https:\/\/medicinasinc.com\/se\/wp-json\/wp\/v2\/product"}],"about":[{"href":"https:\/\/medicinasinc.com\/se\/wp-json\/wp\/v2\/types\/product"}],"replies":[{"embeddable":true,"href":"https:\/\/medicinasinc.com\/se\/wp-json\/wp\/v2\/comments?post=4348"}],"wp:featuredmedia":[{"embeddable":true,"href":"https:\/\/medicinasinc.com\/se\/wp-json\/wp\/v2\/media\/4383"}],"wp:attachment":[{"href":"https:\/\/medicinasinc.com\/se\/wp-json\/wp\/v2\/media?parent=4348"}],"wp:term":[{"taxonomy":"product_brand","embeddable":true,"href":"https:\/\/medicinasinc.com\/se\/wp-json\/wp\/v2\/product_brand?post=4348"},{"taxonomy":"product_cat","embeddable":true,"href":"https:\/\/medicinasinc.com\/se\/wp-json\/wp\/v2\/product_cat?post=4348"},{"taxonomy":"product_tag","embeddable":true,"href":"https:\/\/medicinasinc.com\/se\/wp-json\/wp\/v2\/product_tag?post=4348"}],"curies":[{"name":"wp","href":"https:\/\/api.w.org\/{rel}","templated":true}]}}