{"id":4338,"date":"2022-02-20T08:27:22","date_gmt":"2022-02-20T08:27:22","guid":{"rendered":"https:\/\/medicinasinc.com\/se\/?post_type=product&#038;p=4338"},"modified":"2022-07-04T00:36:58","modified_gmt":"2022-07-04T00:36:58","slug":"kop-250mg-thc-mist-spray-10ml-ease","status":"publish","type":"product","link":"https:\/\/medicinasinc.com\/se\/product\/kop-250mg-thc-mist-spray-10ml-ease\/","title":{"rendered":"K\u00f6p 250mg THC Mist Spray 10ml \u2013 Ease"},"content":{"rendered":"<p>K\u00f6p 10ml 250mg THC Mist Spray \u2013 Ease<\/p>\n<p>Med v\u00e5r l\u00e4ckra cannabis-infunderade andedr\u00e4ktspray lyfter Ease sublingual Spray det traditionella tinkturkonceptet till en helt ny niv\u00e5. Ease Spray g\u00f6r att du kan dosera efter behov, oavsett plats, utan r\u00e4dsla f\u00f6r det stigmat som traditionellt f\u00f6rknippas med majoriteten av cannabisprodukter. Ease Spray inneh\u00e5ller hela 5 mg medicin per spray, vilket g\u00f6r att du kan medicinera exakt till den niv\u00e5 som uppfyller dina behov. Ease Sprays inneh\u00e5ller ingen alkohol, l\u00f6sningsmedel eller petrokemikalier i deras helt naturliga formel av kokosn\u00f6tsextrakt, terpener och cannabisextrakt.<\/p>\n<p>Denna produkt f\u00f6renklar medicinering p\u00e5 spr\u00e5ng! Med den helt nya l\u00e4ttheten Shake n Spray Extra Strength!<\/p>\n<p>DOSER F\u00d6R SPRAYFLASKAR F\u00d6R UNDERPRAY<\/p>\n<p>250 \u200b\u200bmg THC i en 10 ml glasflaska<\/p>\n<p>Varje flaska inneh\u00e5ller 50 -60 sprayer.<\/p>\n","protected":false},"excerpt":{"rendered":"<p>K\u00f6p 250mg THC Mist Spray UK 10ml till salu Europa Online. Ease Spray ger dig friheten att dosera efter behov var du \u00e4n befinner dig, utan att oroa dig f\u00f6r stigmat traditionellt<\/p>\n<ul>\n<li>V\u00e4rldsomsp\u00e4nnande frakt<\/li>\n<li>EXTRA STYRKA THC-MIST SPRAY<\/li>\n<li>10 ml glasflaska 250 mg THC<\/li>\n<li>Minsta best\u00e4llningskvantitet \u00e4r 5<\/li>\n<li><strong>Kontakta oss<\/strong>\u00a0f\u00f6r st\u00f6rre best\u00e4llningar<\/li>\n<\/ul>\n","protected":false},"featured_media":4371,"comment_status":"open","ping_status":"closed","template":"","meta":[],"product_brand":[],"product_cat":[440],"product_tag":[],"class_list":{"0":"post-4338","1":"product","2":"type-product","3":"status-publish","4":"has-post-thumbnail","6":"product_cat-kop-cannabis-cbd-olja","8":"first","9":"instock","10":"shipping-taxable","11":"purchasable","12":"product-type-variable","13":"has-default-attributes"},"yoast_head":"<!-- This site is optimized with the Yoast SEO plugin v27.3 - https:\/\/yoast.com\/product\/yoast-seo-wordpress\/ -->\n<title>K\u00f6p 250mg THC Mist Spray 10ml \u2013 Ease - Best Global Meds<\/title>\n<meta name=\"description\" content=\"K\u00f6p 250mg THC Mist Spray UK 10ml till salu Europa Online. Ease Spray ger dig friheten att dosera efter behov var du \u00e4n \u00e4r, utan att oroa dig f\u00f6r stigmat traditionellt\" \/>\n<meta name=\"robots\" content=\"index, follow, max-snippet:-1, max-image-preview:large, max-video-preview:-1\" \/>\n<link rel=\"canonical\" href=\"https:\/\/medicinasinc.com\/se\/product\/kop-250mg-thc-mist-spray-10ml-ease\/\" \/>\n<meta property=\"og:locale\" content=\"sv_SE\" \/>\n<meta property=\"og:type\" content=\"article\" \/>\n<meta property=\"og:title\" content=\"K\u00f6p 250mg THC Mist Spray 10ml \u2013 Ease - Best Global Meds\" \/>\n<meta property=\"og:description\" content=\"K\u00f6p 250mg THC Mist Spray UK 10ml till salu Europa Online. Ease Spray ger dig friheten att dosera efter behov var du \u00e4n \u00e4r, utan att oroa dig f\u00f6r stigmat traditionellt\" \/>\n<meta property=\"og:url\" content=\"https:\/\/medicinasinc.com\/se\/product\/kop-250mg-thc-mist-spray-10ml-ease\/\" \/>\n<meta property=\"og:site_name\" content=\"Medicinas Inc\" \/>\n<meta property=\"article:modified_time\" content=\"2022-07-04T00:36:58+00:00\" \/>\n<meta property=\"og:image\" content=\"https:\/\/medicinasinc.com\/se\/wp-content\/uploads\/sites\/16\/2022\/02\/Buy-250mg-THC-Mist-Spray-10ml.jpg\" \/>\n\t<meta property=\"og:image:width\" content=\"1500\" \/>\n\t<meta property=\"og:image:height\" content=\"1500\" \/>\n\t<meta property=\"og:image:type\" content=\"image\/jpeg\" \/>\n<meta name=\"twitter:card\" content=\"summary_large_image\" \/>\n<meta name=\"twitter:label1\" content=\"Ber\u00e4knad l\u00e4stid\" \/>\n\t<meta name=\"twitter:data1\" content=\"1 minut\" \/>\n<script type=\"application\/ld+json\" class=\"yoast-schema-graph\">{\"@context\":\"https:\\\/\\\/schema.org\",\"@graph\":[{\"@type\":\"WebPage\",\"@id\":\"https:\\\/\\\/medicinasinc.com\\\/se\\\/product\\\/kop-250mg-thc-mist-spray-10ml-ease\\\/\",\"url\":\"https:\\\/\\\/medicinasinc.com\\\/se\\\/product\\\/kop-250mg-thc-mist-spray-10ml-ease\\\/\",\"name\":\"K\u00f6p 250mg THC Mist Spray 10ml \u2013 Ease - Best Global Meds\",\"isPartOf\":{\"@id\":\"https:\\\/\\\/medicinasinc.com\\\/se\\\/#website\"},\"primaryImageOfPage\":{\"@id\":\"https:\\\/\\\/medicinasinc.com\\\/se\\\/product\\\/kop-250mg-thc-mist-spray-10ml-ease\\\/#primaryimage\"},\"image\":{\"@id\":\"https:\\\/\\\/medicinasinc.com\\\/se\\\/product\\\/kop-250mg-thc-mist-spray-10ml-ease\\\/#primaryimage\"},\"thumbnailUrl\":\"https:\\\/\\\/medicinasinc.com\\\/se\\\/wp-content\\\/uploads\\\/sites\\\/16\\\/2022\\\/02\\\/Buy-250mg-THC-Mist-Spray-10ml.jpg\",\"datePublished\":\"2022-02-20T08:27:22+00:00\",\"dateModified\":\"2022-07-04T00:36:58+00:00\",\"description\":\"K\u00f6p 250mg THC Mist Spray UK 10ml till salu Europa Online. Ease Spray ger dig friheten att dosera efter behov var du \u00e4n \u00e4r, utan att oroa dig f\u00f6r stigmat traditionellt\",\"breadcrumb\":{\"@id\":\"https:\\\/\\\/medicinasinc.com\\\/se\\\/product\\\/kop-250mg-thc-mist-spray-10ml-ease\\\/#breadcrumb\"},\"inLanguage\":\"sv-SE\",\"potentialAction\":[{\"@type\":\"ReadAction\",\"target\":[\"https:\\\/\\\/medicinasinc.com\\\/se\\\/product\\\/kop-250mg-thc-mist-spray-10ml-ease\\\/\"]}]},{\"@type\":\"ImageObject\",\"inLanguage\":\"sv-SE\",\"@id\":\"https:\\\/\\\/medicinasinc.com\\\/se\\\/product\\\/kop-250mg-thc-mist-spray-10ml-ease\\\/#primaryimage\",\"url\":\"https:\\\/\\\/medicinasinc.com\\\/se\\\/wp-content\\\/uploads\\\/sites\\\/16\\\/2022\\\/02\\\/Buy-250mg-THC-Mist-Spray-10ml.jpg\",\"contentUrl\":\"https:\\\/\\\/medicinasinc.com\\\/se\\\/wp-content\\\/uploads\\\/sites\\\/16\\\/2022\\\/02\\\/Buy-250mg-THC-Mist-Spray-10ml.jpg\",\"width\":1500,\"height\":1500},{\"@type\":\"BreadcrumbList\",\"@id\":\"https:\\\/\\\/medicinasinc.com\\\/se\\\/product\\\/kop-250mg-thc-mist-spray-10ml-ease\\\/#breadcrumb\",\"itemListElement\":[{\"@type\":\"ListItem\",\"position\":1,\"name\":\"aff\u00e4r\",\"item\":\"https:\\\/\\\/medicinasinc.com\\\/se\\\/affar\\\/\"},{\"@type\":\"ListItem\",\"position\":2,\"name\":\"K\u00f6p 250mg THC Mist Spray 10ml \u2013 Ease\"}]},{\"@type\":\"WebSite\",\"@id\":\"https:\\\/\\\/medicinasinc.com\\\/se\\\/#website\",\"url\":\"https:\\\/\\\/medicinasinc.com\\\/se\\\/\",\"name\":\"Medicinas Inc\",\"description\":\"Health Medical Clinic\",\"potentialAction\":[{\"@type\":\"SearchAction\",\"target\":{\"@type\":\"EntryPoint\",\"urlTemplate\":\"https:\\\/\\\/medicinasinc.com\\\/se\\\/?s={search_term_string}\"},\"query-input\":{\"@type\":\"PropertyValueSpecification\",\"valueRequired\":true,\"valueName\":\"search_term_string\"}}],\"inLanguage\":\"sv-SE\"}]}<\/script>\n<!-- \/ Yoast SEO plugin. -->","yoast_head_json":{"title":"K\u00f6p 250mg THC Mist Spray 10ml \u2013 Ease - Best Global Meds","description":"K\u00f6p 250mg THC Mist Spray UK 10ml till salu Europa Online. Ease Spray ger dig friheten att dosera efter behov var du \u00e4n \u00e4r, utan att oroa dig f\u00f6r stigmat traditionellt","robots":{"index":"index","follow":"follow","max-snippet":"max-snippet:-1","max-image-preview":"max-image-preview:large","max-video-preview":"max-video-preview:-1"},"canonical":"https:\/\/medicinasinc.com\/se\/product\/kop-250mg-thc-mist-spray-10ml-ease\/","og_locale":"sv_SE","og_type":"article","og_title":"K\u00f6p 250mg THC Mist Spray 10ml \u2013 Ease - Best Global Meds","og_description":"K\u00f6p 250mg THC Mist Spray UK 10ml till salu Europa Online. Ease Spray ger dig friheten att dosera efter behov var du \u00e4n \u00e4r, utan att oroa dig f\u00f6r stigmat traditionellt","og_url":"https:\/\/medicinasinc.com\/se\/product\/kop-250mg-thc-mist-spray-10ml-ease\/","og_site_name":"Medicinas Inc","article_modified_time":"2022-07-04T00:36:58+00:00","og_image":[{"width":1500,"height":1500,"url":"https:\/\/medicinasinc.com\/se\/wp-content\/uploads\/sites\/16\/2022\/02\/Buy-250mg-THC-Mist-Spray-10ml.jpg","type":"image\/jpeg"}],"twitter_card":"summary_large_image","twitter_misc":{"Ber\u00e4knad l\u00e4stid":"1 minut"},"schema":{"@context":"https:\/\/schema.org","@graph":[{"@type":"WebPage","@id":"https:\/\/medicinasinc.com\/se\/product\/kop-250mg-thc-mist-spray-10ml-ease\/","url":"https:\/\/medicinasinc.com\/se\/product\/kop-250mg-thc-mist-spray-10ml-ease\/","name":"K\u00f6p 250mg THC Mist Spray 10ml \u2013 Ease - Best Global Meds","isPartOf":{"@id":"https:\/\/medicinasinc.com\/se\/#website"},"primaryImageOfPage":{"@id":"https:\/\/medicinasinc.com\/se\/product\/kop-250mg-thc-mist-spray-10ml-ease\/#primaryimage"},"image":{"@id":"https:\/\/medicinasinc.com\/se\/product\/kop-250mg-thc-mist-spray-10ml-ease\/#primaryimage"},"thumbnailUrl":"https:\/\/medicinasinc.com\/se\/wp-content\/uploads\/sites\/16\/2022\/02\/Buy-250mg-THC-Mist-Spray-10ml.jpg","datePublished":"2022-02-20T08:27:22+00:00","dateModified":"2022-07-04T00:36:58+00:00","description":"K\u00f6p 250mg THC Mist Spray UK 10ml till salu Europa Online. Ease Spray ger dig friheten att dosera efter behov var du \u00e4n \u00e4r, utan att oroa dig f\u00f6r stigmat traditionellt","breadcrumb":{"@id":"https:\/\/medicinasinc.com\/se\/product\/kop-250mg-thc-mist-spray-10ml-ease\/#breadcrumb"},"inLanguage":"sv-SE","potentialAction":[{"@type":"ReadAction","target":["https:\/\/medicinasinc.com\/se\/product\/kop-250mg-thc-mist-spray-10ml-ease\/"]}]},{"@type":"ImageObject","inLanguage":"sv-SE","@id":"https:\/\/medicinasinc.com\/se\/product\/kop-250mg-thc-mist-spray-10ml-ease\/#primaryimage","url":"https:\/\/medicinasinc.com\/se\/wp-content\/uploads\/sites\/16\/2022\/02\/Buy-250mg-THC-Mist-Spray-10ml.jpg","contentUrl":"https:\/\/medicinasinc.com\/se\/wp-content\/uploads\/sites\/16\/2022\/02\/Buy-250mg-THC-Mist-Spray-10ml.jpg","width":1500,"height":1500},{"@type":"BreadcrumbList","@id":"https:\/\/medicinasinc.com\/se\/product\/kop-250mg-thc-mist-spray-10ml-ease\/#breadcrumb","itemListElement":[{"@type":"ListItem","position":1,"name":"aff\u00e4r","item":"https:\/\/medicinasinc.com\/se\/affar\/"},{"@type":"ListItem","position":2,"name":"K\u00f6p 250mg THC Mist Spray 10ml \u2013 Ease"}]},{"@type":"WebSite","@id":"https:\/\/medicinasinc.com\/se\/#website","url":"https:\/\/medicinasinc.com\/se\/","name":"Medicinas Inc","description":"Health Medical Clinic","potentialAction":[{"@type":"SearchAction","target":{"@type":"EntryPoint","urlTemplate":"https:\/\/medicinasinc.com\/se\/?s={search_term_string}"},"query-input":{"@type":"PropertyValueSpecification","valueRequired":true,"valueName":"search_term_string"}}],"inLanguage":"sv-SE"}]}},"_links":{"self":[{"href":"https:\/\/medicinasinc.com\/se\/wp-json\/wp\/v2\/product\/4338","targetHints":{"allow":["GET"]}}],"collection":[{"href":"https:\/\/medicinasinc.com\/se\/wp-json\/wp\/v2\/product"}],"about":[{"href":"https:\/\/medicinasinc.com\/se\/wp-json\/wp\/v2\/types\/product"}],"replies":[{"embeddable":true,"href":"https:\/\/medicinasinc.com\/se\/wp-json\/wp\/v2\/comments?post=4338"}],"wp:featuredmedia":[{"embeddable":true,"href":"https:\/\/medicinasinc.com\/se\/wp-json\/wp\/v2\/media\/4371"}],"wp:attachment":[{"href":"https:\/\/medicinasinc.com\/se\/wp-json\/wp\/v2\/media?parent=4338"}],"wp:term":[{"taxonomy":"product_brand","embeddable":true,"href":"https:\/\/medicinasinc.com\/se\/wp-json\/wp\/v2\/product_brand?post=4338"},{"taxonomy":"product_cat","embeddable":true,"href":"https:\/\/medicinasinc.com\/se\/wp-json\/wp\/v2\/product_cat?post=4338"},{"taxonomy":"product_tag","embeddable":true,"href":"https:\/\/medicinasinc.com\/se\/wp-json\/wp\/v2\/product_tag?post=4338"}],"curies":[{"name":"wp","href":"https:\/\/api.w.org\/{rel}","templated":true}]}}