{"id":4333,"date":"2022-02-20T08:26:46","date_gmt":"2022-02-20T08:26:46","guid":{"rendered":"https:\/\/medicinasinc.com\/se\/?post_type=product&#038;p=4333"},"modified":"2022-07-04T00:37:07","modified_gmt":"2022-07-04T00:37:07","slug":"kop-100mg-thc-hampa-fro-olja-kapslar","status":"publish","type":"product","link":"https:\/\/medicinasinc.com\/se\/product\/kop-100mg-thc-hampa-fro-olja-kapslar\/","title":{"rendered":"K\u00f6p 100mg THC hampfr\u00f6oljekapslar"},"content":{"rendered":"<p>K\u00f6p hampfr\u00f6oljekapslar 100 mg THC<\/p>\n<p>F\u00f6r att skilja dessa kapslar fr\u00e5n de allm\u00e4nt tillg\u00e4ngliga men s\u00e4mre THC-pulverkapslarna inneh\u00e5ller varje kapsel 100 mg THC hampfr\u00f6olja.<\/p>\n<p>S\u00e5lt i trepack<\/p>\n<p>V\u00e5ra THC-oljekapslar kommer fr\u00e5n hela Cannabisv\u00e4xten och \u00e4r exceptionellt h\u00f6ga i terpener. Dessa kapslar inneh\u00e5ller den renaste THC och hampfr\u00f6olja som finns. Hampafr\u00f6olja inneh\u00e5ller ett f\u00f6rh\u00e5llande p\u00e5 3:1 av omega 6 till omega 3 fettsyror, vilket uppfyller de optimala kraven f\u00f6r l\u00e5ngsiktig h\u00e4lsa. Varje sats av THC-olja \u00e4r laboratorietestad f\u00f6r att s\u00e4kerst\u00e4lla dess renhet och s\u00e4kerhet.<\/p>\n","protected":false},"excerpt":{"rendered":"<p>K\u00f6p 100mg THC hampfr\u00f6oljekapslar till salu \u00e4r formulerade fr\u00e5n hela cannabisv\u00e4xten och \u00e4r rika p\u00e5 terpener. Dessa kapslar inneh\u00e5ller THC och hampfr\u00f6olja av h\u00f6gsta kvalitet.<\/p>\n<ul>\n<li>V\u00e4rldsomfattande frakt<\/li>\n<li>Varje kapsel inneh\u00e5ller 100 mg THC.<\/li>\n<li>Varje flaska inneh\u00e5ller 3 kapslar.<\/li>\n<li>Minsta best\u00e4llningskvantitet \u00e4r 5<strong><em>\u00a0flaskor<\/em><\/strong><\/li>\n<li>Kontakta oss f\u00f6r st\u00f6rre best\u00e4llningar<\/li>\n<\/ul>\n","protected":false},"featured_media":4365,"comment_status":"open","ping_status":"closed","template":"","meta":[],"product_brand":[],"product_cat":[440],"product_tag":[],"class_list":{"0":"post-4333","1":"product","2":"type-product","3":"status-publish","4":"has-post-thumbnail","6":"product_cat-kop-cannabis-cbd-olja","8":"first","9":"instock","10":"shipping-taxable","11":"purchasable","12":"product-type-variable","13":"has-default-attributes"},"yoast_head":"<!-- This site is optimized with the Yoast SEO plugin v27.3 - https:\/\/yoast.com\/product\/yoast-seo-wordpress\/ -->\n<title>K\u00f6p 100mg THC hampfr\u00f6oljekapslar - b\u00e4sta globala medicin<\/title>\n<meta name=\"description\" content=\"K\u00f6p 100mg THC hampfr\u00f6oljekapslar till salu \u00e4r formulerade fr\u00e5n hela Cannabisv\u00e4xten och \u00e4r rika p\u00e5 terpener. Dessa kapslar inneh\u00e5ller h\u00f6gsta kvalitet THC och hampfr\u00f6olja.\" \/>\n<meta name=\"robots\" content=\"index, follow, max-snippet:-1, max-image-preview:large, max-video-preview:-1\" \/>\n<link rel=\"canonical\" href=\"https:\/\/medicinasinc.com\/se\/product\/kop-100mg-thc-hampa-fro-olja-kapslar\/\" \/>\n<meta property=\"og:locale\" content=\"sv_SE\" \/>\n<meta property=\"og:type\" content=\"article\" \/>\n<meta property=\"og:title\" content=\"K\u00f6p 100mg THC hampfr\u00f6oljekapslar - b\u00e4sta globala medicin\" \/>\n<meta property=\"og:description\" content=\"K\u00f6p 100mg THC hampfr\u00f6oljekapslar till salu \u00e4r formulerade fr\u00e5n hela Cannabisv\u00e4xten och \u00e4r rika p\u00e5 terpener. Dessa kapslar inneh\u00e5ller h\u00f6gsta kvalitet THC och hampfr\u00f6olja.\" \/>\n<meta property=\"og:url\" content=\"https:\/\/medicinasinc.com\/se\/product\/kop-100mg-thc-hampa-fro-olja-kapslar\/\" \/>\n<meta property=\"og:site_name\" content=\"Medicinas Inc\" \/>\n<meta property=\"article:modified_time\" content=\"2022-07-04T00:37:07+00:00\" \/>\n<meta property=\"og:image\" content=\"https:\/\/medicinasinc.com\/se\/wp-content\/uploads\/sites\/16\/2022\/02\/Buy-100mg-THC-Hemp-Seed-Oil-Capsules-2.jpg\" \/>\n\t<meta property=\"og:image:width\" content=\"344\" \/>\n\t<meta property=\"og:image:height\" content=\"400\" \/>\n\t<meta property=\"og:image:type\" content=\"image\/jpeg\" \/>\n<meta name=\"twitter:card\" content=\"summary_large_image\" \/>\n<meta name=\"twitter:label1\" content=\"Ber\u00e4knad l\u00e4stid\" \/>\n\t<meta name=\"twitter:data1\" content=\"1 minut\" \/>\n<script type=\"application\/ld+json\" class=\"yoast-schema-graph\">{\"@context\":\"https:\\\/\\\/schema.org\",\"@graph\":[{\"@type\":\"WebPage\",\"@id\":\"https:\\\/\\\/medicinasinc.com\\\/se\\\/product\\\/kop-100mg-thc-hampa-fro-olja-kapslar\\\/\",\"url\":\"https:\\\/\\\/medicinasinc.com\\\/se\\\/product\\\/kop-100mg-thc-hampa-fro-olja-kapslar\\\/\",\"name\":\"K\u00f6p 100mg THC hampfr\u00f6oljekapslar - b\u00e4sta globala medicin\",\"isPartOf\":{\"@id\":\"https:\\\/\\\/medicinasinc.com\\\/se\\\/#website\"},\"primaryImageOfPage\":{\"@id\":\"https:\\\/\\\/medicinasinc.com\\\/se\\\/product\\\/kop-100mg-thc-hampa-fro-olja-kapslar\\\/#primaryimage\"},\"image\":{\"@id\":\"https:\\\/\\\/medicinasinc.com\\\/se\\\/product\\\/kop-100mg-thc-hampa-fro-olja-kapslar\\\/#primaryimage\"},\"thumbnailUrl\":\"https:\\\/\\\/medicinasinc.com\\\/se\\\/wp-content\\\/uploads\\\/sites\\\/16\\\/2022\\\/02\\\/Buy-100mg-THC-Hemp-Seed-Oil-Capsules-2.jpg\",\"datePublished\":\"2022-02-20T08:26:46+00:00\",\"dateModified\":\"2022-07-04T00:37:07+00:00\",\"description\":\"K\u00f6p 100mg THC hampfr\u00f6oljekapslar till salu \u00e4r formulerade fr\u00e5n hela Cannabisv\u00e4xten och \u00e4r rika p\u00e5 terpener. Dessa kapslar inneh\u00e5ller h\u00f6gsta kvalitet THC och hampfr\u00f6olja.\",\"breadcrumb\":{\"@id\":\"https:\\\/\\\/medicinasinc.com\\\/se\\\/product\\\/kop-100mg-thc-hampa-fro-olja-kapslar\\\/#breadcrumb\"},\"inLanguage\":\"sv-SE\",\"potentialAction\":[{\"@type\":\"ReadAction\",\"target\":[\"https:\\\/\\\/medicinasinc.com\\\/se\\\/product\\\/kop-100mg-thc-hampa-fro-olja-kapslar\\\/\"]}]},{\"@type\":\"ImageObject\",\"inLanguage\":\"sv-SE\",\"@id\":\"https:\\\/\\\/medicinasinc.com\\\/se\\\/product\\\/kop-100mg-thc-hampa-fro-olja-kapslar\\\/#primaryimage\",\"url\":\"https:\\\/\\\/medicinasinc.com\\\/se\\\/wp-content\\\/uploads\\\/sites\\\/16\\\/2022\\\/02\\\/Buy-100mg-THC-Hemp-Seed-Oil-Capsules-2.jpg\",\"contentUrl\":\"https:\\\/\\\/medicinasinc.com\\\/se\\\/wp-content\\\/uploads\\\/sites\\\/16\\\/2022\\\/02\\\/Buy-100mg-THC-Hemp-Seed-Oil-Capsules-2.jpg\",\"width\":344,\"height\":400},{\"@type\":\"BreadcrumbList\",\"@id\":\"https:\\\/\\\/medicinasinc.com\\\/se\\\/product\\\/kop-100mg-thc-hampa-fro-olja-kapslar\\\/#breadcrumb\",\"itemListElement\":[{\"@type\":\"ListItem\",\"position\":1,\"name\":\"aff\u00e4r\",\"item\":\"https:\\\/\\\/medicinasinc.com\\\/se\\\/affar\\\/\"},{\"@type\":\"ListItem\",\"position\":2,\"name\":\"K\u00f6p 100mg THC hampfr\u00f6oljekapslar\"}]},{\"@type\":\"WebSite\",\"@id\":\"https:\\\/\\\/medicinasinc.com\\\/se\\\/#website\",\"url\":\"https:\\\/\\\/medicinasinc.com\\\/se\\\/\",\"name\":\"Medicinas Inc\",\"description\":\"Health Medical Clinic\",\"potentialAction\":[{\"@type\":\"SearchAction\",\"target\":{\"@type\":\"EntryPoint\",\"urlTemplate\":\"https:\\\/\\\/medicinasinc.com\\\/se\\\/?s={search_term_string}\"},\"query-input\":{\"@type\":\"PropertyValueSpecification\",\"valueRequired\":true,\"valueName\":\"search_term_string\"}}],\"inLanguage\":\"sv-SE\"}]}<\/script>\n<!-- \/ Yoast SEO plugin. -->","yoast_head_json":{"title":"K\u00f6p 100mg THC hampfr\u00f6oljekapslar - b\u00e4sta globala medicin","description":"K\u00f6p 100mg THC hampfr\u00f6oljekapslar till salu \u00e4r formulerade fr\u00e5n hela Cannabisv\u00e4xten och \u00e4r rika p\u00e5 terpener. Dessa kapslar inneh\u00e5ller h\u00f6gsta kvalitet THC och hampfr\u00f6olja.","robots":{"index":"index","follow":"follow","max-snippet":"max-snippet:-1","max-image-preview":"max-image-preview:large","max-video-preview":"max-video-preview:-1"},"canonical":"https:\/\/medicinasinc.com\/se\/product\/kop-100mg-thc-hampa-fro-olja-kapslar\/","og_locale":"sv_SE","og_type":"article","og_title":"K\u00f6p 100mg THC hampfr\u00f6oljekapslar - b\u00e4sta globala medicin","og_description":"K\u00f6p 100mg THC hampfr\u00f6oljekapslar till salu \u00e4r formulerade fr\u00e5n hela Cannabisv\u00e4xten och \u00e4r rika p\u00e5 terpener. Dessa kapslar inneh\u00e5ller h\u00f6gsta kvalitet THC och hampfr\u00f6olja.","og_url":"https:\/\/medicinasinc.com\/se\/product\/kop-100mg-thc-hampa-fro-olja-kapslar\/","og_site_name":"Medicinas Inc","article_modified_time":"2022-07-04T00:37:07+00:00","og_image":[{"width":344,"height":400,"url":"https:\/\/medicinasinc.com\/se\/wp-content\/uploads\/sites\/16\/2022\/02\/Buy-100mg-THC-Hemp-Seed-Oil-Capsules-2.jpg","type":"image\/jpeg"}],"twitter_card":"summary_large_image","twitter_misc":{"Ber\u00e4knad l\u00e4stid":"1 minut"},"schema":{"@context":"https:\/\/schema.org","@graph":[{"@type":"WebPage","@id":"https:\/\/medicinasinc.com\/se\/product\/kop-100mg-thc-hampa-fro-olja-kapslar\/","url":"https:\/\/medicinasinc.com\/se\/product\/kop-100mg-thc-hampa-fro-olja-kapslar\/","name":"K\u00f6p 100mg THC hampfr\u00f6oljekapslar - b\u00e4sta globala medicin","isPartOf":{"@id":"https:\/\/medicinasinc.com\/se\/#website"},"primaryImageOfPage":{"@id":"https:\/\/medicinasinc.com\/se\/product\/kop-100mg-thc-hampa-fro-olja-kapslar\/#primaryimage"},"image":{"@id":"https:\/\/medicinasinc.com\/se\/product\/kop-100mg-thc-hampa-fro-olja-kapslar\/#primaryimage"},"thumbnailUrl":"https:\/\/medicinasinc.com\/se\/wp-content\/uploads\/sites\/16\/2022\/02\/Buy-100mg-THC-Hemp-Seed-Oil-Capsules-2.jpg","datePublished":"2022-02-20T08:26:46+00:00","dateModified":"2022-07-04T00:37:07+00:00","description":"K\u00f6p 100mg THC hampfr\u00f6oljekapslar till salu \u00e4r formulerade fr\u00e5n hela Cannabisv\u00e4xten och \u00e4r rika p\u00e5 terpener. Dessa kapslar inneh\u00e5ller h\u00f6gsta kvalitet THC och hampfr\u00f6olja.","breadcrumb":{"@id":"https:\/\/medicinasinc.com\/se\/product\/kop-100mg-thc-hampa-fro-olja-kapslar\/#breadcrumb"},"inLanguage":"sv-SE","potentialAction":[{"@type":"ReadAction","target":["https:\/\/medicinasinc.com\/se\/product\/kop-100mg-thc-hampa-fro-olja-kapslar\/"]}]},{"@type":"ImageObject","inLanguage":"sv-SE","@id":"https:\/\/medicinasinc.com\/se\/product\/kop-100mg-thc-hampa-fro-olja-kapslar\/#primaryimage","url":"https:\/\/medicinasinc.com\/se\/wp-content\/uploads\/sites\/16\/2022\/02\/Buy-100mg-THC-Hemp-Seed-Oil-Capsules-2.jpg","contentUrl":"https:\/\/medicinasinc.com\/se\/wp-content\/uploads\/sites\/16\/2022\/02\/Buy-100mg-THC-Hemp-Seed-Oil-Capsules-2.jpg","width":344,"height":400},{"@type":"BreadcrumbList","@id":"https:\/\/medicinasinc.com\/se\/product\/kop-100mg-thc-hampa-fro-olja-kapslar\/#breadcrumb","itemListElement":[{"@type":"ListItem","position":1,"name":"aff\u00e4r","item":"https:\/\/medicinasinc.com\/se\/affar\/"},{"@type":"ListItem","position":2,"name":"K\u00f6p 100mg THC hampfr\u00f6oljekapslar"}]},{"@type":"WebSite","@id":"https:\/\/medicinasinc.com\/se\/#website","url":"https:\/\/medicinasinc.com\/se\/","name":"Medicinas Inc","description":"Health Medical Clinic","potentialAction":[{"@type":"SearchAction","target":{"@type":"EntryPoint","urlTemplate":"https:\/\/medicinasinc.com\/se\/?s={search_term_string}"},"query-input":{"@type":"PropertyValueSpecification","valueRequired":true,"valueName":"search_term_string"}}],"inLanguage":"sv-SE"}]}},"_links":{"self":[{"href":"https:\/\/medicinasinc.com\/se\/wp-json\/wp\/v2\/product\/4333","targetHints":{"allow":["GET"]}}],"collection":[{"href":"https:\/\/medicinasinc.com\/se\/wp-json\/wp\/v2\/product"}],"about":[{"href":"https:\/\/medicinasinc.com\/se\/wp-json\/wp\/v2\/types\/product"}],"replies":[{"embeddable":true,"href":"https:\/\/medicinasinc.com\/se\/wp-json\/wp\/v2\/comments?post=4333"}],"wp:featuredmedia":[{"embeddable":true,"href":"https:\/\/medicinasinc.com\/se\/wp-json\/wp\/v2\/media\/4365"}],"wp:attachment":[{"href":"https:\/\/medicinasinc.com\/se\/wp-json\/wp\/v2\/media?parent=4333"}],"wp:term":[{"taxonomy":"product_brand","embeddable":true,"href":"https:\/\/medicinasinc.com\/se\/wp-json\/wp\/v2\/product_brand?post=4333"},{"taxonomy":"product_cat","embeddable":true,"href":"https:\/\/medicinasinc.com\/se\/wp-json\/wp\/v2\/product_cat?post=4333"},{"taxonomy":"product_tag","embeddable":true,"href":"https:\/\/medicinasinc.com\/se\/wp-json\/wp\/v2\/product_tag?post=4333"}],"curies":[{"name":"wp","href":"https:\/\/api.w.org\/{rel}","templated":true}]}}