{"id":4327,"date":"2022-02-20T08:26:03","date_gmt":"2022-02-20T08:26:03","guid":{"rendered":"https:\/\/medicinasinc.com\/se\/?post_type=product&#038;p=4327"},"modified":"2022-07-04T00:37:29","modified_gmt":"2022-07-04T00:37:29","slug":"destillat-tinktur-1000mg-thc-gron-gudinna","status":"publish","type":"product","link":"https:\/\/medicinasinc.com\/se\/product\/destillat-tinktur-1000mg-thc-gron-gudinna\/","title":{"rendered":"Destillat tinktur &#8211; 1000mg THC \u2013 Gr\u00f6n gudinna"},"content":{"rendered":"<p>Green Goddess \u2013 1000mg THC Tinktur<\/p>\n<p>Green Goddess Tinkturdroppar har flera f\u00f6rdelar j\u00e4mf\u00f6rt med andra metoder f\u00f6r att administrera medicinska cannabinoider: en 30 ml burk med l\u00e4ttanv\u00e4nd droppapplicering m\u00f6jligg\u00f6r exakt och p\u00e5litlig sublingual dosering. Munslemhinnan underl\u00e4ttar snabb och konsekvent absorption i blodomloppet. Matsm\u00e4ltningssystemet och levern \u00e4r inte involverade i bearbetningen av dessa tinkturer, eftersom de \u00e4r med oralt intagna cannabinoider som finns i \u00e4tbara varor. Diskret och idealisk f\u00f6r icke-r\u00f6kare som s\u00f6ker f\u00f6rdelarna med THC men som saknar den andningskapacitet som kr\u00e4vs f\u00f6r r\u00f6kning.<\/p>\n<p>Producerad med ett extrakt av hela cannabisv\u00e4xten. Vi har lagt till en helt naturlig C8+C10 Oil, en 100 procent organisk kokosn\u00f6tsk\u00e4lla av potenta medelkedjiga fettsyror som hj\u00e4lper kroppen och sinnet att prestera p\u00e5 sitt b\u00e4sta. Naturlig arom har lagts till.<\/p>\n<p>Ingredienser:<\/p>\n<p>MCT-olja infunderad med hela cannabisv\u00e4xtextrakt (THC)<\/p>\n<p>Anv\u00e4ndningsf\u00f6rslag<\/p>\n<p>1 -2 droppar var tredje till fj\u00e4rde timme, sl\u00e4pp under tungan och h\u00e5ll i 30 sekunder f\u00f6r maximal l\u00e4ttnad. R\u00e5dfr\u00e5ga din l\u00e4kare f\u00f6r att best\u00e4mma r\u00e4tt dosering. Att ta p\u00e5 fastande mage rekommenderas inte.<\/p>\n","protected":false},"excerpt":{"rendered":"<p>V\u00e5r premium CBD Destillate 1000mg THC Tinktur hampaolja har 1000 mg CBD extraherad fr\u00e5n Colorado-odlad organisk hampa. Ta denna tinktur dagligen f\u00f6r v\u00e4lbefinnande som drivs av v\u00e4xter!<\/p>\n<ul>\n<li>V\u00e4rldsomsp\u00e4nnande frakt<\/li>\n<li>1000mg THC per 30mL<\/li>\n<li>Minsta best\u00e4llningskvantitet \u00e4r 5<\/li>\n<li>Kontakta oss f\u00f6r st\u00f6rre best\u00e4llningar<\/li>\n<\/ul>\n","protected":false},"featured_media":4357,"comment_status":"open","ping_status":"closed","template":"","meta":[],"product_brand":[],"product_cat":[440],"product_tag":[],"class_list":{"0":"post-4327","1":"product","2":"type-product","3":"status-publish","4":"has-post-thumbnail","6":"product_cat-kop-cannabis-cbd-olja","8":"first","9":"instock","10":"shipping-taxable","11":"purchasable","12":"product-type-variable","13":"has-default-attributes"},"yoast_head":"<!-- This site is optimized with the Yoast SEO plugin v27.3 - https:\/\/yoast.com\/product\/yoast-seo-wordpress\/ -->\n<title>Destillat 1000mg THC tinktur \u2013 gr\u00f6n gudinna \u2013 b\u00e4sta globala medicin<\/title>\n<meta name=\"description\" content=\"V\u00e5r premium CBD Destillate 1000mg THC Tinktur hampaolja har 1000 mg CBD extraherad fr\u00e5n Colorado-odlad organisk hampa. Ta denna tinktur dagligen f\u00f6r v\u00e4lbefinnande som drivs av v\u00e4xter!\" \/>\n<meta name=\"robots\" content=\"index, follow, max-snippet:-1, max-image-preview:large, max-video-preview:-1\" \/>\n<link rel=\"canonical\" href=\"https:\/\/medicinasinc.com\/se\/product\/destillat-tinktur-1000mg-thc-gron-gudinna\/\" \/>\n<meta property=\"og:locale\" content=\"sv_SE\" \/>\n<meta property=\"og:type\" content=\"article\" \/>\n<meta property=\"og:title\" content=\"Destillat 1000mg THC tinktur \u2013 gr\u00f6n gudinna \u2013 b\u00e4sta globala medicin\" \/>\n<meta property=\"og:description\" content=\"V\u00e5r premium CBD Destillate 1000mg THC Tinktur hampaolja har 1000 mg CBD extraherad fr\u00e5n Colorado-odlad organisk hampa. Ta denna tinktur dagligen f\u00f6r v\u00e4lbefinnande som drivs av v\u00e4xter!\" \/>\n<meta property=\"og:url\" content=\"https:\/\/medicinasinc.com\/se\/product\/destillat-tinktur-1000mg-thc-gron-gudinna\/\" \/>\n<meta property=\"og:site_name\" content=\"Medicinas Inc\" \/>\n<meta property=\"article:modified_time\" content=\"2022-07-04T00:37:29+00:00\" \/>\n<meta property=\"og:image\" content=\"https:\/\/medicinasinc.com\/se\/wp-content\/uploads\/sites\/16\/2022\/02\/1000mg-THC-Tincture.jpg\" \/>\n\t<meta property=\"og:image:width\" content=\"600\" \/>\n\t<meta property=\"og:image:height\" content=\"600\" \/>\n\t<meta property=\"og:image:type\" content=\"image\/jpeg\" \/>\n<meta name=\"twitter:card\" content=\"summary_large_image\" \/>\n<meta name=\"twitter:label1\" content=\"Ber\u00e4knad l\u00e4stid\" \/>\n\t<meta name=\"twitter:data1\" content=\"1 minut\" \/>\n<script type=\"application\/ld+json\" class=\"yoast-schema-graph\">{\"@context\":\"https:\\\/\\\/schema.org\",\"@graph\":[{\"@type\":\"WebPage\",\"@id\":\"https:\\\/\\\/medicinasinc.com\\\/se\\\/product\\\/destillat-tinktur-1000mg-thc-gron-gudinna\\\/\",\"url\":\"https:\\\/\\\/medicinasinc.com\\\/se\\\/product\\\/destillat-tinktur-1000mg-thc-gron-gudinna\\\/\",\"name\":\"Destillat 1000mg THC tinktur \u2013 gr\u00f6n gudinna \u2013 b\u00e4sta globala medicin\",\"isPartOf\":{\"@id\":\"https:\\\/\\\/medicinasinc.com\\\/se\\\/#website\"},\"primaryImageOfPage\":{\"@id\":\"https:\\\/\\\/medicinasinc.com\\\/se\\\/product\\\/destillat-tinktur-1000mg-thc-gron-gudinna\\\/#primaryimage\"},\"image\":{\"@id\":\"https:\\\/\\\/medicinasinc.com\\\/se\\\/product\\\/destillat-tinktur-1000mg-thc-gron-gudinna\\\/#primaryimage\"},\"thumbnailUrl\":\"https:\\\/\\\/medicinasinc.com\\\/se\\\/wp-content\\\/uploads\\\/sites\\\/16\\\/2022\\\/02\\\/1000mg-THC-Tincture.jpg\",\"datePublished\":\"2022-02-20T08:26:03+00:00\",\"dateModified\":\"2022-07-04T00:37:29+00:00\",\"description\":\"V\u00e5r premium CBD Destillate 1000mg THC Tinktur hampaolja har 1000 mg CBD extraherad fr\u00e5n Colorado-odlad organisk hampa. Ta denna tinktur dagligen f\u00f6r v\u00e4lbefinnande som drivs av v\u00e4xter!\",\"breadcrumb\":{\"@id\":\"https:\\\/\\\/medicinasinc.com\\\/se\\\/product\\\/destillat-tinktur-1000mg-thc-gron-gudinna\\\/#breadcrumb\"},\"inLanguage\":\"sv-SE\",\"potentialAction\":[{\"@type\":\"ReadAction\",\"target\":[\"https:\\\/\\\/medicinasinc.com\\\/se\\\/product\\\/destillat-tinktur-1000mg-thc-gron-gudinna\\\/\"]}]},{\"@type\":\"ImageObject\",\"inLanguage\":\"sv-SE\",\"@id\":\"https:\\\/\\\/medicinasinc.com\\\/se\\\/product\\\/destillat-tinktur-1000mg-thc-gron-gudinna\\\/#primaryimage\",\"url\":\"https:\\\/\\\/medicinasinc.com\\\/se\\\/wp-content\\\/uploads\\\/sites\\\/16\\\/2022\\\/02\\\/1000mg-THC-Tincture.jpg\",\"contentUrl\":\"https:\\\/\\\/medicinasinc.com\\\/se\\\/wp-content\\\/uploads\\\/sites\\\/16\\\/2022\\\/02\\\/1000mg-THC-Tincture.jpg\",\"width\":600,\"height\":600},{\"@type\":\"BreadcrumbList\",\"@id\":\"https:\\\/\\\/medicinasinc.com\\\/se\\\/product\\\/destillat-tinktur-1000mg-thc-gron-gudinna\\\/#breadcrumb\",\"itemListElement\":[{\"@type\":\"ListItem\",\"position\":1,\"name\":\"aff\u00e4r\",\"item\":\"https:\\\/\\\/medicinasinc.com\\\/se\\\/affar\\\/\"},{\"@type\":\"ListItem\",\"position\":2,\"name\":\"Destillat tinktur &#8211; 1000mg THC \u2013 Gr\u00f6n gudinna\"}]},{\"@type\":\"WebSite\",\"@id\":\"https:\\\/\\\/medicinasinc.com\\\/se\\\/#website\",\"url\":\"https:\\\/\\\/medicinasinc.com\\\/se\\\/\",\"name\":\"Medicinas Inc\",\"description\":\"Health Medical Clinic\",\"potentialAction\":[{\"@type\":\"SearchAction\",\"target\":{\"@type\":\"EntryPoint\",\"urlTemplate\":\"https:\\\/\\\/medicinasinc.com\\\/se\\\/?s={search_term_string}\"},\"query-input\":{\"@type\":\"PropertyValueSpecification\",\"valueRequired\":true,\"valueName\":\"search_term_string\"}}],\"inLanguage\":\"sv-SE\"}]}<\/script>\n<!-- \/ Yoast SEO plugin. -->","yoast_head_json":{"title":"Destillat 1000mg THC tinktur \u2013 gr\u00f6n gudinna \u2013 b\u00e4sta globala medicin","description":"V\u00e5r premium CBD Destillate 1000mg THC Tinktur hampaolja har 1000 mg CBD extraherad fr\u00e5n Colorado-odlad organisk hampa. Ta denna tinktur dagligen f\u00f6r v\u00e4lbefinnande som drivs av v\u00e4xter!","robots":{"index":"index","follow":"follow","max-snippet":"max-snippet:-1","max-image-preview":"max-image-preview:large","max-video-preview":"max-video-preview:-1"},"canonical":"https:\/\/medicinasinc.com\/se\/product\/destillat-tinktur-1000mg-thc-gron-gudinna\/","og_locale":"sv_SE","og_type":"article","og_title":"Destillat 1000mg THC tinktur \u2013 gr\u00f6n gudinna \u2013 b\u00e4sta globala medicin","og_description":"V\u00e5r premium CBD Destillate 1000mg THC Tinktur hampaolja har 1000 mg CBD extraherad fr\u00e5n Colorado-odlad organisk hampa. Ta denna tinktur dagligen f\u00f6r v\u00e4lbefinnande som drivs av v\u00e4xter!","og_url":"https:\/\/medicinasinc.com\/se\/product\/destillat-tinktur-1000mg-thc-gron-gudinna\/","og_site_name":"Medicinas Inc","article_modified_time":"2022-07-04T00:37:29+00:00","og_image":[{"width":600,"height":600,"url":"https:\/\/medicinasinc.com\/se\/wp-content\/uploads\/sites\/16\/2022\/02\/1000mg-THC-Tincture.jpg","type":"image\/jpeg"}],"twitter_card":"summary_large_image","twitter_misc":{"Ber\u00e4knad l\u00e4stid":"1 minut"},"schema":{"@context":"https:\/\/schema.org","@graph":[{"@type":"WebPage","@id":"https:\/\/medicinasinc.com\/se\/product\/destillat-tinktur-1000mg-thc-gron-gudinna\/","url":"https:\/\/medicinasinc.com\/se\/product\/destillat-tinktur-1000mg-thc-gron-gudinna\/","name":"Destillat 1000mg THC tinktur \u2013 gr\u00f6n gudinna \u2013 b\u00e4sta globala medicin","isPartOf":{"@id":"https:\/\/medicinasinc.com\/se\/#website"},"primaryImageOfPage":{"@id":"https:\/\/medicinasinc.com\/se\/product\/destillat-tinktur-1000mg-thc-gron-gudinna\/#primaryimage"},"image":{"@id":"https:\/\/medicinasinc.com\/se\/product\/destillat-tinktur-1000mg-thc-gron-gudinna\/#primaryimage"},"thumbnailUrl":"https:\/\/medicinasinc.com\/se\/wp-content\/uploads\/sites\/16\/2022\/02\/1000mg-THC-Tincture.jpg","datePublished":"2022-02-20T08:26:03+00:00","dateModified":"2022-07-04T00:37:29+00:00","description":"V\u00e5r premium CBD Destillate 1000mg THC Tinktur hampaolja har 1000 mg CBD extraherad fr\u00e5n Colorado-odlad organisk hampa. Ta denna tinktur dagligen f\u00f6r v\u00e4lbefinnande som drivs av v\u00e4xter!","breadcrumb":{"@id":"https:\/\/medicinasinc.com\/se\/product\/destillat-tinktur-1000mg-thc-gron-gudinna\/#breadcrumb"},"inLanguage":"sv-SE","potentialAction":[{"@type":"ReadAction","target":["https:\/\/medicinasinc.com\/se\/product\/destillat-tinktur-1000mg-thc-gron-gudinna\/"]}]},{"@type":"ImageObject","inLanguage":"sv-SE","@id":"https:\/\/medicinasinc.com\/se\/product\/destillat-tinktur-1000mg-thc-gron-gudinna\/#primaryimage","url":"https:\/\/medicinasinc.com\/se\/wp-content\/uploads\/sites\/16\/2022\/02\/1000mg-THC-Tincture.jpg","contentUrl":"https:\/\/medicinasinc.com\/se\/wp-content\/uploads\/sites\/16\/2022\/02\/1000mg-THC-Tincture.jpg","width":600,"height":600},{"@type":"BreadcrumbList","@id":"https:\/\/medicinasinc.com\/se\/product\/destillat-tinktur-1000mg-thc-gron-gudinna\/#breadcrumb","itemListElement":[{"@type":"ListItem","position":1,"name":"aff\u00e4r","item":"https:\/\/medicinasinc.com\/se\/affar\/"},{"@type":"ListItem","position":2,"name":"Destillat tinktur &#8211; 1000mg THC \u2013 Gr\u00f6n gudinna"}]},{"@type":"WebSite","@id":"https:\/\/medicinasinc.com\/se\/#website","url":"https:\/\/medicinasinc.com\/se\/","name":"Medicinas Inc","description":"Health Medical Clinic","potentialAction":[{"@type":"SearchAction","target":{"@type":"EntryPoint","urlTemplate":"https:\/\/medicinasinc.com\/se\/?s={search_term_string}"},"query-input":{"@type":"PropertyValueSpecification","valueRequired":true,"valueName":"search_term_string"}}],"inLanguage":"sv-SE"}]}},"_links":{"self":[{"href":"https:\/\/medicinasinc.com\/se\/wp-json\/wp\/v2\/product\/4327","targetHints":{"allow":["GET"]}}],"collection":[{"href":"https:\/\/medicinasinc.com\/se\/wp-json\/wp\/v2\/product"}],"about":[{"href":"https:\/\/medicinasinc.com\/se\/wp-json\/wp\/v2\/types\/product"}],"replies":[{"embeddable":true,"href":"https:\/\/medicinasinc.com\/se\/wp-json\/wp\/v2\/comments?post=4327"}],"wp:featuredmedia":[{"embeddable":true,"href":"https:\/\/medicinasinc.com\/se\/wp-json\/wp\/v2\/media\/4357"}],"wp:attachment":[{"href":"https:\/\/medicinasinc.com\/se\/wp-json\/wp\/v2\/media?parent=4327"}],"wp:term":[{"taxonomy":"product_brand","embeddable":true,"href":"https:\/\/medicinasinc.com\/se\/wp-json\/wp\/v2\/product_brand?post=4327"},{"taxonomy":"product_cat","embeddable":true,"href":"https:\/\/medicinasinc.com\/se\/wp-json\/wp\/v2\/product_cat?post=4327"},{"taxonomy":"product_tag","embeddable":true,"href":"https:\/\/medicinasinc.com\/se\/wp-json\/wp\/v2\/product_tag?post=4327"}],"curies":[{"name":"wp","href":"https:\/\/api.w.org\/{rel}","templated":true}]}}