{"id":5917,"date":"2022-02-22T08:19:52","date_gmt":"2022-02-22T08:19:52","guid":{"rendered":"https:\/\/medicinasinc.com\/ro\/?post_type=product&#038;p=5917"},"modified":"2022-03-22T00:44:44","modified_gmt":"2022-03-22T00:44:44","slug":"cumpara-nm-2201","status":"publish","type":"product","link":"https:\/\/medicinasinc.com\/ro\/product\/cumpara-nm-2201\/","title":{"rendered":"Cump\u0103ra\u021bi NM-2201"},"content":{"rendered":"<p>Este un canabinoid sintetic pe baz\u0103 de indol numit CBL-2201. Probabil are acelea\u0219i propriet\u0103\u021bi ca \u0219i 5F-PB-22 \u0219i NNE1, care sunt ambii agonisti completi \u0219i se leag\u0103 de receptorii CB1 \u0219i CB2 cu afinitate nanomolar\u0103 sc\u0103zut\u0103.<\/p>\n<p>Cump\u0103ra\u021bi NM-2201 online este un loc bun pentru cump\u0103ra\u021bi produse chimice de cercetare. Pute\u021bi cump\u0103ra NM-2201 online de la un furnizor de \u00eencredere la un pre\u021b redus. Globalhomemed.com este locul unde pute\u021bi cump\u0103ra. Este sigur s\u0103 trimite\u021bi NM-2201 din Europa \u00een Statele Unite \u0219i \u00een alte locuri.<\/p>\n<p>Acesta este un canabinoid sintetic numit NM-2201. Are o mul\u021bime de acelea\u0219i propriet\u0103\u021bi ca \u0219i rudele sale apropiate, 5F-PB-22 \u0219i NNE1, care sunt agoni\u0219ti completi \u0219i se leag\u0103 de receptorii CB1 \u0219i CB2 cu afinitate nanomolar\u0103 sc\u0103zut\u0103.<\/p>\n<p>Numai pentru cercetare. Nu poate fi folosit pentru nimic altceva, cum ar fi diagnosticare in vivo, alimente, medicamente, dispozitive medicale \u0219i produse cosmetice pentru oameni \u0219i\/sau animale \u0219i nu poate fi folosit pe oameni sau animale.<\/p>\n<p>5F. -PB-22 \u0219i NNE1 sunt ambele canabinoizi sintetici pe baz\u0103 de indol. Ambii sunt agoni\u015fti completi \u015fi se leag\u0103 de receptorii CB1 \u015fi CB2 cu afinitate nanomolar\u0103 sc\u0103zut\u0103.<\/p>\n<p>1. Ester N-naftalen-1-il al acidului 1-(5-fluor-pentil)-1 H, 3-carboxilic Ester N-naftalen-1-il Ester N-naftalen-1-il Ester N-naftalen-1-1-il NM-2201 are formula chimic\u0103 C24H22FNO2 \u0219i c\u00e2nt\u0103re\u0219te 375,16 grame. Este \u00eenc\u0103 foarte devreme \u00een procesul de studiu al NM-2201. Nu exist\u0103 \u00eenc\u0103 suficiente date pentru a ar\u0103ta ce poate face. Cu toate acestea, este acela\u0219i cu AM-2201. Aceasta \u00eenseamn\u0103 c\u0103 caracteristicile sunt acelea\u0219i.<\/p>\n<p>Acesta este un canabinoid sintetic numit NM-2201. Are o mul\u021bime de acelea\u0219i propriet\u0103\u021bi ca \u0219i rudele sale apropiate, 5F-PB-22 \u0219i NNE1, care sunt agoni\u0219ti completi \u0219i se leag\u0103 de receptorii CB1 \u0219i CB2 cu afinitate nanomolar\u0103 sc\u0103zut\u0103.<\/p>\n<p>Numai pentru cercetare. Nu poate fi folosit pentru nimic altceva, cum ar fi diagnosticare in vivo, alimente, medicamente, dispozitive medicale \u0219i produse cosmetice pentru oameni \u0219i\/sau animale \u0219i nu poate fi folosit pe oameni sau animale.<\/p>\n<p>5F. -PB-22 \u0219i NNE1 sunt ambele canabinoizi sintetici pe baz\u0103 de indol. Ambii sunt agoni\u015fti completi \u015fi se leag\u0103 de receptorii CB1 \u015fi CB2 cu afinitate nanomolar\u0103 sc\u0103zut\u0103.<\/p>\n<p>1. Ester N-naftalen-1-il al acidului 1-(5-fluor-pentil)-1 H, 3-carboxilic Ester N-naftalen-1-il Ester N-naftalen-1-il Ester N-naftalen-1-1-il NM-2201 are formula chimic\u0103 C24H22FNO2 \u0219i c\u00e2nt\u0103re\u0219te 375,16 grame. Este \u00eenc\u0103 foarte devreme \u00een procesul de studiu al NM-2201. Nu exist\u0103 \u00eenc\u0103 suficiente date pentru a ar\u0103ta ce poate face. Cu toate acestea, este acela\u0219i cu AM-2201. Aceasta \u00eenseamn\u0103 c\u0103 caracteristicile sunt acelea\u0219i.<\/p>\n","protected":false},"excerpt":{"rendered":"<p><b>Cump\u0103ra\u021bi NM-2201 <\/b>de v\u00e2nzare Europa, Regatul Unit (cunoscut \u0219i ca\u00a0<b>CBL-2201<\/b>) este un\u00a0<a class=\"mw-redirect\" title=\"\u00a0pe\" href=\"https:\/\/en.wikipedia.org\/wiki\/Synthetic_cannabinoid\">canabinoid sintetic<\/a>\u00a0care are, probabil, propriet\u0103\u021bi similare cu\u00a05F-PB-22\u00a0\u0219i\u00a0NNE1, care sunt ambele\u00a0agoni\u0219ti completi \u0219i\u00a0se leag\u0103\u00a0neselectiv la\u00a0receptorii\u00a0CB<sub>1<\/sub>\u00a0\u0219i\u00a0CB<sub>2<\/sub> cu afinitate nanomolar\u0103 sc\u0103zut\u0103, disponibil \u00een comer\u021b cu ridicata<\/p>\n","protected":false},"featured_media":5938,"comment_status":"open","ping_status":"closed","template":"","meta":[],"product_brand":[],"product_cat":[2596],"product_tag":[4093,4094,4092,4090,4095,4091],"class_list":{"0":"post-5917","1":"product","2":"type-product","3":"status-publish","4":"has-post-thumbnail","6":"product_cat-canabinoizi-de-vnzare","7":"product_tag-cumprare-nm2201-online","8":"product_tag-cel-mai-bun-loc-pentru-a-cumpra-nm2201-online","9":"product_tag-comanda-nm2201-online","10":"product_tag-cumpr-nm2201-online","11":"product_tag-unde-s-cumprm-nm2201-online","12":"product_tag-nm2201-de-vnzare","14":"first","15":"instock","16":"featured","17":"shipping-taxable","18":"purchasable","19":"product-type-variable"},"yoast_head":"<!-- This site is optimized with the Yoast SEO plugin v27.3 - https:\/\/yoast.com\/product\/yoast-seo-wordpress\/ -->\n<title>Cump\u0103ra\u021bi NM-2201\u00a0- CBL-2201 - Cele mai bune medicamente globale<\/title>\n<meta name=\"description\" content=\"Cump\u0103ra\u021bi NM-2201 de v\u00e2nzare Europa, Regatul Unit (cunoscut \u0219i ca\u00a0CBL-2201) este un canabinoid sintetic pe baz\u0103 de indol, care probabil are propriet\u0103\u021bi similare cu 5F-PB-22 \u0219i NNE1, care sunt at\u00e2t agoni\u015fti completi, c\u00e2t \u0219i se leag\u0103 neselectiv de Receptori CB1\u00a0\u0219i\u00a0CB2 cu afinitate nanomolar\u0103 sc\u0103zut\u0103, disponibile \u00een comer\u021b cu ridicata\" \/>\n<meta name=\"robots\" content=\"index, follow, max-snippet:-1, max-image-preview:large, max-video-preview:-1\" \/>\n<link rel=\"canonical\" href=\"https:\/\/medicinasinc.com\/ro\/product\/cumpara-nm-2201\/\" \/>\n<meta property=\"og:locale\" content=\"en_US\" \/>\n<meta property=\"og:type\" content=\"article\" \/>\n<meta property=\"og:title\" content=\"Cump\u0103ra\u021bi NM-2201\u00a0- CBL-2201 - Cele mai bune medicamente globale\" \/>\n<meta property=\"og:description\" content=\"Cump\u0103ra\u021bi NM-2201 de v\u00e2nzare Europa, Regatul Unit (cunoscut \u0219i ca\u00a0CBL-2201) este un canabinoid sintetic pe baz\u0103 de indol, care probabil are propriet\u0103\u021bi similare cu 5F-PB-22 \u0219i NNE1, care sunt at\u00e2t agoni\u015fti completi, c\u00e2t \u0219i se leag\u0103 neselectiv de Receptori CB1\u00a0\u0219i\u00a0CB2 cu afinitate nanomolar\u0103 sc\u0103zut\u0103, disponibile \u00een comer\u021b cu ridicata\" \/>\n<meta property=\"og:url\" content=\"https:\/\/medicinasinc.com\/ro\/product\/cumpara-nm-2201\/\" \/>\n<meta property=\"og:site_name\" content=\"Medicinas Inc\" \/>\n<meta property=\"article:modified_time\" content=\"2022-03-22T00:44:44+00:00\" \/>\n<meta property=\"og:image\" content=\"https:\/\/medicinasinc.com\/ro\/wp-content\/uploads\/sites\/11\/2022\/02\/Buy-NM-2201.jpg\" \/>\n\t<meta property=\"og:image:width\" content=\"458\" \/>\n\t<meta property=\"og:image:height\" content=\"458\" \/>\n\t<meta property=\"og:image:type\" content=\"image\/jpeg\" \/>\n<meta name=\"twitter:card\" content=\"summary_large_image\" \/>\n<meta name=\"twitter:label1\" content=\"Est. reading time\" \/>\n\t<meta name=\"twitter:data1\" content=\"2 minutes\" \/>\n<script type=\"application\/ld+json\" class=\"yoast-schema-graph\">{\"@context\":\"https:\\\/\\\/schema.org\",\"@graph\":[{\"@type\":\"WebPage\",\"@id\":\"https:\\\/\\\/medicinasinc.com\\\/ro\\\/product\\\/cumpara-nm-2201\\\/\",\"url\":\"https:\\\/\\\/medicinasinc.com\\\/ro\\\/product\\\/cumpara-nm-2201\\\/\",\"name\":\"Cump\u0103ra\u021bi NM-2201\u00a0- CBL-2201 - Cele mai bune medicamente globale\",\"isPartOf\":{\"@id\":\"https:\\\/\\\/medicinasinc.com\\\/ro\\\/#website\"},\"primaryImageOfPage\":{\"@id\":\"https:\\\/\\\/medicinasinc.com\\\/ro\\\/product\\\/cumpara-nm-2201\\\/#primaryimage\"},\"image\":{\"@id\":\"https:\\\/\\\/medicinasinc.com\\\/ro\\\/product\\\/cumpara-nm-2201\\\/#primaryimage\"},\"thumbnailUrl\":\"https:\\\/\\\/medicinasinc.com\\\/ro\\\/wp-content\\\/uploads\\\/sites\\\/11\\\/2022\\\/02\\\/Buy-NM-2201.jpg\",\"datePublished\":\"2022-02-22T08:19:52+00:00\",\"dateModified\":\"2022-03-22T00:44:44+00:00\",\"description\":\"Cump\u0103ra\u021bi NM-2201 de v\u00e2nzare Europa, Regatul Unit (cunoscut \u0219i ca\u00a0CBL-2201) este un canabinoid sintetic pe baz\u0103 de indol, care probabil are propriet\u0103\u021bi similare cu 5F-PB-22 \u0219i NNE1, care sunt at\u00e2t agoni\u015fti completi, c\u00e2t \u0219i se leag\u0103 neselectiv de Receptori CB1\u00a0\u0219i\u00a0CB2 cu afinitate nanomolar\u0103 sc\u0103zut\u0103, disponibile \u00een comer\u021b cu ridicata\",\"breadcrumb\":{\"@id\":\"https:\\\/\\\/medicinasinc.com\\\/ro\\\/product\\\/cumpara-nm-2201\\\/#breadcrumb\"},\"inLanguage\":\"en-US\",\"potentialAction\":[{\"@type\":\"ReadAction\",\"target\":[\"https:\\\/\\\/medicinasinc.com\\\/ro\\\/product\\\/cumpara-nm-2201\\\/\"]}]},{\"@type\":\"ImageObject\",\"inLanguage\":\"en-US\",\"@id\":\"https:\\\/\\\/medicinasinc.com\\\/ro\\\/product\\\/cumpara-nm-2201\\\/#primaryimage\",\"url\":\"https:\\\/\\\/medicinasinc.com\\\/ro\\\/wp-content\\\/uploads\\\/sites\\\/11\\\/2022\\\/02\\\/Buy-NM-2201.jpg\",\"contentUrl\":\"https:\\\/\\\/medicinasinc.com\\\/ro\\\/wp-content\\\/uploads\\\/sites\\\/11\\\/2022\\\/02\\\/Buy-NM-2201.jpg\",\"width\":458,\"height\":458},{\"@type\":\"BreadcrumbList\",\"@id\":\"https:\\\/\\\/medicinasinc.com\\\/ro\\\/product\\\/cumpara-nm-2201\\\/#breadcrumb\",\"itemListElement\":[{\"@type\":\"ListItem\",\"position\":1,\"name\":\"Magazin\",\"item\":\"https:\\\/\\\/medicinasinc.com\\\/ro\\\/magazin\\\/\"},{\"@type\":\"ListItem\",\"position\":2,\"name\":\"Cump\u0103ra\u021bi NM-2201\"}]},{\"@type\":\"WebSite\",\"@id\":\"https:\\\/\\\/medicinasinc.com\\\/ro\\\/#website\",\"url\":\"https:\\\/\\\/medicinasinc.com\\\/ro\\\/\",\"name\":\"Medicinas Inc\",\"description\":\"Health Medical Clinic\",\"potentialAction\":[{\"@type\":\"SearchAction\",\"target\":{\"@type\":\"EntryPoint\",\"urlTemplate\":\"https:\\\/\\\/medicinasinc.com\\\/ro\\\/?s={search_term_string}\"},\"query-input\":{\"@type\":\"PropertyValueSpecification\",\"valueRequired\":true,\"valueName\":\"search_term_string\"}}],\"inLanguage\":\"en-US\"}]}<\/script>\n<!-- \/ Yoast SEO plugin. -->","yoast_head_json":{"title":"Cump\u0103ra\u021bi NM-2201\u00a0- CBL-2201 - Cele mai bune medicamente globale","description":"Cump\u0103ra\u021bi NM-2201 de v\u00e2nzare Europa, Regatul Unit (cunoscut \u0219i ca\u00a0CBL-2201) este un canabinoid sintetic pe baz\u0103 de indol, care probabil are propriet\u0103\u021bi similare cu 5F-PB-22 \u0219i NNE1, care sunt at\u00e2t agoni\u015fti completi, c\u00e2t \u0219i se leag\u0103 neselectiv de Receptori CB1\u00a0\u0219i\u00a0CB2 cu afinitate nanomolar\u0103 sc\u0103zut\u0103, disponibile \u00een comer\u021b cu ridicata","robots":{"index":"index","follow":"follow","max-snippet":"max-snippet:-1","max-image-preview":"max-image-preview:large","max-video-preview":"max-video-preview:-1"},"canonical":"https:\/\/medicinasinc.com\/ro\/product\/cumpara-nm-2201\/","og_locale":"en_US","og_type":"article","og_title":"Cump\u0103ra\u021bi NM-2201\u00a0- CBL-2201 - Cele mai bune medicamente globale","og_description":"Cump\u0103ra\u021bi NM-2201 de v\u00e2nzare Europa, Regatul Unit (cunoscut \u0219i ca\u00a0CBL-2201) este un canabinoid sintetic pe baz\u0103 de indol, care probabil are propriet\u0103\u021bi similare cu 5F-PB-22 \u0219i NNE1, care sunt at\u00e2t agoni\u015fti completi, c\u00e2t \u0219i se leag\u0103 neselectiv de Receptori CB1\u00a0\u0219i\u00a0CB2 cu afinitate nanomolar\u0103 sc\u0103zut\u0103, disponibile \u00een comer\u021b cu ridicata","og_url":"https:\/\/medicinasinc.com\/ro\/product\/cumpara-nm-2201\/","og_site_name":"Medicinas Inc","article_modified_time":"2022-03-22T00:44:44+00:00","og_image":[{"width":458,"height":458,"url":"https:\/\/medicinasinc.com\/ro\/wp-content\/uploads\/sites\/11\/2022\/02\/Buy-NM-2201.jpg","type":"image\/jpeg"}],"twitter_card":"summary_large_image","twitter_misc":{"Est. reading time":"2 minutes"},"schema":{"@context":"https:\/\/schema.org","@graph":[{"@type":"WebPage","@id":"https:\/\/medicinasinc.com\/ro\/product\/cumpara-nm-2201\/","url":"https:\/\/medicinasinc.com\/ro\/product\/cumpara-nm-2201\/","name":"Cump\u0103ra\u021bi NM-2201\u00a0- CBL-2201 - Cele mai bune medicamente globale","isPartOf":{"@id":"https:\/\/medicinasinc.com\/ro\/#website"},"primaryImageOfPage":{"@id":"https:\/\/medicinasinc.com\/ro\/product\/cumpara-nm-2201\/#primaryimage"},"image":{"@id":"https:\/\/medicinasinc.com\/ro\/product\/cumpara-nm-2201\/#primaryimage"},"thumbnailUrl":"https:\/\/medicinasinc.com\/ro\/wp-content\/uploads\/sites\/11\/2022\/02\/Buy-NM-2201.jpg","datePublished":"2022-02-22T08:19:52+00:00","dateModified":"2022-03-22T00:44:44+00:00","description":"Cump\u0103ra\u021bi NM-2201 de v\u00e2nzare Europa, Regatul Unit (cunoscut \u0219i ca\u00a0CBL-2201) este un canabinoid sintetic pe baz\u0103 de indol, care probabil are propriet\u0103\u021bi similare cu 5F-PB-22 \u0219i NNE1, care sunt at\u00e2t agoni\u015fti completi, c\u00e2t \u0219i se leag\u0103 neselectiv de Receptori CB1\u00a0\u0219i\u00a0CB2 cu afinitate nanomolar\u0103 sc\u0103zut\u0103, disponibile \u00een comer\u021b cu ridicata","breadcrumb":{"@id":"https:\/\/medicinasinc.com\/ro\/product\/cumpara-nm-2201\/#breadcrumb"},"inLanguage":"en-US","potentialAction":[{"@type":"ReadAction","target":["https:\/\/medicinasinc.com\/ro\/product\/cumpara-nm-2201\/"]}]},{"@type":"ImageObject","inLanguage":"en-US","@id":"https:\/\/medicinasinc.com\/ro\/product\/cumpara-nm-2201\/#primaryimage","url":"https:\/\/medicinasinc.com\/ro\/wp-content\/uploads\/sites\/11\/2022\/02\/Buy-NM-2201.jpg","contentUrl":"https:\/\/medicinasinc.com\/ro\/wp-content\/uploads\/sites\/11\/2022\/02\/Buy-NM-2201.jpg","width":458,"height":458},{"@type":"BreadcrumbList","@id":"https:\/\/medicinasinc.com\/ro\/product\/cumpara-nm-2201\/#breadcrumb","itemListElement":[{"@type":"ListItem","position":1,"name":"Magazin","item":"https:\/\/medicinasinc.com\/ro\/magazin\/"},{"@type":"ListItem","position":2,"name":"Cump\u0103ra\u021bi NM-2201"}]},{"@type":"WebSite","@id":"https:\/\/medicinasinc.com\/ro\/#website","url":"https:\/\/medicinasinc.com\/ro\/","name":"Medicinas Inc","description":"Health Medical Clinic","potentialAction":[{"@type":"SearchAction","target":{"@type":"EntryPoint","urlTemplate":"https:\/\/medicinasinc.com\/ro\/?s={search_term_string}"},"query-input":{"@type":"PropertyValueSpecification","valueRequired":true,"valueName":"search_term_string"}}],"inLanguage":"en-US"}]}},"_links":{"self":[{"href":"https:\/\/medicinasinc.com\/ro\/wp-json\/wp\/v2\/product\/5917","targetHints":{"allow":["GET"]}}],"collection":[{"href":"https:\/\/medicinasinc.com\/ro\/wp-json\/wp\/v2\/product"}],"about":[{"href":"https:\/\/medicinasinc.com\/ro\/wp-json\/wp\/v2\/types\/product"}],"replies":[{"embeddable":true,"href":"https:\/\/medicinasinc.com\/ro\/wp-json\/wp\/v2\/comments?post=5917"}],"wp:featuredmedia":[{"embeddable":true,"href":"https:\/\/medicinasinc.com\/ro\/wp-json\/wp\/v2\/media\/5938"}],"wp:attachment":[{"href":"https:\/\/medicinasinc.com\/ro\/wp-json\/wp\/v2\/media?parent=5917"}],"wp:term":[{"taxonomy":"product_brand","embeddable":true,"href":"https:\/\/medicinasinc.com\/ro\/wp-json\/wp\/v2\/product_brand?post=5917"},{"taxonomy":"product_cat","embeddable":true,"href":"https:\/\/medicinasinc.com\/ro\/wp-json\/wp\/v2\/product_cat?post=5917"},{"taxonomy":"product_tag","embeddable":true,"href":"https:\/\/medicinasinc.com\/ro\/wp-json\/wp\/v2\/product_tag?post=5917"}],"curies":[{"name":"wp","href":"https:\/\/api.w.org\/{rel}","templated":true}]}}