{"id":5912,"date":"2022-02-22T08:15:30","date_gmt":"2022-02-22T08:15:30","guid":{"rendered":"https:\/\/medicinasinc.com\/ro\/?post_type=product&#038;p=5912"},"modified":"2022-03-22T00:44:55","modified_gmt":"2022-03-22T00:44:55","slug":"buy-mdmb-chmica","status":"publish","type":"product","link":"https:\/\/medicinasinc.com\/ro\/product\/buy-mdmb-chmica\/","title":{"rendered":"Cump\u0103ra\u021bi MDMB-CHMICA"},"content":{"rendered":"<p>MDMB-CHMICA (sau MMB-CHMINACA) este un canabis sintetic pe baz\u0103 de indol care a fost oferit online ca drog de design. \u00cen timp ce MDMB-CHMICA a fost comercializat ini\u021bial ca \u201eMMB-CHMINACA\u201d, analogul izopropil al MDMB-CHMINACA (AMB-CHMINACA) a fost descoperit pe pia\u021ba medicamentelor de designer \u00een 2015.<\/p>\n<p>MMB-CHMINACA<\/p>\n<p>MDMB-CHMINACA<\/p>\n<p>MMB-CHMINACA (MDMB-CHMINACA) este un canabis sintetic pe baz\u0103 de indol care a fost oferit online ca medicament de designer.<\/p>\n<p>MMB-CHMINACA<\/p>\n<p> p&gt; <\/p>\n<p>MDMB-CHMINACA<\/p>\n<p>Nume IUPAC: (2S)<\/p>\n<p>2,3-dimetilbutanoat<br \/> CAS: N\/A<br \/> N\/A ChemSpider <br \/> C23H32N2O3<br \/> 384,5 g\/mol MMB<br \/> MDMB-CHMINACA<\/p>\n<p>(2S)-metil<\/p>\n<p>1 H-indol-3-ilcarbonilamino-2 ,3-dimetilbutanoatul<\/p>\n<p>MMB-CHMINACA (MDMB-CHMINACA) este un canabinoid pe baz\u0103 de indol cu \u200b\u200bo grup\u0103 dimetilbutanoat. Aceast\u0103 substan\u021b\u0103 chimic\u0103 pare s\u0103 aib\u0103 o afinitate de legare in vitro mai mare dec\u00e2t mul\u021bi canabinoizi actuali, iar cercet\u0103torii ar trebui s\u0103 \u021bin\u0103 cont de acest lucru atunci c\u00e2nd proiecteaz\u0103 studii \u0219i distribuie material pe substraturi celulare.<\/p>\n<p>Canabinoizii sintetici sunt o colec\u021bie mare de compu\u0219i care sunt \u00een mod constant evolu\u00e2nd \u0219i fiind prezentate publicului. Cu toate acestea, introducerea MMB-CHMINACA a atras un interes remarcabil datorit\u0103 propriet\u0103\u021bilor sale unice. Influen\u021ba sa presupus\u0103 asupra receptorilor CB1 \u0219i CB2 este considerabil mai mare pe unitate dec\u00e2t AB-CHMINACA, necesit\u00e2nd cantit\u0103\u021bi mai pu\u021bine de material activ pentru a satisface scopul experimentului.<\/p>\n<p>MMB-CHMINACA este o pulbere alb\u0103 care poate fi depozitat\u0103 \u00een siguran\u021b\u0103. \u0219i manipulate \u00eentr-un laborator. Acest canabinoid sintetic are formula chimic\u0103 complicat\u0103 (2S)-metil-2-(1-(ciclohexilmetil)-1 H-indol-3-ilcarbonilamino)-3,3-dimetilbutanoat. Masa sa molecular\u0103 este de 384,5 g\/mol, iar formula sa este C23H32N2O3.<\/p>\n<p>MMB-CHMINACA este o substan\u021b\u0103 chimic\u0103 nou\u0103 care trebuie manipulat\u0103 cu maxim\u0103 aten\u021bie \u0219i m\u0103surat\u0103 cu precizie datorit\u0103 purit\u0103\u021bii sale excep\u021bionale. \u00cendemn\u0103m pe toat\u0103 lumea s\u0103 examineze starea restric\u021biilor locale \u00eenainte de a ob\u021bine canabis sintetic \u0219i alte substan\u021be din magazinul nostru online.<\/p>\n","protected":false},"excerpt":{"rendered":"<p>Cump\u0103ra\u021bi MDMB-CHMICA, MMB2101\u00a0de v\u00e2nzare Europa, Regatul Unit (cunoscut \u0219i sub numele de MMB-CHMINACA) este un canabinoid sintetic pe baz\u0103 de indol care este un agonist puternic al receptorului CB1 \u0219i a fost v\u00e2ndut online ca medicament de proiectare, comer\u021b cu ridicata Comanda disponibil\u0103<\/p>\n","protected":false},"featured_media":5937,"comment_status":"open","ping_status":"closed","template":"","meta":[],"product_brand":[],"product_cat":[2596],"product_tag":[4083,4088,4087,4084,4089,4085,4086],"class_list":{"0":"post-5912","1":"product","2":"type-product","3":"status-publish","4":"has-post-thumbnail","6":"product_cat-canabinoizi-de-vnzare","7":"product_tag-buy-mmb-chminaca-online","8":"product_tag-cel-mai-bun-loc-de-cumprare-mmb-chminaca-online","9":"product_tag-comanda-mmb-chminaca-online","10":"product_tag-cum-se-cumpr-mmb-chminaca-online","11":"product_tag-unde-se-cumpr-mmb-chminaca-online","12":"product_tag-mmb-chminaca","13":"product_tag-mmb-chminaca-de-vanzare","15":"first","16":"instock","17":"shipping-taxable","18":"purchasable","19":"product-type-variable"},"yoast_head":"<!-- This site is optimized with the Yoast SEO plugin v27.3 - https:\/\/yoast.com\/product\/yoast-seo-wordpress\/ -->\n<title>Cump\u0103ra\u021bi MMB-Chminaca - MMB-CHMINACA - Cele mai bune medicamente globale<\/title>\n<meta name=\"description\" content=\"Cump\u0103ra\u021bi MDMB-CHMICA, MMB2101\u00a0de v\u00e2nzare \u00een Europa, Regatul Unit (cunoscut \u0219i sub numele de MMB-CHMINACA) este un canabinoid sintetic pe baz\u0103 de indol, care este un agonist puternic al receptorului CB1 \u0219i a fost v\u00e2ndut online ca medicament de proiectare. Comanda angro disponibil\u0103\" \/>\n<meta name=\"robots\" content=\"index, follow, max-snippet:-1, max-image-preview:large, max-video-preview:-1\" \/>\n<link rel=\"canonical\" href=\"https:\/\/medicinasinc.com\/ro\/product\/buy-mdmb-chmica\/\" \/>\n<meta property=\"og:locale\" content=\"en_US\" \/>\n<meta property=\"og:type\" content=\"article\" \/>\n<meta property=\"og:title\" content=\"Cump\u0103ra\u021bi MMB-Chminaca - MMB-CHMINACA - Cele mai bune medicamente globale\" \/>\n<meta property=\"og:description\" content=\"Cump\u0103ra\u021bi MDMB-CHMICA, MMB2101\u00a0de v\u00e2nzare \u00een Europa, Regatul Unit (cunoscut \u0219i sub numele de MMB-CHMINACA) este un canabinoid sintetic pe baz\u0103 de indol, care este un agonist puternic al receptorului CB1 \u0219i a fost v\u00e2ndut online ca medicament de proiectare. Comanda angro disponibil\u0103\" \/>\n<meta property=\"og:url\" content=\"https:\/\/medicinasinc.com\/ro\/product\/buy-mdmb-chmica\/\" \/>\n<meta property=\"og:site_name\" content=\"Medicinas Inc\" \/>\n<meta property=\"article:modified_time\" content=\"2022-03-22T00:44:55+00:00\" \/>\n<meta property=\"og:image\" content=\"https:\/\/medicinasinc.com\/ro\/wp-content\/uploads\/sites\/11\/2022\/02\/Buy-MDMB-CHMICA.jpg\" \/>\n\t<meta property=\"og:image:width\" content=\"459\" \/>\n\t<meta property=\"og:image:height\" content=\"443\" \/>\n\t<meta property=\"og:image:type\" content=\"image\/jpeg\" \/>\n<meta name=\"twitter:card\" content=\"summary_large_image\" \/>\n<meta name=\"twitter:label1\" content=\"Est. reading time\" \/>\n\t<meta name=\"twitter:data1\" content=\"2 minutes\" \/>\n<script type=\"application\/ld+json\" class=\"yoast-schema-graph\">{\"@context\":\"https:\\\/\\\/schema.org\",\"@graph\":[{\"@type\":\"WebPage\",\"@id\":\"https:\\\/\\\/medicinasinc.com\\\/ro\\\/product\\\/buy-mdmb-chmica\\\/\",\"url\":\"https:\\\/\\\/medicinasinc.com\\\/ro\\\/product\\\/buy-mdmb-chmica\\\/\",\"name\":\"Cump\u0103ra\u021bi MMB-Chminaca - MMB-CHMINACA - Cele mai bune medicamente globale\",\"isPartOf\":{\"@id\":\"https:\\\/\\\/medicinasinc.com\\\/ro\\\/#website\"},\"primaryImageOfPage\":{\"@id\":\"https:\\\/\\\/medicinasinc.com\\\/ro\\\/product\\\/buy-mdmb-chmica\\\/#primaryimage\"},\"image\":{\"@id\":\"https:\\\/\\\/medicinasinc.com\\\/ro\\\/product\\\/buy-mdmb-chmica\\\/#primaryimage\"},\"thumbnailUrl\":\"https:\\\/\\\/medicinasinc.com\\\/ro\\\/wp-content\\\/uploads\\\/sites\\\/11\\\/2022\\\/02\\\/Buy-MDMB-CHMICA.jpg\",\"datePublished\":\"2022-02-22T08:15:30+00:00\",\"dateModified\":\"2022-03-22T00:44:55+00:00\",\"description\":\"Cump\u0103ra\u021bi MDMB-CHMICA, MMB2101\u00a0de v\u00e2nzare \u00een Europa, Regatul Unit (cunoscut \u0219i sub numele de MMB-CHMINACA) este un canabinoid sintetic pe baz\u0103 de indol, care este un agonist puternic al receptorului CB1 \u0219i a fost v\u00e2ndut online ca medicament de proiectare. Comanda angro disponibil\u0103\",\"breadcrumb\":{\"@id\":\"https:\\\/\\\/medicinasinc.com\\\/ro\\\/product\\\/buy-mdmb-chmica\\\/#breadcrumb\"},\"inLanguage\":\"en-US\",\"potentialAction\":[{\"@type\":\"ReadAction\",\"target\":[\"https:\\\/\\\/medicinasinc.com\\\/ro\\\/product\\\/buy-mdmb-chmica\\\/\"]}]},{\"@type\":\"ImageObject\",\"inLanguage\":\"en-US\",\"@id\":\"https:\\\/\\\/medicinasinc.com\\\/ro\\\/product\\\/buy-mdmb-chmica\\\/#primaryimage\",\"url\":\"https:\\\/\\\/medicinasinc.com\\\/ro\\\/wp-content\\\/uploads\\\/sites\\\/11\\\/2022\\\/02\\\/Buy-MDMB-CHMICA.jpg\",\"contentUrl\":\"https:\\\/\\\/medicinasinc.com\\\/ro\\\/wp-content\\\/uploads\\\/sites\\\/11\\\/2022\\\/02\\\/Buy-MDMB-CHMICA.jpg\",\"width\":459,\"height\":443},{\"@type\":\"BreadcrumbList\",\"@id\":\"https:\\\/\\\/medicinasinc.com\\\/ro\\\/product\\\/buy-mdmb-chmica\\\/#breadcrumb\",\"itemListElement\":[{\"@type\":\"ListItem\",\"position\":1,\"name\":\"Magazin\",\"item\":\"https:\\\/\\\/medicinasinc.com\\\/ro\\\/magazin\\\/\"},{\"@type\":\"ListItem\",\"position\":2,\"name\":\"Cump\u0103ra\u021bi MDMB-CHMICA\"}]},{\"@type\":\"WebSite\",\"@id\":\"https:\\\/\\\/medicinasinc.com\\\/ro\\\/#website\",\"url\":\"https:\\\/\\\/medicinasinc.com\\\/ro\\\/\",\"name\":\"Medicinas Inc\",\"description\":\"Health Medical Clinic\",\"potentialAction\":[{\"@type\":\"SearchAction\",\"target\":{\"@type\":\"EntryPoint\",\"urlTemplate\":\"https:\\\/\\\/medicinasinc.com\\\/ro\\\/?s={search_term_string}\"},\"query-input\":{\"@type\":\"PropertyValueSpecification\",\"valueRequired\":true,\"valueName\":\"search_term_string\"}}],\"inLanguage\":\"en-US\"}]}<\/script>\n<!-- \/ Yoast SEO plugin. -->","yoast_head_json":{"title":"Cump\u0103ra\u021bi MMB-Chminaca - MMB-CHMINACA - Cele mai bune medicamente globale","description":"Cump\u0103ra\u021bi MDMB-CHMICA, MMB2101\u00a0de v\u00e2nzare \u00een Europa, Regatul Unit (cunoscut \u0219i sub numele de MMB-CHMINACA) este un canabinoid sintetic pe baz\u0103 de indol, care este un agonist puternic al receptorului CB1 \u0219i a fost v\u00e2ndut online ca medicament de proiectare. Comanda angro disponibil\u0103","robots":{"index":"index","follow":"follow","max-snippet":"max-snippet:-1","max-image-preview":"max-image-preview:large","max-video-preview":"max-video-preview:-1"},"canonical":"https:\/\/medicinasinc.com\/ro\/product\/buy-mdmb-chmica\/","og_locale":"en_US","og_type":"article","og_title":"Cump\u0103ra\u021bi MMB-Chminaca - MMB-CHMINACA - Cele mai bune medicamente globale","og_description":"Cump\u0103ra\u021bi MDMB-CHMICA, MMB2101\u00a0de v\u00e2nzare \u00een Europa, Regatul Unit (cunoscut \u0219i sub numele de MMB-CHMINACA) este un canabinoid sintetic pe baz\u0103 de indol, care este un agonist puternic al receptorului CB1 \u0219i a fost v\u00e2ndut online ca medicament de proiectare. Comanda angro disponibil\u0103","og_url":"https:\/\/medicinasinc.com\/ro\/product\/buy-mdmb-chmica\/","og_site_name":"Medicinas Inc","article_modified_time":"2022-03-22T00:44:55+00:00","og_image":[{"width":459,"height":443,"url":"https:\/\/medicinasinc.com\/ro\/wp-content\/uploads\/sites\/11\/2022\/02\/Buy-MDMB-CHMICA.jpg","type":"image\/jpeg"}],"twitter_card":"summary_large_image","twitter_misc":{"Est. reading time":"2 minutes"},"schema":{"@context":"https:\/\/schema.org","@graph":[{"@type":"WebPage","@id":"https:\/\/medicinasinc.com\/ro\/product\/buy-mdmb-chmica\/","url":"https:\/\/medicinasinc.com\/ro\/product\/buy-mdmb-chmica\/","name":"Cump\u0103ra\u021bi MMB-Chminaca - MMB-CHMINACA - Cele mai bune medicamente globale","isPartOf":{"@id":"https:\/\/medicinasinc.com\/ro\/#website"},"primaryImageOfPage":{"@id":"https:\/\/medicinasinc.com\/ro\/product\/buy-mdmb-chmica\/#primaryimage"},"image":{"@id":"https:\/\/medicinasinc.com\/ro\/product\/buy-mdmb-chmica\/#primaryimage"},"thumbnailUrl":"https:\/\/medicinasinc.com\/ro\/wp-content\/uploads\/sites\/11\/2022\/02\/Buy-MDMB-CHMICA.jpg","datePublished":"2022-02-22T08:15:30+00:00","dateModified":"2022-03-22T00:44:55+00:00","description":"Cump\u0103ra\u021bi MDMB-CHMICA, MMB2101\u00a0de v\u00e2nzare \u00een Europa, Regatul Unit (cunoscut \u0219i sub numele de MMB-CHMINACA) este un canabinoid sintetic pe baz\u0103 de indol, care este un agonist puternic al receptorului CB1 \u0219i a fost v\u00e2ndut online ca medicament de proiectare. Comanda angro disponibil\u0103","breadcrumb":{"@id":"https:\/\/medicinasinc.com\/ro\/product\/buy-mdmb-chmica\/#breadcrumb"},"inLanguage":"en-US","potentialAction":[{"@type":"ReadAction","target":["https:\/\/medicinasinc.com\/ro\/product\/buy-mdmb-chmica\/"]}]},{"@type":"ImageObject","inLanguage":"en-US","@id":"https:\/\/medicinasinc.com\/ro\/product\/buy-mdmb-chmica\/#primaryimage","url":"https:\/\/medicinasinc.com\/ro\/wp-content\/uploads\/sites\/11\/2022\/02\/Buy-MDMB-CHMICA.jpg","contentUrl":"https:\/\/medicinasinc.com\/ro\/wp-content\/uploads\/sites\/11\/2022\/02\/Buy-MDMB-CHMICA.jpg","width":459,"height":443},{"@type":"BreadcrumbList","@id":"https:\/\/medicinasinc.com\/ro\/product\/buy-mdmb-chmica\/#breadcrumb","itemListElement":[{"@type":"ListItem","position":1,"name":"Magazin","item":"https:\/\/medicinasinc.com\/ro\/magazin\/"},{"@type":"ListItem","position":2,"name":"Cump\u0103ra\u021bi MDMB-CHMICA"}]},{"@type":"WebSite","@id":"https:\/\/medicinasinc.com\/ro\/#website","url":"https:\/\/medicinasinc.com\/ro\/","name":"Medicinas Inc","description":"Health Medical Clinic","potentialAction":[{"@type":"SearchAction","target":{"@type":"EntryPoint","urlTemplate":"https:\/\/medicinasinc.com\/ro\/?s={search_term_string}"},"query-input":{"@type":"PropertyValueSpecification","valueRequired":true,"valueName":"search_term_string"}}],"inLanguage":"en-US"}]}},"_links":{"self":[{"href":"https:\/\/medicinasinc.com\/ro\/wp-json\/wp\/v2\/product\/5912","targetHints":{"allow":["GET"]}}],"collection":[{"href":"https:\/\/medicinasinc.com\/ro\/wp-json\/wp\/v2\/product"}],"about":[{"href":"https:\/\/medicinasinc.com\/ro\/wp-json\/wp\/v2\/types\/product"}],"replies":[{"embeddable":true,"href":"https:\/\/medicinasinc.com\/ro\/wp-json\/wp\/v2\/comments?post=5912"}],"wp:featuredmedia":[{"embeddable":true,"href":"https:\/\/medicinasinc.com\/ro\/wp-json\/wp\/v2\/media\/5937"}],"wp:attachment":[{"href":"https:\/\/medicinasinc.com\/ro\/wp-json\/wp\/v2\/media?parent=5912"}],"wp:term":[{"taxonomy":"product_brand","embeddable":true,"href":"https:\/\/medicinasinc.com\/ro\/wp-json\/wp\/v2\/product_brand?post=5912"},{"taxonomy":"product_cat","embeddable":true,"href":"https:\/\/medicinasinc.com\/ro\/wp-json\/wp\/v2\/product_cat?post=5912"},{"taxonomy":"product_tag","embeddable":true,"href":"https:\/\/medicinasinc.com\/ro\/wp-json\/wp\/v2\/product_tag?post=5912"}],"curies":[{"name":"wp","href":"https:\/\/api.w.org\/{rel}","templated":true}]}}