{"id":5906,"date":"2022-02-22T08:12:00","date_gmt":"2022-02-22T08:12:00","guid":{"rendered":"https:\/\/medicinasinc.com\/ro\/?post_type=product&#038;p=5906"},"modified":"2022-03-22T00:45:09","modified_gmt":"2022-03-22T00:45:09","slug":"cumpara-cu-fubinaca","status":"publish","type":"product","link":"https:\/\/medicinasinc.com\/ro\/product\/cumpara-cu-fubinaca\/","title":{"rendered":"Cumpara AMB-FUBINACA"},"content":{"rendered":"<p>Canabinoidul sintetic pe baz\u0103 de indazol AMB-FUBINACA, cunoscut \u0219i sub denumirea de FUB-AMB \u0219i MMB-FUBINACA, este un agonist puternic al canabinoidului. Are valori Ki de 10,04 nM la CB1 \u0219i 0,786 nM la CB2 \u0219i valori EC50 de 0,5433 nM la CB1 \u0219i 0,1278 nM la CB2. A fost v\u00e2ndut online ca medicament de designer. A fost fabricat pentru prima dat\u0103 de Pfizer, care a depus un brevet pentru compus \u00een 2009. Compusul nu a fost niciodat\u0103 testat pe oameni. Au fost multe confisc\u0103ri de droguri f\u0103cute de DEA \u00een 2017 \u0219i \u00een prima jum\u0103tate a anului 2018. Cel mai comun canabinoid sintetic a fost AMB-FUBINACA.<\/p>\n<p>Este un canabinoid sintetic pe baz\u0103 de indazol numit AMB-FUBINACA, \u0219i este un agonist puternic pentru receptorii canabinoizi. Are valori Ki de 10,04 nM la CB1 \u0219i 0,786 nM la CB2 \u0219i valori EC50 de 0,5433 nM la CB1 \u0219i 0,1278 nM la CB2. A fost v\u00e2ndut online ca medicament de designer.<\/p>\n","protected":false},"excerpt":{"rendered":"<p><b>Cump\u0103ra\u021bi AMB-FUBINACA<\/b> de dragul Regatului Unit, Europa (cunoscut \u0219i ca <b>FUB-AMB<\/b>\u00a0\u0219i\u00a0<b>MMB-FUBINACA<\/b>) este un\u00a0pe baz\u0103 de indazol <a class=\"mw-redirect\" title=\"Canabinoid sintetic\" href=\"https:\/\/en.wikipedia.org\/wiki\/Synthetic_cannabinoid\">canabinoid sintetic<\/a>\u00a0care este un puternic\u00a0<a title=\"Agonist\" href=\"https:\/\/en.wikipedia.org\/wiki\/Agonist\">agonist<\/a>\u00a0pentru\u00a0receptorii canabinoizi, cu valori\u00a0<i>K<\/i><sub>i<\/sub>\u00a0de 10,04\u00a0nM la CB<sub>1<\/sub>\u00a0\u0219i 0,786\u00a0nM la\u00a0CB<sub>2<\/sub>\u00a0\u0219i\u00a0valori EC<sub>50<\/sub>\u00a0de 0,5433\u00a0nM la CB<sub>1<\/sub>\u00a0\u0219i 0,1278\u00a0nM la CB<sub>2<\/sub>, <sup id=\"cite_ref-1\" class=\"reference\"><\/sup>\u0219i a fost v\u00e2ndut online ca\u00a0medicament de design<\/p>\n","protected":false},"featured_media":5936,"comment_status":"open","ping_status":"closed","template":"","meta":[],"product_brand":[],"product_cat":[2596],"product_tag":[4080,4079,4077,4082,4078,4081],"class_list":{"0":"post-5906","1":"product","2":"type-product","3":"status-publish","4":"has-post-thumbnail","6":"product_cat-canabinoizi-de-vnzare","7":"product_tag-comanda-fub-cu-online","8":"product_tag-cum-se-cumpr-fub-amb-online","9":"product_tag-buy-fub-with-online","10":"product_tag-unde-a-cumpra-fub-amb-online","11":"product_tag-fub-amb-for-sale","12":"product_tag-purchase-fub-amb-online","14":"first","15":"instock","16":"shipping-taxable","17":"purchasable","18":"product-type-variable"},"yoast_head":"<!-- This site is optimized with the Yoast SEO plugin v27.3 - https:\/\/yoast.com\/product\/yoast-seo-wordpress\/ -->\n<title>Cump\u0103ra\u021bi AMB-FUBINACA - FUB-AMB - MMB-FUBINACA - Best Global Meds<\/title>\n<meta name=\"description\" content=\"Cump\u0103ra\u021bi AMB-FUBINACA de dragul Regatului Unit, Europa (cunoscut \u0219i sub numele de FUB-AMB \u0219i MMB-FUBINACA) este un canabinoid sintetic pe baz\u0103 de indazol, care este un agonist puternic pentru receptorii canabinoizi, cu valori Ki de 10,04 nM la CB78 \u0219i 0,0M la CB786. CB2\u00a0\u0219i\u00a0EC50\u00a0valori de 0,5433\u00a0nM la CB1\u00a0\u0219i 0,1278\u00a0nM la CB2 \u0219i a fost v\u00e2ndut online ca medicament de design\" \/>\n<meta name=\"robots\" content=\"index, follow, max-snippet:-1, max-image-preview:large, max-video-preview:-1\" \/>\n<link rel=\"canonical\" href=\"https:\/\/medicinasinc.com\/ro\/product\/cumpara-cu-fubinaca\/\" \/>\n<meta property=\"og:locale\" content=\"en_US\" \/>\n<meta property=\"og:type\" content=\"article\" \/>\n<meta property=\"og:title\" content=\"Cump\u0103ra\u021bi AMB-FUBINACA - FUB-AMB - MMB-FUBINACA - Best Global Meds\" \/>\n<meta property=\"og:description\" content=\"Cump\u0103ra\u021bi AMB-FUBINACA de dragul Regatului Unit, Europa (cunoscut \u0219i sub numele de FUB-AMB \u0219i MMB-FUBINACA) este un canabinoid sintetic pe baz\u0103 de indazol, care este un agonist puternic pentru receptorii canabinoizi, cu valori Ki de 10,04 nM la CB78 \u0219i 0,0M la CB786. CB2\u00a0\u0219i\u00a0EC50\u00a0valori de 0,5433\u00a0nM la CB1\u00a0\u0219i 0,1278\u00a0nM la CB2 \u0219i a fost v\u00e2ndut online ca medicament de design\" \/>\n<meta property=\"og:url\" content=\"https:\/\/medicinasinc.com\/ro\/product\/cumpara-cu-fubinaca\/\" \/>\n<meta property=\"og:site_name\" content=\"Medicinas Inc\" \/>\n<meta property=\"article:modified_time\" content=\"2022-03-22T00:45:09+00:00\" \/>\n<meta property=\"og:image\" content=\"https:\/\/medicinasinc.com\/ro\/wp-content\/uploads\/sites\/11\/2022\/02\/Buy-AMB-FUBINACA.jpg\" \/>\n\t<meta property=\"og:image:width\" content=\"400\" \/>\n\t<meta property=\"og:image:height\" content=\"400\" \/>\n\t<meta property=\"og:image:type\" content=\"image\/jpeg\" \/>\n<meta name=\"twitter:card\" content=\"summary_large_image\" \/>\n<meta name=\"twitter:label1\" content=\"Est. reading time\" \/>\n\t<meta name=\"twitter:data1\" content=\"1 minute\" \/>\n<script type=\"application\/ld+json\" class=\"yoast-schema-graph\">{\"@context\":\"https:\\\/\\\/schema.org\",\"@graph\":[{\"@type\":\"WebPage\",\"@id\":\"https:\\\/\\\/medicinasinc.com\\\/ro\\\/product\\\/cumpara-cu-fubinaca\\\/\",\"url\":\"https:\\\/\\\/medicinasinc.com\\\/ro\\\/product\\\/cumpara-cu-fubinaca\\\/\",\"name\":\"Cump\u0103ra\u021bi AMB-FUBINACA - FUB-AMB - MMB-FUBINACA - Best Global Meds\",\"isPartOf\":{\"@id\":\"https:\\\/\\\/medicinasinc.com\\\/ro\\\/#website\"},\"primaryImageOfPage\":{\"@id\":\"https:\\\/\\\/medicinasinc.com\\\/ro\\\/product\\\/cumpara-cu-fubinaca\\\/#primaryimage\"},\"image\":{\"@id\":\"https:\\\/\\\/medicinasinc.com\\\/ro\\\/product\\\/cumpara-cu-fubinaca\\\/#primaryimage\"},\"thumbnailUrl\":\"https:\\\/\\\/medicinasinc.com\\\/ro\\\/wp-content\\\/uploads\\\/sites\\\/11\\\/2022\\\/02\\\/Buy-AMB-FUBINACA.jpg\",\"datePublished\":\"2022-02-22T08:12:00+00:00\",\"dateModified\":\"2022-03-22T00:45:09+00:00\",\"description\":\"Cump\u0103ra\u021bi AMB-FUBINACA de dragul Regatului Unit, Europa (cunoscut \u0219i sub numele de FUB-AMB \u0219i MMB-FUBINACA) este un canabinoid sintetic pe baz\u0103 de indazol, care este un agonist puternic pentru receptorii canabinoizi, cu valori Ki de 10,04 nM la CB78 \u0219i 0,0M la CB786. CB2\u00a0\u0219i\u00a0EC50\u00a0valori de 0,5433\u00a0nM la CB1\u00a0\u0219i 0,1278\u00a0nM la CB2 \u0219i a fost v\u00e2ndut online ca medicament de design\",\"breadcrumb\":{\"@id\":\"https:\\\/\\\/medicinasinc.com\\\/ro\\\/product\\\/cumpara-cu-fubinaca\\\/#breadcrumb\"},\"inLanguage\":\"en-US\",\"potentialAction\":[{\"@type\":\"ReadAction\",\"target\":[\"https:\\\/\\\/medicinasinc.com\\\/ro\\\/product\\\/cumpara-cu-fubinaca\\\/\"]}]},{\"@type\":\"ImageObject\",\"inLanguage\":\"en-US\",\"@id\":\"https:\\\/\\\/medicinasinc.com\\\/ro\\\/product\\\/cumpara-cu-fubinaca\\\/#primaryimage\",\"url\":\"https:\\\/\\\/medicinasinc.com\\\/ro\\\/wp-content\\\/uploads\\\/sites\\\/11\\\/2022\\\/02\\\/Buy-AMB-FUBINACA.jpg\",\"contentUrl\":\"https:\\\/\\\/medicinasinc.com\\\/ro\\\/wp-content\\\/uploads\\\/sites\\\/11\\\/2022\\\/02\\\/Buy-AMB-FUBINACA.jpg\",\"width\":400,\"height\":400},{\"@type\":\"BreadcrumbList\",\"@id\":\"https:\\\/\\\/medicinasinc.com\\\/ro\\\/product\\\/cumpara-cu-fubinaca\\\/#breadcrumb\",\"itemListElement\":[{\"@type\":\"ListItem\",\"position\":1,\"name\":\"Magazin\",\"item\":\"https:\\\/\\\/medicinasinc.com\\\/ro\\\/magazin\\\/\"},{\"@type\":\"ListItem\",\"position\":2,\"name\":\"Cumpara AMB-FUBINACA\"}]},{\"@type\":\"WebSite\",\"@id\":\"https:\\\/\\\/medicinasinc.com\\\/ro\\\/#website\",\"url\":\"https:\\\/\\\/medicinasinc.com\\\/ro\\\/\",\"name\":\"Medicinas Inc\",\"description\":\"Health Medical Clinic\",\"potentialAction\":[{\"@type\":\"SearchAction\",\"target\":{\"@type\":\"EntryPoint\",\"urlTemplate\":\"https:\\\/\\\/medicinasinc.com\\\/ro\\\/?s={search_term_string}\"},\"query-input\":{\"@type\":\"PropertyValueSpecification\",\"valueRequired\":true,\"valueName\":\"search_term_string\"}}],\"inLanguage\":\"en-US\"}]}<\/script>\n<!-- \/ Yoast SEO plugin. -->","yoast_head_json":{"title":"Cump\u0103ra\u021bi AMB-FUBINACA - FUB-AMB - MMB-FUBINACA - Best Global Meds","description":"Cump\u0103ra\u021bi AMB-FUBINACA de dragul Regatului Unit, Europa (cunoscut \u0219i sub numele de FUB-AMB \u0219i MMB-FUBINACA) este un canabinoid sintetic pe baz\u0103 de indazol, care este un agonist puternic pentru receptorii canabinoizi, cu valori Ki de 10,04 nM la CB78 \u0219i 0,0M la CB786. CB2\u00a0\u0219i\u00a0EC50\u00a0valori de 0,5433\u00a0nM la CB1\u00a0\u0219i 0,1278\u00a0nM la CB2 \u0219i a fost v\u00e2ndut online ca medicament de design","robots":{"index":"index","follow":"follow","max-snippet":"max-snippet:-1","max-image-preview":"max-image-preview:large","max-video-preview":"max-video-preview:-1"},"canonical":"https:\/\/medicinasinc.com\/ro\/product\/cumpara-cu-fubinaca\/","og_locale":"en_US","og_type":"article","og_title":"Cump\u0103ra\u021bi AMB-FUBINACA - FUB-AMB - MMB-FUBINACA - Best Global Meds","og_description":"Cump\u0103ra\u021bi AMB-FUBINACA de dragul Regatului Unit, Europa (cunoscut \u0219i sub numele de FUB-AMB \u0219i MMB-FUBINACA) este un canabinoid sintetic pe baz\u0103 de indazol, care este un agonist puternic pentru receptorii canabinoizi, cu valori Ki de 10,04 nM la CB78 \u0219i 0,0M la CB786. CB2\u00a0\u0219i\u00a0EC50\u00a0valori de 0,5433\u00a0nM la CB1\u00a0\u0219i 0,1278\u00a0nM la CB2 \u0219i a fost v\u00e2ndut online ca medicament de design","og_url":"https:\/\/medicinasinc.com\/ro\/product\/cumpara-cu-fubinaca\/","og_site_name":"Medicinas Inc","article_modified_time":"2022-03-22T00:45:09+00:00","og_image":[{"width":400,"height":400,"url":"https:\/\/medicinasinc.com\/ro\/wp-content\/uploads\/sites\/11\/2022\/02\/Buy-AMB-FUBINACA.jpg","type":"image\/jpeg"}],"twitter_card":"summary_large_image","twitter_misc":{"Est. reading time":"1 minute"},"schema":{"@context":"https:\/\/schema.org","@graph":[{"@type":"WebPage","@id":"https:\/\/medicinasinc.com\/ro\/product\/cumpara-cu-fubinaca\/","url":"https:\/\/medicinasinc.com\/ro\/product\/cumpara-cu-fubinaca\/","name":"Cump\u0103ra\u021bi AMB-FUBINACA - FUB-AMB - MMB-FUBINACA - Best Global Meds","isPartOf":{"@id":"https:\/\/medicinasinc.com\/ro\/#website"},"primaryImageOfPage":{"@id":"https:\/\/medicinasinc.com\/ro\/product\/cumpara-cu-fubinaca\/#primaryimage"},"image":{"@id":"https:\/\/medicinasinc.com\/ro\/product\/cumpara-cu-fubinaca\/#primaryimage"},"thumbnailUrl":"https:\/\/medicinasinc.com\/ro\/wp-content\/uploads\/sites\/11\/2022\/02\/Buy-AMB-FUBINACA.jpg","datePublished":"2022-02-22T08:12:00+00:00","dateModified":"2022-03-22T00:45:09+00:00","description":"Cump\u0103ra\u021bi AMB-FUBINACA de dragul Regatului Unit, Europa (cunoscut \u0219i sub numele de FUB-AMB \u0219i MMB-FUBINACA) este un canabinoid sintetic pe baz\u0103 de indazol, care este un agonist puternic pentru receptorii canabinoizi, cu valori Ki de 10,04 nM la CB78 \u0219i 0,0M la CB786. CB2\u00a0\u0219i\u00a0EC50\u00a0valori de 0,5433\u00a0nM la CB1\u00a0\u0219i 0,1278\u00a0nM la CB2 \u0219i a fost v\u00e2ndut online ca medicament de design","breadcrumb":{"@id":"https:\/\/medicinasinc.com\/ro\/product\/cumpara-cu-fubinaca\/#breadcrumb"},"inLanguage":"en-US","potentialAction":[{"@type":"ReadAction","target":["https:\/\/medicinasinc.com\/ro\/product\/cumpara-cu-fubinaca\/"]}]},{"@type":"ImageObject","inLanguage":"en-US","@id":"https:\/\/medicinasinc.com\/ro\/product\/cumpara-cu-fubinaca\/#primaryimage","url":"https:\/\/medicinasinc.com\/ro\/wp-content\/uploads\/sites\/11\/2022\/02\/Buy-AMB-FUBINACA.jpg","contentUrl":"https:\/\/medicinasinc.com\/ro\/wp-content\/uploads\/sites\/11\/2022\/02\/Buy-AMB-FUBINACA.jpg","width":400,"height":400},{"@type":"BreadcrumbList","@id":"https:\/\/medicinasinc.com\/ro\/product\/cumpara-cu-fubinaca\/#breadcrumb","itemListElement":[{"@type":"ListItem","position":1,"name":"Magazin","item":"https:\/\/medicinasinc.com\/ro\/magazin\/"},{"@type":"ListItem","position":2,"name":"Cumpara AMB-FUBINACA"}]},{"@type":"WebSite","@id":"https:\/\/medicinasinc.com\/ro\/#website","url":"https:\/\/medicinasinc.com\/ro\/","name":"Medicinas Inc","description":"Health Medical Clinic","potentialAction":[{"@type":"SearchAction","target":{"@type":"EntryPoint","urlTemplate":"https:\/\/medicinasinc.com\/ro\/?s={search_term_string}"},"query-input":{"@type":"PropertyValueSpecification","valueRequired":true,"valueName":"search_term_string"}}],"inLanguage":"en-US"}]}},"_links":{"self":[{"href":"https:\/\/medicinasinc.com\/ro\/wp-json\/wp\/v2\/product\/5906","targetHints":{"allow":["GET"]}}],"collection":[{"href":"https:\/\/medicinasinc.com\/ro\/wp-json\/wp\/v2\/product"}],"about":[{"href":"https:\/\/medicinasinc.com\/ro\/wp-json\/wp\/v2\/types\/product"}],"replies":[{"embeddable":true,"href":"https:\/\/medicinasinc.com\/ro\/wp-json\/wp\/v2\/comments?post=5906"}],"wp:featuredmedia":[{"embeddable":true,"href":"https:\/\/medicinasinc.com\/ro\/wp-json\/wp\/v2\/media\/5936"}],"wp:attachment":[{"href":"https:\/\/medicinasinc.com\/ro\/wp-json\/wp\/v2\/media?parent=5906"}],"wp:term":[{"taxonomy":"product_brand","embeddable":true,"href":"https:\/\/medicinasinc.com\/ro\/wp-json\/wp\/v2\/product_brand?post=5906"},{"taxonomy":"product_cat","embeddable":true,"href":"https:\/\/medicinasinc.com\/ro\/wp-json\/wp\/v2\/product_cat?post=5906"},{"taxonomy":"product_tag","embeddable":true,"href":"https:\/\/medicinasinc.com\/ro\/wp-json\/wp\/v2\/product_tag?post=5906"}],"curies":[{"name":"wp","href":"https:\/\/api.w.org\/{rel}","templated":true}]}}