{"id":5897,"date":"2022-02-22T08:07:13","date_gmt":"2022-02-22T08:07:13","guid":{"rendered":"https:\/\/medicinasinc.com\/ro\/?post_type=product&#038;p=5897"},"modified":"2022-03-22T00:45:29","modified_gmt":"2022-03-22T00:45:29","slug":"cumpara-5c-akb48","status":"publish","type":"product","link":"https:\/\/medicinasinc.com\/ro\/product\/cumpara-5c-akb48\/","title":{"rendered":"Cump\u0103ra\u021bi 5C-AKB48"},"content":{"rendered":"<p>Care este codul 5C-AKB48?<\/p>\n<p>5C-AKB48 este un canabinoid sintetic care apar\u021bine clasei indazol carboxamide. Este analogul 5-cloro al 5F-AKB48 (denumit adesea AKB48, 5F-APINACA sau 5F-AKB48), cel mai cunoscut canabinoid sintetic descoperit \u00een Coreea de Sud.<\/p>\n<p>Cel mai mare retailer din Europa. de pulbere 5C-AKB48.<\/p>\n<p>5C-AKB48 poate fi achizi\u021bionat online folosind Bitcoin. 5C-AKB48 este o versiune mai puternic\u0103 a AKB-48 care opereaz\u0103 pe receptorii canabinoizi.<\/p>\n<p>5C-AKB48 se pretinde c\u0103 are efecte similare, dar mai puternice, dec\u00e2t 5F-AKB48 \u0219i, ca to\u021bi canabinoizii sintetici, are o afinitate mare pentru receptorii CB1 \u0219i CB2.<\/p>\n<p>Caracteristici chimice 5C-AKB48<\/p>\n<p>C23H30CIN3O<\/p>\n<p>N- (adamantan-1-il)<\/p>\n<p> p&gt; <\/p>\n<p>-1-(5-clorpentil)-1H-indazol<\/p>\n<p>-3-carboxamid\u0103<\/p>\n<p>Greutate molecular\u0103: 400,00 g\/mol<\/p>\n<p>Puritate : mai mult de 98 la sut\u0103<\/p>\n<p>5C-AKB48 este un canabinoid sintetic apar\u021bin\u00e2nd familiei indazol-3-carboxamide. \u00cemp\u0103rt\u0103\u0219e\u0219te caracteristici moleculare similare cu 5F-ABD. Ca \u0219i \u00een cazul multor canabinoizi, are o afinitate mare pentru receptorii CB1 \u0219i CB2, ceea ce contribuie la caracteristicile sale euforice. A\u0219a cum este cazul majorit\u0103\u021bii canabinoizilor, este insolubil \u00een ap\u0103 \u0219i stabil la temperatura camerei. A\u0219a cum este cazul majorit\u0103\u021bii canabinoizilor, 5C-AKB48 are un poten\u021bial semnificativ de utilizare ca analgezic \u0219i stimulator al apetitului. De\u0219i nu au fost efectuate studii pe oameni, este rezonabil s\u0103 presupunem c\u0103 5C-AKB48 are acelea\u0219i efecte canabinoide sintetice ca \u0219i alte substan\u021be chimice din aceea\u0219i clas\u0103. Trebuie men\u021bionat c\u0103 profilul de siguran\u021b\u0103 al acestui medicament nu a fost evaluat temeinic \u0219i c\u0103 nu este destinat consumului uman.<\/p>\n<p>Care sunt efectele secundare probabile \u0219i m\u0103surile de precau\u021bie asociate cu 5C-AKB48?<\/p>\n<p>Efectele 5C-psihoactive AKB48 sunt comparabile cu cele ale altor canabinoizi naturali \u0219i sintetici, \u00een special 5F-ABD.<\/p>\n<p>Sedarea: Poate cel mai cunoscut efect al canabinoizilor, consumatorii raporteaz\u0103 un sentiment profund de calm \u0219i sc\u0103derea nivelului de energie \u00een urma consumului de 5C-AKB48.<\/p>\n<p>Reducerea inflama\u021biei: De milenii, canabinoizii naturali au fost folosi\u021bi pentru calit\u0103\u021bile lor antiinflamatorii. CBD (un canabinoid non-psihoactiv) a c\u00e2\u0219tigat recent popularitate ca calmant al durerii \u0219i al inflama\u021biei. De\u0219i nu au fost efectuate studii oficiale, este rezonabil s\u0103 presupunem c\u0103 5C-AKB48 posed\u0103 propriet\u0103\u021bi antiinflamatorii asociate cu canabinoizi.<\/p>\n<p>Caracteristici anti-grea\u021b\u0103 \u0219i emetice: canabinoizii au propriet\u0103\u021bi anti-grea\u021b\u0103 \u0219i emetice care au fost observate clinic de mul\u021bi ani [1], cu medicamente prescrise \u00een mod obi\u0219nuit, cum ar fi Marinol, syndros \u0219i Nabilone, care con\u021bin canabinoizi sintetici.<\/p>\n<p>Canabinoizii au fost recunoscu\u021bi de mult\u0103 vreme pentru capacitatea lor de a reduce semnificativ severitatea migrenei \u0219i dureri de cap cronice la om [2]. Din p\u0103cate, nu au fost efectuate studii controlate privind utilitatea 5C-AKB48 \u00een tratamentul durerilor de cap \u0219i exist\u0103 doar c\u00e2teva rapoarte anecdotice.<\/p>\n<p>A\u0219a cum sa indicat anterior, nu a fost \u00eentreprins\u0103 nicio cercetare oficial\u0103 asupra 5C-AKB48. \u0219i, prin urmare, profilul s\u0103u de siguran\u021b\u0103 nu este clar \u00een acest moment. \u00cen ciuda absen\u021bei testelor, ne putem a\u0219tepta c\u0103 va prezenta efectele adverse tipice ale canabisului. Prin urmare, este esen\u021bial s\u0103 ne amintim c\u0103 5C-AKB48 este destinat exclusiv cercet\u0103rii \u0219i nu este destinat consumului uman. Nu ar trebui s\u0103 fie manipulat f\u0103r\u0103 utilizarea echipamentului de laborator adecvat, inclusiv protec\u021bie pentru ochi \u0219i m\u0103nu\u0219i.<\/p>\n<p>De unde pot cump\u0103ra?<\/p>\n<p>Chemical Planet este m\u00e2ndru s\u0103 ofere 5C- de cea mai \u00eenalt\u0103 calitate. AKB48 pe pia\u021b\u0103. Chemical Planet este, de asemenea, un furnizor de \u00eencredere num\u0103rul 1, oferind livrare rapid\u0103 \u0219i discret\u0103 \u00een mai multe locuri din \u00eentreaga lume.<\/p>\n<p>Pentru a cump\u0103ra 5C-AKB48, trebuie s\u0103 ave\u021bi cel pu\u021bin 18 ani \u0219i toate c\u0103r\u021bile de credit majore. precum si bitcoin sunt acceptate. Toate produsele, inclusiv 5C-AKB48, sunt destinate exclusiv cercet\u0103rii \u0219i nu sunt destinate consumului uman.<\/p>\n","protected":false},"excerpt":{"rendered":"<p>Cump\u0103ra\u021bi 5c-akb48 de v\u00e2nzare, en-gros 5c-akb48 UK, Comanda\u021bi 5cakb48 furnizor pentru Europa. 5c-akb48 este un canabinoid sintetic pe baz\u0103 de indazol care a fost v\u00e2ndut online ca medicament de design.<\/p>\n","protected":false},"featured_media":5928,"comment_status":"open","ping_status":"closed","template":"","meta":[],"product_brand":[],"product_cat":[2596],"product_tag":[4052,4053,4054,4055,4056,2600,4057,4058,2616,2615,4060,4061,4063,4064,4062,4065,4059],"class_list":{"0":"post-5897","1":"product","2":"type-product","3":"status-publish","4":"has-post-thumbnail","6":"product_cat-canabinoizi-de-vnzare","7":"product_tag-5c-akb48","8":"product_tag-5c-akb48-de-vnzare","9":"product_tag-5cakb48","10":"product_tag-5f-mdmb-2201-5f-mdmb-2201-cannabinoid","11":"product_tag-5f-mdmb-2201-psihonaut","12":"product_tag-5f-mdmb-2201","13":"product_tag-5f-mdmb-2201-cayman","14":"product_tag-5f-mdmb-2201-dozaj","15":"product_tag-5f-mdmb-2201-review","16":"product_tag-5f-mdmb-2201-reddit","17":"product_tag-5f-mdmb-2201-wiki","18":"product_tag-5fmdmb2201-5f-mdmb-2201-kannabinoid","19":"product_tag-cumprare-5c-akb48-online","20":"product_tag-cel-mai-bun-loc-de-cumprare-5c-akb48-online","21":"product_tag-cumpr-5c-akb48-online","22":"product_tag-unde-s-cumprai-5c-akb48-online","23":"product_tag-5f-mdmb-2201-recenzii","25":"first","26":"instock","27":"shipping-taxable","28":"purchasable","29":"product-type-variable"},"yoast_head":"<!-- This site is optimized with the Yoast SEO plugin v27.3 - https:\/\/yoast.com\/product\/yoast-seo-wordpress\/ -->\n<title>Cump\u0103ra\u021bi 5c-akb48 de la un furnizor de \u00eencredere - canabinoizi - cele mai bune medicamente globale<\/title>\n<meta name=\"description\" content=\"Cump\u0103ra\u021bi 5c-akb48 de v\u00e2nzare, en-gros 5c-akb48 UK, Comanda\u021bi 5cakb48 furnizor pentru Europa. 5c-akb48 este un canabinoid sintetic pe baz\u0103 de indazol care a fost v\u00e2ndut online ca medicament de design.\" \/>\n<meta name=\"robots\" content=\"index, follow, max-snippet:-1, max-image-preview:large, max-video-preview:-1\" \/>\n<link rel=\"canonical\" href=\"https:\/\/medicinasinc.com\/ro\/product\/cumpara-5c-akb48\/\" \/>\n<meta property=\"og:locale\" content=\"en_US\" \/>\n<meta property=\"og:type\" content=\"article\" \/>\n<meta property=\"og:title\" content=\"Cump\u0103ra\u021bi 5c-akb48 de la un furnizor de \u00eencredere - canabinoizi - cele mai bune medicamente globale\" \/>\n<meta property=\"og:description\" content=\"Cump\u0103ra\u021bi 5c-akb48 de v\u00e2nzare, en-gros 5c-akb48 UK, Comanda\u021bi 5cakb48 furnizor pentru Europa. 5c-akb48 este un canabinoid sintetic pe baz\u0103 de indazol care a fost v\u00e2ndut online ca medicament de design.\" \/>\n<meta property=\"og:url\" content=\"https:\/\/medicinasinc.com\/ro\/product\/cumpara-5c-akb48\/\" \/>\n<meta property=\"og:site_name\" content=\"Medicinas Inc\" \/>\n<meta property=\"article:modified_time\" content=\"2022-03-22T00:45:29+00:00\" \/>\n<meta property=\"og:image\" content=\"https:\/\/medicinasinc.com\/ro\/wp-content\/uploads\/sites\/11\/2022\/02\/Buy-5C-AKB48.png\" \/>\n\t<meta property=\"og:image:width\" content=\"500\" \/>\n\t<meta property=\"og:image:height\" content=\"500\" \/>\n\t<meta property=\"og:image:type\" content=\"image\/png\" \/>\n<meta name=\"twitter:card\" content=\"summary_large_image\" \/>\n<meta name=\"twitter:label1\" content=\"Est. reading time\" \/>\n\t<meta name=\"twitter:data1\" content=\"3 minutes\" \/>\n<script type=\"application\/ld+json\" class=\"yoast-schema-graph\">{\"@context\":\"https:\\\/\\\/schema.org\",\"@graph\":[{\"@type\":\"WebPage\",\"@id\":\"https:\\\/\\\/medicinasinc.com\\\/ro\\\/product\\\/cumpara-5c-akb48\\\/\",\"url\":\"https:\\\/\\\/medicinasinc.com\\\/ro\\\/product\\\/cumpara-5c-akb48\\\/\",\"name\":\"Cump\u0103ra\u021bi 5c-akb48 de la un furnizor de \u00eencredere - canabinoizi - cele mai bune medicamente globale\",\"isPartOf\":{\"@id\":\"https:\\\/\\\/medicinasinc.com\\\/ro\\\/#website\"},\"primaryImageOfPage\":{\"@id\":\"https:\\\/\\\/medicinasinc.com\\\/ro\\\/product\\\/cumpara-5c-akb48\\\/#primaryimage\"},\"image\":{\"@id\":\"https:\\\/\\\/medicinasinc.com\\\/ro\\\/product\\\/cumpara-5c-akb48\\\/#primaryimage\"},\"thumbnailUrl\":\"https:\\\/\\\/medicinasinc.com\\\/ro\\\/wp-content\\\/uploads\\\/sites\\\/11\\\/2022\\\/02\\\/Buy-5C-AKB48.png\",\"datePublished\":\"2022-02-22T08:07:13+00:00\",\"dateModified\":\"2022-03-22T00:45:29+00:00\",\"description\":\"Cump\u0103ra\u021bi 5c-akb48 de v\u00e2nzare, en-gros 5c-akb48 UK, Comanda\u021bi 5cakb48 furnizor pentru Europa. 5c-akb48 este un canabinoid sintetic pe baz\u0103 de indazol care a fost v\u00e2ndut online ca medicament de design.\",\"breadcrumb\":{\"@id\":\"https:\\\/\\\/medicinasinc.com\\\/ro\\\/product\\\/cumpara-5c-akb48\\\/#breadcrumb\"},\"inLanguage\":\"en-US\",\"potentialAction\":[{\"@type\":\"ReadAction\",\"target\":[\"https:\\\/\\\/medicinasinc.com\\\/ro\\\/product\\\/cumpara-5c-akb48\\\/\"]}]},{\"@type\":\"ImageObject\",\"inLanguage\":\"en-US\",\"@id\":\"https:\\\/\\\/medicinasinc.com\\\/ro\\\/product\\\/cumpara-5c-akb48\\\/#primaryimage\",\"url\":\"https:\\\/\\\/medicinasinc.com\\\/ro\\\/wp-content\\\/uploads\\\/sites\\\/11\\\/2022\\\/02\\\/Buy-5C-AKB48.png\",\"contentUrl\":\"https:\\\/\\\/medicinasinc.com\\\/ro\\\/wp-content\\\/uploads\\\/sites\\\/11\\\/2022\\\/02\\\/Buy-5C-AKB48.png\",\"width\":500,\"height\":500},{\"@type\":\"BreadcrumbList\",\"@id\":\"https:\\\/\\\/medicinasinc.com\\\/ro\\\/product\\\/cumpara-5c-akb48\\\/#breadcrumb\",\"itemListElement\":[{\"@type\":\"ListItem\",\"position\":1,\"name\":\"Magazin\",\"item\":\"https:\\\/\\\/medicinasinc.com\\\/ro\\\/magazin\\\/\"},{\"@type\":\"ListItem\",\"position\":2,\"name\":\"Cump\u0103ra\u021bi 5C-AKB48\"}]},{\"@type\":\"WebSite\",\"@id\":\"https:\\\/\\\/medicinasinc.com\\\/ro\\\/#website\",\"url\":\"https:\\\/\\\/medicinasinc.com\\\/ro\\\/\",\"name\":\"Medicinas Inc\",\"description\":\"Health Medical Clinic\",\"potentialAction\":[{\"@type\":\"SearchAction\",\"target\":{\"@type\":\"EntryPoint\",\"urlTemplate\":\"https:\\\/\\\/medicinasinc.com\\\/ro\\\/?s={search_term_string}\"},\"query-input\":{\"@type\":\"PropertyValueSpecification\",\"valueRequired\":true,\"valueName\":\"search_term_string\"}}],\"inLanguage\":\"en-US\"}]}<\/script>\n<!-- \/ Yoast SEO plugin. -->","yoast_head_json":{"title":"Cump\u0103ra\u021bi 5c-akb48 de la un furnizor de \u00eencredere - canabinoizi - cele mai bune medicamente globale","description":"Cump\u0103ra\u021bi 5c-akb48 de v\u00e2nzare, en-gros 5c-akb48 UK, Comanda\u021bi 5cakb48 furnizor pentru Europa. 5c-akb48 este un canabinoid sintetic pe baz\u0103 de indazol care a fost v\u00e2ndut online ca medicament de design.","robots":{"index":"index","follow":"follow","max-snippet":"max-snippet:-1","max-image-preview":"max-image-preview:large","max-video-preview":"max-video-preview:-1"},"canonical":"https:\/\/medicinasinc.com\/ro\/product\/cumpara-5c-akb48\/","og_locale":"en_US","og_type":"article","og_title":"Cump\u0103ra\u021bi 5c-akb48 de la un furnizor de \u00eencredere - canabinoizi - cele mai bune medicamente globale","og_description":"Cump\u0103ra\u021bi 5c-akb48 de v\u00e2nzare, en-gros 5c-akb48 UK, Comanda\u021bi 5cakb48 furnizor pentru Europa. 5c-akb48 este un canabinoid sintetic pe baz\u0103 de indazol care a fost v\u00e2ndut online ca medicament de design.","og_url":"https:\/\/medicinasinc.com\/ro\/product\/cumpara-5c-akb48\/","og_site_name":"Medicinas Inc","article_modified_time":"2022-03-22T00:45:29+00:00","og_image":[{"width":500,"height":500,"url":"https:\/\/medicinasinc.com\/ro\/wp-content\/uploads\/sites\/11\/2022\/02\/Buy-5C-AKB48.png","type":"image\/png"}],"twitter_card":"summary_large_image","twitter_misc":{"Est. reading time":"3 minutes"},"schema":{"@context":"https:\/\/schema.org","@graph":[{"@type":"WebPage","@id":"https:\/\/medicinasinc.com\/ro\/product\/cumpara-5c-akb48\/","url":"https:\/\/medicinasinc.com\/ro\/product\/cumpara-5c-akb48\/","name":"Cump\u0103ra\u021bi 5c-akb48 de la un furnizor de \u00eencredere - canabinoizi - cele mai bune medicamente globale","isPartOf":{"@id":"https:\/\/medicinasinc.com\/ro\/#website"},"primaryImageOfPage":{"@id":"https:\/\/medicinasinc.com\/ro\/product\/cumpara-5c-akb48\/#primaryimage"},"image":{"@id":"https:\/\/medicinasinc.com\/ro\/product\/cumpara-5c-akb48\/#primaryimage"},"thumbnailUrl":"https:\/\/medicinasinc.com\/ro\/wp-content\/uploads\/sites\/11\/2022\/02\/Buy-5C-AKB48.png","datePublished":"2022-02-22T08:07:13+00:00","dateModified":"2022-03-22T00:45:29+00:00","description":"Cump\u0103ra\u021bi 5c-akb48 de v\u00e2nzare, en-gros 5c-akb48 UK, Comanda\u021bi 5cakb48 furnizor pentru Europa. 5c-akb48 este un canabinoid sintetic pe baz\u0103 de indazol care a fost v\u00e2ndut online ca medicament de design.","breadcrumb":{"@id":"https:\/\/medicinasinc.com\/ro\/product\/cumpara-5c-akb48\/#breadcrumb"},"inLanguage":"en-US","potentialAction":[{"@type":"ReadAction","target":["https:\/\/medicinasinc.com\/ro\/product\/cumpara-5c-akb48\/"]}]},{"@type":"ImageObject","inLanguage":"en-US","@id":"https:\/\/medicinasinc.com\/ro\/product\/cumpara-5c-akb48\/#primaryimage","url":"https:\/\/medicinasinc.com\/ro\/wp-content\/uploads\/sites\/11\/2022\/02\/Buy-5C-AKB48.png","contentUrl":"https:\/\/medicinasinc.com\/ro\/wp-content\/uploads\/sites\/11\/2022\/02\/Buy-5C-AKB48.png","width":500,"height":500},{"@type":"BreadcrumbList","@id":"https:\/\/medicinasinc.com\/ro\/product\/cumpara-5c-akb48\/#breadcrumb","itemListElement":[{"@type":"ListItem","position":1,"name":"Magazin","item":"https:\/\/medicinasinc.com\/ro\/magazin\/"},{"@type":"ListItem","position":2,"name":"Cump\u0103ra\u021bi 5C-AKB48"}]},{"@type":"WebSite","@id":"https:\/\/medicinasinc.com\/ro\/#website","url":"https:\/\/medicinasinc.com\/ro\/","name":"Medicinas Inc","description":"Health Medical Clinic","potentialAction":[{"@type":"SearchAction","target":{"@type":"EntryPoint","urlTemplate":"https:\/\/medicinasinc.com\/ro\/?s={search_term_string}"},"query-input":{"@type":"PropertyValueSpecification","valueRequired":true,"valueName":"search_term_string"}}],"inLanguage":"en-US"}]}},"_links":{"self":[{"href":"https:\/\/medicinasinc.com\/ro\/wp-json\/wp\/v2\/product\/5897","targetHints":{"allow":["GET"]}}],"collection":[{"href":"https:\/\/medicinasinc.com\/ro\/wp-json\/wp\/v2\/product"}],"about":[{"href":"https:\/\/medicinasinc.com\/ro\/wp-json\/wp\/v2\/types\/product"}],"replies":[{"embeddable":true,"href":"https:\/\/medicinasinc.com\/ro\/wp-json\/wp\/v2\/comments?post=5897"}],"wp:featuredmedia":[{"embeddable":true,"href":"https:\/\/medicinasinc.com\/ro\/wp-json\/wp\/v2\/media\/5928"}],"wp:attachment":[{"href":"https:\/\/medicinasinc.com\/ro\/wp-json\/wp\/v2\/media?parent=5897"}],"wp:term":[{"taxonomy":"product_brand","embeddable":true,"href":"https:\/\/medicinasinc.com\/ro\/wp-json\/wp\/v2\/product_brand?post=5897"},{"taxonomy":"product_cat","embeddable":true,"href":"https:\/\/medicinasinc.com\/ro\/wp-json\/wp\/v2\/product_cat?post=5897"},{"taxonomy":"product_tag","embeddable":true,"href":"https:\/\/medicinasinc.com\/ro\/wp-json\/wp\/v2\/product_tag?post=5897"}],"curies":[{"name":"wp","href":"https:\/\/api.w.org\/{rel}","templated":true}]}}